{"id":354021,"date":"2025-09-10T12:13:13","date_gmt":"2025-09-10T10:13:13","guid":{"rendered":"https:\/\/srokacompany.com\/produit\/alu-rumpf-fuer-foil-carbon-elite-oder-solo\/"},"modified":"2025-09-10T12:13:13","modified_gmt":"2025-09-10T10:13:13","slug":"alu-rumpf-fuer-foil-carbon-elite-oder-solo","status":"publish","type":"product","link":"https:\/\/srokacompany.com\/de\/produkt\/alu-rumpf-fuer-foil-carbon-elite-oder-solo\/","title":{"rendered":"Alu-Rumpf f\u00fcr Foil Carbon Elite oder Solo"},"content":{"rendered":"<p>F\u00fcr Ihr Carbon-Foil Solo oder Elite sind die Aluminium-R\u00fcmpfe so konzipiert, dass sie sich Ihrem Fahrstil anpassen. Jede Gr\u00f6\u00dfe dient einem bestimmten Zweck: Ihnen mehr Stabilit\u00e4t oder Man\u00f6vrierf\u00e4higkeit zu verleihen. Ein l\u00e4ngerer Rumpf gibt Ihnen mehr Stabilit\u00e4t in der L\u00e4ngsachse. Umgekehrt macht ein 63-cm-Rumpf Ihr foil viel wendiger und reaktionsfreudiger, perfekt f\u00fcr enge Kurven und schnelle Richtungswechsel.   <\/p>\n","protected":false},"excerpt":{"rendered":"<p>F\u00fcr Ihr Carbon-Foil Solo oder Elite sind die Aluminium-R\u00fcmpfe so konzipiert, dass sie sich Ihrem Fahrstil anpassen. Jede Gr\u00f6\u00dfe hat einen bestimmten Zweck: Ihnen mehr Stabilit\u00e4t oder Man\u00f6vrierf\u00e4higkeit zu verleihen. Ein l\u00e4ngerer Rumpf gibt Ihnen mehr Stabilit\u00e4t in der L\u00e4ngsachse, ideal f\u00fcr Geschwindigkeit auf gerader Strecke. Umgekehrt macht ein 63-cm-Rumpf Ihr foil viel wendiger und reaktionsfreudiger, perfekt f\u00fcr enge Kurven und schnelle Richtungswechsel.   <\/p>\n","protected":false},"featured_media":353225,"template":"","meta":{"_acf_changed":false,"_uag_custom_page_level_css":""},"product_brand":[],"product_cat":[4218,3496,3868,3592,3591,3464],"product_tag":[],"class_list":{"0":"post-354021","1":"product","2":"type-product","3":"status-publish","4":"has-post-thumbnail","6":"product_cat-dockstart-zubehor","7":"product_cat-downwind-uha-reihe","8":"product_cat-sup-zubehor-foil","9":"product_cat-surf-zubehor-foil","10":"product_cat-zubehor-foil","11":"product_cat-zubehor-wing-foil","13":"first","14":"instock","15":"taxable","16":"shipping-taxable","17":"purchasable","18":"product-type-variable"},"acf":[],"yoast_head":"<!-- This site is optimized with the Yoast SEO plugin v27.4 - https:\/\/yoast.com\/product\/yoast-seo-wordpress\/ -->\n<title>Alu-Rumpf f\u00fcr Foil Carbon Elite oder Solo - SROKA Company<\/title>\n<meta name=\"description\" content=\"Entdecke den Aluminium-Rumpf f\u00fcr das Carbon Foil. Entwickelt f\u00fcr alle anspruchsvollen Rider. Ideal zum Springen: extreme Steifigkeit und Haltbarkeit.\" \/>\n<meta name=\"robots\" content=\"index, follow, max-snippet:-1, max-image-preview:large, max-video-preview:-1\" \/>\n<link rel=\"canonical\" href=\"https:\/\/srokacompany.com\/de\/produkt\/alu-rumpf-fuer-foil-carbon-elite-oder-solo\/\" \/>\n<meta property=\"og:locale\" content=\"de_DE\" \/>\n<meta property=\"og:type\" content=\"article\" \/>\n<meta property=\"og:title\" content=\"Alu-Rumpf f\u00fcr Foil Carbon Elite oder Solo - SROKA Company\" \/>\n<meta property=\"og:description\" content=\"Entdecke den Aluminium-Rumpf f\u00fcr das Carbon Foil. Entwickelt f\u00fcr alle anspruchsvollen Rider. Ideal zum Springen: extreme Steifigkeit und Haltbarkeit.\" \/>\n<meta property=\"og:url\" content=\"https:\/\/srokacompany.com\/de\/produkt\/alu-rumpf-fuer-foil-carbon-elite-oder-solo\/\" \/>\n<meta property=\"og:site_name\" content=\"SROKA Company\" \/>\n<meta property=\"article:publisher\" content=\"https:\/\/www.facebook.com\/srokawatersports\/\" \/>\n<meta property=\"og:image\" content=\"https:\/\/srokacompany.com\/wp-content\/uploads\/2025\/09\/blend300625153927.png\" \/>\n\t<meta property=\"og:image:width\" content=\"1365\" \/>\n\t<meta property=\"og:image:height\" content=\"1024\" \/>\n\t<meta property=\"og:image:type\" content=\"image\/png\" \/>\n<script type=\"application\/ld+json\" class=\"yoast-schema-graph\">{\"@context\":\"https:\\\/\\\/schema.org\",\"@graph\":[{\"@type\":\"WebPage\",\"@id\":\"https:\\\/\\\/srokacompany.com\\\/de\\\/produkt\\\/alu-rumpf-fuer-foil-carbon-elite-oder-solo\\\/\",\"url\":\"https:\\\/\\\/srokacompany.com\\\/de\\\/produkt\\\/alu-rumpf-fuer-foil-carbon-elite-oder-solo\\\/\",\"name\":\"Alu-Rumpf f\u00fcr Foil Carbon Elite oder Solo - SROKA Company\",\"isPartOf\":{\"@id\":\"https:\\\/\\\/srokacompany.com\\\/de\\\/#website\"},\"primaryImageOfPage\":{\"@id\":\"https:\\\/\\\/srokacompany.com\\\/de\\\/produkt\\\/alu-rumpf-fuer-foil-carbon-elite-oder-solo\\\/#primaryimage\"},\"image\":{\"@id\":\"https:\\\/\\\/srokacompany.com\\\/de\\\/produkt\\\/alu-rumpf-fuer-foil-carbon-elite-oder-solo\\\/#primaryimage\"},\"thumbnailUrl\":\"https:\\\/\\\/srokacompany.com\\\/wp-content\\\/uploads\\\/2025\\\/09\\\/blend300625153927.png\",\"datePublished\":\"2025-09-10T10:13:13+00:00\",\"description\":\"Entdecke den Aluminium-Rumpf f\u00fcr das Carbon Foil. Entwickelt f\u00fcr alle anspruchsvollen Rider. Ideal zum Springen: extreme Steifigkeit und Haltbarkeit.\",\"breadcrumb\":{\"@id\":\"https:\\\/\\\/srokacompany.com\\\/de\\\/produkt\\\/alu-rumpf-fuer-foil-carbon-elite-oder-solo\\\/#breadcrumb\"},\"inLanguage\":\"de\",\"potentialAction\":[{\"@type\":\"ReadAction\",\"target\":[\"https:\\\/\\\/srokacompany.com\\\/de\\\/produkt\\\/alu-rumpf-fuer-foil-carbon-elite-oder-solo\\\/\"]}]},{\"@type\":\"ImageObject\",\"inLanguage\":\"de\",\"@id\":\"https:\\\/\\\/srokacompany.com\\\/de\\\/produkt\\\/alu-rumpf-fuer-foil-carbon-elite-oder-solo\\\/#primaryimage\",\"url\":\"https:\\\/\\\/srokacompany.com\\\/wp-content\\\/uploads\\\/2025\\\/09\\\/blend300625153927.png\",\"contentUrl\":\"https:\\\/\\\/srokacompany.com\\\/wp-content\\\/uploads\\\/2025\\\/09\\\/blend300625153927.png\",\"width\":1365,\"height\":1024},{\"@type\":\"BreadcrumbList\",\"@id\":\"https:\\\/\\\/srokacompany.com\\\/de\\\/produkt\\\/alu-rumpf-fuer-foil-carbon-elite-oder-solo\\\/#breadcrumb\",\"itemListElement\":[{\"@type\":\"ListItem\",\"position\":1,\"name\":\"Accueil\",\"item\":\"https:\\\/\\\/srokacompany.com\\\/de\\\/\"},{\"@type\":\"ListItem\",\"position\":2,\"name\":\"Laden\",\"item\":\"https:\\\/\\\/srokacompany.com\\\/laden\\\/\"},{\"@type\":\"ListItem\",\"position\":3,\"name\":\"Alu-Rumpf f\u00fcr Foil Carbon Elite oder Solo\"}]},{\"@type\":\"WebSite\",\"@id\":\"https:\\\/\\\/srokacompany.com\\\/de\\\/#website\",\"url\":\"https:\\\/\\\/srokacompany.com\\\/de\\\/\",\"name\":\"SROKA Company\",\"description\":\"SUP, Kite, Foil, Wing\",\"publisher\":{\"@id\":\"https:\\\/\\\/srokacompany.com\\\/de\\\/#organization\"},\"potentialAction\":[{\"@type\":\"SearchAction\",\"target\":{\"@type\":\"EntryPoint\",\"urlTemplate\":\"https:\\\/\\\/srokacompany.com\\\/de\\\/?s={search_term_string}\"},\"query-input\":{\"@type\":\"PropertyValueSpecification\",\"valueRequired\":true,\"valueName\":\"search_term_string\"}}],\"inLanguage\":\"de\"},{\"@type\":\"Organization\",\"@id\":\"https:\\\/\\\/srokacompany.com\\\/de\\\/#organization\",\"name\":\"SROKACOMPANY\",\"alternateName\":\"SROKA\",\"url\":\"https:\\\/\\\/srokacompany.com\\\/de\\\/\",\"logo\":{\"@type\":\"ImageObject\",\"inLanguage\":\"de\",\"@id\":\"https:\\\/\\\/srokacompany.com\\\/de\\\/#\\\/schema\\\/logo\\\/image\\\/\",\"url\":\"https:\\\/\\\/srokacompany.com\\\/wp-content\\\/uploads\\\/2021\\\/01\\\/logo-sroka-black-transpa.png\",\"contentUrl\":\"https:\\\/\\\/srokacompany.com\\\/wp-content\\\/uploads\\\/2021\\\/01\\\/logo-sroka-black-transpa.png\",\"width\":1201,\"height\":342,\"caption\":\"SROKACOMPANY\"},\"image\":{\"@id\":\"https:\\\/\\\/srokacompany.com\\\/de\\\/#\\\/schema\\\/logo\\\/image\\\/\"},\"sameAs\":[\"https:\\\/\\\/www.facebook.com\\\/srokawatersports\\\/\",\"https:\\\/\\\/www.instagram.com\\\/srokawatersports\\\/\",\"https:\\\/\\\/www.youtube.com\\\/channel\\\/UCVLHHeaPIm-J5bdEUgxqtZA\"]}]}<\/script>\n<!-- \/ Yoast SEO plugin. -->","yoast_head_json":{"title":"Alu-Rumpf f\u00fcr Foil Carbon Elite oder Solo - SROKA Company","description":"Entdecke den Aluminium-Rumpf f\u00fcr das Carbon Foil. Entwickelt f\u00fcr alle anspruchsvollen Rider. Ideal zum Springen: extreme Steifigkeit und Haltbarkeit.","robots":{"index":"index","follow":"follow","max-snippet":"max-snippet:-1","max-image-preview":"max-image-preview:large","max-video-preview":"max-video-preview:-1"},"canonical":"https:\/\/srokacompany.com\/de\/produkt\/alu-rumpf-fuer-foil-carbon-elite-oder-solo\/","og_locale":"de_DE","og_type":"article","og_title":"Alu-Rumpf f\u00fcr Foil Carbon Elite oder Solo - SROKA Company","og_description":"Entdecke den Aluminium-Rumpf f\u00fcr das Carbon Foil. Entwickelt f\u00fcr alle anspruchsvollen Rider. Ideal zum Springen: extreme Steifigkeit und Haltbarkeit.","og_url":"https:\/\/srokacompany.com\/de\/produkt\/alu-rumpf-fuer-foil-carbon-elite-oder-solo\/","og_site_name":"SROKA Company","article_publisher":"https:\/\/www.facebook.com\/srokawatersports\/","og_image":[{"width":1365,"height":1024,"url":"https:\/\/srokacompany.com\/wp-content\/uploads\/2025\/09\/blend300625153927.png","type":"image\/png"}],"schema":{"@context":"https:\/\/schema.org","@graph":[{"@type":"WebPage","@id":"https:\/\/srokacompany.com\/de\/produkt\/alu-rumpf-fuer-foil-carbon-elite-oder-solo\/","url":"https:\/\/srokacompany.com\/de\/produkt\/alu-rumpf-fuer-foil-carbon-elite-oder-solo\/","name":"Alu-Rumpf f\u00fcr Foil Carbon Elite oder Solo - SROKA Company","isPartOf":{"@id":"https:\/\/srokacompany.com\/de\/#website"},"primaryImageOfPage":{"@id":"https:\/\/srokacompany.com\/de\/produkt\/alu-rumpf-fuer-foil-carbon-elite-oder-solo\/#primaryimage"},"image":{"@id":"https:\/\/srokacompany.com\/de\/produkt\/alu-rumpf-fuer-foil-carbon-elite-oder-solo\/#primaryimage"},"thumbnailUrl":"https:\/\/srokacompany.com\/wp-content\/uploads\/2025\/09\/blend300625153927.png","datePublished":"2025-09-10T10:13:13+00:00","description":"Entdecke den Aluminium-Rumpf f\u00fcr das Carbon Foil. Entwickelt f\u00fcr alle anspruchsvollen Rider. Ideal zum Springen: extreme Steifigkeit und Haltbarkeit.","breadcrumb":{"@id":"https:\/\/srokacompany.com\/de\/produkt\/alu-rumpf-fuer-foil-carbon-elite-oder-solo\/#breadcrumb"},"inLanguage":"de","potentialAction":[{"@type":"ReadAction","target":["https:\/\/srokacompany.com\/de\/produkt\/alu-rumpf-fuer-foil-carbon-elite-oder-solo\/"]}]},{"@type":"ImageObject","inLanguage":"de","@id":"https:\/\/srokacompany.com\/de\/produkt\/alu-rumpf-fuer-foil-carbon-elite-oder-solo\/#primaryimage","url":"https:\/\/srokacompany.com\/wp-content\/uploads\/2025\/09\/blend300625153927.png","contentUrl":"https:\/\/srokacompany.com\/wp-content\/uploads\/2025\/09\/blend300625153927.png","width":1365,"height":1024},{"@type":"BreadcrumbList","@id":"https:\/\/srokacompany.com\/de\/produkt\/alu-rumpf-fuer-foil-carbon-elite-oder-solo\/#breadcrumb","itemListElement":[{"@type":"ListItem","position":1,"name":"Accueil","item":"https:\/\/srokacompany.com\/de\/"},{"@type":"ListItem","position":2,"name":"Laden","item":"https:\/\/srokacompany.com\/laden\/"},{"@type":"ListItem","position":3,"name":"Alu-Rumpf f\u00fcr Foil Carbon Elite oder Solo"}]},{"@type":"WebSite","@id":"https:\/\/srokacompany.com\/de\/#website","url":"https:\/\/srokacompany.com\/de\/","name":"SROKA Company","description":"SUP, Kite, Foil, Wing","publisher":{"@id":"https:\/\/srokacompany.com\/de\/#organization"},"potentialAction":[{"@type":"SearchAction","target":{"@type":"EntryPoint","urlTemplate":"https:\/\/srokacompany.com\/de\/?s={search_term_string}"},"query-input":{"@type":"PropertyValueSpecification","valueRequired":true,"valueName":"search_term_string"}}],"inLanguage":"de"},{"@type":"Organization","@id":"https:\/\/srokacompany.com\/de\/#organization","name":"SROKACOMPANY","alternateName":"SROKA","url":"https:\/\/srokacompany.com\/de\/","logo":{"@type":"ImageObject","inLanguage":"de","@id":"https:\/\/srokacompany.com\/de\/#\/schema\/logo\/image\/","url":"https:\/\/srokacompany.com\/wp-content\/uploads\/2021\/01\/logo-sroka-black-transpa.png","contentUrl":"https:\/\/srokacompany.com\/wp-content\/uploads\/2021\/01\/logo-sroka-black-transpa.png","width":1201,"height":342,"caption":"SROKACOMPANY"},"image":{"@id":"https:\/\/srokacompany.com\/de\/#\/schema\/logo\/image\/"},"sameAs":["https:\/\/www.facebook.com\/srokawatersports\/","https:\/\/www.instagram.com\/srokawatersports\/","https:\/\/www.youtube.com\/channel\/UCVLHHeaPIm-J5bdEUgxqtZA"]}]}},"uagb_featured_image_src":{"full":["https:\/\/srokacompany.com\/wp-content\/uploads\/2025\/09\/blend300625153927.png",1365,1024,false],"thumbnail":["https:\/\/srokacompany.com\/wp-content\/uploads\/2025\/09\/blend300625153927-150x150.png",150,150,true],"medium":["https:\/\/srokacompany.com\/wp-content\/uploads\/2025\/09\/blend300625153927-300x225.png",300,225,true],"medium_large":["https:\/\/srokacompany.com\/wp-content\/uploads\/2025\/09\/blend300625153927-768x576.png",768,576,true],"large":["https:\/\/srokacompany.com\/wp-content\/uploads\/2025\/09\/blend300625153927-1024x768.png",1024,768,true],"1536x1536":["https:\/\/srokacompany.com\/wp-content\/uploads\/2025\/09\/blend300625153927.png",1365,1024,false],"2048x2048":["https:\/\/srokacompany.com\/wp-content\/uploads\/2025\/09\/blend300625153927.png",1365,1024,false],"woocommerce_thumbnail":["https:\/\/srokacompany.com\/wp-content\/uploads\/2025\/09\/blend300625153927-600x450.png",600,450,true],"woocommerce_single":["https:\/\/srokacompany.com\/wp-content\/uploads\/2025\/09\/blend300625153927-600x450.png",600,450,true],"woocommerce_gallery_thumbnail":["https:\/\/srokacompany.com\/wp-content\/uploads\/2025\/09\/blend300625153927-100x100.png",100,100,true],"dgwt-wcas-product-suggestion":["https:\/\/srokacompany.com\/wp-content\/uploads\/2025\/09\/blend300625153927-64x48.png",64,48,true]},"uagb_author_info":{"display_name":"Bruno Sroka","author_link":"https:\/\/srokacompany.com\/de\/blog\/author\/"},"uagb_comment_info":0,"uagb_excerpt":"F\u00fcr Ihr Carbon-Foil Solo oder Elite sind die Aluminium-R\u00fcmpfe so konzipiert, dass sie sich Ihrem Fahrstil anpassen. Jede Gr\u00f6\u00dfe hat einen bestimmten Zweck: Ihnen mehr Stabilit\u00e4t oder Man\u00f6vrierf\u00e4higkeit zu verleihen. Ein l\u00e4ngerer Rumpf gibt Ihnen mehr Stabilit\u00e4t in der L\u00e4ngsachse, ideal f\u00fcr Geschwindigkeit auf gerader Strecke. Umgekehrt macht ein 63-cm-Rumpf Ihr foil viel wendiger und&hellip;","jetpack_sharing_enabled":true,"_links":{"self":[{"href":"https:\/\/srokacompany.com\/de\/wp-json\/wp\/v2\/product\/354021","targetHints":{"allow":["GET"]}}],"collection":[{"href":"https:\/\/srokacompany.com\/de\/wp-json\/wp\/v2\/product"}],"about":[{"href":"https:\/\/srokacompany.com\/de\/wp-json\/wp\/v2\/types\/product"}],"wp:featuredmedia":[{"embeddable":true,"href":"https:\/\/srokacompany.com\/de\/wp-json\/wp\/v2\/media\/353225"}],"wp:attachment":[{"href":"https:\/\/srokacompany.com\/de\/wp-json\/wp\/v2\/media?parent=354021"}],"wp:term":[{"taxonomy":"product_brand","embeddable":true,"href":"https:\/\/srokacompany.com\/de\/wp-json\/wp\/v2\/product_brand?post=354021"},{"taxonomy":"product_cat","embeddable":true,"href":"https:\/\/srokacompany.com\/de\/wp-json\/wp\/v2\/product_cat?post=354021"},{"taxonomy":"product_tag","embeddable":true,"href":"https:\/\/srokacompany.com\/de\/wp-json\/wp\/v2\/product_tag?post=354021"}],"curies":[{"name":"wp","href":"https:\/\/api.w.org\/{rel}","templated":true}]}}