{"id":354592,"date":"2026-01-12T16:28:08","date_gmt":"2026-01-12T14:28:08","guid":{"rendered":"https:\/\/srokacompany.com\/produit\/vorderfluegel-progress-anfaenger-wing-foil\/"},"modified":"2026-01-15T10:15:37","modified_gmt":"2026-01-15T08:15:37","slug":"vorderfluegel-progress-anfaenger-wing-foil","status":"publish","type":"product","link":"https:\/\/srokacompany.com\/de\/produkt\/vorderfluegel-progress-anfaenger-wing-foil\/","title":{"rendered":"S-Foil Progress Frontfl\u00fcgel: Ideal f\u00fcr Anf\u00e4nger Wing Foil (1500-2200)"},"content":{"rendered":"<h3 data-path-to-node=\"9\">Sroka Progress Serie : Die neue Generation von Foil-Fl\u00fcgeln f\u00fcr Anf\u00e4nger und Fortgeschrittene im Wing foil.<\/h3>\n<p data-path-to-node=\"10\">Die <b data-path-to-node=\"10\" data-index-in-node=\"9\">Sroka Progress-Reihe<\/b> definiert das Erlernen des Foilens neu. Diese neue Generation von Vorderfl\u00fcgeln wurde als direkte Weiterentwicklung unserer klassischen Produktreihe konzipiert. Der Wing foil Vorderfl\u00fcgel erm\u00f6glicht einen leichten Einstieg und wurde komplett \u00fcberarbeitet, um den Anfangsstress zu beseitigen. Egal, ob Sie sich in der Einsteigerphase befinden oder bereits Fortschritte machen, die Frontfl\u00fcgelform &#8222;Progress&#8220; ist Ihr bester Verb\u00fcndeter, um leicht und ruhig zu fliegen und einen leichten Einstieg zu finden.<\/p>\n<h3 data-path-to-node=\"11\">Absolute Stabilit\u00e4t und garantierter Start<\/h3>\n<p data-path-to-node=\"12\">Unser vorrangiges Ziel: <b data-path-to-node=\"12\" data-index-in-node=\"32\">v\u00f6llige Stabilit\u00e4t<\/b>. Dank einer gro\u00dfz\u00fcgigen Sehne (gr\u00f6\u00dferer Abstand zwischen Vorder- und Hinterkante) und einer beruhigenden Spannweite bietet dieser Frontfl\u00fcgel sofortigen Auftrieb, um leicht mit Wing Foil zu starten.<\/p>\n<ul data-path-to-node=\"13\">\n<li>\n<p data-path-to-node=\"13,0,0\"><b data-path-to-node=\"13,0,0\" data-index-in-node=\"0\">Ultrapr\u00e4zisionsstart:<\/b> Fliege auch bei leichtem Wind mit sehr niedriger Geschwindigkeit.<\/p>\n<\/li>\n<li>\n<p data-path-to-node=\"13,1,0\"><b data-path-to-node=\"13,1,0\" data-index-in-node=\"0\">Rollkontrolle:<\/b> Der Flug ist vorhersehbar und begrenzt st\u00f6rende Bewegungen f\u00fcr eine ruhige Fluglage.<\/p>\n<\/li>\n<li>\n<p data-path-to-node=\"13,2,0\"><b data-path-to-node=\"13,2,0\" data-index-in-node=\"0\">Maximale Toleranz:<\/b> Seine Geometrie gleicht Fu\u00dffehlstellungen und abrupte Standwechsel aus.<\/p>\n<\/li>\n<\/ul>\n<h3 data-path-to-node=\"14\">Technische Verbesserungen: Warum \u00e4ndert die Progress-Reihe alles?<\/h3>\n<p data-path-to-node=\"15\">Im Vergleich zur alten klassischen Produktreihe bietet die <b data-path-to-node=\"15\" data-index-in-node=\"45\">Sroka Progress<\/b> Netto-Leistungssteigerungen:<\/p>\n<ul data-path-to-node=\"16\">\n<li>\n<p data-path-to-node=\"16,0,0\"><b data-path-to-node=\"16,0,0\" data-index-in-node=\"0\">Um 20% verfeinertes Profil:<\/b> Wir haben die Dicke reduziert, um den Luftwiderstand um 20% zu verringern. Das Ergebnis: eine h\u00f6here Vmax und ein deutlich verbessertes Gleiten (Glide). <\/p>\n<\/li>\n<li>\n<p data-path-to-node=\"16,1,0\"><b data-path-to-node=\"16,1,0\" data-index-in-node=\"0\">Bessere Verbindung:<\/b> Dieser Gleitgewinn erm\u00f6glicht es Ihnen, l\u00e4nger in der Luft zu bleiben, was das Erlernen von Halsen und Wenden erleichtert.<\/p>\n<\/li>\n<li>\n<p data-path-to-node=\"16,2,0\"><b data-path-to-node=\"16,2,0\" data-index-in-node=\"0\">Ultrakomplettes Sortiment:<\/b> Mit der Einf\u00fchrung der neuen <b data-path-to-node=\"16,2,0\" data-index-in-node=\"48\">Gr\u00f6\u00dfe XXXL 2200 cm\u00b2<\/b> k\u00f6nnen auch gr\u00f6\u00dfere Gr\u00f6\u00dfen m\u00fchelos abheben, selbst bei marginalen Windbedingungen.<\/p>\n<\/li>\n<\/ul>\n<h3 data-path-to-node=\"17\">Vielseitigkeit Wingfoil, Dockstart und SUP Foil<\/h3>\n<p data-path-to-node=\"18\">Dieser Frontfl\u00fcgel ist nicht nur beim Wingfoil leistungsstark. Seine Kraft und sein Auftrieb machen ihn zum idealen Werkzeug f\u00fcr : <\/p>\n<ol start=\"1\" data-path-to-node=\"19\">\n<li>\n<p data-path-to-node=\"19,0,0\"><b data-path-to-node=\"19,0,0\" data-index-in-node=\"0\">Der Dockstart:<\/b> Um das Pumpen mit einer stabilen Plattform zu erlernen.<\/p>\n<\/li>\n<li>\n<p data-path-to-node=\"19,1,0\"><b data-path-to-node=\"19,1,0\" data-index-in-node=\"0\">SUP Foil:<\/b> Um auch die kleinsten und weichsten Wellen zu erwischen.<\/p>\n<\/li>\n<li>\n<p data-path-to-node=\"19,2,0\"><b data-path-to-node=\"19,2,0\" data-index-in-node=\"0\">Bildung:<\/b> Die erste Wahl f\u00fcr Segelschulen, weil sie sicher ist und schnell Fortschritte macht.<\/p>\n<\/li>\n<\/ol>\n<h3 data-path-to-node=\"20\">Flugeigenschaften :<\/h3>\n<ul data-path-to-node=\"21\">\n<li>\n<p data-path-to-node=\"21,0,0\"><b data-path-to-node=\"21,0,0\" data-index-in-node=\"0\">Gef\u00fchl:<\/b> Flie\u00dfendes, ged\u00e4mpftes und intuitives Gleiten.<\/p>\n<\/li>\n<li>\n<p data-path-to-node=\"21,1,0\"><b data-path-to-node=\"21,1,0\" data-index-in-node=\"0\">Ziel:<\/b> Erlernen der Grundlagen des Fliegens und erfolgreiche \u00dcberg\u00e4nge ohne Frustration.<\/p>\n<\/li>\n<li>\n<p data-path-to-node=\"21,2,0\"><b data-path-to-node=\"21,2,0\" data-index-in-node=\"0\">Kompatibilit\u00e4t:<\/b> S-Foil Sroka \u00d6kosystem.<\/p>\n<\/li>\n<\/ul>\n","protected":false},"excerpt":{"rendered":"<p data-path-to-node=\"4\"><b data-path-to-node=\"4\" data-index-in-node=\"0\">Dominieren Sie Ihre ersten Fl\u00fcge mit dem Sroka Progress Frontfl\u00fcgel, der ultra-stabilen Weiterentwicklung unserer klassischen Produktreihe.<\/b> Diese neue Generation von Carbon-Fl\u00fcgeln wurde speziell f\u00fcr den Einstieg und das ruhige Vorw\u00e4rtskommen <b data-path-to-node=\"4\" data-index-in-node=\"178\">vor allem im Wingfoil<\/b> entwickelt und bietet <b data-path-to-node=\"4\" data-index-in-node=\"269\">absolute Stabilit\u00e4t<\/b> und einen <b data-path-to-node=\"4\" data-index-in-node=\"293\">sofortigen Start bei niedrigen Geschwindigkeiten<\/b>.<\/p>\n<p data-path-to-node=\"5\">Dank seines verfeinerten Profils (20% weniger Dicke) profitierst du von <b data-path-to-node=\"5\" data-index-in-node=\"74\">einem fl\u00fcssigen Gleiten mit 20% weniger Luftwiderstand<\/b>, was deine Transitions und die ersten Halsen erleichtert. Erh\u00e4ltlich von Gr\u00f6\u00dfe <b data-path-to-node=\"5\" data-index-in-node=\"192\">L (1500)<\/b> bis zum neuen <b data-path-to-node=\"5\" data-index-in-node=\"215\">XXXL (2200)<\/b> f\u00fcr gro\u00dfe Gr\u00f6\u00dfen, ist der Progress-Fl\u00fcgel die toleranteste und intuitivste Plattform, um jede Session ohne Stress erfolgreich zu absolvieren. <i data-path-to-node=\"4\" data-index-in-node=\"382\">Er ist mit allen S-Foil-R\u00fcmpfen von SROKA kompatibel.<\/i><\/p>\n<p data-path-to-node=\"5\"><strong>1500 -2000 und 2200 in Nachschub. 1750 auf Lager <\/strong><\/p>\n","protected":false},"featured_media":354800,"template":"","meta":{"_acf_changed":false,"_uag_custom_page_level_css":""},"product_brand":[],"product_cat":[3782,3440],"product_tag":[],"class_list":{"0":"post-354592","1":"product","2":"type-product","3":"status-publish","4":"has-post-thumbnail","6":"product_cat-alle-unsere-klassischen-flugel","7":"product_cat-flugel-wing-foil","8":"product_shipping_class-foil-komplett-oder-ersatzteile-wing-einheit","10":"first","11":"instock","12":"taxable","13":"shipping-taxable","14":"purchasable","15":"product-type-variable"},"acf":[],"yoast_head":"<!-- This site is optimized with the Yoast SEO plugin v27.4 - https:\/\/yoast.com\/product\/yoast-seo-wordpress\/ -->\n<title>Vorderfl\u00fcgel Wing Foil Anf\u00e4nger - Sroka Progress (Stabil &amp; Einfach)<\/title>\n<meta name=\"description\" content=\"Entdecke den Sroka Progress Frontfl\u00fcgel, der entwickelt wurde, um das Wing Foil leicht zu erlernen.+20% Gleitleistung, absolute Stabilit\u00e4t. Mit S-Foil kompatibel. Lieferung 24\/48 Stunden.\" \/>\n<meta name=\"robots\" content=\"index, follow, max-snippet:-1, max-image-preview:large, max-video-preview:-1\" \/>\n<link rel=\"canonical\" href=\"https:\/\/srokacompany.com\/de\/produkt\/vorderfluegel-progress-anfaenger-wing-foil\/\" \/>\n<meta property=\"og:locale\" content=\"de_DE\" \/>\n<meta property=\"og:type\" content=\"article\" \/>\n<meta property=\"og:title\" content=\"Vorderfl\u00fcgel Wing Foil Anf\u00e4nger - Sroka Progress (Stabil &amp; Einfach)\" \/>\n<meta property=\"og:description\" content=\"Entdecke den Sroka Progress Frontfl\u00fcgel, der entwickelt wurde, um das Wing Foil leicht zu erlernen.+20% Gleitleistung, absolute Stabilit\u00e4t. Mit S-Foil kompatibel. Lieferung 24\/48 Stunden.\" \/>\n<meta property=\"og:url\" content=\"https:\/\/srokacompany.com\/de\/produkt\/vorderfluegel-progress-anfaenger-wing-foil\/\" \/>\n<meta property=\"og:site_name\" content=\"SROKA Company\" \/>\n<meta property=\"article:publisher\" content=\"https:\/\/www.facebook.com\/srokawatersports\/\" \/>\n<meta property=\"article:modified_time\" content=\"2026-01-15T08:15:37+00:00\" \/>\n<meta property=\"og:image\" content=\"https:\/\/srokacompany.com\/wp-content\/uploads\/2025\/12\/SKY-RIDER-1-e1766133207520.png\" \/>\n\t<meta property=\"og:image:width\" content=\"361\" \/>\n\t<meta property=\"og:image:height\" content=\"400\" \/>\n\t<meta property=\"og:image:type\" content=\"image\/png\" \/>\n<meta name=\"twitter:label1\" content=\"Gesch\u00e4tzte Lesezeit\" \/>\n\t<meta name=\"twitter:data1\" content=\"2\u00a0Minuten\" \/>\n<script type=\"application\/ld+json\" class=\"yoast-schema-graph\">{\"@context\":\"https:\\\/\\\/schema.org\",\"@graph\":[{\"@type\":\"WebPage\",\"@id\":\"https:\\\/\\\/srokacompany.com\\\/de\\\/produkt\\\/vorderfluegel-progress-anfaenger-wing-foil\\\/\",\"url\":\"https:\\\/\\\/srokacompany.com\\\/de\\\/produkt\\\/vorderfluegel-progress-anfaenger-wing-foil\\\/\",\"name\":\"Vorderfl\u00fcgel Wing Foil Anf\u00e4nger - Sroka Progress (Stabil & Einfach)\",\"isPartOf\":{\"@id\":\"https:\\\/\\\/srokacompany.com\\\/de\\\/#website\"},\"primaryImageOfPage\":{\"@id\":\"https:\\\/\\\/srokacompany.com\\\/de\\\/produkt\\\/vorderfluegel-progress-anfaenger-wing-foil\\\/#primaryimage\"},\"image\":{\"@id\":\"https:\\\/\\\/srokacompany.com\\\/de\\\/produkt\\\/vorderfluegel-progress-anfaenger-wing-foil\\\/#primaryimage\"},\"thumbnailUrl\":\"https:\\\/\\\/srokacompany.com\\\/wp-content\\\/uploads\\\/2026\\\/01\\\/aile-avant-de-foil-gamme-progress-1.png\",\"datePublished\":\"2026-01-12T14:28:08+00:00\",\"dateModified\":\"2026-01-15T08:15:37+00:00\",\"description\":\"Entdecke den Sroka Progress Frontfl\u00fcgel, der entwickelt wurde, um das Wing Foil leicht zu erlernen.+20% Gleitleistung, absolute Stabilit\u00e4t. Mit S-Foil kompatibel. Lieferung 24\\\/48 Stunden.\",\"breadcrumb\":{\"@id\":\"https:\\\/\\\/srokacompany.com\\\/de\\\/produkt\\\/vorderfluegel-progress-anfaenger-wing-foil\\\/#breadcrumb\"},\"inLanguage\":\"de\",\"potentialAction\":[{\"@type\":\"ReadAction\",\"target\":[\"https:\\\/\\\/srokacompany.com\\\/de\\\/produkt\\\/vorderfluegel-progress-anfaenger-wing-foil\\\/\"]}]},{\"@type\":\"ImageObject\",\"inLanguage\":\"de\",\"@id\":\"https:\\\/\\\/srokacompany.com\\\/de\\\/produkt\\\/vorderfluegel-progress-anfaenger-wing-foil\\\/#primaryimage\",\"url\":\"https:\\\/\\\/srokacompany.com\\\/wp-content\\\/uploads\\\/2026\\\/01\\\/aile-avant-de-foil-gamme-progress-1.png\",\"contentUrl\":\"https:\\\/\\\/srokacompany.com\\\/wp-content\\\/uploads\\\/2026\\\/01\\\/aile-avant-de-foil-gamme-progress-1.png\",\"width\":587,\"height\":587,\"caption\":\"Comparatif tailles ailettes Sroka Progress 1500, 1750, 2000 et 2200 cm2\"},{\"@type\":\"BreadcrumbList\",\"@id\":\"https:\\\/\\\/srokacompany.com\\\/de\\\/produkt\\\/vorderfluegel-progress-anfaenger-wing-foil\\\/#breadcrumb\",\"itemListElement\":[{\"@type\":\"ListItem\",\"position\":1,\"name\":\"Accueil\",\"item\":\"https:\\\/\\\/srokacompany.com\\\/de\\\/\"},{\"@type\":\"ListItem\",\"position\":2,\"name\":\"Laden\",\"item\":\"https:\\\/\\\/srokacompany.com\\\/laden\\\/\"},{\"@type\":\"ListItem\",\"position\":3,\"name\":\"S-Foil Progress Frontfl\u00fcgel: Ideal f\u00fcr Anf\u00e4nger Wing Foil (1500-2200)\"}]},{\"@type\":\"WebSite\",\"@id\":\"https:\\\/\\\/srokacompany.com\\\/de\\\/#website\",\"url\":\"https:\\\/\\\/srokacompany.com\\\/de\\\/\",\"name\":\"SROKA Company\",\"description\":\"SUP, Kite, Foil, Wing\",\"publisher\":{\"@id\":\"https:\\\/\\\/srokacompany.com\\\/de\\\/#organization\"},\"potentialAction\":[{\"@type\":\"SearchAction\",\"target\":{\"@type\":\"EntryPoint\",\"urlTemplate\":\"https:\\\/\\\/srokacompany.com\\\/de\\\/?s={search_term_string}\"},\"query-input\":{\"@type\":\"PropertyValueSpecification\",\"valueRequired\":true,\"valueName\":\"search_term_string\"}}],\"inLanguage\":\"de\"},{\"@type\":\"Organization\",\"@id\":\"https:\\\/\\\/srokacompany.com\\\/de\\\/#organization\",\"name\":\"SROKACOMPANY\",\"alternateName\":\"SROKA\",\"url\":\"https:\\\/\\\/srokacompany.com\\\/de\\\/\",\"logo\":{\"@type\":\"ImageObject\",\"inLanguage\":\"de\",\"@id\":\"https:\\\/\\\/srokacompany.com\\\/de\\\/#\\\/schema\\\/logo\\\/image\\\/\",\"url\":\"https:\\\/\\\/srokacompany.com\\\/wp-content\\\/uploads\\\/2021\\\/01\\\/logo-sroka-black-transpa.png\",\"contentUrl\":\"https:\\\/\\\/srokacompany.com\\\/wp-content\\\/uploads\\\/2021\\\/01\\\/logo-sroka-black-transpa.png\",\"width\":1201,\"height\":342,\"caption\":\"SROKACOMPANY\"},\"image\":{\"@id\":\"https:\\\/\\\/srokacompany.com\\\/de\\\/#\\\/schema\\\/logo\\\/image\\\/\"},\"sameAs\":[\"https:\\\/\\\/www.facebook.com\\\/srokawatersports\\\/\",\"https:\\\/\\\/www.instagram.com\\\/srokawatersports\\\/\",\"https:\\\/\\\/www.youtube.com\\\/channel\\\/UCVLHHeaPIm-J5bdEUgxqtZA\"]}]}<\/script>\n<!-- \/ Yoast SEO plugin. -->","yoast_head_json":{"title":"Vorderfl\u00fcgel Wing Foil Anf\u00e4nger - Sroka Progress (Stabil & Einfach)","description":"Entdecke den Sroka Progress Frontfl\u00fcgel, der entwickelt wurde, um das Wing Foil leicht zu erlernen.+20% Gleitleistung, absolute Stabilit\u00e4t. Mit S-Foil kompatibel. Lieferung 24\/48 Stunden.","robots":{"index":"index","follow":"follow","max-snippet":"max-snippet:-1","max-image-preview":"max-image-preview:large","max-video-preview":"max-video-preview:-1"},"canonical":"https:\/\/srokacompany.com\/de\/produkt\/vorderfluegel-progress-anfaenger-wing-foil\/","og_locale":"de_DE","og_type":"article","og_title":"Vorderfl\u00fcgel Wing Foil Anf\u00e4nger - Sroka Progress (Stabil & Einfach)","og_description":"Entdecke den Sroka Progress Frontfl\u00fcgel, der entwickelt wurde, um das Wing Foil leicht zu erlernen.+20% Gleitleistung, absolute Stabilit\u00e4t. Mit S-Foil kompatibel. Lieferung 24\/48 Stunden.","og_url":"https:\/\/srokacompany.com\/de\/produkt\/vorderfluegel-progress-anfaenger-wing-foil\/","og_site_name":"SROKA Company","article_publisher":"https:\/\/www.facebook.com\/srokawatersports\/","article_modified_time":"2026-01-15T08:15:37+00:00","og_image":[{"width":361,"height":400,"url":"https:\/\/srokacompany.com\/wp-content\/uploads\/2025\/12\/SKY-RIDER-1-e1766133207520.png","type":"image\/png"}],"twitter_misc":{"Gesch\u00e4tzte Lesezeit":"2\u00a0Minuten"},"schema":{"@context":"https:\/\/schema.org","@graph":[{"@type":"WebPage","@id":"https:\/\/srokacompany.com\/de\/produkt\/vorderfluegel-progress-anfaenger-wing-foil\/","url":"https:\/\/srokacompany.com\/de\/produkt\/vorderfluegel-progress-anfaenger-wing-foil\/","name":"Vorderfl\u00fcgel Wing Foil Anf\u00e4nger - Sroka Progress (Stabil & Einfach)","isPartOf":{"@id":"https:\/\/srokacompany.com\/de\/#website"},"primaryImageOfPage":{"@id":"https:\/\/srokacompany.com\/de\/produkt\/vorderfluegel-progress-anfaenger-wing-foil\/#primaryimage"},"image":{"@id":"https:\/\/srokacompany.com\/de\/produkt\/vorderfluegel-progress-anfaenger-wing-foil\/#primaryimage"},"thumbnailUrl":"https:\/\/srokacompany.com\/wp-content\/uploads\/2026\/01\/aile-avant-de-foil-gamme-progress-1.png","datePublished":"2026-01-12T14:28:08+00:00","dateModified":"2026-01-15T08:15:37+00:00","description":"Entdecke den Sroka Progress Frontfl\u00fcgel, der entwickelt wurde, um das Wing Foil leicht zu erlernen.+20% Gleitleistung, absolute Stabilit\u00e4t. Mit S-Foil kompatibel. Lieferung 24\/48 Stunden.","breadcrumb":{"@id":"https:\/\/srokacompany.com\/de\/produkt\/vorderfluegel-progress-anfaenger-wing-foil\/#breadcrumb"},"inLanguage":"de","potentialAction":[{"@type":"ReadAction","target":["https:\/\/srokacompany.com\/de\/produkt\/vorderfluegel-progress-anfaenger-wing-foil\/"]}]},{"@type":"ImageObject","inLanguage":"de","@id":"https:\/\/srokacompany.com\/de\/produkt\/vorderfluegel-progress-anfaenger-wing-foil\/#primaryimage","url":"https:\/\/srokacompany.com\/wp-content\/uploads\/2026\/01\/aile-avant-de-foil-gamme-progress-1.png","contentUrl":"https:\/\/srokacompany.com\/wp-content\/uploads\/2026\/01\/aile-avant-de-foil-gamme-progress-1.png","width":587,"height":587,"caption":"Comparatif tailles ailettes Sroka Progress 1500, 1750, 2000 et 2200 cm2"},{"@type":"BreadcrumbList","@id":"https:\/\/srokacompany.com\/de\/produkt\/vorderfluegel-progress-anfaenger-wing-foil\/#breadcrumb","itemListElement":[{"@type":"ListItem","position":1,"name":"Accueil","item":"https:\/\/srokacompany.com\/de\/"},{"@type":"ListItem","position":2,"name":"Laden","item":"https:\/\/srokacompany.com\/laden\/"},{"@type":"ListItem","position":3,"name":"S-Foil Progress Frontfl\u00fcgel: Ideal f\u00fcr Anf\u00e4nger Wing Foil (1500-2200)"}]},{"@type":"WebSite","@id":"https:\/\/srokacompany.com\/de\/#website","url":"https:\/\/srokacompany.com\/de\/","name":"SROKA Company","description":"SUP, Kite, Foil, Wing","publisher":{"@id":"https:\/\/srokacompany.com\/de\/#organization"},"potentialAction":[{"@type":"SearchAction","target":{"@type":"EntryPoint","urlTemplate":"https:\/\/srokacompany.com\/de\/?s={search_term_string}"},"query-input":{"@type":"PropertyValueSpecification","valueRequired":true,"valueName":"search_term_string"}}],"inLanguage":"de"},{"@type":"Organization","@id":"https:\/\/srokacompany.com\/de\/#organization","name":"SROKACOMPANY","alternateName":"SROKA","url":"https:\/\/srokacompany.com\/de\/","logo":{"@type":"ImageObject","inLanguage":"de","@id":"https:\/\/srokacompany.com\/de\/#\/schema\/logo\/image\/","url":"https:\/\/srokacompany.com\/wp-content\/uploads\/2021\/01\/logo-sroka-black-transpa.png","contentUrl":"https:\/\/srokacompany.com\/wp-content\/uploads\/2021\/01\/logo-sroka-black-transpa.png","width":1201,"height":342,"caption":"SROKACOMPANY"},"image":{"@id":"https:\/\/srokacompany.com\/de\/#\/schema\/logo\/image\/"},"sameAs":["https:\/\/www.facebook.com\/srokawatersports\/","https:\/\/www.instagram.com\/srokawatersports\/","https:\/\/www.youtube.com\/channel\/UCVLHHeaPIm-J5bdEUgxqtZA"]}]}},"uagb_featured_image_src":{"full":["https:\/\/srokacompany.com\/wp-content\/uploads\/2026\/01\/aile-avant-de-foil-gamme-progress-1.png",587,587,false],"thumbnail":["https:\/\/srokacompany.com\/wp-content\/uploads\/2026\/01\/aile-avant-de-foil-gamme-progress-1-150x150.png",150,150,true],"medium":["https:\/\/srokacompany.com\/wp-content\/uploads\/2026\/01\/aile-avant-de-foil-gamme-progress-1-300x300.png",300,300,true],"medium_large":["https:\/\/srokacompany.com\/wp-content\/uploads\/2026\/01\/aile-avant-de-foil-gamme-progress-1.png",587,587,false],"large":["https:\/\/srokacompany.com\/wp-content\/uploads\/2026\/01\/aile-avant-de-foil-gamme-progress-1.png",587,587,false],"1536x1536":["https:\/\/srokacompany.com\/wp-content\/uploads\/2026\/01\/aile-avant-de-foil-gamme-progress-1.png",587,587,false],"2048x2048":["https:\/\/srokacompany.com\/wp-content\/uploads\/2026\/01\/aile-avant-de-foil-gamme-progress-1.png",587,587,false],"woocommerce_thumbnail":["https:\/\/srokacompany.com\/wp-content\/uploads\/2026\/01\/aile-avant-de-foil-gamme-progress-1.png",587,587,false],"woocommerce_single":["https:\/\/srokacompany.com\/wp-content\/uploads\/2026\/01\/aile-avant-de-foil-gamme-progress-1.png",587,587,false],"woocommerce_gallery_thumbnail":["https:\/\/srokacompany.com\/wp-content\/uploads\/2026\/01\/aile-avant-de-foil-gamme-progress-1-100x100.png",100,100,true],"dgwt-wcas-product-suggestion":["https:\/\/srokacompany.com\/wp-content\/uploads\/2026\/01\/aile-avant-de-foil-gamme-progress-1-64x64.png",64,64,true]},"uagb_author_info":{"display_name":"Bruno Sroka","author_link":"https:\/\/srokacompany.com\/de\/blog\/author\/"},"uagb_comment_info":0,"uagb_excerpt":"Dominieren Sie Ihre ersten Fl\u00fcge mit dem Sroka Progress Frontfl\u00fcgel, der ultra-stabilen Weiterentwicklung unserer klassischen Produktreihe. Diese neue Generation von Carbon-Fl\u00fcgeln wurde speziell f\u00fcr den Einstieg und das ruhige Vorw\u00e4rtskommen vor allem im Wingfoil entwickelt und bietet absolute Stabilit\u00e4t und einen sofortigen Start bei niedrigen Geschwindigkeiten. Dank seines verfeinerten Profils (20% weniger Dicke) profitierst du&hellip;","jetpack_sharing_enabled":true,"_links":{"self":[{"href":"https:\/\/srokacompany.com\/de\/wp-json\/wp\/v2\/product\/354592","targetHints":{"allow":["GET"]}}],"collection":[{"href":"https:\/\/srokacompany.com\/de\/wp-json\/wp\/v2\/product"}],"about":[{"href":"https:\/\/srokacompany.com\/de\/wp-json\/wp\/v2\/types\/product"}],"wp:featuredmedia":[{"embeddable":true,"href":"https:\/\/srokacompany.com\/de\/wp-json\/wp\/v2\/media\/354800"}],"wp:attachment":[{"href":"https:\/\/srokacompany.com\/de\/wp-json\/wp\/v2\/media?parent=354592"}],"wp:term":[{"taxonomy":"product_brand","embeddable":true,"href":"https:\/\/srokacompany.com\/de\/wp-json\/wp\/v2\/product_brand?post=354592"},{"taxonomy":"product_cat","embeddable":true,"href":"https:\/\/srokacompany.com\/de\/wp-json\/wp\/v2\/product_cat?post=354592"},{"taxonomy":"product_tag","embeddable":true,"href":"https:\/\/srokacompany.com\/de\/wp-json\/wp\/v2\/product_tag?post=354592"}],"curies":[{"name":"wp","href":"https:\/\/api.w.org\/{rel}","templated":true}]}}