{"id":354771,"date":"2026-01-23T11:18:45","date_gmt":"2026-01-23T09:18:45","guid":{"rendered":"https:\/\/srokacompany.com\/produit\/mid-lenght-brett-lw-v2\/"},"modified":"2026-02-04T19:07:26","modified_gmt":"2026-02-04T17:07:26","slug":"mid-lenght-brett-lw-v2","status":"publish","type":"product","link":"https:\/\/srokacompany.com\/de\/produkt\/mid-lenght-brett-lw-v2\/","title":{"rendered":"Mid-Lenght-Brett LW &#8211; V2"},"content":{"rendered":"<h3 data-path-to-node=\"8\"><strong>Wing foil Mid-Lenght Board: Die Light Wind Revolution?<\/strong><\/h3>\n<p data-path-to-node=\"9\">Das <b data-path-to-node=\"4,1,1,0\" data-index-in-node=\"4\">Wing foil Mid-Length<\/b> Elite LW <b data-path-to-node=\"4,1,1,0\" data-index-in-node=\"4\">Board<\/b> ist Srokas Antwort auf die Entwicklung des Marktes hin zu l\u00e4ngeren und schlankeren Shapes. Das <b data-path-to-node=\"9\" data-index-in-node=\"98\">Sroka Mid-Length V2<\/b> ist die <b data-path-to-node=\"9\" data-index-in-node=\"142\">High-Performance-Wahl<\/b> f\u00fcr anspruchsvolle Rider, die im Light Wind segeln wollen. Durch die Kombination der Rumpfgeschwindigkeit eines Downwind-Boards mit der Ergonomie eines klassischen Wing-Boards haben wir einen <b data-path-to-node=\"9\" data-index-in-node=\"315\">Light Wind Specialist<\/b> geschaffen, der zu extremen Leistungen f\u00e4hig ist.<\/p>\n<h3 data-path-to-node=\"10\"><b data-path-to-node=\"10\" data-index-in-node=\"0\">Eine unzerst\u00f6rbare Carbone Elite-Konstruktion.<\/b><\/h3>\n<p data-path-to-node=\"10\">Jedes Board wird aus <b data-path-to-node=\"10\" data-index-in-node=\"87\">Full Sandwich Carbon<\/b> gefertigt, einer Premium-Technologie, die maximale Steifigkeit garantiert. Im Gegensatz zu herk\u00f6mmlichen Konstruktionen erm\u00f6glicht das PVC\/Carbon-Sandwich der Elite-Reihe eine direkte \u00dcbertragung der Energie von deinen St\u00fctzen auf das foil. Diese Steifigkeit ist der Schl\u00fcssel, um effektiv zu pumpen und mit einer kleineren Finne abzuheben, was deine Geschwindigkeit und dein Flugvergn\u00fcgen erh\u00f6ht.<\/p>\n<p data-path-to-node=\"11\">Die <b data-path-to-node=\"11\" data-index-in-node=\"0\">Revolution der Seitenstabilit\u00e4t<\/b> Die gr\u00f6\u00dfte Neuerung des V2 ist seine optimierte Balance. Mit einem zus\u00e4tzlichen Zoll Breite (20&#8243; bis 23&#8243; je nach Modell) kommen wir den Bed\u00fcrfnissen von Intermediates und Experten entgegen, die bei rauer See fahren. Diese zus\u00e4tzliche Breite erleichtert das Aufsteigen auf den Knien und die Positionierung im rechten Winkel zur L\u00e4ngsachse, wodurch das Board bei rauen Bedingungen <b data-path-to-node=\"11\" data-index-in-node=\"405\">viel einfacher und intuitiver<\/b> wird, ohne auch nur ein Gramm an Startleistung zu verlieren.  <\/p>\n<p data-path-to-node=\"12\"><b data-path-to-node=\"12\" data-index-in-node=\"0\">Ein vielseitiger Quiver: Wing, SUP und Downwind<\/b> Dank seines Hybrid-Shape und seiner vier Gr\u00f6\u00dfen (5&#8217;4, 5&#8217;8, 6&#8217;0 und 6&#8217;4) ist dieses Board eine echte Multi-Support-Plattform. Es eignet sich hervorragend f\u00fcr <b data-path-to-node=\"12\" data-index-in-node=\"186\">Wing foil Light Wind<\/b>, aber seine au\u00dfergew\u00f6hnliche Gleitf\u00e4higkeit macht es auch zu einem gef\u00fcrchteten Verb\u00fcndeten f\u00fcr <b data-path-to-node=\"12\" data-index-in-node=\"285\">SUP Foil<\/b> und <b data-path-to-node=\"12\" data-index-in-node=\"300\">leichten Downwind<\/b>. Mit der mitgelieferten hochwertigen Tasche ist es bereit, dich zu allen Spots der Welt zu begleiten.  <\/p>\n<p><b data-path-to-node=\"16,0\" data-index-in-node=\"0\">Sroka-Fachwissen:<\/b> Als <b data-path-to-node=\"16,0\" data-index-in-node=\"30\">Light Wind Specialist<\/b> entwickelt die Sroka Company <b data-path-to-node=\"16,0\" data-index-in-node=\"88\">High-Performance-Shapes<\/b>, die die laminare Str\u00f6mung optimieren. Die Mid-Length V2-Serie (5&#8217;4 bis 6&#8217;4) ist das Ergebnis intensiver Tests, um die beste Effizienz auf dem weltweiten Wingfoil-Markt zu bieten.<\/p>\n<h3>Warum sollte man sich f\u00fcr das Wing foil Mid-Length Elite LW Board entscheiden?<\/h3>\n<p>Das <b data-path-to-node=\"7,1\" data-index-in-node=\"4\">Wing foil Mid-Length<\/b> Elite LW <b data-path-to-node=\"7,1\" data-index-in-node=\"4\">Board<\/b> wurde entwickelt, um deine Zeit auf dem Wasser zu maximieren. Dank seiner Full-Carbon-Konstruktion bietet dieses <b data-path-to-node=\"7,1\" data-index-in-node=\"135\">Wing foil Mid-Length Board<\/b> die perfekte Steifigkeit zum Pumpen. Um Ihre Leistung zu optimieren, empfehlen wir Ihnen, es mit einem unserer <a class=\"ng-star-inserted\" href=\"https:\/\/srokacompany.com\/eshop\/foils\/tous-les-foils-carbone\/\" target=\"_blank\" rel=\"noopener\">Sroka Carbon Foils<\/a> zu kombinieren. Du kannst dieses <b data-path-to-node=\"7,1\" data-index-in-node=\"349\">Wing foil Mid-Length Board<\/b> auch in Aktion auf unserem <a class=\"ng-star-inserted\" href=\"https:\/\/www.youtube.com\/@SrokaCompany\" target=\"_blank\" rel=\"noopener\">YouTube-Kanal Sroka Company<\/a> sehen.<\/p>\n","protected":false},"excerpt":{"rendered":"<p>Das <b data-path-to-node=\"4,0\" data-index-in-node=\"4\">Wing foil Mid-Length<\/b> Elite LW <b data-path-to-node=\"4,0\" data-index-in-node=\"4\">Board<\/b> ist der Spezialist f\u00fcr Leichtwind. Dank seines verl\u00e4ngerten Shape bietet dieses <b data-path-to-node=\"4,0\" data-index-in-node=\"109\">Wing foil Mid-Length Board<\/b> eine au\u00dfergew\u00f6hnliche Gleitf\u00e4higkeit, um fr\u00fcher als jeder andere herk\u00f6mmliche Schwimmer abzuheben.<\/p>\n<p><i data-path-to-node=\"8\" data-index-in-node=\"429\">Erh\u00e4ltlich in 4 Gr\u00f6\u00dfen: 5&#8217;4, 5&#8217;8, 6&#8217;0 und 6&#8217;4.  <\/i><span style=\"color: #ff0000;\"><em>(Diese ersten beiden Gr\u00f6\u00dfen, 5&#8217;4 und 5&#8217;8, sind das ganze Jahr \u00fcber auf Bestellung erh\u00e4ltlich, mit einer Vorlaufzeit von 40 Tagen. Die 6&#8217;0 sowie die LW-Version 6&#8217;4 f\u00fcr die Ultra-Light 6&#8217;4 sind auf Lager).<\/em><\/span><\/p>\n","protected":false},"featured_media":354683,"template":"","meta":{"_acf_changed":false,"_uag_custom_page_level_css":""},"product_brand":[],"product_cat":[3533,3531,3529,3453],"product_tag":[],"class_list":{"0":"post-354771","1":"product","2":"type-product","3":"status-publish","4":"has-post-thumbnail","6":"product_cat-brett-elite-reihe","7":"product_cat-bretter-wing-foil-zum-besten-preis","8":"product_cat-elite-de","9":"product_cat-wing-foil-de","10":"product_shipping_class-hartes-brett-2025","12":"first","13":"instock","14":"taxable","15":"shipping-taxable","16":"purchasable","17":"product-type-variable"},"acf":[],"yoast_head":"<!-- This site is optimized with the Yoast SEO plugin v27.4 - https:\/\/yoast.com\/product\/yoast-seo-wordpress\/ -->\n<title>Wing foil Mid-Length Board | Sroka Elite LW | Gleiten &amp; Stabilit\u00e4t<\/title>\n<meta name=\"description\" content=\"Wing foil Mid-Length V2 High-Performance Mid-Length Board, ein echter Light Wind Specialist f\u00fcr den Fr\u00fchstart. Full Sandwich Carbon-Konstruktion.\" \/>\n<meta name=\"robots\" content=\"index, follow, max-snippet:-1, max-image-preview:large, max-video-preview:-1\" \/>\n<link rel=\"canonical\" href=\"https:\/\/srokacompany.com\/de\/produkt\/mid-lenght-brett-lw-v2\/\" \/>\n<meta property=\"og:locale\" content=\"de_DE\" \/>\n<meta property=\"og:type\" content=\"article\" \/>\n<meta property=\"og:title\" content=\"Wing foil Mid-Length Board | Sroka Elite LW | Gleiten &amp; Stabilit\u00e4t\" \/>\n<meta property=\"og:description\" content=\"Wing foil Mid-Length V2 High-Performance Mid-Length Board, ein echter Light Wind Specialist f\u00fcr den Fr\u00fchstart. Full Sandwich Carbon-Konstruktion.\" \/>\n<meta property=\"og:url\" content=\"https:\/\/srokacompany.com\/de\/produkt\/mid-lenght-brett-lw-v2\/\" \/>\n<meta property=\"og:site_name\" content=\"SROKA Company\" \/>\n<meta property=\"article:publisher\" content=\"https:\/\/www.facebook.com\/srokawatersports\/\" \/>\n<meta property=\"article:modified_time\" content=\"2026-02-04T17:07:26+00:00\" \/>\n<meta property=\"og:image\" content=\"https:\/\/srokacompany.com\/wp-content\/uploads\/2026\/01\/LW-Mid-lenght-wing-foil-SROKA-High-performance.png\" \/>\n\t<meta property=\"og:image:width\" content=\"1612\" \/>\n\t<meta property=\"og:image:height\" content=\"1512\" \/>\n\t<meta property=\"og:image:type\" content=\"image\/png\" \/>\n<meta name=\"twitter:label1\" content=\"Gesch\u00e4tzte Lesezeit\" \/>\n\t<meta name=\"twitter:data1\" content=\"2\u00a0Minuten\" \/>\n<script type=\"application\/ld+json\" class=\"yoast-schema-graph\">{\"@context\":\"https:\\\/\\\/schema.org\",\"@graph\":[{\"@type\":\"WebPage\",\"@id\":\"https:\\\/\\\/srokacompany.com\\\/de\\\/produkt\\\/mid-lenght-brett-lw-v2\\\/\",\"url\":\"https:\\\/\\\/srokacompany.com\\\/de\\\/produkt\\\/mid-lenght-brett-lw-v2\\\/\",\"name\":\"Wing foil Mid-Length Board | Sroka Elite LW | Gleiten & Stabilit\u00e4t\",\"isPartOf\":{\"@id\":\"https:\\\/\\\/srokacompany.com\\\/de\\\/#website\"},\"primaryImageOfPage\":{\"@id\":\"https:\\\/\\\/srokacompany.com\\\/de\\\/produkt\\\/mid-lenght-brett-lw-v2\\\/#primaryimage\"},\"image\":{\"@id\":\"https:\\\/\\\/srokacompany.com\\\/de\\\/produkt\\\/mid-lenght-brett-lw-v2\\\/#primaryimage\"},\"thumbnailUrl\":\"https:\\\/\\\/srokacompany.com\\\/wp-content\\\/uploads\\\/2026\\\/01\\\/LW-Mid-lenght-wing-foil-SROKA-High-performance.png\",\"datePublished\":\"2026-01-23T09:18:45+00:00\",\"dateModified\":\"2026-02-04T17:07:26+00:00\",\"description\":\"Wing foil Mid-Length V2 High-Performance Mid-Length Board, ein echter Light Wind Specialist f\u00fcr den Fr\u00fchstart. Full Sandwich Carbon-Konstruktion.\",\"breadcrumb\":{\"@id\":\"https:\\\/\\\/srokacompany.com\\\/de\\\/produkt\\\/mid-lenght-brett-lw-v2\\\/#breadcrumb\"},\"inLanguage\":\"de\",\"potentialAction\":[{\"@type\":\"ReadAction\",\"target\":[\"https:\\\/\\\/srokacompany.com\\\/de\\\/produkt\\\/mid-lenght-brett-lw-v2\\\/\"]}]},{\"@type\":\"ImageObject\",\"inLanguage\":\"de\",\"@id\":\"https:\\\/\\\/srokacompany.com\\\/de\\\/produkt\\\/mid-lenght-brett-lw-v2\\\/#primaryimage\",\"url\":\"https:\\\/\\\/srokacompany.com\\\/wp-content\\\/uploads\\\/2026\\\/01\\\/LW-Mid-lenght-wing-foil-SROKA-High-performance.png\",\"contentUrl\":\"https:\\\/\\\/srokacompany.com\\\/wp-content\\\/uploads\\\/2026\\\/01\\\/LW-Mid-lenght-wing-foil-SROKA-High-performance.png\",\"width\":1612,\"height\":1512,\"caption\":\"Board-wingfoil-mid-length-V2-Sroka-carbone-6-4, detail-shape-mid-length-V2-high-performance\"},{\"@type\":\"BreadcrumbList\",\"@id\":\"https:\\\/\\\/srokacompany.com\\\/de\\\/produkt\\\/mid-lenght-brett-lw-v2\\\/#breadcrumb\",\"itemListElement\":[{\"@type\":\"ListItem\",\"position\":1,\"name\":\"Accueil\",\"item\":\"https:\\\/\\\/srokacompany.com\\\/de\\\/\"},{\"@type\":\"ListItem\",\"position\":2,\"name\":\"Laden\",\"item\":\"https:\\\/\\\/srokacompany.com\\\/laden\\\/\"},{\"@type\":\"ListItem\",\"position\":3,\"name\":\"Mid-Lenght-Brett LW &#8211; V2\"}]},{\"@type\":\"WebSite\",\"@id\":\"https:\\\/\\\/srokacompany.com\\\/de\\\/#website\",\"url\":\"https:\\\/\\\/srokacompany.com\\\/de\\\/\",\"name\":\"SROKA Company\",\"description\":\"SUP, Kite, Foil, Wing\",\"publisher\":{\"@id\":\"https:\\\/\\\/srokacompany.com\\\/de\\\/#organization\"},\"potentialAction\":[{\"@type\":\"SearchAction\",\"target\":{\"@type\":\"EntryPoint\",\"urlTemplate\":\"https:\\\/\\\/srokacompany.com\\\/de\\\/?s={search_term_string}\"},\"query-input\":{\"@type\":\"PropertyValueSpecification\",\"valueRequired\":true,\"valueName\":\"search_term_string\"}}],\"inLanguage\":\"de\"},{\"@type\":\"Organization\",\"@id\":\"https:\\\/\\\/srokacompany.com\\\/de\\\/#organization\",\"name\":\"SROKACOMPANY\",\"alternateName\":\"SROKA\",\"url\":\"https:\\\/\\\/srokacompany.com\\\/de\\\/\",\"logo\":{\"@type\":\"ImageObject\",\"inLanguage\":\"de\",\"@id\":\"https:\\\/\\\/srokacompany.com\\\/de\\\/#\\\/schema\\\/logo\\\/image\\\/\",\"url\":\"https:\\\/\\\/srokacompany.com\\\/wp-content\\\/uploads\\\/2021\\\/01\\\/logo-sroka-black-transpa.png\",\"contentUrl\":\"https:\\\/\\\/srokacompany.com\\\/wp-content\\\/uploads\\\/2021\\\/01\\\/logo-sroka-black-transpa.png\",\"width\":1201,\"height\":342,\"caption\":\"SROKACOMPANY\"},\"image\":{\"@id\":\"https:\\\/\\\/srokacompany.com\\\/de\\\/#\\\/schema\\\/logo\\\/image\\\/\"},\"sameAs\":[\"https:\\\/\\\/www.facebook.com\\\/srokawatersports\\\/\",\"https:\\\/\\\/www.instagram.com\\\/srokawatersports\\\/\",\"https:\\\/\\\/www.youtube.com\\\/channel\\\/UCVLHHeaPIm-J5bdEUgxqtZA\"]}]}<\/script>\n<!-- \/ Yoast SEO plugin. -->","yoast_head_json":{"title":"Wing foil Mid-Length Board | Sroka Elite LW | Gleiten & Stabilit\u00e4t","description":"Wing foil Mid-Length V2 High-Performance Mid-Length Board, ein echter Light Wind Specialist f\u00fcr den Fr\u00fchstart. Full Sandwich Carbon-Konstruktion.","robots":{"index":"index","follow":"follow","max-snippet":"max-snippet:-1","max-image-preview":"max-image-preview:large","max-video-preview":"max-video-preview:-1"},"canonical":"https:\/\/srokacompany.com\/de\/produkt\/mid-lenght-brett-lw-v2\/","og_locale":"de_DE","og_type":"article","og_title":"Wing foil Mid-Length Board | Sroka Elite LW | Gleiten & Stabilit\u00e4t","og_description":"Wing foil Mid-Length V2 High-Performance Mid-Length Board, ein echter Light Wind Specialist f\u00fcr den Fr\u00fchstart. Full Sandwich Carbon-Konstruktion.","og_url":"https:\/\/srokacompany.com\/de\/produkt\/mid-lenght-brett-lw-v2\/","og_site_name":"SROKA Company","article_publisher":"https:\/\/www.facebook.com\/srokawatersports\/","article_modified_time":"2026-02-04T17:07:26+00:00","og_image":[{"width":1612,"height":1512,"url":"https:\/\/srokacompany.com\/wp-content\/uploads\/2026\/01\/LW-Mid-lenght-wing-foil-SROKA-High-performance.png","type":"image\/png"}],"twitter_misc":{"Gesch\u00e4tzte Lesezeit":"2\u00a0Minuten"},"schema":{"@context":"https:\/\/schema.org","@graph":[{"@type":"WebPage","@id":"https:\/\/srokacompany.com\/de\/produkt\/mid-lenght-brett-lw-v2\/","url":"https:\/\/srokacompany.com\/de\/produkt\/mid-lenght-brett-lw-v2\/","name":"Wing foil Mid-Length Board | Sroka Elite LW | Gleiten & Stabilit\u00e4t","isPartOf":{"@id":"https:\/\/srokacompany.com\/de\/#website"},"primaryImageOfPage":{"@id":"https:\/\/srokacompany.com\/de\/produkt\/mid-lenght-brett-lw-v2\/#primaryimage"},"image":{"@id":"https:\/\/srokacompany.com\/de\/produkt\/mid-lenght-brett-lw-v2\/#primaryimage"},"thumbnailUrl":"https:\/\/srokacompany.com\/wp-content\/uploads\/2026\/01\/LW-Mid-lenght-wing-foil-SROKA-High-performance.png","datePublished":"2026-01-23T09:18:45+00:00","dateModified":"2026-02-04T17:07:26+00:00","description":"Wing foil Mid-Length V2 High-Performance Mid-Length Board, ein echter Light Wind Specialist f\u00fcr den Fr\u00fchstart. Full Sandwich Carbon-Konstruktion.","breadcrumb":{"@id":"https:\/\/srokacompany.com\/de\/produkt\/mid-lenght-brett-lw-v2\/#breadcrumb"},"inLanguage":"de","potentialAction":[{"@type":"ReadAction","target":["https:\/\/srokacompany.com\/de\/produkt\/mid-lenght-brett-lw-v2\/"]}]},{"@type":"ImageObject","inLanguage":"de","@id":"https:\/\/srokacompany.com\/de\/produkt\/mid-lenght-brett-lw-v2\/#primaryimage","url":"https:\/\/srokacompany.com\/wp-content\/uploads\/2026\/01\/LW-Mid-lenght-wing-foil-SROKA-High-performance.png","contentUrl":"https:\/\/srokacompany.com\/wp-content\/uploads\/2026\/01\/LW-Mid-lenght-wing-foil-SROKA-High-performance.png","width":1612,"height":1512,"caption":"Board-wingfoil-mid-length-V2-Sroka-carbone-6-4, detail-shape-mid-length-V2-high-performance"},{"@type":"BreadcrumbList","@id":"https:\/\/srokacompany.com\/de\/produkt\/mid-lenght-brett-lw-v2\/#breadcrumb","itemListElement":[{"@type":"ListItem","position":1,"name":"Accueil","item":"https:\/\/srokacompany.com\/de\/"},{"@type":"ListItem","position":2,"name":"Laden","item":"https:\/\/srokacompany.com\/laden\/"},{"@type":"ListItem","position":3,"name":"Mid-Lenght-Brett LW &#8211; V2"}]},{"@type":"WebSite","@id":"https:\/\/srokacompany.com\/de\/#website","url":"https:\/\/srokacompany.com\/de\/","name":"SROKA Company","description":"SUP, Kite, Foil, Wing","publisher":{"@id":"https:\/\/srokacompany.com\/de\/#organization"},"potentialAction":[{"@type":"SearchAction","target":{"@type":"EntryPoint","urlTemplate":"https:\/\/srokacompany.com\/de\/?s={search_term_string}"},"query-input":{"@type":"PropertyValueSpecification","valueRequired":true,"valueName":"search_term_string"}}],"inLanguage":"de"},{"@type":"Organization","@id":"https:\/\/srokacompany.com\/de\/#organization","name":"SROKACOMPANY","alternateName":"SROKA","url":"https:\/\/srokacompany.com\/de\/","logo":{"@type":"ImageObject","inLanguage":"de","@id":"https:\/\/srokacompany.com\/de\/#\/schema\/logo\/image\/","url":"https:\/\/srokacompany.com\/wp-content\/uploads\/2021\/01\/logo-sroka-black-transpa.png","contentUrl":"https:\/\/srokacompany.com\/wp-content\/uploads\/2021\/01\/logo-sroka-black-transpa.png","width":1201,"height":342,"caption":"SROKACOMPANY"},"image":{"@id":"https:\/\/srokacompany.com\/de\/#\/schema\/logo\/image\/"},"sameAs":["https:\/\/www.facebook.com\/srokawatersports\/","https:\/\/www.instagram.com\/srokawatersports\/","https:\/\/www.youtube.com\/channel\/UCVLHHeaPIm-J5bdEUgxqtZA"]}]}},"uagb_featured_image_src":{"full":["https:\/\/srokacompany.com\/wp-content\/uploads\/2026\/01\/LW-Mid-lenght-wing-foil-SROKA-High-performance.png",1612,1512,false],"thumbnail":["https:\/\/srokacompany.com\/wp-content\/uploads\/2026\/01\/LW-Mid-lenght-wing-foil-SROKA-High-performance-150x150.png",150,150,true],"medium":["https:\/\/srokacompany.com\/wp-content\/uploads\/2026\/01\/LW-Mid-lenght-wing-foil-SROKA-High-performance-300x281.png",300,281,true],"medium_large":["https:\/\/srokacompany.com\/wp-content\/uploads\/2026\/01\/LW-Mid-lenght-wing-foil-SROKA-High-performance-768x720.png",768,720,true],"large":["https:\/\/srokacompany.com\/wp-content\/uploads\/2026\/01\/LW-Mid-lenght-wing-foil-SROKA-High-performance-1024x960.png",1024,960,true],"1536x1536":["https:\/\/srokacompany.com\/wp-content\/uploads\/2026\/01\/LW-Mid-lenght-wing-foil-SROKA-High-performance-1536x1441.png",1536,1441,true],"2048x2048":["https:\/\/srokacompany.com\/wp-content\/uploads\/2026\/01\/LW-Mid-lenght-wing-foil-SROKA-High-performance.png",1612,1512,false],"woocommerce_thumbnail":["https:\/\/srokacompany.com\/wp-content\/uploads\/2026\/01\/LW-Mid-lenght-wing-foil-SROKA-High-performance-600x563.png",600,563,true],"woocommerce_single":["https:\/\/srokacompany.com\/wp-content\/uploads\/2026\/01\/LW-Mid-lenght-wing-foil-SROKA-High-performance-600x563.png",600,563,true],"woocommerce_gallery_thumbnail":["https:\/\/srokacompany.com\/wp-content\/uploads\/2026\/01\/LW-Mid-lenght-wing-foil-SROKA-High-performance-100x100.png",100,100,true],"dgwt-wcas-product-suggestion":["https:\/\/srokacompany.com\/wp-content\/uploads\/2026\/01\/LW-Mid-lenght-wing-foil-SROKA-High-performance-64x60.png",64,60,true]},"uagb_author_info":{"display_name":"Bruno Sroka","author_link":"https:\/\/srokacompany.com\/de\/blog\/author\/"},"uagb_comment_info":0,"uagb_excerpt":"Das Wing foil Mid-Length Elite LW Board ist der Spezialist f\u00fcr Leichtwind. Dank seines verl\u00e4ngerten Shape bietet dieses Wing foil Mid-Length Board eine au\u00dfergew\u00f6hnliche Gleitf\u00e4higkeit, um fr\u00fcher als jeder andere herk\u00f6mmliche Schwimmer abzuheben. Erh\u00e4ltlich in 4 Gr\u00f6\u00dfen: 5'4, 5'8, 6'0 und 6'4. (Diese ersten beiden Gr\u00f6\u00dfen, 5'4 und 5'8, sind das ganze Jahr \u00fcber auf&hellip;","jetpack_sharing_enabled":true,"_links":{"self":[{"href":"https:\/\/srokacompany.com\/de\/wp-json\/wp\/v2\/product\/354771","targetHints":{"allow":["GET"]}}],"collection":[{"href":"https:\/\/srokacompany.com\/de\/wp-json\/wp\/v2\/product"}],"about":[{"href":"https:\/\/srokacompany.com\/de\/wp-json\/wp\/v2\/types\/product"}],"wp:featuredmedia":[{"embeddable":true,"href":"https:\/\/srokacompany.com\/de\/wp-json\/wp\/v2\/media\/354683"}],"wp:attachment":[{"href":"https:\/\/srokacompany.com\/de\/wp-json\/wp\/v2\/media?parent=354771"}],"wp:term":[{"taxonomy":"product_brand","embeddable":true,"href":"https:\/\/srokacompany.com\/de\/wp-json\/wp\/v2\/product_brand?post=354771"},{"taxonomy":"product_cat","embeddable":true,"href":"https:\/\/srokacompany.com\/de\/wp-json\/wp\/v2\/product_cat?post=354771"},{"taxonomy":"product_tag","embeddable":true,"href":"https:\/\/srokacompany.com\/de\/wp-json\/wp\/v2\/product_tag?post=354771"}],"curies":[{"name":"wp","href":"https:\/\/api.w.org\/{rel}","templated":true}]}}