{"id":354829,"date":"2026-02-03T16:59:21","date_gmt":"2026-02-03T14:59:21","guid":{"rendered":"https:\/\/srokacompany.com\/produit\/fluegel-vorne-dw-900\/"},"modified":"2026-02-04T19:03:13","modified_gmt":"2026-02-04T17:03:13","slug":"fluegel-vorne-dw-900","status":"publish","type":"product","link":"https:\/\/srokacompany.com\/de\/produkt\/fluegel-vorne-dw-900\/","title":{"rendered":"Vorderfl\u00fcgel von foil DW 900"},"content":{"rendered":"<p class=\"p1\"><b>Der DW 900 Foil Front Wing wurde entwickelt, um ein unvergleichliches Gleiten in Downwind und Wing Foil zu erm\u00f6glichen.<\/b><\/p>\n<p class=\"p2\">Der<b>DW 900<\/b> setzt neue Ma\u00dfst\u00e4be f\u00fcr das Gleiten auf hoher See. Mit einem noch d\u00fcnneren Profil und einer optimierten Spannweite (Aspect Ratio von 14), um den Luftwiderstand zu minimieren, erm\u00f6glicht er einen fr\u00fchen Start und eine beeindruckende Durchschnitts- und Spitzengeschwindigkeit. Er ist die perfekte Ausr\u00fcstung, um jede noch so kleine Welle in einen endlosen Flug zu verwandeln.  <\/p>\n<h3 class=\"p3\"><b>Technische Daten von DW 900<\/b><\/h3>\n<p class=\"p2\">Speziell f\u00fcr anspruchsvolle Downwind- und Wing Foil-Enthusiasten entwickelt, zeichnet sich der<b>DW 900 Foil-Frontfl\u00fcgel<\/b> durch :<\/p>\n<ul class=\"ul1\">\n<li class=\"li2\"><b>Ein AR von 14:<\/b> Optimierter Auftrieb bei minimalem Luftwiderstand. Je h\u00f6her das Aspekt Ratio, desto besser die Durchschnittsgeschwindigkeit. <\/li>\n<li class=\"li2\"><b>Full Carbon Konstruktion mit einem Teil aus HM ( High Modulus) Carbon :<\/b> Maximale Steifigkeit f\u00fcr eine direkte Energie\u00fcbertragung. Die Saiten zu verfeinern bedeutet, den Vorderfl\u00fcgel st\u00e4rker zu versteifen, um die Steifigkeit zu maximieren. Aus diesem Grund verwenden wir mehr und hochwertigeres High Modulus Carbon.  <\/li>\n<li class=\"li2\"><b>Ultra-Fin-Profil:<\/b> Entwickelt, um das Wasser mit \u00fcberlegener aerodynamischer Effizienz zu teilen.<\/li>\n<\/ul>\n<h3 class=\"p3\"><b>Warum sollte man sich f\u00fcr den DW 900-Fl\u00fcgel und nicht f\u00fcr einen UHA-Foil-Fl\u00fcgel entscheiden?<\/b><\/h3>\n<p class=\"p2\">Im Gegensatz zur UHA-Reihe (Ultra High Aspect) ist der<b>DW 900 Foil-Fl\u00fcgel<\/b> f\u00fcr das Halten des Flugs bei niedriger Geschwindigkeit w\u00e4hrend intensiver Pumpphasen optimiert. Er bietet den Auftrieb eines 1100-cm\u00b2-Fl\u00fcgels mit der Agilit\u00e4t und Geschwindigkeit eines 900-cm\u00b2-Fl\u00fcgels. Egal, ob du mit Downwind durch ruhige Zonen fliegst oder mit Wing Foil freifliegst, dieser Fl\u00fcgel ist die Wahl f\u00fcr pure Leistung. Die sehr hohe Durchschnittsgeschwindigkeit wird Sie verbl\u00fcffen.   <\/p>\n<p class=\"p2\"><span class=\"s1\"><a href=\"https:\/\/srokacompany.com\/de\/eshop\/downwind-flugel\/\">Die UHA-Reihe<\/a><\/span> wird kein 4&#215;4 f\u00fcr alles mehr sein. Die DW-Reihe wird eher auf noch mehr Gleitf\u00e4higkeit und weniger Luftwiderstand ausgerichtet sein. Die Steuerung der L\u00e4ngsneigung erfordert etwas mehr Pr\u00e4zision, aber das Gleiten wird dadurch umso besser.<\/p>\n<p class=\"p2\"><b>Expertentipps f\u00fcr Ihr Leistungsplus:<\/b><\/p>\n<p class=\"p2\">Abschlie\u00dfend empfehlen wir, diesen Fl\u00fcgel zu koppeln mit <a href=\"https:\/\/srokacompany.com\/de\/produkt\/carbon-mast-elite-14-mm-85-cm-rumpf\/\"><span class=\"s1\">dem Carbonmast Hm Elite 14 mm<\/span><\/a> oder <a href=\"https:\/\/srokacompany.com\/de\/produkt\/carbonmast-solo-16-mm-85-cm-rumpf\/\"><span class=\"s1\">dem HM Solo Mast in 16 mm.<\/span><\/a> Eine steife Montage ist entscheidend, um die Pr\u00e4zision dieses Frontfl\u00fcgelprofils auf dein Board zu \u00fcbertragen. <a href=\"https:\/\/www.youtube.com\/watch?v=0Q7GFd8HUko&amp;t=15s\"><span class=\"s1\">Weitere technische Details zu den Einstellungen,<\/span><\/a><\/p>\n","protected":false},"excerpt":{"rendered":"<h3 class=\"p1\"><b>DW 900 Foil Front Wings: Gleiten, Geschwindigkeit und Leistung<\/b><\/h3>\n<p class=\"p2\">Der SROKA<b data-path-to-node=\"6,0\" data-index-in-node=\"3\">DW 900 Foil-Frontfl\u00fcgel<\/b> wurde f\u00fcr Downwind und Wing Foil mit hoher Leistung entwickelt. Mit einem Aspect Ratio (AR) von 14 bietet dieser <b data-path-to-node=\"6,0\" data-index-in-node=\"140\">DW 900 Foil-Frontfl\u00fcgel<\/b> endloses Gleiten und eine un\u00fcbertroffene Effizienz beim Pumpen. Sie ersetzt den Auftrieb eines UHA 1100 mit der Geschwindigkeit eines 900 cm2. und bietet ein au\u00dfergew\u00f6hnliches Erlebnis f\u00fcr <b>Fortgeschrittene und Experten. <\/b>Diese Produktreihe ist ganz darauf ausgerichtet, Ihr Gleiten und Ihre Geschwindigkeit zu maximieren und gleichzeitig den Luftwiderstand zu minimieren.<\/p>\n<p class=\"p2\">Sie werden eine beeindruckende Spitzengeschwindigkeit erleben, egal ob beim Downwind oder beim Wing foil. Die DW-Reihe umfasst derzeit. <\/p>\n","protected":false},"featured_media":352666,"template":"","meta":{"_acf_changed":false,"_uag_custom_page_level_css":""},"product_brand":[],"product_cat":[3458,3457,3440,3455],"product_tag":[3459,3443],"class_list":{"0":"post-354829","1":"product","2":"type-product","3":"status-publish","4":"has-post-thumbnail","6":"product_cat-downwind-flugel","7":"product_cat-flugel-sup-foil","8":"product_cat-flugel-wing-foil","9":"product_cat-surf-flugel-foil","10":"product_tag-experte","11":"product_tag-fortgeschrittene","12":"product_shipping_class-kleinsendung","14":"first","15":"instock","16":"taxable","17":"shipping-taxable","18":"purchasable","19":"product-type-simple"},"acf":[],"yoast_head":"<!-- This site is optimized with the Yoast SEO plugin v27.4 - https:\/\/yoast.com\/product\/yoast-seo-wordpress\/ -->\n<title>Vorderfl\u00fcgel von foil DW 900<\/title>\n<meta name=\"description\" content=\"Downwind DW 900 Foil Frontfl\u00fcgel, Wingfoil, Sup Foil, der dir endloses Gleiten und ultraleichtes Pumpen erm\u00f6glicht. F\u00fcr anspruchsvolle Rider.\" \/>\n<meta name=\"robots\" content=\"index, follow, max-snippet:-1, max-image-preview:large, max-video-preview:-1\" \/>\n<link rel=\"canonical\" href=\"https:\/\/srokacompany.com\/de\/produkt\/fluegel-vorne-dw-900\/\" \/>\n<meta property=\"og:locale\" content=\"de_DE\" \/>\n<meta property=\"og:type\" content=\"article\" \/>\n<meta property=\"og:title\" content=\"Vorderfl\u00fcgel von foil DW 900\" \/>\n<meta property=\"og:description\" content=\"Downwind DW 900 Foil Frontfl\u00fcgel, Wingfoil, Sup Foil, der dir endloses Gleiten und ultraleichtes Pumpen erm\u00f6glicht. F\u00fcr anspruchsvolle Rider.\" \/>\n<meta property=\"og:url\" content=\"https:\/\/srokacompany.com\/de\/produkt\/fluegel-vorne-dw-900\/\" \/>\n<meta property=\"og:site_name\" content=\"SROKA Company\" \/>\n<meta property=\"article:publisher\" content=\"https:\/\/www.facebook.com\/srokawatersports\/\" \/>\n<meta property=\"article:modified_time\" content=\"2026-02-04T17:03:13+00:00\" \/>\n<meta property=\"og:image\" content=\"https:\/\/srokacompany.com\/wp-content\/uploads\/2025\/07\/ailette-avant-av700dw-dessus.png\" \/>\n\t<meta property=\"og:image:width\" content=\"1800\" \/>\n\t<meta property=\"og:image:height\" content=\"1012\" \/>\n\t<meta property=\"og:image:type\" content=\"image\/png\" \/>\n<meta name=\"twitter:label1\" content=\"Gesch\u00e4tzte Lesezeit\" \/>\n\t<meta name=\"twitter:data1\" content=\"2\u00a0Minuten\" \/>\n<script type=\"application\/ld+json\" class=\"yoast-schema-graph\">{\"@context\":\"https:\\\/\\\/schema.org\",\"@graph\":[{\"@type\":\"WebPage\",\"@id\":\"https:\\\/\\\/srokacompany.com\\\/de\\\/produkt\\\/fluegel-vorne-dw-900\\\/\",\"url\":\"https:\\\/\\\/srokacompany.com\\\/de\\\/produkt\\\/fluegel-vorne-dw-900\\\/\",\"name\":\"Vorderfl\u00fcgel von foil DW 900\",\"isPartOf\":{\"@id\":\"https:\\\/\\\/srokacompany.com\\\/de\\\/#website\"},\"primaryImageOfPage\":{\"@id\":\"https:\\\/\\\/srokacompany.com\\\/de\\\/produkt\\\/fluegel-vorne-dw-900\\\/#primaryimage\"},\"image\":{\"@id\":\"https:\\\/\\\/srokacompany.com\\\/de\\\/produkt\\\/fluegel-vorne-dw-900\\\/#primaryimage\"},\"thumbnailUrl\":\"https:\\\/\\\/srokacompany.com\\\/wp-content\\\/uploads\\\/2025\\\/07\\\/ailette-avant-av700dw-dessus.png\",\"datePublished\":\"2026-02-03T14:59:21+00:00\",\"dateModified\":\"2026-02-04T17:03:13+00:00\",\"description\":\"Downwind DW 900 Foil Frontfl\u00fcgel, Wingfoil, Sup Foil, der dir endloses Gleiten und ultraleichtes Pumpen erm\u00f6glicht. F\u00fcr anspruchsvolle Rider.\",\"breadcrumb\":{\"@id\":\"https:\\\/\\\/srokacompany.com\\\/de\\\/produkt\\\/fluegel-vorne-dw-900\\\/#breadcrumb\"},\"inLanguage\":\"de\",\"potentialAction\":[{\"@type\":\"ReadAction\",\"target\":[\"https:\\\/\\\/srokacompany.com\\\/de\\\/produkt\\\/fluegel-vorne-dw-900\\\/\"]}]},{\"@type\":\"ImageObject\",\"inLanguage\":\"de\",\"@id\":\"https:\\\/\\\/srokacompany.com\\\/de\\\/produkt\\\/fluegel-vorne-dw-900\\\/#primaryimage\",\"url\":\"https:\\\/\\\/srokacompany.com\\\/wp-content\\\/uploads\\\/2025\\\/07\\\/ailette-avant-av700dw-dessus.png\",\"contentUrl\":\"https:\\\/\\\/srokacompany.com\\\/wp-content\\\/uploads\\\/2025\\\/07\\\/ailette-avant-av700dw-dessus.png\",\"width\":1800,\"height\":1012,\"caption\":\"Vorderfl\u00fcgel DW 900 Sroka f\u00fcr Downwind foil\"},{\"@type\":\"BreadcrumbList\",\"@id\":\"https:\\\/\\\/srokacompany.com\\\/de\\\/produkt\\\/fluegel-vorne-dw-900\\\/#breadcrumb\",\"itemListElement\":[{\"@type\":\"ListItem\",\"position\":1,\"name\":\"Accueil\",\"item\":\"https:\\\/\\\/srokacompany.com\\\/de\\\/\"},{\"@type\":\"ListItem\",\"position\":2,\"name\":\"Laden\",\"item\":\"https:\\\/\\\/srokacompany.com\\\/laden\\\/\"},{\"@type\":\"ListItem\",\"position\":3,\"name\":\"Vorderfl\u00fcgel von foil DW 900\"}]},{\"@type\":\"WebSite\",\"@id\":\"https:\\\/\\\/srokacompany.com\\\/de\\\/#website\",\"url\":\"https:\\\/\\\/srokacompany.com\\\/de\\\/\",\"name\":\"SROKA Company\",\"description\":\"SUP, Kite, Foil, Wing\",\"publisher\":{\"@id\":\"https:\\\/\\\/srokacompany.com\\\/de\\\/#organization\"},\"potentialAction\":[{\"@type\":\"SearchAction\",\"target\":{\"@type\":\"EntryPoint\",\"urlTemplate\":\"https:\\\/\\\/srokacompany.com\\\/de\\\/?s={search_term_string}\"},\"query-input\":{\"@type\":\"PropertyValueSpecification\",\"valueRequired\":true,\"valueName\":\"search_term_string\"}}],\"inLanguage\":\"de\"},{\"@type\":\"Organization\",\"@id\":\"https:\\\/\\\/srokacompany.com\\\/de\\\/#organization\",\"name\":\"SROKACOMPANY\",\"alternateName\":\"SROKA\",\"url\":\"https:\\\/\\\/srokacompany.com\\\/de\\\/\",\"logo\":{\"@type\":\"ImageObject\",\"inLanguage\":\"de\",\"@id\":\"https:\\\/\\\/srokacompany.com\\\/de\\\/#\\\/schema\\\/logo\\\/image\\\/\",\"url\":\"https:\\\/\\\/srokacompany.com\\\/wp-content\\\/uploads\\\/2021\\\/01\\\/logo-sroka-black-transpa.png\",\"contentUrl\":\"https:\\\/\\\/srokacompany.com\\\/wp-content\\\/uploads\\\/2021\\\/01\\\/logo-sroka-black-transpa.png\",\"width\":1201,\"height\":342,\"caption\":\"SROKACOMPANY\"},\"image\":{\"@id\":\"https:\\\/\\\/srokacompany.com\\\/de\\\/#\\\/schema\\\/logo\\\/image\\\/\"},\"sameAs\":[\"https:\\\/\\\/www.facebook.com\\\/srokawatersports\\\/\",\"https:\\\/\\\/www.instagram.com\\\/srokawatersports\\\/\",\"https:\\\/\\\/www.youtube.com\\\/channel\\\/UCVLHHeaPIm-J5bdEUgxqtZA\"]}]}<\/script>\n<!-- \/ Yoast SEO plugin. -->","yoast_head_json":{"title":"Vorderfl\u00fcgel von foil DW 900","description":"Downwind DW 900 Foil Frontfl\u00fcgel, Wingfoil, Sup Foil, der dir endloses Gleiten und ultraleichtes Pumpen erm\u00f6glicht. F\u00fcr anspruchsvolle Rider.","robots":{"index":"index","follow":"follow","max-snippet":"max-snippet:-1","max-image-preview":"max-image-preview:large","max-video-preview":"max-video-preview:-1"},"canonical":"https:\/\/srokacompany.com\/de\/produkt\/fluegel-vorne-dw-900\/","og_locale":"de_DE","og_type":"article","og_title":"Vorderfl\u00fcgel von foil DW 900","og_description":"Downwind DW 900 Foil Frontfl\u00fcgel, Wingfoil, Sup Foil, der dir endloses Gleiten und ultraleichtes Pumpen erm\u00f6glicht. F\u00fcr anspruchsvolle Rider.","og_url":"https:\/\/srokacompany.com\/de\/produkt\/fluegel-vorne-dw-900\/","og_site_name":"SROKA Company","article_publisher":"https:\/\/www.facebook.com\/srokawatersports\/","article_modified_time":"2026-02-04T17:03:13+00:00","og_image":[{"width":1800,"height":1012,"url":"https:\/\/srokacompany.com\/wp-content\/uploads\/2025\/07\/ailette-avant-av700dw-dessus.png","type":"image\/png"}],"twitter_misc":{"Gesch\u00e4tzte Lesezeit":"2\u00a0Minuten"},"schema":{"@context":"https:\/\/schema.org","@graph":[{"@type":"WebPage","@id":"https:\/\/srokacompany.com\/de\/produkt\/fluegel-vorne-dw-900\/","url":"https:\/\/srokacompany.com\/de\/produkt\/fluegel-vorne-dw-900\/","name":"Vorderfl\u00fcgel von foil DW 900","isPartOf":{"@id":"https:\/\/srokacompany.com\/de\/#website"},"primaryImageOfPage":{"@id":"https:\/\/srokacompany.com\/de\/produkt\/fluegel-vorne-dw-900\/#primaryimage"},"image":{"@id":"https:\/\/srokacompany.com\/de\/produkt\/fluegel-vorne-dw-900\/#primaryimage"},"thumbnailUrl":"https:\/\/srokacompany.com\/wp-content\/uploads\/2025\/07\/ailette-avant-av700dw-dessus.png","datePublished":"2026-02-03T14:59:21+00:00","dateModified":"2026-02-04T17:03:13+00:00","description":"Downwind DW 900 Foil Frontfl\u00fcgel, Wingfoil, Sup Foil, der dir endloses Gleiten und ultraleichtes Pumpen erm\u00f6glicht. F\u00fcr anspruchsvolle Rider.","breadcrumb":{"@id":"https:\/\/srokacompany.com\/de\/produkt\/fluegel-vorne-dw-900\/#breadcrumb"},"inLanguage":"de","potentialAction":[{"@type":"ReadAction","target":["https:\/\/srokacompany.com\/de\/produkt\/fluegel-vorne-dw-900\/"]}]},{"@type":"ImageObject","inLanguage":"de","@id":"https:\/\/srokacompany.com\/de\/produkt\/fluegel-vorne-dw-900\/#primaryimage","url":"https:\/\/srokacompany.com\/wp-content\/uploads\/2025\/07\/ailette-avant-av700dw-dessus.png","contentUrl":"https:\/\/srokacompany.com\/wp-content\/uploads\/2025\/07\/ailette-avant-av700dw-dessus.png","width":1800,"height":1012,"caption":"Vorderfl\u00fcgel DW 900 Sroka f\u00fcr Downwind foil"},{"@type":"BreadcrumbList","@id":"https:\/\/srokacompany.com\/de\/produkt\/fluegel-vorne-dw-900\/#breadcrumb","itemListElement":[{"@type":"ListItem","position":1,"name":"Accueil","item":"https:\/\/srokacompany.com\/de\/"},{"@type":"ListItem","position":2,"name":"Laden","item":"https:\/\/srokacompany.com\/laden\/"},{"@type":"ListItem","position":3,"name":"Vorderfl\u00fcgel von foil DW 900"}]},{"@type":"WebSite","@id":"https:\/\/srokacompany.com\/de\/#website","url":"https:\/\/srokacompany.com\/de\/","name":"SROKA Company","description":"SUP, Kite, Foil, Wing","publisher":{"@id":"https:\/\/srokacompany.com\/de\/#organization"},"potentialAction":[{"@type":"SearchAction","target":{"@type":"EntryPoint","urlTemplate":"https:\/\/srokacompany.com\/de\/?s={search_term_string}"},"query-input":{"@type":"PropertyValueSpecification","valueRequired":true,"valueName":"search_term_string"}}],"inLanguage":"de"},{"@type":"Organization","@id":"https:\/\/srokacompany.com\/de\/#organization","name":"SROKACOMPANY","alternateName":"SROKA","url":"https:\/\/srokacompany.com\/de\/","logo":{"@type":"ImageObject","inLanguage":"de","@id":"https:\/\/srokacompany.com\/de\/#\/schema\/logo\/image\/","url":"https:\/\/srokacompany.com\/wp-content\/uploads\/2021\/01\/logo-sroka-black-transpa.png","contentUrl":"https:\/\/srokacompany.com\/wp-content\/uploads\/2021\/01\/logo-sroka-black-transpa.png","width":1201,"height":342,"caption":"SROKACOMPANY"},"image":{"@id":"https:\/\/srokacompany.com\/de\/#\/schema\/logo\/image\/"},"sameAs":["https:\/\/www.facebook.com\/srokawatersports\/","https:\/\/www.instagram.com\/srokawatersports\/","https:\/\/www.youtube.com\/channel\/UCVLHHeaPIm-J5bdEUgxqtZA"]}]}},"uagb_featured_image_src":{"full":["https:\/\/srokacompany.com\/wp-content\/uploads\/2025\/07\/ailette-avant-av700dw-dessus.png",1800,1012,false],"thumbnail":["https:\/\/srokacompany.com\/wp-content\/uploads\/2025\/07\/ailette-avant-av700dw-dessus-150x150.png",150,150,true],"medium":["https:\/\/srokacompany.com\/wp-content\/uploads\/2025\/07\/ailette-avant-av700dw-dessus-300x169.png",300,169,true],"medium_large":["https:\/\/srokacompany.com\/wp-content\/uploads\/2025\/07\/ailette-avant-av700dw-dessus-768x432.png",768,432,true],"large":["https:\/\/srokacompany.com\/wp-content\/uploads\/2025\/07\/ailette-avant-av700dw-dessus-1024x576.png",1024,576,true],"1536x1536":["https:\/\/srokacompany.com\/wp-content\/uploads\/2025\/07\/ailette-avant-av700dw-dessus-1536x864.png",1536,864,true],"2048x2048":["https:\/\/srokacompany.com\/wp-content\/uploads\/2025\/07\/ailette-avant-av700dw-dessus.png",1800,1012,false],"woocommerce_thumbnail":["https:\/\/srokacompany.com\/wp-content\/uploads\/2025\/07\/ailette-avant-av700dw-dessus-600x337.png",600,337,true],"woocommerce_single":["https:\/\/srokacompany.com\/wp-content\/uploads\/2025\/07\/ailette-avant-av700dw-dessus-600x337.png",600,337,true],"woocommerce_gallery_thumbnail":["https:\/\/srokacompany.com\/wp-content\/uploads\/2025\/07\/ailette-avant-av700dw-dessus-100x100.png",100,100,true],"dgwt-wcas-product-suggestion":["https:\/\/srokacompany.com\/wp-content\/uploads\/2025\/07\/ailette-avant-av700dw-dessus-64x36.png",64,36,true]},"uagb_author_info":{"display_name":"Bruno Sroka","author_link":"https:\/\/srokacompany.com\/de\/blog\/author\/"},"uagb_comment_info":0,"uagb_excerpt":"DW 900 Foil Front Wings: Gleiten, Geschwindigkeit und Leistung Der SROKADW 900 Foil-Frontfl\u00fcgel wurde f\u00fcr Downwind und Wing Foil mit hoher Leistung entwickelt. Mit einem Aspect Ratio (AR) von 14 bietet dieser DW 900 Foil-Frontfl\u00fcgel endloses Gleiten und eine un\u00fcbertroffene Effizienz beim Pumpen. Sie ersetzt den Auftrieb eines UHA 1100 mit der Geschwindigkeit eines 900&hellip;","jetpack_sharing_enabled":true,"_links":{"self":[{"href":"https:\/\/srokacompany.com\/de\/wp-json\/wp\/v2\/product\/354829","targetHints":{"allow":["GET"]}}],"collection":[{"href":"https:\/\/srokacompany.com\/de\/wp-json\/wp\/v2\/product"}],"about":[{"href":"https:\/\/srokacompany.com\/de\/wp-json\/wp\/v2\/types\/product"}],"wp:featuredmedia":[{"embeddable":true,"href":"https:\/\/srokacompany.com\/de\/wp-json\/wp\/v2\/media\/352666"}],"wp:attachment":[{"href":"https:\/\/srokacompany.com\/de\/wp-json\/wp\/v2\/media?parent=354829"}],"wp:term":[{"taxonomy":"product_brand","embeddable":true,"href":"https:\/\/srokacompany.com\/de\/wp-json\/wp\/v2\/product_brand?post=354829"},{"taxonomy":"product_cat","embeddable":true,"href":"https:\/\/srokacompany.com\/de\/wp-json\/wp\/v2\/product_cat?post=354829"},{"taxonomy":"product_tag","embeddable":true,"href":"https:\/\/srokacompany.com\/de\/wp-json\/wp\/v2\/product_tag?post=354829"}],"curies":[{"name":"wp","href":"https:\/\/api.w.org\/{rel}","templated":true}]}}