{"id":355017,"date":"2026-02-13T12:16:07","date_gmt":"2026-02-13T10:16:07","guid":{"rendered":"https:\/\/srokacompany.com\/produit\/fluegel-vorne-dw-700\/"},"modified":"2026-02-25T12:07:15","modified_gmt":"2026-02-25T10:07:15","slug":"fluegel-vorne-dw-700","status":"publish","type":"product","link":"https:\/\/srokacompany.com\/de\/produkt\/fluegel-vorne-dw-700\/","title":{"rendered":"Fl\u00fcgel vorne DW 700"},"content":{"rendered":"<h1 data-path-to-node=\"7\"><b data-path-to-node=\"4\" data-index-in-node=\"0\">Sroka DW 700 Foil Frontfl\u00fcgel: Leistung und Geschwindigkeit<\/b><\/h1>\n<p data-path-to-node=\"5\">Der<b data-path-to-node=\"5\" data-index-in-node=\"2\">Foil DW 700 Front Wing<\/b> ist das ultimative Pr\u00e4zisionswerkzeug f\u00fcr erfahrene Rider. Wir haben diese 700 cm\u00b2 gro\u00dfe Fl\u00e4che so konzipiert, dass sie das Gleiten maximiert und gleichzeitig den Luftwiderstand minimiert. Mit einem High Aspect Ratio (AR) von 14 verwandelt sie jede Welle in pure Beschleunigung. So genie\u00dft du selbst bei starkem Wellengang ein v\u00f6llig neues Fluggef\u00fchl.   <\/p>\n<h2 data-path-to-node=\"5\">Die Eigenschaften dieses Ultra High Aspect foil<\/h2>\n<p data-path-to-node=\"7\">Der Shape dieses Kites optimiert das Gleichgewicht zwischen Wasserdurchdringung und Auftrieb. Hier sind seine Hauptvorteile: <\/p>\n<ul data-path-to-node=\"8\">\n<li>\n<p data-path-to-node=\"8,0,0\"><b data-path-to-node=\"8,0,0\" data-index-in-node=\"0\">Streckungsverh\u00e4ltnis von 14<\/b>: Dieses d\u00fcnne Profil reduziert den Widerstand drastisch. Folglich steigt Ihre Spitzengeschwindigkeit deutlich an. <\/p>\n<\/li>\n<li>\n<p data-path-to-node=\"8,1,0\"><b data-path-to-node=\"8,1,0\" data-index-in-node=\"0\">Spannweite von 990 mm<\/b>: Sie sorgt f\u00fcr einen dynamischen Rebound-Effekt. Dadurch wird Ihr Pumpvorgang unglaublich effektiv. <\/p>\n<\/li>\n<li>\n<p data-path-to-node=\"8,2,0\"><b data-path-to-node=\"8,2,0\" data-index-in-node=\"0\">Schmale 91-mm-Schnur<\/b>: Diese Eigenschaft sorgt daf\u00fcr, dass das Wasser fl\u00fcssig geteilt wird.<\/p>\n<\/li>\n<li>\n<p data-path-to-node=\"8,3,0\"><b data-path-to-node=\"8,3,0\" data-index-in-node=\"0\">HM-Carbon-Konstruktion<\/b>: Das Prepreg High Modulus <b data-path-to-node=\"8,3,0\" data-index-in-node=\"0\">Carbon<\/b> sorgt f\u00fcr kompromisslose Steifigkeit.<\/p>\n<\/li>\n<\/ul>\n<h2>Warum sollte man sich bei Downwind f\u00fcr das Modell DW 700 Foil Front Wing entscheiden?<\/h2>\n<p data-path-to-node=\"10\">Dieser Fl\u00fcgel erfordert eine Unterst\u00fctzung, die seinen technischen F\u00e4higkeiten entspricht. Deshalb erg\u00e4nzt er perfekt ein Setup auf unseren <a href=\"https:\/\/srokacompany.com\/de\/produkt\/brett-dw-72-elite-reihe\/\"><b data-path-to-node=\"10\" data-index-in-node=\"138\">7&#8217;2&#8243;-Downwind-Boards (DW)<\/b><\/a> oder unseren Modellen <a href=\"https:\/\/srokacompany.com\/de\/produkt\/mid-lenght-brett-lw-v2\/\"><b data-path-to-node=\"10\" data-index-in-node=\"184\">Light Wind (LW)<\/b><\/a>. Diese Boards bieten die n\u00f6tige L\u00e4nge, um den<b data-path-to-node=\"10\" data-index-in-node=\"269\">Vorderfl\u00fcgel des Foil DW 700<\/b> vor dem Flug zu starten.  <\/p>\n<p data-path-to-node=\"11\">Anspruchsvolle Piloten k\u00f6nnen nun vom klassischen Segeln zum Hochleistungsfliegen \u00fcbergehen. Wenn Sie das Material in Aktion sehen m\u00f6chten, schauen Sie sich unsere Videos auf dem Kanal an. <b data-path-to-node=\"11\" data-index-in-node=\"188\"><a class=\"ng-star-inserted\" href=\"https:\/\/www.youtube.com\/@SrokaCompany\" target=\"_blank\" rel=\"noopener\">Sroka Company YouTube<\/a><\/b>. <\/p>\n<p>&nbsp;<\/p>\n","protected":false},"excerpt":{"rendered":"<p data-path-to-node=\"8\"><b data-path-to-node=\"8\" data-index-in-node=\"0\">Das Skalpell der DW-Reihe: Geschwindigkeit, Wendigkeit und grenzenloses Glide.<\/b><\/p>\n<p data-path-to-node=\"9\">Der <b data-path-to-node=\"9\" data-index-in-node=\"3\">DW 700<\/b> ist die radikale Erweiterung unserer Downwind-Reihe. Dieser <b data-path-to-node=\"9\" data-index-in-node=\"154\">700 cm\u00b2<\/b> gro\u00dfe Kite mit einem <b data-path-to-node=\"9\" data-index-in-node=\"170\">Aspect Ratio von 14<\/b> wurde f\u00fcr erfahrene Rider und anhaltende Wind- oder Swell-Bedingungen entwickelt und verschiebt die Grenzen des Luftwiderstands. Er ist schneller und lebendiger als sein gro\u00dfer Bruder, der DW 900, und bietet eine chirurgische Verbindung mit dem Swell und eine beeindruckende Spitzengeschwindigkeit beim Wing Foil.  <\/p>\n<ul data-path-to-node=\"10\">\n<li>\n<p data-path-to-node=\"10,0,0\"><b data-path-to-node=\"10,0,0\" data-index-in-node=\"0\">Spitzengeschwindigkeiten :<\/b> Ultrad\u00fcnnes Profil f\u00fcr minimalen Luftwiderstand.<\/p>\n<\/li>\n<li>\n<p data-path-to-node=\"10,1,0\"><b data-path-to-node=\"10,1,0\" data-index-in-node=\"0\">Carving Radical:<\/b> 990 mm Spannweite f\u00fcr enge Kurven bei hoher Geschwindigkeit.<\/p>\n<\/li>\n<li>\n<p data-path-to-node=\"10,2,0\"><b data-path-to-node=\"10,2,0\" data-index-in-node=\"0\">Elite-Konstruktion:<\/b> Prepreg High Modulus Carbon f\u00fcr kompromisslose Steifigkeit.<\/p>\n<\/li>\n<\/ul>\n","protected":false},"featured_media":352696,"template":"","meta":{"_acf_changed":false,"_uag_custom_page_level_css":""},"product_brand":[],"product_cat":[3496,3458,3457,3493],"product_tag":[],"class_list":{"0":"post-355017","1":"product","2":"type-product","3":"status-publish","4":"has-post-thumbnail","6":"product_cat-downwind-uha-reihe","7":"product_cat-downwind-flugel","8":"product_cat-flugel-sup-foil","9":"product_cat-foil-de","10":"product_shipping_class-kleinsendung","12":"first","13":"instock","14":"taxable","15":"shipping-taxable","16":"purchasable","17":"product-type-simple"},"acf":[],"yoast_head":"<!-- This site is optimized with the Yoast SEO plugin v27.4 - https:\/\/yoast.com\/product\/yoast-seo-wordpress\/ -->\n<title>Foil DW 700 Sroka Vorderfl\u00fcgel | Geschwindigkeit &amp; High Aspect Ratio<\/title>\n<meta name=\"description\" content=\"Dominiere den Downwind mit dem Foil DW 700 Sroka Front Wing. Ein High Aspect Ratio von 14 f\u00fcr maximale Geschwindigkeit und endloses Gleiten. Ideal f\u00fcr Experten.\" \/>\n<meta name=\"robots\" content=\"index, follow, max-snippet:-1, max-image-preview:large, max-video-preview:-1\" \/>\n<link rel=\"canonical\" href=\"https:\/\/srokacompany.com\/de\/produkt\/fluegel-vorne-dw-700\/\" \/>\n<meta property=\"og:locale\" content=\"de_DE\" \/>\n<meta property=\"og:type\" content=\"article\" \/>\n<meta property=\"og:title\" content=\"Foil DW 700 Sroka Vorderfl\u00fcgel | Geschwindigkeit &amp; High Aspect Ratio\" \/>\n<meta property=\"og:description\" content=\"Dominiere den Downwind mit dem Foil DW 700 Sroka Front Wing. Ein High Aspect Ratio von 14 f\u00fcr maximale Geschwindigkeit und endloses Gleiten. Ideal f\u00fcr Experten.\" \/>\n<meta property=\"og:url\" content=\"https:\/\/srokacompany.com\/de\/produkt\/fluegel-vorne-dw-700\/\" \/>\n<meta property=\"og:site_name\" content=\"SROKA Company\" \/>\n<meta property=\"article:publisher\" content=\"https:\/\/www.facebook.com\/srokawatersports\/\" \/>\n<meta property=\"article:modified_time\" content=\"2026-02-25T10:07:15+00:00\" \/>\n<meta property=\"og:image\" content=\"https:\/\/srokacompany.com\/wp-content\/uploads\/2025\/07\/ailette-avant-av700dw-dessus-1.png\" \/>\n\t<meta property=\"og:image:width\" content=\"1800\" \/>\n\t<meta property=\"og:image:height\" content=\"1012\" \/>\n\t<meta property=\"og:image:type\" content=\"image\/png\" \/>\n<meta name=\"twitter:label1\" content=\"Gesch\u00e4tzte Lesezeit\" \/>\n\t<meta name=\"twitter:data1\" content=\"1\u00a0Minute\" \/>\n<script type=\"application\/ld+json\" class=\"yoast-schema-graph\">{\"@context\":\"https:\\\/\\\/schema.org\",\"@graph\":[{\"@type\":\"WebPage\",\"@id\":\"https:\\\/\\\/srokacompany.com\\\/de\\\/produkt\\\/fluegel-vorne-dw-700\\\/\",\"url\":\"https:\\\/\\\/srokacompany.com\\\/de\\\/produkt\\\/fluegel-vorne-dw-700\\\/\",\"name\":\"Foil DW 700 Sroka Vorderfl\u00fcgel | Geschwindigkeit & High Aspect Ratio\",\"isPartOf\":{\"@id\":\"https:\\\/\\\/srokacompany.com\\\/de\\\/#website\"},\"primaryImageOfPage\":{\"@id\":\"https:\\\/\\\/srokacompany.com\\\/de\\\/produkt\\\/fluegel-vorne-dw-700\\\/#primaryimage\"},\"image\":{\"@id\":\"https:\\\/\\\/srokacompany.com\\\/de\\\/produkt\\\/fluegel-vorne-dw-700\\\/#primaryimage\"},\"thumbnailUrl\":\"https:\\\/\\\/srokacompany.com\\\/wp-content\\\/uploads\\\/2025\\\/07\\\/ailette-avant-av700dw-dessus-1.png\",\"datePublished\":\"2026-02-13T10:16:07+00:00\",\"dateModified\":\"2026-02-25T10:07:15+00:00\",\"description\":\"Dominiere den Downwind mit dem Foil DW 700 Sroka Front Wing. Ein High Aspect Ratio von 14 f\u00fcr maximale Geschwindigkeit und endloses Gleiten. Ideal f\u00fcr Experten.\",\"breadcrumb\":{\"@id\":\"https:\\\/\\\/srokacompany.com\\\/de\\\/produkt\\\/fluegel-vorne-dw-700\\\/#breadcrumb\"},\"inLanguage\":\"de\",\"potentialAction\":[{\"@type\":\"ReadAction\",\"target\":[\"https:\\\/\\\/srokacompany.com\\\/de\\\/produkt\\\/fluegel-vorne-dw-700\\\/\"]}]},{\"@type\":\"ImageObject\",\"inLanguage\":\"de\",\"@id\":\"https:\\\/\\\/srokacompany.com\\\/de\\\/produkt\\\/fluegel-vorne-dw-700\\\/#primaryimage\",\"url\":\"https:\\\/\\\/srokacompany.com\\\/wp-content\\\/uploads\\\/2025\\\/07\\\/ailette-avant-av700dw-dessus-1.png\",\"contentUrl\":\"https:\\\/\\\/srokacompany.com\\\/wp-content\\\/uploads\\\/2025\\\/07\\\/ailette-avant-av700dw-dessus-1.png\",\"width\":1800,\"height\":1012,\"caption\":\"Vorderfl\u00fcgel foil Sroka DW 700 Carbon Performance\"},{\"@type\":\"BreadcrumbList\",\"@id\":\"https:\\\/\\\/srokacompany.com\\\/de\\\/produkt\\\/fluegel-vorne-dw-700\\\/#breadcrumb\",\"itemListElement\":[{\"@type\":\"ListItem\",\"position\":1,\"name\":\"Accueil\",\"item\":\"https:\\\/\\\/srokacompany.com\\\/de\\\/\"},{\"@type\":\"ListItem\",\"position\":2,\"name\":\"Laden\",\"item\":\"https:\\\/\\\/srokacompany.com\\\/laden\\\/\"},{\"@type\":\"ListItem\",\"position\":3,\"name\":\"Fl\u00fcgel vorne DW 700\"}]},{\"@type\":\"WebSite\",\"@id\":\"https:\\\/\\\/srokacompany.com\\\/de\\\/#website\",\"url\":\"https:\\\/\\\/srokacompany.com\\\/de\\\/\",\"name\":\"SROKA Company\",\"description\":\"SUP, Kite, Foil, Wing\",\"publisher\":{\"@id\":\"https:\\\/\\\/srokacompany.com\\\/de\\\/#organization\"},\"potentialAction\":[{\"@type\":\"SearchAction\",\"target\":{\"@type\":\"EntryPoint\",\"urlTemplate\":\"https:\\\/\\\/srokacompany.com\\\/de\\\/?s={search_term_string}\"},\"query-input\":{\"@type\":\"PropertyValueSpecification\",\"valueRequired\":true,\"valueName\":\"search_term_string\"}}],\"inLanguage\":\"de\"},{\"@type\":\"Organization\",\"@id\":\"https:\\\/\\\/srokacompany.com\\\/de\\\/#organization\",\"name\":\"SROKACOMPANY\",\"alternateName\":\"SROKA\",\"url\":\"https:\\\/\\\/srokacompany.com\\\/de\\\/\",\"logo\":{\"@type\":\"ImageObject\",\"inLanguage\":\"de\",\"@id\":\"https:\\\/\\\/srokacompany.com\\\/de\\\/#\\\/schema\\\/logo\\\/image\\\/\",\"url\":\"https:\\\/\\\/srokacompany.com\\\/wp-content\\\/uploads\\\/2021\\\/01\\\/logo-sroka-black-transpa.png\",\"contentUrl\":\"https:\\\/\\\/srokacompany.com\\\/wp-content\\\/uploads\\\/2021\\\/01\\\/logo-sroka-black-transpa.png\",\"width\":1201,\"height\":342,\"caption\":\"SROKACOMPANY\"},\"image\":{\"@id\":\"https:\\\/\\\/srokacompany.com\\\/de\\\/#\\\/schema\\\/logo\\\/image\\\/\"},\"sameAs\":[\"https:\\\/\\\/www.facebook.com\\\/srokawatersports\\\/\",\"https:\\\/\\\/www.instagram.com\\\/srokawatersports\\\/\",\"https:\\\/\\\/www.youtube.com\\\/channel\\\/UCVLHHeaPIm-J5bdEUgxqtZA\"]}]}<\/script>\n<!-- \/ Yoast SEO plugin. -->","yoast_head_json":{"title":"Foil DW 700 Sroka Vorderfl\u00fcgel | Geschwindigkeit & High Aspect Ratio","description":"Dominiere den Downwind mit dem Foil DW 700 Sroka Front Wing. Ein High Aspect Ratio von 14 f\u00fcr maximale Geschwindigkeit und endloses Gleiten. Ideal f\u00fcr Experten.","robots":{"index":"index","follow":"follow","max-snippet":"max-snippet:-1","max-image-preview":"max-image-preview:large","max-video-preview":"max-video-preview:-1"},"canonical":"https:\/\/srokacompany.com\/de\/produkt\/fluegel-vorne-dw-700\/","og_locale":"de_DE","og_type":"article","og_title":"Foil DW 700 Sroka Vorderfl\u00fcgel | Geschwindigkeit & High Aspect Ratio","og_description":"Dominiere den Downwind mit dem Foil DW 700 Sroka Front Wing. Ein High Aspect Ratio von 14 f\u00fcr maximale Geschwindigkeit und endloses Gleiten. Ideal f\u00fcr Experten.","og_url":"https:\/\/srokacompany.com\/de\/produkt\/fluegel-vorne-dw-700\/","og_site_name":"SROKA Company","article_publisher":"https:\/\/www.facebook.com\/srokawatersports\/","article_modified_time":"2026-02-25T10:07:15+00:00","og_image":[{"width":1800,"height":1012,"url":"https:\/\/srokacompany.com\/wp-content\/uploads\/2025\/07\/ailette-avant-av700dw-dessus-1.png","type":"image\/png"}],"twitter_misc":{"Gesch\u00e4tzte Lesezeit":"1\u00a0Minute"},"schema":{"@context":"https:\/\/schema.org","@graph":[{"@type":"WebPage","@id":"https:\/\/srokacompany.com\/de\/produkt\/fluegel-vorne-dw-700\/","url":"https:\/\/srokacompany.com\/de\/produkt\/fluegel-vorne-dw-700\/","name":"Foil DW 700 Sroka Vorderfl\u00fcgel | Geschwindigkeit & High Aspect Ratio","isPartOf":{"@id":"https:\/\/srokacompany.com\/de\/#website"},"primaryImageOfPage":{"@id":"https:\/\/srokacompany.com\/de\/produkt\/fluegel-vorne-dw-700\/#primaryimage"},"image":{"@id":"https:\/\/srokacompany.com\/de\/produkt\/fluegel-vorne-dw-700\/#primaryimage"},"thumbnailUrl":"https:\/\/srokacompany.com\/wp-content\/uploads\/2025\/07\/ailette-avant-av700dw-dessus-1.png","datePublished":"2026-02-13T10:16:07+00:00","dateModified":"2026-02-25T10:07:15+00:00","description":"Dominiere den Downwind mit dem Foil DW 700 Sroka Front Wing. Ein High Aspect Ratio von 14 f\u00fcr maximale Geschwindigkeit und endloses Gleiten. Ideal f\u00fcr Experten.","breadcrumb":{"@id":"https:\/\/srokacompany.com\/de\/produkt\/fluegel-vorne-dw-700\/#breadcrumb"},"inLanguage":"de","potentialAction":[{"@type":"ReadAction","target":["https:\/\/srokacompany.com\/de\/produkt\/fluegel-vorne-dw-700\/"]}]},{"@type":"ImageObject","inLanguage":"de","@id":"https:\/\/srokacompany.com\/de\/produkt\/fluegel-vorne-dw-700\/#primaryimage","url":"https:\/\/srokacompany.com\/wp-content\/uploads\/2025\/07\/ailette-avant-av700dw-dessus-1.png","contentUrl":"https:\/\/srokacompany.com\/wp-content\/uploads\/2025\/07\/ailette-avant-av700dw-dessus-1.png","width":1800,"height":1012,"caption":"Vorderfl\u00fcgel foil Sroka DW 700 Carbon Performance"},{"@type":"BreadcrumbList","@id":"https:\/\/srokacompany.com\/de\/produkt\/fluegel-vorne-dw-700\/#breadcrumb","itemListElement":[{"@type":"ListItem","position":1,"name":"Accueil","item":"https:\/\/srokacompany.com\/de\/"},{"@type":"ListItem","position":2,"name":"Laden","item":"https:\/\/srokacompany.com\/laden\/"},{"@type":"ListItem","position":3,"name":"Fl\u00fcgel vorne DW 700"}]},{"@type":"WebSite","@id":"https:\/\/srokacompany.com\/de\/#website","url":"https:\/\/srokacompany.com\/de\/","name":"SROKA Company","description":"SUP, Kite, Foil, Wing","publisher":{"@id":"https:\/\/srokacompany.com\/de\/#organization"},"potentialAction":[{"@type":"SearchAction","target":{"@type":"EntryPoint","urlTemplate":"https:\/\/srokacompany.com\/de\/?s={search_term_string}"},"query-input":{"@type":"PropertyValueSpecification","valueRequired":true,"valueName":"search_term_string"}}],"inLanguage":"de"},{"@type":"Organization","@id":"https:\/\/srokacompany.com\/de\/#organization","name":"SROKACOMPANY","alternateName":"SROKA","url":"https:\/\/srokacompany.com\/de\/","logo":{"@type":"ImageObject","inLanguage":"de","@id":"https:\/\/srokacompany.com\/de\/#\/schema\/logo\/image\/","url":"https:\/\/srokacompany.com\/wp-content\/uploads\/2021\/01\/logo-sroka-black-transpa.png","contentUrl":"https:\/\/srokacompany.com\/wp-content\/uploads\/2021\/01\/logo-sroka-black-transpa.png","width":1201,"height":342,"caption":"SROKACOMPANY"},"image":{"@id":"https:\/\/srokacompany.com\/de\/#\/schema\/logo\/image\/"},"sameAs":["https:\/\/www.facebook.com\/srokawatersports\/","https:\/\/www.instagram.com\/srokawatersports\/","https:\/\/www.youtube.com\/channel\/UCVLHHeaPIm-J5bdEUgxqtZA"]}]}},"uagb_featured_image_src":{"full":["https:\/\/srokacompany.com\/wp-content\/uploads\/2025\/07\/ailette-avant-av700dw-dessus-1.png",1800,1012,false],"thumbnail":["https:\/\/srokacompany.com\/wp-content\/uploads\/2025\/07\/ailette-avant-av700dw-dessus-1-150x150.png",150,150,true],"medium":["https:\/\/srokacompany.com\/wp-content\/uploads\/2025\/07\/ailette-avant-av700dw-dessus-1-300x169.png",300,169,true],"medium_large":["https:\/\/srokacompany.com\/wp-content\/uploads\/2025\/07\/ailette-avant-av700dw-dessus-1-768x432.png",768,432,true],"large":["https:\/\/srokacompany.com\/wp-content\/uploads\/2025\/07\/ailette-avant-av700dw-dessus-1-1024x576.png",1024,576,true],"1536x1536":["https:\/\/srokacompany.com\/wp-content\/uploads\/2025\/07\/ailette-avant-av700dw-dessus-1-1536x864.png",1536,864,true],"2048x2048":["https:\/\/srokacompany.com\/wp-content\/uploads\/2025\/07\/ailette-avant-av700dw-dessus-1.png",1800,1012,false],"woocommerce_thumbnail":["https:\/\/srokacompany.com\/wp-content\/uploads\/2025\/07\/ailette-avant-av700dw-dessus-1-600x337.png",600,337,true],"woocommerce_single":["https:\/\/srokacompany.com\/wp-content\/uploads\/2025\/07\/ailette-avant-av700dw-dessus-1-600x337.png",600,337,true],"woocommerce_gallery_thumbnail":["https:\/\/srokacompany.com\/wp-content\/uploads\/2025\/07\/ailette-avant-av700dw-dessus-1-100x100.png",100,100,true],"dgwt-wcas-product-suggestion":["https:\/\/srokacompany.com\/wp-content\/uploads\/2025\/07\/ailette-avant-av700dw-dessus-1-64x36.png",64,36,true]},"uagb_author_info":{"display_name":"Bruno Sroka","author_link":"https:\/\/srokacompany.com\/de\/blog\/author\/"},"uagb_comment_info":0,"uagb_excerpt":"Das Skalpell der DW-Reihe: Geschwindigkeit, Wendigkeit und grenzenloses Glide. Der DW 700 ist die radikale Erweiterung unserer Downwind-Reihe. Dieser 700 cm\u00b2 gro\u00dfe Kite mit einem Aspect Ratio von 14 wurde f\u00fcr erfahrene Rider und anhaltende Wind- oder Swell-Bedingungen entwickelt und verschiebt die Grenzen des Luftwiderstands. Er ist schneller und lebendiger als sein gro\u00dfer Bruder, der&hellip;","jetpack_sharing_enabled":true,"_links":{"self":[{"href":"https:\/\/srokacompany.com\/de\/wp-json\/wp\/v2\/product\/355017","targetHints":{"allow":["GET"]}}],"collection":[{"href":"https:\/\/srokacompany.com\/de\/wp-json\/wp\/v2\/product"}],"about":[{"href":"https:\/\/srokacompany.com\/de\/wp-json\/wp\/v2\/types\/product"}],"wp:featuredmedia":[{"embeddable":true,"href":"https:\/\/srokacompany.com\/de\/wp-json\/wp\/v2\/media\/352696"}],"wp:attachment":[{"href":"https:\/\/srokacompany.com\/de\/wp-json\/wp\/v2\/media?parent=355017"}],"wp:term":[{"taxonomy":"product_brand","embeddable":true,"href":"https:\/\/srokacompany.com\/de\/wp-json\/wp\/v2\/product_brand?post=355017"},{"taxonomy":"product_cat","embeddable":true,"href":"https:\/\/srokacompany.com\/de\/wp-json\/wp\/v2\/product_cat?post=355017"},{"taxonomy":"product_tag","embeddable":true,"href":"https:\/\/srokacompany.com\/de\/wp-json\/wp\/v2\/product_tag?post=355017"}],"curies":[{"name":"wp","href":"https:\/\/api.w.org\/{rel}","templated":true}]}}