{"id":337208,"date":"2017-08-01T11:23:20","date_gmt":"2017-08-01T09:23:20","guid":{"rendered":"https:\/\/srokacompany.com\/contact-us\/"},"modified":"2025-06-26T09:17:21","modified_gmt":"2025-06-26T07:17:21","slug":"contact-us","status":"publish","type":"page","link":"https:\/\/srokacompany.com\/en\/contact-us\/","title":{"rendered":"Contact us"},"content":{"rendered":"<div class=\"image-annotation-text-container image-annotation-text-left\">\n  <div class=\"image-annotation-text-img\">\n        \n    <img decoding=\"async\" src=\"https:\/\/srokacompany.com\/wp-content\/uploads\/2025\/05\/Surfoil-hoalen-1-sur-1-3-scaled.jpg\" alt=\"\" \/>\n  <\/div>\n  <div class=\"image-annotation-text-text-container\">\n        <div class=\"image-annotation-text-description\"><p>Nous voulons partager avec vous notre passion pour tous les sports de glisse. Nous restons \u00e0 votre \u00e9coute pour vous renseigner le plus rapidement possible. Si vous avez des questions \u00e0 nous poser, n&#8217;h\u00e9sitez pas \u00e0 nous appeler ou \u00e0 nous envoyer un email, nous serons heureux de vous r\u00e9pondre dans les plus bref d\u00e9lais.<\/p>\n<\/div>\n          <div class=\"image-annotation-text-annotation\">\n                  <span class='anotation-title-container'>\n                          <img decoding=\"async\" class='anotation-title-icon' src=\"https:\/\/srokacompany.com\/wp-content\/uploads\/2019\/05\/Sroka-Family-Logo-SROKA_.png\" alt=\"Logo Sroka Family\" \/>\n                        News          <\/span>\n                <p><p class=\"has-text-align-center\">62 rue de Penhoat \u2013 29850 Gouesnou, France<\/p>\n<p class=\"has-text-align-center\">Ouvert du lundi au vendredi, de 9h15 \u00e0 17h45<\/p>\n<p class=\"has-text-align-center\"><a href=\"tel:+33298325369\">+33 2 98 32 53 69<\/a> ou <a href=\"mailto:contact@srokacompany.com\">contact@srokacompany.com<\/a><\/p>\n<\/p>\n      <\/div>\n          <\/div>\n<\/div>","protected":false},"excerpt":{"rendered":"","protected":false},"author":1,"featured_media":0,"parent":0,"menu_order":0,"comment_status":"closed","ping_status":"closed","template":"","meta":{"_acf_changed":false,"_uag_custom_page_level_css":"","footnotes":""},"class_list":["post-337208","page","type-page","status-publish","hentry"],"acf":[],"yoast_head":"<!-- This site is optimized with the Yoast SEO plugin v27.4 - https:\/\/yoast.com\/product\/yoast-seo-wordpress\/ -->\n<title>Contact Us SROKA Company<\/title>\n<meta name=\"description\" content=\"If you have any questions, you want advice, contact us on this form. We will respond as soon as possible.\" \/>\n<meta name=\"robots\" content=\"index, follow, max-snippet:-1, max-image-preview:large, max-video-preview:-1\" \/>\n<link rel=\"canonical\" href=\"https:\/\/srokacompany.com\/en\/contact-us\/\" \/>\n<meta property=\"og:locale\" content=\"en_US\" \/>\n<meta property=\"og:type\" content=\"article\" \/>\n<meta property=\"og:title\" content=\"Contact Us SROKA Company\" \/>\n<meta property=\"og:description\" content=\"If you have any questions, you want advice, contact us on this form. We will respond as soon as possible.\" \/>\n<meta property=\"og:url\" content=\"https:\/\/srokacompany.com\/en\/contact-us\/\" \/>\n<meta property=\"og:site_name\" content=\"SROKA Company\" \/>\n<meta property=\"article:publisher\" content=\"https:\/\/www.facebook.com\/srokawatersports\/\" \/>\n<meta property=\"article:modified_time\" content=\"2025-06-26T07:17:21+00:00\" \/>\n<script type=\"application\/ld+json\" class=\"yoast-schema-graph\">{\"@context\":\"https:\\\/\\\/schema.org\",\"@graph\":[{\"@type\":\"WebPage\",\"@id\":\"https:\\\/\\\/srokacompany.com\\\/en\\\/contact-us\\\/\",\"url\":\"https:\\\/\\\/srokacompany.com\\\/en\\\/contact-us\\\/\",\"name\":\"Contact Us SROKA Company\",\"isPartOf\":{\"@id\":\"https:\\\/\\\/srokacompany.com\\\/en\\\/#website\"},\"datePublished\":\"2017-08-01T09:23:20+00:00\",\"dateModified\":\"2025-06-26T07:17:21+00:00\",\"description\":\"If you have any questions, you want advice, contact us on this form. We will respond as soon as possible.\",\"breadcrumb\":{\"@id\":\"https:\\\/\\\/srokacompany.com\\\/en\\\/contact-us\\\/#breadcrumb\"},\"inLanguage\":\"en-US\",\"potentialAction\":[{\"@type\":\"ReadAction\",\"target\":[\"https:\\\/\\\/srokacompany.com\\\/en\\\/contact-us\\\/\"]}]},{\"@type\":\"BreadcrumbList\",\"@id\":\"https:\\\/\\\/srokacompany.com\\\/en\\\/contact-us\\\/#breadcrumb\",\"itemListElement\":[{\"@type\":\"ListItem\",\"position\":1,\"name\":\"Accueil\",\"item\":\"https:\\\/\\\/srokacompany.com\\\/en\\\/\"},{\"@type\":\"ListItem\",\"position\":2,\"name\":\"Contact us\"}]},{\"@type\":\"WebSite\",\"@id\":\"https:\\\/\\\/srokacompany.com\\\/en\\\/#website\",\"url\":\"https:\\\/\\\/srokacompany.com\\\/en\\\/\",\"name\":\"SROKA Company\",\"description\":\"SUP, Kite, Foil, Wing\",\"publisher\":{\"@id\":\"https:\\\/\\\/srokacompany.com\\\/en\\\/#organization\"},\"potentialAction\":[{\"@type\":\"SearchAction\",\"target\":{\"@type\":\"EntryPoint\",\"urlTemplate\":\"https:\\\/\\\/srokacompany.com\\\/en\\\/?s={search_term_string}\"},\"query-input\":{\"@type\":\"PropertyValueSpecification\",\"valueRequired\":true,\"valueName\":\"search_term_string\"}}],\"inLanguage\":\"en-US\"},{\"@type\":\"Organization\",\"@id\":\"https:\\\/\\\/srokacompany.com\\\/en\\\/#organization\",\"name\":\"SROKACOMPANY\",\"alternateName\":\"SROKA\",\"url\":\"https:\\\/\\\/srokacompany.com\\\/en\\\/\",\"logo\":{\"@type\":\"ImageObject\",\"inLanguage\":\"en-US\",\"@id\":\"https:\\\/\\\/srokacompany.com\\\/en\\\/#\\\/schema\\\/logo\\\/image\\\/\",\"url\":\"https:\\\/\\\/srokacompany.com\\\/wp-content\\\/uploads\\\/2021\\\/01\\\/logo-sroka-black-transpa.png\",\"contentUrl\":\"https:\\\/\\\/srokacompany.com\\\/wp-content\\\/uploads\\\/2021\\\/01\\\/logo-sroka-black-transpa.png\",\"width\":1201,\"height\":342,\"caption\":\"SROKACOMPANY\"},\"image\":{\"@id\":\"https:\\\/\\\/srokacompany.com\\\/en\\\/#\\\/schema\\\/logo\\\/image\\\/\"},\"sameAs\":[\"https:\\\/\\\/www.facebook.com\\\/srokawatersports\\\/\",\"https:\\\/\\\/www.instagram.com\\\/srokawatersports\\\/\",\"https:\\\/\\\/www.youtube.com\\\/channel\\\/UCVLHHeaPIm-J5bdEUgxqtZA\"]}]}<\/script>\n<!-- \/ Yoast SEO plugin. -->","yoast_head_json":{"title":"Contact Us SROKA Company","description":"If you have any questions, you want advice, contact us on this form. We will respond as soon as possible.","robots":{"index":"index","follow":"follow","max-snippet":"max-snippet:-1","max-image-preview":"max-image-preview:large","max-video-preview":"max-video-preview:-1"},"canonical":"https:\/\/srokacompany.com\/en\/contact-us\/","og_locale":"en_US","og_type":"article","og_title":"Contact Us SROKA Company","og_description":"If you have any questions, you want advice, contact us on this form. We will respond as soon as possible.","og_url":"https:\/\/srokacompany.com\/en\/contact-us\/","og_site_name":"SROKA Company","article_publisher":"https:\/\/www.facebook.com\/srokawatersports\/","article_modified_time":"2025-06-26T07:17:21+00:00","schema":{"@context":"https:\/\/schema.org","@graph":[{"@type":"WebPage","@id":"https:\/\/srokacompany.com\/en\/contact-us\/","url":"https:\/\/srokacompany.com\/en\/contact-us\/","name":"Contact Us SROKA Company","isPartOf":{"@id":"https:\/\/srokacompany.com\/en\/#website"},"datePublished":"2017-08-01T09:23:20+00:00","dateModified":"2025-06-26T07:17:21+00:00","description":"If you have any questions, you want advice, contact us on this form. We will respond as soon as possible.","breadcrumb":{"@id":"https:\/\/srokacompany.com\/en\/contact-us\/#breadcrumb"},"inLanguage":"en-US","potentialAction":[{"@type":"ReadAction","target":["https:\/\/srokacompany.com\/en\/contact-us\/"]}]},{"@type":"BreadcrumbList","@id":"https:\/\/srokacompany.com\/en\/contact-us\/#breadcrumb","itemListElement":[{"@type":"ListItem","position":1,"name":"Accueil","item":"https:\/\/srokacompany.com\/en\/"},{"@type":"ListItem","position":2,"name":"Contact us"}]},{"@type":"WebSite","@id":"https:\/\/srokacompany.com\/en\/#website","url":"https:\/\/srokacompany.com\/en\/","name":"SROKA Company","description":"SUP, Kite, Foil, Wing","publisher":{"@id":"https:\/\/srokacompany.com\/en\/#organization"},"potentialAction":[{"@type":"SearchAction","target":{"@type":"EntryPoint","urlTemplate":"https:\/\/srokacompany.com\/en\/?s={search_term_string}"},"query-input":{"@type":"PropertyValueSpecification","valueRequired":true,"valueName":"search_term_string"}}],"inLanguage":"en-US"},{"@type":"Organization","@id":"https:\/\/srokacompany.com\/en\/#organization","name":"SROKACOMPANY","alternateName":"SROKA","url":"https:\/\/srokacompany.com\/en\/","logo":{"@type":"ImageObject","inLanguage":"en-US","@id":"https:\/\/srokacompany.com\/en\/#\/schema\/logo\/image\/","url":"https:\/\/srokacompany.com\/wp-content\/uploads\/2021\/01\/logo-sroka-black-transpa.png","contentUrl":"https:\/\/srokacompany.com\/wp-content\/uploads\/2021\/01\/logo-sroka-black-transpa.png","width":1201,"height":342,"caption":"SROKACOMPANY"},"image":{"@id":"https:\/\/srokacompany.com\/en\/#\/schema\/logo\/image\/"},"sameAs":["https:\/\/www.facebook.com\/srokawatersports\/","https:\/\/www.instagram.com\/srokawatersports\/","https:\/\/www.youtube.com\/channel\/UCVLHHeaPIm-J5bdEUgxqtZA"]}]}},"uagb_featured_image_src":{"full":false,"thumbnail":false,"medium":false,"medium_large":false,"large":false,"1536x1536":false,"2048x2048":false,"woocommerce_thumbnail":false,"woocommerce_single":false,"woocommerce_gallery_thumbnail":false,"dgwt-wcas-product-suggestion":false},"uagb_author_info":{"display_name":"matthieumilliot_xd7qukoc","author_link":"https:\/\/srokacompany.com\/en\/blog\/author\/matthieumilliot_xd7qukoc\/"},"uagb_comment_info":0,"uagb_excerpt":null,"jetpack_sharing_enabled":true,"_links":{"self":[{"href":"https:\/\/srokacompany.com\/en\/wp-json\/wp\/v2\/pages\/337208","targetHints":{"allow":["GET"]}}],"collection":[{"href":"https:\/\/srokacompany.com\/en\/wp-json\/wp\/v2\/pages"}],"about":[{"href":"https:\/\/srokacompany.com\/en\/wp-json\/wp\/v2\/types\/page"}],"author":[{"embeddable":true,"href":"https:\/\/srokacompany.com\/en\/wp-json\/wp\/v2\/users\/1"}],"replies":[{"embeddable":true,"href":"https:\/\/srokacompany.com\/en\/wp-json\/wp\/v2\/comments?post=337208"}],"version-history":[{"count":1,"href":"https:\/\/srokacompany.com\/en\/wp-json\/wp\/v2\/pages\/337208\/revisions"}],"predecessor-version":[{"id":337214,"href":"https:\/\/srokacompany.com\/en\/wp-json\/wp\/v2\/pages\/337208\/revisions\/337214"}],"wp:attachment":[{"href":"https:\/\/srokacompany.com\/en\/wp-json\/wp\/v2\/media?parent=337208"}],"curies":[{"name":"wp","href":"https:\/\/api.w.org\/{rel}","templated":true}]}}