{"id":337215,"date":"2019-03-12T16:42:47","date_gmt":"2019-03-12T14:42:47","guid":{"rendered":"https:\/\/srokacompany.com\/become-a-reseller-or-rental-company\/"},"modified":"2025-06-26T09:17:21","modified_gmt":"2025-06-26T07:17:21","slug":"become-a-reseller-or-rental-company","status":"publish","type":"page","link":"https:\/\/srokacompany.com\/en\/become-a-reseller-or-rental-company\/","title":{"rendered":"Become a reseller or rental company"},"content":{"rendered":"<div class=\"titre-text-cta-container\">\n    <div class=\"titre-text-cta-text\"><p><!-- wp:paragraph -->Si vous \u00eates int\u00e9ress\u00e9s pour devenir un de <strong>nos revendeurs, vendre nos produits SROKA, ou simplement louer nos produits aupr\u00e8s de votre client\u00e8le<\/strong>, merci de remplir le formulaire qui se trouve ci dessous.<\/p>\n<p><!-- \/wp:paragraph --><!-- wp:paragraph -->Apr\u00e8s avoir envoy\u00e9, le formulaire, l\u2019un de nos agents commerciaux vous contactera pour discuter de votre projet.<\/p>\n<p><!-- \/wp:paragraph --><!-- wp:paragraph -->Merci \u00e0 vous de l\u2019int\u00e9r\u00eat que vous portez \u00e0 la marque SROKA et commen\u00e7ons \u00e0 travailler ensemble avec passion!<!-- \/wp:paragraph --><\/p>\n<\/div>\n  <\/div>\n\n<p>[contact-form-7 id=&#8221;9990&#8243; title=&#8221;Become Dealer&#8221;]<\/p>\n\n\n\n<p><\/p>\n","protected":false},"excerpt":{"rendered":"","protected":false},"author":4,"featured_media":0,"parent":0,"menu_order":0,"comment_status":"closed","ping_status":"closed","template":"","meta":{"_acf_changed":false,"_uag_custom_page_level_css":"","footnotes":""},"class_list":["post-337215","page","type-page","status-publish","hentry"],"acf":[],"yoast_head":"<!-- This site is optimized with the Yoast SEO plugin v27.4 - https:\/\/yoast.com\/product\/yoast-seo-wordpress\/ -->\n<title>Become a reseller or rental company - SROKA Company<\/title>\n<meta name=\"description\" content=\"If you are interested in becoming one of our resellers, selling our SROKA products, or simply renting our products from your...\" \/>\n<meta name=\"robots\" content=\"index, follow, max-snippet:-1, max-image-preview:large, max-video-preview:-1\" \/>\n<link rel=\"canonical\" href=\"https:\/\/srokacompany.com\/en\/become-a-reseller-or-rental-company\/\" \/>\n<meta property=\"og:locale\" content=\"en_US\" \/>\n<meta property=\"og:type\" content=\"article\" \/>\n<meta property=\"og:title\" content=\"Become a reseller or rental company - SROKA Company\" \/>\n<meta property=\"og:description\" content=\"If you are interested in becoming one of our resellers, selling our SROKA products, or simply renting our products from your...\" \/>\n<meta property=\"og:url\" content=\"https:\/\/srokacompany.com\/en\/become-a-reseller-or-rental-company\/\" \/>\n<meta property=\"og:site_name\" content=\"SROKA Company\" \/>\n<meta property=\"article:publisher\" content=\"https:\/\/www.facebook.com\/srokawatersports\/\" \/>\n<meta property=\"article:modified_time\" content=\"2025-06-26T07:17:21+00:00\" \/>\n<script type=\"application\/ld+json\" class=\"yoast-schema-graph\">{\"@context\":\"https:\\\/\\\/schema.org\",\"@graph\":[{\"@type\":\"WebPage\",\"@id\":\"https:\\\/\\\/srokacompany.com\\\/en\\\/become-a-reseller-or-rental-company\\\/\",\"url\":\"https:\\\/\\\/srokacompany.com\\\/en\\\/become-a-reseller-or-rental-company\\\/\",\"name\":\"Become a reseller or rental company - SROKA Company\",\"isPartOf\":{\"@id\":\"https:\\\/\\\/srokacompany.com\\\/en\\\/#website\"},\"datePublished\":\"2019-03-12T14:42:47+00:00\",\"dateModified\":\"2025-06-26T07:17:21+00:00\",\"description\":\"If you are interested in becoming one of our resellers, selling our SROKA products, or simply renting our products from your...\",\"breadcrumb\":{\"@id\":\"https:\\\/\\\/srokacompany.com\\\/en\\\/become-a-reseller-or-rental-company\\\/#breadcrumb\"},\"inLanguage\":\"en-US\",\"potentialAction\":[{\"@type\":\"ReadAction\",\"target\":[\"https:\\\/\\\/srokacompany.com\\\/en\\\/become-a-reseller-or-rental-company\\\/\"]}]},{\"@type\":\"BreadcrumbList\",\"@id\":\"https:\\\/\\\/srokacompany.com\\\/en\\\/become-a-reseller-or-rental-company\\\/#breadcrumb\",\"itemListElement\":[{\"@type\":\"ListItem\",\"position\":1,\"name\":\"Accueil\",\"item\":\"https:\\\/\\\/srokacompany.com\\\/en\\\/\"},{\"@type\":\"ListItem\",\"position\":2,\"name\":\"Become a reseller or rental company\"}]},{\"@type\":\"WebSite\",\"@id\":\"https:\\\/\\\/srokacompany.com\\\/en\\\/#website\",\"url\":\"https:\\\/\\\/srokacompany.com\\\/en\\\/\",\"name\":\"SROKA Company\",\"description\":\"SUP, Kite, Foil, Wing\",\"publisher\":{\"@id\":\"https:\\\/\\\/srokacompany.com\\\/en\\\/#organization\"},\"potentialAction\":[{\"@type\":\"SearchAction\",\"target\":{\"@type\":\"EntryPoint\",\"urlTemplate\":\"https:\\\/\\\/srokacompany.com\\\/en\\\/?s={search_term_string}\"},\"query-input\":{\"@type\":\"PropertyValueSpecification\",\"valueRequired\":true,\"valueName\":\"search_term_string\"}}],\"inLanguage\":\"en-US\"},{\"@type\":\"Organization\",\"@id\":\"https:\\\/\\\/srokacompany.com\\\/en\\\/#organization\",\"name\":\"SROKACOMPANY\",\"alternateName\":\"SROKA\",\"url\":\"https:\\\/\\\/srokacompany.com\\\/en\\\/\",\"logo\":{\"@type\":\"ImageObject\",\"inLanguage\":\"en-US\",\"@id\":\"https:\\\/\\\/srokacompany.com\\\/en\\\/#\\\/schema\\\/logo\\\/image\\\/\",\"url\":\"https:\\\/\\\/srokacompany.com\\\/wp-content\\\/uploads\\\/2021\\\/01\\\/logo-sroka-black-transpa.png\",\"contentUrl\":\"https:\\\/\\\/srokacompany.com\\\/wp-content\\\/uploads\\\/2021\\\/01\\\/logo-sroka-black-transpa.png\",\"width\":1201,\"height\":342,\"caption\":\"SROKACOMPANY\"},\"image\":{\"@id\":\"https:\\\/\\\/srokacompany.com\\\/en\\\/#\\\/schema\\\/logo\\\/image\\\/\"},\"sameAs\":[\"https:\\\/\\\/www.facebook.com\\\/srokawatersports\\\/\",\"https:\\\/\\\/www.instagram.com\\\/srokawatersports\\\/\",\"https:\\\/\\\/www.youtube.com\\\/channel\\\/UCVLHHeaPIm-J5bdEUgxqtZA\"]}]}<\/script>\n<!-- \/ Yoast SEO plugin. -->","yoast_head_json":{"title":"Become a reseller or rental company - SROKA Company","description":"If you are interested in becoming one of our resellers, selling our SROKA products, or simply renting our products from your...","robots":{"index":"index","follow":"follow","max-snippet":"max-snippet:-1","max-image-preview":"max-image-preview:large","max-video-preview":"max-video-preview:-1"},"canonical":"https:\/\/srokacompany.com\/en\/become-a-reseller-or-rental-company\/","og_locale":"en_US","og_type":"article","og_title":"Become a reseller or rental company - SROKA Company","og_description":"If you are interested in becoming one of our resellers, selling our SROKA products, or simply renting our products from your...","og_url":"https:\/\/srokacompany.com\/en\/become-a-reseller-or-rental-company\/","og_site_name":"SROKA Company","article_publisher":"https:\/\/www.facebook.com\/srokawatersports\/","article_modified_time":"2025-06-26T07:17:21+00:00","schema":{"@context":"https:\/\/schema.org","@graph":[{"@type":"WebPage","@id":"https:\/\/srokacompany.com\/en\/become-a-reseller-or-rental-company\/","url":"https:\/\/srokacompany.com\/en\/become-a-reseller-or-rental-company\/","name":"Become a reseller or rental company - SROKA Company","isPartOf":{"@id":"https:\/\/srokacompany.com\/en\/#website"},"datePublished":"2019-03-12T14:42:47+00:00","dateModified":"2025-06-26T07:17:21+00:00","description":"If you are interested in becoming one of our resellers, selling our SROKA products, or simply renting our products from your...","breadcrumb":{"@id":"https:\/\/srokacompany.com\/en\/become-a-reseller-or-rental-company\/#breadcrumb"},"inLanguage":"en-US","potentialAction":[{"@type":"ReadAction","target":["https:\/\/srokacompany.com\/en\/become-a-reseller-or-rental-company\/"]}]},{"@type":"BreadcrumbList","@id":"https:\/\/srokacompany.com\/en\/become-a-reseller-or-rental-company\/#breadcrumb","itemListElement":[{"@type":"ListItem","position":1,"name":"Accueil","item":"https:\/\/srokacompany.com\/en\/"},{"@type":"ListItem","position":2,"name":"Become a reseller or rental company"}]},{"@type":"WebSite","@id":"https:\/\/srokacompany.com\/en\/#website","url":"https:\/\/srokacompany.com\/en\/","name":"SROKA Company","description":"SUP, Kite, Foil, Wing","publisher":{"@id":"https:\/\/srokacompany.com\/en\/#organization"},"potentialAction":[{"@type":"SearchAction","target":{"@type":"EntryPoint","urlTemplate":"https:\/\/srokacompany.com\/en\/?s={search_term_string}"},"query-input":{"@type":"PropertyValueSpecification","valueRequired":true,"valueName":"search_term_string"}}],"inLanguage":"en-US"},{"@type":"Organization","@id":"https:\/\/srokacompany.com\/en\/#organization","name":"SROKACOMPANY","alternateName":"SROKA","url":"https:\/\/srokacompany.com\/en\/","logo":{"@type":"ImageObject","inLanguage":"en-US","@id":"https:\/\/srokacompany.com\/en\/#\/schema\/logo\/image\/","url":"https:\/\/srokacompany.com\/wp-content\/uploads\/2021\/01\/logo-sroka-black-transpa.png","contentUrl":"https:\/\/srokacompany.com\/wp-content\/uploads\/2021\/01\/logo-sroka-black-transpa.png","width":1201,"height":342,"caption":"SROKACOMPANY"},"image":{"@id":"https:\/\/srokacompany.com\/en\/#\/schema\/logo\/image\/"},"sameAs":["https:\/\/www.facebook.com\/srokawatersports\/","https:\/\/www.instagram.com\/srokawatersports\/","https:\/\/www.youtube.com\/channel\/UCVLHHeaPIm-J5bdEUgxqtZA"]}]}},"uagb_featured_image_src":{"full":false,"thumbnail":false,"medium":false,"medium_large":false,"large":false,"1536x1536":false,"2048x2048":false,"woocommerce_thumbnail":false,"woocommerce_single":false,"woocommerce_gallery_thumbnail":false,"dgwt-wcas-product-suggestion":false},"uagb_author_info":{"display_name":"Bruno Sroka","author_link":"https:\/\/srokacompany.com\/en\/blog\/author\/bruno\/"},"uagb_comment_info":0,"uagb_excerpt":null,"jetpack_sharing_enabled":true,"_links":{"self":[{"href":"https:\/\/srokacompany.com\/en\/wp-json\/wp\/v2\/pages\/337215","targetHints":{"allow":["GET"]}}],"collection":[{"href":"https:\/\/srokacompany.com\/en\/wp-json\/wp\/v2\/pages"}],"about":[{"href":"https:\/\/srokacompany.com\/en\/wp-json\/wp\/v2\/types\/page"}],"author":[{"embeddable":true,"href":"https:\/\/srokacompany.com\/en\/wp-json\/wp\/v2\/users\/4"}],"replies":[{"embeddable":true,"href":"https:\/\/srokacompany.com\/en\/wp-json\/wp\/v2\/comments?post=337215"}],"version-history":[{"count":1,"href":"https:\/\/srokacompany.com\/en\/wp-json\/wp\/v2\/pages\/337215\/revisions"}],"predecessor-version":[{"id":337217,"href":"https:\/\/srokacompany.com\/en\/wp-json\/wp\/v2\/pages\/337215\/revisions\/337217"}],"wp:attachment":[{"href":"https:\/\/srokacompany.com\/en\/wp-json\/wp\/v2\/media?parent=337215"}],"curies":[{"name":"wp","href":"https:\/\/api.w.org\/{rel}","templated":true}]}}