{"id":337238,"date":"2018-02-18T18:31:30","date_gmt":"2018-02-18T16:31:30","guid":{"rendered":"https:\/\/srokacompany.com\/why-choose-sroka-boards\/"},"modified":"2025-06-26T09:17:26","modified_gmt":"2025-06-26T07:17:26","slug":"why-choose-sroka-boards","status":"publish","type":"page","link":"https:\/\/srokacompany.com\/en\/why-choose-sroka-boards\/","title":{"rendered":"Why choose SROKA boards?"},"content":{"rendered":"<div class=\"image-annotation-text-container image-annotation-text-right\">\n  <div class=\"image-annotation-text-img\">\n        \n    <img decoding=\"async\" src=\"https:\/\/srokacompany.com\/wp-content\/uploads\/2018\/02\/DUo-paddle-sroka.jpg\" alt=\"DUo paddle sroka gonflable\" \/>\n  <\/div>\n  <div class=\"image-annotation-text-text-container\">\n          <h2 class=\"image-annotation-text-title sommaire-titles\">\n\n        More than an experience, a passion      <\/h2>\n        <div class=\"image-annotation-text-description\"><p>La marque c\u2019est cr\u00e9e en 2013 quand Bruno SROKA ( 3 x champion du monde de kitesurf et aventurier) a stopp\u00e9 la comp\u00e9tition. Son pass\u00e9 de sportif de haut niveau et de professeurs d\u2019EPS\u00a0 a permis de r\u00e9unir deux mondes. Celui de la comp\u00e9tition, de la technicit\u00e9 et l\u2019accessibilit\u00e9 du sport pour tous en proposant des produits facile \u00e0 utiliser.\u00a0 Chaque produit r\u00e9unit ces deux mondes. Les stand up paddle gonflables SROKA sont innovants, performants, avec beaucoup de design et d\u2019une qualit\u00e9 tr\u00e8s haut de gamme \u00e0 un prix abordable.\u00a0Cette page vous explique comment et pourquoi choisir un paddle gonflable SROKA.<\/p>\n<\/div>\n          <\/div>\n<\/div>","protected":false},"excerpt":{"rendered":"","protected":false},"author":4,"featured_media":0,"parent":0,"menu_order":0,"comment_status":"closed","ping_status":"closed","template":"","meta":{"_acf_changed":false,"_uag_custom_page_level_css":"","footnotes":""},"class_list":["post-337238","page","type-page","status-publish","hentry"],"acf":[],"yoast_head":"<!-- This site is optimized with the Yoast SEO plugin v27.4 - https:\/\/yoast.com\/product\/yoast-seo-wordpress\/ -->\n<title>How and why to choose a SROKA inflatable paddle board?<\/title>\n<meta name=\"description\" content=\"How and why to choose a SROKA inflatable paddle board? SROKA company was born out of the desire to share a passion for board sports. Each product is a high-end product with a sought-after design and a very attractive price. Each paddle is developed and tested by Bruno SROKA\" \/>\n<meta name=\"robots\" content=\"index, follow, max-snippet:-1, max-image-preview:large, max-video-preview:-1\" \/>\n<link rel=\"canonical\" href=\"https:\/\/srokacompany.com\/en\/why-choose-sroka-boards\/\" \/>\n<meta property=\"og:locale\" content=\"en_US\" \/>\n<meta property=\"og:type\" content=\"article\" \/>\n<meta property=\"og:title\" content=\"How and why to choose a SROKA inflatable paddle board?\" \/>\n<meta property=\"og:description\" content=\"How and why to choose a SROKA inflatable paddle board? SROKA company was born out of the desire to share a passion for board sports. Each product is a high-end product with a sought-after design and a very attractive price. Each paddle is developed and tested by Bruno SROKA\" \/>\n<meta property=\"og:url\" content=\"https:\/\/srokacompany.com\/en\/why-choose-sroka-boards\/\" \/>\n<meta property=\"og:site_name\" content=\"SROKA Company\" \/>\n<meta property=\"article:publisher\" content=\"https:\/\/www.facebook.com\/srokawatersports\/\" \/>\n<meta property=\"article:modified_time\" content=\"2025-06-26T07:17:26+00:00\" \/>\n<script type=\"application\/ld+json\" class=\"yoast-schema-graph\">{\"@context\":\"https:\\\/\\\/schema.org\",\"@graph\":[{\"@type\":\"WebPage\",\"@id\":\"https:\\\/\\\/srokacompany.com\\\/en\\\/why-choose-sroka-boards\\\/\",\"url\":\"https:\\\/\\\/srokacompany.com\\\/en\\\/why-choose-sroka-boards\\\/\",\"name\":\"How and why to choose a SROKA inflatable paddle board?\",\"isPartOf\":{\"@id\":\"https:\\\/\\\/srokacompany.com\\\/en\\\/#website\"},\"datePublished\":\"2018-02-18T16:31:30+00:00\",\"dateModified\":\"2025-06-26T07:17:26+00:00\",\"description\":\"How and why to choose a SROKA inflatable paddle board? SROKA company was born out of the desire to share a passion for board sports. Each product is a high-end product with a sought-after design and a very attractive price. Each paddle is developed and tested by Bruno SROKA\",\"breadcrumb\":{\"@id\":\"https:\\\/\\\/srokacompany.com\\\/en\\\/why-choose-sroka-boards\\\/#breadcrumb\"},\"inLanguage\":\"en-US\",\"potentialAction\":[{\"@type\":\"ReadAction\",\"target\":[\"https:\\\/\\\/srokacompany.com\\\/en\\\/why-choose-sroka-boards\\\/\"]}]},{\"@type\":\"BreadcrumbList\",\"@id\":\"https:\\\/\\\/srokacompany.com\\\/en\\\/why-choose-sroka-boards\\\/#breadcrumb\",\"itemListElement\":[{\"@type\":\"ListItem\",\"position\":1,\"name\":\"Accueil\",\"item\":\"https:\\\/\\\/srokacompany.com\\\/en\\\/\"},{\"@type\":\"ListItem\",\"position\":2,\"name\":\"Why choose SROKA boards?\"}]},{\"@type\":\"WebSite\",\"@id\":\"https:\\\/\\\/srokacompany.com\\\/en\\\/#website\",\"url\":\"https:\\\/\\\/srokacompany.com\\\/en\\\/\",\"name\":\"SROKA Company\",\"description\":\"SUP, Kite, Foil, Wing\",\"publisher\":{\"@id\":\"https:\\\/\\\/srokacompany.com\\\/en\\\/#organization\"},\"potentialAction\":[{\"@type\":\"SearchAction\",\"target\":{\"@type\":\"EntryPoint\",\"urlTemplate\":\"https:\\\/\\\/srokacompany.com\\\/en\\\/?s={search_term_string}\"},\"query-input\":{\"@type\":\"PropertyValueSpecification\",\"valueRequired\":true,\"valueName\":\"search_term_string\"}}],\"inLanguage\":\"en-US\"},{\"@type\":\"Organization\",\"@id\":\"https:\\\/\\\/srokacompany.com\\\/en\\\/#organization\",\"name\":\"SROKACOMPANY\",\"alternateName\":\"SROKA\",\"url\":\"https:\\\/\\\/srokacompany.com\\\/en\\\/\",\"logo\":{\"@type\":\"ImageObject\",\"inLanguage\":\"en-US\",\"@id\":\"https:\\\/\\\/srokacompany.com\\\/en\\\/#\\\/schema\\\/logo\\\/image\\\/\",\"url\":\"https:\\\/\\\/srokacompany.com\\\/wp-content\\\/uploads\\\/2021\\\/01\\\/logo-sroka-black-transpa.png\",\"contentUrl\":\"https:\\\/\\\/srokacompany.com\\\/wp-content\\\/uploads\\\/2021\\\/01\\\/logo-sroka-black-transpa.png\",\"width\":1201,\"height\":342,\"caption\":\"SROKACOMPANY\"},\"image\":{\"@id\":\"https:\\\/\\\/srokacompany.com\\\/en\\\/#\\\/schema\\\/logo\\\/image\\\/\"},\"sameAs\":[\"https:\\\/\\\/www.facebook.com\\\/srokawatersports\\\/\",\"https:\\\/\\\/www.instagram.com\\\/srokawatersports\\\/\",\"https:\\\/\\\/www.youtube.com\\\/channel\\\/UCVLHHeaPIm-J5bdEUgxqtZA\"]}]}<\/script>\n<!-- \/ Yoast SEO plugin. -->","yoast_head_json":{"title":"How and why to choose a SROKA inflatable paddle board?","description":"How and why to choose a SROKA inflatable paddle board? SROKA company was born out of the desire to share a passion for board sports. Each product is a high-end product with a sought-after design and a very attractive price. Each paddle is developed and tested by Bruno SROKA","robots":{"index":"index","follow":"follow","max-snippet":"max-snippet:-1","max-image-preview":"max-image-preview:large","max-video-preview":"max-video-preview:-1"},"canonical":"https:\/\/srokacompany.com\/en\/why-choose-sroka-boards\/","og_locale":"en_US","og_type":"article","og_title":"How and why to choose a SROKA inflatable paddle board?","og_description":"How and why to choose a SROKA inflatable paddle board? SROKA company was born out of the desire to share a passion for board sports. Each product is a high-end product with a sought-after design and a very attractive price. Each paddle is developed and tested by Bruno SROKA","og_url":"https:\/\/srokacompany.com\/en\/why-choose-sroka-boards\/","og_site_name":"SROKA Company","article_publisher":"https:\/\/www.facebook.com\/srokawatersports\/","article_modified_time":"2025-06-26T07:17:26+00:00","schema":{"@context":"https:\/\/schema.org","@graph":[{"@type":"WebPage","@id":"https:\/\/srokacompany.com\/en\/why-choose-sroka-boards\/","url":"https:\/\/srokacompany.com\/en\/why-choose-sroka-boards\/","name":"How and why to choose a SROKA inflatable paddle board?","isPartOf":{"@id":"https:\/\/srokacompany.com\/en\/#website"},"datePublished":"2018-02-18T16:31:30+00:00","dateModified":"2025-06-26T07:17:26+00:00","description":"How and why to choose a SROKA inflatable paddle board? SROKA company was born out of the desire to share a passion for board sports. Each product is a high-end product with a sought-after design and a very attractive price. Each paddle is developed and tested by Bruno SROKA","breadcrumb":{"@id":"https:\/\/srokacompany.com\/en\/why-choose-sroka-boards\/#breadcrumb"},"inLanguage":"en-US","potentialAction":[{"@type":"ReadAction","target":["https:\/\/srokacompany.com\/en\/why-choose-sroka-boards\/"]}]},{"@type":"BreadcrumbList","@id":"https:\/\/srokacompany.com\/en\/why-choose-sroka-boards\/#breadcrumb","itemListElement":[{"@type":"ListItem","position":1,"name":"Accueil","item":"https:\/\/srokacompany.com\/en\/"},{"@type":"ListItem","position":2,"name":"Why choose SROKA boards?"}]},{"@type":"WebSite","@id":"https:\/\/srokacompany.com\/en\/#website","url":"https:\/\/srokacompany.com\/en\/","name":"SROKA Company","description":"SUP, Kite, Foil, Wing","publisher":{"@id":"https:\/\/srokacompany.com\/en\/#organization"},"potentialAction":[{"@type":"SearchAction","target":{"@type":"EntryPoint","urlTemplate":"https:\/\/srokacompany.com\/en\/?s={search_term_string}"},"query-input":{"@type":"PropertyValueSpecification","valueRequired":true,"valueName":"search_term_string"}}],"inLanguage":"en-US"},{"@type":"Organization","@id":"https:\/\/srokacompany.com\/en\/#organization","name":"SROKACOMPANY","alternateName":"SROKA","url":"https:\/\/srokacompany.com\/en\/","logo":{"@type":"ImageObject","inLanguage":"en-US","@id":"https:\/\/srokacompany.com\/en\/#\/schema\/logo\/image\/","url":"https:\/\/srokacompany.com\/wp-content\/uploads\/2021\/01\/logo-sroka-black-transpa.png","contentUrl":"https:\/\/srokacompany.com\/wp-content\/uploads\/2021\/01\/logo-sroka-black-transpa.png","width":1201,"height":342,"caption":"SROKACOMPANY"},"image":{"@id":"https:\/\/srokacompany.com\/en\/#\/schema\/logo\/image\/"},"sameAs":["https:\/\/www.facebook.com\/srokawatersports\/","https:\/\/www.instagram.com\/srokawatersports\/","https:\/\/www.youtube.com\/channel\/UCVLHHeaPIm-J5bdEUgxqtZA"]}]}},"uagb_featured_image_src":{"full":false,"thumbnail":false,"medium":false,"medium_large":false,"large":false,"1536x1536":false,"2048x2048":false,"woocommerce_thumbnail":false,"woocommerce_single":false,"woocommerce_gallery_thumbnail":false,"dgwt-wcas-product-suggestion":false},"uagb_author_info":{"display_name":"Bruno Sroka","author_link":"https:\/\/srokacompany.com\/en\/blog\/author\/bruno\/"},"uagb_comment_info":0,"uagb_excerpt":null,"jetpack_sharing_enabled":true,"_links":{"self":[{"href":"https:\/\/srokacompany.com\/en\/wp-json\/wp\/v2\/pages\/337238","targetHints":{"allow":["GET"]}}],"collection":[{"href":"https:\/\/srokacompany.com\/en\/wp-json\/wp\/v2\/pages"}],"about":[{"href":"https:\/\/srokacompany.com\/en\/wp-json\/wp\/v2\/types\/page"}],"author":[{"embeddable":true,"href":"https:\/\/srokacompany.com\/en\/wp-json\/wp\/v2\/users\/4"}],"replies":[{"embeddable":true,"href":"https:\/\/srokacompany.com\/en\/wp-json\/wp\/v2\/comments?post=337238"}],"version-history":[{"count":1,"href":"https:\/\/srokacompany.com\/en\/wp-json\/wp\/v2\/pages\/337238\/revisions"}],"predecessor-version":[{"id":337248,"href":"https:\/\/srokacompany.com\/en\/wp-json\/wp\/v2\/pages\/337238\/revisions\/337248"}],"wp:attachment":[{"href":"https:\/\/srokacompany.com\/en\/wp-json\/wp\/v2\/media?parent=337238"}],"curies":[{"name":"wp","href":"https:\/\/api.w.org\/{rel}","templated":true}]}}