{"id":337190,"date":"2018-02-18T18:31:30","date_gmt":"2018-02-18T16:31:30","guid":{"rendered":"https:\/\/srokacompany.com\/por-que-elegir-las-placas-sroka\/"},"modified":"2025-06-26T09:17:18","modified_gmt":"2025-06-26T07:17:18","slug":"por-que-elegir-las-placas-sroka","status":"publish","type":"page","link":"https:\/\/srokacompany.com\/es\/por-que-elegir-las-placas-sroka\/","title":{"rendered":"\u00bfPor qu\u00e9 elegir las placas SROKA?"},"content":{"rendered":"<div class=\"image-annotation-text-container image-annotation-text-right\">\n  <div class=\"image-annotation-text-img\">\n        \n    <img decoding=\"async\" src=\"https:\/\/srokacompany.com\/wp-content\/uploads\/2018\/02\/DUo-paddle-sroka.jpg\" alt=\"DUo paddle sroka gonflable\" \/>\n  <\/div>\n  <div class=\"image-annotation-text-text-container\">\n          <h2 class=\"image-annotation-text-title sommaire-titles\">\n\n        M\u00e1s que una experiencia, una pasi\u00f3n      <\/h2>\n        <div class=\"image-annotation-text-description\"><p>La marca fue creada en 2013 cuando Bruno SROKA (3 veces campe\u00f3n del mundo de kitesurf y aventurero) dej\u00f3 de competir. Su pasado como deportista de alto nivel y profesor de educaci\u00f3n f\u00edsica ha unido dos mundos. La de la competici\u00f3n, la tecnicidad y la accesibilidad del deporte para todos ofreciendo productos f\u00e1ciles de usar. Cada producto une estos dos mundos. Las tablas de stand up paddle hinchables SROKA son innovadoras, eficientes, con mucho dise\u00f1o y una calidad de muy alta gama a un precio asequible. Esta p\u00e1gina explica c\u00f3mo y por qu\u00e9 elegir una tabla de paddle surf hinchable SROKA.<\/p>\n<\/div>\n          <\/div>\n<\/div>","protected":false},"excerpt":{"rendered":"","protected":false},"author":4,"featured_media":0,"parent":0,"menu_order":0,"comment_status":"closed","ping_status":"closed","template":"","meta":{"_acf_changed":false,"_uag_custom_page_level_css":"","footnotes":""},"class_list":["post-337190","page","type-page","status-publish","hentry"],"acf":[],"yoast_head":"<!-- This site is optimized with the Yoast SEO plugin v27.4 - https:\/\/yoast.com\/product\/yoast-seo-wordpress\/ -->\n<title>\u00bfC\u00f3mo y por qu\u00e9 elegir una tabla de paddle surf hinchable SROKA?<\/title>\n<meta name=\"description\" content=\"\u00bfC\u00f3mo y por qu\u00e9 elegir una tabla de paddle surf hinchable SROKA? La empresa SROKA naci\u00f3 del deseo de compartir la pasi\u00f3n por los deportes de tabla. Cada producto es un producto de alta gama con un dise\u00f1o sofisticado y un precio muy atractivo. Cada pala es desarrollada y probada por Bruno SROKA\" \/>\n<meta name=\"robots\" content=\"index, follow, max-snippet:-1, max-image-preview:large, max-video-preview:-1\" \/>\n<link rel=\"canonical\" href=\"https:\/\/srokacompany.com\/es\/por-que-elegir-las-placas-sroka\/\" \/>\n<meta property=\"og:locale\" content=\"es_ES\" \/>\n<meta property=\"og:type\" content=\"article\" \/>\n<meta property=\"og:title\" content=\"\u00bfC\u00f3mo y por qu\u00e9 elegir una tabla de paddle surf hinchable SROKA?\" \/>\n<meta property=\"og:description\" content=\"\u00bfC\u00f3mo y por qu\u00e9 elegir una tabla de paddle surf hinchable SROKA? La empresa SROKA naci\u00f3 del deseo de compartir la pasi\u00f3n por los deportes de tabla. Cada producto es un producto de alta gama con un dise\u00f1o sofisticado y un precio muy atractivo. Cada pala es desarrollada y probada por Bruno SROKA\" \/>\n<meta property=\"og:url\" content=\"https:\/\/srokacompany.com\/es\/por-que-elegir-las-placas-sroka\/\" \/>\n<meta property=\"og:site_name\" content=\"SROKA Company\" \/>\n<meta property=\"article:publisher\" content=\"https:\/\/www.facebook.com\/srokawatersports\/\" \/>\n<meta property=\"article:modified_time\" content=\"2025-06-26T07:17:18+00:00\" \/>\n<script type=\"application\/ld+json\" class=\"yoast-schema-graph\">{\"@context\":\"https:\\\/\\\/schema.org\",\"@graph\":[{\"@type\":\"WebPage\",\"@id\":\"https:\\\/\\\/srokacompany.com\\\/es\\\/por-que-elegir-las-placas-sroka\\\/\",\"url\":\"https:\\\/\\\/srokacompany.com\\\/es\\\/por-que-elegir-las-placas-sroka\\\/\",\"name\":\"\u00bfC\u00f3mo y por qu\u00e9 elegir una tabla de paddle surf hinchable SROKA?\",\"isPartOf\":{\"@id\":\"https:\\\/\\\/srokacompany.com\\\/es\\\/#website\"},\"datePublished\":\"2018-02-18T16:31:30+00:00\",\"dateModified\":\"2025-06-26T07:17:18+00:00\",\"description\":\"\u00bfC\u00f3mo y por qu\u00e9 elegir una tabla de paddle surf hinchable SROKA? La empresa SROKA naci\u00f3 del deseo de compartir la pasi\u00f3n por los deportes de tabla. Cada producto es un producto de alta gama con un dise\u00f1o sofisticado y un precio muy atractivo. Cada pala es desarrollada y probada por Bruno SROKA\",\"breadcrumb\":{\"@id\":\"https:\\\/\\\/srokacompany.com\\\/es\\\/por-que-elegir-las-placas-sroka\\\/#breadcrumb\"},\"inLanguage\":\"es\",\"potentialAction\":[{\"@type\":\"ReadAction\",\"target\":[\"https:\\\/\\\/srokacompany.com\\\/es\\\/por-que-elegir-las-placas-sroka\\\/\"]}]},{\"@type\":\"BreadcrumbList\",\"@id\":\"https:\\\/\\\/srokacompany.com\\\/es\\\/por-que-elegir-las-placas-sroka\\\/#breadcrumb\",\"itemListElement\":[{\"@type\":\"ListItem\",\"position\":1,\"name\":\"Accueil\",\"item\":\"https:\\\/\\\/srokacompany.com\\\/es\\\/\"},{\"@type\":\"ListItem\",\"position\":2,\"name\":\"\u00bfPor qu\u00e9 elegir las placas SROKA?\"}]},{\"@type\":\"WebSite\",\"@id\":\"https:\\\/\\\/srokacompany.com\\\/es\\\/#website\",\"url\":\"https:\\\/\\\/srokacompany.com\\\/es\\\/\",\"name\":\"SROKA Company\",\"description\":\"SUP, Kite, Foil, Wing\",\"publisher\":{\"@id\":\"https:\\\/\\\/srokacompany.com\\\/es\\\/#organization\"},\"potentialAction\":[{\"@type\":\"SearchAction\",\"target\":{\"@type\":\"EntryPoint\",\"urlTemplate\":\"https:\\\/\\\/srokacompany.com\\\/es\\\/?s={search_term_string}\"},\"query-input\":{\"@type\":\"PropertyValueSpecification\",\"valueRequired\":true,\"valueName\":\"search_term_string\"}}],\"inLanguage\":\"es\"},{\"@type\":\"Organization\",\"@id\":\"https:\\\/\\\/srokacompany.com\\\/es\\\/#organization\",\"name\":\"SROKACOMPANY\",\"alternateName\":\"SROKA\",\"url\":\"https:\\\/\\\/srokacompany.com\\\/es\\\/\",\"logo\":{\"@type\":\"ImageObject\",\"inLanguage\":\"es\",\"@id\":\"https:\\\/\\\/srokacompany.com\\\/es\\\/#\\\/schema\\\/logo\\\/image\\\/\",\"url\":\"https:\\\/\\\/srokacompany.com\\\/wp-content\\\/uploads\\\/2021\\\/01\\\/logo-sroka-black-transpa.png\",\"contentUrl\":\"https:\\\/\\\/srokacompany.com\\\/wp-content\\\/uploads\\\/2021\\\/01\\\/logo-sroka-black-transpa.png\",\"width\":1201,\"height\":342,\"caption\":\"SROKACOMPANY\"},\"image\":{\"@id\":\"https:\\\/\\\/srokacompany.com\\\/es\\\/#\\\/schema\\\/logo\\\/image\\\/\"},\"sameAs\":[\"https:\\\/\\\/www.facebook.com\\\/srokawatersports\\\/\",\"https:\\\/\\\/www.instagram.com\\\/srokawatersports\\\/\",\"https:\\\/\\\/www.youtube.com\\\/channel\\\/UCVLHHeaPIm-J5bdEUgxqtZA\"]}]}<\/script>\n<!-- \/ Yoast SEO plugin. -->","yoast_head_json":{"title":"\u00bfC\u00f3mo y por qu\u00e9 elegir una tabla de paddle surf hinchable SROKA?","description":"\u00bfC\u00f3mo y por qu\u00e9 elegir una tabla de paddle surf hinchable SROKA? La empresa SROKA naci\u00f3 del deseo de compartir la pasi\u00f3n por los deportes de tabla. Cada producto es un producto de alta gama con un dise\u00f1o sofisticado y un precio muy atractivo. Cada pala es desarrollada y probada por Bruno SROKA","robots":{"index":"index","follow":"follow","max-snippet":"max-snippet:-1","max-image-preview":"max-image-preview:large","max-video-preview":"max-video-preview:-1"},"canonical":"https:\/\/srokacompany.com\/es\/por-que-elegir-las-placas-sroka\/","og_locale":"es_ES","og_type":"article","og_title":"\u00bfC\u00f3mo y por qu\u00e9 elegir una tabla de paddle surf hinchable SROKA?","og_description":"\u00bfC\u00f3mo y por qu\u00e9 elegir una tabla de paddle surf hinchable SROKA? La empresa SROKA naci\u00f3 del deseo de compartir la pasi\u00f3n por los deportes de tabla. Cada producto es un producto de alta gama con un dise\u00f1o sofisticado y un precio muy atractivo. Cada pala es desarrollada y probada por Bruno SROKA","og_url":"https:\/\/srokacompany.com\/es\/por-que-elegir-las-placas-sroka\/","og_site_name":"SROKA Company","article_publisher":"https:\/\/www.facebook.com\/srokawatersports\/","article_modified_time":"2025-06-26T07:17:18+00:00","schema":{"@context":"https:\/\/schema.org","@graph":[{"@type":"WebPage","@id":"https:\/\/srokacompany.com\/es\/por-que-elegir-las-placas-sroka\/","url":"https:\/\/srokacompany.com\/es\/por-que-elegir-las-placas-sroka\/","name":"\u00bfC\u00f3mo y por qu\u00e9 elegir una tabla de paddle surf hinchable SROKA?","isPartOf":{"@id":"https:\/\/srokacompany.com\/es\/#website"},"datePublished":"2018-02-18T16:31:30+00:00","dateModified":"2025-06-26T07:17:18+00:00","description":"\u00bfC\u00f3mo y por qu\u00e9 elegir una tabla de paddle surf hinchable SROKA? La empresa SROKA naci\u00f3 del deseo de compartir la pasi\u00f3n por los deportes de tabla. Cada producto es un producto de alta gama con un dise\u00f1o sofisticado y un precio muy atractivo. Cada pala es desarrollada y probada por Bruno SROKA","breadcrumb":{"@id":"https:\/\/srokacompany.com\/es\/por-que-elegir-las-placas-sroka\/#breadcrumb"},"inLanguage":"es","potentialAction":[{"@type":"ReadAction","target":["https:\/\/srokacompany.com\/es\/por-que-elegir-las-placas-sroka\/"]}]},{"@type":"BreadcrumbList","@id":"https:\/\/srokacompany.com\/es\/por-que-elegir-las-placas-sroka\/#breadcrumb","itemListElement":[{"@type":"ListItem","position":1,"name":"Accueil","item":"https:\/\/srokacompany.com\/es\/"},{"@type":"ListItem","position":2,"name":"\u00bfPor qu\u00e9 elegir las placas SROKA?"}]},{"@type":"WebSite","@id":"https:\/\/srokacompany.com\/es\/#website","url":"https:\/\/srokacompany.com\/es\/","name":"SROKA Company","description":"SUP, Kite, Foil, Wing","publisher":{"@id":"https:\/\/srokacompany.com\/es\/#organization"},"potentialAction":[{"@type":"SearchAction","target":{"@type":"EntryPoint","urlTemplate":"https:\/\/srokacompany.com\/es\/?s={search_term_string}"},"query-input":{"@type":"PropertyValueSpecification","valueRequired":true,"valueName":"search_term_string"}}],"inLanguage":"es"},{"@type":"Organization","@id":"https:\/\/srokacompany.com\/es\/#organization","name":"SROKACOMPANY","alternateName":"SROKA","url":"https:\/\/srokacompany.com\/es\/","logo":{"@type":"ImageObject","inLanguage":"es","@id":"https:\/\/srokacompany.com\/es\/#\/schema\/logo\/image\/","url":"https:\/\/srokacompany.com\/wp-content\/uploads\/2021\/01\/logo-sroka-black-transpa.png","contentUrl":"https:\/\/srokacompany.com\/wp-content\/uploads\/2021\/01\/logo-sroka-black-transpa.png","width":1201,"height":342,"caption":"SROKACOMPANY"},"image":{"@id":"https:\/\/srokacompany.com\/es\/#\/schema\/logo\/image\/"},"sameAs":["https:\/\/www.facebook.com\/srokawatersports\/","https:\/\/www.instagram.com\/srokawatersports\/","https:\/\/www.youtube.com\/channel\/UCVLHHeaPIm-J5bdEUgxqtZA"]}]}},"uagb_featured_image_src":{"full":false,"thumbnail":false,"medium":false,"medium_large":false,"large":false,"1536x1536":false,"2048x2048":false,"woocommerce_thumbnail":false,"woocommerce_single":false,"woocommerce_gallery_thumbnail":false,"dgwt-wcas-product-suggestion":false},"uagb_author_info":{"display_name":"Bruno Sroka","author_link":"https:\/\/srokacompany.com\/es\/blog\/author\/bruno\/"},"uagb_comment_info":0,"uagb_excerpt":null,"jetpack_sharing_enabled":true,"_links":{"self":[{"href":"https:\/\/srokacompany.com\/es\/wp-json\/wp\/v2\/pages\/337190","targetHints":{"allow":["GET"]}}],"collection":[{"href":"https:\/\/srokacompany.com\/es\/wp-json\/wp\/v2\/pages"}],"about":[{"href":"https:\/\/srokacompany.com\/es\/wp-json\/wp\/v2\/types\/page"}],"author":[{"embeddable":true,"href":"https:\/\/srokacompany.com\/es\/wp-json\/wp\/v2\/users\/4"}],"replies":[{"embeddable":true,"href":"https:\/\/srokacompany.com\/es\/wp-json\/wp\/v2\/comments?post=337190"}],"version-history":[{"count":1,"href":"https:\/\/srokacompany.com\/es\/wp-json\/wp\/v2\/pages\/337190\/revisions"}],"predecessor-version":[{"id":337200,"href":"https:\/\/srokacompany.com\/es\/wp-json\/wp\/v2\/pages\/337190\/revisions\/337200"}],"wp:attachment":[{"href":"https:\/\/srokacompany.com\/es\/wp-json\/wp\/v2\/media?parent=337190"}],"curies":[{"name":"wp","href":"https:\/\/api.w.org\/{rel}","templated":true}]}}