{"id":337282,"date":"2018-05-30T10:34:00","date_gmt":"2018-05-30T08:34:00","guid":{"rendered":"https:\/\/srokacompany.com\/politica-de-privacidad\/"},"modified":"2025-06-26T09:17:29","modified_gmt":"2025-06-26T07:17:29","slug":"politica-de-privacidad","status":"publish","type":"page","link":"https:\/\/srokacompany.com\/es\/politica-de-privacidad\/","title":{"rendered":"Pol\u00edtica de privacidad"},"content":{"rendered":"<div class=\"titre-text-cta-container\">\n      <h2 class=\"titre-text-cta-titre sommaire-titles\">PROTECCI\u00d3N DE DATOS PERSONALES<\/h2>\n    <div class=\"titre-text-cta-text\"><p><span style=\"font-weight: 400\">Chez SROKA nous sommes soucieux de la protection des donn\u00e9es personnelles. C\u2019est pourquoi nous cherchons \u00e0 vous garantir la meilleure protection en conformit\u00e9 avec la loi Informatique et Libert\u00e9s.<\/span><\/p>\n<p><span style=\"font-weight: 400\">Pour plus d\u2019informations consultez le site de la Commission Informatique et Libert\u00e9 <\/span><a href=\"https:\/\/www.cnil.fr\/\"><span style=\"font-weight: 400\">www.cnil.fr<\/span><\/a><\/p>\n<h4><b>Collecte des donn\u00e9es personnelles<\/b><\/h4>\n<h4><b>Gestion de vos commandes :<\/b><\/h4>\n<p><span style=\"font-weight: 400\">Pour de bonnes relations commerciales et la gestion de vos commandes nous avons besoin des donn\u00e9es vous concernant. Ces donn\u00e9es peuvent \u00e9galement \u00eatre conserv\u00e9es pour preuves dans le respect des obligations l\u00e9gales et r\u00e9glementaires (garantie, paiement, litige\u2026).<\/span><\/p>\n<p><span style=\"font-weight: 400\">Personnalisation de nos offres et services :<\/span><\/p>\n<p><span style=\"font-weight: 400\">Dans une logique de personnalisation et d\u2019am\u00e9lioration de nos offres et services sur notre site internet et mobile, la collecte des donn\u00e9es personnelles est importante.<\/span><\/p>\n<ul>\n<li style=\"font-weight: 400\"><i><span style=\"font-weight: 400\">Les informations et Newsletters<\/span><\/i><\/li>\n<\/ul>\n<p><span style=\"font-weight: 400\">SROKA vous tient inform\u00e9 des offres et nouveaut\u00e9s dont vous pouvez b\u00e9n\u00e9ficier, ainsi nous vous envoyons des newsletters (email) dont nous pouvons analyser certaines donn\u00e9es : taux d\u2019ouverture et de clics, afin d\u2019adapter au mieux nos offres \u00e0 venir. Chaque courrier \u00e9lectronique vous permet de vous d\u00e9sabonner \u00e0 notre liste de diffusion. <\/span><\/p>\n<ul>\n<li style=\"font-weight: 400\"><i><span style=\"font-weight: 400\">Les mails commerciaux et alertes<\/span><\/i><\/li>\n<\/ul>\n<p><span style=\"font-weight: 400\">Vous \u00eates susceptible de recevoir des informations par mail suite \u00e0 une commande pass\u00e9e chez nous au motif par exemple de :<\/span><\/p>\n<ul>\n<li style=\"list-style-type: none\">\n<ul>\n<li style=\"font-weight: 400\"><span style=\"font-weight: 400\">vous cr\u00e9ez votre compte client \u00ab Mon compte \u00bb<\/span><\/li>\n<li style=\"font-weight: 400\"><span style=\"font-weight: 400\">vous effectuez une commande sur nos sites, applications ou en magasin<\/span><\/li>\n<li style=\"font-weight: 400\"><span style=\"font-weight: 400\">vous naviguez sur nos sites et applications et consultez des produits<\/span><\/li>\n<li style=\"font-weight: 400\"><span style=\"font-weight: 400\">vous participez \u00e0 un jeu ou un concours<\/span><\/li>\n<li style=\"font-weight: 400\"><span style=\"font-weight: 400\">vous contactez notre Service Client<\/span><\/li>\n<li style=\"font-weight: 400\"><span style=\"font-weight: 400\">vous r\u00e9digez un commentaire<\/span><\/li>\n<\/ul>\n<\/li>\n<\/ul>\n<p>&nbsp;<\/p>\n<h4><b>Les Donn\u00e9es collect\u00e9es sur le site SROKA<\/b><\/h4>\n<p><b>Quelles donn\u00e9es collect\u00e9es ?<\/b><\/p>\n<p><span style=\"font-weight: 400\">Nous collectons diff\u00e9rentes donn\u00e9es telles que : Nom, Pr\u00e9nom, Email, Mot de passe, N\u00b0 de t\u00e9l\u00e9phone, Adresse IP, Donn\u00e9es de connexions et de navigation, historiques de commandes, pr\u00e9f\u00e9rences et centres d\u2019int\u00e9r\u00eats, choix de livraison, \u00e9changes avec l\u2019\u00e9quipe.<\/span><\/p>\n<p><span style=\"font-weight: 400\">Un ast\u00e9risque vous informe du caract\u00e8re obligatoire ou non de renseigner une donn\u00e9e pr\u00e9cise. D\u2019autres donn\u00e9es sont collect\u00e9es automatiquement au vu de votre interactivit\u00e9 sur le site.<\/span><\/p>\n<p><span style=\"font-weight: 400\">Votre visite sur le site nous permets de r\u00e9colter des donn\u00e9es sur l\u2019audience, telles que le nombre de pages visit\u00e9es, le temps de visite, le nombre de visite sur le site,\u2026<\/span><\/p>\n<p><span style=\"font-weight: 400\">Aucune donn\u00e9e bancaire n&#8217;est enregistr\u00e9e ou ne transite sur le site Srokacompany.com.<\/span><\/p>\n<p>&nbsp;<\/p>\n<p><b>Quand les donn\u00e9es sont collect\u00e9es ?<\/b><\/p>\n<p><span style=\"font-weight: 400\">La r\u00e9colte des donn\u00e9es se fait en fonction de l\u2019entr\u00e9e de vos informations quand :<\/span><\/p>\n<ul>\n<li style=\"font-weight: 400\"><span style=\"font-weight: 400\">Vous cr\u00e9ez votre compte personnel<\/span><\/li>\n<li style=\"font-weight: 400\"><span style=\"font-weight: 400\">Vous vous inscrivez \u00e0 la newsletter<\/span><\/li>\n<li style=\"font-weight: 400\"><span style=\"font-weight: 400\">Vous naviguez sur le site et vous baladez sur les diff\u00e9rentes pages et produits<\/span><\/li>\n<li style=\"font-weight: 400\"><span style=\"font-weight: 400\">Vous nous contactez via le formulaire de contact ou sur le forum communautaire<\/span><\/li>\n<li style=\"font-weight: 400\"><span style=\"font-weight: 400\">Vous r\u00e9digez un avis sur un produit achet\u00e9<\/span><\/li>\n<\/ul>\n<p>&nbsp;<\/p>\n<p><b>Destination des donn\u00e9es<\/b><\/p>\n<p><span style=\"font-weight: 400\">Les donn\u00e9es collect\u00e9es sont exclusivement destin\u00e9es \u00e0 l&#8217;exploitation de Srokacompany.com; elles ne sont ni vendues ni lou\u00e9es.<\/span><\/p>\n<p><span style=\"font-weight: 400\">Elles peuvent \u00eatre transmises aux soci\u00e9t\u00e9s filiales ou sous-traitants auxquels SROKA fait appel dans le cadre de l&#8217;ex\u00e9cution de services et commandes notamment gestion et paiement.<\/span><\/p>\n<p>&nbsp;<\/p>\n<p><b>Vos droits concernant vos donn\u00e9es personnelles<\/b><\/p>\n<p><span style=\"font-weight: 400\">Conform\u00e9ment \u00e0 la loi Informatique et Libert\u00e9s du 6 janvier 1978 modifi\u00e9e par la loi du 6 Ao\u00fbt 2004, vous disposez d\u2019un droit d\u2019acc\u00e8s et de rectification et d\u2019opposition aux donn\u00e9es personnelles vous concernant. Pour cela vous pouvez \u00e9crire par email \u00e0 contactsrokashop@gmail.com ou par courrier \u00e0 Sroka Shop, Lieu-dit Keramoal (B\u00e2t Kerabox Nr.20) 29290 Milizac en nous indiquant votre nom, pr\u00e9nom, mail et r\u00e9f\u00e9rence client si possible. Conform\u00e9ment \u00e0 la r\u00e9glementation en vigueur, votre demande doit \u00eatre sign\u00e9e et accompagn\u00e9e de la photocopie d\u2019un titre d\u2019identit\u00e9 portant votre signature et pr\u00e9ciser l\u2019adresse \u00e0 laquelle doit vous parvenir la r\u00e9ponse. Une r\u00e9ponse vous sera alors adress\u00e9e dans un d\u00e9lai de 2 mois suivant la r\u00e9ception de la demande<\/span><\/p>\n<p>&nbsp;<\/p>\n<h4><b>R\u00e9seaux Sociaux<\/b><\/h4>\n<p><span style=\"font-weight: 400\">Utilisation de vos donn\u00e9es personnelles via les R\u00e9seaux Sociaux<\/span><\/p>\n<p><span style=\"font-weight: 400\">L\u2019utilisation des r\u00e9seaux sociaux de SROKA<\/span> <span style=\"font-weight: 400\">est susceptible d&#8217;entra\u00eener une collecte et un \u00e9change de certaines de vos donn\u00e9es entre les R\u00e9seaux sociaux et srokacompany.com<\/span><\/p>\n<p><span style=\"font-weight: 400\">Nous vous conseillons de consulter les politiques de protections des donn\u00e9es personnelles des r\u00e9seaux sociaux tels que Facebook et Instagram, qui peuvent \u00eatre susceptible d\u2019utiliser vos donn\u00e9es, notamment \u00e0 des fins publicitaires.<\/span><\/p>\n<p><span style=\"font-weight: 400\">Sur les R\u00e9seaux sociaux vous pouvez g\u00e9rer vos pr\u00e9f\u00e9rences directement sur vos profils. Ces donn\u00e9es sont r\u00e9colt\u00e9es \u00e0 des fins d\u2019adaptation publicitaire et d\u2019offre commerciale en fonction de vos besoins. Les informations recueillies par srokacompany.com \u00e0 travers les r\u00e9seaux sociaux sont pour le compte SROKA et r\u00e9gies par les pr\u00e9sentes conditions. En outre srokacompany.com n\u2019est pas responsable de l\u2019utilisation qui est faite de vos donn\u00e9es par les r\u00e9seaux sociaux.<\/span><\/p>\n<p>&nbsp;<\/p>\n<h4><b>Modules sociaux et \u00ab Plug-ins \u00bb<\/b><\/h4>\n<p><span style=\"font-weight: 400\">Srokacompany.com utilise sur son site des modules sociaux et \u00ab Plug-ins \u00bb qui vous permettent de partager des articles ou une page de notre site sur vos r\u00e9seaux sociaux. Par exemple les boutons \u00ab j&#8217;aime \u00bb, \u00ab partager \u00bb des r\u00e9seaux sociaux tiers tels que Facebook, Twitter, Google+\u2026. que vous pouvez trouver sur notre site. Ils vous permettent d&#8217;aimer (\u00ab liker \u00bb) et de partager des informations provenant de notre site avec vos amis sur les r\u00e9seaux sociaux. Lorsque vous consultez une page sur notre site <\/span><a href=\"https:\/\/srokacompany.com\"><span style=\"font-weight: 400\">www.srokacompany.com<\/span><\/a><span style=\"font-weight: 400\"> contenant des plugs-in ou modules sociaux, une connexion est \u00e9tablie avec les serveurs des r\u00e9seaux sociaux (Facebook, Twitter\u2026) qui sont alors inform\u00e9s que vous avez acc\u00e9d\u00e9 \u00e0 la page correspondante du site srokacompany.com consult\u00e9, et ce m\u00eame si vous ne poss\u00e9dez pas de compte utilisateur Facebook ou Twitter, et m\u00eame si vous n&#8217;\u00eates pas connect\u00e9 \u00e0 votre compte Facebook ou Twitter. Par exemple : Si vous \u00eates connect\u00e9 \u00e0 un r\u00e9seau social lors de votre navigation sur le site <\/span><a href=\"https:\/\/srokacompany.com\"><span style=\"font-weight: 400\">www.srokacompany.com<\/span><\/a><span style=\"font-weight: 400\">, les r\u00e9seaux sociaux auxquels vous \u00eates connect\u00e9s pourront faire mention de votre visite dans votre compte sur les r\u00e9seaux sociaux. Si vous utilisez les plug-ins (ex : like), vos actions pourront \u00eatre enregistr\u00e9es et publi\u00e9es sur vos comptes dans les r\u00e9seaux sociaux en fonction du param\u00e9trage de votre compte des r\u00e9seaux sociaux. Si vous ne souhaitez pas que les r\u00e9seaux sociaux publient vos actions issues des plug-ins dans vos comptes sur les r\u00e9seaux sociaux, vous devez vous d\u00e9connecter de vos r\u00e9seaux sociaux avant de visiter notre site.<\/span><\/p>\n<\/div>\n  <\/div>","protected":false},"excerpt":{"rendered":"","protected":false},"author":12,"featured_media":0,"parent":0,"menu_order":0,"comment_status":"closed","ping_status":"closed","template":"","meta":{"_acf_changed":false,"_uag_custom_page_level_css":"","footnotes":""},"class_list":["post-337282","page","type-page","status-publish","hentry"],"acf":[],"yoast_head":"<!-- This site is optimized with the Yoast SEO plugin v27.4 - https:\/\/yoast.com\/product\/yoast-seo-wordpress\/ -->\n<title>Pol\u00edtica de privacidad - SROKA Company<\/title>\n<meta name=\"description\" content=\"En SROKA nos preocupamos por la protecci\u00f3n de datos personales. Es por eso que buscamos garantizarte lo mejor...\" \/>\n<meta name=\"robots\" content=\"noindex, follow\" \/>\n<meta property=\"og:locale\" content=\"es_ES\" \/>\n<meta property=\"og:type\" content=\"article\" \/>\n<meta property=\"og:title\" content=\"Pol\u00edtica de privacidad - SROKA Company\" \/>\n<meta property=\"og:description\" content=\"En SROKA nos preocupamos por la protecci\u00f3n de datos personales. Es por eso que buscamos garantizarte lo mejor...\" \/>\n<meta property=\"og:url\" content=\"https:\/\/srokacompany.com\/es\/politica-de-privacidad\/\" \/>\n<meta property=\"og:site_name\" content=\"SROKA Company\" \/>\n<meta property=\"article:publisher\" content=\"https:\/\/www.facebook.com\/srokawatersports\/\" \/>\n<meta property=\"article:modified_time\" content=\"2025-06-26T07:17:29+00:00\" \/>\n<script type=\"application\/ld+json\" class=\"yoast-schema-graph\">{\"@context\":\"https:\\\/\\\/schema.org\",\"@graph\":[{\"@type\":\"WebPage\",\"@id\":\"https:\\\/\\\/srokacompany.com\\\/es\\\/politica-de-privacidad\\\/\",\"url\":\"https:\\\/\\\/srokacompany.com\\\/es\\\/politica-de-privacidad\\\/\",\"name\":\"Pol\u00edtica de privacidad - SROKA Company\",\"isPartOf\":{\"@id\":\"https:\\\/\\\/srokacompany.com\\\/es\\\/#website\"},\"datePublished\":\"2018-05-30T08:34:00+00:00\",\"dateModified\":\"2025-06-26T07:17:29+00:00\",\"description\":\"En SROKA nos preocupamos por la protecci\u00f3n de datos personales. Es por eso que buscamos garantizarte lo mejor...\",\"breadcrumb\":{\"@id\":\"https:\\\/\\\/srokacompany.com\\\/es\\\/politica-de-privacidad\\\/#breadcrumb\"},\"inLanguage\":\"es\",\"potentialAction\":[{\"@type\":\"ReadAction\",\"target\":[\"https:\\\/\\\/srokacompany.com\\\/es\\\/politica-de-privacidad\\\/\"]}]},{\"@type\":\"BreadcrumbList\",\"@id\":\"https:\\\/\\\/srokacompany.com\\\/es\\\/politica-de-privacidad\\\/#breadcrumb\",\"itemListElement\":[{\"@type\":\"ListItem\",\"position\":1,\"name\":\"Accueil\",\"item\":\"https:\\\/\\\/srokacompany.com\\\/es\\\/\"},{\"@type\":\"ListItem\",\"position\":2,\"name\":\"Pol\u00edtica de privacidad\"}]},{\"@type\":\"WebSite\",\"@id\":\"https:\\\/\\\/srokacompany.com\\\/es\\\/#website\",\"url\":\"https:\\\/\\\/srokacompany.com\\\/es\\\/\",\"name\":\"SROKA Company\",\"description\":\"SUP, Kite, Foil, Wing\",\"publisher\":{\"@id\":\"https:\\\/\\\/srokacompany.com\\\/es\\\/#organization\"},\"potentialAction\":[{\"@type\":\"SearchAction\",\"target\":{\"@type\":\"EntryPoint\",\"urlTemplate\":\"https:\\\/\\\/srokacompany.com\\\/es\\\/?s={search_term_string}\"},\"query-input\":{\"@type\":\"PropertyValueSpecification\",\"valueRequired\":true,\"valueName\":\"search_term_string\"}}],\"inLanguage\":\"es\"},{\"@type\":\"Organization\",\"@id\":\"https:\\\/\\\/srokacompany.com\\\/es\\\/#organization\",\"name\":\"SROKACOMPANY\",\"alternateName\":\"SROKA\",\"url\":\"https:\\\/\\\/srokacompany.com\\\/es\\\/\",\"logo\":{\"@type\":\"ImageObject\",\"inLanguage\":\"es\",\"@id\":\"https:\\\/\\\/srokacompany.com\\\/es\\\/#\\\/schema\\\/logo\\\/image\\\/\",\"url\":\"https:\\\/\\\/srokacompany.com\\\/wp-content\\\/uploads\\\/2021\\\/01\\\/logo-sroka-black-transpa.png\",\"contentUrl\":\"https:\\\/\\\/srokacompany.com\\\/wp-content\\\/uploads\\\/2021\\\/01\\\/logo-sroka-black-transpa.png\",\"width\":1201,\"height\":342,\"caption\":\"SROKACOMPANY\"},\"image\":{\"@id\":\"https:\\\/\\\/srokacompany.com\\\/es\\\/#\\\/schema\\\/logo\\\/image\\\/\"},\"sameAs\":[\"https:\\\/\\\/www.facebook.com\\\/srokawatersports\\\/\",\"https:\\\/\\\/www.instagram.com\\\/srokawatersports\\\/\",\"https:\\\/\\\/www.youtube.com\\\/channel\\\/UCVLHHeaPIm-J5bdEUgxqtZA\"]}]}<\/script>\n<!-- \/ Yoast SEO plugin. -->","yoast_head_json":{"title":"Pol\u00edtica de privacidad - SROKA Company","description":"En SROKA nos preocupamos por la protecci\u00f3n de datos personales. Es por eso que buscamos garantizarte lo mejor...","robots":{"index":"noindex","follow":"follow"},"og_locale":"es_ES","og_type":"article","og_title":"Pol\u00edtica de privacidad - SROKA Company","og_description":"En SROKA nos preocupamos por la protecci\u00f3n de datos personales. Es por eso que buscamos garantizarte lo mejor...","og_url":"https:\/\/srokacompany.com\/es\/politica-de-privacidad\/","og_site_name":"SROKA Company","article_publisher":"https:\/\/www.facebook.com\/srokawatersports\/","article_modified_time":"2025-06-26T07:17:29+00:00","schema":{"@context":"https:\/\/schema.org","@graph":[{"@type":"WebPage","@id":"https:\/\/srokacompany.com\/es\/politica-de-privacidad\/","url":"https:\/\/srokacompany.com\/es\/politica-de-privacidad\/","name":"Pol\u00edtica de privacidad - SROKA Company","isPartOf":{"@id":"https:\/\/srokacompany.com\/es\/#website"},"datePublished":"2018-05-30T08:34:00+00:00","dateModified":"2025-06-26T07:17:29+00:00","description":"En SROKA nos preocupamos por la protecci\u00f3n de datos personales. Es por eso que buscamos garantizarte lo mejor...","breadcrumb":{"@id":"https:\/\/srokacompany.com\/es\/politica-de-privacidad\/#breadcrumb"},"inLanguage":"es","potentialAction":[{"@type":"ReadAction","target":["https:\/\/srokacompany.com\/es\/politica-de-privacidad\/"]}]},{"@type":"BreadcrumbList","@id":"https:\/\/srokacompany.com\/es\/politica-de-privacidad\/#breadcrumb","itemListElement":[{"@type":"ListItem","position":1,"name":"Accueil","item":"https:\/\/srokacompany.com\/es\/"},{"@type":"ListItem","position":2,"name":"Pol\u00edtica de privacidad"}]},{"@type":"WebSite","@id":"https:\/\/srokacompany.com\/es\/#website","url":"https:\/\/srokacompany.com\/es\/","name":"SROKA Company","description":"SUP, Kite, Foil, Wing","publisher":{"@id":"https:\/\/srokacompany.com\/es\/#organization"},"potentialAction":[{"@type":"SearchAction","target":{"@type":"EntryPoint","urlTemplate":"https:\/\/srokacompany.com\/es\/?s={search_term_string}"},"query-input":{"@type":"PropertyValueSpecification","valueRequired":true,"valueName":"search_term_string"}}],"inLanguage":"es"},{"@type":"Organization","@id":"https:\/\/srokacompany.com\/es\/#organization","name":"SROKACOMPANY","alternateName":"SROKA","url":"https:\/\/srokacompany.com\/es\/","logo":{"@type":"ImageObject","inLanguage":"es","@id":"https:\/\/srokacompany.com\/es\/#\/schema\/logo\/image\/","url":"https:\/\/srokacompany.com\/wp-content\/uploads\/2021\/01\/logo-sroka-black-transpa.png","contentUrl":"https:\/\/srokacompany.com\/wp-content\/uploads\/2021\/01\/logo-sroka-black-transpa.png","width":1201,"height":342,"caption":"SROKACOMPANY"},"image":{"@id":"https:\/\/srokacompany.com\/es\/#\/schema\/logo\/image\/"},"sameAs":["https:\/\/www.facebook.com\/srokawatersports\/","https:\/\/www.instagram.com\/srokawatersports\/","https:\/\/www.youtube.com\/channel\/UCVLHHeaPIm-J5bdEUgxqtZA"]}]}},"uagb_featured_image_src":{"full":false,"thumbnail":false,"medium":false,"medium_large":false,"large":false,"1536x1536":false,"2048x2048":false,"woocommerce_thumbnail":false,"woocommerce_single":false,"woocommerce_gallery_thumbnail":false,"dgwt-wcas-product-suggestion":false},"uagb_author_info":{"display_name":"Audrey Triquenaux","author_link":"https:\/\/srokacompany.com\/es\/blog\/author\/audrey\/"},"uagb_comment_info":0,"uagb_excerpt":null,"jetpack_sharing_enabled":true,"_links":{"self":[{"href":"https:\/\/srokacompany.com\/es\/wp-json\/wp\/v2\/pages\/337282","targetHints":{"allow":["GET"]}}],"collection":[{"href":"https:\/\/srokacompany.com\/es\/wp-json\/wp\/v2\/pages"}],"about":[{"href":"https:\/\/srokacompany.com\/es\/wp-json\/wp\/v2\/types\/page"}],"author":[{"embeddable":true,"href":"https:\/\/srokacompany.com\/es\/wp-json\/wp\/v2\/users\/12"}],"replies":[{"embeddable":true,"href":"https:\/\/srokacompany.com\/es\/wp-json\/wp\/v2\/comments?post=337282"}],"version-history":[{"count":1,"href":"https:\/\/srokacompany.com\/es\/wp-json\/wp\/v2\/pages\/337282\/revisions"}],"predecessor-version":[{"id":337284,"href":"https:\/\/srokacompany.com\/es\/wp-json\/wp\/v2\/pages\/337282\/revisions\/337284"}],"wp:attachment":[{"href":"https:\/\/srokacompany.com\/es\/wp-json\/wp\/v2\/media?parent=337282"}],"curies":[{"name":"wp","href":"https:\/\/api.w.org\/{rel}","templated":true}]}}