{"id":337285,"date":"2018-03-09T16:20:50","date_gmt":"2018-03-09T14:20:50","guid":{"rendered":"https:\/\/srokacompany.com\/catalogo-de-productos-sroka\/"},"modified":"2025-06-26T09:17:31","modified_gmt":"2025-06-26T07:17:31","slug":"catalogo-de-productos-sroka","status":"publish","type":"page","link":"https:\/\/srokacompany.com\/es\/catalogo-de-productos-sroka\/","title":{"rendered":"Cat\u00e1logo de productos SROKA"},"content":{"rendered":"<div class=\"titre-text-cta-container\">\n      <h2 class=\"titre-text-cta-titre sommaire-titles\">Desarrollamos, creamos y compartimos nuestra pasi\u00f3n contigo<\/h2>\n    <div class=\"titre-text-cta-text\"><h3 id=\"anchor-602bd4043cb12\" style=\"text-align: center\">2021<\/h3>\n<p>L&#8217;ann\u00e9e 2021 a \u00e9t\u00e9\u00a0 marqu\u00e9e par le d\u00e9veloppement de notre gamme Wingfoil. Ce nouveau support si magique et intriguant en fait un de nos produits best-sellers de cette ann\u00e9e. Chaque produit est test\u00e9 et d\u00e9velopp\u00e9 par notre \u00e9quipe en Bretagne. Nous portons une grande attention \u00e0 d\u00e9velopper les produits les plus adapt\u00e9s et les plus durables dans le temps. Passionn\u00e9s, nous y mettons toutes notre \u00e9nergie et savoir faire.<\/p>\n<p>La passion drive notre philosophie de marque. Ce <strong>catalogue des produits<\/strong> refl\u00e8te notre mani\u00e8re de vivre notre passion et de la partager avec vous. Nous restons \u00e0 l&#8217;\u00e9coute de vos besoins et essayons sens cesse de nous am\u00e9liorer en r\u00e9pondant \u00e0 vos besoins.<\/p>\n<div id=\"attachment_31047\" style=\"width: 246px\" class=\"wp-caption aligncenter\"><a href=\"https:\/\/srokacompany.com\/wp-content\/uploads\/2021\/02\/Catalogue-Sroka-2021.pdf\" target=\"_blank\" rel=\"noopener\"><img decoding=\"async\" aria-describedby=\"caption-attachment-31047\" class=\"wp-image-31047\" src=\"https:\/\/srokacompany.com\/wp-content\/uploads\/2021\/02\/Catalogue-Sroka-scaled.jpg\" alt=\"\" width=\"236\" height=\"335\" srcset=\"https:\/\/srokacompany.com\/wp-content\/uploads\/2021\/02\/Catalogue-Sroka-scaled.jpg 1809w, https:\/\/srokacompany.com\/wp-content\/uploads\/2021\/02\/Catalogue-Sroka-212x300.jpg 212w, https:\/\/srokacompany.com\/wp-content\/uploads\/2021\/02\/Catalogue-Sroka-724x1024.jpg 724w, https:\/\/srokacompany.com\/wp-content\/uploads\/2021\/02\/Catalogue-Sroka-768x1087.jpg 768w, https:\/\/srokacompany.com\/wp-content\/uploads\/2021\/02\/Catalogue-Sroka-1086x1536.jpg 1086w, https:\/\/srokacompany.com\/wp-content\/uploads\/2021\/02\/Catalogue-Sroka-1447x2048.jpg 1447w, https:\/\/srokacompany.com\/wp-content\/uploads\/2021\/02\/Catalogue-Sroka-600x849.jpg 600w\" sizes=\"(max-width: 236px) 100vw, 236px\" \/><\/a><p id=\"caption-attachment-31047\" class=\"wp-caption-text\">Catalogue Sroka 2021 &#8211; CLIQUEZ SUR LE CATALOGUE POUR LE T\u00c9L\u00c9CHARGER<\/p><\/div>\n<h3 id=\"anchor-602bd2bb29f19\" style=\"text-align: center\">2020<\/h3>\n<p>&nbsp;<\/p>\n<div id=\"attachment_24166\" style=\"width: 223px\" class=\"wp-caption aligncenter\"><a href=\"https:\/\/drive.google.com\/file\/d\/1q9l7Y-EZ4R7eahJiMsdUb3h825H7TCug\/view?usp=sharing\"><img decoding=\"async\" aria-describedby=\"caption-attachment-24166\" class=\"wp-image-24166 size-full\" title=\"Catalogue SROKA Company 2020\" src=\"https:\/\/srokacompany.com\/wp-content\/uploads\/2020\/07\/catalogue-SROKA-2020.jpg\" alt=\"\" width=\"213\" height=\"296\" \/><\/a><p id=\"caption-attachment-24166\" class=\"wp-caption-text\">T\u00e9l\u00e9chargez le catalogue des produits Sroka 2020<\/p><\/div>\n<p>&nbsp;<\/p>\n<p>Pour plus d&#8217;informations sur nos produits, cliquez sur les liens suivants: <a href=\"https:\/\/srokacompany.com\/es\/produit\/paleta-hinchable-easy\/\">Stand up paddle gonflable<\/a>, <a href=\"https:\/\/srokacompany.com\/blog\/wing-foil-a-lanzarote\/\">Wingfoil<\/a>, <a href=\"https:\/\/srokacompany.com\/es\/\">kitefoil<\/a>, <a href=\"https:\/\/srokacompany.com\/es\/\">Supfoil<\/a>, <a href=\"https:\/\/srokacompany.com\/es\/eshop\/surf-foil-es\/\">Surffoil<\/a>, <a href=\"https:\/\/srokacompany.com\/es\/\">Windfoil<\/a>, <a href=\"https:\/\/srokacompany.com\/es\/\">Kitesurf<\/a><\/p>\n<p>&nbsp;<\/p>\n<p>&nbsp;<\/p>\n<h3 id=\"anchor-602bd2bb29f22\" style=\"text-align: center\">2019<\/h3>\n<div id=\"attachment_8544\" style=\"width: 223px\" class=\"wp-caption alignright\"><a href=\"https:\/\/issuu.com\/srokashop\/docs\/sroka_catalogue_2019_fr_web\" target=\"_blank\" rel=\"noopener noreferrer\"><img decoding=\"async\" aria-describedby=\"caption-attachment-8544\" class=\"wp-image-8544 size-medium\" src=\"https:\/\/srokacompany.com\/wp-content\/uploads\/2019\/02\/couverture-catalogue-2019-213x300.jpg\" alt=\"Catalogue des produits Sroka 2019\" width=\"213\" height=\"300\" srcset=\"https:\/\/srokacompany.com\/wp-content\/uploads\/2019\/02\/couverture-catalogue-2019-213x300.jpg 213w, https:\/\/srokacompany.com\/wp-content\/uploads\/2019\/02\/couverture-catalogue-2019-600x847.jpg 600w, https:\/\/srokacompany.com\/wp-content\/uploads\/2019\/02\/couverture-catalogue-2019-726x1024.jpg 726w, https:\/\/srokacompany.com\/wp-content\/uploads\/2019\/02\/couverture-catalogue-2019.jpg 749w\" sizes=\"(max-width: 213px) 100vw, 213px\" \/><\/a><p id=\"caption-attachment-8544\" class=\"wp-caption-text\">Visionnez en ligne le catalogue Sroka 2019<\/p><\/div>\n<div id=\"attachment_8544\" style=\"width: 223px\" class=\"wp-caption alignleft\"><a href=\"https:\/\/drive.google.com\/file\/d\/1XdKwGOSTq7VMthag94jJe2-k3bqB65Kc\/view\" target=\"_blank\" rel=\"noopener noreferrer\"><img decoding=\"async\" aria-describedby=\"caption-attachment-8544\" class=\"wp-image-8544 size-medium\" src=\"https:\/\/srokacompany.com\/wp-content\/uploads\/2019\/02\/couverture-catalogue-2019-213x300.jpg\" alt=\"Catalogue des produits Sroka 2019\" width=\"213\" height=\"300\" srcset=\"https:\/\/srokacompany.com\/wp-content\/uploads\/2019\/02\/couverture-catalogue-2019-213x300.jpg 213w, https:\/\/srokacompany.com\/wp-content\/uploads\/2019\/02\/couverture-catalogue-2019-600x847.jpg 600w, https:\/\/srokacompany.com\/wp-content\/uploads\/2019\/02\/couverture-catalogue-2019-726x1024.jpg 726w, https:\/\/srokacompany.com\/wp-content\/uploads\/2019\/02\/couverture-catalogue-2019.jpg 749w\" sizes=\"(max-width: 213px) 100vw, 213px\" \/><\/a><p id=\"caption-attachment-8544\" class=\"wp-caption-text\">T\u00e9l\u00e9chargez le catalogue des produits Sroka 2019<\/p><\/div>\n<p>&nbsp;<\/p>\n<p>&nbsp;<\/p>\n<p>&nbsp;<\/p>\n<h3 id=\"anchor-602bd2bb29f29\" style=\"text-align: center\">2018<\/h3>\n<div id=\"attachment_1731\" style=\"width: 235px\" class=\"wp-caption alignleft\"><a href=\"https:\/\/drive.google.com\/file\/d\/1c9AVzBOT-dvNdkfinZIpy6kYHl6gnzfH\/view\" target=\"_blank\" rel=\"noopener noreferrer\"><img decoding=\"async\" aria-describedby=\"caption-attachment-1731\" class=\"wp-image-1731 size-medium\" src=\"https:\/\/srokacompany.com\/wp-content\/uploads\/2018\/03\/brochure-225x300.jpg\" alt=\"couverture du catalogue des produits Sroka 2018\" width=\"225\" height=\"300\" srcset=\"https:\/\/srokacompany.com\/wp-content\/uploads\/2018\/03\/brochure-225x300.jpg 225w, https:\/\/srokacompany.com\/wp-content\/uploads\/2018\/03\/brochure-600x800.jpg 600w, https:\/\/srokacompany.com\/wp-content\/uploads\/2018\/03\/brochure-768x1024.jpg 768w, https:\/\/srokacompany.com\/wp-content\/uploads\/2018\/03\/brochure.jpg 780w\" sizes=\"(max-width: 225px) 100vw, 225px\" \/><\/a><p id=\"caption-attachment-1731\" class=\"wp-caption-text\">T\u00e9l\u00e9chargez le catalogue Sroka 2018<\/p><\/div>\n<\/div>\n  <\/div>\n<p><\/p>\n","protected":false},"excerpt":{"rendered":"","protected":false},"author":4,"featured_media":0,"parent":0,"menu_order":0,"comment_status":"closed","ping_status":"closed","template":"","meta":{"_acf_changed":false,"_uag_custom_page_level_css":"","footnotes":""},"class_list":["post-337285","page","type-page","status-publish","hentry"],"acf":[],"yoast_head":"<!-- This site is optimized with the Yoast SEO plugin v27.4 - https:\/\/yoast.com\/product\/yoast-seo-wordpress\/ -->\n<title>Cat\u00e1logo de productos SROKA - SROKA Company<\/title>\n<meta name=\"description\" content=\"Desarrollamos productos para usted en nuestras costas bretonas. Esta p\u00e1gina hace referencia a los cat\u00e1logos de productos SROKA de los \u00faltimos tres a\u00f1os\" \/>\n<meta name=\"robots\" content=\"noindex, nofollow\" \/>\n<meta property=\"og:locale\" content=\"es_ES\" \/>\n<meta property=\"og:type\" content=\"article\" \/>\n<meta property=\"og:title\" content=\"Cat\u00e1logo de productos SROKA - SROKA Company\" \/>\n<meta property=\"og:description\" content=\"Desarrollamos productos para usted en nuestras costas bretonas. Esta p\u00e1gina hace referencia a los cat\u00e1logos de productos SROKA de los \u00faltimos tres a\u00f1os\" \/>\n<meta property=\"og:url\" content=\"https:\/\/srokacompany.com\/es\/catalogo-de-productos-sroka\/\" \/>\n<meta property=\"og:site_name\" content=\"SROKA Company\" \/>\n<meta property=\"article:publisher\" content=\"https:\/\/www.facebook.com\/srokawatersports\/\" \/>\n<meta property=\"article:modified_time\" content=\"2025-06-26T07:17:31+00:00\" \/>\n<script type=\"application\/ld+json\" class=\"yoast-schema-graph\">{\"@context\":\"https:\\\/\\\/schema.org\",\"@graph\":[{\"@type\":\"WebPage\",\"@id\":\"https:\\\/\\\/srokacompany.com\\\/es\\\/catalogo-de-productos-sroka\\\/\",\"url\":\"https:\\\/\\\/srokacompany.com\\\/es\\\/catalogo-de-productos-sroka\\\/\",\"name\":\"Cat\u00e1logo de productos SROKA - SROKA Company\",\"isPartOf\":{\"@id\":\"https:\\\/\\\/srokacompany.com\\\/es\\\/#website\"},\"datePublished\":\"2018-03-09T14:20:50+00:00\",\"dateModified\":\"2025-06-26T07:17:31+00:00\",\"description\":\"Desarrollamos productos para usted en nuestras costas bretonas. Esta p\u00e1gina hace referencia a los cat\u00e1logos de productos SROKA de los \u00faltimos tres a\u00f1os\",\"breadcrumb\":{\"@id\":\"https:\\\/\\\/srokacompany.com\\\/es\\\/catalogo-de-productos-sroka\\\/#breadcrumb\"},\"inLanguage\":\"es\",\"potentialAction\":[{\"@type\":\"ReadAction\",\"target\":[\"https:\\\/\\\/srokacompany.com\\\/es\\\/catalogo-de-productos-sroka\\\/\"]}]},{\"@type\":\"BreadcrumbList\",\"@id\":\"https:\\\/\\\/srokacompany.com\\\/es\\\/catalogo-de-productos-sroka\\\/#breadcrumb\",\"itemListElement\":[{\"@type\":\"ListItem\",\"position\":1,\"name\":\"Accueil\",\"item\":\"https:\\\/\\\/srokacompany.com\\\/es\\\/\"},{\"@type\":\"ListItem\",\"position\":2,\"name\":\"Cat\u00e1logo de productos SROKA\"}]},{\"@type\":\"WebSite\",\"@id\":\"https:\\\/\\\/srokacompany.com\\\/es\\\/#website\",\"url\":\"https:\\\/\\\/srokacompany.com\\\/es\\\/\",\"name\":\"SROKA Company\",\"description\":\"SUP, Kite, Foil, Wing\",\"publisher\":{\"@id\":\"https:\\\/\\\/srokacompany.com\\\/es\\\/#organization\"},\"potentialAction\":[{\"@type\":\"SearchAction\",\"target\":{\"@type\":\"EntryPoint\",\"urlTemplate\":\"https:\\\/\\\/srokacompany.com\\\/es\\\/?s={search_term_string}\"},\"query-input\":{\"@type\":\"PropertyValueSpecification\",\"valueRequired\":true,\"valueName\":\"search_term_string\"}}],\"inLanguage\":\"es\"},{\"@type\":\"Organization\",\"@id\":\"https:\\\/\\\/srokacompany.com\\\/es\\\/#organization\",\"name\":\"SROKACOMPANY\",\"alternateName\":\"SROKA\",\"url\":\"https:\\\/\\\/srokacompany.com\\\/es\\\/\",\"logo\":{\"@type\":\"ImageObject\",\"inLanguage\":\"es\",\"@id\":\"https:\\\/\\\/srokacompany.com\\\/es\\\/#\\\/schema\\\/logo\\\/image\\\/\",\"url\":\"https:\\\/\\\/srokacompany.com\\\/wp-content\\\/uploads\\\/2021\\\/01\\\/logo-sroka-black-transpa.png\",\"contentUrl\":\"https:\\\/\\\/srokacompany.com\\\/wp-content\\\/uploads\\\/2021\\\/01\\\/logo-sroka-black-transpa.png\",\"width\":1201,\"height\":342,\"caption\":\"SROKACOMPANY\"},\"image\":{\"@id\":\"https:\\\/\\\/srokacompany.com\\\/es\\\/#\\\/schema\\\/logo\\\/image\\\/\"},\"sameAs\":[\"https:\\\/\\\/www.facebook.com\\\/srokawatersports\\\/\",\"https:\\\/\\\/www.instagram.com\\\/srokawatersports\\\/\",\"https:\\\/\\\/www.youtube.com\\\/channel\\\/UCVLHHeaPIm-J5bdEUgxqtZA\"]}]}<\/script>\n<!-- \/ Yoast SEO plugin. -->","yoast_head_json":{"title":"Cat\u00e1logo de productos SROKA - SROKA Company","description":"Desarrollamos productos para usted en nuestras costas bretonas. Esta p\u00e1gina hace referencia a los cat\u00e1logos de productos SROKA de los \u00faltimos tres a\u00f1os","robots":{"index":"noindex","follow":"nofollow"},"og_locale":"es_ES","og_type":"article","og_title":"Cat\u00e1logo de productos SROKA - SROKA Company","og_description":"Desarrollamos productos para usted en nuestras costas bretonas. Esta p\u00e1gina hace referencia a los cat\u00e1logos de productos SROKA de los \u00faltimos tres a\u00f1os","og_url":"https:\/\/srokacompany.com\/es\/catalogo-de-productos-sroka\/","og_site_name":"SROKA Company","article_publisher":"https:\/\/www.facebook.com\/srokawatersports\/","article_modified_time":"2025-06-26T07:17:31+00:00","schema":{"@context":"https:\/\/schema.org","@graph":[{"@type":"WebPage","@id":"https:\/\/srokacompany.com\/es\/catalogo-de-productos-sroka\/","url":"https:\/\/srokacompany.com\/es\/catalogo-de-productos-sroka\/","name":"Cat\u00e1logo de productos SROKA - SROKA Company","isPartOf":{"@id":"https:\/\/srokacompany.com\/es\/#website"},"datePublished":"2018-03-09T14:20:50+00:00","dateModified":"2025-06-26T07:17:31+00:00","description":"Desarrollamos productos para usted en nuestras costas bretonas. Esta p\u00e1gina hace referencia a los cat\u00e1logos de productos SROKA de los \u00faltimos tres a\u00f1os","breadcrumb":{"@id":"https:\/\/srokacompany.com\/es\/catalogo-de-productos-sroka\/#breadcrumb"},"inLanguage":"es","potentialAction":[{"@type":"ReadAction","target":["https:\/\/srokacompany.com\/es\/catalogo-de-productos-sroka\/"]}]},{"@type":"BreadcrumbList","@id":"https:\/\/srokacompany.com\/es\/catalogo-de-productos-sroka\/#breadcrumb","itemListElement":[{"@type":"ListItem","position":1,"name":"Accueil","item":"https:\/\/srokacompany.com\/es\/"},{"@type":"ListItem","position":2,"name":"Cat\u00e1logo de productos SROKA"}]},{"@type":"WebSite","@id":"https:\/\/srokacompany.com\/es\/#website","url":"https:\/\/srokacompany.com\/es\/","name":"SROKA Company","description":"SUP, Kite, Foil, Wing","publisher":{"@id":"https:\/\/srokacompany.com\/es\/#organization"},"potentialAction":[{"@type":"SearchAction","target":{"@type":"EntryPoint","urlTemplate":"https:\/\/srokacompany.com\/es\/?s={search_term_string}"},"query-input":{"@type":"PropertyValueSpecification","valueRequired":true,"valueName":"search_term_string"}}],"inLanguage":"es"},{"@type":"Organization","@id":"https:\/\/srokacompany.com\/es\/#organization","name":"SROKACOMPANY","alternateName":"SROKA","url":"https:\/\/srokacompany.com\/es\/","logo":{"@type":"ImageObject","inLanguage":"es","@id":"https:\/\/srokacompany.com\/es\/#\/schema\/logo\/image\/","url":"https:\/\/srokacompany.com\/wp-content\/uploads\/2021\/01\/logo-sroka-black-transpa.png","contentUrl":"https:\/\/srokacompany.com\/wp-content\/uploads\/2021\/01\/logo-sroka-black-transpa.png","width":1201,"height":342,"caption":"SROKACOMPANY"},"image":{"@id":"https:\/\/srokacompany.com\/es\/#\/schema\/logo\/image\/"},"sameAs":["https:\/\/www.facebook.com\/srokawatersports\/","https:\/\/www.instagram.com\/srokawatersports\/","https:\/\/www.youtube.com\/channel\/UCVLHHeaPIm-J5bdEUgxqtZA"]}]}},"uagb_featured_image_src":{"full":false,"thumbnail":false,"medium":false,"medium_large":false,"large":false,"1536x1536":false,"2048x2048":false,"woocommerce_thumbnail":false,"woocommerce_single":false,"woocommerce_gallery_thumbnail":false,"dgwt-wcas-product-suggestion":false},"uagb_author_info":{"display_name":"Bruno Sroka","author_link":"https:\/\/srokacompany.com\/es\/blog\/author\/bruno\/"},"uagb_comment_info":0,"uagb_excerpt":null,"jetpack_sharing_enabled":true,"_links":{"self":[{"href":"https:\/\/srokacompany.com\/es\/wp-json\/wp\/v2\/pages\/337285","targetHints":{"allow":["GET"]}}],"collection":[{"href":"https:\/\/srokacompany.com\/es\/wp-json\/wp\/v2\/pages"}],"about":[{"href":"https:\/\/srokacompany.com\/es\/wp-json\/wp\/v2\/types\/page"}],"author":[{"embeddable":true,"href":"https:\/\/srokacompany.com\/es\/wp-json\/wp\/v2\/users\/4"}],"replies":[{"embeddable":true,"href":"https:\/\/srokacompany.com\/es\/wp-json\/wp\/v2\/comments?post=337285"}],"version-history":[{"count":1,"href":"https:\/\/srokacompany.com\/es\/wp-json\/wp\/v2\/pages\/337285\/revisions"}],"predecessor-version":[{"id":337292,"href":"https:\/\/srokacompany.com\/es\/wp-json\/wp\/v2\/pages\/337285\/revisions\/337292"}],"wp:attachment":[{"href":"https:\/\/srokacompany.com\/es\/wp-json\/wp\/v2\/media?parent=337285"}],"curies":[{"name":"wp","href":"https:\/\/api.w.org\/{rel}","templated":true}]}}