{"id":337322,"date":"2023-11-07T10:03:04","date_gmt":"2023-11-07T08:03:04","guid":{"rendered":"https:\/\/srokacompany.com\/embajadores\/"},"modified":"2025-09-30T16:26:22","modified_gmt":"2025-09-30T14:26:22","slug":"embajadores","status":"publish","type":"page","link":"https:\/\/srokacompany.com\/es\/embajadores\/","title":{"rendered":"Embajadores"},"content":{"rendered":"\n<style>\n  @media screen and (min-width: 1200px) {\n    .home-banner-section-mobile {\n      display: none;\n    }\n  }\n\n  @media screen and (max-width: 1199px) {\n    .home-banner-section-mobile {\n      display: block !important;\n    }\n\t  .home-banner-section {\n      display: none;\n    }\n  }\n<\/style>\n\n<div class=\"home-banner-section\" style=\"background-image: url(https:\/\/srokacompany.com\/wp-content\/uploads\/2019\/02\/22-06-18-SROKA-STAND-UP-PADDLE-GIRLY-LE-MORNE-MAURITIUS-6-scaled.jpg)\">\n  <!-- <div class=\"top-bar\">\n    <input type=\"text\" class=\"search-bar\" placeholder=\"Rechercher\" \/>\n    <div class=\"home-banner-cta contact-us\">\n      <a href=\"#\">\n        <span class=\"not-display-phone\">Nous contacter<\/span>\n      <\/a>\n    <\/div>\n  <\/div> -->\n  <div class=\"home-banner-texts\">\n    <h1>Embajadores<\/h1>\n    <div class=\"home-banner-description h3\">\u00bfPor qu\u00e9 convertirse en embajador de la marca SROKA?<\/div>\n      <\/div>\n  <\/div>\n<div class=\"home-banner-section home-banner-section-mobile\" style=\"background-image: url(https:\/\/srokacompany.com\/wp-content\/uploads\/2019\/02\/22-06-18-SROKA-STAND-UP-PADDLE-GIRLY-LE-MORNE-MAURITIUS-6-scaled.jpg)\">\n  <!-- <div class=\"top-bar\">\n    <input type=\"text\" class=\"search-bar\" placeholder=\"Rechercher\" \/>\n    <div class=\"home-banner-cta contact-us\">\n      <a href=\"#\">\n        <span class=\"not-display-phone\">Nous contacter<\/span>\n      <\/a>\n    <\/div>\n  <\/div> -->\n  <div class=\"home-banner-texts\">\n    <h1>Embajadores<\/h1>\n    <div class=\"home-banner-description h3\">\u00bfPor qu\u00e9 convertirse en embajador de la marca SROKA?<\/div>\n      <\/div>\n  <\/div><div class=\"image-annotation-text-container image-annotation-text-left\">\n  <div class=\"image-annotation-text-img\">\n        \n    <img decoding=\"async\" src=\"https:\/\/srokacompany.com\/wp-content\/uploads\/2025\/05\/DSC06959-Panorama-scaled.jpg\" alt=\"\" \/>\n  <\/div>\n  <div class=\"image-annotation-text-text-container\">\n          <h2 class=\"image-annotation-text-title sommaire-titles\">\n\n        El papel del embajador de SROKA      <\/h2>\n        <div class=\"image-annotation-text-description\"><p><!-- wp:paragraph -->Como embajador de la empresa SROKA, encarnas nuestra pasi\u00f3n por los deportes de tabla y compartes nuestros valores de innovaci\u00f3n, calidad y accesibilidad. Como aut\u00e9ntico embajador de nuestra marca, introducir\u00e1s a tu comunidad en el mundo de SROKA, probar\u00e1s nuestros nuevos productos e inspirar\u00e1s a otros riders para que experimenten la aventura en el agua. Tu misi\u00f3n: representar a SROKA durante tus sesiones, en las redes sociales, en eventos y en la vida cotidiana, promoviendo al mismo tiempo la calidad y el esp\u00edritu familiar de nuestra marca.  <\/p>\n<p><!-- \/wp:paragraph --><!-- wp:heading --><\/p>\n<h2 class=\"wp-block-heading\">Ventajas para nuestros embajadores<\/h2>\n<p><!-- \/wp:heading --><!-- wp:list --><\/p>\n<ul class=\"wp-block-list\">\n<li style=\"list-style-type: none\">\n<ul class=\"wp-block-list\"><!-- wp:list-item --><\/p>\n<li><strong>Acceso privilegiado<\/strong>: obtenga un anticipo de nuestros nuevos productos y pru\u00e9belos antes que nadie.<\/li>\n<\/ul>\n<\/li>\n<\/ul>\n<p><!-- \/wp:list-item --> <!-- wp:list-item --><\/p>\n<ul class=\"wp-block-list\">\n<li style=\"list-style-type: none\">\n<ul class=\"wp-block-list\">\n<li>Equipamientos <strong>con tarifas preferentes<\/strong>: aproveche los equipamientos exclusivos, los descuentos especiales o los packs embajador.<\/li>\n<\/ul>\n<\/li>\n<\/ul>\n<p><!-- \/wp:list-item --> <!-- wp:list-item --><\/p>\n<ul class=\"wp-block-list\">\n<li style=\"list-style-type: none\">\n<ul class=\"wp-block-list\">\n<li><strong>Participe en la vida de la marca<\/strong>: \u00fanase a nuestro grupo de embajadores, hable con el equipo de SROKA, d\u00e9 su opini\u00f3n sobre futuros productos e influya en nuestras decisiones de desarrollo.<\/li>\n<\/ul>\n<\/li>\n<\/ul>\n<p><!-- \/wp:list-item --> <!-- wp:list-item --><\/p>\n<ul class=\"wp-block-list\">\n<li style=\"list-style-type: none\">\n<ul class=\"wp-block-list\">\n<li><strong>Visibilidad y reconocimiento<\/strong>: aparecer\u00e1 en nuestras redes sociales, nuestra p\u00e1gina web y en los eventos de nuestros socios.<\/li>\n<\/ul>\n<\/li>\n<\/ul>\n<p><!-- \/wp:list-item --> <!-- wp:list-item --><\/p>\n<ul class=\"wp-block-list\">\n<li style=\"list-style-type: none\">\n<ul class=\"wp-block-list\">\n<li><strong>Experiencias exclusivas<\/strong>: invitaciones a jornadas de pruebas, sesiones fotogr\u00e1ficas, pruebas de productos y encuentros con otros entusiastas de la comunidad.<\/li>\n<\/ul>\n<\/li>\n<\/ul>\n<p><!-- \/wp:list-item --> <!-- wp:list-item --><\/p>\n<ul class=\"wp-block-list\">\n<li style=\"list-style-type: none\">\n<ul class=\"wp-block-list\">\n<li><strong>Relaci\u00f3nate y ay\u00fadate mutuamente<\/strong>: \u00fanete a una comunidad de ciclistas muy unida y comparte tus experiencias, consejos y lugares favoritos.<\/li>\n<\/ul>\n<\/li>\n<\/ul>\n<p><!-- \/wp:list-item --> <!-- wp:list-item --><\/p>\n<ul class=\"wp-block-list\">\n<li style=\"list-style-type: none\">\n<ul class=\"wp-block-list\">\n<li><strong>Oportunidades de crecimiento<\/strong>: desarrolle sus habilidades de creaci\u00f3n de contenidos y gane credibilidad y notoriedad en el mundo de los deportes de tabla.<\/li>\n<\/ul>\n<\/li>\n<\/ul>\n<p><!-- \/wp:list-item --> <!-- wp:list-item --><\/p>\n<ul class=\"wp-block-list\">\n<li style=\"list-style-type: none\">\n<ul class=\"wp-block-list\">\n<li><strong>Ay\u00fadenos a aumentar el n\u00famero de usuarios de SROKA<\/strong> haciendo probar su equipo y comparti\u00e9ndolo con su comunidad.<\/li>\n<\/ul>\n<\/li>\n<\/ul>\n<p><!-- \/wp:list-item --><!-- \/wp:list --><\/p>\n<\/div>\n          <\/div>\n<\/div><div class=\"image-annotation-text-container image-annotation-text-right\">\n  <div class=\"image-annotation-text-img\">\n        \n    <img decoding=\"async\" src=\"https:\/\/srokacompany.com\/wp-content\/uploads\/2023\/01\/210925-WakeFoil-Sroka-Drone-287-scaled-1.jpg\" alt=\"WakeFoil Sroka Drone\" \/>\n  <\/div>\n  <div class=\"image-annotation-text-text-container\">\n          <h2 class=\"image-annotation-text-title sommaire-titles\">\n\n        Los compromisos del embajador de SROKA      <\/h2>\n        <div class=\"image-annotation-text-description\"><p><!-- wp:list --><\/p>\n<ul class=\"wp-block-list\">\n<li style=\"list-style-type: none\">\n<ul class=\"wp-block-list\"><!-- wp:list-item --><\/p>\n<li><strong>Representar la marca<\/strong> con entusiasmo y autenticidad, respetando nuestros valores, nuestra imagen y nuestros productos.<\/li>\n<\/ul>\n<\/li>\n<\/ul>\n<p><!-- \/wp:list-item --> <!-- wp:list-item --><\/p>\n<ul class=\"wp-block-list\">\n<li style=\"list-style-type: none\">\n<ul class=\"wp-block-list\">\n<li><strong>Crea y comparte contenidos<\/strong> de calidad (fotos, v\u00eddeos, historias) destacando los productos SROKA durante tus sesiones, en tus redes sociales y con tu comunidad.<\/li>\n<\/ul>\n<\/li>\n<\/ul>\n<p><!-- \/wp:list-item --> <!-- wp:list-item --><\/p>\n<ul class=\"wp-block-list\">\n<li style=\"list-style-type: none\">\n<ul class=\"wp-block-list\">\n<li><strong>Ser activo en la comunidad<\/strong> participando en debates, grupos o foros, intercambiando con otros miembros y ayudando a animar la comunidad y a promover la marca SROKA (sin denigrar a otras marcas).<\/li>\n<\/ul>\n<\/li>\n<\/ul>\n<p><!-- \/wp:list-item --> <!-- wp:list-item --><\/p>\n<ul class=\"wp-block-list\">\n<li style=\"list-style-type: none\">\n<ul class=\"wp-block-list\">\n<li><strong>D\u00e9 su opini\u00f3n constructiva<\/strong> sobre los productos probados y comparta sus sugerencias de mejora con nuestro equipo.<\/li>\n<\/ul>\n<\/li>\n<\/ul>\n<p><!-- \/wp:list-item --> <!-- wp:list-item --><\/p>\n<ul class=\"wp-block-list\">\n<li style=\"list-style-type: none\">\n<ul class=\"wp-block-list\">\n<li><strong>Promocione la marca<\/strong> en eventos, competiciones, reuniones y entre su red de contactos, o simplemente comparti\u00e9ndola con otras personas en el agua o en la playa. Adopte una actitud positiva, respetuosa y solidaria, acorde con los valores de la marca. <\/li>\n<\/ul>\n<\/li>\n<\/ul>\n<p><!-- \/wp:list-item --> <!-- wp:list-item --><\/p>\n<ul class=\"wp-block-list\">\n<li style=\"list-style-type: none\">\n<ul class=\"wp-block-list\">\n<li><strong>Respetar la \u00e9tica deportiva<\/strong> y el esp\u00edritu de apoyo mutuo que constituyen la fuerza de la empresa SROKA.<\/li>\n<\/ul>\n<\/li>\n<\/ul>\n<p><!-- \/wp:list-item --><!-- \/wp:list --><\/p>\n<\/div>\n          <div class=\"image-annotation-text-annotation\">\n                  <h3 class='anotation-title-container'>\n                        \u00bfListo para unirte a la aventura SROKA?          <\/h3>\n                <p><p>Si vous \u00eates passionn\u00e9 de glisse, cr\u00e9atif, engag\u00e9 et souhaitez vivre une exp\u00e9rience unique au sein d\u2019une marque innovante, postulez pour devenir ambassadeur SROKA Company. Ensemble, partageons la passion de l\u2019eau et faisons grandir la communaut\u00e9 SROKA !<\/p>\n<p>Envoyez nous un email sur <strong>contact@srokacompany.com <\/strong>et commen\u00e7ons une nouvelle aventure ensemble !<\/p>\n<p><!-- \/wp:paragraph --><\/p>\n<\/p>\n      <\/div>\n          <\/div>\n<\/div>\n<h2 class=\"wp-block-heading\"><\/h2>\n","protected":false},"excerpt":{"rendered":"","protected":false},"author":722,"featured_media":337324,"parent":0,"menu_order":0,"comment_status":"closed","ping_status":"closed","template":"","meta":{"_acf_changed":false,"_uag_custom_page_level_css":"","footnotes":""},"class_list":["post-337322","page","type-page","status-publish","has-post-thumbnail","hentry"],"acf":[],"yoast_head":"<!-- This site is optimized with the Yoast SEO plugin v27.4 - https:\/\/yoast.com\/product\/yoast-seo-wordpress\/ -->\n<title>Embajadores - SROKA Company<\/title>\n<meta name=\"description\" content=\"Convi\u00e9rtete en Embajador SROKA: vive la pasi\u00f3n por los deportes de deslizamiento, prueba novedades, comparte tus experiencias y difunde el esp\u00edritu de nuestra marca. Disfruta de beneficios exclusivos, visibilidad, comunidad comprometida y oportunidades \u00fanicas.\" \/>\n<meta name=\"robots\" content=\"index, follow, max-snippet:-1, max-image-preview:large, max-video-preview:-1\" \/>\n<link rel=\"canonical\" href=\"https:\/\/srokacompany.com\/es\/embajadores\/\" \/>\n<meta property=\"og:locale\" content=\"es_ES\" \/>\n<meta property=\"og:type\" content=\"article\" \/>\n<meta property=\"og:title\" content=\"Embajadores - SROKA Company\" \/>\n<meta property=\"og:description\" content=\"Convi\u00e9rtete en Embajador SROKA: vive la pasi\u00f3n por los deportes de deslizamiento, prueba novedades, comparte tus experiencias y difunde el esp\u00edritu de nuestra marca. Disfruta de beneficios exclusivos, visibilidad, comunidad comprometida y oportunidades \u00fanicas.\" \/>\n<meta property=\"og:url\" content=\"https:\/\/srokacompany.com\/es\/embajadores\/\" \/>\n<meta property=\"og:site_name\" content=\"SROKA Company\" \/>\n<meta property=\"article:publisher\" content=\"https:\/\/www.facebook.com\/srokawatersports\/\" \/>\n<meta property=\"article:modified_time\" content=\"2025-09-30T14:26:22+00:00\" \/>\n<meta property=\"og:image\" content=\"https:\/\/srokacompany.com\/wp-content\/uploads\/2019\/02\/22-06-18-SROKA-STAND-UP-PADDLE-GIRLY-LE-MORNE-MAURITIUS-6-scaled.jpg\" \/>\n\t<meta property=\"og:image:width\" content=\"1708\" \/>\n\t<meta property=\"og:image:height\" content=\"2560\" \/>\n\t<meta property=\"og:image:type\" content=\"image\/jpeg\" \/>\n<script type=\"application\/ld+json\" class=\"yoast-schema-graph\">{\"@context\":\"https:\\\/\\\/schema.org\",\"@graph\":[{\"@type\":\"WebPage\",\"@id\":\"https:\\\/\\\/srokacompany.com\\\/es\\\/embajadores\\\/\",\"url\":\"https:\\\/\\\/srokacompany.com\\\/es\\\/embajadores\\\/\",\"name\":\"Embajadores - SROKA Company\",\"isPartOf\":{\"@id\":\"https:\\\/\\\/srokacompany.com\\\/es\\\/#website\"},\"primaryImageOfPage\":{\"@id\":\"https:\\\/\\\/srokacompany.com\\\/es\\\/embajadores\\\/#primaryimage\"},\"image\":{\"@id\":\"https:\\\/\\\/srokacompany.com\\\/es\\\/embajadores\\\/#primaryimage\"},\"thumbnailUrl\":\"https:\\\/\\\/srokacompany.com\\\/wp-content\\\/uploads\\\/2019\\\/02\\\/22-06-18-SROKA-STAND-UP-PADDLE-GIRLY-LE-MORNE-MAURITIUS-6-scaled.jpg\",\"datePublished\":\"2023-11-07T08:03:04+00:00\",\"dateModified\":\"2025-09-30T14:26:22+00:00\",\"description\":\"Convi\u00e9rtete en Embajador SROKA: vive la pasi\u00f3n por los deportes de deslizamiento, prueba novedades, comparte tus experiencias y difunde el esp\u00edritu de nuestra marca. Disfruta de beneficios exclusivos, visibilidad, comunidad comprometida y oportunidades \u00fanicas.\",\"breadcrumb\":{\"@id\":\"https:\\\/\\\/srokacompany.com\\\/es\\\/embajadores\\\/#breadcrumb\"},\"inLanguage\":\"es\",\"potentialAction\":[{\"@type\":\"ReadAction\",\"target\":[\"https:\\\/\\\/srokacompany.com\\\/es\\\/embajadores\\\/\"]}]},{\"@type\":\"ImageObject\",\"inLanguage\":\"es\",\"@id\":\"https:\\\/\\\/srokacompany.com\\\/es\\\/embajadores\\\/#primaryimage\",\"url\":\"https:\\\/\\\/srokacompany.com\\\/wp-content\\\/uploads\\\/2019\\\/02\\\/22-06-18-SROKA-STAND-UP-PADDLE-GIRLY-LE-MORNE-MAURITIUS-6-scaled.jpg\",\"contentUrl\":\"https:\\\/\\\/srokacompany.com\\\/wp-content\\\/uploads\\\/2019\\\/02\\\/22-06-18-SROKA-STAND-UP-PADDLE-GIRLY-LE-MORNE-MAURITIUS-6-scaled.jpg\",\"width\":1708,\"height\":2560},{\"@type\":\"BreadcrumbList\",\"@id\":\"https:\\\/\\\/srokacompany.com\\\/es\\\/embajadores\\\/#breadcrumb\",\"itemListElement\":[{\"@type\":\"ListItem\",\"position\":1,\"name\":\"Accueil\",\"item\":\"https:\\\/\\\/srokacompany.com\\\/es\\\/\"},{\"@type\":\"ListItem\",\"position\":2,\"name\":\"Embajadores\"}]},{\"@type\":\"WebSite\",\"@id\":\"https:\\\/\\\/srokacompany.com\\\/es\\\/#website\",\"url\":\"https:\\\/\\\/srokacompany.com\\\/es\\\/\",\"name\":\"SROKA Company\",\"description\":\"SUP, Kite, Foil, Wing\",\"publisher\":{\"@id\":\"https:\\\/\\\/srokacompany.com\\\/es\\\/#organization\"},\"potentialAction\":[{\"@type\":\"SearchAction\",\"target\":{\"@type\":\"EntryPoint\",\"urlTemplate\":\"https:\\\/\\\/srokacompany.com\\\/es\\\/?s={search_term_string}\"},\"query-input\":{\"@type\":\"PropertyValueSpecification\",\"valueRequired\":true,\"valueName\":\"search_term_string\"}}],\"inLanguage\":\"es\"},{\"@type\":\"Organization\",\"@id\":\"https:\\\/\\\/srokacompany.com\\\/es\\\/#organization\",\"name\":\"SROKACOMPANY\",\"alternateName\":\"SROKA\",\"url\":\"https:\\\/\\\/srokacompany.com\\\/es\\\/\",\"logo\":{\"@type\":\"ImageObject\",\"inLanguage\":\"es\",\"@id\":\"https:\\\/\\\/srokacompany.com\\\/es\\\/#\\\/schema\\\/logo\\\/image\\\/\",\"url\":\"https:\\\/\\\/srokacompany.com\\\/wp-content\\\/uploads\\\/2021\\\/01\\\/logo-sroka-black-transpa.png\",\"contentUrl\":\"https:\\\/\\\/srokacompany.com\\\/wp-content\\\/uploads\\\/2021\\\/01\\\/logo-sroka-black-transpa.png\",\"width\":1201,\"height\":342,\"caption\":\"SROKACOMPANY\"},\"image\":{\"@id\":\"https:\\\/\\\/srokacompany.com\\\/es\\\/#\\\/schema\\\/logo\\\/image\\\/\"},\"sameAs\":[\"https:\\\/\\\/www.facebook.com\\\/srokawatersports\\\/\",\"https:\\\/\\\/www.instagram.com\\\/srokawatersports\\\/\",\"https:\\\/\\\/www.youtube.com\\\/channel\\\/UCVLHHeaPIm-J5bdEUgxqtZA\"]}]}<\/script>\n<!-- \/ Yoast SEO plugin. -->","yoast_head_json":{"title":"Embajadores - SROKA Company","description":"Convi\u00e9rtete en Embajador SROKA: vive la pasi\u00f3n por los deportes de deslizamiento, prueba novedades, comparte tus experiencias y difunde el esp\u00edritu de nuestra marca. Disfruta de beneficios exclusivos, visibilidad, comunidad comprometida y oportunidades \u00fanicas.","robots":{"index":"index","follow":"follow","max-snippet":"max-snippet:-1","max-image-preview":"max-image-preview:large","max-video-preview":"max-video-preview:-1"},"canonical":"https:\/\/srokacompany.com\/es\/embajadores\/","og_locale":"es_ES","og_type":"article","og_title":"Embajadores - SROKA Company","og_description":"Convi\u00e9rtete en Embajador SROKA: vive la pasi\u00f3n por los deportes de deslizamiento, prueba novedades, comparte tus experiencias y difunde el esp\u00edritu de nuestra marca. Disfruta de beneficios exclusivos, visibilidad, comunidad comprometida y oportunidades \u00fanicas.","og_url":"https:\/\/srokacompany.com\/es\/embajadores\/","og_site_name":"SROKA Company","article_publisher":"https:\/\/www.facebook.com\/srokawatersports\/","article_modified_time":"2025-09-30T14:26:22+00:00","og_image":[{"width":1708,"height":2560,"url":"https:\/\/srokacompany.com\/wp-content\/uploads\/2019\/02\/22-06-18-SROKA-STAND-UP-PADDLE-GIRLY-LE-MORNE-MAURITIUS-6-scaled.jpg","type":"image\/jpeg"}],"schema":{"@context":"https:\/\/schema.org","@graph":[{"@type":"WebPage","@id":"https:\/\/srokacompany.com\/es\/embajadores\/","url":"https:\/\/srokacompany.com\/es\/embajadores\/","name":"Embajadores - SROKA Company","isPartOf":{"@id":"https:\/\/srokacompany.com\/es\/#website"},"primaryImageOfPage":{"@id":"https:\/\/srokacompany.com\/es\/embajadores\/#primaryimage"},"image":{"@id":"https:\/\/srokacompany.com\/es\/embajadores\/#primaryimage"},"thumbnailUrl":"https:\/\/srokacompany.com\/wp-content\/uploads\/2019\/02\/22-06-18-SROKA-STAND-UP-PADDLE-GIRLY-LE-MORNE-MAURITIUS-6-scaled.jpg","datePublished":"2023-11-07T08:03:04+00:00","dateModified":"2025-09-30T14:26:22+00:00","description":"Convi\u00e9rtete en Embajador SROKA: vive la pasi\u00f3n por los deportes de deslizamiento, prueba novedades, comparte tus experiencias y difunde el esp\u00edritu de nuestra marca. Disfruta de beneficios exclusivos, visibilidad, comunidad comprometida y oportunidades \u00fanicas.","breadcrumb":{"@id":"https:\/\/srokacompany.com\/es\/embajadores\/#breadcrumb"},"inLanguage":"es","potentialAction":[{"@type":"ReadAction","target":["https:\/\/srokacompany.com\/es\/embajadores\/"]}]},{"@type":"ImageObject","inLanguage":"es","@id":"https:\/\/srokacompany.com\/es\/embajadores\/#primaryimage","url":"https:\/\/srokacompany.com\/wp-content\/uploads\/2019\/02\/22-06-18-SROKA-STAND-UP-PADDLE-GIRLY-LE-MORNE-MAURITIUS-6-scaled.jpg","contentUrl":"https:\/\/srokacompany.com\/wp-content\/uploads\/2019\/02\/22-06-18-SROKA-STAND-UP-PADDLE-GIRLY-LE-MORNE-MAURITIUS-6-scaled.jpg","width":1708,"height":2560},{"@type":"BreadcrumbList","@id":"https:\/\/srokacompany.com\/es\/embajadores\/#breadcrumb","itemListElement":[{"@type":"ListItem","position":1,"name":"Accueil","item":"https:\/\/srokacompany.com\/es\/"},{"@type":"ListItem","position":2,"name":"Embajadores"}]},{"@type":"WebSite","@id":"https:\/\/srokacompany.com\/es\/#website","url":"https:\/\/srokacompany.com\/es\/","name":"SROKA Company","description":"SUP, Kite, Foil, Wing","publisher":{"@id":"https:\/\/srokacompany.com\/es\/#organization"},"potentialAction":[{"@type":"SearchAction","target":{"@type":"EntryPoint","urlTemplate":"https:\/\/srokacompany.com\/es\/?s={search_term_string}"},"query-input":{"@type":"PropertyValueSpecification","valueRequired":true,"valueName":"search_term_string"}}],"inLanguage":"es"},{"@type":"Organization","@id":"https:\/\/srokacompany.com\/es\/#organization","name":"SROKACOMPANY","alternateName":"SROKA","url":"https:\/\/srokacompany.com\/es\/","logo":{"@type":"ImageObject","inLanguage":"es","@id":"https:\/\/srokacompany.com\/es\/#\/schema\/logo\/image\/","url":"https:\/\/srokacompany.com\/wp-content\/uploads\/2021\/01\/logo-sroka-black-transpa.png","contentUrl":"https:\/\/srokacompany.com\/wp-content\/uploads\/2021\/01\/logo-sroka-black-transpa.png","width":1201,"height":342,"caption":"SROKACOMPANY"},"image":{"@id":"https:\/\/srokacompany.com\/es\/#\/schema\/logo\/image\/"},"sameAs":["https:\/\/www.facebook.com\/srokawatersports\/","https:\/\/www.instagram.com\/srokawatersports\/","https:\/\/www.youtube.com\/channel\/UCVLHHeaPIm-J5bdEUgxqtZA"]}]}},"uagb_featured_image_src":{"full":["https:\/\/srokacompany.com\/wp-content\/uploads\/2019\/02\/22-06-18-SROKA-STAND-UP-PADDLE-GIRLY-LE-MORNE-MAURITIUS-6-scaled.jpg",1708,2560,false],"thumbnail":["https:\/\/srokacompany.com\/wp-content\/uploads\/2019\/02\/22-06-18-SROKA-STAND-UP-PADDLE-GIRLY-LE-MORNE-MAURITIUS-6-150x150.jpg",150,150,true],"medium":["https:\/\/srokacompany.com\/wp-content\/uploads\/2019\/02\/22-06-18-SROKA-STAND-UP-PADDLE-GIRLY-LE-MORNE-MAURITIUS-6-200x300.jpg",200,300,true],"medium_large":["https:\/\/srokacompany.com\/wp-content\/uploads\/2019\/02\/22-06-18-SROKA-STAND-UP-PADDLE-GIRLY-LE-MORNE-MAURITIUS-6-768x1151.jpg",768,1151,true],"large":["https:\/\/srokacompany.com\/wp-content\/uploads\/2019\/02\/22-06-18-SROKA-STAND-UP-PADDLE-GIRLY-LE-MORNE-MAURITIUS-6-683x1024.jpg",683,1024,true],"1536x1536":["https:\/\/srokacompany.com\/wp-content\/uploads\/2019\/02\/22-06-18-SROKA-STAND-UP-PADDLE-GIRLY-LE-MORNE-MAURITIUS-6-1025x1536.jpg",1025,1536,true],"2048x2048":["https:\/\/srokacompany.com\/wp-content\/uploads\/2019\/02\/22-06-18-SROKA-STAND-UP-PADDLE-GIRLY-LE-MORNE-MAURITIUS-6-1366x2048.jpg",1366,2048,true],"woocommerce_thumbnail":["https:\/\/srokacompany.com\/wp-content\/uploads\/2019\/02\/22-06-18-SROKA-STAND-UP-PADDLE-GIRLY-LE-MORNE-MAURITIUS-6-600x900.jpg",600,900,true],"woocommerce_single":["https:\/\/srokacompany.com\/wp-content\/uploads\/2019\/02\/22-06-18-SROKA-STAND-UP-PADDLE-GIRLY-LE-MORNE-MAURITIUS-6-600x900.jpg",600,900,true],"woocommerce_gallery_thumbnail":["https:\/\/srokacompany.com\/wp-content\/uploads\/2019\/02\/22-06-18-SROKA-STAND-UP-PADDLE-GIRLY-LE-MORNE-MAURITIUS-6-100x100.jpg",100,100,true],"dgwt-wcas-product-suggestion":["https:\/\/srokacompany.com\/wp-content\/uploads\/2019\/02\/22-06-18-SROKA-STAND-UP-PADDLE-GIRLY-LE-MORNE-MAURITIUS-6-scaled.jpg",64,96,false]},"uagb_author_info":{"display_name":"Emmanuel DIJOUX","author_link":"https:\/\/srokacompany.com\/es\/blog\/author\/emmanuel-d\/"},"uagb_comment_info":0,"uagb_excerpt":null,"jetpack_sharing_enabled":true,"_links":{"self":[{"href":"https:\/\/srokacompany.com\/es\/wp-json\/wp\/v2\/pages\/337322","targetHints":{"allow":["GET"]}}],"collection":[{"href":"https:\/\/srokacompany.com\/es\/wp-json\/wp\/v2\/pages"}],"about":[{"href":"https:\/\/srokacompany.com\/es\/wp-json\/wp\/v2\/types\/page"}],"author":[{"embeddable":true,"href":"https:\/\/srokacompany.com\/es\/wp-json\/wp\/v2\/users\/722"}],"replies":[{"embeddable":true,"href":"https:\/\/srokacompany.com\/es\/wp-json\/wp\/v2\/comments?post=337322"}],"version-history":[{"count":1,"href":"https:\/\/srokacompany.com\/es\/wp-json\/wp\/v2\/pages\/337322\/revisions"}],"predecessor-version":[{"id":337328,"href":"https:\/\/srokacompany.com\/es\/wp-json\/wp\/v2\/pages\/337322\/revisions\/337328"}],"wp:featuredmedia":[{"embeddable":true,"href":"https:\/\/srokacompany.com\/es\/wp-json\/wp\/v2\/media\/337324"}],"wp:attachment":[{"href":"https:\/\/srokacompany.com\/es\/wp-json\/wp\/v2\/media?parent=337322"}],"curies":[{"name":"wp","href":"https:\/\/api.w.org\/{rel}","templated":true}]}}