{"id":337384,"date":"2025-04-30T08:01:11","date_gmt":"2025-04-30T06:01:11","guid":{"rendered":"https:\/\/srokacompany.com\/centros-de-examen\/"},"modified":"2025-10-01T10:09:32","modified_gmt":"2025-10-01T08:09:32","slug":"centros-de-examen","status":"publish","type":"page","link":"https:\/\/srokacompany.com\/es\/centros-de-examen\/","title":{"rendered":"Centros de examen"},"content":{"rendered":"<div class=\"titre-text-cta-container\">\n      <h2 class=\"titre-text-cta-titre sommaire-titles\">Pruebe los productos de SROKA Company en nuestros Centros de Pruebas o en nuestras Jornadas de Pruebas<\/h2>\n    <div class=\"titre-text-cta-text\"><p><!-- wp:paragraph -->Chez SROKA Company, nous sommes convaincus qu\u2019il n\u2019y a rien de mieux que de tester un produit pour en appr\u00e9cier la qualit\u00e9, la performance et la compatibilit\u00e9 avec votre pratique. C\u2019est pourquoi nous avons d\u00e9velopp\u00e9 un r\u00e9seau Fran\u00e7ais de Test Centers pour vous permettre d\u2019essayer nos \u00e9quipements de glisse \u2013 Wing Foil, SUP Foil, Surf Foil, Wake Foil avant de faire votre choix.<\/p>\n<p><!-- \/wp:paragraph --><!-- wp:heading --><\/p>\n<h2 class=\"wp-block-heading\">Nous disposons de<strong> 3 Tests Centers permanents pour vous accueillir toute l\u2019ann\u00e9e<\/strong> et tester nos produits<\/h2>\n<p><!-- \/wp:heading --><\/p>\n<\/div>\n  <\/div><div class=\"image-annotation-text-container image-annotation-text-right\">\n  <div class=\"image-annotation-text-img\">\n        \n    <img decoding=\"async\" src=\"https:\/\/srokacompany.com\/wp-content\/uploads\/2025\/05\/Capture-decran-2025-05-12-a-09.28.54.png\" alt=\"\" \/>\n  <\/div>\n  <div class=\"image-annotation-text-text-container\">\n          <h2 class=\"image-annotation-text-title sommaire-titles\">\n\n        Centro de pruebas y escuela de Crozon (Breta\u00f1a)      <\/h2>\n        <div class=\"image-annotation-text-description\"><p class=\"p1\">Sur la presqu\u2019\u00eele de Crozon, notre centre de test et \u00e9cole partenaire <a href=\"https:\/\/wingfoil-crozon.com\/\"><span class=\"s1\">wingfoil-crozon.com<\/span><\/a> vous accueille toute l\u2019ann\u00e9e. B\u00e9n\u00e9ficiez d\u2019un accompagnement professionnel pour apprendre et progresser et testez l\u2019ensemble de la gamme SROKA dans un cadre naturel exceptionnel, parfait pour d\u00e9couvrir la performance de nos produits dans toutes les conditions.<\/p>\n<\/div>\n          <\/div>\n<\/div><div class=\"image-annotation-text-container image-annotation-text-left\">\n  <div class=\"image-annotation-text-img\">\n        \n    <img decoding=\"async\" src=\"https:\/\/srokacompany.com\/wp-content\/uploads\/2025\/05\/Capture-decran-2025-05-12-a-21.40.09.png\" alt=\"\" \/>\n  <\/div>\n  <div class=\"image-annotation-text-text-container\">\n          <h2 class=\"image-annotation-text-title sommaire-titles\">\n\n        La Rochelle (Charente-Maritime) &#8211; Centro de pruebas      <\/h2>\n        <div class=\"image-annotation-text-description\"><p>Une partie de notre d\u00e9veloppement s&#8217;effectue \u00e0 la Rochelle.<\/p>\n<p class=\"p1\">Notre Test Center de La Rochelle vous permet d\u2019essayer une large s\u00e9lection de nos \u00e9quipements, que vous soyez novice ou expert. Sur place, des sp\u00e9cialistes passionn\u00e9s vous conseillent pour choisir le mat\u00e9riel le plus adapt\u00e9 \u00e0 votre niveau et \u00e0 vos objectifs.<\/p>\n<\/div>\n          <div class=\"image-annotation-text-annotation\">\n                  <h3 class='anotation-title-container'>\n                        Para m\u00e1s informaci\u00f3n          <\/h3>\n                <p><p><a href=\"https:\/\/www.facebook.com\/groups\/445365421827851\">Contact via la page Facebook<\/a><\/p>\n<\/p>\n      <\/div>\n          <\/div>\n<\/div><div class=\"image-annotation-text-container image-annotation-text-right\">\n  <div class=\"image-annotation-text-img\">\n        \n    <img decoding=\"async\" src=\"https:\/\/srokacompany.com\/wp-content\/uploads\/2024\/11\/Photo_1710624565510-1.jpg\" alt=\"360 wing foil\" \/>\n  <\/div>\n  <div class=\"image-annotation-text-text-container\">\n          <h2 class=\"image-annotation-text-title sommaire-titles\">\n\n        Leucate (Occitanie) &#8211; Centro de Pruebas      <\/h2>\n        <div class=\"image-annotation-text-description\"><p>Dans le Sud de la France, Samuel vous permettra de tester de nombreux produits.<\/p>\n<\/div>\n          <div class=\"image-annotation-text-annotation\">\n                  <h3 class='anotation-title-container'>\n                        Para m\u00e1s informaci\u00f3n          <\/h3>\n                <p><p>Contactez le par sms au <a href=\"tel:0620422060\">06 20 42 20 60<\/a><\/p>\n<\/p>\n      <\/div>\n          <\/div>\n<\/div><div class=\"titre-text-cta-container\">\n      <h2 class=\"titre-text-cta-titre sommaire-titles\">\u00bfPor qu\u00e9 probar antes de comprar?<\/h2>\n    <div class=\"titre-text-cta-text\"><ul>\n<li><strong>D\u00e9couvrez<\/strong> notre gamme.<\/li>\n<li><strong>Vivez l\u2019exp\u00e9rience SROKA :<\/strong> Ressentez la diff\u00e9rence de nos produits, d\u00e9velopp\u00e9s et test\u00e9s par Bruno Sroka, triple champion du monde de kitesurf, et notre \u00e9quipe de passionn\u00e9s.<\/li>\n<li><strong>Faites le bon choix :<\/strong> Chaque rider a des attentes et un niveau diff\u00e9rents. Tester nos produits, c\u2019est l\u2019assurance de choisir le mat\u00e9riel le mieux adapt\u00e9 \u00e0 votre pratique et \u00e0 votre progression.<\/li>\n<li><strong>Performance et accessibilit\u00e9 :<\/strong> Nos \u00e9quipements sont con\u00e7us pour offrir un maximum de performance tout en restant accessibles \u00e0 tous. Venez juger par vous-m\u00eame de leur stabilit\u00e9, maniabilit\u00e9 et r\u00e9activit\u00e9 sur l\u2019eau.<\/li>\n<li><strong>Conseils personnalis\u00e9s :<\/strong> Nos sp\u00e9cialistes sont pr\u00e9sents dans chaque lieu pour vous accompagner, r\u00e9pondre \u00e0 vos questions et vous conseiller selon vos besoins.<\/li>\n<\/ul>\n<\/div>\n  <\/div><div class=\"image-annotation-text-container image-annotation-text-left\">\n  <div class=\"image-annotation-text-img\">\n        \n    <img decoding=\"async\" src=\"https:\/\/srokacompany.com\/wp-content\/uploads\/2025\/05\/hoalen-SROKA.jpg\" alt=\"\" \/>\n  <\/div>\n  <div class=\"image-annotation-text-text-container\">\n          <h2 class=\"image-annotation-text-title sommaire-titles\">\n\n        Empresa SROKA: pasi\u00f3n, calidad y proximidad      <\/h2>\n        <div class=\"image-annotation-text-description\"><p class=\"p1\">Notre mission<span class=\"s1\">\u202f<\/span>: d\u00e9mocratiser les sports de glisse en proposant des produits performants, durables et accessibles, con\u00e7us et test\u00e9s en Bretagne par des passionn\u00e9s. Rejoignez la communaut\u00e9 SROKA, partagez vos sessions et vivez pleinement votre passion de la glisse.<\/p>\n<h2 class=\"p1\" style=\"text-align: center\"><b>Testez, ressentez, choisissez. L\u2019aventure commence ici.<\/b><\/h2>\n<\/div>\n          <\/div>\n<\/div>","protected":false},"excerpt":{"rendered":"","protected":false},"author":1234,"featured_media":0,"parent":0,"menu_order":0,"comment_status":"closed","ping_status":"closed","template":"","meta":{"_acf_changed":false,"_uag_custom_page_level_css":"","footnotes":""},"class_list":["post-337384","page","type-page","status-publish","hentry"],"acf":[],"yoast_head":"<!-- This site is optimized with the Yoast SEO plugin v27.4 - https:\/\/yoast.com\/product\/yoast-seo-wordpress\/ -->\n<title>Centros de examen - SROKA Company<\/title>\n<meta name=\"description\" content=\"Descubre la experiencia de SROKA: productos dise\u00f1ados por y para apasionados, combinando rendimiento, durabilidad e innovaci\u00f3n.\" \/>\n<meta name=\"robots\" content=\"index, follow, max-snippet:-1, max-image-preview:large, max-video-preview:-1\" \/>\n<link rel=\"canonical\" href=\"https:\/\/srokacompany.com\/es\/centros-de-examen\/\" \/>\n<meta property=\"og:locale\" content=\"es_ES\" \/>\n<meta property=\"og:type\" content=\"article\" \/>\n<meta property=\"og:title\" content=\"Centros de examen - SROKA Company\" \/>\n<meta property=\"og:description\" content=\"Descubre la experiencia de SROKA: productos dise\u00f1ados por y para apasionados, combinando rendimiento, durabilidad e innovaci\u00f3n.\" \/>\n<meta property=\"og:url\" content=\"https:\/\/srokacompany.com\/es\/centros-de-examen\/\" \/>\n<meta property=\"og:site_name\" content=\"SROKA Company\" \/>\n<meta property=\"article:publisher\" content=\"https:\/\/www.facebook.com\/srokawatersports\/\" \/>\n<meta property=\"article:modified_time\" content=\"2025-10-01T08:09:32+00:00\" \/>\n<script type=\"application\/ld+json\" class=\"yoast-schema-graph\">{\"@context\":\"https:\\\/\\\/schema.org\",\"@graph\":[{\"@type\":\"WebPage\",\"@id\":\"https:\\\/\\\/srokacompany.com\\\/es\\\/centros-de-examen\\\/\",\"url\":\"https:\\\/\\\/srokacompany.com\\\/es\\\/centros-de-examen\\\/\",\"name\":\"Centros de examen - SROKA Company\",\"isPartOf\":{\"@id\":\"https:\\\/\\\/srokacompany.com\\\/es\\\/#website\"},\"datePublished\":\"2025-04-30T06:01:11+00:00\",\"dateModified\":\"2025-10-01T08:09:32+00:00\",\"description\":\"Descubre la experiencia de SROKA: productos dise\u00f1ados por y para apasionados, combinando rendimiento, durabilidad e innovaci\u00f3n.\",\"breadcrumb\":{\"@id\":\"https:\\\/\\\/srokacompany.com\\\/es\\\/centros-de-examen\\\/#breadcrumb\"},\"inLanguage\":\"es\",\"potentialAction\":[{\"@type\":\"ReadAction\",\"target\":[\"https:\\\/\\\/srokacompany.com\\\/es\\\/centros-de-examen\\\/\"]}]},{\"@type\":\"BreadcrumbList\",\"@id\":\"https:\\\/\\\/srokacompany.com\\\/es\\\/centros-de-examen\\\/#breadcrumb\",\"itemListElement\":[{\"@type\":\"ListItem\",\"position\":1,\"name\":\"Accueil\",\"item\":\"https:\\\/\\\/srokacompany.com\\\/es\\\/\"},{\"@type\":\"ListItem\",\"position\":2,\"name\":\"Centros de examen\"}]},{\"@type\":\"WebSite\",\"@id\":\"https:\\\/\\\/srokacompany.com\\\/es\\\/#website\",\"url\":\"https:\\\/\\\/srokacompany.com\\\/es\\\/\",\"name\":\"SROKA Company\",\"description\":\"SUP, Kite, Foil, Wing\",\"publisher\":{\"@id\":\"https:\\\/\\\/srokacompany.com\\\/es\\\/#organization\"},\"potentialAction\":[{\"@type\":\"SearchAction\",\"target\":{\"@type\":\"EntryPoint\",\"urlTemplate\":\"https:\\\/\\\/srokacompany.com\\\/es\\\/?s={search_term_string}\"},\"query-input\":{\"@type\":\"PropertyValueSpecification\",\"valueRequired\":true,\"valueName\":\"search_term_string\"}}],\"inLanguage\":\"es\"},{\"@type\":\"Organization\",\"@id\":\"https:\\\/\\\/srokacompany.com\\\/es\\\/#organization\",\"name\":\"SROKACOMPANY\",\"alternateName\":\"SROKA\",\"url\":\"https:\\\/\\\/srokacompany.com\\\/es\\\/\",\"logo\":{\"@type\":\"ImageObject\",\"inLanguage\":\"es\",\"@id\":\"https:\\\/\\\/srokacompany.com\\\/es\\\/#\\\/schema\\\/logo\\\/image\\\/\",\"url\":\"https:\\\/\\\/srokacompany.com\\\/wp-content\\\/uploads\\\/2021\\\/01\\\/logo-sroka-black-transpa.png\",\"contentUrl\":\"https:\\\/\\\/srokacompany.com\\\/wp-content\\\/uploads\\\/2021\\\/01\\\/logo-sroka-black-transpa.png\",\"width\":1201,\"height\":342,\"caption\":\"SROKACOMPANY\"},\"image\":{\"@id\":\"https:\\\/\\\/srokacompany.com\\\/es\\\/#\\\/schema\\\/logo\\\/image\\\/\"},\"sameAs\":[\"https:\\\/\\\/www.facebook.com\\\/srokawatersports\\\/\",\"https:\\\/\\\/www.instagram.com\\\/srokawatersports\\\/\",\"https:\\\/\\\/www.youtube.com\\\/channel\\\/UCVLHHeaPIm-J5bdEUgxqtZA\"]}]}<\/script>\n<!-- \/ Yoast SEO plugin. -->","yoast_head_json":{"title":"Centros de examen - SROKA Company","description":"Descubre la experiencia de SROKA: productos dise\u00f1ados por y para apasionados, combinando rendimiento, durabilidad e innovaci\u00f3n.","robots":{"index":"index","follow":"follow","max-snippet":"max-snippet:-1","max-image-preview":"max-image-preview:large","max-video-preview":"max-video-preview:-1"},"canonical":"https:\/\/srokacompany.com\/es\/centros-de-examen\/","og_locale":"es_ES","og_type":"article","og_title":"Centros de examen - SROKA Company","og_description":"Descubre la experiencia de SROKA: productos dise\u00f1ados por y para apasionados, combinando rendimiento, durabilidad e innovaci\u00f3n.","og_url":"https:\/\/srokacompany.com\/es\/centros-de-examen\/","og_site_name":"SROKA Company","article_publisher":"https:\/\/www.facebook.com\/srokawatersports\/","article_modified_time":"2025-10-01T08:09:32+00:00","schema":{"@context":"https:\/\/schema.org","@graph":[{"@type":"WebPage","@id":"https:\/\/srokacompany.com\/es\/centros-de-examen\/","url":"https:\/\/srokacompany.com\/es\/centros-de-examen\/","name":"Centros de examen - SROKA Company","isPartOf":{"@id":"https:\/\/srokacompany.com\/es\/#website"},"datePublished":"2025-04-30T06:01:11+00:00","dateModified":"2025-10-01T08:09:32+00:00","description":"Descubre la experiencia de SROKA: productos dise\u00f1ados por y para apasionados, combinando rendimiento, durabilidad e innovaci\u00f3n.","breadcrumb":{"@id":"https:\/\/srokacompany.com\/es\/centros-de-examen\/#breadcrumb"},"inLanguage":"es","potentialAction":[{"@type":"ReadAction","target":["https:\/\/srokacompany.com\/es\/centros-de-examen\/"]}]},{"@type":"BreadcrumbList","@id":"https:\/\/srokacompany.com\/es\/centros-de-examen\/#breadcrumb","itemListElement":[{"@type":"ListItem","position":1,"name":"Accueil","item":"https:\/\/srokacompany.com\/es\/"},{"@type":"ListItem","position":2,"name":"Centros de examen"}]},{"@type":"WebSite","@id":"https:\/\/srokacompany.com\/es\/#website","url":"https:\/\/srokacompany.com\/es\/","name":"SROKA Company","description":"SUP, Kite, Foil, Wing","publisher":{"@id":"https:\/\/srokacompany.com\/es\/#organization"},"potentialAction":[{"@type":"SearchAction","target":{"@type":"EntryPoint","urlTemplate":"https:\/\/srokacompany.com\/es\/?s={search_term_string}"},"query-input":{"@type":"PropertyValueSpecification","valueRequired":true,"valueName":"search_term_string"}}],"inLanguage":"es"},{"@type":"Organization","@id":"https:\/\/srokacompany.com\/es\/#organization","name":"SROKACOMPANY","alternateName":"SROKA","url":"https:\/\/srokacompany.com\/es\/","logo":{"@type":"ImageObject","inLanguage":"es","@id":"https:\/\/srokacompany.com\/es\/#\/schema\/logo\/image\/","url":"https:\/\/srokacompany.com\/wp-content\/uploads\/2021\/01\/logo-sroka-black-transpa.png","contentUrl":"https:\/\/srokacompany.com\/wp-content\/uploads\/2021\/01\/logo-sroka-black-transpa.png","width":1201,"height":342,"caption":"SROKACOMPANY"},"image":{"@id":"https:\/\/srokacompany.com\/es\/#\/schema\/logo\/image\/"},"sameAs":["https:\/\/www.facebook.com\/srokawatersports\/","https:\/\/www.instagram.com\/srokawatersports\/","https:\/\/www.youtube.com\/channel\/UCVLHHeaPIm-J5bdEUgxqtZA"]}]}},"uagb_featured_image_src":{"full":false,"thumbnail":false,"medium":false,"medium_large":false,"large":false,"1536x1536":false,"2048x2048":false,"woocommerce_thumbnail":false,"woocommerce_single":false,"woocommerce_gallery_thumbnail":false,"dgwt-wcas-product-suggestion":false},"uagb_author_info":{"display_name":"Cl\u00e9ment Beaurain","author_link":"https:\/\/srokacompany.com\/es\/blog\/author\/clement-b\/"},"uagb_comment_info":0,"uagb_excerpt":null,"jetpack_sharing_enabled":true,"_links":{"self":[{"href":"https:\/\/srokacompany.com\/es\/wp-json\/wp\/v2\/pages\/337384","targetHints":{"allow":["GET"]}}],"collection":[{"href":"https:\/\/srokacompany.com\/es\/wp-json\/wp\/v2\/pages"}],"about":[{"href":"https:\/\/srokacompany.com\/es\/wp-json\/wp\/v2\/types\/page"}],"author":[{"embeddable":true,"href":"https:\/\/srokacompany.com\/es\/wp-json\/wp\/v2\/users\/1234"}],"replies":[{"embeddable":true,"href":"https:\/\/srokacompany.com\/es\/wp-json\/wp\/v2\/comments?post=337384"}],"version-history":[{"count":1,"href":"https:\/\/srokacompany.com\/es\/wp-json\/wp\/v2\/pages\/337384\/revisions"}],"predecessor-version":[{"id":337395,"href":"https:\/\/srokacompany.com\/es\/wp-json\/wp\/v2\/pages\/337384\/revisions\/337395"}],"wp:attachment":[{"href":"https:\/\/srokacompany.com\/es\/wp-json\/wp\/v2\/media?parent=337384"}],"curies":[{"name":"wp","href":"https:\/\/api.w.org\/{rel}","templated":true}]}}