{"id":339302,"date":"2021-06-03T10:48:52","date_gmt":"2021-06-03T08:48:52","guid":{"rendered":"https:\/\/srokacompany.com\/especificaciones-tecnicas-de-las-alas-y-tablas-de-foil-sroka\/"},"modified":"2025-06-26T09:19:39","modified_gmt":"2025-06-26T07:19:39","slug":"especificaciones-tecnicas-de-las-alas-y-tablas-de-foil-sroka","status":"publish","type":"page","link":"https:\/\/srokacompany.com\/es\/especificaciones-tecnicas-de-las-alas-y-tablas-de-foil-sroka\/","title":{"rendered":"Especificaciones t\u00e9cnicas de las alas y tablas de foil Sroka"},"content":{"rendered":"<div class=\"titre-text-cta-container\">\n      <h2 class=\"titre-text-cta-titre sommaire-titles\">\u00bfC\u00f3mo se desarrollan los productos de Sroka Company?<\/h2>\n    <div class=\"titre-text-cta-text\"><p style=\"text-align: justify\">Notre philosophie est de partir de vos besoins pour concevoir nos produits. Votre cahier des charges est le notre, avec plusieurs cons\u00e9quences. La premi\u00e8re est que nous sommes \u00e0 votre \u00e9coute, et prenons en compte vos remarques, positives comme n\u00e9gatives, dans le d\u00e9veloppement de nos produits. Ensuite, nous ne for\u00e7ons pas le rider \u00e0 devoir s&#8217;adapter au mat\u00e9riel. Chacune de nos ailettes, planche de foil ou wing r\u00e9pond \u00e0 un besoin.<\/p>\n<p style=\"text-align: justify\">Nous ne sommes pas l\u00e0 pour faire la course au mat\u00e9riel non plus. Toutes nos ailes ont leurs forces, mais il n&#8217;est pas question que votre session devienne un cauchemar si tous les param\u00e8tres ne sont pas parfaitement r\u00e9unis : elles sont donc, chacune \u00e0 leur mani\u00e8re des mod\u00e8les de polyvalence et d&#8217;\u00e9volutivit\u00e9.<\/p>\n<\/div>\n  <\/div><div class=\"image-annotation-text-container image-annotation-text-left\">\n  <div class=\"image-annotation-text-img\">\n        \n    <img decoding=\"async\" src=\"https:\/\/srokacompany.com\/wp-content\/uploads\/2021\/04\/wingsurf.jpg\" alt=\"Surf avec le pack wingfoil Sroka Company avec la planche de foil, le foil et la Wing Sroka\" \/>\n  <\/div>\n  <div class=\"image-annotation-text-text-container\">\n        <div class=\"image-annotation-text-description\"><p>C&#8217;est Bruno Sroka lui-m\u00eame qui teste chaque produit avant de le mettre sur l&#8217;eau, et nos produits ne sortent pas avant que les sensations et la qualit\u00e9 ne soient au rendez-vous. Nous faisons aussi en sorte de r\u00e9duire notre impact, en vous proposant des produits qui durent et non du jetable.<\/p>\n<\/div>\n          <\/div>\n<\/div><div class=\"image-annotation-text-container image-annotation-text-left\">\n  <div class=\"image-annotation-text-img\">\n        \n    <img decoding=\"async\" src=\"https:\/\/srokacompany.com\/wp-content\/uploads\/2023\/02\/Capture-de\u0301cran-2023-02-01-a\u0300-11.42.25.png\" alt=\"\" \/>\n  <\/div>\n  <div class=\"image-annotation-text-text-container\">\n          <h2 class=\"image-annotation-text-title sommaire-titles\">\n\n        Consulte a continuaci\u00f3n los detalles de nuestras aletas delanteras para foil y tablas.      <\/h2>\n        <div class=\"image-annotation-text-description\"><p>C&#8217;est Bruno Sroka lui-m\u00eame qui teste chaque produit avant de le mettre sur l&#8217;eau, et nos produits ne sortent pas avant que les sensations et la qualit\u00e9 ne soient au rendez-vous. Nous faisons aussi en sorte de r\u00e9duire notre impact, en vous proposant des produits qui durent et non du jetable.<\/p>\n<\/div>\n          <\/div>\n<\/div><div class=\"image-annotation-text-container image-annotation-text-left\">\n  <div class=\"image-annotation-text-img\">\n        \n    <img decoding=\"async\" src=\"https:\/\/srokacompany.com\/wp-content\/uploads\/2023\/02\/Capture-de\u0301cran-2023-02-01-a\u0300-11.45.55.png\" alt=\"\" \/>\n  <\/div>\n  <div class=\"image-annotation-text-text-container\">\n          <h2 class=\"image-annotation-text-title sommaire-titles\">\n\n        Caracter\u00edsticas de las alas y estabilizadores foil Empresa SROKA      <\/h2>\n        <div class=\"image-annotation-text-description\"><p>Vous retrouverez dans ces tableau les principales caract\u00e9ristiques de nos produits en lien avec le foil. Elles peuvent vous donner un aper\u00e7u rapide du comportement d&#8217;un foil, d&#8217;une wing ou d&#8217;une planche. Gardez en m\u00e9moire qu&#8217;il y en a \u00e9norm\u00e9ment d&#8217;autres qui entrent en compte dans la conception d&#8217;un foil, d&#8217;une planche ou d&#8217;une wing. Plut\u00f4t que de les comparer entre elles pour faire le bon choix, rien de mieux que de nous contacter directement par mail, chat ou t\u00e9l\u00e9phone, nous mettrons notre expertise technique et notre exp\u00e9rience \u00e0 votre disposition avec plaisir.<\/p>\n<\/div>\n          <\/div>\n<\/div>","protected":false},"excerpt":{"rendered":"","protected":false},"author":320,"featured_media":0,"parent":0,"menu_order":0,"comment_status":"closed","ping_status":"closed","template":"","meta":{"_acf_changed":false,"_uag_custom_page_level_css":"","footnotes":""},"class_list":["post-339302","page","type-page","status-publish","hentry"],"acf":[],"yoast_head":"<!-- This site is optimized with the Yoast SEO plugin v27.4 - https:\/\/yoast.com\/product\/yoast-seo-wordpress\/ -->\n<title>Caracter\u00edsticas t\u00e9cnicas de los tableros foil Sroka - SROKA Company<\/title>\n<meta name=\"description\" content=\"Nuestra filosof\u00eda es partir de sus necesidades para dise\u00f1ar nuestros productos. Sus especificaciones son las nuestras, con varios...\" \/>\n<meta name=\"robots\" content=\"index, follow, max-snippet:-1, max-image-preview:large, max-video-preview:-1\" \/>\n<link rel=\"canonical\" href=\"https:\/\/srokacompany.com\/es\/especificaciones-tecnicas-de-las-alas-y-tablas-de-foil-sroka\/\" \/>\n<meta property=\"og:locale\" content=\"es_ES\" \/>\n<meta property=\"og:type\" content=\"article\" \/>\n<meta property=\"og:title\" content=\"Caracter\u00edsticas t\u00e9cnicas de los tableros foil Sroka - SROKA Company\" \/>\n<meta property=\"og:description\" content=\"Nuestra filosof\u00eda es partir de sus necesidades para dise\u00f1ar nuestros productos. Sus especificaciones son las nuestras, con varios...\" \/>\n<meta property=\"og:url\" content=\"https:\/\/srokacompany.com\/es\/especificaciones-tecnicas-de-las-alas-y-tablas-de-foil-sroka\/\" \/>\n<meta property=\"og:site_name\" content=\"SROKA Company\" \/>\n<meta property=\"article:publisher\" content=\"https:\/\/www.facebook.com\/srokawatersports\/\" \/>\n<meta property=\"article:modified_time\" content=\"2025-06-26T07:19:39+00:00\" \/>\n<script type=\"application\/ld+json\" class=\"yoast-schema-graph\">{\"@context\":\"https:\\\/\\\/schema.org\",\"@graph\":[{\"@type\":\"WebPage\",\"@id\":\"https:\\\/\\\/srokacompany.com\\\/es\\\/especificaciones-tecnicas-de-las-alas-y-tablas-de-foil-sroka\\\/\",\"url\":\"https:\\\/\\\/srokacompany.com\\\/es\\\/especificaciones-tecnicas-de-las-alas-y-tablas-de-foil-sroka\\\/\",\"name\":\"Caracter\u00edsticas t\u00e9cnicas de los tableros foil Sroka - SROKA Company\",\"isPartOf\":{\"@id\":\"https:\\\/\\\/srokacompany.com\\\/es\\\/#website\"},\"datePublished\":\"2021-06-03T08:48:52+00:00\",\"dateModified\":\"2025-06-26T07:19:39+00:00\",\"description\":\"Nuestra filosof\u00eda es partir de sus necesidades para dise\u00f1ar nuestros productos. Sus especificaciones son las nuestras, con varios...\",\"breadcrumb\":{\"@id\":\"https:\\\/\\\/srokacompany.com\\\/es\\\/especificaciones-tecnicas-de-las-alas-y-tablas-de-foil-sroka\\\/#breadcrumb\"},\"inLanguage\":\"es\",\"potentialAction\":[{\"@type\":\"ReadAction\",\"target\":[\"https:\\\/\\\/srokacompany.com\\\/es\\\/especificaciones-tecnicas-de-las-alas-y-tablas-de-foil-sroka\\\/\"]}]},{\"@type\":\"BreadcrumbList\",\"@id\":\"https:\\\/\\\/srokacompany.com\\\/es\\\/especificaciones-tecnicas-de-las-alas-y-tablas-de-foil-sroka\\\/#breadcrumb\",\"itemListElement\":[{\"@type\":\"ListItem\",\"position\":1,\"name\":\"Accueil\",\"item\":\"https:\\\/\\\/srokacompany.com\\\/es\\\/\"},{\"@type\":\"ListItem\",\"position\":2,\"name\":\"Especificaciones t\u00e9cnicas de las alas y tablas de foil Sroka\"}]},{\"@type\":\"WebSite\",\"@id\":\"https:\\\/\\\/srokacompany.com\\\/es\\\/#website\",\"url\":\"https:\\\/\\\/srokacompany.com\\\/es\\\/\",\"name\":\"SROKA Company\",\"description\":\"SUP, Kite, Foil, Wing\",\"publisher\":{\"@id\":\"https:\\\/\\\/srokacompany.com\\\/es\\\/#organization\"},\"potentialAction\":[{\"@type\":\"SearchAction\",\"target\":{\"@type\":\"EntryPoint\",\"urlTemplate\":\"https:\\\/\\\/srokacompany.com\\\/es\\\/?s={search_term_string}\"},\"query-input\":{\"@type\":\"PropertyValueSpecification\",\"valueRequired\":true,\"valueName\":\"search_term_string\"}}],\"inLanguage\":\"es\"},{\"@type\":\"Organization\",\"@id\":\"https:\\\/\\\/srokacompany.com\\\/es\\\/#organization\",\"name\":\"SROKACOMPANY\",\"alternateName\":\"SROKA\",\"url\":\"https:\\\/\\\/srokacompany.com\\\/es\\\/\",\"logo\":{\"@type\":\"ImageObject\",\"inLanguage\":\"es\",\"@id\":\"https:\\\/\\\/srokacompany.com\\\/es\\\/#\\\/schema\\\/logo\\\/image\\\/\",\"url\":\"https:\\\/\\\/srokacompany.com\\\/wp-content\\\/uploads\\\/2021\\\/01\\\/logo-sroka-black-transpa.png\",\"contentUrl\":\"https:\\\/\\\/srokacompany.com\\\/wp-content\\\/uploads\\\/2021\\\/01\\\/logo-sroka-black-transpa.png\",\"width\":1201,\"height\":342,\"caption\":\"SROKACOMPANY\"},\"image\":{\"@id\":\"https:\\\/\\\/srokacompany.com\\\/es\\\/#\\\/schema\\\/logo\\\/image\\\/\"},\"sameAs\":[\"https:\\\/\\\/www.facebook.com\\\/srokawatersports\\\/\",\"https:\\\/\\\/www.instagram.com\\\/srokawatersports\\\/\",\"https:\\\/\\\/www.youtube.com\\\/channel\\\/UCVLHHeaPIm-J5bdEUgxqtZA\"]}]}<\/script>\n<!-- \/ Yoast SEO plugin. -->","yoast_head_json":{"title":"Caracter\u00edsticas t\u00e9cnicas de los tableros foil Sroka - SROKA Company","description":"Nuestra filosof\u00eda es partir de sus necesidades para dise\u00f1ar nuestros productos. Sus especificaciones son las nuestras, con varios...","robots":{"index":"index","follow":"follow","max-snippet":"max-snippet:-1","max-image-preview":"max-image-preview:large","max-video-preview":"max-video-preview:-1"},"canonical":"https:\/\/srokacompany.com\/es\/especificaciones-tecnicas-de-las-alas-y-tablas-de-foil-sroka\/","og_locale":"es_ES","og_type":"article","og_title":"Caracter\u00edsticas t\u00e9cnicas de los tableros foil Sroka - SROKA Company","og_description":"Nuestra filosof\u00eda es partir de sus necesidades para dise\u00f1ar nuestros productos. Sus especificaciones son las nuestras, con varios...","og_url":"https:\/\/srokacompany.com\/es\/especificaciones-tecnicas-de-las-alas-y-tablas-de-foil-sroka\/","og_site_name":"SROKA Company","article_publisher":"https:\/\/www.facebook.com\/srokawatersports\/","article_modified_time":"2025-06-26T07:19:39+00:00","schema":{"@context":"https:\/\/schema.org","@graph":[{"@type":"WebPage","@id":"https:\/\/srokacompany.com\/es\/especificaciones-tecnicas-de-las-alas-y-tablas-de-foil-sroka\/","url":"https:\/\/srokacompany.com\/es\/especificaciones-tecnicas-de-las-alas-y-tablas-de-foil-sroka\/","name":"Caracter\u00edsticas t\u00e9cnicas de los tableros foil Sroka - SROKA Company","isPartOf":{"@id":"https:\/\/srokacompany.com\/es\/#website"},"datePublished":"2021-06-03T08:48:52+00:00","dateModified":"2025-06-26T07:19:39+00:00","description":"Nuestra filosof\u00eda es partir de sus necesidades para dise\u00f1ar nuestros productos. Sus especificaciones son las nuestras, con varios...","breadcrumb":{"@id":"https:\/\/srokacompany.com\/es\/especificaciones-tecnicas-de-las-alas-y-tablas-de-foil-sroka\/#breadcrumb"},"inLanguage":"es","potentialAction":[{"@type":"ReadAction","target":["https:\/\/srokacompany.com\/es\/especificaciones-tecnicas-de-las-alas-y-tablas-de-foil-sroka\/"]}]},{"@type":"BreadcrumbList","@id":"https:\/\/srokacompany.com\/es\/especificaciones-tecnicas-de-las-alas-y-tablas-de-foil-sroka\/#breadcrumb","itemListElement":[{"@type":"ListItem","position":1,"name":"Accueil","item":"https:\/\/srokacompany.com\/es\/"},{"@type":"ListItem","position":2,"name":"Especificaciones t\u00e9cnicas de las alas y tablas de foil Sroka"}]},{"@type":"WebSite","@id":"https:\/\/srokacompany.com\/es\/#website","url":"https:\/\/srokacompany.com\/es\/","name":"SROKA Company","description":"SUP, Kite, Foil, Wing","publisher":{"@id":"https:\/\/srokacompany.com\/es\/#organization"},"potentialAction":[{"@type":"SearchAction","target":{"@type":"EntryPoint","urlTemplate":"https:\/\/srokacompany.com\/es\/?s={search_term_string}"},"query-input":{"@type":"PropertyValueSpecification","valueRequired":true,"valueName":"search_term_string"}}],"inLanguage":"es"},{"@type":"Organization","@id":"https:\/\/srokacompany.com\/es\/#organization","name":"SROKACOMPANY","alternateName":"SROKA","url":"https:\/\/srokacompany.com\/es\/","logo":{"@type":"ImageObject","inLanguage":"es","@id":"https:\/\/srokacompany.com\/es\/#\/schema\/logo\/image\/","url":"https:\/\/srokacompany.com\/wp-content\/uploads\/2021\/01\/logo-sroka-black-transpa.png","contentUrl":"https:\/\/srokacompany.com\/wp-content\/uploads\/2021\/01\/logo-sroka-black-transpa.png","width":1201,"height":342,"caption":"SROKACOMPANY"},"image":{"@id":"https:\/\/srokacompany.com\/es\/#\/schema\/logo\/image\/"},"sameAs":["https:\/\/www.facebook.com\/srokawatersports\/","https:\/\/www.instagram.com\/srokawatersports\/","https:\/\/www.youtube.com\/channel\/UCVLHHeaPIm-J5bdEUgxqtZA"]}]}},"uagb_featured_image_src":{"full":false,"thumbnail":false,"medium":false,"medium_large":false,"large":false,"1536x1536":false,"2048x2048":false,"woocommerce_thumbnail":false,"woocommerce_single":false,"woocommerce_gallery_thumbnail":false,"dgwt-wcas-product-suggestion":false},"uagb_author_info":{"display_name":"Tristan Dumard","author_link":"https:\/\/srokacompany.com\/es\/blog\/author\/tristan-dumardgmail-com\/"},"uagb_comment_info":0,"uagb_excerpt":null,"jetpack_sharing_enabled":true,"_links":{"self":[{"href":"https:\/\/srokacompany.com\/es\/wp-json\/wp\/v2\/pages\/339302","targetHints":{"allow":["GET"]}}],"collection":[{"href":"https:\/\/srokacompany.com\/es\/wp-json\/wp\/v2\/pages"}],"about":[{"href":"https:\/\/srokacompany.com\/es\/wp-json\/wp\/v2\/types\/page"}],"author":[{"embeddable":true,"href":"https:\/\/srokacompany.com\/es\/wp-json\/wp\/v2\/users\/320"}],"replies":[{"embeddable":true,"href":"https:\/\/srokacompany.com\/es\/wp-json\/wp\/v2\/comments?post=339302"}],"version-history":[{"count":1,"href":"https:\/\/srokacompany.com\/es\/wp-json\/wp\/v2\/pages\/339302\/revisions"}],"predecessor-version":[{"id":339311,"href":"https:\/\/srokacompany.com\/es\/wp-json\/wp\/v2\/pages\/339302\/revisions\/339311"}],"wp:attachment":[{"href":"https:\/\/srokacompany.com\/es\/wp-json\/wp\/v2\/media?parent=339302"}],"curies":[{"name":"wp","href":"https:\/\/api.w.org\/{rel}","templated":true}]}}