{"id":340776,"date":"2024-07-01T08:17:04","date_gmt":"2024-07-01T08:17:04","guid":{"rendered":"https:\/\/srokacompany.com\/produit\/aleron-delantero-de-foil-680-control\/"},"modified":"2025-11-25T11:03:24","modified_gmt":"2025-11-25T09:03:24","slug":"aleron-delantero-de-foil-680-control","status":"publish","type":"product","link":"https:\/\/srokacompany.com\/es\/produit\/aleron-delantero-de-foil-680-control\/","title":{"rendered":"Ala delantera del Foil 680 Control- Freeride"},"content":{"rendered":"<p>La <b>680 Control<\/b> es tu pasaporte hacia el <b>freeride<\/b> y el <b>carving f\u00e1ciles<\/b>. Dise\u00f1ada para <b>ofrecer la m\u00e1xima estabilidad en los giros<\/b> y <b>un control absoluto<\/b> incluso en condiciones de choppy. Ideal para riders peque\u00f1os, <b>Kitefoils<\/b> y <b>Tow-in<\/b>.  <\/p>\n<hr>\n<p>&nbsp;<\/p>\n<p>Descubre el placer del deslizamiento intuitivo con la cometa frontal <b>680 Control<\/b>, la cometa con mayor capacidad de respuesta de la gama SROKA <b>Control<\/b>. Esta cometa es el arquetipo de Foil <b>\u00abplug and play\u00bb<\/b>: est\u00e1 dise\u00f1ada para ser f\u00e1cil de despegar y volar, ofreci\u00e9ndote <b>el m\u00e1ximo control<\/b> desde los primeros minutos. <\/p>\n<p>&nbsp;<\/p>\n<h4>Talla sin esfuerzo y estabilidad<\/h4>\n<p>La <b>680<\/b> Control se ha desarrollado espec\u00edficamente para destacar en <b>carving<\/b> y <b>freeride<\/b>. Su perfil refinado garantiza <b>un despegue progresivo<\/b> (a partir de 17 nudos para una talla media) y <b>una estabilidad longitudinal<\/b> que te tranquilizar\u00e1, incluso en condiciones dif\u00edciles. <\/p>\n<ul>\n<li><b>Giros f\u00e1ciles:<\/b> Su compacidad y su perfil espec\u00edfico facilitan las maniobras, lo que permite enlazar trasluchadas y giros sobre las olas con <b>una facilidad y una fluidez inigualables<\/b>.<\/li>\n<li><b>Control en picado:<\/b> Ofrece una gran estabilidad lateral, por lo que es excelente para navegar f\u00e1cilmente en picado o con vientos fuertes sin perder el control.<\/li>\n<\/ul>\n<h4>Objetivo y uso espec\u00edfico<\/h4>\n<p>Esta ala es una excelente opci\u00f3n para :<\/p>\n<ol start=\"1\">\n<li><b>Peque\u00f1os<\/b> navegantes que buscan un Foil con capacidad de respuesta y juguet\u00f3n.<\/li>\n<li>Pilotos que prefieren <b>la maniobrabilidad<\/b> y el control a la velocidad pura.<\/li>\n<li><b>Kitefoil<\/b> y <b>Tow-in<\/b>, donde su planeo estable y su capacidad de respuesta son sus principales bazas.<\/li>\n<\/ol>\n<p><b>Tenga en cuenta:<\/b> La 680 Control es una cometa Freeride\/Carving. <b>No es adecuada para<\/b> un <b>bombeo<\/b> intensivo o dockstarting, estando espec\u00edficamente optimizada para la navegaci\u00f3n en l\u00ednea recta y curvas. <\/p>\n","protected":false},"excerpt":{"rendered":"<div id=\"model-response-message-contentr_d947941920a7a93a\" class=\"markdown markdown-main-panel stronger enable-updated-hr-color\" dir=\"ltr\">\n<p>La aleta delantera <b>SROKA 680 Control<\/b> se centra en el freeride y el carving f\u00e1ciles, haciendo hincapi\u00e9 en la maniobrabilidad y el control.<\/p>\n<p>Esta es la descripci\u00f3n breve y centrada que pide:<\/p>\n<hr>\n<p>329<br \/>\n<b>680 Control front wing:<\/b> El ala de Foil <b>\u00abplug and play<\/b> \u00bb para <b>Freeride<\/b> y <b>Carving<\/b>. Ofrece <b>m\u00e1ximo control<\/b> y gran <b>estabilidad en curvas<\/b>, es ideal para maniobras f\u00e1ciles (trasluchadas, giros sobre olas) en <b>Wingfoil<\/b> y <b>Kitefoil<\/b>. F\u00e1cil de lanzar, es perfecta para navegar en todas las condiciones.  <\/p>\n<\/div>\n","protected":false},"featured_media":340778,"template":"","meta":{"_acf_changed":false,"_uag_custom_page_level_css":""},"product_brand":[],"product_cat":[3425,3603,4192,3424,4260],"product_tag":[3429,3427,3426],"class_list":{"0":"post-340776","1":"product","2":"type-product","3":"status-publish","4":"has-post-thumbnail","6":"product_cat-aletas-foil","7":"product_cat-promos-es","8":"product_cat-saldo-wing-foil","9":"product_cat-todas-nuestras-palas-de-control","10":"product_cat-viernes-negro","11":"product_tag-avanzado","12":"product_tag-ingenioso","13":"product_tag-principiante","15":"first","16":"instock","17":"sale","18":"taxable","19":"shipping-taxable","20":"purchasable","21":"product-type-simple"},"acf":[],"yoast_head":"<!-- This site is optimized with the Yoast SEO plugin v27.4 - https:\/\/yoast.com\/product\/yoast-seo-wordpress\/ -->\n<title>Ala delantera del Foil 680 Control- Freeride - SROKA Company<\/title>\n<meta name=\"description\" content=\"El aler\u00f3n delantero Foil 680 Control te proporciona facilidad de carveo, una incre\u00edble estabilidad de free-ride y un arranque ultra-precoz.\" \/>\n<meta name=\"robots\" content=\"index, follow, max-snippet:-1, max-image-preview:large, max-video-preview:-1\" \/>\n<link rel=\"canonical\" href=\"https:\/\/srokacompany.com\/es\/produit\/aleron-delantero-de-foil-680-control\/\" \/>\n<meta property=\"og:locale\" content=\"es_ES\" \/>\n<meta property=\"og:type\" content=\"article\" \/>\n<meta property=\"og:title\" content=\"Ala delantera del Foil 680 Control- Freeride - SROKA Company\" \/>\n<meta property=\"og:description\" content=\"El aler\u00f3n delantero Foil 680 Control te proporciona facilidad de carveo, una incre\u00edble estabilidad de free-ride y un arranque ultra-precoz.\" \/>\n<meta property=\"og:url\" content=\"https:\/\/srokacompany.com\/es\/produit\/aleron-delantero-de-foil-680-control\/\" \/>\n<meta property=\"og:site_name\" content=\"SROKA Company\" \/>\n<meta property=\"article:publisher\" content=\"https:\/\/www.facebook.com\/srokawatersports\/\" \/>\n<meta property=\"article:modified_time\" content=\"2025-11-25T09:03:24+00:00\" \/>\n<meta property=\"og:image\" content=\"https:\/\/srokacompany.com\/wp-content\/uploads\/2023\/07\/680-front-control-sROKA.jpg\" \/>\n\t<meta property=\"og:image:width\" content=\"1480\" \/>\n\t<meta property=\"og:image:height\" content=\"2160\" \/>\n\t<meta property=\"og:image:type\" content=\"image\/jpeg\" \/>\n<meta name=\"twitter:label1\" content=\"Tiempo de lectura\" \/>\n\t<meta name=\"twitter:data1\" content=\"1 minuto\" \/>\n<script type=\"application\/ld+json\" class=\"yoast-schema-graph\">{\"@context\":\"https:\\\/\\\/schema.org\",\"@graph\":[{\"@type\":\"WebPage\",\"@id\":\"https:\\\/\\\/srokacompany.com\\\/es\\\/produit\\\/aleron-delantero-de-foil-680-control\\\/\",\"url\":\"https:\\\/\\\/srokacompany.com\\\/es\\\/produit\\\/aleron-delantero-de-foil-680-control\\\/\",\"name\":\"Ala delantera del Foil 680 Control- Freeride - SROKA Company\",\"isPartOf\":{\"@id\":\"https:\\\/\\\/srokacompany.com\\\/es\\\/#website\"},\"primaryImageOfPage\":{\"@id\":\"https:\\\/\\\/srokacompany.com\\\/es\\\/produit\\\/aleron-delantero-de-foil-680-control\\\/#primaryimage\"},\"image\":{\"@id\":\"https:\\\/\\\/srokacompany.com\\\/es\\\/produit\\\/aleron-delantero-de-foil-680-control\\\/#primaryimage\"},\"thumbnailUrl\":\"https:\\\/\\\/srokacompany.com\\\/wp-content\\\/uploads\\\/2023\\\/07\\\/680-front-control-sROKA.jpg\",\"datePublished\":\"2024-07-01T08:17:04+00:00\",\"dateModified\":\"2025-11-25T09:03:24+00:00\",\"description\":\"El aler\u00f3n delantero Foil 680 Control te proporciona facilidad de carveo, una incre\u00edble estabilidad de free-ride y un arranque ultra-precoz.\",\"breadcrumb\":{\"@id\":\"https:\\\/\\\/srokacompany.com\\\/es\\\/produit\\\/aleron-delantero-de-foil-680-control\\\/#breadcrumb\"},\"inLanguage\":\"es\",\"potentialAction\":[{\"@type\":\"ReadAction\",\"target\":[\"https:\\\/\\\/srokacompany.com\\\/es\\\/produit\\\/aleron-delantero-de-foil-680-control\\\/\"]}]},{\"@type\":\"ImageObject\",\"inLanguage\":\"es\",\"@id\":\"https:\\\/\\\/srokacompany.com\\\/es\\\/produit\\\/aleron-delantero-de-foil-680-control\\\/#primaryimage\",\"url\":\"https:\\\/\\\/srokacompany.com\\\/wp-content\\\/uploads\\\/2023\\\/07\\\/680-front-control-sROKA.jpg\",\"contentUrl\":\"https:\\\/\\\/srokacompany.com\\\/wp-content\\\/uploads\\\/2023\\\/07\\\/680-front-control-sROKA.jpg\",\"width\":1480,\"height\":2160},{\"@type\":\"BreadcrumbList\",\"@id\":\"https:\\\/\\\/srokacompany.com\\\/es\\\/produit\\\/aleron-delantero-de-foil-680-control\\\/#breadcrumb\",\"itemListElement\":[{\"@type\":\"ListItem\",\"position\":1,\"name\":\"Accueil\",\"item\":\"https:\\\/\\\/srokacompany.com\\\/es\\\/\"},{\"@type\":\"ListItem\",\"position\":2,\"name\":\"Tienda\",\"item\":\"https:\\\/\\\/srokacompany.com\\\/tienda\\\/\"},{\"@type\":\"ListItem\",\"position\":3,\"name\":\"Ala delantera del Foil 680 Control- Freeride\"}]},{\"@type\":\"WebSite\",\"@id\":\"https:\\\/\\\/srokacompany.com\\\/es\\\/#website\",\"url\":\"https:\\\/\\\/srokacompany.com\\\/es\\\/\",\"name\":\"SROKA Company\",\"description\":\"SUP, Kite, Foil, Wing\",\"publisher\":{\"@id\":\"https:\\\/\\\/srokacompany.com\\\/es\\\/#organization\"},\"potentialAction\":[{\"@type\":\"SearchAction\",\"target\":{\"@type\":\"EntryPoint\",\"urlTemplate\":\"https:\\\/\\\/srokacompany.com\\\/es\\\/?s={search_term_string}\"},\"query-input\":{\"@type\":\"PropertyValueSpecification\",\"valueRequired\":true,\"valueName\":\"search_term_string\"}}],\"inLanguage\":\"es\"},{\"@type\":\"Organization\",\"@id\":\"https:\\\/\\\/srokacompany.com\\\/es\\\/#organization\",\"name\":\"SROKACOMPANY\",\"alternateName\":\"SROKA\",\"url\":\"https:\\\/\\\/srokacompany.com\\\/es\\\/\",\"logo\":{\"@type\":\"ImageObject\",\"inLanguage\":\"es\",\"@id\":\"https:\\\/\\\/srokacompany.com\\\/es\\\/#\\\/schema\\\/logo\\\/image\\\/\",\"url\":\"https:\\\/\\\/srokacompany.com\\\/wp-content\\\/uploads\\\/2021\\\/01\\\/logo-sroka-black-transpa.png\",\"contentUrl\":\"https:\\\/\\\/srokacompany.com\\\/wp-content\\\/uploads\\\/2021\\\/01\\\/logo-sroka-black-transpa.png\",\"width\":1201,\"height\":342,\"caption\":\"SROKACOMPANY\"},\"image\":{\"@id\":\"https:\\\/\\\/srokacompany.com\\\/es\\\/#\\\/schema\\\/logo\\\/image\\\/\"},\"sameAs\":[\"https:\\\/\\\/www.facebook.com\\\/srokawatersports\\\/\",\"https:\\\/\\\/www.instagram.com\\\/srokawatersports\\\/\",\"https:\\\/\\\/www.youtube.com\\\/channel\\\/UCVLHHeaPIm-J5bdEUgxqtZA\"]}]}<\/script>\n<!-- \/ Yoast SEO plugin. -->","yoast_head_json":{"title":"Ala delantera del Foil 680 Control- Freeride - SROKA Company","description":"El aler\u00f3n delantero Foil 680 Control te proporciona facilidad de carveo, una incre\u00edble estabilidad de free-ride y un arranque ultra-precoz.","robots":{"index":"index","follow":"follow","max-snippet":"max-snippet:-1","max-image-preview":"max-image-preview:large","max-video-preview":"max-video-preview:-1"},"canonical":"https:\/\/srokacompany.com\/es\/produit\/aleron-delantero-de-foil-680-control\/","og_locale":"es_ES","og_type":"article","og_title":"Ala delantera del Foil 680 Control- Freeride - SROKA Company","og_description":"El aler\u00f3n delantero Foil 680 Control te proporciona facilidad de carveo, una incre\u00edble estabilidad de free-ride y un arranque ultra-precoz.","og_url":"https:\/\/srokacompany.com\/es\/produit\/aleron-delantero-de-foil-680-control\/","og_site_name":"SROKA Company","article_publisher":"https:\/\/www.facebook.com\/srokawatersports\/","article_modified_time":"2025-11-25T09:03:24+00:00","og_image":[{"width":1480,"height":2160,"url":"https:\/\/srokacompany.com\/wp-content\/uploads\/2023\/07\/680-front-control-sROKA.jpg","type":"image\/jpeg"}],"twitter_misc":{"Tiempo de lectura":"1 minuto"},"schema":{"@context":"https:\/\/schema.org","@graph":[{"@type":"WebPage","@id":"https:\/\/srokacompany.com\/es\/produit\/aleron-delantero-de-foil-680-control\/","url":"https:\/\/srokacompany.com\/es\/produit\/aleron-delantero-de-foil-680-control\/","name":"Ala delantera del Foil 680 Control- Freeride - SROKA Company","isPartOf":{"@id":"https:\/\/srokacompany.com\/es\/#website"},"primaryImageOfPage":{"@id":"https:\/\/srokacompany.com\/es\/produit\/aleron-delantero-de-foil-680-control\/#primaryimage"},"image":{"@id":"https:\/\/srokacompany.com\/es\/produit\/aleron-delantero-de-foil-680-control\/#primaryimage"},"thumbnailUrl":"https:\/\/srokacompany.com\/wp-content\/uploads\/2023\/07\/680-front-control-sROKA.jpg","datePublished":"2024-07-01T08:17:04+00:00","dateModified":"2025-11-25T09:03:24+00:00","description":"El aler\u00f3n delantero Foil 680 Control te proporciona facilidad de carveo, una incre\u00edble estabilidad de free-ride y un arranque ultra-precoz.","breadcrumb":{"@id":"https:\/\/srokacompany.com\/es\/produit\/aleron-delantero-de-foil-680-control\/#breadcrumb"},"inLanguage":"es","potentialAction":[{"@type":"ReadAction","target":["https:\/\/srokacompany.com\/es\/produit\/aleron-delantero-de-foil-680-control\/"]}]},{"@type":"ImageObject","inLanguage":"es","@id":"https:\/\/srokacompany.com\/es\/produit\/aleron-delantero-de-foil-680-control\/#primaryimage","url":"https:\/\/srokacompany.com\/wp-content\/uploads\/2023\/07\/680-front-control-sROKA.jpg","contentUrl":"https:\/\/srokacompany.com\/wp-content\/uploads\/2023\/07\/680-front-control-sROKA.jpg","width":1480,"height":2160},{"@type":"BreadcrumbList","@id":"https:\/\/srokacompany.com\/es\/produit\/aleron-delantero-de-foil-680-control\/#breadcrumb","itemListElement":[{"@type":"ListItem","position":1,"name":"Accueil","item":"https:\/\/srokacompany.com\/es\/"},{"@type":"ListItem","position":2,"name":"Tienda","item":"https:\/\/srokacompany.com\/tienda\/"},{"@type":"ListItem","position":3,"name":"Ala delantera del Foil 680 Control- Freeride"}]},{"@type":"WebSite","@id":"https:\/\/srokacompany.com\/es\/#website","url":"https:\/\/srokacompany.com\/es\/","name":"SROKA Company","description":"SUP, Kite, Foil, Wing","publisher":{"@id":"https:\/\/srokacompany.com\/es\/#organization"},"potentialAction":[{"@type":"SearchAction","target":{"@type":"EntryPoint","urlTemplate":"https:\/\/srokacompany.com\/es\/?s={search_term_string}"},"query-input":{"@type":"PropertyValueSpecification","valueRequired":true,"valueName":"search_term_string"}}],"inLanguage":"es"},{"@type":"Organization","@id":"https:\/\/srokacompany.com\/es\/#organization","name":"SROKACOMPANY","alternateName":"SROKA","url":"https:\/\/srokacompany.com\/es\/","logo":{"@type":"ImageObject","inLanguage":"es","@id":"https:\/\/srokacompany.com\/es\/#\/schema\/logo\/image\/","url":"https:\/\/srokacompany.com\/wp-content\/uploads\/2021\/01\/logo-sroka-black-transpa.png","contentUrl":"https:\/\/srokacompany.com\/wp-content\/uploads\/2021\/01\/logo-sroka-black-transpa.png","width":1201,"height":342,"caption":"SROKACOMPANY"},"image":{"@id":"https:\/\/srokacompany.com\/es\/#\/schema\/logo\/image\/"},"sameAs":["https:\/\/www.facebook.com\/srokawatersports\/","https:\/\/www.instagram.com\/srokawatersports\/","https:\/\/www.youtube.com\/channel\/UCVLHHeaPIm-J5bdEUgxqtZA"]}]}},"uagb_featured_image_src":{"full":["https:\/\/srokacompany.com\/wp-content\/uploads\/2023\/07\/680-front-control-sROKA.jpg",1480,2160,false],"thumbnail":["https:\/\/srokacompany.com\/wp-content\/uploads\/2023\/07\/680-front-control-sROKA-150x150.jpg",150,150,true],"medium":["https:\/\/srokacompany.com\/wp-content\/uploads\/2023\/07\/680-front-control-sROKA-206x300.jpg",206,300,true],"medium_large":["https:\/\/srokacompany.com\/wp-content\/uploads\/2023\/07\/680-front-control-sROKA-768x1121.jpg",768,1121,true],"large":["https:\/\/srokacompany.com\/wp-content\/uploads\/2023\/07\/680-front-control-sROKA-702x1024.jpg",702,1024,true],"1536x1536":["https:\/\/srokacompany.com\/wp-content\/uploads\/2023\/07\/680-front-control-sROKA-1052x1536.jpg",1052,1536,true],"2048x2048":["https:\/\/srokacompany.com\/wp-content\/uploads\/2023\/07\/680-front-control-sROKA-1403x2048.jpg",1403,2048,true],"woocommerce_thumbnail":["https:\/\/srokacompany.com\/wp-content\/uploads\/2023\/07\/680-front-control-sROKA-600x876.jpg",600,876,true],"woocommerce_single":["https:\/\/srokacompany.com\/wp-content\/uploads\/2023\/07\/680-front-control-sROKA-600x876.jpg",600,876,true],"woocommerce_gallery_thumbnail":["https:\/\/srokacompany.com\/wp-content\/uploads\/2023\/07\/680-front-control-sROKA-100x100.jpg",100,100,true],"dgwt-wcas-product-suggestion":["https:\/\/srokacompany.com\/wp-content\/uploads\/2023\/07\/680-front-control-sROKA.jpg",64,93,false]},"uagb_author_info":{"display_name":"Emmanuel DIJOUX","author_link":"https:\/\/srokacompany.com\/es\/blog\/author\/"},"uagb_comment_info":0,"uagb_excerpt":"La aleta delantera SROKA 680 Control se centra en el freeride y el carving f\u00e1ciles, haciendo hincapi\u00e9 en la maniobrabilidad y el control. Esta es la descripci\u00f3n breve y centrada que pide: 329 680 Control front wing: El ala de Foil \"plug and play \" para Freeride y Carving. Ofrece m\u00e1ximo control y gran estabilidad&hellip;","jetpack_sharing_enabled":true,"_links":{"self":[{"href":"https:\/\/srokacompany.com\/es\/wp-json\/wp\/v2\/product\/340776","targetHints":{"allow":["GET"]}}],"collection":[{"href":"https:\/\/srokacompany.com\/es\/wp-json\/wp\/v2\/product"}],"about":[{"href":"https:\/\/srokacompany.com\/es\/wp-json\/wp\/v2\/types\/product"}],"wp:featuredmedia":[{"embeddable":true,"href":"https:\/\/srokacompany.com\/es\/wp-json\/wp\/v2\/media\/340778"}],"wp:attachment":[{"href":"https:\/\/srokacompany.com\/es\/wp-json\/wp\/v2\/media?parent=340776"}],"wp:term":[{"taxonomy":"product_brand","embeddable":true,"href":"https:\/\/srokacompany.com\/es\/wp-json\/wp\/v2\/product_brand?post=340776"},{"taxonomy":"product_cat","embeddable":true,"href":"https:\/\/srokacompany.com\/es\/wp-json\/wp\/v2\/product_cat?post=340776"},{"taxonomy":"product_tag","embeddable":true,"href":"https:\/\/srokacompany.com\/es\/wp-json\/wp\/v2\/product_tag?post=340776"}],"curies":[{"name":"wp","href":"https:\/\/api.w.org\/{rel}","templated":true}]}}