{"id":340786,"date":"2024-07-26T07:22:12","date_gmt":"2024-07-26T07:22:12","guid":{"rendered":"https:\/\/srokacompany.com\/produit\/aleron-delantero-de-foil-1100-uha\/"},"modified":"2025-11-25T11:01:33","modified_gmt":"2025-11-25T09:01:33","slug":"aleron-delantero-de-foil-1100-uha","status":"publish","type":"product","link":"https:\/\/srokacompany.com\/es\/produit\/aleron-delantero-de-foil-1100-uha\/","title":{"rendered":"Aler\u00f3n delantero de foil 1100 UHA"},"content":{"rendered":"<hr>\n<p class=\"p1\"><strong>En stock<\/strong><\/p>\n<p>Planea como un p\u00e1jaro rozando la cresta de las olas a toda velocidad mientras desciendes por los trenes de oleaje sin esfuerzo. Esto se hace realidad con nuestra gama UHA: Ultra High Aspect Ratio. Esta gama, con una gran envergadura, permite hacer foil casi sin viento y sin oleaje, tomando toda la energ\u00eda necesaria del oleaje para hacer foil. Si est\u00e1s buscando una cometa para ir r\u00e1pido a sotavento o a sotavento con ala, las cometas UHA han sido creadas para ti y te sorprender\u00e1n por su facilidad y rendimiento. Esta gama consta de 4 tama\u00f1os de ala: 800 UHA (800 cm\u00b2), 930 UHA (930 cm\u00b2), 1100 UHA (1100 cm\u00b2), 1260 UHA (1260 cm\u00b2). Esta gama se adapta perfectamente a las gamas de tablas LW y DW y Superfly.   <\/p>\n<p>Bas\u00e1ndonos en el \u00e9xito de la gama HA Speed, hemos decidido aplicar el mismo perfil para ofrecer el mismo despegue suave pero con unas prestaciones de velocidad impresionantes. Es imposible sentirse decepcionado con esta gama UHA: velocidad, Glide y maniobrabilidad son las tres palabras que mejor caracterizan a esta nueva gama. <\/p>\n<p><strong>El 1100 UHA es un Wing polivalente ideal para cualquiera que quiera volar un ala con facilidad, remontar el viento como un loco, planear sin esfuerzo y bajar trenes de marejadilla m\u00e1s potentes. Te permitir\u00e1 alcanzar dhttps:\/\/youtu.be\/7S8WT4bqUk8?si=EfX_YFdPAXG5Qo1bes Vmax en torno a los 25 nudos. <\/strong>  \u00a1Aceleraci\u00f3n garantizada!<\/p>\n","protected":false},"excerpt":{"rendered":"<p><b>Ala delantera Foil 1100 UHA:<\/b> Velocidad y planeo sin esfuerzo. El 4&#215;4 de los foils para destacar en <b>Wingfoil<\/b>, maximizar el <b>Downwind<\/b> y batir todos los r\u00e9cords de velocidad enPumping<b>Foil<\/b> (Dockstart confirmado\/ experto). Mayor rendimiento e impresionante Vmax, tambi\u00e9n perfecto para <b>Parawing<\/b>.  <\/p>\n","protected":false},"featured_media":340789,"template":"","meta":{"_acf_changed":false,"_uag_custom_page_level_css":""},"product_brand":[],"product_cat":[3446,3447,3425,3448,3449,3445,3444],"product_tag":[3429,3450,3427],"class_list":{"0":"post-340786","1":"product","2":"type-product","3":"status-publish","4":"has-post-thumbnail","6":"product_cat-ailette-surf-foil-es","7":"product_cat-aletas-dockstart","8":"product_cat-aletas-foil","9":"product_cat-aletas-sup-foil","10":"product_cat-paletas-de-viento-descendente","11":"product_cat-todas-nuestras-aletas-uha","12":"product_cat-wing-foil-es","13":"product_tag-avanzado","14":"product_tag-experto","15":"product_tag-ingenioso","17":"first","18":"instock","19":"taxable","20":"shipping-taxable","21":"purchasable","22":"product-type-simple"},"acf":[],"yoast_head":"<!-- This site is optimized with the Yoast SEO plugin v27.4 - https:\/\/yoast.com\/product\/yoast-seo-wordpress\/ -->\n<title>Aler\u00f3n delantero de foil 1100 UHA - SROKA Company<\/title>\n<meta name=\"description\" content=\"Downwind y freefly son tus pasiones, y el ala delantera del Foil 1100 UHA se ha dise\u00f1ado pensando en estas dos disciplinas. Un Foil que va r\u00e1pido y planea.\" \/>\n<meta name=\"robots\" content=\"index, follow, max-snippet:-1, max-image-preview:large, max-video-preview:-1\" \/>\n<link rel=\"canonical\" href=\"https:\/\/srokacompany.com\/es\/produit\/aleron-delantero-de-foil-1100-uha\/\" \/>\n<meta property=\"og:locale\" content=\"es_ES\" \/>\n<meta property=\"og:type\" content=\"article\" \/>\n<meta property=\"og:title\" content=\"Aler\u00f3n delantero de foil 1100 UHA - SROKA Company\" \/>\n<meta property=\"og:description\" content=\"Downwind y freefly son tus pasiones, y el ala delantera del Foil 1100 UHA se ha dise\u00f1ado pensando en estas dos disciplinas. Un Foil que va r\u00e1pido y planea.\" \/>\n<meta property=\"og:url\" content=\"https:\/\/srokacompany.com\/es\/produit\/aleron-delantero-de-foil-1100-uha\/\" \/>\n<meta property=\"og:site_name\" content=\"SROKA Company\" \/>\n<meta property=\"article:publisher\" content=\"https:\/\/www.facebook.com\/srokawatersports\/\" \/>\n<meta property=\"article:modified_time\" content=\"2025-11-25T09:01:33+00:00\" \/>\n<meta property=\"og:image\" content=\"https:\/\/srokacompany.com\/wp-content\/uploads\/2024\/07\/1100-UHA-2.jpg\" \/>\n\t<meta property=\"og:image:width\" content=\"1200\" \/>\n\t<meta property=\"og:image:height\" content=\"912\" \/>\n\t<meta property=\"og:image:type\" content=\"image\/jpeg\" \/>\n<meta name=\"twitter:label1\" content=\"Tiempo de lectura\" \/>\n\t<meta name=\"twitter:data1\" content=\"1 minuto\" \/>\n<script type=\"application\/ld+json\" class=\"yoast-schema-graph\">{\"@context\":\"https:\\\/\\\/schema.org\",\"@graph\":[{\"@type\":\"WebPage\",\"@id\":\"https:\\\/\\\/srokacompany.com\\\/es\\\/produit\\\/aleron-delantero-de-foil-1100-uha\\\/\",\"url\":\"https:\\\/\\\/srokacompany.com\\\/es\\\/produit\\\/aleron-delantero-de-foil-1100-uha\\\/\",\"name\":\"Aler\u00f3n delantero de foil 1100 UHA - SROKA Company\",\"isPartOf\":{\"@id\":\"https:\\\/\\\/srokacompany.com\\\/es\\\/#website\"},\"primaryImageOfPage\":{\"@id\":\"https:\\\/\\\/srokacompany.com\\\/es\\\/produit\\\/aleron-delantero-de-foil-1100-uha\\\/#primaryimage\"},\"image\":{\"@id\":\"https:\\\/\\\/srokacompany.com\\\/es\\\/produit\\\/aleron-delantero-de-foil-1100-uha\\\/#primaryimage\"},\"thumbnailUrl\":\"https:\\\/\\\/srokacompany.com\\\/wp-content\\\/uploads\\\/2024\\\/07\\\/1100-UHA-2.jpg\",\"datePublished\":\"2024-07-26T07:22:12+00:00\",\"dateModified\":\"2025-11-25T09:01:33+00:00\",\"description\":\"Downwind y freefly son tus pasiones, y el ala delantera del Foil 1100 UHA se ha dise\u00f1ado pensando en estas dos disciplinas. Un Foil que va r\u00e1pido y planea.\",\"breadcrumb\":{\"@id\":\"https:\\\/\\\/srokacompany.com\\\/es\\\/produit\\\/aleron-delantero-de-foil-1100-uha\\\/#breadcrumb\"},\"inLanguage\":\"es\",\"potentialAction\":[{\"@type\":\"ReadAction\",\"target\":[\"https:\\\/\\\/srokacompany.com\\\/es\\\/produit\\\/aleron-delantero-de-foil-1100-uha\\\/\"]}]},{\"@type\":\"ImageObject\",\"inLanguage\":\"es\",\"@id\":\"https:\\\/\\\/srokacompany.com\\\/es\\\/produit\\\/aleron-delantero-de-foil-1100-uha\\\/#primaryimage\",\"url\":\"https:\\\/\\\/srokacompany.com\\\/wp-content\\\/uploads\\\/2024\\\/07\\\/1100-UHA-2.jpg\",\"contentUrl\":\"https:\\\/\\\/srokacompany.com\\\/wp-content\\\/uploads\\\/2024\\\/07\\\/1100-UHA-2.jpg\",\"width\":1200,\"height\":912},{\"@type\":\"BreadcrumbList\",\"@id\":\"https:\\\/\\\/srokacompany.com\\\/es\\\/produit\\\/aleron-delantero-de-foil-1100-uha\\\/#breadcrumb\",\"itemListElement\":[{\"@type\":\"ListItem\",\"position\":1,\"name\":\"Accueil\",\"item\":\"https:\\\/\\\/srokacompany.com\\\/es\\\/\"},{\"@type\":\"ListItem\",\"position\":2,\"name\":\"Tienda\",\"item\":\"https:\\\/\\\/srokacompany.com\\\/tienda\\\/\"},{\"@type\":\"ListItem\",\"position\":3,\"name\":\"Aler\u00f3n delantero de foil 1100 UHA\"}]},{\"@type\":\"WebSite\",\"@id\":\"https:\\\/\\\/srokacompany.com\\\/es\\\/#website\",\"url\":\"https:\\\/\\\/srokacompany.com\\\/es\\\/\",\"name\":\"SROKA Company\",\"description\":\"SUP, Kite, Foil, Wing\",\"publisher\":{\"@id\":\"https:\\\/\\\/srokacompany.com\\\/es\\\/#organization\"},\"potentialAction\":[{\"@type\":\"SearchAction\",\"target\":{\"@type\":\"EntryPoint\",\"urlTemplate\":\"https:\\\/\\\/srokacompany.com\\\/es\\\/?s={search_term_string}\"},\"query-input\":{\"@type\":\"PropertyValueSpecification\",\"valueRequired\":true,\"valueName\":\"search_term_string\"}}],\"inLanguage\":\"es\"},{\"@type\":\"Organization\",\"@id\":\"https:\\\/\\\/srokacompany.com\\\/es\\\/#organization\",\"name\":\"SROKACOMPANY\",\"alternateName\":\"SROKA\",\"url\":\"https:\\\/\\\/srokacompany.com\\\/es\\\/\",\"logo\":{\"@type\":\"ImageObject\",\"inLanguage\":\"es\",\"@id\":\"https:\\\/\\\/srokacompany.com\\\/es\\\/#\\\/schema\\\/logo\\\/image\\\/\",\"url\":\"https:\\\/\\\/srokacompany.com\\\/wp-content\\\/uploads\\\/2021\\\/01\\\/logo-sroka-black-transpa.png\",\"contentUrl\":\"https:\\\/\\\/srokacompany.com\\\/wp-content\\\/uploads\\\/2021\\\/01\\\/logo-sroka-black-transpa.png\",\"width\":1201,\"height\":342,\"caption\":\"SROKACOMPANY\"},\"image\":{\"@id\":\"https:\\\/\\\/srokacompany.com\\\/es\\\/#\\\/schema\\\/logo\\\/image\\\/\"},\"sameAs\":[\"https:\\\/\\\/www.facebook.com\\\/srokawatersports\\\/\",\"https:\\\/\\\/www.instagram.com\\\/srokawatersports\\\/\",\"https:\\\/\\\/www.youtube.com\\\/channel\\\/UCVLHHeaPIm-J5bdEUgxqtZA\"]}]}<\/script>\n<!-- \/ Yoast SEO plugin. -->","yoast_head_json":{"title":"Aler\u00f3n delantero de foil 1100 UHA - SROKA Company","description":"Downwind y freefly son tus pasiones, y el ala delantera del Foil 1100 UHA se ha dise\u00f1ado pensando en estas dos disciplinas. Un Foil que va r\u00e1pido y planea.","robots":{"index":"index","follow":"follow","max-snippet":"max-snippet:-1","max-image-preview":"max-image-preview:large","max-video-preview":"max-video-preview:-1"},"canonical":"https:\/\/srokacompany.com\/es\/produit\/aleron-delantero-de-foil-1100-uha\/","og_locale":"es_ES","og_type":"article","og_title":"Aler\u00f3n delantero de foil 1100 UHA - SROKA Company","og_description":"Downwind y freefly son tus pasiones, y el ala delantera del Foil 1100 UHA se ha dise\u00f1ado pensando en estas dos disciplinas. Un Foil que va r\u00e1pido y planea.","og_url":"https:\/\/srokacompany.com\/es\/produit\/aleron-delantero-de-foil-1100-uha\/","og_site_name":"SROKA Company","article_publisher":"https:\/\/www.facebook.com\/srokawatersports\/","article_modified_time":"2025-11-25T09:01:33+00:00","og_image":[{"width":1200,"height":912,"url":"https:\/\/srokacompany.com\/wp-content\/uploads\/2024\/07\/1100-UHA-2.jpg","type":"image\/jpeg"}],"twitter_misc":{"Tiempo de lectura":"1 minuto"},"schema":{"@context":"https:\/\/schema.org","@graph":[{"@type":"WebPage","@id":"https:\/\/srokacompany.com\/es\/produit\/aleron-delantero-de-foil-1100-uha\/","url":"https:\/\/srokacompany.com\/es\/produit\/aleron-delantero-de-foil-1100-uha\/","name":"Aler\u00f3n delantero de foil 1100 UHA - SROKA Company","isPartOf":{"@id":"https:\/\/srokacompany.com\/es\/#website"},"primaryImageOfPage":{"@id":"https:\/\/srokacompany.com\/es\/produit\/aleron-delantero-de-foil-1100-uha\/#primaryimage"},"image":{"@id":"https:\/\/srokacompany.com\/es\/produit\/aleron-delantero-de-foil-1100-uha\/#primaryimage"},"thumbnailUrl":"https:\/\/srokacompany.com\/wp-content\/uploads\/2024\/07\/1100-UHA-2.jpg","datePublished":"2024-07-26T07:22:12+00:00","dateModified":"2025-11-25T09:01:33+00:00","description":"Downwind y freefly son tus pasiones, y el ala delantera del Foil 1100 UHA se ha dise\u00f1ado pensando en estas dos disciplinas. Un Foil que va r\u00e1pido y planea.","breadcrumb":{"@id":"https:\/\/srokacompany.com\/es\/produit\/aleron-delantero-de-foil-1100-uha\/#breadcrumb"},"inLanguage":"es","potentialAction":[{"@type":"ReadAction","target":["https:\/\/srokacompany.com\/es\/produit\/aleron-delantero-de-foil-1100-uha\/"]}]},{"@type":"ImageObject","inLanguage":"es","@id":"https:\/\/srokacompany.com\/es\/produit\/aleron-delantero-de-foil-1100-uha\/#primaryimage","url":"https:\/\/srokacompany.com\/wp-content\/uploads\/2024\/07\/1100-UHA-2.jpg","contentUrl":"https:\/\/srokacompany.com\/wp-content\/uploads\/2024\/07\/1100-UHA-2.jpg","width":1200,"height":912},{"@type":"BreadcrumbList","@id":"https:\/\/srokacompany.com\/es\/produit\/aleron-delantero-de-foil-1100-uha\/#breadcrumb","itemListElement":[{"@type":"ListItem","position":1,"name":"Accueil","item":"https:\/\/srokacompany.com\/es\/"},{"@type":"ListItem","position":2,"name":"Tienda","item":"https:\/\/srokacompany.com\/tienda\/"},{"@type":"ListItem","position":3,"name":"Aler\u00f3n delantero de foil 1100 UHA"}]},{"@type":"WebSite","@id":"https:\/\/srokacompany.com\/es\/#website","url":"https:\/\/srokacompany.com\/es\/","name":"SROKA Company","description":"SUP, Kite, Foil, Wing","publisher":{"@id":"https:\/\/srokacompany.com\/es\/#organization"},"potentialAction":[{"@type":"SearchAction","target":{"@type":"EntryPoint","urlTemplate":"https:\/\/srokacompany.com\/es\/?s={search_term_string}"},"query-input":{"@type":"PropertyValueSpecification","valueRequired":true,"valueName":"search_term_string"}}],"inLanguage":"es"},{"@type":"Organization","@id":"https:\/\/srokacompany.com\/es\/#organization","name":"SROKACOMPANY","alternateName":"SROKA","url":"https:\/\/srokacompany.com\/es\/","logo":{"@type":"ImageObject","inLanguage":"es","@id":"https:\/\/srokacompany.com\/es\/#\/schema\/logo\/image\/","url":"https:\/\/srokacompany.com\/wp-content\/uploads\/2021\/01\/logo-sroka-black-transpa.png","contentUrl":"https:\/\/srokacompany.com\/wp-content\/uploads\/2021\/01\/logo-sroka-black-transpa.png","width":1201,"height":342,"caption":"SROKACOMPANY"},"image":{"@id":"https:\/\/srokacompany.com\/es\/#\/schema\/logo\/image\/"},"sameAs":["https:\/\/www.facebook.com\/srokawatersports\/","https:\/\/www.instagram.com\/srokawatersports\/","https:\/\/www.youtube.com\/channel\/UCVLHHeaPIm-J5bdEUgxqtZA"]}]}},"uagb_featured_image_src":{"full":["https:\/\/srokacompany.com\/wp-content\/uploads\/2024\/07\/1100-UHA-2.jpg",1200,912,false],"thumbnail":["https:\/\/srokacompany.com\/wp-content\/uploads\/2024\/07\/1100-UHA-2-150x150.jpg",150,150,true],"medium":["https:\/\/srokacompany.com\/wp-content\/uploads\/2024\/07\/1100-UHA-2-300x228.jpg",300,228,true],"medium_large":["https:\/\/srokacompany.com\/wp-content\/uploads\/2024\/07\/1100-UHA-2-768x584.jpg",768,584,true],"large":["https:\/\/srokacompany.com\/wp-content\/uploads\/2024\/07\/1100-UHA-2-1024x778.jpg",1024,778,true],"1536x1536":["https:\/\/srokacompany.com\/wp-content\/uploads\/2024\/07\/1100-UHA-2.jpg",1200,912,false],"2048x2048":["https:\/\/srokacompany.com\/wp-content\/uploads\/2024\/07\/1100-UHA-2.jpg",1200,912,false],"woocommerce_thumbnail":["https:\/\/srokacompany.com\/wp-content\/uploads\/2024\/07\/1100-UHA-2-600x456.jpg",600,456,true],"woocommerce_single":["https:\/\/srokacompany.com\/wp-content\/uploads\/2024\/07\/1100-UHA-2-600x456.jpg",600,456,true],"woocommerce_gallery_thumbnail":["https:\/\/srokacompany.com\/wp-content\/uploads\/2024\/07\/1100-UHA-2-100x100.jpg",100,100,true],"dgwt-wcas-product-suggestion":["https:\/\/srokacompany.com\/wp-content\/uploads\/2024\/07\/1100-UHA-2.jpg",64,49,false]},"uagb_author_info":{"display_name":"Cl\u00e9ment Beaurain","author_link":"https:\/\/srokacompany.com\/es\/blog\/author\/"},"uagb_comment_info":0,"uagb_excerpt":"Ala delantera Foil 1100 UHA: Velocidad y planeo sin esfuerzo. El 4x4 de los foils para destacar en Wingfoil, maximizar el Downwind y batir todos los r\u00e9cords de velocidad enPumpingFoil (Dockstart confirmado\/ experto). Mayor rendimiento e impresionante Vmax, tambi\u00e9n perfecto para Parawing.","jetpack_sharing_enabled":true,"_links":{"self":[{"href":"https:\/\/srokacompany.com\/es\/wp-json\/wp\/v2\/product\/340786","targetHints":{"allow":["GET"]}}],"collection":[{"href":"https:\/\/srokacompany.com\/es\/wp-json\/wp\/v2\/product"}],"about":[{"href":"https:\/\/srokacompany.com\/es\/wp-json\/wp\/v2\/types\/product"}],"wp:featuredmedia":[{"embeddable":true,"href":"https:\/\/srokacompany.com\/es\/wp-json\/wp\/v2\/media\/340789"}],"wp:attachment":[{"href":"https:\/\/srokacompany.com\/es\/wp-json\/wp\/v2\/media?parent=340786"}],"wp:term":[{"taxonomy":"product_brand","embeddable":true,"href":"https:\/\/srokacompany.com\/es\/wp-json\/wp\/v2\/product_brand?post=340786"},{"taxonomy":"product_cat","embeddable":true,"href":"https:\/\/srokacompany.com\/es\/wp-json\/wp\/v2\/product_cat?post=340786"},{"taxonomy":"product_tag","embeddable":true,"href":"https:\/\/srokacompany.com\/es\/wp-json\/wp\/v2\/product_tag?post=340786"}],"curies":[{"name":"wp","href":"https:\/\/api.w.org\/{rel}","templated":true}]}}