{"id":340797,"date":"2024-07-26T07:21:42","date_gmt":"2024-07-26T07:21:42","guid":{"rendered":"https:\/\/srokacompany.com\/produit\/aleron-delantero-de-foil-1260-uha\/"},"modified":"2025-11-25T11:02:47","modified_gmt":"2025-11-25T09:02:47","slug":"aleron-delantero-de-foil-1260-uha","status":"publish","type":"product","link":"https:\/\/srokacompany.com\/es\/produit\/aleron-delantero-de-foil-1260-uha\/","title":{"rendered":"Aler\u00f3n delantero de foil 1260 UHA"},"content":{"rendered":"<h2 class=\"p1\">Aler\u00f3n delantero Foil 1260 de aspecto ultraelevado<\/h2>\n<p class=\"p1\">Vuela como un p\u00e1jaro<span class=\"Apple-converted-space\">  <\/span>rozando la cresta de las olas<span class=\"Apple-converted-space\">  <\/span>al m\u00e1ximo<span class=\"Apple-converted-space\">  <\/span>velocidad<span class=\"Apple-converted-space\">  <\/span>bajar trenes de oleaje sin esfuerzo. Esto se hace realidad con nuestra gama UHA: Ultra High Aspect Ratio. Esta gama de alto aspect ratio te permite hacer foil casi sin viento y sin oleaje, cogiendo toda la energ\u00eda que necesitas del oleaje para hacer foil. Si est\u00e1s buscando una cometa para ir r\u00e1pido downwind o ala downwind, las cometas UHA han sido creadas para ti y te sorprender\u00e1n por su facilidad y rendimiento. Esta gama consta de 4 tama\u00f1os de ala: 800 UHA (800 cm2), 930 UHA (930 cm2), 1100 UHA ( 1100 cm2), 1260 UHA (1260 cm2). Esta gama se adapta perfectamente a las gamas de plantas LW y DW y Superfly.     <\/p>\n<p class=\"p3\">Bas\u00e1ndonos en el \u00e9xito de la gama HA Speed, hemos decidido aplicar el mismo perfil para ofrecer el mismo despegue suave pero con unas prestaciones de velocidad impresionantes. Es imposible sentirse decepcionado con esta gama UHA: velocidad, Glide y maniobrabilidad son las tres palabras que mejor caracterizan a esta nueva gama. <\/p>\n<p class=\"p1\">El <strong>Foil delantero UHA t 1260 <\/strong> ha sido totalmente desarrollado para la navegaci\u00f3n Downwind, ofreciendo una capacidad insospechada para volar con muy poco oleaje y\/o viento. Con una envergadura cercana a los 1200 cm, le ofrecer\u00e1 una capacidad de gu\u00eda infinita sean cuales sean las condiciones.<\/p>\n<hr>\n<p class=\"p1\"><strong>En stock<\/strong><\/p>\n<p>Nuestra gama UHA (Ultra High Aspect Ratio) permite volar como un p\u00e1jaro rozando la cresta de las olas a toda velocidad, descendiendo sin esfuerzo por los trenes de marejada. Esta gama, con su gran envergadura, permite flotar casi sin viento ni oleaje, aprovechando toda la energ\u00eda disponible en el oleaje para volar. Si buscas una cometa para ir r\u00e1pido downwind o para practicar el wingfoil downwind, las cometas UHA han sido creadas para ti y te sorprender\u00e1n por su facilidad de uso y rendimiento. <strong>Esta gama se compone de cuatro tama\u00f1os de ala: 800 UHA (800 cm\u00b2), 930 UHA (930 cm\u00b2), 1100 UHA (1100 cm\u00b2) y 1260 UHA (1260 cm\u00b2)<\/strong>. Se adapta perfectamente a las gamas de tablas LW (viento flojo) y DW (downwind), as\u00ed como a la Superfly.   <\/p>\n<p>Bas\u00e1ndonos en el \u00e9xito de la gama HA Speed, hemos aplicado el mismo perfil a la gama UHA para ofrecer el mismo despegue suave, pero con unas prestaciones de velocidad impresionantes. Es imposible sentirse decepcionado con esta gama UHA: velocidad, planeo y manejabilidad son las tres palabras que mejor la caracterizan. <\/p>\n<p><strong>El 1260 UHA<\/strong> se ha <strong>desarrollado<\/strong> \u00edntegramente <strong>para la navegaci\u00f3n a favor del viento,<\/strong> ofreciendo una <strong>capacidad insospechada para volar en condiciones de oleaje y\/o viento muy ligeras con una incre\u00edble capacidad para bombear con facilidad<\/strong>. Con una envergadura de algo menos de 1.200 cm, podr\u00e1s navegar sin l\u00edmites, sean cuales sean las condiciones. <\/p>\n","protected":false},"excerpt":{"rendered":"<p><strong>Ala delantera Foil 1260 Ultra High Aspect:<\/strong> Vuela pronto y planea sin parar en <b>Wingfoil<\/b> ligero, <b>Downwind<\/b> y <b>Pumping Foil<\/b> (Dockstart nivel confirmado). M\u00e1xima capacidad de respuesta y eficacia de bombeo. Ideal tambi\u00e9n para <b>Parawing. <\/b>Tambi\u00e9n puede usarse como <b> Surf foil en condiciones ligeras.<\/b>  <\/p>\n","protected":false},"featured_media":340799,"template":"","meta":{"_acf_changed":false,"_uag_custom_page_level_css":""},"product_brand":[],"product_cat":[3446,3447,3425,3448,3449,3445,3444],"product_tag":[3429,3450,3427],"class_list":{"0":"post-340797","1":"product","2":"type-product","3":"status-publish","4":"has-post-thumbnail","6":"product_cat-ailette-surf-foil-es","7":"product_cat-aletas-dockstart","8":"product_cat-aletas-foil","9":"product_cat-aletas-sup-foil","10":"product_cat-paletas-de-viento-descendente","11":"product_cat-todas-nuestras-aletas-uha","12":"product_cat-wing-foil-es","13":"product_tag-avanzado","14":"product_tag-experto","15":"product_tag-ingenioso","17":"first","18":"instock","19":"taxable","20":"shipping-taxable","21":"purchasable","22":"product-type-simple"},"acf":[],"yoast_head":"<!-- This site is optimized with the Yoast SEO plugin v27.4 - https:\/\/yoast.com\/product\/yoast-seo-wordpress\/ -->\n<title>Aler\u00f3n delantero de foil 1260 UHA - SROKA Company<\/title>\n<meta name=\"description\" content=\"Para todos los entusiastas del Downwind que buscan un ala delantera Foil 1260 de aspecto ultra alto: planea r\u00e1pido y fuerte.\" \/>\n<meta name=\"robots\" content=\"index, follow, max-snippet:-1, max-image-preview:large, max-video-preview:-1\" \/>\n<link rel=\"canonical\" href=\"https:\/\/srokacompany.com\/es\/produit\/aleron-delantero-de-foil-1260-uha\/\" \/>\n<meta property=\"og:locale\" content=\"es_ES\" \/>\n<meta property=\"og:type\" content=\"article\" \/>\n<meta property=\"og:title\" content=\"Aler\u00f3n delantero de foil 1260 UHA - SROKA Company\" \/>\n<meta property=\"og:description\" content=\"Para todos los entusiastas del Downwind que buscan un ala delantera Foil 1260 de aspecto ultra alto: planea r\u00e1pido y fuerte.\" \/>\n<meta property=\"og:url\" content=\"https:\/\/srokacompany.com\/es\/produit\/aleron-delantero-de-foil-1260-uha\/\" \/>\n<meta property=\"og:site_name\" content=\"SROKA Company\" \/>\n<meta property=\"article:publisher\" content=\"https:\/\/www.facebook.com\/srokawatersports\/\" \/>\n<meta property=\"article:modified_time\" content=\"2025-11-25T09:02:47+00:00\" \/>\n<meta property=\"og:image\" content=\"https:\/\/srokacompany.com\/wp-content\/uploads\/2024\/06\/1260.208.jpg\" \/>\n\t<meta property=\"og:image:width\" content=\"2560\" \/>\n\t<meta property=\"og:image:height\" content=\"1920\" \/>\n\t<meta property=\"og:image:type\" content=\"image\/jpeg\" \/>\n<meta name=\"twitter:label1\" content=\"Tiempo de lectura\" \/>\n\t<meta name=\"twitter:data1\" content=\"2 minutos\" \/>\n<script type=\"application\/ld+json\" class=\"yoast-schema-graph\">{\"@context\":\"https:\\\/\\\/schema.org\",\"@graph\":[{\"@type\":\"WebPage\",\"@id\":\"https:\\\/\\\/srokacompany.com\\\/es\\\/produit\\\/aleron-delantero-de-foil-1260-uha\\\/\",\"url\":\"https:\\\/\\\/srokacompany.com\\\/es\\\/produit\\\/aleron-delantero-de-foil-1260-uha\\\/\",\"name\":\"Aler\u00f3n delantero de foil 1260 UHA - SROKA Company\",\"isPartOf\":{\"@id\":\"https:\\\/\\\/srokacompany.com\\\/es\\\/#website\"},\"primaryImageOfPage\":{\"@id\":\"https:\\\/\\\/srokacompany.com\\\/es\\\/produit\\\/aleron-delantero-de-foil-1260-uha\\\/#primaryimage\"},\"image\":{\"@id\":\"https:\\\/\\\/srokacompany.com\\\/es\\\/produit\\\/aleron-delantero-de-foil-1260-uha\\\/#primaryimage\"},\"thumbnailUrl\":\"https:\\\/\\\/srokacompany.com\\\/wp-content\\\/uploads\\\/2024\\\/06\\\/1260.208.jpg\",\"datePublished\":\"2024-07-26T07:21:42+00:00\",\"dateModified\":\"2025-11-25T09:02:47+00:00\",\"description\":\"Para todos los entusiastas del Downwind que buscan un ala delantera Foil 1260 de aspecto ultra alto: planea r\u00e1pido y fuerte.\",\"breadcrumb\":{\"@id\":\"https:\\\/\\\/srokacompany.com\\\/es\\\/produit\\\/aleron-delantero-de-foil-1260-uha\\\/#breadcrumb\"},\"inLanguage\":\"es\",\"potentialAction\":[{\"@type\":\"ReadAction\",\"target\":[\"https:\\\/\\\/srokacompany.com\\\/es\\\/produit\\\/aleron-delantero-de-foil-1260-uha\\\/\"]}]},{\"@type\":\"ImageObject\",\"inLanguage\":\"es\",\"@id\":\"https:\\\/\\\/srokacompany.com\\\/es\\\/produit\\\/aleron-delantero-de-foil-1260-uha\\\/#primaryimage\",\"url\":\"https:\\\/\\\/srokacompany.com\\\/wp-content\\\/uploads\\\/2024\\\/06\\\/1260.208.jpg\",\"contentUrl\":\"https:\\\/\\\/srokacompany.com\\\/wp-content\\\/uploads\\\/2024\\\/06\\\/1260.208.jpg\",\"width\":2560,\"height\":1920,\"caption\":\"Aler\u00f3n delantero UHA 1260\"},{\"@type\":\"BreadcrumbList\",\"@id\":\"https:\\\/\\\/srokacompany.com\\\/es\\\/produit\\\/aleron-delantero-de-foil-1260-uha\\\/#breadcrumb\",\"itemListElement\":[{\"@type\":\"ListItem\",\"position\":1,\"name\":\"Accueil\",\"item\":\"https:\\\/\\\/srokacompany.com\\\/es\\\/\"},{\"@type\":\"ListItem\",\"position\":2,\"name\":\"Tienda\",\"item\":\"https:\\\/\\\/srokacompany.com\\\/tienda\\\/\"},{\"@type\":\"ListItem\",\"position\":3,\"name\":\"Aler\u00f3n delantero de foil 1260 UHA\"}]},{\"@type\":\"WebSite\",\"@id\":\"https:\\\/\\\/srokacompany.com\\\/es\\\/#website\",\"url\":\"https:\\\/\\\/srokacompany.com\\\/es\\\/\",\"name\":\"SROKA Company\",\"description\":\"SUP, Kite, Foil, Wing\",\"publisher\":{\"@id\":\"https:\\\/\\\/srokacompany.com\\\/es\\\/#organization\"},\"potentialAction\":[{\"@type\":\"SearchAction\",\"target\":{\"@type\":\"EntryPoint\",\"urlTemplate\":\"https:\\\/\\\/srokacompany.com\\\/es\\\/?s={search_term_string}\"},\"query-input\":{\"@type\":\"PropertyValueSpecification\",\"valueRequired\":true,\"valueName\":\"search_term_string\"}}],\"inLanguage\":\"es\"},{\"@type\":\"Organization\",\"@id\":\"https:\\\/\\\/srokacompany.com\\\/es\\\/#organization\",\"name\":\"SROKACOMPANY\",\"alternateName\":\"SROKA\",\"url\":\"https:\\\/\\\/srokacompany.com\\\/es\\\/\",\"logo\":{\"@type\":\"ImageObject\",\"inLanguage\":\"es\",\"@id\":\"https:\\\/\\\/srokacompany.com\\\/es\\\/#\\\/schema\\\/logo\\\/image\\\/\",\"url\":\"https:\\\/\\\/srokacompany.com\\\/wp-content\\\/uploads\\\/2021\\\/01\\\/logo-sroka-black-transpa.png\",\"contentUrl\":\"https:\\\/\\\/srokacompany.com\\\/wp-content\\\/uploads\\\/2021\\\/01\\\/logo-sroka-black-transpa.png\",\"width\":1201,\"height\":342,\"caption\":\"SROKACOMPANY\"},\"image\":{\"@id\":\"https:\\\/\\\/srokacompany.com\\\/es\\\/#\\\/schema\\\/logo\\\/image\\\/\"},\"sameAs\":[\"https:\\\/\\\/www.facebook.com\\\/srokawatersports\\\/\",\"https:\\\/\\\/www.instagram.com\\\/srokawatersports\\\/\",\"https:\\\/\\\/www.youtube.com\\\/channel\\\/UCVLHHeaPIm-J5bdEUgxqtZA\"]}]}<\/script>\n<!-- \/ Yoast SEO plugin. -->","yoast_head_json":{"title":"Aler\u00f3n delantero de foil 1260 UHA - SROKA Company","description":"Para todos los entusiastas del Downwind que buscan un ala delantera Foil 1260 de aspecto ultra alto: planea r\u00e1pido y fuerte.","robots":{"index":"index","follow":"follow","max-snippet":"max-snippet:-1","max-image-preview":"max-image-preview:large","max-video-preview":"max-video-preview:-1"},"canonical":"https:\/\/srokacompany.com\/es\/produit\/aleron-delantero-de-foil-1260-uha\/","og_locale":"es_ES","og_type":"article","og_title":"Aler\u00f3n delantero de foil 1260 UHA - SROKA Company","og_description":"Para todos los entusiastas del Downwind que buscan un ala delantera Foil 1260 de aspecto ultra alto: planea r\u00e1pido y fuerte.","og_url":"https:\/\/srokacompany.com\/es\/produit\/aleron-delantero-de-foil-1260-uha\/","og_site_name":"SROKA Company","article_publisher":"https:\/\/www.facebook.com\/srokawatersports\/","article_modified_time":"2025-11-25T09:02:47+00:00","og_image":[{"width":2560,"height":1920,"url":"https:\/\/srokacompany.com\/wp-content\/uploads\/2024\/06\/1260.208.jpg","type":"image\/jpeg"}],"twitter_misc":{"Tiempo de lectura":"2 minutos"},"schema":{"@context":"https:\/\/schema.org","@graph":[{"@type":"WebPage","@id":"https:\/\/srokacompany.com\/es\/produit\/aleron-delantero-de-foil-1260-uha\/","url":"https:\/\/srokacompany.com\/es\/produit\/aleron-delantero-de-foil-1260-uha\/","name":"Aler\u00f3n delantero de foil 1260 UHA - SROKA Company","isPartOf":{"@id":"https:\/\/srokacompany.com\/es\/#website"},"primaryImageOfPage":{"@id":"https:\/\/srokacompany.com\/es\/produit\/aleron-delantero-de-foil-1260-uha\/#primaryimage"},"image":{"@id":"https:\/\/srokacompany.com\/es\/produit\/aleron-delantero-de-foil-1260-uha\/#primaryimage"},"thumbnailUrl":"https:\/\/srokacompany.com\/wp-content\/uploads\/2024\/06\/1260.208.jpg","datePublished":"2024-07-26T07:21:42+00:00","dateModified":"2025-11-25T09:02:47+00:00","description":"Para todos los entusiastas del Downwind que buscan un ala delantera Foil 1260 de aspecto ultra alto: planea r\u00e1pido y fuerte.","breadcrumb":{"@id":"https:\/\/srokacompany.com\/es\/produit\/aleron-delantero-de-foil-1260-uha\/#breadcrumb"},"inLanguage":"es","potentialAction":[{"@type":"ReadAction","target":["https:\/\/srokacompany.com\/es\/produit\/aleron-delantero-de-foil-1260-uha\/"]}]},{"@type":"ImageObject","inLanguage":"es","@id":"https:\/\/srokacompany.com\/es\/produit\/aleron-delantero-de-foil-1260-uha\/#primaryimage","url":"https:\/\/srokacompany.com\/wp-content\/uploads\/2024\/06\/1260.208.jpg","contentUrl":"https:\/\/srokacompany.com\/wp-content\/uploads\/2024\/06\/1260.208.jpg","width":2560,"height":1920,"caption":"Aler\u00f3n delantero UHA 1260"},{"@type":"BreadcrumbList","@id":"https:\/\/srokacompany.com\/es\/produit\/aleron-delantero-de-foil-1260-uha\/#breadcrumb","itemListElement":[{"@type":"ListItem","position":1,"name":"Accueil","item":"https:\/\/srokacompany.com\/es\/"},{"@type":"ListItem","position":2,"name":"Tienda","item":"https:\/\/srokacompany.com\/tienda\/"},{"@type":"ListItem","position":3,"name":"Aler\u00f3n delantero de foil 1260 UHA"}]},{"@type":"WebSite","@id":"https:\/\/srokacompany.com\/es\/#website","url":"https:\/\/srokacompany.com\/es\/","name":"SROKA Company","description":"SUP, Kite, Foil, Wing","publisher":{"@id":"https:\/\/srokacompany.com\/es\/#organization"},"potentialAction":[{"@type":"SearchAction","target":{"@type":"EntryPoint","urlTemplate":"https:\/\/srokacompany.com\/es\/?s={search_term_string}"},"query-input":{"@type":"PropertyValueSpecification","valueRequired":true,"valueName":"search_term_string"}}],"inLanguage":"es"},{"@type":"Organization","@id":"https:\/\/srokacompany.com\/es\/#organization","name":"SROKACOMPANY","alternateName":"SROKA","url":"https:\/\/srokacompany.com\/es\/","logo":{"@type":"ImageObject","inLanguage":"es","@id":"https:\/\/srokacompany.com\/es\/#\/schema\/logo\/image\/","url":"https:\/\/srokacompany.com\/wp-content\/uploads\/2021\/01\/logo-sroka-black-transpa.png","contentUrl":"https:\/\/srokacompany.com\/wp-content\/uploads\/2021\/01\/logo-sroka-black-transpa.png","width":1201,"height":342,"caption":"SROKACOMPANY"},"image":{"@id":"https:\/\/srokacompany.com\/es\/#\/schema\/logo\/image\/"},"sameAs":["https:\/\/www.facebook.com\/srokawatersports\/","https:\/\/www.instagram.com\/srokawatersports\/","https:\/\/www.youtube.com\/channel\/UCVLHHeaPIm-J5bdEUgxqtZA"]}]}},"uagb_featured_image_src":{"full":["https:\/\/srokacompany.com\/wp-content\/uploads\/2024\/06\/1260.208.jpg",2560,1920,false],"thumbnail":["https:\/\/srokacompany.com\/wp-content\/uploads\/2024\/06\/1260.208-150x150.jpg",150,150,true],"medium":["https:\/\/srokacompany.com\/wp-content\/uploads\/2024\/06\/1260.208-300x225.jpg",300,225,true],"medium_large":["https:\/\/srokacompany.com\/wp-content\/uploads\/2024\/06\/1260.208-768x576.jpg",768,576,true],"large":["https:\/\/srokacompany.com\/wp-content\/uploads\/2024\/06\/1260.208-1024x768.jpg",1024,768,true],"1536x1536":["https:\/\/srokacompany.com\/wp-content\/uploads\/2024\/06\/1260.208-1536x1152.jpg",1536,1152,true],"2048x2048":["https:\/\/srokacompany.com\/wp-content\/uploads\/2024\/06\/1260.208-2048x1536.jpg",2048,1536,true],"woocommerce_thumbnail":["https:\/\/srokacompany.com\/wp-content\/uploads\/2024\/06\/1260.208-600x450.jpg",600,450,true],"woocommerce_single":["https:\/\/srokacompany.com\/wp-content\/uploads\/2024\/06\/1260.208-600x450.jpg",600,450,true],"woocommerce_gallery_thumbnail":["https:\/\/srokacompany.com\/wp-content\/uploads\/2024\/06\/1260.208-100x100.jpg",100,100,true],"dgwt-wcas-product-suggestion":["https:\/\/srokacompany.com\/wp-content\/uploads\/2024\/06\/1260.208.jpg",64,48,false]},"uagb_author_info":{"display_name":"Cl\u00e9ment Beaurain","author_link":"https:\/\/srokacompany.com\/es\/blog\/author\/"},"uagb_comment_info":0,"uagb_excerpt":"Ala delantera Foil 1260 Ultra High Aspect: Vuela pronto y planea sin parar en Wingfoil ligero, Downwind y Pumping Foil (Dockstart nivel confirmado). M\u00e1xima capacidad de respuesta y eficacia de bombeo. Ideal tambi\u00e9n para Parawing. Tambi\u00e9n puede usarse como Surf foil en condiciones ligeras.","jetpack_sharing_enabled":true,"_links":{"self":[{"href":"https:\/\/srokacompany.com\/es\/wp-json\/wp\/v2\/product\/340797","targetHints":{"allow":["GET"]}}],"collection":[{"href":"https:\/\/srokacompany.com\/es\/wp-json\/wp\/v2\/product"}],"about":[{"href":"https:\/\/srokacompany.com\/es\/wp-json\/wp\/v2\/types\/product"}],"wp:featuredmedia":[{"embeddable":true,"href":"https:\/\/srokacompany.com\/es\/wp-json\/wp\/v2\/media\/340799"}],"wp:attachment":[{"href":"https:\/\/srokacompany.com\/es\/wp-json\/wp\/v2\/media?parent=340797"}],"wp:term":[{"taxonomy":"product_brand","embeddable":true,"href":"https:\/\/srokacompany.com\/es\/wp-json\/wp\/v2\/product_brand?post=340797"},{"taxonomy":"product_cat","embeddable":true,"href":"https:\/\/srokacompany.com\/es\/wp-json\/wp\/v2\/product_cat?post=340797"},{"taxonomy":"product_tag","embeddable":true,"href":"https:\/\/srokacompany.com\/es\/wp-json\/wp\/v2\/product_tag?post=340797"}],"curies":[{"name":"wp","href":"https:\/\/api.w.org\/{rel}","templated":true}]}}