{"id":340827,"date":"2024-07-26T07:24:27","date_gmt":"2024-07-26T07:24:27","guid":{"rendered":"https:\/\/srokacompany.com\/produit\/aleron-delantero-de-foil-800-uha\/"},"modified":"2025-11-25T10:59:44","modified_gmt":"2025-11-25T08:59:44","slug":"aleron-delantero-de-foil-800-uha","status":"publish","type":"product","link":"https:\/\/srokacompany.com\/es\/produit\/aleron-delantero-de-foil-800-uha\/","title":{"rendered":"Aler\u00f3n delantero de foil 800 UHA"},"content":{"rendered":"<hr>\n<p class=\"p1\"><strong>En stock<\/strong><\/p>\n<p>La 800 UHA es el arma m\u00e1s radical para batir r\u00e9cords. Es la cometa definitiva para downwind o para aquellos que quieren ir r\u00e1pido, girar r\u00e1pido, subir r\u00e1pido y descender r\u00e1pido en trenes de olas sin l\u00edmites. El \u00fanico l\u00edmite eres t\u00fa y tu capacidad para hacer retroceder lo que a\u00fan no era aceptable para ti. No obstante, esta gama sigue siendo muy asequible.   <\/p>\n<p>Volar como un p\u00e1jaro, rozar la cresta de las olas a toda velocidad y descender trenes de olas sin esfuerzo, se convierte en una realidad con nuestra gama UHA (Ultra High Aspect Ratio). Esta gama, con una gran envergadura, le permite flotar casi sin viento ni oleaje, aprovechando toda la energ\u00eda del oleaje para flotar. Si buscas una cometa para ir r\u00e1pido a favor del viento o para hacer downwind, las cometas UHA han sido creadas para ti y te sorprender\u00e1n por su facilidad y rendimiento. Esta gama consta de 4 tama\u00f1os de ala: 800 UHA (800 cm\u00b2), 930 UHA (930 cm\u00b2), 1100 UHA (1100 cm\u00b2) y 1260 UHA (1260 cm\u00b2). Se adapta perfectamente a las gamas de tablas LW y DW, as\u00ed como a la Superfly.    <\/p>\n<p>Aprovechando el \u00e9xito de la gama HA Speed, decidimos aplicar el mismo perfil para ofrecer el mismo despegue suave, pero con unas prestaciones de velocidad impresionantes. Es imposible sentirse decepcionado con esta gama UHA: velocidad, planeo y manejabilidad son las tres palabras que mejor la caracterizan. <\/p>\n","protected":false},"excerpt":{"rendered":"<p><b>Ala SROKA UHA 800:<\/b> \u00a1Velocidad extrema y maniobrabilidad demencial! El arma definitiva para <b>los Downwind<\/b> potentes. <b>Wingfoil<\/b> en vientos fuertes y <b>Supfoil<\/b> m\u00e1gico: planeo garantizado y giros quir\u00fargicos. Perfecta para <g id=\"gid_4\">Pumping Foil<\/g> y <g id=\"gid_5\">Parawing<\/g> de alta velocidad. Requiere vientos de moderados a fuertes.   <\/p>\n","protected":false},"featured_media":340830,"template":"","meta":{"_acf_changed":false,"_uag_custom_page_level_css":""},"product_brand":[],"product_cat":[3446,3425,3448,3449,3469,3445,3444],"product_tag":[3429,3450,3427],"class_list":{"0":"post-340827","1":"product","2":"type-product","3":"status-publish","4":"has-post-thumbnail","6":"product_cat-ailette-surf-foil-es","7":"product_cat-aletas-foil","8":"product_cat-aletas-sup-foil","9":"product_cat-paletas-de-viento-descendente","10":"product_cat-surf-foil-es","11":"product_cat-todas-nuestras-aletas-uha","12":"product_cat-wing-foil-es","13":"product_tag-avanzado","14":"product_tag-experto","15":"product_tag-ingenioso","17":"first","18":"instock","19":"taxable","20":"shipping-taxable","21":"purchasable","22":"product-type-simple"},"acf":[],"yoast_head":"<!-- This site is optimized with the Yoast SEO plugin v27.4 - https:\/\/yoast.com\/product\/yoast-seo-wordpress\/ -->\n<title>Aler\u00f3n delantero de foil 800 UHA - SROKA Company<\/title>\n<meta name=\"description\" content=\"R\u00e1pido Downwind - Dock Start - Pump race, Sup - Sup race- Downwind - Wingfoil. Este ala delantera Foil de 800 UHA no tiene l\u00edmites, \u00a1excepto los tuyos!\" \/>\n<meta name=\"robots\" content=\"index, follow, max-snippet:-1, max-image-preview:large, max-video-preview:-1\" \/>\n<link rel=\"canonical\" href=\"https:\/\/srokacompany.com\/es\/produit\/aleron-delantero-de-foil-800-uha\/\" \/>\n<meta property=\"og:locale\" content=\"es_ES\" \/>\n<meta property=\"og:type\" content=\"article\" \/>\n<meta property=\"og:title\" content=\"Aler\u00f3n delantero de foil 800 UHA - SROKA Company\" \/>\n<meta property=\"og:description\" content=\"R\u00e1pido Downwind - Dock Start - Pump race, Sup - Sup race- Downwind - Wingfoil. Este ala delantera Foil de 800 UHA no tiene l\u00edmites, \u00a1excepto los tuyos!\" \/>\n<meta property=\"og:url\" content=\"https:\/\/srokacompany.com\/es\/produit\/aleron-delantero-de-foil-800-uha\/\" \/>\n<meta property=\"og:site_name\" content=\"SROKA Company\" \/>\n<meta property=\"article:publisher\" content=\"https:\/\/www.facebook.com\/srokawatersports\/\" \/>\n<meta property=\"article:modified_time\" content=\"2025-11-25T08:59:44+00:00\" \/>\n<meta property=\"og:image\" content=\"https:\/\/srokacompany.com\/wp-content\/uploads\/2024\/06\/800.193.jpg\" \/>\n\t<meta property=\"og:image:width\" content=\"2560\" \/>\n\t<meta property=\"og:image:height\" content=\"1920\" \/>\n\t<meta property=\"og:image:type\" content=\"image\/jpeg\" \/>\n<meta name=\"twitter:label1\" content=\"Tiempo de lectura\" \/>\n\t<meta name=\"twitter:data1\" content=\"1 minuto\" \/>\n<script type=\"application\/ld+json\" class=\"yoast-schema-graph\">{\"@context\":\"https:\\\/\\\/schema.org\",\"@graph\":[{\"@type\":\"WebPage\",\"@id\":\"https:\\\/\\\/srokacompany.com\\\/es\\\/produit\\\/aleron-delantero-de-foil-800-uha\\\/\",\"url\":\"https:\\\/\\\/srokacompany.com\\\/es\\\/produit\\\/aleron-delantero-de-foil-800-uha\\\/\",\"name\":\"Aler\u00f3n delantero de foil 800 UHA - SROKA Company\",\"isPartOf\":{\"@id\":\"https:\\\/\\\/srokacompany.com\\\/es\\\/#website\"},\"primaryImageOfPage\":{\"@id\":\"https:\\\/\\\/srokacompany.com\\\/es\\\/produit\\\/aleron-delantero-de-foil-800-uha\\\/#primaryimage\"},\"image\":{\"@id\":\"https:\\\/\\\/srokacompany.com\\\/es\\\/produit\\\/aleron-delantero-de-foil-800-uha\\\/#primaryimage\"},\"thumbnailUrl\":\"https:\\\/\\\/srokacompany.com\\\/wp-content\\\/uploads\\\/2024\\\/06\\\/800.193.jpg\",\"datePublished\":\"2024-07-26T07:24:27+00:00\",\"dateModified\":\"2025-11-25T08:59:44+00:00\",\"description\":\"R\u00e1pido Downwind - Dock Start - Pump race, Sup - Sup race- Downwind - Wingfoil. Este ala delantera Foil de 800 UHA no tiene l\u00edmites, \u00a1excepto los tuyos!\",\"breadcrumb\":{\"@id\":\"https:\\\/\\\/srokacompany.com\\\/es\\\/produit\\\/aleron-delantero-de-foil-800-uha\\\/#breadcrumb\"},\"inLanguage\":\"es\",\"potentialAction\":[{\"@type\":\"ReadAction\",\"target\":[\"https:\\\/\\\/srokacompany.com\\\/es\\\/produit\\\/aleron-delantero-de-foil-800-uha\\\/\"]}]},{\"@type\":\"ImageObject\",\"inLanguage\":\"es\",\"@id\":\"https:\\\/\\\/srokacompany.com\\\/es\\\/produit\\\/aleron-delantero-de-foil-800-uha\\\/#primaryimage\",\"url\":\"https:\\\/\\\/srokacompany.com\\\/wp-content\\\/uploads\\\/2024\\\/06\\\/800.193.jpg\",\"contentUrl\":\"https:\\\/\\\/srokacompany.com\\\/wp-content\\\/uploads\\\/2024\\\/06\\\/800.193.jpg\",\"width\":2560,\"height\":1920},{\"@type\":\"BreadcrumbList\",\"@id\":\"https:\\\/\\\/srokacompany.com\\\/es\\\/produit\\\/aleron-delantero-de-foil-800-uha\\\/#breadcrumb\",\"itemListElement\":[{\"@type\":\"ListItem\",\"position\":1,\"name\":\"Accueil\",\"item\":\"https:\\\/\\\/srokacompany.com\\\/es\\\/\"},{\"@type\":\"ListItem\",\"position\":2,\"name\":\"Tienda\",\"item\":\"https:\\\/\\\/srokacompany.com\\\/tienda\\\/\"},{\"@type\":\"ListItem\",\"position\":3,\"name\":\"Aler\u00f3n delantero de foil 800 UHA\"}]},{\"@type\":\"WebSite\",\"@id\":\"https:\\\/\\\/srokacompany.com\\\/es\\\/#website\",\"url\":\"https:\\\/\\\/srokacompany.com\\\/es\\\/\",\"name\":\"SROKA Company\",\"description\":\"SUP, Kite, Foil, Wing\",\"publisher\":{\"@id\":\"https:\\\/\\\/srokacompany.com\\\/es\\\/#organization\"},\"potentialAction\":[{\"@type\":\"SearchAction\",\"target\":{\"@type\":\"EntryPoint\",\"urlTemplate\":\"https:\\\/\\\/srokacompany.com\\\/es\\\/?s={search_term_string}\"},\"query-input\":{\"@type\":\"PropertyValueSpecification\",\"valueRequired\":true,\"valueName\":\"search_term_string\"}}],\"inLanguage\":\"es\"},{\"@type\":\"Organization\",\"@id\":\"https:\\\/\\\/srokacompany.com\\\/es\\\/#organization\",\"name\":\"SROKACOMPANY\",\"alternateName\":\"SROKA\",\"url\":\"https:\\\/\\\/srokacompany.com\\\/es\\\/\",\"logo\":{\"@type\":\"ImageObject\",\"inLanguage\":\"es\",\"@id\":\"https:\\\/\\\/srokacompany.com\\\/es\\\/#\\\/schema\\\/logo\\\/image\\\/\",\"url\":\"https:\\\/\\\/srokacompany.com\\\/wp-content\\\/uploads\\\/2021\\\/01\\\/logo-sroka-black-transpa.png\",\"contentUrl\":\"https:\\\/\\\/srokacompany.com\\\/wp-content\\\/uploads\\\/2021\\\/01\\\/logo-sroka-black-transpa.png\",\"width\":1201,\"height\":342,\"caption\":\"SROKACOMPANY\"},\"image\":{\"@id\":\"https:\\\/\\\/srokacompany.com\\\/es\\\/#\\\/schema\\\/logo\\\/image\\\/\"},\"sameAs\":[\"https:\\\/\\\/www.facebook.com\\\/srokawatersports\\\/\",\"https:\\\/\\\/www.instagram.com\\\/srokawatersports\\\/\",\"https:\\\/\\\/www.youtube.com\\\/channel\\\/UCVLHHeaPIm-J5bdEUgxqtZA\"]}]}<\/script>\n<!-- \/ Yoast SEO plugin. -->","yoast_head_json":{"title":"Aler\u00f3n delantero de foil 800 UHA - SROKA Company","description":"R\u00e1pido Downwind - Dock Start - Pump race, Sup - Sup race- Downwind - Wingfoil. Este ala delantera Foil de 800 UHA no tiene l\u00edmites, \u00a1excepto los tuyos!","robots":{"index":"index","follow":"follow","max-snippet":"max-snippet:-1","max-image-preview":"max-image-preview:large","max-video-preview":"max-video-preview:-1"},"canonical":"https:\/\/srokacompany.com\/es\/produit\/aleron-delantero-de-foil-800-uha\/","og_locale":"es_ES","og_type":"article","og_title":"Aler\u00f3n delantero de foil 800 UHA - SROKA Company","og_description":"R\u00e1pido Downwind - Dock Start - Pump race, Sup - Sup race- Downwind - Wingfoil. Este ala delantera Foil de 800 UHA no tiene l\u00edmites, \u00a1excepto los tuyos!","og_url":"https:\/\/srokacompany.com\/es\/produit\/aleron-delantero-de-foil-800-uha\/","og_site_name":"SROKA Company","article_publisher":"https:\/\/www.facebook.com\/srokawatersports\/","article_modified_time":"2025-11-25T08:59:44+00:00","og_image":[{"width":2560,"height":1920,"url":"https:\/\/srokacompany.com\/wp-content\/uploads\/2024\/06\/800.193.jpg","type":"image\/jpeg"}],"twitter_misc":{"Tiempo de lectura":"1 minuto"},"schema":{"@context":"https:\/\/schema.org","@graph":[{"@type":"WebPage","@id":"https:\/\/srokacompany.com\/es\/produit\/aleron-delantero-de-foil-800-uha\/","url":"https:\/\/srokacompany.com\/es\/produit\/aleron-delantero-de-foil-800-uha\/","name":"Aler\u00f3n delantero de foil 800 UHA - SROKA Company","isPartOf":{"@id":"https:\/\/srokacompany.com\/es\/#website"},"primaryImageOfPage":{"@id":"https:\/\/srokacompany.com\/es\/produit\/aleron-delantero-de-foil-800-uha\/#primaryimage"},"image":{"@id":"https:\/\/srokacompany.com\/es\/produit\/aleron-delantero-de-foil-800-uha\/#primaryimage"},"thumbnailUrl":"https:\/\/srokacompany.com\/wp-content\/uploads\/2024\/06\/800.193.jpg","datePublished":"2024-07-26T07:24:27+00:00","dateModified":"2025-11-25T08:59:44+00:00","description":"R\u00e1pido Downwind - Dock Start - Pump race, Sup - Sup race- Downwind - Wingfoil. Este ala delantera Foil de 800 UHA no tiene l\u00edmites, \u00a1excepto los tuyos!","breadcrumb":{"@id":"https:\/\/srokacompany.com\/es\/produit\/aleron-delantero-de-foil-800-uha\/#breadcrumb"},"inLanguage":"es","potentialAction":[{"@type":"ReadAction","target":["https:\/\/srokacompany.com\/es\/produit\/aleron-delantero-de-foil-800-uha\/"]}]},{"@type":"ImageObject","inLanguage":"es","@id":"https:\/\/srokacompany.com\/es\/produit\/aleron-delantero-de-foil-800-uha\/#primaryimage","url":"https:\/\/srokacompany.com\/wp-content\/uploads\/2024\/06\/800.193.jpg","contentUrl":"https:\/\/srokacompany.com\/wp-content\/uploads\/2024\/06\/800.193.jpg","width":2560,"height":1920},{"@type":"BreadcrumbList","@id":"https:\/\/srokacompany.com\/es\/produit\/aleron-delantero-de-foil-800-uha\/#breadcrumb","itemListElement":[{"@type":"ListItem","position":1,"name":"Accueil","item":"https:\/\/srokacompany.com\/es\/"},{"@type":"ListItem","position":2,"name":"Tienda","item":"https:\/\/srokacompany.com\/tienda\/"},{"@type":"ListItem","position":3,"name":"Aler\u00f3n delantero de foil 800 UHA"}]},{"@type":"WebSite","@id":"https:\/\/srokacompany.com\/es\/#website","url":"https:\/\/srokacompany.com\/es\/","name":"SROKA Company","description":"SUP, Kite, Foil, Wing","publisher":{"@id":"https:\/\/srokacompany.com\/es\/#organization"},"potentialAction":[{"@type":"SearchAction","target":{"@type":"EntryPoint","urlTemplate":"https:\/\/srokacompany.com\/es\/?s={search_term_string}"},"query-input":{"@type":"PropertyValueSpecification","valueRequired":true,"valueName":"search_term_string"}}],"inLanguage":"es"},{"@type":"Organization","@id":"https:\/\/srokacompany.com\/es\/#organization","name":"SROKACOMPANY","alternateName":"SROKA","url":"https:\/\/srokacompany.com\/es\/","logo":{"@type":"ImageObject","inLanguage":"es","@id":"https:\/\/srokacompany.com\/es\/#\/schema\/logo\/image\/","url":"https:\/\/srokacompany.com\/wp-content\/uploads\/2021\/01\/logo-sroka-black-transpa.png","contentUrl":"https:\/\/srokacompany.com\/wp-content\/uploads\/2021\/01\/logo-sroka-black-transpa.png","width":1201,"height":342,"caption":"SROKACOMPANY"},"image":{"@id":"https:\/\/srokacompany.com\/es\/#\/schema\/logo\/image\/"},"sameAs":["https:\/\/www.facebook.com\/srokawatersports\/","https:\/\/www.instagram.com\/srokawatersports\/","https:\/\/www.youtube.com\/channel\/UCVLHHeaPIm-J5bdEUgxqtZA"]}]}},"uagb_featured_image_src":{"full":["https:\/\/srokacompany.com\/wp-content\/uploads\/2024\/06\/800.193.jpg",2560,1920,false],"thumbnail":["https:\/\/srokacompany.com\/wp-content\/uploads\/2024\/06\/800.193-150x150.jpg",150,150,true],"medium":["https:\/\/srokacompany.com\/wp-content\/uploads\/2024\/06\/800.193-300x225.jpg",300,225,true],"medium_large":["https:\/\/srokacompany.com\/wp-content\/uploads\/2024\/06\/800.193-768x576.jpg",768,576,true],"large":["https:\/\/srokacompany.com\/wp-content\/uploads\/2024\/06\/800.193-1024x768.jpg",1024,768,true],"1536x1536":["https:\/\/srokacompany.com\/wp-content\/uploads\/2024\/06\/800.193-1536x1152.jpg",1536,1152,true],"2048x2048":["https:\/\/srokacompany.com\/wp-content\/uploads\/2024\/06\/800.193-2048x1536.jpg",2048,1536,true],"woocommerce_thumbnail":["https:\/\/srokacompany.com\/wp-content\/uploads\/2024\/06\/800.193-600x450.jpg",600,450,true],"woocommerce_single":["https:\/\/srokacompany.com\/wp-content\/uploads\/2024\/06\/800.193-600x450.jpg",600,450,true],"woocommerce_gallery_thumbnail":["https:\/\/srokacompany.com\/wp-content\/uploads\/2024\/06\/800.193-100x100.jpg",100,100,true],"dgwt-wcas-product-suggestion":["https:\/\/srokacompany.com\/wp-content\/uploads\/2024\/06\/800.193.jpg",64,48,false]},"uagb_author_info":{"display_name":"Cl\u00e9ment Beaurain","author_link":"https:\/\/srokacompany.com\/es\/blog\/author\/"},"uagb_comment_info":0,"uagb_excerpt":"Ala SROKA UHA 800: \u00a1Velocidad extrema y maniobrabilidad demencial! El arma definitiva para los Downwind potentes. Wingfoil en vientos fuertes y Supfoil m\u00e1gico: planeo garantizado y giros quir\u00fargicos. Perfecta para Pumping Foil y Parawing de alta velocidad. Requiere vientos de moderados a fuertes.","jetpack_sharing_enabled":true,"_links":{"self":[{"href":"https:\/\/srokacompany.com\/es\/wp-json\/wp\/v2\/product\/340827","targetHints":{"allow":["GET"]}}],"collection":[{"href":"https:\/\/srokacompany.com\/es\/wp-json\/wp\/v2\/product"}],"about":[{"href":"https:\/\/srokacompany.com\/es\/wp-json\/wp\/v2\/types\/product"}],"wp:featuredmedia":[{"embeddable":true,"href":"https:\/\/srokacompany.com\/es\/wp-json\/wp\/v2\/media\/340830"}],"wp:attachment":[{"href":"https:\/\/srokacompany.com\/es\/wp-json\/wp\/v2\/media?parent=340827"}],"wp:term":[{"taxonomy":"product_brand","embeddable":true,"href":"https:\/\/srokacompany.com\/es\/wp-json\/wp\/v2\/product_brand?post=340827"},{"taxonomy":"product_cat","embeddable":true,"href":"https:\/\/srokacompany.com\/es\/wp-json\/wp\/v2\/product_cat?post=340827"},{"taxonomy":"product_tag","embeddable":true,"href":"https:\/\/srokacompany.com\/es\/wp-json\/wp\/v2\/product_tag?post=340827"}],"curies":[{"name":"wp","href":"https:\/\/api.w.org\/{rel}","templated":true}]}}