{"id":340832,"date":"2024-09-15T05:55:30","date_gmt":"2024-09-15T05:55:30","guid":{"rendered":"https:\/\/srokacompany.com\/produit\/aleron-delantero-high-aspect-550-s-ha\/"},"modified":"2025-11-25T10:59:22","modified_gmt":"2025-11-25T08:59:22","slug":"aleron-delantero-high-aspect-550-s-ha","status":"publish","type":"product","link":"https:\/\/srokacompany.com\/es\/produit\/aleron-delantero-high-aspect-550-s-ha\/","title":{"rendered":"Aler\u00f3n delantero High Aspect 550 S HA"},"content":{"rendered":"<h4>Supera tus l\u00edmites : Pura velocidad en competici\u00f3n<\/h4>\n<p>&nbsp;<\/p>\n<p><strong>La cometa frontal Hight Aspect 550 S HA SROKA<\/strong> est\u00e1 dise\u00f1ada para riders que s\u00f3lo conocen una regla: ir m\u00e1s r\u00e1pido. Dise\u00f1ada como una aut\u00e9ntica <b>bestia de competici\u00f3n<\/b>, es la herramienta esencial para batir tus marcas personales y dominar los recorridos <b>Wingfoil Race<\/b> y <b>Kitefoil<\/b>. <\/p>\n<p>Gracias a su perfil orientado a la velocidad y a su manga baja, garantiza una resistencia m\u00ednima, lo que le permite coquetear con <b>35 nudos<\/b> con toda confianza. A partir de ahora, el \u00fanico l\u00edmite de velocidad ser\u00e1 el suyo. <\/p>\n<h4>Rendimiento y estabilidad a alta velocidad<\/h4>\n<ul>\n<li><b>M\u00e1xima velocidad sin concesiones:<\/b> El secreto del <strong>aler\u00f3n delantero High Aspect 550 S HA<\/strong> reside en su perfecta rigidez (HM Carbon) y su perfil optimizado, que transforma cada esfuerzo en pura aceleraci\u00f3n. Est\u00e1 especialmente dise\u00f1ado para ser <b>m\u00e1s estable y r\u00e1pido<\/b> al acelerar. <\/li>\n<li><b>Polivalencia en competici\u00f3n:<\/b> Destaca en <b>Kitefoil<\/b> y <b>Wingfoil<\/b>, ofreciendo una fenomenal potencia en ce\u00f1ida, esencial en competici\u00f3n.<\/li>\n<\/ul>\n<p>&nbsp;<\/p>\n<h4>Uso espec\u00edfico<\/h4>\n<ul>\n<li><b>Wingfoil (Race\/Speed)<\/b>: Ideal en vientos fuertes para rendimiento y <i>vuelo libre<\/i> r\u00e1pido.<\/li>\n<li><b>Kitefoil &amp; Tow-in Surf Foil<\/b>: El arma preferida para las sesiones Tow-in y para los Kitefoilers que buscan velocidad sin l\u00edmites.<\/li>\n<\/ul>\n","protected":false},"excerpt":{"rendered":"<p><b>Aler\u00f3n delantero High Aspect 550 S HA:<\/b> La bestia de competici\u00f3n dise\u00f1ada para la <b>velocidad m\u00e1xima<\/b>. Supera los <b>30 nudos<\/b> sin l\u00edmite en <b>Wingfoil<\/b> (Race) y <b>Kitefoil<\/b>. Tambi\u00e9n es perfecta para Remolcar en Surf foil en grandes marejadas.  <\/p>\n","protected":false},"featured_media":340834,"template":"","meta":{"_acf_changed":false,"_uag_custom_page_level_css":""},"product_brand":[],"product_cat":[3425,3470],"product_tag":[3429,3450,3427],"class_list":{"0":"post-340832","1":"product","2":"type-product","3":"status-publish","4":"has-post-thumbnail","6":"product_cat-aletas-foil","7":"product_cat-todas-nuestras-cuchillas-de-alto-aspecto","8":"product_tag-avanzado","9":"product_tag-experto","10":"product_tag-ingenioso","11":"product_shipping_class-foil-unidad-completa-o-piezas-alas","13":"first","14":"instock","15":"taxable","16":"shipping-taxable","17":"purchasable","18":"product-type-simple"},"acf":[],"yoast_head":"<!-- This site is optimized with the Yoast SEO plugin v27.4 - https:\/\/yoast.com\/product\/yoast-seo-wordpress\/ -->\n<title>Aler\u00f3n delantero High Aspect 550 S HA - SROKA Company<\/title>\n<meta name=\"description\" content=\"Descubre la velocidad y potencia de la cometa frontal High Aspect 550 S HA. Una cometa dedicada para altas velocidades en kitefoil, Wing foil o Tow in.\" \/>\n<meta name=\"robots\" content=\"index, follow, max-snippet:-1, max-image-preview:large, max-video-preview:-1\" \/>\n<link rel=\"canonical\" href=\"https:\/\/srokacompany.com\/es\/produit\/aleron-delantero-high-aspect-550-s-ha\/\" \/>\n<meta property=\"og:locale\" content=\"es_ES\" \/>\n<meta property=\"og:type\" content=\"article\" \/>\n<meta property=\"og:title\" content=\"Aler\u00f3n delantero High Aspect 550 S HA - SROKA Company\" \/>\n<meta property=\"og:description\" content=\"Descubre la velocidad y potencia de la cometa frontal High Aspect 550 S HA. Una cometa dedicada para altas velocidades en kitefoil, Wing foil o Tow in.\" \/>\n<meta property=\"og:url\" content=\"https:\/\/srokacompany.com\/es\/produit\/aleron-delantero-high-aspect-550-s-ha\/\" \/>\n<meta property=\"og:site_name\" content=\"SROKA Company\" \/>\n<meta property=\"article:publisher\" content=\"https:\/\/www.facebook.com\/srokawatersports\/\" \/>\n<meta property=\"article:modified_time\" content=\"2025-11-25T08:59:22+00:00\" \/>\n<meta property=\"og:image\" content=\"https:\/\/srokacompany.com\/wp-content\/uploads\/2023\/11\/550-S-Ha-front-wing-Wing-foil.jpg\" \/>\n\t<meta property=\"og:image:width\" content=\"2560\" \/>\n\t<meta property=\"og:image:height\" content=\"1920\" \/>\n\t<meta property=\"og:image:type\" content=\"image\/jpeg\" \/>\n<meta name=\"twitter:label1\" content=\"Tiempo de lectura\" \/>\n\t<meta name=\"twitter:data1\" content=\"1 minuto\" \/>\n<script type=\"application\/ld+json\" class=\"yoast-schema-graph\">{\"@context\":\"https:\\\/\\\/schema.org\",\"@graph\":[{\"@type\":\"WebPage\",\"@id\":\"https:\\\/\\\/srokacompany.com\\\/es\\\/produit\\\/aleron-delantero-high-aspect-550-s-ha\\\/\",\"url\":\"https:\\\/\\\/srokacompany.com\\\/es\\\/produit\\\/aleron-delantero-high-aspect-550-s-ha\\\/\",\"name\":\"Aler\u00f3n delantero High Aspect 550 S HA - SROKA Company\",\"isPartOf\":{\"@id\":\"https:\\\/\\\/srokacompany.com\\\/es\\\/#website\"},\"primaryImageOfPage\":{\"@id\":\"https:\\\/\\\/srokacompany.com\\\/es\\\/produit\\\/aleron-delantero-high-aspect-550-s-ha\\\/#primaryimage\"},\"image\":{\"@id\":\"https:\\\/\\\/srokacompany.com\\\/es\\\/produit\\\/aleron-delantero-high-aspect-550-s-ha\\\/#primaryimage\"},\"thumbnailUrl\":\"https:\\\/\\\/srokacompany.com\\\/wp-content\\\/uploads\\\/2023\\\/11\\\/550-S-Ha-front-wing-Wing-foil.jpg\",\"datePublished\":\"2024-09-15T05:55:30+00:00\",\"dateModified\":\"2025-11-25T08:59:22+00:00\",\"description\":\"Descubre la velocidad y potencia de la cometa frontal High Aspect 550 S HA. Una cometa dedicada para altas velocidades en kitefoil, Wing foil o Tow in.\",\"breadcrumb\":{\"@id\":\"https:\\\/\\\/srokacompany.com\\\/es\\\/produit\\\/aleron-delantero-high-aspect-550-s-ha\\\/#breadcrumb\"},\"inLanguage\":\"es\",\"potentialAction\":[{\"@type\":\"ReadAction\",\"target\":[\"https:\\\/\\\/srokacompany.com\\\/es\\\/produit\\\/aleron-delantero-high-aspect-550-s-ha\\\/\"]}]},{\"@type\":\"ImageObject\",\"inLanguage\":\"es\",\"@id\":\"https:\\\/\\\/srokacompany.com\\\/es\\\/produit\\\/aleron-delantero-high-aspect-550-s-ha\\\/#primaryimage\",\"url\":\"https:\\\/\\\/srokacompany.com\\\/wp-content\\\/uploads\\\/2023\\\/11\\\/550-S-Ha-front-wing-Wing-foil.jpg\",\"contentUrl\":\"https:\\\/\\\/srokacompany.com\\\/wp-content\\\/uploads\\\/2023\\\/11\\\/550-S-Ha-front-wing-Wing-foil.jpg\",\"width\":2560,\"height\":1920},{\"@type\":\"BreadcrumbList\",\"@id\":\"https:\\\/\\\/srokacompany.com\\\/es\\\/produit\\\/aleron-delantero-high-aspect-550-s-ha\\\/#breadcrumb\",\"itemListElement\":[{\"@type\":\"ListItem\",\"position\":1,\"name\":\"Accueil\",\"item\":\"https:\\\/\\\/srokacompany.com\\\/es\\\/\"},{\"@type\":\"ListItem\",\"position\":2,\"name\":\"Tienda\",\"item\":\"https:\\\/\\\/srokacompany.com\\\/tienda\\\/\"},{\"@type\":\"ListItem\",\"position\":3,\"name\":\"Aler\u00f3n delantero High Aspect 550 S HA\"}]},{\"@type\":\"WebSite\",\"@id\":\"https:\\\/\\\/srokacompany.com\\\/es\\\/#website\",\"url\":\"https:\\\/\\\/srokacompany.com\\\/es\\\/\",\"name\":\"SROKA Company\",\"description\":\"SUP, Kite, Foil, Wing\",\"publisher\":{\"@id\":\"https:\\\/\\\/srokacompany.com\\\/es\\\/#organization\"},\"potentialAction\":[{\"@type\":\"SearchAction\",\"target\":{\"@type\":\"EntryPoint\",\"urlTemplate\":\"https:\\\/\\\/srokacompany.com\\\/es\\\/?s={search_term_string}\"},\"query-input\":{\"@type\":\"PropertyValueSpecification\",\"valueRequired\":true,\"valueName\":\"search_term_string\"}}],\"inLanguage\":\"es\"},{\"@type\":\"Organization\",\"@id\":\"https:\\\/\\\/srokacompany.com\\\/es\\\/#organization\",\"name\":\"SROKACOMPANY\",\"alternateName\":\"SROKA\",\"url\":\"https:\\\/\\\/srokacompany.com\\\/es\\\/\",\"logo\":{\"@type\":\"ImageObject\",\"inLanguage\":\"es\",\"@id\":\"https:\\\/\\\/srokacompany.com\\\/es\\\/#\\\/schema\\\/logo\\\/image\\\/\",\"url\":\"https:\\\/\\\/srokacompany.com\\\/wp-content\\\/uploads\\\/2021\\\/01\\\/logo-sroka-black-transpa.png\",\"contentUrl\":\"https:\\\/\\\/srokacompany.com\\\/wp-content\\\/uploads\\\/2021\\\/01\\\/logo-sroka-black-transpa.png\",\"width\":1201,\"height\":342,\"caption\":\"SROKACOMPANY\"},\"image\":{\"@id\":\"https:\\\/\\\/srokacompany.com\\\/es\\\/#\\\/schema\\\/logo\\\/image\\\/\"},\"sameAs\":[\"https:\\\/\\\/www.facebook.com\\\/srokawatersports\\\/\",\"https:\\\/\\\/www.instagram.com\\\/srokawatersports\\\/\",\"https:\\\/\\\/www.youtube.com\\\/channel\\\/UCVLHHeaPIm-J5bdEUgxqtZA\"]}]}<\/script>\n<!-- \/ Yoast SEO plugin. -->","yoast_head_json":{"title":"Aler\u00f3n delantero High Aspect 550 S HA - SROKA Company","description":"Descubre la velocidad y potencia de la cometa frontal High Aspect 550 S HA. Una cometa dedicada para altas velocidades en kitefoil, Wing foil o Tow in.","robots":{"index":"index","follow":"follow","max-snippet":"max-snippet:-1","max-image-preview":"max-image-preview:large","max-video-preview":"max-video-preview:-1"},"canonical":"https:\/\/srokacompany.com\/es\/produit\/aleron-delantero-high-aspect-550-s-ha\/","og_locale":"es_ES","og_type":"article","og_title":"Aler\u00f3n delantero High Aspect 550 S HA - SROKA Company","og_description":"Descubre la velocidad y potencia de la cometa frontal High Aspect 550 S HA. Una cometa dedicada para altas velocidades en kitefoil, Wing foil o Tow in.","og_url":"https:\/\/srokacompany.com\/es\/produit\/aleron-delantero-high-aspect-550-s-ha\/","og_site_name":"SROKA Company","article_publisher":"https:\/\/www.facebook.com\/srokawatersports\/","article_modified_time":"2025-11-25T08:59:22+00:00","og_image":[{"width":2560,"height":1920,"url":"https:\/\/srokacompany.com\/wp-content\/uploads\/2023\/11\/550-S-Ha-front-wing-Wing-foil.jpg","type":"image\/jpeg"}],"twitter_misc":{"Tiempo de lectura":"1 minuto"},"schema":{"@context":"https:\/\/schema.org","@graph":[{"@type":"WebPage","@id":"https:\/\/srokacompany.com\/es\/produit\/aleron-delantero-high-aspect-550-s-ha\/","url":"https:\/\/srokacompany.com\/es\/produit\/aleron-delantero-high-aspect-550-s-ha\/","name":"Aler\u00f3n delantero High Aspect 550 S HA - SROKA Company","isPartOf":{"@id":"https:\/\/srokacompany.com\/es\/#website"},"primaryImageOfPage":{"@id":"https:\/\/srokacompany.com\/es\/produit\/aleron-delantero-high-aspect-550-s-ha\/#primaryimage"},"image":{"@id":"https:\/\/srokacompany.com\/es\/produit\/aleron-delantero-high-aspect-550-s-ha\/#primaryimage"},"thumbnailUrl":"https:\/\/srokacompany.com\/wp-content\/uploads\/2023\/11\/550-S-Ha-front-wing-Wing-foil.jpg","datePublished":"2024-09-15T05:55:30+00:00","dateModified":"2025-11-25T08:59:22+00:00","description":"Descubre la velocidad y potencia de la cometa frontal High Aspect 550 S HA. Una cometa dedicada para altas velocidades en kitefoil, Wing foil o Tow in.","breadcrumb":{"@id":"https:\/\/srokacompany.com\/es\/produit\/aleron-delantero-high-aspect-550-s-ha\/#breadcrumb"},"inLanguage":"es","potentialAction":[{"@type":"ReadAction","target":["https:\/\/srokacompany.com\/es\/produit\/aleron-delantero-high-aspect-550-s-ha\/"]}]},{"@type":"ImageObject","inLanguage":"es","@id":"https:\/\/srokacompany.com\/es\/produit\/aleron-delantero-high-aspect-550-s-ha\/#primaryimage","url":"https:\/\/srokacompany.com\/wp-content\/uploads\/2023\/11\/550-S-Ha-front-wing-Wing-foil.jpg","contentUrl":"https:\/\/srokacompany.com\/wp-content\/uploads\/2023\/11\/550-S-Ha-front-wing-Wing-foil.jpg","width":2560,"height":1920},{"@type":"BreadcrumbList","@id":"https:\/\/srokacompany.com\/es\/produit\/aleron-delantero-high-aspect-550-s-ha\/#breadcrumb","itemListElement":[{"@type":"ListItem","position":1,"name":"Accueil","item":"https:\/\/srokacompany.com\/es\/"},{"@type":"ListItem","position":2,"name":"Tienda","item":"https:\/\/srokacompany.com\/tienda\/"},{"@type":"ListItem","position":3,"name":"Aler\u00f3n delantero High Aspect 550 S HA"}]},{"@type":"WebSite","@id":"https:\/\/srokacompany.com\/es\/#website","url":"https:\/\/srokacompany.com\/es\/","name":"SROKA Company","description":"SUP, Kite, Foil, Wing","publisher":{"@id":"https:\/\/srokacompany.com\/es\/#organization"},"potentialAction":[{"@type":"SearchAction","target":{"@type":"EntryPoint","urlTemplate":"https:\/\/srokacompany.com\/es\/?s={search_term_string}"},"query-input":{"@type":"PropertyValueSpecification","valueRequired":true,"valueName":"search_term_string"}}],"inLanguage":"es"},{"@type":"Organization","@id":"https:\/\/srokacompany.com\/es\/#organization","name":"SROKACOMPANY","alternateName":"SROKA","url":"https:\/\/srokacompany.com\/es\/","logo":{"@type":"ImageObject","inLanguage":"es","@id":"https:\/\/srokacompany.com\/es\/#\/schema\/logo\/image\/","url":"https:\/\/srokacompany.com\/wp-content\/uploads\/2021\/01\/logo-sroka-black-transpa.png","contentUrl":"https:\/\/srokacompany.com\/wp-content\/uploads\/2021\/01\/logo-sroka-black-transpa.png","width":1201,"height":342,"caption":"SROKACOMPANY"},"image":{"@id":"https:\/\/srokacompany.com\/es\/#\/schema\/logo\/image\/"},"sameAs":["https:\/\/www.facebook.com\/srokawatersports\/","https:\/\/www.instagram.com\/srokawatersports\/","https:\/\/www.youtube.com\/channel\/UCVLHHeaPIm-J5bdEUgxqtZA"]}]}},"uagb_featured_image_src":{"full":["https:\/\/srokacompany.com\/wp-content\/uploads\/2023\/11\/550-S-Ha-front-wing-Wing-foil.jpg",2560,1920,false],"thumbnail":["https:\/\/srokacompany.com\/wp-content\/uploads\/2023\/11\/550-S-Ha-front-wing-Wing-foil-150x150.jpg",150,150,true],"medium":["https:\/\/srokacompany.com\/wp-content\/uploads\/2023\/11\/550-S-Ha-front-wing-Wing-foil-300x225.jpg",300,225,true],"medium_large":["https:\/\/srokacompany.com\/wp-content\/uploads\/2023\/11\/550-S-Ha-front-wing-Wing-foil-768x576.jpg",768,576,true],"large":["https:\/\/srokacompany.com\/wp-content\/uploads\/2023\/11\/550-S-Ha-front-wing-Wing-foil-1024x768.jpg",1024,768,true],"1536x1536":["https:\/\/srokacompany.com\/wp-content\/uploads\/2023\/11\/550-S-Ha-front-wing-Wing-foil-1536x1152.jpg",1536,1152,true],"2048x2048":["https:\/\/srokacompany.com\/wp-content\/uploads\/2023\/11\/550-S-Ha-front-wing-Wing-foil-2048x1536.jpg",2048,1536,true],"woocommerce_thumbnail":["https:\/\/srokacompany.com\/wp-content\/uploads\/2023\/11\/550-S-Ha-front-wing-Wing-foil-600x450.jpg",600,450,true],"woocommerce_single":["https:\/\/srokacompany.com\/wp-content\/uploads\/2023\/11\/550-S-Ha-front-wing-Wing-foil-600x450.jpg",600,450,true],"woocommerce_gallery_thumbnail":["https:\/\/srokacompany.com\/wp-content\/uploads\/2023\/11\/550-S-Ha-front-wing-Wing-foil-100x100.jpg",100,100,true],"dgwt-wcas-product-suggestion":["https:\/\/srokacompany.com\/wp-content\/uploads\/2023\/11\/550-S-Ha-front-wing-Wing-foil.jpg",64,48,false]},"uagb_author_info":{"display_name":"Bruno Sroka","author_link":"https:\/\/srokacompany.com\/es\/blog\/author\/"},"uagb_comment_info":0,"uagb_excerpt":"Aler\u00f3n delantero High Aspect 550 S HA: La bestia de competici\u00f3n dise\u00f1ada para la velocidad m\u00e1xima. Supera los 30 nudos sin l\u00edmite en Wingfoil (Race) y Kitefoil. Tambi\u00e9n es perfecta para Remolcar en Surf foil en grandes marejadas.","jetpack_sharing_enabled":true,"_links":{"self":[{"href":"https:\/\/srokacompany.com\/es\/wp-json\/wp\/v2\/product\/340832","targetHints":{"allow":["GET"]}}],"collection":[{"href":"https:\/\/srokacompany.com\/es\/wp-json\/wp\/v2\/product"}],"about":[{"href":"https:\/\/srokacompany.com\/es\/wp-json\/wp\/v2\/types\/product"}],"wp:featuredmedia":[{"embeddable":true,"href":"https:\/\/srokacompany.com\/es\/wp-json\/wp\/v2\/media\/340834"}],"wp:attachment":[{"href":"https:\/\/srokacompany.com\/es\/wp-json\/wp\/v2\/media?parent=340832"}],"wp:term":[{"taxonomy":"product_brand","embeddable":true,"href":"https:\/\/srokacompany.com\/es\/wp-json\/wp\/v2\/product_brand?post=340832"},{"taxonomy":"product_cat","embeddable":true,"href":"https:\/\/srokacompany.com\/es\/wp-json\/wp\/v2\/product_cat?post=340832"},{"taxonomy":"product_tag","embeddable":true,"href":"https:\/\/srokacompany.com\/es\/wp-json\/wp\/v2\/product_tag?post=340832"}],"curies":[{"name":"wp","href":"https:\/\/api.w.org\/{rel}","templated":true}]}}