{"id":341027,"date":"2025-02-06T10:46:46","date_gmt":"2025-02-06T10:46:46","guid":{"rendered":"https:\/\/srokacompany.com\/produit\/wing-v4-elite\/"},"modified":"2026-03-11T15:57:10","modified_gmt":"2026-03-11T13:57:10","slug":"wing-v4-elite","status":"publish","type":"product","link":"https:\/\/srokacompany.com\/es\/produit\/wing-v4-elite\/","title":{"rendered":"Wing V4 Elite"},"content":{"rendered":"<hr>\n<p>La <b>SROKA V4 Elite Wing<\/b> es la culminaci\u00f3n de la experiencia de SROKA, dise\u00f1ada para pilotos de nivel intermedio a experto que exigen lo mejor en <b>rendimiento, estabilidad y velocidad<\/b>. Gracias a la integraci\u00f3n de materiales de alto rendimiento y una <i>forma<\/i> aerodin\u00e1mica refinada, la V4 Elite transforma cada sesi\u00f3n en una experiencia de vuelo precisa y sensible. <\/p>\n<p>&nbsp;<\/p>\n<h3>Rigidez y rendimiento extremos<\/h3>\n<p>La principal caracter\u00edstica de la V4 Elite es su excepcional rigidez, conseguida gracias a importantes innovaciones:<\/p>\n<ul>\n<li><b>Material de aramida (borde de ataque):<\/b> El borde de ataque incorpora un material de <b>Aramida<\/b> (similar al Dyneema) que garantiza <b>rigidez<\/b> y un manejo impecable, incluso en las condiciones de viento m\u00e1s fuertes.\n<ul>\n<li>Esto garantiza <b>una transmisi\u00f3n de potencia directa y sin p\u00e9rdidas<\/b>, ofreciendo una aceleraci\u00f3n explosiva y una mayor estabilidad (+40% de estabilidad en vuelo).<\/li>\n<\/ul>\n<\/li>\n<li><b>Perfil aerodin\u00e1mico optimizado:<\/b> el di\u00e1metro del borde de ataque se <b>reduce entre un 15 y un 17%<\/b> en comparaci\u00f3n con el V4 convencional, lo que minimiza la resistencia y maximiza la penetraci\u00f3n en el aire.<\/li>\n<li><b>Ligereza y maniobrabilidad:<\/b> Con un ahorro de peso de <b>300 a 400 g<\/b> (para el mismo tama\u00f1o), el ala es m\u00e1s ligera y maniobrable, lo que facilita los giros en <b>estilo libre<\/b> y reduce la fatiga.<\/li>\n<\/ul>\n<p>&nbsp;<\/p>\n<h3>Eficacia con poco viento y a gran velocidad<\/h3>\n<p>El dise\u00f1o del V4 Elite lo hace incre\u00edblemente potente, especialmente con vientos flojos y para regatas :<\/p>\n<ul>\n<li><b>Mayor bombeo:<\/b> Su estructura ultrarr\u00edgida optimiza la eficacia <b>del bombeo<\/b>, lo que le permite <b>empezar a planear antes<\/b> y mantener el vuelo en rangos de viento m\u00ednimos<b>(Viento Ligero 100%<\/b>).<\/li>\n<li><b>Velocidad y rumbo:<\/b> El perfil refinado y la tensi\u00f3n de la vela garantizan un excelente rendimiento en ce\u00f1ida y velocidades m\u00e1ximas dignas de <b>Freerace<\/b><b>(Carrera\/Velocidad 100%<\/b>).<\/li>\n<li><b>Envergadura reducida:<\/b> Una envergadura m\u00e1s compacta en todos los tama\u00f1os reduce el riesgo de que <i>las puntas<\/i> golpeen el agua al maniobrar o volar bajo, aumentando la <b>maniobrabilidad<\/b> en <i>waveriding<\/i> y <i>freestyle<\/i>.<\/li>\n<\/ul>\n<p>&nbsp;<\/p>\n<h3>Detalles y personalizaci\u00f3n<\/h3>\n<ul>\n<li><b>Sistema de doble pu\u00f1o:<\/b> La V4 Elite est\u00e1 dise\u00f1ada para utilizarse con <b>pu\u00f1os r\u00edgidos<\/b> por defecto, lo que garantiza un control preciso y la m\u00e1xima capacidad de respuesta. Tambi\u00e9n es <b>compatible con la incorporaci\u00f3n de una <i>pluma de<\/i><\/b> carbono <b>(<\/b> opcional) para quienes prefieran este tipo de conducci\u00f3n. <\/li>\n<li><b>Durabilidad:<\/b> La<i>capota<\/i> est\u00e1 reforzada para una mayor resistencia a la deformaci\u00f3n y una longevidad excepcional.<\/li>\n<li><b>Seguridad:<\/b> Se mantienen las <b>ventanillas de visi\u00f3n<\/b> para ofrecer una visibilidad \u00f3ptima y una mayor seguridad en las zonas de navegaci\u00f3n m\u00e1s concurridas.<\/li>\n<\/ul>\n<p>La <b>Wing V4 Elite<\/b> es la herramienta perfecta para los pilotos que no quieren hacer concesiones entre <b>potencia<\/b>, <b>estabilidad<\/b> y <b>ligereza<\/b> para conseguir un rendimiento de alto vuelo.<\/p>\n<p>&nbsp;<\/p>\n<p>&nbsp;<\/p>\n","protected":false},"excerpt":{"rendered":"<p>La <b>Wing V4 Elite<\/b> SROKA est\u00e1 dise\u00f1ada con un borde de ataque <b>de aramida<\/b> para una rigidez extrema, una resistencia reducida y una <b>aceleraci\u00f3n<\/b> m\u00e1xima. El ala definitiva para<strong> Freeride<\/strong>, <b>Freerace<\/b>, <b>Viento Ligero<\/b> y <b>Freestyle<\/b> comprometido. <\/p>\n","protected":false},"featured_media":341029,"template":"","meta":{"_acf_changed":false,"_uag_custom_page_level_css":""},"product_brand":[],"product_cat":[3520,3521,3522,3444],"product_tag":[3429,3450,3427,3426],"class_list":{"0":"post-341027","1":"product","2":"type-product","3":"status-publish","4":"has-post-thumbnail","6":"product_cat-alas-de-wing-foil","7":"product_cat-elite-es","8":"product_cat-wing-elite-es","9":"product_cat-wing-foil-es","10":"product_tag-avanzado","11":"product_tag-experto","12":"product_tag-ingenioso","13":"product_tag-principiante","15":"first","16":"instock","17":"taxable","18":"shipping-taxable","19":"purchasable","20":"product-type-variable"},"acf":[],"yoast_head":"<!-- This site is optimized with the Yoast SEO plugin v27.4 - https:\/\/yoast.com\/product\/yoast-seo-wordpress\/ -->\n<title>Wing foil por Wing foil - Sroka V4 Elite<\/title>\n<meta name=\"description\" content=\"\u00a1Supera tus l\u00edmites! La SROKA Wing V4 Elite est\u00e1 dise\u00f1ada para pilotos exigentes que buscan una experiencia de vuelo y rendimiento sin igual.\" \/>\n<meta name=\"robots\" content=\"index, follow, max-snippet:-1, max-image-preview:large, max-video-preview:-1\" \/>\n<link rel=\"canonical\" href=\"https:\/\/srokacompany.com\/es\/produit\/wing-v4-elite\/\" \/>\n<meta property=\"og:locale\" content=\"es_ES\" \/>\n<meta property=\"og:type\" content=\"article\" \/>\n<meta property=\"og:title\" content=\"Wing foil por Wing foil - Sroka V4 Elite\" \/>\n<meta property=\"og:description\" content=\"\u00a1Supera tus l\u00edmites! La SROKA Wing V4 Elite est\u00e1 dise\u00f1ada para pilotos exigentes que buscan una experiencia de vuelo y rendimiento sin igual.\" \/>\n<meta property=\"og:url\" content=\"https:\/\/srokacompany.com\/es\/produit\/wing-v4-elite\/\" \/>\n<meta property=\"og:site_name\" content=\"SROKA Company\" \/>\n<meta property=\"article:publisher\" content=\"https:\/\/www.facebook.com\/srokawatersports\/\" \/>\n<meta property=\"article:modified_time\" content=\"2026-03-11T13:57:10+00:00\" \/>\n<meta property=\"og:image\" content=\"https:\/\/srokacompany.com\/wp-content\/uploads\/2024\/12\/Wing-V4-Elite-Copy-1.png\" \/>\n\t<meta property=\"og:image:width\" content=\"1036\" \/>\n\t<meta property=\"og:image:height\" content=\"778\" \/>\n\t<meta property=\"og:image:type\" content=\"image\/png\" \/>\n<meta name=\"twitter:label1\" content=\"Tiempo de lectura\" \/>\n\t<meta name=\"twitter:data1\" content=\"2 minutos\" \/>\n<script type=\"application\/ld+json\" class=\"yoast-schema-graph\">{\"@context\":\"https:\\\/\\\/schema.org\",\"@graph\":[{\"@type\":\"WebPage\",\"@id\":\"https:\\\/\\\/srokacompany.com\\\/es\\\/produit\\\/wing-v4-elite\\\/\",\"url\":\"https:\\\/\\\/srokacompany.com\\\/es\\\/produit\\\/wing-v4-elite\\\/\",\"name\":\"Wing foil por Wing foil - Sroka V4 Elite\",\"isPartOf\":{\"@id\":\"https:\\\/\\\/srokacompany.com\\\/es\\\/#website\"},\"primaryImageOfPage\":{\"@id\":\"https:\\\/\\\/srokacompany.com\\\/es\\\/produit\\\/wing-v4-elite\\\/#primaryimage\"},\"image\":{\"@id\":\"https:\\\/\\\/srokacompany.com\\\/es\\\/produit\\\/wing-v4-elite\\\/#primaryimage\"},\"thumbnailUrl\":\"https:\\\/\\\/srokacompany.com\\\/wp-content\\\/uploads\\\/2024\\\/12\\\/Wing-V4-Elite-Copy-1.png\",\"datePublished\":\"2025-02-06T10:46:46+00:00\",\"dateModified\":\"2026-03-11T13:57:10+00:00\",\"description\":\"\u00a1Supera tus l\u00edmites! La SROKA Wing V4 Elite est\u00e1 dise\u00f1ada para pilotos exigentes que buscan una experiencia de vuelo y rendimiento sin igual.\",\"breadcrumb\":{\"@id\":\"https:\\\/\\\/srokacompany.com\\\/es\\\/produit\\\/wing-v4-elite\\\/#breadcrumb\"},\"inLanguage\":\"es\",\"potentialAction\":[{\"@type\":\"ReadAction\",\"target\":[\"https:\\\/\\\/srokacompany.com\\\/es\\\/produit\\\/wing-v4-elite\\\/\"]}]},{\"@type\":\"ImageObject\",\"inLanguage\":\"es\",\"@id\":\"https:\\\/\\\/srokacompany.com\\\/es\\\/produit\\\/wing-v4-elite\\\/#primaryimage\",\"url\":\"https:\\\/\\\/srokacompany.com\\\/wp-content\\\/uploads\\\/2024\\\/12\\\/Wing-V4-Elite-Copy-1.png\",\"contentUrl\":\"https:\\\/\\\/srokacompany.com\\\/wp-content\\\/uploads\\\/2024\\\/12\\\/Wing-V4-Elite-Copy-1.png\",\"width\":1036,\"height\":778,\"caption\":\"Wing V4 Elite\"},{\"@type\":\"BreadcrumbList\",\"@id\":\"https:\\\/\\\/srokacompany.com\\\/es\\\/produit\\\/wing-v4-elite\\\/#breadcrumb\",\"itemListElement\":[{\"@type\":\"ListItem\",\"position\":1,\"name\":\"Accueil\",\"item\":\"https:\\\/\\\/srokacompany.com\\\/es\\\/\"},{\"@type\":\"ListItem\",\"position\":2,\"name\":\"Tienda\",\"item\":\"https:\\\/\\\/srokacompany.com\\\/tienda\\\/\"},{\"@type\":\"ListItem\",\"position\":3,\"name\":\"Wing V4 Elite\"}]},{\"@type\":\"WebSite\",\"@id\":\"https:\\\/\\\/srokacompany.com\\\/es\\\/#website\",\"url\":\"https:\\\/\\\/srokacompany.com\\\/es\\\/\",\"name\":\"SROKA Company\",\"description\":\"SUP, Kite, Foil, Wing\",\"publisher\":{\"@id\":\"https:\\\/\\\/srokacompany.com\\\/es\\\/#organization\"},\"potentialAction\":[{\"@type\":\"SearchAction\",\"target\":{\"@type\":\"EntryPoint\",\"urlTemplate\":\"https:\\\/\\\/srokacompany.com\\\/es\\\/?s={search_term_string}\"},\"query-input\":{\"@type\":\"PropertyValueSpecification\",\"valueRequired\":true,\"valueName\":\"search_term_string\"}}],\"inLanguage\":\"es\"},{\"@type\":\"Organization\",\"@id\":\"https:\\\/\\\/srokacompany.com\\\/es\\\/#organization\",\"name\":\"SROKACOMPANY\",\"alternateName\":\"SROKA\",\"url\":\"https:\\\/\\\/srokacompany.com\\\/es\\\/\",\"logo\":{\"@type\":\"ImageObject\",\"inLanguage\":\"es\",\"@id\":\"https:\\\/\\\/srokacompany.com\\\/es\\\/#\\\/schema\\\/logo\\\/image\\\/\",\"url\":\"https:\\\/\\\/srokacompany.com\\\/wp-content\\\/uploads\\\/2021\\\/01\\\/logo-sroka-black-transpa.png\",\"contentUrl\":\"https:\\\/\\\/srokacompany.com\\\/wp-content\\\/uploads\\\/2021\\\/01\\\/logo-sroka-black-transpa.png\",\"width\":1201,\"height\":342,\"caption\":\"SROKACOMPANY\"},\"image\":{\"@id\":\"https:\\\/\\\/srokacompany.com\\\/es\\\/#\\\/schema\\\/logo\\\/image\\\/\"},\"sameAs\":[\"https:\\\/\\\/www.facebook.com\\\/srokawatersports\\\/\",\"https:\\\/\\\/www.instagram.com\\\/srokawatersports\\\/\",\"https:\\\/\\\/www.youtube.com\\\/channel\\\/UCVLHHeaPIm-J5bdEUgxqtZA\"]}]}<\/script>\n<!-- \/ Yoast SEO plugin. -->","yoast_head_json":{"title":"Wing foil por Wing foil - Sroka V4 Elite","description":"\u00a1Supera tus l\u00edmites! La SROKA Wing V4 Elite est\u00e1 dise\u00f1ada para pilotos exigentes que buscan una experiencia de vuelo y rendimiento sin igual.","robots":{"index":"index","follow":"follow","max-snippet":"max-snippet:-1","max-image-preview":"max-image-preview:large","max-video-preview":"max-video-preview:-1"},"canonical":"https:\/\/srokacompany.com\/es\/produit\/wing-v4-elite\/","og_locale":"es_ES","og_type":"article","og_title":"Wing foil por Wing foil - Sroka V4 Elite","og_description":"\u00a1Supera tus l\u00edmites! La SROKA Wing V4 Elite est\u00e1 dise\u00f1ada para pilotos exigentes que buscan una experiencia de vuelo y rendimiento sin igual.","og_url":"https:\/\/srokacompany.com\/es\/produit\/wing-v4-elite\/","og_site_name":"SROKA Company","article_publisher":"https:\/\/www.facebook.com\/srokawatersports\/","article_modified_time":"2026-03-11T13:57:10+00:00","og_image":[{"width":1036,"height":778,"url":"https:\/\/srokacompany.com\/wp-content\/uploads\/2024\/12\/Wing-V4-Elite-Copy-1.png","type":"image\/png"}],"twitter_misc":{"Tiempo de lectura":"2 minutos"},"schema":{"@context":"https:\/\/schema.org","@graph":[{"@type":"WebPage","@id":"https:\/\/srokacompany.com\/es\/produit\/wing-v4-elite\/","url":"https:\/\/srokacompany.com\/es\/produit\/wing-v4-elite\/","name":"Wing foil por Wing foil - Sroka V4 Elite","isPartOf":{"@id":"https:\/\/srokacompany.com\/es\/#website"},"primaryImageOfPage":{"@id":"https:\/\/srokacompany.com\/es\/produit\/wing-v4-elite\/#primaryimage"},"image":{"@id":"https:\/\/srokacompany.com\/es\/produit\/wing-v4-elite\/#primaryimage"},"thumbnailUrl":"https:\/\/srokacompany.com\/wp-content\/uploads\/2024\/12\/Wing-V4-Elite-Copy-1.png","datePublished":"2025-02-06T10:46:46+00:00","dateModified":"2026-03-11T13:57:10+00:00","description":"\u00a1Supera tus l\u00edmites! La SROKA Wing V4 Elite est\u00e1 dise\u00f1ada para pilotos exigentes que buscan una experiencia de vuelo y rendimiento sin igual.","breadcrumb":{"@id":"https:\/\/srokacompany.com\/es\/produit\/wing-v4-elite\/#breadcrumb"},"inLanguage":"es","potentialAction":[{"@type":"ReadAction","target":["https:\/\/srokacompany.com\/es\/produit\/wing-v4-elite\/"]}]},{"@type":"ImageObject","inLanguage":"es","@id":"https:\/\/srokacompany.com\/es\/produit\/wing-v4-elite\/#primaryimage","url":"https:\/\/srokacompany.com\/wp-content\/uploads\/2024\/12\/Wing-V4-Elite-Copy-1.png","contentUrl":"https:\/\/srokacompany.com\/wp-content\/uploads\/2024\/12\/Wing-V4-Elite-Copy-1.png","width":1036,"height":778,"caption":"Wing V4 Elite"},{"@type":"BreadcrumbList","@id":"https:\/\/srokacompany.com\/es\/produit\/wing-v4-elite\/#breadcrumb","itemListElement":[{"@type":"ListItem","position":1,"name":"Accueil","item":"https:\/\/srokacompany.com\/es\/"},{"@type":"ListItem","position":2,"name":"Tienda","item":"https:\/\/srokacompany.com\/tienda\/"},{"@type":"ListItem","position":3,"name":"Wing V4 Elite"}]},{"@type":"WebSite","@id":"https:\/\/srokacompany.com\/es\/#website","url":"https:\/\/srokacompany.com\/es\/","name":"SROKA Company","description":"SUP, Kite, Foil, Wing","publisher":{"@id":"https:\/\/srokacompany.com\/es\/#organization"},"potentialAction":[{"@type":"SearchAction","target":{"@type":"EntryPoint","urlTemplate":"https:\/\/srokacompany.com\/es\/?s={search_term_string}"},"query-input":{"@type":"PropertyValueSpecification","valueRequired":true,"valueName":"search_term_string"}}],"inLanguage":"es"},{"@type":"Organization","@id":"https:\/\/srokacompany.com\/es\/#organization","name":"SROKACOMPANY","alternateName":"SROKA","url":"https:\/\/srokacompany.com\/es\/","logo":{"@type":"ImageObject","inLanguage":"es","@id":"https:\/\/srokacompany.com\/es\/#\/schema\/logo\/image\/","url":"https:\/\/srokacompany.com\/wp-content\/uploads\/2021\/01\/logo-sroka-black-transpa.png","contentUrl":"https:\/\/srokacompany.com\/wp-content\/uploads\/2021\/01\/logo-sroka-black-transpa.png","width":1201,"height":342,"caption":"SROKACOMPANY"},"image":{"@id":"https:\/\/srokacompany.com\/es\/#\/schema\/logo\/image\/"},"sameAs":["https:\/\/www.facebook.com\/srokawatersports\/","https:\/\/www.instagram.com\/srokawatersports\/","https:\/\/www.youtube.com\/channel\/UCVLHHeaPIm-J5bdEUgxqtZA"]}]}},"uagb_featured_image_src":{"full":["https:\/\/srokacompany.com\/wp-content\/uploads\/2024\/12\/Wing-V4-Elite-Copy-1.png",1036,778,false],"thumbnail":["https:\/\/srokacompany.com\/wp-content\/uploads\/2024\/12\/Wing-V4-Elite-Copy-1-150x150.png",150,150,true],"medium":["https:\/\/srokacompany.com\/wp-content\/uploads\/2024\/12\/Wing-V4-Elite-Copy-1-300x225.png",300,225,true],"medium_large":["https:\/\/srokacompany.com\/wp-content\/uploads\/2024\/12\/Wing-V4-Elite-Copy-1-768x577.png",768,577,true],"large":["https:\/\/srokacompany.com\/wp-content\/uploads\/2024\/12\/Wing-V4-Elite-Copy-1-1024x769.png",1024,769,true],"1536x1536":["https:\/\/srokacompany.com\/wp-content\/uploads\/2024\/12\/Wing-V4-Elite-Copy-1.png",1036,778,false],"2048x2048":["https:\/\/srokacompany.com\/wp-content\/uploads\/2024\/12\/Wing-V4-Elite-Copy-1.png",1036,778,false],"woocommerce_thumbnail":["https:\/\/srokacompany.com\/wp-content\/uploads\/2024\/12\/Wing-V4-Elite-Copy-1-600x451.png",600,451,true],"woocommerce_single":["https:\/\/srokacompany.com\/wp-content\/uploads\/2024\/12\/Wing-V4-Elite-Copy-1-600x451.png",600,451,true],"woocommerce_gallery_thumbnail":["https:\/\/srokacompany.com\/wp-content\/uploads\/2024\/12\/Wing-V4-Elite-Copy-1-100x100.png",100,100,true],"dgwt-wcas-product-suggestion":["https:\/\/srokacompany.com\/wp-content\/uploads\/2024\/12\/Wing-V4-Elite-Copy-1.png",64,48,false]},"uagb_author_info":{"display_name":"Emmanuel DIJOUX","author_link":"https:\/\/srokacompany.com\/es\/blog\/author\/"},"uagb_comment_info":0,"uagb_excerpt":"La Wing V4 Elite SROKA est\u00e1 dise\u00f1ada con un borde de ataque de aramida para una rigidez extrema, una resistencia reducida y una aceleraci\u00f3n m\u00e1xima. El ala definitiva para Freeride, Freerace, Viento Ligero y Freestyle comprometido.","jetpack_sharing_enabled":true,"_links":{"self":[{"href":"https:\/\/srokacompany.com\/es\/wp-json\/wp\/v2\/product\/341027","targetHints":{"allow":["GET"]}}],"collection":[{"href":"https:\/\/srokacompany.com\/es\/wp-json\/wp\/v2\/product"}],"about":[{"href":"https:\/\/srokacompany.com\/es\/wp-json\/wp\/v2\/types\/product"}],"wp:featuredmedia":[{"embeddable":true,"href":"https:\/\/srokacompany.com\/es\/wp-json\/wp\/v2\/media\/341029"}],"wp:attachment":[{"href":"https:\/\/srokacompany.com\/es\/wp-json\/wp\/v2\/media?parent=341027"}],"wp:term":[{"taxonomy":"product_brand","embeddable":true,"href":"https:\/\/srokacompany.com\/es\/wp-json\/wp\/v2\/product_brand?post=341027"},{"taxonomy":"product_cat","embeddable":true,"href":"https:\/\/srokacompany.com\/es\/wp-json\/wp\/v2\/product_cat?post=341027"},{"taxonomy":"product_tag","embeddable":true,"href":"https:\/\/srokacompany.com\/es\/wp-json\/wp\/v2\/product_tag?post=341027"}],"curies":[{"name":"wp","href":"https:\/\/api.w.org\/{rel}","templated":true}]}}