{"id":341038,"date":"2025-02-01T12:29:56","date_gmt":"2025-02-01T10:29:56","guid":{"rendered":"https:\/\/srokacompany.com\/produit\/tablas-superfly-42-53-gama-elite\/"},"modified":"2025-12-03T20:36:38","modified_gmt":"2025-12-03T18:36:38","slug":"tablas-superfly-42-53-gama-elite","status":"publish","type":"product","link":"https:\/\/srokacompany.com\/es\/produit\/tablas-superfly-42-53-gama-elite\/","title":{"rendered":"Tablas Superfly 4&#8217;2 &#8211; 5&#8217;3 &#8211; Gama Elite"},"content":{"rendered":"<hr>\n<p>La <b>tabla Superfly<\/b> de la <b>gama<\/b> SROKA <b>Elite<\/b> es nuestro modelo estrella dise\u00f1ado para riders exigentes que se niegan a renunciar <b>al Wingfoil<\/b>. Disponible en <b>7 tallas<\/b> (de 4&#8217;2 a 5&#8217;3), es el arma elegida para el <b>freeride<\/b>, el <b>freestyle<\/b> y el <i>carving<\/i> de alto rendimiento. <\/p>\n<h3>Rendimiento inigualable: despegue temprano y maniobrabilidad<\/h3>\n<p>El Superfly es el resultado de una ingenier\u00eda dedicada a la m\u00e1xima eficacia. Est\u00e1 dise\u00f1ado para facilitar todas tus maniobras y trucos, ofreciendo una conexi\u00f3n perfecta con tu Foil de carbono Elite: <\/p>\n<ul>\n<li><b>Arranque ultrarr\u00e1pido:<\/b> El <b>volumen, centrado<\/b> con precisi\u00f3n bajo los pies, y el <b>casco plano<\/b> con un ligero doble c\u00f3ncavo en la parte delantera facilitan la aceleraci\u00f3n y el <i>despegue<\/i> con el m\u00ednimo esfuerzo, garantiz\u00e1ndole volar antes que la competencia.<\/li>\n<li><b>Maniobrabilidad extrema:<\/b> La <i>forma<\/i> compacta, <i>los barbos<\/i> reducidos y <i>los recortes<\/i> en la parte trasera minimizan la resistencia y maximizan la <b>maniobrabilidad<\/b> y <b>la capacidad de respuesta<\/b> bajo los pies. Estas caracter\u00edsticas son cruciales para el <b>Surf foil<\/b> agresivo y el <b>Wingfoil Freestyle<\/b>. <\/li>\n<li><b>Estabilidad optimizada:<\/b> La cubierta ligeramente rebajada baja el centro de gravedad, lo que aumenta la estabilidad a pesar de sus dimensiones compactas.<\/li>\n<\/ul>\n<h3>Construcci\u00f3n totalmente de carbono superreforzada<\/h3>\n<p>Para responder a las exigencias de la <b>gama Elite<\/b>, la <b>tabla Superfly<\/b> se beneficia de la mejor construcci\u00f3n del mercado, garantizando una <b>solidez<\/b> infalible, incluso durante los <i>bucles frontales<\/i> y los aterrizajes duros:   <\/p>\n<ul>\n<li><b>Full<\/b> <b>Sandwich<\/b> <b>PVC Carbono:<\/b> La tabla est\u00e1 construida en <b>Full Sandwich con PVC<\/b> en la cubierta y el casco, totalmente envuelta en <b>Carbono<\/b> (3 capas en los ra\u00edles). Esta configuraci\u00f3n garantiza una <b>rigidez<\/b> y <b>durabilidad<\/b> excepcionales. <\/li>\n<li><b>Inserciones reforzadas:<\/b> Los insertos de <i>las correas<\/i> est\u00e1n s\u00f3lidamente unidos en bloques de PVC, y los <b>ra\u00edles US est\u00e1n igualmente reforzados<\/b> para soportar las tensiones m\u00e1s severas.<\/li>\n<li><b>Posibilidad de actualizaci\u00f3n:<\/b> los <b>50 insertos de <i>correa<\/i><\/b> te permiten personalizar completamente tu <i>postura<\/i> para adaptarla a tu disciplina (Wingfoil, Surf foil, Tow-in).<\/li>\n<\/ul>\n<p>La <b>tabla Superfly<\/b> es la elecci\u00f3n de los riders que buscan <b>rendimiento<\/b>, <b>ligereza<\/b> y <b>capacidad de respuesta<\/b> para superar sus l\u00edmites. Cada tabla viene con una <b>funda protectora de alta gama<\/b> (espuma de 10 mm). <\/p>\n<p>La combinaci\u00f3n perfecta con el <a href=\"https:\/\/srokacompany.com\/es\/produit\/foil-elite-carbono-14mm-85cm\/\">Foil de carbono Elite<\/a> o Solo<\/p>\n","protected":false},"excerpt":{"rendered":"<p>La <b>Superfly Elite<\/b> es la <b>tabla sandwich Full Carbon de gama alta <\/b> (de 4&#8217;2 a 5&#8217;3) para <b>Wingfoil<\/b>. Ofrece <b>un despegue ultra r\u00e1pido<\/b>, <b>una rigidez extrema<\/b> y <b>una maniobrabilidad m\u00e1xima<\/b>. La referencia para los riders exigentes de Freeride y Freestyle. <\/p>\n","protected":false},"featured_media":341045,"template":"","meta":{"_acf_changed":false,"_uag_custom_page_level_css":""},"product_brand":[],"product_cat":[3524,3633,3523,4260,3522],"product_tag":[3429,3527,3450,3427],"class_list":{"0":"post-341038","1":"product","2":"type-product","3":"status-publish","4":"has-post-thumbnail","6":"product_cat-nuestras-tablas-de-surf-foil","7":"product_cat-paleta-promocional","8":"product_cat-tablas-wing-foil-mejor-precio","9":"product_cat-viernes-negro","10":"product_cat-wing-elite-es","11":"product_tag-avanzado","12":"product_tag-elite-es","13":"product_tag-experto","14":"product_tag-ingenioso","15":"product_shipping_class-tablero-2025","17":"first","18":"instock","19":"sale","20":"taxable","21":"shipping-taxable","22":"purchasable","23":"product-type-variable"},"acf":[],"yoast_head":"<!-- This site is optimized with the Yoast SEO plugin v27.4 - https:\/\/yoast.com\/product\/yoast-seo-wordpress\/ -->\n<title>Consejo Tablas Superfly 4&#039;2 - 5&#039;3 - Gama Elite - SROKA Company<\/title>\n<meta name=\"description\" content=\"Descubre las tablas Superfly de la gama Elite. Una tabla de gama alta perfecta para Surf foil y Wingfoil. De 4&#039;2 a 5&#039;3\" \/>\n<meta name=\"robots\" content=\"index, follow, max-snippet:-1, max-image-preview:large, max-video-preview:-1\" \/>\n<link rel=\"canonical\" href=\"https:\/\/srokacompany.com\/es\/produit\/tablas-superfly-42-53-gama-elite\/\" \/>\n<meta property=\"og:locale\" content=\"es_ES\" \/>\n<meta property=\"og:type\" content=\"article\" \/>\n<meta property=\"og:title\" content=\"Consejo Tablas Superfly 4&#039;2 - 5&#039;3 - Gama Elite - SROKA Company\" \/>\n<meta property=\"og:description\" content=\"Descubre las tablas Superfly de la gama Elite. Una tabla de gama alta perfecta para Surf foil y Wingfoil. De 4&#039;2 a 5&#039;3\" \/>\n<meta property=\"og:url\" content=\"https:\/\/srokacompany.com\/es\/produit\/tablas-superfly-42-53-gama-elite\/\" \/>\n<meta property=\"og:site_name\" content=\"SROKA Company\" \/>\n<meta property=\"article:publisher\" content=\"https:\/\/www.facebook.com\/srokawatersports\/\" \/>\n<meta property=\"article:modified_time\" content=\"2025-12-03T18:36:38+00:00\" \/>\n<meta property=\"og:image\" content=\"https:\/\/srokacompany.com\/wp-content\/uploads\/2023\/06\/Artboard-Copy-11-1-1024x960.png\" \/>\n\t<meta property=\"og:image:width\" content=\"1024\" \/>\n\t<meta property=\"og:image:height\" content=\"960\" \/>\n\t<meta property=\"og:image:type\" content=\"image\/png\" \/>\n<meta name=\"twitter:label1\" content=\"Tiempo de lectura\" \/>\n\t<meta name=\"twitter:data1\" content=\"2 minutos\" \/>\n<script type=\"application\/ld+json\" class=\"yoast-schema-graph\">{\"@context\":\"https:\\\/\\\/schema.org\",\"@graph\":[{\"@type\":\"WebPage\",\"@id\":\"https:\\\/\\\/srokacompany.com\\\/es\\\/produit\\\/tablas-superfly-42-53-gama-elite\\\/\",\"url\":\"https:\\\/\\\/srokacompany.com\\\/es\\\/produit\\\/tablas-superfly-42-53-gama-elite\\\/\",\"name\":\"Consejo Tablas Superfly 4'2 - 5'3 - Gama Elite - SROKA Company\",\"isPartOf\":{\"@id\":\"https:\\\/\\\/srokacompany.com\\\/es\\\/#website\"},\"primaryImageOfPage\":{\"@id\":\"https:\\\/\\\/srokacompany.com\\\/es\\\/produit\\\/tablas-superfly-42-53-gama-elite\\\/#primaryimage\"},\"image\":{\"@id\":\"https:\\\/\\\/srokacompany.com\\\/es\\\/produit\\\/tablas-superfly-42-53-gama-elite\\\/#primaryimage\"},\"thumbnailUrl\":\"https:\\\/\\\/srokacompany.com\\\/wp-content\\\/uploads\\\/2023\\\/06\\\/Artboard-Copy-11-1.png\",\"datePublished\":\"2025-02-01T10:29:56+00:00\",\"dateModified\":\"2025-12-03T18:36:38+00:00\",\"description\":\"Descubre las tablas Superfly de la gama Elite. Una tabla de gama alta perfecta para Surf foil y Wingfoil. De 4'2 a 5'3\",\"breadcrumb\":{\"@id\":\"https:\\\/\\\/srokacompany.com\\\/es\\\/produit\\\/tablas-superfly-42-53-gama-elite\\\/#breadcrumb\"},\"inLanguage\":\"es\",\"potentialAction\":[{\"@type\":\"ReadAction\",\"target\":[\"https:\\\/\\\/srokacompany.com\\\/es\\\/produit\\\/tablas-superfly-42-53-gama-elite\\\/\"]}]},{\"@type\":\"ImageObject\",\"inLanguage\":\"es\",\"@id\":\"https:\\\/\\\/srokacompany.com\\\/es\\\/produit\\\/tablas-superfly-42-53-gama-elite\\\/#primaryimage\",\"url\":\"https:\\\/\\\/srokacompany.com\\\/wp-content\\\/uploads\\\/2023\\\/06\\\/Artboard-Copy-11-1.png\",\"contentUrl\":\"https:\\\/\\\/srokacompany.com\\\/wp-content\\\/uploads\\\/2023\\\/06\\\/Artboard-Copy-11-1.png\",\"width\":1980,\"height\":1857},{\"@type\":\"BreadcrumbList\",\"@id\":\"https:\\\/\\\/srokacompany.com\\\/es\\\/produit\\\/tablas-superfly-42-53-gama-elite\\\/#breadcrumb\",\"itemListElement\":[{\"@type\":\"ListItem\",\"position\":1,\"name\":\"Accueil\",\"item\":\"https:\\\/\\\/srokacompany.com\\\/es\\\/\"},{\"@type\":\"ListItem\",\"position\":2,\"name\":\"Tienda\",\"item\":\"https:\\\/\\\/srokacompany.com\\\/tienda\\\/\"},{\"@type\":\"ListItem\",\"position\":3,\"name\":\"Tablas Superfly 4&rsquo;2 &#8211; 5&rsquo;3 &#8211; Gama Elite\"}]},{\"@type\":\"WebSite\",\"@id\":\"https:\\\/\\\/srokacompany.com\\\/es\\\/#website\",\"url\":\"https:\\\/\\\/srokacompany.com\\\/es\\\/\",\"name\":\"SROKA Company\",\"description\":\"SUP, Kite, Foil, Wing\",\"publisher\":{\"@id\":\"https:\\\/\\\/srokacompany.com\\\/es\\\/#organization\"},\"potentialAction\":[{\"@type\":\"SearchAction\",\"target\":{\"@type\":\"EntryPoint\",\"urlTemplate\":\"https:\\\/\\\/srokacompany.com\\\/es\\\/?s={search_term_string}\"},\"query-input\":{\"@type\":\"PropertyValueSpecification\",\"valueRequired\":true,\"valueName\":\"search_term_string\"}}],\"inLanguage\":\"es\"},{\"@type\":\"Organization\",\"@id\":\"https:\\\/\\\/srokacompany.com\\\/es\\\/#organization\",\"name\":\"SROKACOMPANY\",\"alternateName\":\"SROKA\",\"url\":\"https:\\\/\\\/srokacompany.com\\\/es\\\/\",\"logo\":{\"@type\":\"ImageObject\",\"inLanguage\":\"es\",\"@id\":\"https:\\\/\\\/srokacompany.com\\\/es\\\/#\\\/schema\\\/logo\\\/image\\\/\",\"url\":\"https:\\\/\\\/srokacompany.com\\\/wp-content\\\/uploads\\\/2021\\\/01\\\/logo-sroka-black-transpa.png\",\"contentUrl\":\"https:\\\/\\\/srokacompany.com\\\/wp-content\\\/uploads\\\/2021\\\/01\\\/logo-sroka-black-transpa.png\",\"width\":1201,\"height\":342,\"caption\":\"SROKACOMPANY\"},\"image\":{\"@id\":\"https:\\\/\\\/srokacompany.com\\\/es\\\/#\\\/schema\\\/logo\\\/image\\\/\"},\"sameAs\":[\"https:\\\/\\\/www.facebook.com\\\/srokawatersports\\\/\",\"https:\\\/\\\/www.instagram.com\\\/srokawatersports\\\/\",\"https:\\\/\\\/www.youtube.com\\\/channel\\\/UCVLHHeaPIm-J5bdEUgxqtZA\"]}]}<\/script>\n<!-- \/ Yoast SEO plugin. -->","yoast_head_json":{"title":"Consejo Tablas Superfly 4'2 - 5'3 - Gama Elite - SROKA Company","description":"Descubre las tablas Superfly de la gama Elite. Una tabla de gama alta perfecta para Surf foil y Wingfoil. De 4'2 a 5'3","robots":{"index":"index","follow":"follow","max-snippet":"max-snippet:-1","max-image-preview":"max-image-preview:large","max-video-preview":"max-video-preview:-1"},"canonical":"https:\/\/srokacompany.com\/es\/produit\/tablas-superfly-42-53-gama-elite\/","og_locale":"es_ES","og_type":"article","og_title":"Consejo Tablas Superfly 4'2 - 5'3 - Gama Elite - SROKA Company","og_description":"Descubre las tablas Superfly de la gama Elite. Una tabla de gama alta perfecta para Surf foil y Wingfoil. De 4'2 a 5'3","og_url":"https:\/\/srokacompany.com\/es\/produit\/tablas-superfly-42-53-gama-elite\/","og_site_name":"SROKA Company","article_publisher":"https:\/\/www.facebook.com\/srokawatersports\/","article_modified_time":"2025-12-03T18:36:38+00:00","og_image":[{"width":1024,"height":960,"url":"https:\/\/srokacompany.com\/wp-content\/uploads\/2023\/06\/Artboard-Copy-11-1-1024x960.png","type":"image\/png"}],"twitter_misc":{"Tiempo de lectura":"2 minutos"},"schema":{"@context":"https:\/\/schema.org","@graph":[{"@type":"WebPage","@id":"https:\/\/srokacompany.com\/es\/produit\/tablas-superfly-42-53-gama-elite\/","url":"https:\/\/srokacompany.com\/es\/produit\/tablas-superfly-42-53-gama-elite\/","name":"Consejo Tablas Superfly 4'2 - 5'3 - Gama Elite - SROKA Company","isPartOf":{"@id":"https:\/\/srokacompany.com\/es\/#website"},"primaryImageOfPage":{"@id":"https:\/\/srokacompany.com\/es\/produit\/tablas-superfly-42-53-gama-elite\/#primaryimage"},"image":{"@id":"https:\/\/srokacompany.com\/es\/produit\/tablas-superfly-42-53-gama-elite\/#primaryimage"},"thumbnailUrl":"https:\/\/srokacompany.com\/wp-content\/uploads\/2023\/06\/Artboard-Copy-11-1.png","datePublished":"2025-02-01T10:29:56+00:00","dateModified":"2025-12-03T18:36:38+00:00","description":"Descubre las tablas Superfly de la gama Elite. Una tabla de gama alta perfecta para Surf foil y Wingfoil. De 4'2 a 5'3","breadcrumb":{"@id":"https:\/\/srokacompany.com\/es\/produit\/tablas-superfly-42-53-gama-elite\/#breadcrumb"},"inLanguage":"es","potentialAction":[{"@type":"ReadAction","target":["https:\/\/srokacompany.com\/es\/produit\/tablas-superfly-42-53-gama-elite\/"]}]},{"@type":"ImageObject","inLanguage":"es","@id":"https:\/\/srokacompany.com\/es\/produit\/tablas-superfly-42-53-gama-elite\/#primaryimage","url":"https:\/\/srokacompany.com\/wp-content\/uploads\/2023\/06\/Artboard-Copy-11-1.png","contentUrl":"https:\/\/srokacompany.com\/wp-content\/uploads\/2023\/06\/Artboard-Copy-11-1.png","width":1980,"height":1857},{"@type":"BreadcrumbList","@id":"https:\/\/srokacompany.com\/es\/produit\/tablas-superfly-42-53-gama-elite\/#breadcrumb","itemListElement":[{"@type":"ListItem","position":1,"name":"Accueil","item":"https:\/\/srokacompany.com\/es\/"},{"@type":"ListItem","position":2,"name":"Tienda","item":"https:\/\/srokacompany.com\/tienda\/"},{"@type":"ListItem","position":3,"name":"Tablas Superfly 4&rsquo;2 &#8211; 5&rsquo;3 &#8211; Gama Elite"}]},{"@type":"WebSite","@id":"https:\/\/srokacompany.com\/es\/#website","url":"https:\/\/srokacompany.com\/es\/","name":"SROKA Company","description":"SUP, Kite, Foil, Wing","publisher":{"@id":"https:\/\/srokacompany.com\/es\/#organization"},"potentialAction":[{"@type":"SearchAction","target":{"@type":"EntryPoint","urlTemplate":"https:\/\/srokacompany.com\/es\/?s={search_term_string}"},"query-input":{"@type":"PropertyValueSpecification","valueRequired":true,"valueName":"search_term_string"}}],"inLanguage":"es"},{"@type":"Organization","@id":"https:\/\/srokacompany.com\/es\/#organization","name":"SROKACOMPANY","alternateName":"SROKA","url":"https:\/\/srokacompany.com\/es\/","logo":{"@type":"ImageObject","inLanguage":"es","@id":"https:\/\/srokacompany.com\/es\/#\/schema\/logo\/image\/","url":"https:\/\/srokacompany.com\/wp-content\/uploads\/2021\/01\/logo-sroka-black-transpa.png","contentUrl":"https:\/\/srokacompany.com\/wp-content\/uploads\/2021\/01\/logo-sroka-black-transpa.png","width":1201,"height":342,"caption":"SROKACOMPANY"},"image":{"@id":"https:\/\/srokacompany.com\/es\/#\/schema\/logo\/image\/"},"sameAs":["https:\/\/www.facebook.com\/srokawatersports\/","https:\/\/www.instagram.com\/srokawatersports\/","https:\/\/www.youtube.com\/channel\/UCVLHHeaPIm-J5bdEUgxqtZA"]}]}},"uagb_featured_image_src":{"full":["https:\/\/srokacompany.com\/wp-content\/uploads\/2023\/06\/Artboard-Copy-11-1.png",1980,1857,false],"thumbnail":["https:\/\/srokacompany.com\/wp-content\/uploads\/2023\/06\/Artboard-Copy-11-1-150x150.png",150,150,true],"medium":["https:\/\/srokacompany.com\/wp-content\/uploads\/2023\/06\/Artboard-Copy-11-1-300x281.png",300,281,true],"medium_large":["https:\/\/srokacompany.com\/wp-content\/uploads\/2023\/06\/Artboard-Copy-11-1-768x720.png",768,720,true],"large":["https:\/\/srokacompany.com\/wp-content\/uploads\/2023\/06\/Artboard-Copy-11-1-1024x960.png",1024,960,true],"1536x1536":["https:\/\/srokacompany.com\/wp-content\/uploads\/2023\/06\/Artboard-Copy-11-1-1536x1441.png",1536,1441,true],"2048x2048":["https:\/\/srokacompany.com\/wp-content\/uploads\/2023\/06\/Artboard-Copy-11-1.png",1980,1857,false],"woocommerce_thumbnail":["https:\/\/srokacompany.com\/wp-content\/uploads\/2023\/06\/Artboard-Copy-11-1-600x563.png",600,563,true],"woocommerce_single":["https:\/\/srokacompany.com\/wp-content\/uploads\/2023\/06\/Artboard-Copy-11-1-600x563.png",600,563,true],"woocommerce_gallery_thumbnail":["https:\/\/srokacompany.com\/wp-content\/uploads\/2023\/06\/Artboard-Copy-11-1-100x100.png",100,100,true],"dgwt-wcas-product-suggestion":["https:\/\/srokacompany.com\/wp-content\/uploads\/2023\/06\/Artboard-Copy-11-1-64x60.png",64,60,true]},"uagb_author_info":{"display_name":"Emmanuel DIJOUX","author_link":"https:\/\/srokacompany.com\/es\/blog\/author\/"},"uagb_comment_info":0,"uagb_excerpt":"La Superfly Elite es la tabla sandwich Full Carbon de gama alta (de 4'2 a 5'3) para Wingfoil. Ofrece un despegue ultra r\u00e1pido, una rigidez extrema y una maniobrabilidad m\u00e1xima. La referencia para los riders exigentes de Freeride y Freestyle.","jetpack_sharing_enabled":true,"_links":{"self":[{"href":"https:\/\/srokacompany.com\/es\/wp-json\/wp\/v2\/product\/341038","targetHints":{"allow":["GET"]}}],"collection":[{"href":"https:\/\/srokacompany.com\/es\/wp-json\/wp\/v2\/product"}],"about":[{"href":"https:\/\/srokacompany.com\/es\/wp-json\/wp\/v2\/types\/product"}],"wp:featuredmedia":[{"embeddable":true,"href":"https:\/\/srokacompany.com\/es\/wp-json\/wp\/v2\/media\/341045"}],"wp:attachment":[{"href":"https:\/\/srokacompany.com\/es\/wp-json\/wp\/v2\/media?parent=341038"}],"wp:term":[{"taxonomy":"product_brand","embeddable":true,"href":"https:\/\/srokacompany.com\/es\/wp-json\/wp\/v2\/product_brand?post=341038"},{"taxonomy":"product_cat","embeddable":true,"href":"https:\/\/srokacompany.com\/es\/wp-json\/wp\/v2\/product_cat?post=341038"},{"taxonomy":"product_tag","embeddable":true,"href":"https:\/\/srokacompany.com\/es\/wp-json\/wp\/v2\/product_tag?post=341038"}],"curies":[{"name":"wp","href":"https:\/\/api.w.org\/{rel}","templated":true}]}}