{"id":341132,"date":"2025-02-25T16:21:23","date_gmt":"2025-02-25T16:21:23","guid":{"rendered":"https:\/\/srokacompany.com\/produit\/aleta-delantera-de-foil-1550-uha\/"},"modified":"2025-11-25T10:50:43","modified_gmt":"2025-11-25T08:50:43","slug":"aleta-delantera-de-foil-1550-uha","status":"publish","type":"product","link":"https:\/\/srokacompany.com\/es\/produit\/aleta-delantera-de-foil-1550-uha\/","title":{"rendered":"Aleta delantera de foil 1550 UHA"},"content":{"rendered":"<h2 class=\"p1\">1550 UHA Viento ligero<\/h2>\n<p class=\"p1\">Vuela como un p\u00e1jaro<span class=\"Apple-converted-space\">  <\/span>rozando la cresta de las olas<span class=\"Apple-converted-space\">  <\/span>al m\u00e1ximo<span class=\"Apple-converted-space\">  <\/span>velocidad<span class=\"Apple-converted-space\">  <\/span>bajar trenes de oleaje sin esfuerzo. Esto se hace realidad con nuestra gama UHA: Ultra High Aspect Ratio. Esta gama de alto aspect ratio te permite hacer foil casi sin viento y sin oleaje, cogiendo toda la energ\u00eda que necesitas del oleaje para hacer foil. Si est\u00e1s buscando una cometa para ir r\u00e1pido downwind o ala downwind, las cometas UHA han sido creadas para ti y te sorprender\u00e1n por su facilidad y rendimiento. Esta gama consta de 4 tama\u00f1os de ala: 800 UHA (800 cm2), 930 UHA (930 cm2), 1100 UHA ( 1100 cm2), 1260 UHA (1260 cm2). Esta gama se adapta perfectamente a las gamas de plantas LW y DW y Superfly.     <\/p>\n<p class=\"p3\">Bas\u00e1ndonos en el \u00e9xito de la gama HA Speed, hemos decidido aplicar el mismo perfil para ofrecer el mismo despegue suave pero con unas prestaciones de velocidad impresionantes. Es imposible sentirse decepcionado con esta gama UHA: velocidad, Glide y maniobrabilidad son las tres palabras que mejor caracterizan a esta nueva gama. <\/p>\n<p class=\"p1\"><strong>El 1550 UHA Light wind <\/strong> ha sido totalmente desarrollado para la navegaci\u00f3n Downwind, ofreciendo una capacidad insospechada para volar con muy poco oleaje y\/o viento. Con una envergadura cercana a los 1200 cm, le ofrecer\u00e1 una capacidad de gu\u00eda infinita sean cuales sean las condiciones.<\/p>\n<hr>\n<p class=\"p1\">Si quieres hacer foil con vientos Wingfoil muy suaves con una tabla de longitud media o ir a favor del viento en condiciones de vientos suaves en verano. La gama UHA es la elecci\u00f3n correcta. Esta gama, con su gran envergadura, le permite hacer foil casi sin viento ni oleaje, utilizando toda la energ\u00eda disponible en el oleaje para volar.  <\/p>\n<p class=\"p2\">Si est\u00e1s buscando una cometa para foiler surf r\u00e1pido,<span class=\"Apple-converted-space\">  <\/span>para downwinds f\u00e1ciles o freefly o freeride wingfoil con un amplio rango de uso, las cometas UHA han sido creadas para ti y te sorprender\u00e1n por su facilidad de uso y rendimiento. <b>Esta gama se compone de 6 tallas de ala: 700 UHA (700 cm\u00b2), 800 UHA (800 cm\u00b2), 930 UHA (930 cm\u00b2), 1100 UHA (1100 cm\u00b2) y 1260 UHA (1260 cm\u00b2) y finalmente esta 1550 UHA ( 1550 cm\u00b2).<\/b><\/p>\n<p class=\"p2\">Se adapta perfectamente a las gamas de tablas LW y DW.<\/p>\n<p class=\"p2\">\u00bfPor qu\u00e9 cambiar el perfil cuando el nuestro funciona tan bien? Hemos mantenido el mismo perfil que en la gama HA, que garantiza una excelente velocidad a baja velocidad y velocidades medias muy altas. Es imposible sentirse decepcionado con esta gama UHA: velocidad, planeo y maniobrabilidad son las tres palabras que mejor la caracterizan.  <\/p>\n<p class=\"p2\">La 1550 UHA ha sido desarrollada para vientos muy ligeros en alas de ala, especialmente para aquellos que vuelan con vientos muy irregulares. Su capacidad para volar con muy poco viento te sorprender\u00e1. Es una bestia de ala para condiciones ligeras de verano o para el lago. En Downwind, te sorprender\u00e1 la facilidad con la que puede propulsarte por el aire y ayudarte a volar con muy poco oleaje. Con una envergadura de 1305 mm, te permitir\u00e1 volar en muy pocas condiciones de viento u oleaje.    <\/p>\n","protected":false},"excerpt":{"rendered":"<p><b>Wing 1550 UHA Viento Ligero:<\/b> El parapente definitivo para vientos ligeros. Domina el <g id=\"gid_1\">Wingfoil<\/g> (Viento Ligero), optimiza el <g id=\"gid_2\">Foil de Bombeo<\/g> (Dockstart confirmado) y destaca en <g id=\"gid_3\">Downwind<\/g>. Planeo impresionante para alto rendimiento, tambi\u00e9n ideal para <b>Parawing<\/b>  <\/p>\n","protected":false},"featured_media":340799,"template":"","meta":{"_acf_changed":false,"_uag_custom_page_level_css":""},"product_brand":[],"product_cat":[3447,3425,3448,3449,3445,3444],"product_tag":[3429,3450,3427],"class_list":{"0":"post-341132","1":"product","2":"type-product","3":"status-publish","4":"has-post-thumbnail","6":"product_cat-aletas-dockstart","7":"product_cat-aletas-foil","8":"product_cat-aletas-sup-foil","9":"product_cat-paletas-de-viento-descendente","10":"product_cat-todas-nuestras-aletas-uha","11":"product_cat-wing-foil-es","12":"product_tag-avanzado","13":"product_tag-experto","14":"product_tag-ingenioso","16":"first","17":"instock","18":"taxable","19":"shipping-taxable","20":"purchasable","21":"product-type-simple"},"acf":[],"yoast_head":"<!-- This site is optimized with the Yoast SEO plugin v27.4 - https:\/\/yoast.com\/product\/yoast-seo-wordpress\/ -->\n<title>Aleta delantera de foil 1550 UHA - SROKA Company<\/title>\n<meta name=\"description\" content=\"El 1550 UHA est\u00e1 dise\u00f1ado para cualquiera que quiera sacar el m\u00e1ximo partido de sus sesiones de Wing, Downwind o Dockstart con poco viento.\" \/>\n<meta name=\"robots\" content=\"index, follow, max-snippet:-1, max-image-preview:large, max-video-preview:-1\" \/>\n<link rel=\"canonical\" href=\"https:\/\/srokacompany.com\/es\/produit\/aleta-delantera-de-foil-1550-uha\/\" \/>\n<meta property=\"og:locale\" content=\"es_ES\" \/>\n<meta property=\"og:type\" content=\"article\" \/>\n<meta property=\"og:title\" content=\"Aleta delantera de foil 1550 UHA - SROKA Company\" \/>\n<meta property=\"og:description\" content=\"El 1550 UHA est\u00e1 dise\u00f1ado para cualquiera que quiera sacar el m\u00e1ximo partido de sus sesiones de Wing, Downwind o Dockstart con poco viento.\" \/>\n<meta property=\"og:url\" content=\"https:\/\/srokacompany.com\/es\/produit\/aleta-delantera-de-foil-1550-uha\/\" \/>\n<meta property=\"og:site_name\" content=\"SROKA Company\" \/>\n<meta property=\"article:publisher\" content=\"https:\/\/www.facebook.com\/srokawatersports\/\" \/>\n<meta property=\"article:modified_time\" content=\"2025-11-25T08:50:43+00:00\" \/>\n<meta property=\"og:image\" content=\"https:\/\/srokacompany.com\/wp-content\/uploads\/2024\/06\/1260.208.jpg\" \/>\n\t<meta property=\"og:image:width\" content=\"2560\" \/>\n\t<meta property=\"og:image:height\" content=\"1920\" \/>\n\t<meta property=\"og:image:type\" content=\"image\/jpeg\" \/>\n<meta name=\"twitter:label1\" content=\"Tiempo de lectura\" \/>\n\t<meta name=\"twitter:data1\" content=\"3 minutos\" \/>\n<script type=\"application\/ld+json\" class=\"yoast-schema-graph\">{\"@context\":\"https:\\\/\\\/schema.org\",\"@graph\":[{\"@type\":\"WebPage\",\"@id\":\"https:\\\/\\\/srokacompany.com\\\/es\\\/produit\\\/aleta-delantera-de-foil-1550-uha\\\/\",\"url\":\"https:\\\/\\\/srokacompany.com\\\/es\\\/produit\\\/aleta-delantera-de-foil-1550-uha\\\/\",\"name\":\"Aleta delantera de foil 1550 UHA - SROKA Company\",\"isPartOf\":{\"@id\":\"https:\\\/\\\/srokacompany.com\\\/es\\\/#website\"},\"primaryImageOfPage\":{\"@id\":\"https:\\\/\\\/srokacompany.com\\\/es\\\/produit\\\/aleta-delantera-de-foil-1550-uha\\\/#primaryimage\"},\"image\":{\"@id\":\"https:\\\/\\\/srokacompany.com\\\/es\\\/produit\\\/aleta-delantera-de-foil-1550-uha\\\/#primaryimage\"},\"thumbnailUrl\":\"https:\\\/\\\/srokacompany.com\\\/wp-content\\\/uploads\\\/2024\\\/06\\\/1260.208.jpg\",\"datePublished\":\"2025-02-25T16:21:23+00:00\",\"dateModified\":\"2025-11-25T08:50:43+00:00\",\"description\":\"El 1550 UHA est\u00e1 dise\u00f1ado para cualquiera que quiera sacar el m\u00e1ximo partido de sus sesiones de Wing, Downwind o Dockstart con poco viento.\",\"breadcrumb\":{\"@id\":\"https:\\\/\\\/srokacompany.com\\\/es\\\/produit\\\/aleta-delantera-de-foil-1550-uha\\\/#breadcrumb\"},\"inLanguage\":\"es\",\"potentialAction\":[{\"@type\":\"ReadAction\",\"target\":[\"https:\\\/\\\/srokacompany.com\\\/es\\\/produit\\\/aleta-delantera-de-foil-1550-uha\\\/\"]}]},{\"@type\":\"ImageObject\",\"inLanguage\":\"es\",\"@id\":\"https:\\\/\\\/srokacompany.com\\\/es\\\/produit\\\/aleta-delantera-de-foil-1550-uha\\\/#primaryimage\",\"url\":\"https:\\\/\\\/srokacompany.com\\\/wp-content\\\/uploads\\\/2024\\\/06\\\/1260.208.jpg\",\"contentUrl\":\"https:\\\/\\\/srokacompany.com\\\/wp-content\\\/uploads\\\/2024\\\/06\\\/1260.208.jpg\",\"width\":2560,\"height\":1920,\"caption\":\"Aler\u00f3n delantero UHA 1260\"},{\"@type\":\"BreadcrumbList\",\"@id\":\"https:\\\/\\\/srokacompany.com\\\/es\\\/produit\\\/aleta-delantera-de-foil-1550-uha\\\/#breadcrumb\",\"itemListElement\":[{\"@type\":\"ListItem\",\"position\":1,\"name\":\"Accueil\",\"item\":\"https:\\\/\\\/srokacompany.com\\\/es\\\/\"},{\"@type\":\"ListItem\",\"position\":2,\"name\":\"Tienda\",\"item\":\"https:\\\/\\\/srokacompany.com\\\/tienda\\\/\"},{\"@type\":\"ListItem\",\"position\":3,\"name\":\"Aleta delantera de foil 1550 UHA\"}]},{\"@type\":\"WebSite\",\"@id\":\"https:\\\/\\\/srokacompany.com\\\/es\\\/#website\",\"url\":\"https:\\\/\\\/srokacompany.com\\\/es\\\/\",\"name\":\"SROKA Company\",\"description\":\"SUP, Kite, Foil, Wing\",\"publisher\":{\"@id\":\"https:\\\/\\\/srokacompany.com\\\/es\\\/#organization\"},\"potentialAction\":[{\"@type\":\"SearchAction\",\"target\":{\"@type\":\"EntryPoint\",\"urlTemplate\":\"https:\\\/\\\/srokacompany.com\\\/es\\\/?s={search_term_string}\"},\"query-input\":{\"@type\":\"PropertyValueSpecification\",\"valueRequired\":true,\"valueName\":\"search_term_string\"}}],\"inLanguage\":\"es\"},{\"@type\":\"Organization\",\"@id\":\"https:\\\/\\\/srokacompany.com\\\/es\\\/#organization\",\"name\":\"SROKACOMPANY\",\"alternateName\":\"SROKA\",\"url\":\"https:\\\/\\\/srokacompany.com\\\/es\\\/\",\"logo\":{\"@type\":\"ImageObject\",\"inLanguage\":\"es\",\"@id\":\"https:\\\/\\\/srokacompany.com\\\/es\\\/#\\\/schema\\\/logo\\\/image\\\/\",\"url\":\"https:\\\/\\\/srokacompany.com\\\/wp-content\\\/uploads\\\/2021\\\/01\\\/logo-sroka-black-transpa.png\",\"contentUrl\":\"https:\\\/\\\/srokacompany.com\\\/wp-content\\\/uploads\\\/2021\\\/01\\\/logo-sroka-black-transpa.png\",\"width\":1201,\"height\":342,\"caption\":\"SROKACOMPANY\"},\"image\":{\"@id\":\"https:\\\/\\\/srokacompany.com\\\/es\\\/#\\\/schema\\\/logo\\\/image\\\/\"},\"sameAs\":[\"https:\\\/\\\/www.facebook.com\\\/srokawatersports\\\/\",\"https:\\\/\\\/www.instagram.com\\\/srokawatersports\\\/\",\"https:\\\/\\\/www.youtube.com\\\/channel\\\/UCVLHHeaPIm-J5bdEUgxqtZA\"]}]}<\/script>\n<!-- \/ Yoast SEO plugin. -->","yoast_head_json":{"title":"Aleta delantera de foil 1550 UHA - SROKA Company","description":"El 1550 UHA est\u00e1 dise\u00f1ado para cualquiera que quiera sacar el m\u00e1ximo partido de sus sesiones de Wing, Downwind o Dockstart con poco viento.","robots":{"index":"index","follow":"follow","max-snippet":"max-snippet:-1","max-image-preview":"max-image-preview:large","max-video-preview":"max-video-preview:-1"},"canonical":"https:\/\/srokacompany.com\/es\/produit\/aleta-delantera-de-foil-1550-uha\/","og_locale":"es_ES","og_type":"article","og_title":"Aleta delantera de foil 1550 UHA - SROKA Company","og_description":"El 1550 UHA est\u00e1 dise\u00f1ado para cualquiera que quiera sacar el m\u00e1ximo partido de sus sesiones de Wing, Downwind o Dockstart con poco viento.","og_url":"https:\/\/srokacompany.com\/es\/produit\/aleta-delantera-de-foil-1550-uha\/","og_site_name":"SROKA Company","article_publisher":"https:\/\/www.facebook.com\/srokawatersports\/","article_modified_time":"2025-11-25T08:50:43+00:00","og_image":[{"width":2560,"height":1920,"url":"https:\/\/srokacompany.com\/wp-content\/uploads\/2024\/06\/1260.208.jpg","type":"image\/jpeg"}],"twitter_misc":{"Tiempo de lectura":"3 minutos"},"schema":{"@context":"https:\/\/schema.org","@graph":[{"@type":"WebPage","@id":"https:\/\/srokacompany.com\/es\/produit\/aleta-delantera-de-foil-1550-uha\/","url":"https:\/\/srokacompany.com\/es\/produit\/aleta-delantera-de-foil-1550-uha\/","name":"Aleta delantera de foil 1550 UHA - SROKA Company","isPartOf":{"@id":"https:\/\/srokacompany.com\/es\/#website"},"primaryImageOfPage":{"@id":"https:\/\/srokacompany.com\/es\/produit\/aleta-delantera-de-foil-1550-uha\/#primaryimage"},"image":{"@id":"https:\/\/srokacompany.com\/es\/produit\/aleta-delantera-de-foil-1550-uha\/#primaryimage"},"thumbnailUrl":"https:\/\/srokacompany.com\/wp-content\/uploads\/2024\/06\/1260.208.jpg","datePublished":"2025-02-25T16:21:23+00:00","dateModified":"2025-11-25T08:50:43+00:00","description":"El 1550 UHA est\u00e1 dise\u00f1ado para cualquiera que quiera sacar el m\u00e1ximo partido de sus sesiones de Wing, Downwind o Dockstart con poco viento.","breadcrumb":{"@id":"https:\/\/srokacompany.com\/es\/produit\/aleta-delantera-de-foil-1550-uha\/#breadcrumb"},"inLanguage":"es","potentialAction":[{"@type":"ReadAction","target":["https:\/\/srokacompany.com\/es\/produit\/aleta-delantera-de-foil-1550-uha\/"]}]},{"@type":"ImageObject","inLanguage":"es","@id":"https:\/\/srokacompany.com\/es\/produit\/aleta-delantera-de-foil-1550-uha\/#primaryimage","url":"https:\/\/srokacompany.com\/wp-content\/uploads\/2024\/06\/1260.208.jpg","contentUrl":"https:\/\/srokacompany.com\/wp-content\/uploads\/2024\/06\/1260.208.jpg","width":2560,"height":1920,"caption":"Aler\u00f3n delantero UHA 1260"},{"@type":"BreadcrumbList","@id":"https:\/\/srokacompany.com\/es\/produit\/aleta-delantera-de-foil-1550-uha\/#breadcrumb","itemListElement":[{"@type":"ListItem","position":1,"name":"Accueil","item":"https:\/\/srokacompany.com\/es\/"},{"@type":"ListItem","position":2,"name":"Tienda","item":"https:\/\/srokacompany.com\/tienda\/"},{"@type":"ListItem","position":3,"name":"Aleta delantera de foil 1550 UHA"}]},{"@type":"WebSite","@id":"https:\/\/srokacompany.com\/es\/#website","url":"https:\/\/srokacompany.com\/es\/","name":"SROKA Company","description":"SUP, Kite, Foil, Wing","publisher":{"@id":"https:\/\/srokacompany.com\/es\/#organization"},"potentialAction":[{"@type":"SearchAction","target":{"@type":"EntryPoint","urlTemplate":"https:\/\/srokacompany.com\/es\/?s={search_term_string}"},"query-input":{"@type":"PropertyValueSpecification","valueRequired":true,"valueName":"search_term_string"}}],"inLanguage":"es"},{"@type":"Organization","@id":"https:\/\/srokacompany.com\/es\/#organization","name":"SROKACOMPANY","alternateName":"SROKA","url":"https:\/\/srokacompany.com\/es\/","logo":{"@type":"ImageObject","inLanguage":"es","@id":"https:\/\/srokacompany.com\/es\/#\/schema\/logo\/image\/","url":"https:\/\/srokacompany.com\/wp-content\/uploads\/2021\/01\/logo-sroka-black-transpa.png","contentUrl":"https:\/\/srokacompany.com\/wp-content\/uploads\/2021\/01\/logo-sroka-black-transpa.png","width":1201,"height":342,"caption":"SROKACOMPANY"},"image":{"@id":"https:\/\/srokacompany.com\/es\/#\/schema\/logo\/image\/"},"sameAs":["https:\/\/www.facebook.com\/srokawatersports\/","https:\/\/www.instagram.com\/srokawatersports\/","https:\/\/www.youtube.com\/channel\/UCVLHHeaPIm-J5bdEUgxqtZA"]}]}},"uagb_featured_image_src":{"full":["https:\/\/srokacompany.com\/wp-content\/uploads\/2024\/06\/1260.208.jpg",2560,1920,false],"thumbnail":["https:\/\/srokacompany.com\/wp-content\/uploads\/2024\/06\/1260.208-150x150.jpg",150,150,true],"medium":["https:\/\/srokacompany.com\/wp-content\/uploads\/2024\/06\/1260.208-300x225.jpg",300,225,true],"medium_large":["https:\/\/srokacompany.com\/wp-content\/uploads\/2024\/06\/1260.208-768x576.jpg",768,576,true],"large":["https:\/\/srokacompany.com\/wp-content\/uploads\/2024\/06\/1260.208-1024x768.jpg",1024,768,true],"1536x1536":["https:\/\/srokacompany.com\/wp-content\/uploads\/2024\/06\/1260.208-1536x1152.jpg",1536,1152,true],"2048x2048":["https:\/\/srokacompany.com\/wp-content\/uploads\/2024\/06\/1260.208-2048x1536.jpg",2048,1536,true],"woocommerce_thumbnail":["https:\/\/srokacompany.com\/wp-content\/uploads\/2024\/06\/1260.208-600x450.jpg",600,450,true],"woocommerce_single":["https:\/\/srokacompany.com\/wp-content\/uploads\/2024\/06\/1260.208-600x450.jpg",600,450,true],"woocommerce_gallery_thumbnail":["https:\/\/srokacompany.com\/wp-content\/uploads\/2024\/06\/1260.208-100x100.jpg",100,100,true],"dgwt-wcas-product-suggestion":["https:\/\/srokacompany.com\/wp-content\/uploads\/2024\/06\/1260.208.jpg",64,48,false]},"uagb_author_info":{"display_name":"Emmanuel DIJOUX","author_link":"https:\/\/srokacompany.com\/es\/blog\/author\/"},"uagb_comment_info":0,"uagb_excerpt":"Wing 1550 UHA Viento Ligero: El parapente definitivo para vientos ligeros. Domina el Wingfoil (Viento Ligero), optimiza el Foil de Bombeo (Dockstart confirmado) y destaca en Downwind. Planeo impresionante para alto rendimiento, tambi\u00e9n ideal para Parawing","jetpack_sharing_enabled":true,"_links":{"self":[{"href":"https:\/\/srokacompany.com\/es\/wp-json\/wp\/v2\/product\/341132","targetHints":{"allow":["GET"]}}],"collection":[{"href":"https:\/\/srokacompany.com\/es\/wp-json\/wp\/v2\/product"}],"about":[{"href":"https:\/\/srokacompany.com\/es\/wp-json\/wp\/v2\/types\/product"}],"wp:featuredmedia":[{"embeddable":true,"href":"https:\/\/srokacompany.com\/es\/wp-json\/wp\/v2\/media\/340799"}],"wp:attachment":[{"href":"https:\/\/srokacompany.com\/es\/wp-json\/wp\/v2\/media?parent=341132"}],"wp:term":[{"taxonomy":"product_brand","embeddable":true,"href":"https:\/\/srokacompany.com\/es\/wp-json\/wp\/v2\/product_brand?post=341132"},{"taxonomy":"product_cat","embeddable":true,"href":"https:\/\/srokacompany.com\/es\/wp-json\/wp\/v2\/product_cat?post=341132"},{"taxonomy":"product_tag","embeddable":true,"href":"https:\/\/srokacompany.com\/es\/wp-json\/wp\/v2\/product_tag?post=341132"}],"curies":[{"name":"wp","href":"https:\/\/api.w.org\/{rel}","templated":true}]}}