{"id":341133,"date":"2025-03-27T10:28:31","date_gmt":"2025-03-27T10:28:31","guid":{"rendered":"https:\/\/srokacompany.com\/produit\/tabla-de-surf-sw-gama-elite\/"},"modified":"2025-12-03T20:38:37","modified_gmt":"2025-12-03T18:38:37","slug":"tabla-de-surf-sw-gama-elite","status":"publish","type":"product","link":"https:\/\/srokacompany.com\/es\/produit\/tabla-de-surf-sw-gama-elite\/","title":{"rendered":"Tabla de surf SW &#8211; Gama Elite"},"content":{"rendered":"<p><span class=\"citation-20\">El  <\/span><b><span class=\"citation-20\">Tablero SROKA SW<\/span><\/b><span class=\"citation-20\">  de la  <\/span><b><span class=\"citation-20\">Gama Elite<\/span><\/b><span class=\"citation-20\">  es la junta  <\/span><b><span class=\"citation-20\">h\u00edbrido de gama alta<\/span><\/b><span class=\"citation-20\">  dise\u00f1ado para destacar en dos disciplinas  <\/span><b><span class=\"citation-20\">Surf foil (70%)<\/span><\/b><span class=\"citation-20\">  y el  <\/span><b><span class=\"citation-20\">Wingfoil (30%)<\/span><\/b><span class=\"citation-20 citation-end-20\">.<\/span> <span class=\"citation-19\">Integrado  <\/span><b><span class=\"citation-19\">Full Carbon Sandwich PVC<\/span><\/b><span class=\"citation-19\">Combina  <\/span><b><span class=\"citation-19\">s\u00f3lido, sensible y ligero<\/span><\/b><span class=\"citation-19 citation-end-19\">  para unas sesiones inolvidables.<\/span><\/p>\n<p>&nbsp;<\/p>\n<h3>Forma de onda optimizada<\/h3>\n<p>El  La <i>forma<\/i> del <b>SW<\/b> est\u00e1 dise\u00f1ada para maximizar la eficacia al remar y el control en las curvas: <\/p>\n<ul>\n<li><b><span class=\"citation-18\">Escariador ultra-f\u00e1cil:<\/span><\/b><span class=\"citation-18\"> Sonido <\/span><i><span class=\"citation-18\">contorno<\/span><\/i><span class=\"citation-18\"> El contorno ligeramente m\u00e1s largo y el casco m\u00e1s estrecho permiten que el agua fluya sin esfuerzo, garantizando una <\/span><b><span class=\"citation-18\">remo eficiente<\/span><\/b><span class=\"citation-18\"> hasta el <\/span><i><span class=\"citation-18\">pico<\/span><\/i><span class=\"citation-18 citation-end-18\"> con menos esfuerzo y coger olas con facilidad.<\/span><\/li>\n<li><b>Despegue instant\u00e1neo :<\/b><span class=\"citation-17\">  Le  <\/span><i><span class=\"citation-17\">forma<\/span><\/i><span class=\"citation-17\">  tipo  <\/span><i><span class=\"citation-17\">longitud media<\/span><\/i><span class=\"citation-17\">  (para el 5&#8217;6) combinado con un  <\/span><i><span class=\"citation-17\">balanc\u00edn<\/span><\/i><span class=\"citation-17\">  facilita  <\/span><b><span class=\"citation-17\">despegue ultrarr\u00e1pido<\/span><\/b><span class=\"citation-17\">  y minimiza  <\/span><i><span class=\"citation-17\">botones<\/span><\/i><span class=\"citation-17 citation-end-17\">.<\/span>  Es el arma ideal para aprovechar las peque\u00f1as olas del verano.<\/li>\n<li><b>Manejo preciso :<\/b><span class=\"citation-16\"> El <\/span><i><span class=\"citation-16\">cola<\/span><\/i><span class=\"citation-16\"> (la cola aumenta <\/span><b><span class=\"citation-16\">maniobrabilidad<\/span><\/b><span class=\"citation-16\"> y evita que la cola entre en contacto con el agua en giros cerrados, ofreciendo el m\u00e1ximo control al <\/span><i><span class=\"citation-16\">esculpir<\/span><\/i><span class=\"citation-16 citation-end-16\">.<\/span>\n<div class=\"source-inline-chip-container ng-star-inserted\"><\/div>\n<\/li>\n<\/ul>\n<h3>Construcci\u00f3n de carbono de \u00e9lite<\/h3>\n<p>El  <b>La tabla SW<\/b> incorpora la construcci\u00f3n de m\u00e1s alto rendimiento de SROKA para una m\u00e1xima durabilidad y capacidad de respuesta:<\/p>\n<ul>\n<li><b>S\u00e1ndwich completo de carbono PVC :<\/b><span class=\"citation-15\"> El n\u00facleo de poliestireno est\u00e1 envuelto en un <\/span><b><span class=\"citation-15\">s\u00e1ndwich de PVC\/carbono<\/span><\/b><span class=\"citation-15 citation-end-15\"> en la cubierta y el casco.<\/span> <span class=\"citation-14\">Esta construcci\u00f3n proporciona <\/span><b><span class=\"citation-14\">una rigidez extrema<\/span><\/b><span class=\"citation-14\"> a la tabla, haci\u00e9ndola m\u00e1s sensible y receptiva a cada <\/span><i><span class=\"citation-14\">bombeo<\/span><\/i><span class=\"citation-14 citation-end-14\">.<\/span><\/li>\n<li><b>Durabilidad:<\/b><span class=\"citation-13 citation-end-13\"> Los ra\u00edles US est\u00e1n reforzados con bloques de PVC pasantes, lo que garantiza una resistencia \u00f3ptima para soportar las tensiones del Foil.<\/span><\/li>\n<li><b>Doble actividad:<\/b> A pesar de su orientaci\u00f3n <b>Surf foil<\/b>, su rigidez y su volumen reenfocado lo hacen tan formidable como un <b>Wingfoil<\/b> o un <i>Tow-in<\/i>.<\/li>\n<\/ul>\n<p>Tanto si eres un experimentado surfista de Foil como un wingfoiler en busca de una tabla m\u00e1s corta y con mayor capacidad de respuesta, la <b>SW Elite<\/b> es la referencia en rendimiento y versatilidad. <span class=\"citation-12\">Est\u00e1 disponible en tres tama\u00f1os (<\/span><b><span class=\"citation-12\">4&#8217;4 \/ 5&#8217;0 \/ 5&#8217;6<\/span><\/b><span class=\"citation-12 citation-end-12\">) para adaptarse a todas las tallas.<\/span><\/p>\n","protected":false},"excerpt":{"rendered":"<p>La <b class=\"\">SW Elite<\/b> es la tabla todoterreno <b class=\"\">Full Carbon<\/b> (32L a 50L) para <b class=\"\">Surf foil<\/b> y <b class=\"\">Wingfoil<\/b>. Ofrece <b class=\"\">una remada f\u00e1cil<\/b>, un <b class=\"\">despegue r\u00e1pido<\/b> y <b class=\"\">la m\u00e1xima maniobrabilidad<\/b> para aprovechar cada ola. <\/p>\n","protected":false},"featured_media":341137,"template":"","meta":{"_acf_changed":false,"_uag_custom_page_level_css":""},"product_brand":[],"product_cat":[3521,3524,3469,3525,4260],"product_tag":[3429,3527,3450,3427,3426],"class_list":{"0":"post-341133","1":"product","2":"type-product","3":"status-publish","4":"has-post-thumbnail","6":"product_cat-elite-es","7":"product_cat-nuestras-tablas-de-surf-foil","8":"product_cat-surf-foil-es","9":"product_cat-tablero-de-la-gama-elite","10":"product_cat-viernes-negro","11":"product_tag-avanzado","12":"product_tag-elite-es","13":"product_tag-experto","14":"product_tag-ingenioso","15":"product_tag-principiante","17":"first","18":"instock","19":"taxable","20":"shipping-taxable","21":"purchasable","22":"product-type-variable"},"acf":[],"yoast_head":"<!-- This site is optimized with the Yoast SEO plugin v27.4 - https:\/\/yoast.com\/product\/yoast-seo-wordpress\/ -->\n<title>Tablero SW Surffoil<\/title>\n<meta name=\"description\" content=\"La gama SW, tablas Surffoil de la gama SROKA Elite, est\u00e1 dise\u00f1ada para riders exigentes que buscan una experiencia de alto rendimiento.\" \/>\n<meta name=\"robots\" content=\"index, follow, max-snippet:-1, max-image-preview:large, max-video-preview:-1\" \/>\n<link rel=\"canonical\" href=\"https:\/\/srokacompany.com\/es\/produit\/tabla-de-surf-sw-gama-elite\/\" \/>\n<meta property=\"og:locale\" content=\"es_ES\" \/>\n<meta property=\"og:type\" content=\"article\" \/>\n<meta property=\"og:title\" content=\"Tablero SW Surffoil\" \/>\n<meta property=\"og:description\" content=\"La gama SW, tablas Surffoil de la gama SROKA Elite, est\u00e1 dise\u00f1ada para riders exigentes que buscan una experiencia de alto rendimiento.\" \/>\n<meta property=\"og:url\" content=\"https:\/\/srokacompany.com\/es\/produit\/tabla-de-surf-sw-gama-elite\/\" \/>\n<meta property=\"og:site_name\" content=\"SROKA Company\" \/>\n<meta property=\"article:publisher\" content=\"https:\/\/www.facebook.com\/srokawatersports\/\" \/>\n<meta property=\"article:modified_time\" content=\"2025-12-03T18:38:37+00:00\" \/>\n<meta property=\"og:image\" content=\"https:\/\/srokacompany.com\/wp-content\/uploads\/2025\/03\/RAnge-SW-surf-foil.png\" \/>\n\t<meta property=\"og:image:width\" content=\"2470\" \/>\n\t<meta property=\"og:image:height\" content=\"2448\" \/>\n\t<meta property=\"og:image:type\" content=\"image\/png\" \/>\n<meta name=\"twitter:label1\" content=\"Tiempo de lectura\" \/>\n\t<meta name=\"twitter:data1\" content=\"2 minutos\" \/>\n<script type=\"application\/ld+json\" class=\"yoast-schema-graph\">{\"@context\":\"https:\\\/\\\/schema.org\",\"@graph\":[{\"@type\":\"WebPage\",\"@id\":\"https:\\\/\\\/srokacompany.com\\\/es\\\/produit\\\/tabla-de-surf-sw-gama-elite\\\/\",\"url\":\"https:\\\/\\\/srokacompany.com\\\/es\\\/produit\\\/tabla-de-surf-sw-gama-elite\\\/\",\"name\":\"Tablero SW Surffoil\",\"isPartOf\":{\"@id\":\"https:\\\/\\\/srokacompany.com\\\/es\\\/#website\"},\"primaryImageOfPage\":{\"@id\":\"https:\\\/\\\/srokacompany.com\\\/es\\\/produit\\\/tabla-de-surf-sw-gama-elite\\\/#primaryimage\"},\"image\":{\"@id\":\"https:\\\/\\\/srokacompany.com\\\/es\\\/produit\\\/tabla-de-surf-sw-gama-elite\\\/#primaryimage\"},\"thumbnailUrl\":\"https:\\\/\\\/srokacompany.com\\\/wp-content\\\/uploads\\\/2025\\\/03\\\/RAnge-SW-surf-foil.png\",\"datePublished\":\"2025-03-27T10:28:31+00:00\",\"dateModified\":\"2025-12-03T18:38:37+00:00\",\"description\":\"La gama SW, tablas Surffoil de la gama SROKA Elite, est\u00e1 dise\u00f1ada para riders exigentes que buscan una experiencia de alto rendimiento.\",\"breadcrumb\":{\"@id\":\"https:\\\/\\\/srokacompany.com\\\/es\\\/produit\\\/tabla-de-surf-sw-gama-elite\\\/#breadcrumb\"},\"inLanguage\":\"es\",\"potentialAction\":[{\"@type\":\"ReadAction\",\"target\":[\"https:\\\/\\\/srokacompany.com\\\/es\\\/produit\\\/tabla-de-surf-sw-gama-elite\\\/\"]}]},{\"@type\":\"ImageObject\",\"inLanguage\":\"es\",\"@id\":\"https:\\\/\\\/srokacompany.com\\\/es\\\/produit\\\/tabla-de-surf-sw-gama-elite\\\/#primaryimage\",\"url\":\"https:\\\/\\\/srokacompany.com\\\/wp-content\\\/uploads\\\/2025\\\/03\\\/RAnge-SW-surf-foil.png\",\"contentUrl\":\"https:\\\/\\\/srokacompany.com\\\/wp-content\\\/uploads\\\/2025\\\/03\\\/RAnge-SW-surf-foil.png\",\"width\":2470,\"height\":2448,\"caption\":\"RAnge SW surf foil\"},{\"@type\":\"BreadcrumbList\",\"@id\":\"https:\\\/\\\/srokacompany.com\\\/es\\\/produit\\\/tabla-de-surf-sw-gama-elite\\\/#breadcrumb\",\"itemListElement\":[{\"@type\":\"ListItem\",\"position\":1,\"name\":\"Accueil\",\"item\":\"https:\\\/\\\/srokacompany.com\\\/es\\\/\"},{\"@type\":\"ListItem\",\"position\":2,\"name\":\"Tienda\",\"item\":\"https:\\\/\\\/srokacompany.com\\\/tienda\\\/\"},{\"@type\":\"ListItem\",\"position\":3,\"name\":\"Tabla de surf SW &#8211; Gama Elite\"}]},{\"@type\":\"WebSite\",\"@id\":\"https:\\\/\\\/srokacompany.com\\\/es\\\/#website\",\"url\":\"https:\\\/\\\/srokacompany.com\\\/es\\\/\",\"name\":\"SROKA Company\",\"description\":\"SUP, Kite, Foil, Wing\",\"publisher\":{\"@id\":\"https:\\\/\\\/srokacompany.com\\\/es\\\/#organization\"},\"potentialAction\":[{\"@type\":\"SearchAction\",\"target\":{\"@type\":\"EntryPoint\",\"urlTemplate\":\"https:\\\/\\\/srokacompany.com\\\/es\\\/?s={search_term_string}\"},\"query-input\":{\"@type\":\"PropertyValueSpecification\",\"valueRequired\":true,\"valueName\":\"search_term_string\"}}],\"inLanguage\":\"es\"},{\"@type\":\"Organization\",\"@id\":\"https:\\\/\\\/srokacompany.com\\\/es\\\/#organization\",\"name\":\"SROKACOMPANY\",\"alternateName\":\"SROKA\",\"url\":\"https:\\\/\\\/srokacompany.com\\\/es\\\/\",\"logo\":{\"@type\":\"ImageObject\",\"inLanguage\":\"es\",\"@id\":\"https:\\\/\\\/srokacompany.com\\\/es\\\/#\\\/schema\\\/logo\\\/image\\\/\",\"url\":\"https:\\\/\\\/srokacompany.com\\\/wp-content\\\/uploads\\\/2021\\\/01\\\/logo-sroka-black-transpa.png\",\"contentUrl\":\"https:\\\/\\\/srokacompany.com\\\/wp-content\\\/uploads\\\/2021\\\/01\\\/logo-sroka-black-transpa.png\",\"width\":1201,\"height\":342,\"caption\":\"SROKACOMPANY\"},\"image\":{\"@id\":\"https:\\\/\\\/srokacompany.com\\\/es\\\/#\\\/schema\\\/logo\\\/image\\\/\"},\"sameAs\":[\"https:\\\/\\\/www.facebook.com\\\/srokawatersports\\\/\",\"https:\\\/\\\/www.instagram.com\\\/srokawatersports\\\/\",\"https:\\\/\\\/www.youtube.com\\\/channel\\\/UCVLHHeaPIm-J5bdEUgxqtZA\"]}]}<\/script>\n<!-- \/ Yoast SEO plugin. -->","yoast_head_json":{"title":"Tablero SW Surffoil","description":"La gama SW, tablas Surffoil de la gama SROKA Elite, est\u00e1 dise\u00f1ada para riders exigentes que buscan una experiencia de alto rendimiento.","robots":{"index":"index","follow":"follow","max-snippet":"max-snippet:-1","max-image-preview":"max-image-preview:large","max-video-preview":"max-video-preview:-1"},"canonical":"https:\/\/srokacompany.com\/es\/produit\/tabla-de-surf-sw-gama-elite\/","og_locale":"es_ES","og_type":"article","og_title":"Tablero SW Surffoil","og_description":"La gama SW, tablas Surffoil de la gama SROKA Elite, est\u00e1 dise\u00f1ada para riders exigentes que buscan una experiencia de alto rendimiento.","og_url":"https:\/\/srokacompany.com\/es\/produit\/tabla-de-surf-sw-gama-elite\/","og_site_name":"SROKA Company","article_publisher":"https:\/\/www.facebook.com\/srokawatersports\/","article_modified_time":"2025-12-03T18:38:37+00:00","og_image":[{"width":2470,"height":2448,"url":"https:\/\/srokacompany.com\/wp-content\/uploads\/2025\/03\/RAnge-SW-surf-foil.png","type":"image\/png"}],"twitter_misc":{"Tiempo de lectura":"2 minutos"},"schema":{"@context":"https:\/\/schema.org","@graph":[{"@type":"WebPage","@id":"https:\/\/srokacompany.com\/es\/produit\/tabla-de-surf-sw-gama-elite\/","url":"https:\/\/srokacompany.com\/es\/produit\/tabla-de-surf-sw-gama-elite\/","name":"Tablero SW Surffoil","isPartOf":{"@id":"https:\/\/srokacompany.com\/es\/#website"},"primaryImageOfPage":{"@id":"https:\/\/srokacompany.com\/es\/produit\/tabla-de-surf-sw-gama-elite\/#primaryimage"},"image":{"@id":"https:\/\/srokacompany.com\/es\/produit\/tabla-de-surf-sw-gama-elite\/#primaryimage"},"thumbnailUrl":"https:\/\/srokacompany.com\/wp-content\/uploads\/2025\/03\/RAnge-SW-surf-foil.png","datePublished":"2025-03-27T10:28:31+00:00","dateModified":"2025-12-03T18:38:37+00:00","description":"La gama SW, tablas Surffoil de la gama SROKA Elite, est\u00e1 dise\u00f1ada para riders exigentes que buscan una experiencia de alto rendimiento.","breadcrumb":{"@id":"https:\/\/srokacompany.com\/es\/produit\/tabla-de-surf-sw-gama-elite\/#breadcrumb"},"inLanguage":"es","potentialAction":[{"@type":"ReadAction","target":["https:\/\/srokacompany.com\/es\/produit\/tabla-de-surf-sw-gama-elite\/"]}]},{"@type":"ImageObject","inLanguage":"es","@id":"https:\/\/srokacompany.com\/es\/produit\/tabla-de-surf-sw-gama-elite\/#primaryimage","url":"https:\/\/srokacompany.com\/wp-content\/uploads\/2025\/03\/RAnge-SW-surf-foil.png","contentUrl":"https:\/\/srokacompany.com\/wp-content\/uploads\/2025\/03\/RAnge-SW-surf-foil.png","width":2470,"height":2448,"caption":"RAnge SW surf foil"},{"@type":"BreadcrumbList","@id":"https:\/\/srokacompany.com\/es\/produit\/tabla-de-surf-sw-gama-elite\/#breadcrumb","itemListElement":[{"@type":"ListItem","position":1,"name":"Accueil","item":"https:\/\/srokacompany.com\/es\/"},{"@type":"ListItem","position":2,"name":"Tienda","item":"https:\/\/srokacompany.com\/tienda\/"},{"@type":"ListItem","position":3,"name":"Tabla de surf SW &#8211; Gama Elite"}]},{"@type":"WebSite","@id":"https:\/\/srokacompany.com\/es\/#website","url":"https:\/\/srokacompany.com\/es\/","name":"SROKA Company","description":"SUP, Kite, Foil, Wing","publisher":{"@id":"https:\/\/srokacompany.com\/es\/#organization"},"potentialAction":[{"@type":"SearchAction","target":{"@type":"EntryPoint","urlTemplate":"https:\/\/srokacompany.com\/es\/?s={search_term_string}"},"query-input":{"@type":"PropertyValueSpecification","valueRequired":true,"valueName":"search_term_string"}}],"inLanguage":"es"},{"@type":"Organization","@id":"https:\/\/srokacompany.com\/es\/#organization","name":"SROKACOMPANY","alternateName":"SROKA","url":"https:\/\/srokacompany.com\/es\/","logo":{"@type":"ImageObject","inLanguage":"es","@id":"https:\/\/srokacompany.com\/es\/#\/schema\/logo\/image\/","url":"https:\/\/srokacompany.com\/wp-content\/uploads\/2021\/01\/logo-sroka-black-transpa.png","contentUrl":"https:\/\/srokacompany.com\/wp-content\/uploads\/2021\/01\/logo-sroka-black-transpa.png","width":1201,"height":342,"caption":"SROKACOMPANY"},"image":{"@id":"https:\/\/srokacompany.com\/es\/#\/schema\/logo\/image\/"},"sameAs":["https:\/\/www.facebook.com\/srokawatersports\/","https:\/\/www.instagram.com\/srokawatersports\/","https:\/\/www.youtube.com\/channel\/UCVLHHeaPIm-J5bdEUgxqtZA"]}]}},"uagb_featured_image_src":{"full":["https:\/\/srokacompany.com\/wp-content\/uploads\/2025\/03\/RAnge-SW-surf-foil.png",2470,2448,false],"thumbnail":["https:\/\/srokacompany.com\/wp-content\/uploads\/2025\/03\/RAnge-SW-surf-foil-150x150.png",150,150,true],"medium":["https:\/\/srokacompany.com\/wp-content\/uploads\/2025\/03\/RAnge-SW-surf-foil-300x297.png",300,297,true],"medium_large":["https:\/\/srokacompany.com\/wp-content\/uploads\/2025\/03\/RAnge-SW-surf-foil-768x761.png",768,761,true],"large":["https:\/\/srokacompany.com\/wp-content\/uploads\/2025\/03\/RAnge-SW-surf-foil-1024x1015.png",1024,1015,true],"1536x1536":["https:\/\/srokacompany.com\/wp-content\/uploads\/2025\/03\/RAnge-SW-surf-foil-1536x1522.png",1536,1522,true],"2048x2048":["https:\/\/srokacompany.com\/wp-content\/uploads\/2025\/03\/RAnge-SW-surf-foil-2048x2030.png",2048,2030,true],"woocommerce_thumbnail":["https:\/\/srokacompany.com\/wp-content\/uploads\/2025\/03\/RAnge-SW-surf-foil-600x595.png",600,595,true],"woocommerce_single":["https:\/\/srokacompany.com\/wp-content\/uploads\/2025\/03\/RAnge-SW-surf-foil-600x595.png",600,595,true],"woocommerce_gallery_thumbnail":["https:\/\/srokacompany.com\/wp-content\/uploads\/2025\/03\/RAnge-SW-surf-foil-100x100.png",100,100,true],"dgwt-wcas-product-suggestion":["https:\/\/srokacompany.com\/wp-content\/uploads\/2025\/03\/RAnge-SW-surf-foil.png",64,63,false]},"uagb_author_info":{"display_name":"Emmanuel DIJOUX","author_link":"https:\/\/srokacompany.com\/es\/blog\/author\/"},"uagb_comment_info":0,"uagb_excerpt":"La SW Elite es la tabla todoterreno Full Carbon (32L a 50L) para Surf foil y Wingfoil. Ofrece una remada f\u00e1cil, un despegue r\u00e1pido y la m\u00e1xima maniobrabilidad para aprovechar cada ola.","jetpack_sharing_enabled":true,"_links":{"self":[{"href":"https:\/\/srokacompany.com\/es\/wp-json\/wp\/v2\/product\/341133","targetHints":{"allow":["GET"]}}],"collection":[{"href":"https:\/\/srokacompany.com\/es\/wp-json\/wp\/v2\/product"}],"about":[{"href":"https:\/\/srokacompany.com\/es\/wp-json\/wp\/v2\/types\/product"}],"wp:featuredmedia":[{"embeddable":true,"href":"https:\/\/srokacompany.com\/es\/wp-json\/wp\/v2\/media\/341137"}],"wp:attachment":[{"href":"https:\/\/srokacompany.com\/es\/wp-json\/wp\/v2\/media?parent=341133"}],"wp:term":[{"taxonomy":"product_brand","embeddable":true,"href":"https:\/\/srokacompany.com\/es\/wp-json\/wp\/v2\/product_brand?post=341133"},{"taxonomy":"product_cat","embeddable":true,"href":"https:\/\/srokacompany.com\/es\/wp-json\/wp\/v2\/product_cat?post=341133"},{"taxonomy":"product_tag","embeddable":true,"href":"https:\/\/srokacompany.com\/es\/wp-json\/wp\/v2\/product_tag?post=341133"}],"curies":[{"name":"wp","href":"https:\/\/api.w.org\/{rel}","templated":true}]}}