{"id":341163,"date":"2025-05-02T09:53:30","date_gmt":"2025-05-02T09:53:30","guid":{"rendered":"https:\/\/srokacompany.com\/produit\/tabla-de-gama-dw-83-v1-elite\/"},"modified":"2025-11-21T18:07:26","modified_gmt":"2025-11-21T16:07:26","slug":"tabla-de-gama-dw-83-v1-elite","status":"publish","type":"product","link":"https:\/\/srokacompany.com\/es\/produit\/tabla-de-gama-dw-83-v1-elite\/","title":{"rendered":"Tabla de gama DW 8&#8217;3 V1 Elite"},"content":{"rendered":"<p>La tabla <b>DW 8&#8217;3 V1<\/b> de la gama Elite ha sido meticulosamente dise\u00f1ada para ofrecer una experiencia Downwind excepcional. Su principal objetivo es permitir una <b>salida temprana<\/b> en todas las condiciones, optimizando la velocidad a trav\u00e9s de un planeo fenomenal. <\/p>\n<h3>Programa y competencias<\/h3>\n<p>La <b>DW 8&#8217;3 V1<\/b> est\u00e1 dise\u00f1ada principalmente para <b>Downwind<\/b> (SUP foil Downwind, Prone Downwind) y <b>Wing foil muy ligero<\/b>. Est\u00e1 disponible en varias anchuras para adaptarse a todos los tama\u00f1os corporales (de 8&#8217;3 x 17&#8217;75 \/ 105L a 8&#8217;3 x 23 \/ 135L). <\/p>\n<ul>\n<li><b>Despegue:<\/b> Excelente (100%), lo que permite al Foil alcanzar r\u00e1pidamente la velocidad de despegue.<\/li>\n<li><b>Deslizamiento y velocidad:<\/b> Su <i>silueta<\/i> estirada y su casco plano con doble c\u00f3ncavo en la parte delantera facilitan el deslizamiento y la aceleraci\u00f3n.<\/li>\n<li><b>Estabilidad y control:<\/b> El volumen se ha maximizado en el centro para que sea lo m\u00e1s \u00fatil posible, y la posici\u00f3n adelantada de los ra\u00edles US garantiza un mejor equilibrio durante la crucial fase de despegue y en vuelo.<\/li>\n<\/ul>\n<p>&nbsp;<\/p>\n<h3>Elite Dise\u00f1o y Construcci\u00f3n<\/h3>\n<p>Para garantizar la m\u00e1xima rigidez y durabilidad, esta tabla se beneficia de una construcci\u00f3n de alta calidad:<\/p>\n<ul>\n<li><b>Construcci\u00f3n totalmente de carbono:<\/b> utiliza un s\u00e1ndwich de carbono con PVC y est\u00e1 envuelto en <b>carbono preimpregnado<\/b> (2 capas en la cubierta\/casco, 3 capas en los ra\u00edles) para una m\u00e1xima <b>rigidez y capacidad de respuesta<\/b>.<\/li>\n<li><b>Rieles US reforzados:<\/b> Los ra\u00edles US est\u00e1n firmemente unidos en bloques de PVC que se extienden hasta la cubierta, proporcionando una resistencia extra en el cerramiento.<\/li>\n<li><b>Detalles t\u00e9cnicos:<\/b> <i>Los pintels<\/i> en el <i>filo de corte<\/i> y los <i>bavels<\/i> mejoran la direcci\u00f3n y reducen la deceleraci\u00f3n al tocar tierra.<\/li>\n<li><b>Personalizaci\u00f3n:<\/b> Los 30 insertos de <i>correa<\/i> permiten una personalizaci\u00f3n completa de la posici\u00f3n para Downwind, Wingfoil o SUP Foil.<\/li>\n<\/ul>\n<p>El combo perfecto para la DW 8&#8217;3 es la <b>Elite Carbon Foil<\/b> con alas <b>UHA<\/b>, que ofrece control, capacidad de respuesta y rigidez de nivel experto. Cada tabla viene con una funda de gama alta, reforzada con espuma de 10 mm. <\/p>\n<p>&nbsp;<\/p>\n","protected":false},"excerpt":{"rendered":"<p><b class=\"\">Tabla DW 8&#8217;3 V1 Elite:<\/b> La m\u00e1quina de <b class=\"\">Downwind<\/b> y <b class=\"\">Light Wind Wing foil<\/b>. Gracias a su construcci\u00f3n <b class=\"\">Full Carbon<\/b> y a su forma estilizada, ofrece <b class=\"\">un planeo excepcional<\/b> y <b class=\"\">un despegue ultrapreciso<\/b>, incluso en las condiciones m\u00e1s ligeras. Ideal para alcanzar r\u00e1pidamente la velocidad de vuelo, ya sea remando o usando un Wing con vientos flojos.  <\/p>\n","protected":false},"featured_media":341165,"template":"","meta":{"_acf_changed":false,"_uag_custom_page_level_css":""},"product_brand":[],"product_cat":[3565,3521,3566,3525,4260],"product_tag":[3429,3527,3450,3427],"class_list":{"0":"post-341163","1":"product","2":"type-product","3":"status-publish","4":"has-post-thumbnail","6":"product_cat-downwind-es","7":"product_cat-elite-es","8":"product_cat-tablas-downwind-domine-el-oleaje-con-rendimiento-y-placer","9":"product_cat-tablero-de-la-gama-elite","10":"product_cat-viernes-negro","11":"product_tag-avanzado","12":"product_tag-elite-es","13":"product_tag-experto","14":"product_tag-ingenioso","15":"product_shipping_class-tablero-2025","17":"first","18":"instock","19":"sale","20":"taxable","21":"shipping-taxable","22":"purchasable","23":"product-type-variable"},"acf":[],"yoast_head":"<!-- This site is optimized with the Yoast SEO plugin v27.4 - https:\/\/yoast.com\/product\/yoast-seo-wordpress\/ -->\n<title>Tabla Downwind &amp; Viento flojo : El DW de la gama Elite<\/title>\n<meta name=\"description\" content=\"Descubre Downwind &amp; Ultra light wind wing boards foil: La DW forma parte de la gama ELite: una tabla SROKA de gama alta.\" \/>\n<meta name=\"robots\" content=\"index, follow, max-snippet:-1, max-image-preview:large, max-video-preview:-1\" \/>\n<link rel=\"canonical\" href=\"https:\/\/srokacompany.com\/es\/produit\/tabla-de-gama-dw-83-v1-elite\/\" \/>\n<meta property=\"og:locale\" content=\"es_ES\" \/>\n<meta property=\"og:type\" content=\"article\" \/>\n<meta property=\"og:title\" content=\"Tabla Downwind &amp; Viento flojo : El DW de la gama Elite\" \/>\n<meta property=\"og:description\" content=\"Descubre Downwind &amp; Ultra light wind wing boards foil: La DW forma parte de la gama ELite: una tabla SROKA de gama alta.\" \/>\n<meta property=\"og:url\" content=\"https:\/\/srokacompany.com\/es\/produit\/tabla-de-gama-dw-83-v1-elite\/\" \/>\n<meta property=\"og:site_name\" content=\"SROKA Company\" \/>\n<meta property=\"article:publisher\" content=\"https:\/\/www.facebook.com\/srokawatersports\/\" \/>\n<meta property=\"article:modified_time\" content=\"2025-11-21T16:07:26+00:00\" \/>\n<meta property=\"og:image\" content=\"https:\/\/srokacompany.com\/wp-content\/uploads\/2025\/05\/Dw-83-scaled.png\" \/>\n\t<meta property=\"og:image:width\" content=\"2560\" \/>\n\t<meta property=\"og:image:height\" content=\"2401\" \/>\n\t<meta property=\"og:image:type\" content=\"image\/png\" \/>\n<meta name=\"twitter:label1\" content=\"Tiempo de lectura\" \/>\n\t<meta name=\"twitter:data1\" content=\"2 minutos\" \/>\n<script type=\"application\/ld+json\" class=\"yoast-schema-graph\">{\"@context\":\"https:\\\/\\\/schema.org\",\"@graph\":[{\"@type\":\"WebPage\",\"@id\":\"https:\\\/\\\/srokacompany.com\\\/es\\\/produit\\\/tabla-de-gama-dw-83-v1-elite\\\/\",\"url\":\"https:\\\/\\\/srokacompany.com\\\/es\\\/produit\\\/tabla-de-gama-dw-83-v1-elite\\\/\",\"name\":\"Tabla Downwind & Viento flojo : El DW de la gama Elite\",\"isPartOf\":{\"@id\":\"https:\\\/\\\/srokacompany.com\\\/es\\\/#website\"},\"primaryImageOfPage\":{\"@id\":\"https:\\\/\\\/srokacompany.com\\\/es\\\/produit\\\/tabla-de-gama-dw-83-v1-elite\\\/#primaryimage\"},\"image\":{\"@id\":\"https:\\\/\\\/srokacompany.com\\\/es\\\/produit\\\/tabla-de-gama-dw-83-v1-elite\\\/#primaryimage\"},\"thumbnailUrl\":\"https:\\\/\\\/srokacompany.com\\\/wp-content\\\/uploads\\\/2025\\\/05\\\/Dw-83-scaled.png\",\"datePublished\":\"2025-05-02T09:53:30+00:00\",\"dateModified\":\"2025-11-21T16:07:26+00:00\",\"description\":\"Descubre Downwind & Ultra light wind wing boards foil: La DW forma parte de la gama ELite: una tabla SROKA de gama alta.\",\"breadcrumb\":{\"@id\":\"https:\\\/\\\/srokacompany.com\\\/es\\\/produit\\\/tabla-de-gama-dw-83-v1-elite\\\/#breadcrumb\"},\"inLanguage\":\"es\",\"potentialAction\":[{\"@type\":\"ReadAction\",\"target\":[\"https:\\\/\\\/srokacompany.com\\\/es\\\/produit\\\/tabla-de-gama-dw-83-v1-elite\\\/\"]}]},{\"@type\":\"ImageObject\",\"inLanguage\":\"es\",\"@id\":\"https:\\\/\\\/srokacompany.com\\\/es\\\/produit\\\/tabla-de-gama-dw-83-v1-elite\\\/#primaryimage\",\"url\":\"https:\\\/\\\/srokacompany.com\\\/wp-content\\\/uploads\\\/2025\\\/05\\\/Dw-83-scaled.png\",\"contentUrl\":\"https:\\\/\\\/srokacompany.com\\\/wp-content\\\/uploads\\\/2025\\\/05\\\/Dw-83-scaled.png\",\"width\":2560,\"height\":2401},{\"@type\":\"BreadcrumbList\",\"@id\":\"https:\\\/\\\/srokacompany.com\\\/es\\\/produit\\\/tabla-de-gama-dw-83-v1-elite\\\/#breadcrumb\",\"itemListElement\":[{\"@type\":\"ListItem\",\"position\":1,\"name\":\"Accueil\",\"item\":\"https:\\\/\\\/srokacompany.com\\\/es\\\/\"},{\"@type\":\"ListItem\",\"position\":2,\"name\":\"Tienda\",\"item\":\"https:\\\/\\\/srokacompany.com\\\/tienda\\\/\"},{\"@type\":\"ListItem\",\"position\":3,\"name\":\"Tabla de gama DW 8&rsquo;3 V1 Elite\"}]},{\"@type\":\"WebSite\",\"@id\":\"https:\\\/\\\/srokacompany.com\\\/es\\\/#website\",\"url\":\"https:\\\/\\\/srokacompany.com\\\/es\\\/\",\"name\":\"SROKA Company\",\"description\":\"SUP, Kite, Foil, Wing\",\"publisher\":{\"@id\":\"https:\\\/\\\/srokacompany.com\\\/es\\\/#organization\"},\"potentialAction\":[{\"@type\":\"SearchAction\",\"target\":{\"@type\":\"EntryPoint\",\"urlTemplate\":\"https:\\\/\\\/srokacompany.com\\\/es\\\/?s={search_term_string}\"},\"query-input\":{\"@type\":\"PropertyValueSpecification\",\"valueRequired\":true,\"valueName\":\"search_term_string\"}}],\"inLanguage\":\"es\"},{\"@type\":\"Organization\",\"@id\":\"https:\\\/\\\/srokacompany.com\\\/es\\\/#organization\",\"name\":\"SROKACOMPANY\",\"alternateName\":\"SROKA\",\"url\":\"https:\\\/\\\/srokacompany.com\\\/es\\\/\",\"logo\":{\"@type\":\"ImageObject\",\"inLanguage\":\"es\",\"@id\":\"https:\\\/\\\/srokacompany.com\\\/es\\\/#\\\/schema\\\/logo\\\/image\\\/\",\"url\":\"https:\\\/\\\/srokacompany.com\\\/wp-content\\\/uploads\\\/2021\\\/01\\\/logo-sroka-black-transpa.png\",\"contentUrl\":\"https:\\\/\\\/srokacompany.com\\\/wp-content\\\/uploads\\\/2021\\\/01\\\/logo-sroka-black-transpa.png\",\"width\":1201,\"height\":342,\"caption\":\"SROKACOMPANY\"},\"image\":{\"@id\":\"https:\\\/\\\/srokacompany.com\\\/es\\\/#\\\/schema\\\/logo\\\/image\\\/\"},\"sameAs\":[\"https:\\\/\\\/www.facebook.com\\\/srokawatersports\\\/\",\"https:\\\/\\\/www.instagram.com\\\/srokawatersports\\\/\",\"https:\\\/\\\/www.youtube.com\\\/channel\\\/UCVLHHeaPIm-J5bdEUgxqtZA\"]}]}<\/script>\n<!-- \/ Yoast SEO plugin. -->","yoast_head_json":{"title":"Tabla Downwind & Viento flojo : El DW de la gama Elite","description":"Descubre Downwind & Ultra light wind wing boards foil: La DW forma parte de la gama ELite: una tabla SROKA de gama alta.","robots":{"index":"index","follow":"follow","max-snippet":"max-snippet:-1","max-image-preview":"max-image-preview:large","max-video-preview":"max-video-preview:-1"},"canonical":"https:\/\/srokacompany.com\/es\/produit\/tabla-de-gama-dw-83-v1-elite\/","og_locale":"es_ES","og_type":"article","og_title":"Tabla Downwind & Viento flojo : El DW de la gama Elite","og_description":"Descubre Downwind & Ultra light wind wing boards foil: La DW forma parte de la gama ELite: una tabla SROKA de gama alta.","og_url":"https:\/\/srokacompany.com\/es\/produit\/tabla-de-gama-dw-83-v1-elite\/","og_site_name":"SROKA Company","article_publisher":"https:\/\/www.facebook.com\/srokawatersports\/","article_modified_time":"2025-11-21T16:07:26+00:00","og_image":[{"width":2560,"height":2401,"url":"https:\/\/srokacompany.com\/wp-content\/uploads\/2025\/05\/Dw-83-scaled.png","type":"image\/png"}],"twitter_misc":{"Tiempo de lectura":"2 minutos"},"schema":{"@context":"https:\/\/schema.org","@graph":[{"@type":"WebPage","@id":"https:\/\/srokacompany.com\/es\/produit\/tabla-de-gama-dw-83-v1-elite\/","url":"https:\/\/srokacompany.com\/es\/produit\/tabla-de-gama-dw-83-v1-elite\/","name":"Tabla Downwind & Viento flojo : El DW de la gama Elite","isPartOf":{"@id":"https:\/\/srokacompany.com\/es\/#website"},"primaryImageOfPage":{"@id":"https:\/\/srokacompany.com\/es\/produit\/tabla-de-gama-dw-83-v1-elite\/#primaryimage"},"image":{"@id":"https:\/\/srokacompany.com\/es\/produit\/tabla-de-gama-dw-83-v1-elite\/#primaryimage"},"thumbnailUrl":"https:\/\/srokacompany.com\/wp-content\/uploads\/2025\/05\/Dw-83-scaled.png","datePublished":"2025-05-02T09:53:30+00:00","dateModified":"2025-11-21T16:07:26+00:00","description":"Descubre Downwind & Ultra light wind wing boards foil: La DW forma parte de la gama ELite: una tabla SROKA de gama alta.","breadcrumb":{"@id":"https:\/\/srokacompany.com\/es\/produit\/tabla-de-gama-dw-83-v1-elite\/#breadcrumb"},"inLanguage":"es","potentialAction":[{"@type":"ReadAction","target":["https:\/\/srokacompany.com\/es\/produit\/tabla-de-gama-dw-83-v1-elite\/"]}]},{"@type":"ImageObject","inLanguage":"es","@id":"https:\/\/srokacompany.com\/es\/produit\/tabla-de-gama-dw-83-v1-elite\/#primaryimage","url":"https:\/\/srokacompany.com\/wp-content\/uploads\/2025\/05\/Dw-83-scaled.png","contentUrl":"https:\/\/srokacompany.com\/wp-content\/uploads\/2025\/05\/Dw-83-scaled.png","width":2560,"height":2401},{"@type":"BreadcrumbList","@id":"https:\/\/srokacompany.com\/es\/produit\/tabla-de-gama-dw-83-v1-elite\/#breadcrumb","itemListElement":[{"@type":"ListItem","position":1,"name":"Accueil","item":"https:\/\/srokacompany.com\/es\/"},{"@type":"ListItem","position":2,"name":"Tienda","item":"https:\/\/srokacompany.com\/tienda\/"},{"@type":"ListItem","position":3,"name":"Tabla de gama DW 8&rsquo;3 V1 Elite"}]},{"@type":"WebSite","@id":"https:\/\/srokacompany.com\/es\/#website","url":"https:\/\/srokacompany.com\/es\/","name":"SROKA Company","description":"SUP, Kite, Foil, Wing","publisher":{"@id":"https:\/\/srokacompany.com\/es\/#organization"},"potentialAction":[{"@type":"SearchAction","target":{"@type":"EntryPoint","urlTemplate":"https:\/\/srokacompany.com\/es\/?s={search_term_string}"},"query-input":{"@type":"PropertyValueSpecification","valueRequired":true,"valueName":"search_term_string"}}],"inLanguage":"es"},{"@type":"Organization","@id":"https:\/\/srokacompany.com\/es\/#organization","name":"SROKACOMPANY","alternateName":"SROKA","url":"https:\/\/srokacompany.com\/es\/","logo":{"@type":"ImageObject","inLanguage":"es","@id":"https:\/\/srokacompany.com\/es\/#\/schema\/logo\/image\/","url":"https:\/\/srokacompany.com\/wp-content\/uploads\/2021\/01\/logo-sroka-black-transpa.png","contentUrl":"https:\/\/srokacompany.com\/wp-content\/uploads\/2021\/01\/logo-sroka-black-transpa.png","width":1201,"height":342,"caption":"SROKACOMPANY"},"image":{"@id":"https:\/\/srokacompany.com\/es\/#\/schema\/logo\/image\/"},"sameAs":["https:\/\/www.facebook.com\/srokawatersports\/","https:\/\/www.instagram.com\/srokawatersports\/","https:\/\/www.youtube.com\/channel\/UCVLHHeaPIm-J5bdEUgxqtZA"]}]}},"uagb_featured_image_src":{"full":["https:\/\/srokacompany.com\/wp-content\/uploads\/2025\/05\/Dw-83-scaled.png",2560,2401,false],"thumbnail":["https:\/\/srokacompany.com\/wp-content\/uploads\/2025\/05\/Dw-83-150x150.png",150,150,true],"medium":["https:\/\/srokacompany.com\/wp-content\/uploads\/2025\/05\/Dw-83-300x281.png",300,281,true],"medium_large":["https:\/\/srokacompany.com\/wp-content\/uploads\/2025\/05\/Dw-83-768x720.png",768,720,true],"large":["https:\/\/srokacompany.com\/wp-content\/uploads\/2025\/05\/Dw-83-1024x960.png",1024,960,true],"1536x1536":["https:\/\/srokacompany.com\/wp-content\/uploads\/2025\/05\/Dw-83-1536x1441.png",1536,1441,true],"2048x2048":["https:\/\/srokacompany.com\/wp-content\/uploads\/2025\/05\/Dw-83-2048x1921.png",2048,1921,true],"woocommerce_thumbnail":["https:\/\/srokacompany.com\/wp-content\/uploads\/2025\/05\/Dw-83-600x563.png",600,563,true],"woocommerce_single":["https:\/\/srokacompany.com\/wp-content\/uploads\/2025\/05\/Dw-83-600x563.png",600,563,true],"woocommerce_gallery_thumbnail":["https:\/\/srokacompany.com\/wp-content\/uploads\/2025\/05\/Dw-83-100x100.png",100,100,true],"dgwt-wcas-product-suggestion":["https:\/\/srokacompany.com\/wp-content\/uploads\/2025\/05\/Dw-83-64x60.png",64,60,true]},"uagb_author_info":{"display_name":"Bruno Sroka","author_link":"https:\/\/srokacompany.com\/es\/blog\/author\/"},"uagb_comment_info":0,"uagb_excerpt":"Tabla DW 8'3 V1 Elite: La m\u00e1quina de Downwind y Light Wind Wing foil. Gracias a su construcci\u00f3n Full Carbon y a su forma estilizada, ofrece un planeo excepcional y un despegue ultrapreciso, incluso en las condiciones m\u00e1s ligeras. Ideal para alcanzar r\u00e1pidamente la velocidad de vuelo, ya sea remando o usando un Wing con&hellip;","jetpack_sharing_enabled":true,"_links":{"self":[{"href":"https:\/\/srokacompany.com\/es\/wp-json\/wp\/v2\/product\/341163","targetHints":{"allow":["GET"]}}],"collection":[{"href":"https:\/\/srokacompany.com\/es\/wp-json\/wp\/v2\/product"}],"about":[{"href":"https:\/\/srokacompany.com\/es\/wp-json\/wp\/v2\/types\/product"}],"wp:featuredmedia":[{"embeddable":true,"href":"https:\/\/srokacompany.com\/es\/wp-json\/wp\/v2\/media\/341165"}],"wp:attachment":[{"href":"https:\/\/srokacompany.com\/es\/wp-json\/wp\/v2\/media?parent=341163"}],"wp:term":[{"taxonomy":"product_brand","embeddable":true,"href":"https:\/\/srokacompany.com\/es\/wp-json\/wp\/v2\/product_brand?post=341163"},{"taxonomy":"product_cat","embeddable":true,"href":"https:\/\/srokacompany.com\/es\/wp-json\/wp\/v2\/product_cat?post=341163"},{"taxonomy":"product_tag","embeddable":true,"href":"https:\/\/srokacompany.com\/es\/wp-json\/wp\/v2\/product_tag?post=341163"}],"curies":[{"name":"wp","href":"https:\/\/api.w.org\/{rel}","templated":true}]}}