{"id":341398,"date":"2019-11-25T10:36:55","date_gmt":"2019-11-25T10:36:55","guid":{"rendered":"https:\/\/srokacompany.com\/produit\/pala-hinchable-ocean-walker-104\/"},"modified":"2025-10-31T19:14:37","modified_gmt":"2025-10-31T17:14:37","slug":"pala-hinchable-ocean-walker-104","status":"publish","type":"product","link":"https:\/\/srokacompany.com\/es\/produit\/pala-hinchable-ocean-walker-104\/","title":{"rendered":"Pala hinchable Ocean Walker 10&#8217;4"},"content":{"rendered":"<hr>\n<div class=\"woocommerce-product-details__short-description\">\n<div class=\"page\" title=\"P\u00e1gina 2\">\n<div class=\"layoutArea\">\n<div class=\"column\">\n<div class=\"page\" title=\"P\u00e1gina 2\">\n<div class=\"layoutArea\">\n<h2 class=\"p1\"><b>SROKA Ocean Walker: \u00a1Tu remo hinchable a bajo precio!<\/b><\/h2>\n<p class=\"p3\"><b>\u00bfSue\u00f1a con descubrir los placeres del surf de remo sin arruinarse?<\/b>  \u00a1El SROKA Ocean Walker es tu aliado ideal! Este <a href=\"https:\/\/srokacompany.com\/es\/eshop\/palas-hinchables\/\"><span class=\"s1\">remo hinchable<\/span><\/a> combina rendimiento y asequibilidad para ofrecerte una experiencia inolvidable en el agua. <\/p>\n<p class=\"p4\">Con unas dimensiones de 10&#8217;4 de largo por 32&#8242; de ancho, combina sensaciones de planeo con estabilidad. El morro redondeado y la cola cuadrada hacen que sea f\u00e1cil perdonar cualquier error de equilibrio. Para garantizar una buena calidad y una rigidez satisfactoria,  <span class=\"Apple-converted-space\">  <\/span>utilizamos materiales 100% de PVC y dropstitch de alta calidad. Estos materiales est\u00e1n reconocidos en la industria como los mejores del mercado para las semirr\u00edgidas profesionales y le servir\u00e1n de apoyo a largo plazo (<a href=\"https:\/\/srokacompany.com\/es\/blog\/nuestra-prioridad-la-calidad-y-durabilidad-de-nuestros-productos\/\"><span class=\"s2\">Carta de calidad de Sroka<\/span><\/a>). <\/p>\n<p class=\"p5\"><a href=\"https:\/\/srokacompany.com\/es\/blog\/como-iniciarse-y-progresar-en-el-stand-up-paddle\/\">\u00a1Lee todos nuestros consejos sobre c\u00f3mo empezar en SUP!<\/a><\/p>\n<h2 class=\"p6\">\u00bfPor qu\u00e9 elegir el remo econ\u00f3mico SROKA Ocean Walker?<\/h2>\n<ul class=\"ul1\">\n<li class=\"li7\"><b>Un precio imbatible:<\/b> disfrute de una pala de altas prestaciones sin vaciar su cartera.<\/li>\n<li class=\"li7\"><b>Estabilidad tranquilizadora:<\/b> Perfecta para principiantes y para quienes buscan una tabla tranquilizadora.<\/li>\n<li class=\"li7\"><b>Manejo intuitivo:<\/b> Navega con confianza, incluso en aguas bravas.<\/li>\n<li class=\"li7\"><b>Construcci\u00f3n duradera:<\/b> fabricada con materiales de calidad para disfrutarla durante a\u00f1os.<\/li>\n<li class=\"li7\"><b>Notable versatilidad:<\/b> Adecuado para caminar, hacer senderismo y surf ligero.<\/li>\n<li class=\"li8\"><span class=\"s4\"><b>2 a\u00f1os de garant\u00eda<\/b> para su SUP<\/span><\/li>\n<li class=\"li3\"><b>Todo incluido:<\/b> Bomba, remo, leash y bolsa de transporte para una experiencia llave en mano.<\/li>\n<\/ul>\n<p class=\"p9\">Es una tabla polivalente y ligera que se adapta a todo tipo de aguas: oc\u00e9ano, lago o r\u00edo. Las redes el\u00e1sticas de la parte delantera te permiten llevar tu equipo en una bolsa impermeable (no incluida en la mochila), o recoger la basura en tus salidas. <\/p>\n<h2 class=\"p6\">Especificaciones t\u00e9cnicas de nuestra pala barata<span class=\"Apple-converted-space\"> <\/span><\/h2>\n<ul class=\"ul1\">\n<li class=\"li7\"><b>Longitud:<\/b> 320 cm (10&#8217;6&#8243;) &#8211; Perfecto para la estabilidad y maniobrabilidad<\/li>\n<li class=\"li7\"><b>Anchura:<\/b> 81 cm (32&#8243;) &#8211; Proporciona un asiento c\u00f3modo y un buen deslizamiento<\/li>\n<li class=\"li7\"><b>Espesor:<\/b> 15 cm (6&#8243;) &#8211; Rigidez \u00f3ptima para una navegaci\u00f3n segura<\/li>\n<li class=\"li7\"><b>Volumen:<\/b> 300 L &#8211; Soporta hasta 120 kg, ideal para salidas en solitario o en d\u00fao<\/li>\n<li class=\"li7\"><b>Peso:<\/b> 9,5 kg &#8211; Ligero y compacto para facilitar su transporte<\/li>\n<li class=\"li7\"><b>Construcci\u00f3n:<\/b> PVC reforzado de doble capa: resistencia y durabilidad garantizadas<\/li>\n<li class=\"li7\"><b>Aletas:<\/b> 2 aletas US Fin desmontables &#8211; Estabilidad y direcci\u00f3n ajustables<\/li>\n<li class=\"li3\"><b>Presi\u00f3n de inflado:<\/b> 15 psi &#8211; Inflado r\u00e1pido y sencillo<\/li>\n<\/ul>\n<p class=\"p9\">El remo hinchable Ocean Walker 10&#8217;4 es ideal para <a href=\"https:\/\/srokacompany.com\/es\/blog\/nuestros-consejos-para-aprender-stand-up-paddle-surf\/\"><span class=\"s2\">aprender a remar de pie<\/span><\/a> \u00a1! Viene como un paquete completo con todo lo necesario para empezar a remar de pie de inmediato.<\/p>\n<h2 class=\"p6\">Accesorios incluidos con el remo Ocean Walker<span class=\"Apple-converted-space\"> <\/span><\/h2>\n<ul class=\"ul1\">\n<li class=\"li7\"><b>Bomba de alta presi\u00f3n:<\/b> inflado r\u00e1pido y sin esfuerzo<\/li>\n<li class=\"li7\"><b>Pala de aluminio de 3 piezas:<\/b> ligera y ajustable a todas las tallas<\/li>\n<li class=\"li7\"><b>Ankle leash:<\/b> seguridad esencial para no perder nunca la tabla<b>.<\/b> <\/li>\n<li class=\"li3\"><b>Bolsa de transporte:<\/b> almacenamiento pr\u00e1ctico y protecci\u00f3n \u00f3ptima<\/li>\n<\/ul>\n<p class=\"p9\">Para m\u00e1s opciones, descubra nuestras gamas <a href=\"https:\/\/srokacompany.com\/es\/produit\/remo-hinchable-malibu-fusion\/\"><span class=\"s2\">Malib\u00fa<\/span><\/a> y gamas <a href=\"https:\/\/srokacompany.com\/es\/produit\/paleta-hinchable-easy\/\"><span class=\"s2\">F\u00e1cil<\/span><\/a>.<\/p>\n<p class=\"p3\"><b>El SROKA Ocean Walker es el remo hinchable ideal para cualquiera que busque una aventura acu\u00e1tica a un precio mini.<\/b>  Sea cual sea tu nivel, este remo te permitir\u00e1 disfrutar al m\u00e1ximo de los placeres del stand-up paddle sin preocuparte por tu presupuesto.<\/p>\n<p class=\"p3\"><b>\u00a1Reg\u00e1late momentos inolvidables en el agua con el SROKA Ocean Walker! \u00a1Haz tu pedido hoy y disfruta de una experiencia de stand up paddle a un precio inmejorable! <\/b><\/p>\n<\/div>\n<\/div>\n<\/div>\n<\/div>\n<\/div>\n<\/div>\n","protected":false},"excerpt":{"rendered":"<p>Pack completo Ocean Walker. La mejor relaci\u00f3n calidad-precio del mercado. <\/p>\n","protected":false},"featured_media":341401,"template":"","meta":{"_acf_changed":false,"_uag_custom_page_level_css":""},"product_brand":[],"product_cat":[3613,3612],"product_tag":[3427,3426],"class_list":{"0":"post-341398","1":"product","2":"type-product","3":"status-publish","4":"has-post-thumbnail","6":"product_cat-pack-de-remo-hinchable","7":"product_cat-palas-hinchables","8":"product_tag-ingenioso","9":"product_tag-principiante","10":"product_shipping_class-sup-unidad","12":"first","13":"instock","14":"sale","15":"taxable","16":"shipping-taxable","17":"purchasable","18":"product-type-variable"},"acf":[],"yoast_head":"<!-- This site is optimized with the Yoast SEO plugin v27.4 - https:\/\/yoast.com\/product\/yoast-seo-wordpress\/ -->\n<title>Ocean Walker Paddle hinchable barato - SROKA Company<\/title>\n<meta name=\"description\" content=\"El remo hinchable Ocean Walker es ideal para iniciarse en SUP y disfrutar del paseo solo, en familia o con amigos. Descubre nuestro remo barato.\" \/>\n<meta name=\"robots\" content=\"index, follow, max-snippet:-1, max-image-preview:large, max-video-preview:-1\" \/>\n<link rel=\"canonical\" href=\"https:\/\/srokacompany.com\/es\/produit\/pala-hinchable-ocean-walker-104\/\" \/>\n<meta property=\"og:locale\" content=\"es_ES\" \/>\n<meta property=\"og:type\" content=\"article\" \/>\n<meta property=\"og:title\" content=\"Ocean Walker Paddle hinchable barato - SROKA Company\" \/>\n<meta property=\"og:description\" content=\"El remo hinchable Ocean Walker es ideal para iniciarse en SUP y disfrutar del paseo solo, en familia o con amigos. Descubre nuestro remo barato.\" \/>\n<meta property=\"og:url\" content=\"https:\/\/srokacompany.com\/es\/produit\/pala-hinchable-ocean-walker-104\/\" \/>\n<meta property=\"og:site_name\" content=\"SROKA Company\" \/>\n<meta property=\"article:publisher\" content=\"https:\/\/www.facebook.com\/srokawatersports\/\" \/>\n<meta property=\"article:modified_time\" content=\"2025-10-31T17:14:37+00:00\" \/>\n<meta property=\"og:image\" content=\"https:\/\/srokacompany.com\/wp-content\/uploads\/2019\/11\/imageproduit-oceanwalker-1.png\" \/>\n\t<meta property=\"og:image:width\" content=\"780\" \/>\n\t<meta property=\"og:image:height\" content=\"1040\" \/>\n\t<meta property=\"og:image:type\" content=\"image\/png\" \/>\n<meta name=\"twitter:label1\" content=\"Tiempo de lectura\" \/>\n\t<meta name=\"twitter:data1\" content=\"3 minutos\" \/>\n<script type=\"application\/ld+json\" class=\"yoast-schema-graph\">{\"@context\":\"https:\\\/\\\/schema.org\",\"@graph\":[{\"@type\":\"WebPage\",\"@id\":\"https:\\\/\\\/srokacompany.com\\\/es\\\/produit\\\/pala-hinchable-ocean-walker-104\\\/\",\"url\":\"https:\\\/\\\/srokacompany.com\\\/es\\\/produit\\\/pala-hinchable-ocean-walker-104\\\/\",\"name\":\"Ocean Walker Paddle hinchable barato - SROKA Company\",\"isPartOf\":{\"@id\":\"https:\\\/\\\/srokacompany.com\\\/es\\\/#website\"},\"primaryImageOfPage\":{\"@id\":\"https:\\\/\\\/srokacompany.com\\\/es\\\/produit\\\/pala-hinchable-ocean-walker-104\\\/#primaryimage\"},\"image\":{\"@id\":\"https:\\\/\\\/srokacompany.com\\\/es\\\/produit\\\/pala-hinchable-ocean-walker-104\\\/#primaryimage\"},\"thumbnailUrl\":\"https:\\\/\\\/srokacompany.com\\\/wp-content\\\/uploads\\\/2019\\\/11\\\/imageproduit-oceanwalker-1.png\",\"datePublished\":\"2019-11-25T10:36:55+00:00\",\"dateModified\":\"2025-10-31T17:14:37+00:00\",\"description\":\"El remo hinchable Ocean Walker es ideal para iniciarse en SUP y disfrutar del paseo solo, en familia o con amigos. Descubre nuestro remo barato.\",\"breadcrumb\":{\"@id\":\"https:\\\/\\\/srokacompany.com\\\/es\\\/produit\\\/pala-hinchable-ocean-walker-104\\\/#breadcrumb\"},\"inLanguage\":\"es\",\"potentialAction\":[{\"@type\":\"ReadAction\",\"target\":[\"https:\\\/\\\/srokacompany.com\\\/es\\\/produit\\\/pala-hinchable-ocean-walker-104\\\/\"]}]},{\"@type\":\"ImageObject\",\"inLanguage\":\"es\",\"@id\":\"https:\\\/\\\/srokacompany.com\\\/es\\\/produit\\\/pala-hinchable-ocean-walker-104\\\/#primaryimage\",\"url\":\"https:\\\/\\\/srokacompany.com\\\/wp-content\\\/uploads\\\/2019\\\/11\\\/imageproduit-oceanwalker-1.png\",\"contentUrl\":\"https:\\\/\\\/srokacompany.com\\\/wp-content\\\/uploads\\\/2019\\\/11\\\/imageproduit-oceanwalker-1.png\",\"width\":780,\"height\":1040,\"caption\":\"pack de remo hinchable para principiantes sroka\"},{\"@type\":\"BreadcrumbList\",\"@id\":\"https:\\\/\\\/srokacompany.com\\\/es\\\/produit\\\/pala-hinchable-ocean-walker-104\\\/#breadcrumb\",\"itemListElement\":[{\"@type\":\"ListItem\",\"position\":1,\"name\":\"Accueil\",\"item\":\"https:\\\/\\\/srokacompany.com\\\/es\\\/\"},{\"@type\":\"ListItem\",\"position\":2,\"name\":\"Tienda\",\"item\":\"https:\\\/\\\/srokacompany.com\\\/tienda\\\/\"},{\"@type\":\"ListItem\",\"position\":3,\"name\":\"Pala hinchable Ocean Walker 10&rsquo;4\"}]},{\"@type\":\"WebSite\",\"@id\":\"https:\\\/\\\/srokacompany.com\\\/es\\\/#website\",\"url\":\"https:\\\/\\\/srokacompany.com\\\/es\\\/\",\"name\":\"SROKA Company\",\"description\":\"SUP, Kite, Foil, Wing\",\"publisher\":{\"@id\":\"https:\\\/\\\/srokacompany.com\\\/es\\\/#organization\"},\"potentialAction\":[{\"@type\":\"SearchAction\",\"target\":{\"@type\":\"EntryPoint\",\"urlTemplate\":\"https:\\\/\\\/srokacompany.com\\\/es\\\/?s={search_term_string}\"},\"query-input\":{\"@type\":\"PropertyValueSpecification\",\"valueRequired\":true,\"valueName\":\"search_term_string\"}}],\"inLanguage\":\"es\"},{\"@type\":\"Organization\",\"@id\":\"https:\\\/\\\/srokacompany.com\\\/es\\\/#organization\",\"name\":\"SROKACOMPANY\",\"alternateName\":\"SROKA\",\"url\":\"https:\\\/\\\/srokacompany.com\\\/es\\\/\",\"logo\":{\"@type\":\"ImageObject\",\"inLanguage\":\"es\",\"@id\":\"https:\\\/\\\/srokacompany.com\\\/es\\\/#\\\/schema\\\/logo\\\/image\\\/\",\"url\":\"https:\\\/\\\/srokacompany.com\\\/wp-content\\\/uploads\\\/2021\\\/01\\\/logo-sroka-black-transpa.png\",\"contentUrl\":\"https:\\\/\\\/srokacompany.com\\\/wp-content\\\/uploads\\\/2021\\\/01\\\/logo-sroka-black-transpa.png\",\"width\":1201,\"height\":342,\"caption\":\"SROKACOMPANY\"},\"image\":{\"@id\":\"https:\\\/\\\/srokacompany.com\\\/es\\\/#\\\/schema\\\/logo\\\/image\\\/\"},\"sameAs\":[\"https:\\\/\\\/www.facebook.com\\\/srokawatersports\\\/\",\"https:\\\/\\\/www.instagram.com\\\/srokawatersports\\\/\",\"https:\\\/\\\/www.youtube.com\\\/channel\\\/UCVLHHeaPIm-J5bdEUgxqtZA\"]}]}<\/script>\n<!-- \/ Yoast SEO plugin. -->","yoast_head_json":{"title":"Ocean Walker Paddle hinchable barato - SROKA Company","description":"El remo hinchable Ocean Walker es ideal para iniciarse en SUP y disfrutar del paseo solo, en familia o con amigos. Descubre nuestro remo barato.","robots":{"index":"index","follow":"follow","max-snippet":"max-snippet:-1","max-image-preview":"max-image-preview:large","max-video-preview":"max-video-preview:-1"},"canonical":"https:\/\/srokacompany.com\/es\/produit\/pala-hinchable-ocean-walker-104\/","og_locale":"es_ES","og_type":"article","og_title":"Ocean Walker Paddle hinchable barato - SROKA Company","og_description":"El remo hinchable Ocean Walker es ideal para iniciarse en SUP y disfrutar del paseo solo, en familia o con amigos. Descubre nuestro remo barato.","og_url":"https:\/\/srokacompany.com\/es\/produit\/pala-hinchable-ocean-walker-104\/","og_site_name":"SROKA Company","article_publisher":"https:\/\/www.facebook.com\/srokawatersports\/","article_modified_time":"2025-10-31T17:14:37+00:00","og_image":[{"width":780,"height":1040,"url":"https:\/\/srokacompany.com\/wp-content\/uploads\/2019\/11\/imageproduit-oceanwalker-1.png","type":"image\/png"}],"twitter_misc":{"Tiempo de lectura":"3 minutos"},"schema":{"@context":"https:\/\/schema.org","@graph":[{"@type":"WebPage","@id":"https:\/\/srokacompany.com\/es\/produit\/pala-hinchable-ocean-walker-104\/","url":"https:\/\/srokacompany.com\/es\/produit\/pala-hinchable-ocean-walker-104\/","name":"Ocean Walker Paddle hinchable barato - SROKA Company","isPartOf":{"@id":"https:\/\/srokacompany.com\/es\/#website"},"primaryImageOfPage":{"@id":"https:\/\/srokacompany.com\/es\/produit\/pala-hinchable-ocean-walker-104\/#primaryimage"},"image":{"@id":"https:\/\/srokacompany.com\/es\/produit\/pala-hinchable-ocean-walker-104\/#primaryimage"},"thumbnailUrl":"https:\/\/srokacompany.com\/wp-content\/uploads\/2019\/11\/imageproduit-oceanwalker-1.png","datePublished":"2019-11-25T10:36:55+00:00","dateModified":"2025-10-31T17:14:37+00:00","description":"El remo hinchable Ocean Walker es ideal para iniciarse en SUP y disfrutar del paseo solo, en familia o con amigos. Descubre nuestro remo barato.","breadcrumb":{"@id":"https:\/\/srokacompany.com\/es\/produit\/pala-hinchable-ocean-walker-104\/#breadcrumb"},"inLanguage":"es","potentialAction":[{"@type":"ReadAction","target":["https:\/\/srokacompany.com\/es\/produit\/pala-hinchable-ocean-walker-104\/"]}]},{"@type":"ImageObject","inLanguage":"es","@id":"https:\/\/srokacompany.com\/es\/produit\/pala-hinchable-ocean-walker-104\/#primaryimage","url":"https:\/\/srokacompany.com\/wp-content\/uploads\/2019\/11\/imageproduit-oceanwalker-1.png","contentUrl":"https:\/\/srokacompany.com\/wp-content\/uploads\/2019\/11\/imageproduit-oceanwalker-1.png","width":780,"height":1040,"caption":"pack de remo hinchable para principiantes sroka"},{"@type":"BreadcrumbList","@id":"https:\/\/srokacompany.com\/es\/produit\/pala-hinchable-ocean-walker-104\/#breadcrumb","itemListElement":[{"@type":"ListItem","position":1,"name":"Accueil","item":"https:\/\/srokacompany.com\/es\/"},{"@type":"ListItem","position":2,"name":"Tienda","item":"https:\/\/srokacompany.com\/tienda\/"},{"@type":"ListItem","position":3,"name":"Pala hinchable Ocean Walker 10&rsquo;4"}]},{"@type":"WebSite","@id":"https:\/\/srokacompany.com\/es\/#website","url":"https:\/\/srokacompany.com\/es\/","name":"SROKA Company","description":"SUP, Kite, Foil, Wing","publisher":{"@id":"https:\/\/srokacompany.com\/es\/#organization"},"potentialAction":[{"@type":"SearchAction","target":{"@type":"EntryPoint","urlTemplate":"https:\/\/srokacompany.com\/es\/?s={search_term_string}"},"query-input":{"@type":"PropertyValueSpecification","valueRequired":true,"valueName":"search_term_string"}}],"inLanguage":"es"},{"@type":"Organization","@id":"https:\/\/srokacompany.com\/es\/#organization","name":"SROKACOMPANY","alternateName":"SROKA","url":"https:\/\/srokacompany.com\/es\/","logo":{"@type":"ImageObject","inLanguage":"es","@id":"https:\/\/srokacompany.com\/es\/#\/schema\/logo\/image\/","url":"https:\/\/srokacompany.com\/wp-content\/uploads\/2021\/01\/logo-sroka-black-transpa.png","contentUrl":"https:\/\/srokacompany.com\/wp-content\/uploads\/2021\/01\/logo-sroka-black-transpa.png","width":1201,"height":342,"caption":"SROKACOMPANY"},"image":{"@id":"https:\/\/srokacompany.com\/es\/#\/schema\/logo\/image\/"},"sameAs":["https:\/\/www.facebook.com\/srokawatersports\/","https:\/\/www.instagram.com\/srokawatersports\/","https:\/\/www.youtube.com\/channel\/UCVLHHeaPIm-J5bdEUgxqtZA"]}]}},"uagb_featured_image_src":{"full":["https:\/\/srokacompany.com\/wp-content\/uploads\/2019\/11\/imageproduit-oceanwalker-1.png",780,1040,false],"thumbnail":["https:\/\/srokacompany.com\/wp-content\/uploads\/2019\/11\/imageproduit-oceanwalker-1-150x150.png",150,150,true],"medium":["https:\/\/srokacompany.com\/wp-content\/uploads\/2019\/11\/imageproduit-oceanwalker-1-225x300.png",225,300,true],"medium_large":["https:\/\/srokacompany.com\/wp-content\/uploads\/2019\/11\/imageproduit-oceanwalker-1-768x1024.png",768,1024,true],"large":["https:\/\/srokacompany.com\/wp-content\/uploads\/2019\/11\/imageproduit-oceanwalker-1-768x1024.png",768,1024,true],"1536x1536":["https:\/\/srokacompany.com\/wp-content\/uploads\/2019\/11\/imageproduit-oceanwalker-1.png",780,1040,false],"2048x2048":["https:\/\/srokacompany.com\/wp-content\/uploads\/2019\/11\/imageproduit-oceanwalker-1.png",780,1040,false],"woocommerce_thumbnail":["https:\/\/srokacompany.com\/wp-content\/uploads\/2019\/11\/imageproduit-oceanwalker-1-600x800.png",600,800,true],"woocommerce_single":["https:\/\/srokacompany.com\/wp-content\/uploads\/2019\/11\/imageproduit-oceanwalker-1-600x800.png",600,800,true],"woocommerce_gallery_thumbnail":["https:\/\/srokacompany.com\/wp-content\/uploads\/2019\/11\/imageproduit-oceanwalker-1-100x100.png",100,100,true],"dgwt-wcas-product-suggestion":["https:\/\/srokacompany.com\/wp-content\/uploads\/2019\/11\/imageproduit-oceanwalker-1.png",64,85,false]},"uagb_author_info":{"display_name":"","author_link":"https:\/\/srokacompany.com\/es\/blog\/author\/"},"uagb_comment_info":0,"uagb_excerpt":"Pack completo Ocean Walker. La mejor relaci\u00f3n calidad-precio del mercado.","jetpack_sharing_enabled":true,"_links":{"self":[{"href":"https:\/\/srokacompany.com\/es\/wp-json\/wp\/v2\/product\/341398","targetHints":{"allow":["GET"]}}],"collection":[{"href":"https:\/\/srokacompany.com\/es\/wp-json\/wp\/v2\/product"}],"about":[{"href":"https:\/\/srokacompany.com\/es\/wp-json\/wp\/v2\/types\/product"}],"wp:featuredmedia":[{"embeddable":true,"href":"https:\/\/srokacompany.com\/es\/wp-json\/wp\/v2\/media\/341401"}],"wp:attachment":[{"href":"https:\/\/srokacompany.com\/es\/wp-json\/wp\/v2\/media?parent=341398"}],"wp:term":[{"taxonomy":"product_brand","embeddable":true,"href":"https:\/\/srokacompany.com\/es\/wp-json\/wp\/v2\/product_brand?post=341398"},{"taxonomy":"product_cat","embeddable":true,"href":"https:\/\/srokacompany.com\/es\/wp-json\/wp\/v2\/product_cat?post=341398"},{"taxonomy":"product_tag","embeddable":true,"href":"https:\/\/srokacompany.com\/es\/wp-json\/wp\/v2\/product_tag?post=341398"}],"curies":[{"name":"wp","href":"https:\/\/api.w.org\/{rel}","templated":true}]}}