{"id":341456,"date":"2019-12-03T11:54:09","date_gmt":"2019-12-03T11:54:09","guid":{"rendered":"https:\/\/srokacompany.com\/produit\/surf-foil-46-fast-flyer\/"},"modified":"2026-02-10T10:49:45","modified_gmt":"2026-02-10T08:49:45","slug":"surf-foil-46-fast-flyer","status":"publish","type":"product","link":"https:\/\/srokacompany.com\/es\/produit\/surf-foil-46-fast-flyer\/","title":{"rendered":"Surf Foil 4&#8217;6 Fast Flyer"},"content":{"rendered":"<hr>\n<h2>El Fast Flyer 4&#8217;6: la quintaesencia de la polivalencia y las prestaciones<\/h2>\n<p style=\"text-align: justify;\">Siempre partimos de sus necesidades a la hora de dise\u00f1ar nuestros productos. Si quieres poder pasar de<a href=\"https:\/\/srokacompany.com\/es\/blog\/como-virar-hacer-una-virada-en-wingfoil\/\"> Wing Foil<\/a> a un buen nivel a surfear foil y <a href=\"https:\/\/srokacompany.com\/es\/produit\/k-foil-aluminio-kitefoil\/\">kitefoil<\/a> con una sola tabla, pero tambi\u00e9n tener suficiente para divertirte en dockstart y en wake foilla Fast Flyer 4&#8217;6 te acompa\u00f1ar\u00e1 a todas partes. Con unas medidas de 4&#8217;6 (142cm) de largo por 21 1\/2&#8243; (55cm) de ancho y un volumen de 38L, la Fast Flyer 4&#8217;6 seguro que satisface a todos los surfistas que buscan aprender o llevar su surfing al siguiente nivel en <a href=\"https:\/\/srokacompany.com\/es\/eshop\/tablas-wing-foil-mejor-precio\/\">Foil. Su extrema versatilidad no sacrifica en absoluto la calidad de su shape, su construcci\u00f3n o su rendimiento en las distintas disciplinas que te permite explorar. La Fast Flyer 4&#8217;6 se beneficia de un saber hacer excepcional y \u00fanico. Desde su dise\u00f1o por<\/a> <a href=\"https:\/\/www.facebook.com\/mabesurf\/\">el shaper J.B. Marchand<\/a> hasta su construcci\u00f3n en nuestra f\u00e1brica de Morbihan y su fase de pruebas en nuestras costas, tu tabla es 100% francesa y bretona.    <\/p>\n<p style=\"text-align: justify;\">Si a\u00fan no est\u00e1 seguro <a href=\"https:\/\/srokacompany.com\/es\/blog\/pack-wing-foil-sroka-nuestro-consejo\/\">de qu\u00e9 Foil necesita, hemos preparado un art\u00edculo sobre el tema<\/a>. El Fast Flyer 4&#8217;6 tambi\u00e9n est\u00e1 <a href=\"https:\/\/srokacompany.com\/es\/produit\/pack-wing-foil-surf-foil-46-fast-flyer\/\">disponible como Pack wing foil completo en nuestro sitio web<\/a>. La comunidad tambi\u00e9n estar\u00e1 encantada de charlar sobre ella en <a href=\"https:\/\/www.facebook.com\/groups\/540490826950431\">el grupo Sroka Session<\/a>, as\u00ed que no dudes en compartir tus mejores momentos en el grupo.<\/p>\n<p>Peso: 4,7 kg<\/p>\n<blockquote class=\"wp-embedded-content\" data-secret=\"Q3OORt6uUo\"><p><a href=\"https:\/\/srokacompany.com\/es\/especificaciones-tecnicas-de-las-alas-y-tablas-de-foil-sroka\/\">Caract\u00e9ristiques techniques des ailes et planches de foil Sroka<\/a><\/p><\/blockquote>\n<p><iframe loading=\"lazy\" class=\"wp-embedded-content\" sandbox=\"allow-scripts\" security=\"restricted\" style=\"position: absolute; visibility: hidden;\" title=\"\u00abCaract\u00e9ristiques techniques des ailes et planches de foil Sroka\u00bb \u2014 SROKA Company\" src=\"https:\/\/srokacompany.com\/es\/especificaciones-tecnicas-de-las-alas-y-tablas-de-foil-sroka\/embed\/#?secret=H0AcwIY3L3#?secret=Q3OORt6uUo\" data-secret=\"Q3OORt6uUo\" width=\"500\" height=\"282\" frameborder=\"0\" marginwidth=\"0\" marginheight=\"0\" scrolling=\"no\"><\/iframe><\/p>\n","protected":false},"excerpt":{"rendered":"<p>Si quieres pasar de<a href=\"https:\/\/srokacompany.com\/es\/blog\/como-virar-hacer-una-virada-en-wingfoil\/\"> Wing Foil<\/a> a un buen nivel a surfear foil y <a href=\"https:\/\/srokacompany.com\/es\/produit\/k-foil-aluminio-kitefoil\/\">kitefoil<\/a> con una sola tabla, pero tambi\u00e9n tener lo suficiente para divertirte en dockstart y en wake foilla Fast Flyer 4&#8217;6 ir\u00e1s a todas partes contigo.<\/p>\n","protected":false},"featured_media":341457,"template":"","meta":{"_acf_changed":false,"_uag_custom_page_level_css":""},"product_brand":[],"product_cat":[3524,3469],"product_tag":[],"class_list":{"0":"post-341456","1":"product","2":"type-product","3":"status-publish","4":"has-post-thumbnail","6":"product_cat-nuestras-tablas-de-surf-foil","7":"product_cat-surf-foil-es","8":"product_shipping_class-unidad-de-tablero-duro","10":"first","11":"outofstock","12":"sale","13":"taxable","14":"shipping-taxable","15":"purchasable","16":"product-type-simple"},"acf":[],"yoast_head":"<!-- This site is optimized with the Yoast SEO plugin v27.4 - https:\/\/yoast.com\/product\/yoast-seo-wordpress\/ -->\n<title>Surf Foil 4&#039;6 Fast Flyer - SROKA Company - FOIL board<\/title>\n<meta name=\"description\" content=\"Tabla de surf Foil 4&#039;6 Fast Flyer Sroka. \u00a1La tabla de surf ideal para remar Foil y conseguir la m\u00e1xima velocidad!\" \/>\n<meta name=\"robots\" content=\"index, follow, max-snippet:-1, max-image-preview:large, max-video-preview:-1\" \/>\n<link rel=\"canonical\" href=\"https:\/\/srokacompany.com\/es\/produit\/surf-foil-46-fast-flyer\/\" \/>\n<meta property=\"og:locale\" content=\"es_ES\" \/>\n<meta property=\"og:type\" content=\"article\" \/>\n<meta property=\"og:title\" content=\"Surf Foil 4&#039;6 Fast Flyer - SROKA Company - FOIL board\" \/>\n<meta property=\"og:description\" content=\"Tabla de surf Foil 4&#039;6 Fast Flyer Sroka. \u00a1La tabla de surf ideal para remar Foil y conseguir la m\u00e1xima velocidad!\" \/>\n<meta property=\"og:url\" content=\"https:\/\/srokacompany.com\/es\/produit\/surf-foil-46-fast-flyer\/\" \/>\n<meta property=\"og:site_name\" content=\"SROKA Company\" \/>\n<meta property=\"article:publisher\" content=\"https:\/\/www.facebook.com\/srokawatersports\/\" \/>\n<meta property=\"article:modified_time\" content=\"2026-02-10T08:49:45+00:00\" \/>\n<meta property=\"og:image\" content=\"https:\/\/srokacompany.com\/wp-content\/uploads\/2019\/12\/Fast-Flyer-v2.png\" \/>\n\t<meta property=\"og:image:width\" content=\"740\" \/>\n\t<meta property=\"og:image:height\" content=\"1080\" \/>\n\t<meta property=\"og:image:type\" content=\"image\/png\" \/>\n<meta name=\"twitter:label1\" content=\"Tiempo de lectura\" \/>\n\t<meta name=\"twitter:data1\" content=\"1 minuto\" \/>\n<script type=\"application\/ld+json\" class=\"yoast-schema-graph\">{\"@context\":\"https:\\\/\\\/schema.org\",\"@graph\":[{\"@type\":\"WebPage\",\"@id\":\"https:\\\/\\\/srokacompany.com\\\/es\\\/produit\\\/surf-foil-46-fast-flyer\\\/\",\"url\":\"https:\\\/\\\/srokacompany.com\\\/es\\\/produit\\\/surf-foil-46-fast-flyer\\\/\",\"name\":\"Surf Foil 4'6 Fast Flyer - SROKA Company - FOIL board\",\"isPartOf\":{\"@id\":\"https:\\\/\\\/srokacompany.com\\\/es\\\/#website\"},\"primaryImageOfPage\":{\"@id\":\"https:\\\/\\\/srokacompany.com\\\/es\\\/produit\\\/surf-foil-46-fast-flyer\\\/#primaryimage\"},\"image\":{\"@id\":\"https:\\\/\\\/srokacompany.com\\\/es\\\/produit\\\/surf-foil-46-fast-flyer\\\/#primaryimage\"},\"thumbnailUrl\":\"https:\\\/\\\/srokacompany.com\\\/wp-content\\\/uploads\\\/2019\\\/12\\\/Fast-Flyer-v2.png\",\"datePublished\":\"2019-12-03T11:54:09+00:00\",\"dateModified\":\"2026-02-10T08:49:45+00:00\",\"description\":\"Tabla de surf Foil 4'6 Fast Flyer Sroka. \u00a1La tabla de surf ideal para remar Foil y conseguir la m\u00e1xima velocidad!\",\"breadcrumb\":{\"@id\":\"https:\\\/\\\/srokacompany.com\\\/es\\\/produit\\\/surf-foil-46-fast-flyer\\\/#breadcrumb\"},\"inLanguage\":\"es\",\"potentialAction\":[{\"@type\":\"ReadAction\",\"target\":[\"https:\\\/\\\/srokacompany.com\\\/es\\\/produit\\\/surf-foil-46-fast-flyer\\\/\"]}]},{\"@type\":\"ImageObject\",\"inLanguage\":\"es\",\"@id\":\"https:\\\/\\\/srokacompany.com\\\/es\\\/produit\\\/surf-foil-46-fast-flyer\\\/#primaryimage\",\"url\":\"https:\\\/\\\/srokacompany.com\\\/wp-content\\\/uploads\\\/2019\\\/12\\\/Fast-Flyer-v2.png\",\"contentUrl\":\"https:\\\/\\\/srokacompany.com\\\/wp-content\\\/uploads\\\/2019\\\/12\\\/Fast-Flyer-v2.png\",\"width\":740,\"height\":1080},{\"@type\":\"BreadcrumbList\",\"@id\":\"https:\\\/\\\/srokacompany.com\\\/es\\\/produit\\\/surf-foil-46-fast-flyer\\\/#breadcrumb\",\"itemListElement\":[{\"@type\":\"ListItem\",\"position\":1,\"name\":\"Accueil\",\"item\":\"https:\\\/\\\/srokacompany.com\\\/es\\\/\"},{\"@type\":\"ListItem\",\"position\":2,\"name\":\"Tienda\",\"item\":\"https:\\\/\\\/srokacompany.com\\\/tienda\\\/\"},{\"@type\":\"ListItem\",\"position\":3,\"name\":\"Surf Foil 4&rsquo;6 Fast Flyer\"}]},{\"@type\":\"WebSite\",\"@id\":\"https:\\\/\\\/srokacompany.com\\\/es\\\/#website\",\"url\":\"https:\\\/\\\/srokacompany.com\\\/es\\\/\",\"name\":\"SROKA Company\",\"description\":\"SUP, Kite, Foil, Wing\",\"publisher\":{\"@id\":\"https:\\\/\\\/srokacompany.com\\\/es\\\/#organization\"},\"potentialAction\":[{\"@type\":\"SearchAction\",\"target\":{\"@type\":\"EntryPoint\",\"urlTemplate\":\"https:\\\/\\\/srokacompany.com\\\/es\\\/?s={search_term_string}\"},\"query-input\":{\"@type\":\"PropertyValueSpecification\",\"valueRequired\":true,\"valueName\":\"search_term_string\"}}],\"inLanguage\":\"es\"},{\"@type\":\"Organization\",\"@id\":\"https:\\\/\\\/srokacompany.com\\\/es\\\/#organization\",\"name\":\"SROKACOMPANY\",\"alternateName\":\"SROKA\",\"url\":\"https:\\\/\\\/srokacompany.com\\\/es\\\/\",\"logo\":{\"@type\":\"ImageObject\",\"inLanguage\":\"es\",\"@id\":\"https:\\\/\\\/srokacompany.com\\\/es\\\/#\\\/schema\\\/logo\\\/image\\\/\",\"url\":\"https:\\\/\\\/srokacompany.com\\\/wp-content\\\/uploads\\\/2021\\\/01\\\/logo-sroka-black-transpa.png\",\"contentUrl\":\"https:\\\/\\\/srokacompany.com\\\/wp-content\\\/uploads\\\/2021\\\/01\\\/logo-sroka-black-transpa.png\",\"width\":1201,\"height\":342,\"caption\":\"SROKACOMPANY\"},\"image\":{\"@id\":\"https:\\\/\\\/srokacompany.com\\\/es\\\/#\\\/schema\\\/logo\\\/image\\\/\"},\"sameAs\":[\"https:\\\/\\\/www.facebook.com\\\/srokawatersports\\\/\",\"https:\\\/\\\/www.instagram.com\\\/srokawatersports\\\/\",\"https:\\\/\\\/www.youtube.com\\\/channel\\\/UCVLHHeaPIm-J5bdEUgxqtZA\"]}]}<\/script>\n<!-- \/ Yoast SEO plugin. -->","yoast_head_json":{"title":"Surf Foil 4'6 Fast Flyer - SROKA Company - FOIL board","description":"Tabla de surf Foil 4'6 Fast Flyer Sroka. \u00a1La tabla de surf ideal para remar Foil y conseguir la m\u00e1xima velocidad!","robots":{"index":"index","follow":"follow","max-snippet":"max-snippet:-1","max-image-preview":"max-image-preview:large","max-video-preview":"max-video-preview:-1"},"canonical":"https:\/\/srokacompany.com\/es\/produit\/surf-foil-46-fast-flyer\/","og_locale":"es_ES","og_type":"article","og_title":"Surf Foil 4'6 Fast Flyer - SROKA Company - FOIL board","og_description":"Tabla de surf Foil 4'6 Fast Flyer Sroka. \u00a1La tabla de surf ideal para remar Foil y conseguir la m\u00e1xima velocidad!","og_url":"https:\/\/srokacompany.com\/es\/produit\/surf-foil-46-fast-flyer\/","og_site_name":"SROKA Company","article_publisher":"https:\/\/www.facebook.com\/srokawatersports\/","article_modified_time":"2026-02-10T08:49:45+00:00","og_image":[{"width":740,"height":1080,"url":"https:\/\/srokacompany.com\/wp-content\/uploads\/2019\/12\/Fast-Flyer-v2.png","type":"image\/png"}],"twitter_misc":{"Tiempo de lectura":"1 minuto"},"schema":{"@context":"https:\/\/schema.org","@graph":[{"@type":"WebPage","@id":"https:\/\/srokacompany.com\/es\/produit\/surf-foil-46-fast-flyer\/","url":"https:\/\/srokacompany.com\/es\/produit\/surf-foil-46-fast-flyer\/","name":"Surf Foil 4'6 Fast Flyer - SROKA Company - FOIL board","isPartOf":{"@id":"https:\/\/srokacompany.com\/es\/#website"},"primaryImageOfPage":{"@id":"https:\/\/srokacompany.com\/es\/produit\/surf-foil-46-fast-flyer\/#primaryimage"},"image":{"@id":"https:\/\/srokacompany.com\/es\/produit\/surf-foil-46-fast-flyer\/#primaryimage"},"thumbnailUrl":"https:\/\/srokacompany.com\/wp-content\/uploads\/2019\/12\/Fast-Flyer-v2.png","datePublished":"2019-12-03T11:54:09+00:00","dateModified":"2026-02-10T08:49:45+00:00","description":"Tabla de surf Foil 4'6 Fast Flyer Sroka. \u00a1La tabla de surf ideal para remar Foil y conseguir la m\u00e1xima velocidad!","breadcrumb":{"@id":"https:\/\/srokacompany.com\/es\/produit\/surf-foil-46-fast-flyer\/#breadcrumb"},"inLanguage":"es","potentialAction":[{"@type":"ReadAction","target":["https:\/\/srokacompany.com\/es\/produit\/surf-foil-46-fast-flyer\/"]}]},{"@type":"ImageObject","inLanguage":"es","@id":"https:\/\/srokacompany.com\/es\/produit\/surf-foil-46-fast-flyer\/#primaryimage","url":"https:\/\/srokacompany.com\/wp-content\/uploads\/2019\/12\/Fast-Flyer-v2.png","contentUrl":"https:\/\/srokacompany.com\/wp-content\/uploads\/2019\/12\/Fast-Flyer-v2.png","width":740,"height":1080},{"@type":"BreadcrumbList","@id":"https:\/\/srokacompany.com\/es\/produit\/surf-foil-46-fast-flyer\/#breadcrumb","itemListElement":[{"@type":"ListItem","position":1,"name":"Accueil","item":"https:\/\/srokacompany.com\/es\/"},{"@type":"ListItem","position":2,"name":"Tienda","item":"https:\/\/srokacompany.com\/tienda\/"},{"@type":"ListItem","position":3,"name":"Surf Foil 4&rsquo;6 Fast Flyer"}]},{"@type":"WebSite","@id":"https:\/\/srokacompany.com\/es\/#website","url":"https:\/\/srokacompany.com\/es\/","name":"SROKA Company","description":"SUP, Kite, Foil, Wing","publisher":{"@id":"https:\/\/srokacompany.com\/es\/#organization"},"potentialAction":[{"@type":"SearchAction","target":{"@type":"EntryPoint","urlTemplate":"https:\/\/srokacompany.com\/es\/?s={search_term_string}"},"query-input":{"@type":"PropertyValueSpecification","valueRequired":true,"valueName":"search_term_string"}}],"inLanguage":"es"},{"@type":"Organization","@id":"https:\/\/srokacompany.com\/es\/#organization","name":"SROKACOMPANY","alternateName":"SROKA","url":"https:\/\/srokacompany.com\/es\/","logo":{"@type":"ImageObject","inLanguage":"es","@id":"https:\/\/srokacompany.com\/es\/#\/schema\/logo\/image\/","url":"https:\/\/srokacompany.com\/wp-content\/uploads\/2021\/01\/logo-sroka-black-transpa.png","contentUrl":"https:\/\/srokacompany.com\/wp-content\/uploads\/2021\/01\/logo-sroka-black-transpa.png","width":1201,"height":342,"caption":"SROKACOMPANY"},"image":{"@id":"https:\/\/srokacompany.com\/es\/#\/schema\/logo\/image\/"},"sameAs":["https:\/\/www.facebook.com\/srokawatersports\/","https:\/\/www.instagram.com\/srokawatersports\/","https:\/\/www.youtube.com\/channel\/UCVLHHeaPIm-J5bdEUgxqtZA"]}]}},"uagb_featured_image_src":{"full":["https:\/\/srokacompany.com\/wp-content\/uploads\/2019\/12\/Fast-Flyer-v2.png",740,1080,false],"thumbnail":["https:\/\/srokacompany.com\/wp-content\/uploads\/2019\/12\/Fast-Flyer-v2-150x150.png",150,150,true],"medium":["https:\/\/srokacompany.com\/wp-content\/uploads\/2019\/12\/Fast-Flyer-v2-206x300.png",206,300,true],"medium_large":["https:\/\/srokacompany.com\/wp-content\/uploads\/2019\/12\/Fast-Flyer-v2.png",740,1080,false],"large":["https:\/\/srokacompany.com\/wp-content\/uploads\/2019\/12\/Fast-Flyer-v2-702x1024.png",702,1024,true],"1536x1536":["https:\/\/srokacompany.com\/wp-content\/uploads\/2019\/12\/Fast-Flyer-v2.png",740,1080,false],"2048x2048":["https:\/\/srokacompany.com\/wp-content\/uploads\/2019\/12\/Fast-Flyer-v2.png",740,1080,false],"woocommerce_thumbnail":["https:\/\/srokacompany.com\/wp-content\/uploads\/2019\/12\/Fast-Flyer-v2-600x876.png",600,876,true],"woocommerce_single":["https:\/\/srokacompany.com\/wp-content\/uploads\/2019\/12\/Fast-Flyer-v2-600x876.png",600,876,true],"woocommerce_gallery_thumbnail":["https:\/\/srokacompany.com\/wp-content\/uploads\/2019\/12\/Fast-Flyer-v2-100x100.png",100,100,true],"dgwt-wcas-product-suggestion":["https:\/\/srokacompany.com\/wp-content\/uploads\/2019\/12\/Fast-Flyer-v2.png",64,93,false]},"uagb_author_info":{"display_name":"","author_link":"https:\/\/srokacompany.com\/es\/blog\/author\/"},"uagb_comment_info":0,"uagb_excerpt":"Si quieres pasar de Wing Foil a un buen nivel a surfear foil y kitefoil con una sola tabla, pero tambi\u00e9n tener lo suficiente para divertirte en dockstart y en wake foilla Fast Flyer 4'6 ir\u00e1s a todas partes contigo.","jetpack_sharing_enabled":true,"_links":{"self":[{"href":"https:\/\/srokacompany.com\/es\/wp-json\/wp\/v2\/product\/341456","targetHints":{"allow":["GET"]}}],"collection":[{"href":"https:\/\/srokacompany.com\/es\/wp-json\/wp\/v2\/product"}],"about":[{"href":"https:\/\/srokacompany.com\/es\/wp-json\/wp\/v2\/types\/product"}],"wp:featuredmedia":[{"embeddable":true,"href":"https:\/\/srokacompany.com\/es\/wp-json\/wp\/v2\/media\/341457"}],"wp:attachment":[{"href":"https:\/\/srokacompany.com\/es\/wp-json\/wp\/v2\/media?parent=341456"}],"wp:term":[{"taxonomy":"product_brand","embeddable":true,"href":"https:\/\/srokacompany.com\/es\/wp-json\/wp\/v2\/product_brand?post=341456"},{"taxonomy":"product_cat","embeddable":true,"href":"https:\/\/srokacompany.com\/es\/wp-json\/wp\/v2\/product_cat?post=341456"},{"taxonomy":"product_tag","embeddable":true,"href":"https:\/\/srokacompany.com\/es\/wp-json\/wp\/v2\/product_tag?post=341456"}],"curies":[{"name":"wp","href":"https:\/\/api.w.org\/{rel}","templated":true}]}}