{"id":341562,"date":"2020-01-15T21:27:41","date_gmt":"2020-01-15T21:27:41","guid":{"rendered":"https:\/\/srokacompany.com\/produit\/paleta-hinchable-easy\/"},"modified":"2025-11-21T18:09:09","modified_gmt":"2025-11-21T16:09:09","slug":"paleta-hinchable-easy","status":"publish","type":"product","link":"https:\/\/srokacompany.com\/es\/produit\/paleta-hinchable-easy\/","title":{"rendered":"Pack de palas hinchables EASY"},"content":{"rendered":"<hr>\n<h2><strong>DESLIZAMIENTO F\u00c1CIL, PLACER INMEDIATO:<\/strong><\/h2>\n<p><span style=\"font-weight: 400;\">Con el <a href=\"https:\/\/srokacompany.com\/es\/eshop\/palas-hinchables\/\">Stand up Paddle hinchable<\/a> 10&#8242;, 10&#8217;6, 11&#8217;6 &amp; 12&#8217;6 Easy packs, podr\u00e1 descubrir el placer de los hinchables SUP sin quebraderos de cabeza.  <\/span><br \/>\n<span style=\"font-weight: 400;\">La <strong>Easy 10&#8242;<\/strong> 6 responde a las necesidades de las personas de estatura media que se inician en <\/span><span style=\"font-weight: 400;\"> SUP,<\/span> solas o en familia.<span style=\"font-weight: 400;\">. Es perfecta para hacer senderismo, yoga, pescar, pasear y surfear olas peque\u00f1as gracias a su c\u00f3modo contorno y ligero rocker. Su forma y rocker la hacen f\u00e1cil de manejar, permiti\u00e9ndote surfear olas peque\u00f1as con facilidad.   <\/span><br \/>\n<span style=\"font-weight: 400;\">Su hermano peque\u00f1o, el <strong>Easy 10&#8242;<\/strong>, comparte la misma forma, pero es m\u00e1s estrecho, m\u00e1s fino y m\u00e1s corto. Es ideal para pilotos m\u00e1s peque\u00f1os (&lt;85-90 kg), ni\u00f1os y adolescentes.   <\/span><br \/>\n<span style=\"font-weight: 400;\">Las <strong>mochilas 11&#8217;6 y 12&#8217;6<\/strong> son perfectas para quienes disfrutan con los paseos y las excursiones deportivas, al tiempo que combinan equilibrio, deslizamiento y comodidad. Los principiantes y los ciclistas m\u00e1s altos disfrutar\u00e1n de la estabilidad y la relaci\u00f3n planeo\/maniobrabilidad del 11&#8217;6, mientras que los ciclistas m\u00e1s pesados o experimentados se divertir\u00e1n con el mejor planeo del 12&#8217;6.<\/span><br \/>\n<span style=\"font-weight: 400;\">Las tablas est\u00e1n construidas con PVC de la m\u00e1s alta calidad utilizado en embarcaciones semirr\u00edgidas profesionales, lo que contribuye a aumentar su rigidez y longevidad. Para perfeccionar estas caracter\u00edsticas, se ha a\u00f1adido una segunda capa de PVC a los ra\u00edles (proa y popa) adem\u00e1s del morro.   <\/span><br \/>\n<span style=\"font-weight: 400;\">Los packs Easy son para aquellos que quieren <\/span><a href=\"https:\/\/srokacompany.com\/es\/blog\/nuestros-consejos-para-aprender-stand-up-paddle-surf\/\"><span style=\"font-weight: 400;\">aprender Stand Up Paddle<\/span><\/a><span style=\"font-weight: 400;\"> sin renunciar a la calidad ni al dise\u00f1o.<\/span><br \/>\n<span style=\"font-weight: 400;\">Si a\u00fan no est\u00e1 seguro de qu\u00e9 tabla de paddle surf es la m\u00e1s adecuada para usted, le mostraremos <a href=\"https:\/\/srokacompany.com\/es\/blog\/como-elegir-tu-stand-up-paddle-inflado\/\">c\u00f3mo elegir la correcta<\/a>.<\/span><\/p>\n","protected":false},"excerpt":{"rendered":"<p><span style=\"font-weight: 400;\">Con el <a href=\"https:\/\/srokacompany.com\/es\/eshop\/palas-hinchables\/\">Stand up Paddle hinchable<\/a> 10&#8242;, 10&#8217;6, 11&#8217;6 &amp; 12&#8217;6 Easy packs, podr\u00e1 descubrir el placer de los hinchables SUP sin quebraderos de cabeza.<\/span><\/p>\n","protected":false},"featured_media":341564,"template":"","meta":{"_acf_changed":false,"_uag_custom_page_level_css":""},"product_brand":[],"product_cat":[3888,3613,3612,3603,4260],"product_tag":[3429,3427,3426],"class_list":{"0":"post-341562","1":"product","2":"type-product","3":"status-publish","4":"has-post-thumbnail","6":"product_cat-junta-de-sup","7":"product_cat-pack-de-remo-hinchable","8":"product_cat-palas-hinchables","9":"product_cat-promos-es","10":"product_cat-viernes-negro","11":"product_tag-avanzado","12":"product_tag-ingenioso","13":"product_tag-principiante","15":"first","16":"instock","17":"sale","18":"taxable","19":"shipping-taxable","20":"purchasable","21":"product-type-variable"},"acf":[],"yoast_head":"<!-- This site is optimized with the Yoast SEO plugin v27.4 - https:\/\/yoast.com\/product\/yoast-seo-wordpress\/ -->\n<title>Stand Up Paddle Hinchable Easy - SROKA Company<\/title>\n<meta name=\"description\" content=\"\u00a1Compra tu pack de Easy Inflatable Stand up paddle para el verano! Producto en stock. La mejor relaci\u00f3n calidad-precio. \u00a1Pack completo !\" \/>\n<meta name=\"robots\" content=\"index, follow, max-snippet:-1, max-image-preview:large, max-video-preview:-1\" \/>\n<link rel=\"canonical\" href=\"https:\/\/srokacompany.com\/es\/produit\/paleta-hinchable-easy\/\" \/>\n<meta property=\"og:locale\" content=\"es_ES\" \/>\n<meta property=\"og:type\" content=\"article\" \/>\n<meta property=\"og:title\" content=\"Stand Up Paddle Hinchable Easy - SROKA Company\" \/>\n<meta property=\"og:description\" content=\"\u00a1Compra tu pack de Easy Inflatable Stand up paddle para el verano! Producto en stock. La mejor relaci\u00f3n calidad-precio. \u00a1Pack completo !\" \/>\n<meta property=\"og:url\" content=\"https:\/\/srokacompany.com\/es\/produit\/paleta-hinchable-easy\/\" \/>\n<meta property=\"og:site_name\" content=\"SROKA Company\" \/>\n<meta property=\"article:publisher\" content=\"https:\/\/www.facebook.com\/srokawatersports\/\" \/>\n<meta property=\"article:modified_time\" content=\"2025-11-21T16:09:09+00:00\" \/>\n<meta property=\"og:image\" content=\"https:\/\/srokacompany.com\/wp-content\/uploads\/2020\/01\/imagepdoduit-easy.png\" \/>\n\t<meta property=\"og:image:width\" content=\"780\" \/>\n\t<meta property=\"og:image:height\" content=\"1040\" \/>\n\t<meta property=\"og:image:type\" content=\"image\/png\" \/>\n<meta name=\"twitter:label1\" content=\"Tiempo de lectura\" \/>\n\t<meta name=\"twitter:data1\" content=\"1 minuto\" \/>\n<script type=\"application\/ld+json\" class=\"yoast-schema-graph\">{\"@context\":\"https:\\\/\\\/schema.org\",\"@graph\":[{\"@type\":\"WebPage\",\"@id\":\"https:\\\/\\\/srokacompany.com\\\/es\\\/produit\\\/paleta-hinchable-easy\\\/\",\"url\":\"https:\\\/\\\/srokacompany.com\\\/es\\\/produit\\\/paleta-hinchable-easy\\\/\",\"name\":\"Stand Up Paddle Hinchable Easy - SROKA Company\",\"isPartOf\":{\"@id\":\"https:\\\/\\\/srokacompany.com\\\/es\\\/#website\"},\"primaryImageOfPage\":{\"@id\":\"https:\\\/\\\/srokacompany.com\\\/es\\\/produit\\\/paleta-hinchable-easy\\\/#primaryimage\"},\"image\":{\"@id\":\"https:\\\/\\\/srokacompany.com\\\/es\\\/produit\\\/paleta-hinchable-easy\\\/#primaryimage\"},\"thumbnailUrl\":\"https:\\\/\\\/srokacompany.com\\\/wp-content\\\/uploads\\\/2020\\\/01\\\/imagepdoduit-easy.png\",\"datePublished\":\"2020-01-15T21:27:41+00:00\",\"dateModified\":\"2025-11-21T16:09:09+00:00\",\"description\":\"\u00a1Compra tu pack de Easy Inflatable Stand up paddle para el verano! Producto en stock. La mejor relaci\u00f3n calidad-precio. \u00a1Pack completo !\",\"breadcrumb\":{\"@id\":\"https:\\\/\\\/srokacompany.com\\\/es\\\/produit\\\/paleta-hinchable-easy\\\/#breadcrumb\"},\"inLanguage\":\"es\",\"potentialAction\":[{\"@type\":\"ReadAction\",\"target\":[\"https:\\\/\\\/srokacompany.com\\\/es\\\/produit\\\/paleta-hinchable-easy\\\/\"]}]},{\"@type\":\"ImageObject\",\"inLanguage\":\"es\",\"@id\":\"https:\\\/\\\/srokacompany.com\\\/es\\\/produit\\\/paleta-hinchable-easy\\\/#primaryimage\",\"url\":\"https:\\\/\\\/srokacompany.com\\\/wp-content\\\/uploads\\\/2020\\\/01\\\/imagepdoduit-easy.png\",\"contentUrl\":\"https:\\\/\\\/srokacompany.com\\\/wp-content\\\/uploads\\\/2020\\\/01\\\/imagepdoduit-easy.png\",\"width\":780,\"height\":1040,\"caption\":\"sroka easy pack stand up paddle hinchable\"},{\"@type\":\"BreadcrumbList\",\"@id\":\"https:\\\/\\\/srokacompany.com\\\/es\\\/produit\\\/paleta-hinchable-easy\\\/#breadcrumb\",\"itemListElement\":[{\"@type\":\"ListItem\",\"position\":1,\"name\":\"Accueil\",\"item\":\"https:\\\/\\\/srokacompany.com\\\/es\\\/\"},{\"@type\":\"ListItem\",\"position\":2,\"name\":\"Tienda\",\"item\":\"https:\\\/\\\/srokacompany.com\\\/tienda\\\/\"},{\"@type\":\"ListItem\",\"position\":3,\"name\":\"Pack de palas hinchables EASY\"}]},{\"@type\":\"WebSite\",\"@id\":\"https:\\\/\\\/srokacompany.com\\\/es\\\/#website\",\"url\":\"https:\\\/\\\/srokacompany.com\\\/es\\\/\",\"name\":\"SROKA Company\",\"description\":\"SUP, Kite, Foil, Wing\",\"publisher\":{\"@id\":\"https:\\\/\\\/srokacompany.com\\\/es\\\/#organization\"},\"potentialAction\":[{\"@type\":\"SearchAction\",\"target\":{\"@type\":\"EntryPoint\",\"urlTemplate\":\"https:\\\/\\\/srokacompany.com\\\/es\\\/?s={search_term_string}\"},\"query-input\":{\"@type\":\"PropertyValueSpecification\",\"valueRequired\":true,\"valueName\":\"search_term_string\"}}],\"inLanguage\":\"es\"},{\"@type\":\"Organization\",\"@id\":\"https:\\\/\\\/srokacompany.com\\\/es\\\/#organization\",\"name\":\"SROKACOMPANY\",\"alternateName\":\"SROKA\",\"url\":\"https:\\\/\\\/srokacompany.com\\\/es\\\/\",\"logo\":{\"@type\":\"ImageObject\",\"inLanguage\":\"es\",\"@id\":\"https:\\\/\\\/srokacompany.com\\\/es\\\/#\\\/schema\\\/logo\\\/image\\\/\",\"url\":\"https:\\\/\\\/srokacompany.com\\\/wp-content\\\/uploads\\\/2021\\\/01\\\/logo-sroka-black-transpa.png\",\"contentUrl\":\"https:\\\/\\\/srokacompany.com\\\/wp-content\\\/uploads\\\/2021\\\/01\\\/logo-sroka-black-transpa.png\",\"width\":1201,\"height\":342,\"caption\":\"SROKACOMPANY\"},\"image\":{\"@id\":\"https:\\\/\\\/srokacompany.com\\\/es\\\/#\\\/schema\\\/logo\\\/image\\\/\"},\"sameAs\":[\"https:\\\/\\\/www.facebook.com\\\/srokawatersports\\\/\",\"https:\\\/\\\/www.instagram.com\\\/srokawatersports\\\/\",\"https:\\\/\\\/www.youtube.com\\\/channel\\\/UCVLHHeaPIm-J5bdEUgxqtZA\"]}]}<\/script>\n<!-- \/ Yoast SEO plugin. -->","yoast_head_json":{"title":"Stand Up Paddle Hinchable Easy - SROKA Company","description":"\u00a1Compra tu pack de Easy Inflatable Stand up paddle para el verano! Producto en stock. La mejor relaci\u00f3n calidad-precio. \u00a1Pack completo !","robots":{"index":"index","follow":"follow","max-snippet":"max-snippet:-1","max-image-preview":"max-image-preview:large","max-video-preview":"max-video-preview:-1"},"canonical":"https:\/\/srokacompany.com\/es\/produit\/paleta-hinchable-easy\/","og_locale":"es_ES","og_type":"article","og_title":"Stand Up Paddle Hinchable Easy - SROKA Company","og_description":"\u00a1Compra tu pack de Easy Inflatable Stand up paddle para el verano! Producto en stock. La mejor relaci\u00f3n calidad-precio. \u00a1Pack completo !","og_url":"https:\/\/srokacompany.com\/es\/produit\/paleta-hinchable-easy\/","og_site_name":"SROKA Company","article_publisher":"https:\/\/www.facebook.com\/srokawatersports\/","article_modified_time":"2025-11-21T16:09:09+00:00","og_image":[{"width":780,"height":1040,"url":"https:\/\/srokacompany.com\/wp-content\/uploads\/2020\/01\/imagepdoduit-easy.png","type":"image\/png"}],"twitter_misc":{"Tiempo de lectura":"1 minuto"},"schema":{"@context":"https:\/\/schema.org","@graph":[{"@type":"WebPage","@id":"https:\/\/srokacompany.com\/es\/produit\/paleta-hinchable-easy\/","url":"https:\/\/srokacompany.com\/es\/produit\/paleta-hinchable-easy\/","name":"Stand Up Paddle Hinchable Easy - SROKA Company","isPartOf":{"@id":"https:\/\/srokacompany.com\/es\/#website"},"primaryImageOfPage":{"@id":"https:\/\/srokacompany.com\/es\/produit\/paleta-hinchable-easy\/#primaryimage"},"image":{"@id":"https:\/\/srokacompany.com\/es\/produit\/paleta-hinchable-easy\/#primaryimage"},"thumbnailUrl":"https:\/\/srokacompany.com\/wp-content\/uploads\/2020\/01\/imagepdoduit-easy.png","datePublished":"2020-01-15T21:27:41+00:00","dateModified":"2025-11-21T16:09:09+00:00","description":"\u00a1Compra tu pack de Easy Inflatable Stand up paddle para el verano! Producto en stock. La mejor relaci\u00f3n calidad-precio. \u00a1Pack completo !","breadcrumb":{"@id":"https:\/\/srokacompany.com\/es\/produit\/paleta-hinchable-easy\/#breadcrumb"},"inLanguage":"es","potentialAction":[{"@type":"ReadAction","target":["https:\/\/srokacompany.com\/es\/produit\/paleta-hinchable-easy\/"]}]},{"@type":"ImageObject","inLanguage":"es","@id":"https:\/\/srokacompany.com\/es\/produit\/paleta-hinchable-easy\/#primaryimage","url":"https:\/\/srokacompany.com\/wp-content\/uploads\/2020\/01\/imagepdoduit-easy.png","contentUrl":"https:\/\/srokacompany.com\/wp-content\/uploads\/2020\/01\/imagepdoduit-easy.png","width":780,"height":1040,"caption":"sroka easy pack stand up paddle hinchable"},{"@type":"BreadcrumbList","@id":"https:\/\/srokacompany.com\/es\/produit\/paleta-hinchable-easy\/#breadcrumb","itemListElement":[{"@type":"ListItem","position":1,"name":"Accueil","item":"https:\/\/srokacompany.com\/es\/"},{"@type":"ListItem","position":2,"name":"Tienda","item":"https:\/\/srokacompany.com\/tienda\/"},{"@type":"ListItem","position":3,"name":"Pack de palas hinchables EASY"}]},{"@type":"WebSite","@id":"https:\/\/srokacompany.com\/es\/#website","url":"https:\/\/srokacompany.com\/es\/","name":"SROKA Company","description":"SUP, Kite, Foil, Wing","publisher":{"@id":"https:\/\/srokacompany.com\/es\/#organization"},"potentialAction":[{"@type":"SearchAction","target":{"@type":"EntryPoint","urlTemplate":"https:\/\/srokacompany.com\/es\/?s={search_term_string}"},"query-input":{"@type":"PropertyValueSpecification","valueRequired":true,"valueName":"search_term_string"}}],"inLanguage":"es"},{"@type":"Organization","@id":"https:\/\/srokacompany.com\/es\/#organization","name":"SROKACOMPANY","alternateName":"SROKA","url":"https:\/\/srokacompany.com\/es\/","logo":{"@type":"ImageObject","inLanguage":"es","@id":"https:\/\/srokacompany.com\/es\/#\/schema\/logo\/image\/","url":"https:\/\/srokacompany.com\/wp-content\/uploads\/2021\/01\/logo-sroka-black-transpa.png","contentUrl":"https:\/\/srokacompany.com\/wp-content\/uploads\/2021\/01\/logo-sroka-black-transpa.png","width":1201,"height":342,"caption":"SROKACOMPANY"},"image":{"@id":"https:\/\/srokacompany.com\/es\/#\/schema\/logo\/image\/"},"sameAs":["https:\/\/www.facebook.com\/srokawatersports\/","https:\/\/www.instagram.com\/srokawatersports\/","https:\/\/www.youtube.com\/channel\/UCVLHHeaPIm-J5bdEUgxqtZA"]}]}},"uagb_featured_image_src":{"full":["https:\/\/srokacompany.com\/wp-content\/uploads\/2020\/01\/imagepdoduit-easy.png",780,1040,false],"thumbnail":["https:\/\/srokacompany.com\/wp-content\/uploads\/2020\/01\/imagepdoduit-easy-150x150.png",150,150,true],"medium":["https:\/\/srokacompany.com\/wp-content\/uploads\/2020\/01\/imagepdoduit-easy-225x300.png",225,300,true],"medium_large":["https:\/\/srokacompany.com\/wp-content\/uploads\/2020\/01\/imagepdoduit-easy-768x1024.png",768,1024,true],"large":["https:\/\/srokacompany.com\/wp-content\/uploads\/2020\/01\/imagepdoduit-easy-768x1024.png",768,1024,true],"1536x1536":["https:\/\/srokacompany.com\/wp-content\/uploads\/2020\/01\/imagepdoduit-easy.png",780,1040,false],"2048x2048":["https:\/\/srokacompany.com\/wp-content\/uploads\/2020\/01\/imagepdoduit-easy.png",780,1040,false],"woocommerce_thumbnail":["https:\/\/srokacompany.com\/wp-content\/uploads\/2020\/01\/imagepdoduit-easy-600x800.png",600,800,true],"woocommerce_single":["https:\/\/srokacompany.com\/wp-content\/uploads\/2020\/01\/imagepdoduit-easy-600x800.png",600,800,true],"woocommerce_gallery_thumbnail":["https:\/\/srokacompany.com\/wp-content\/uploads\/2020\/01\/imagepdoduit-easy-100x100.png",100,100,true],"dgwt-wcas-product-suggestion":["https:\/\/srokacompany.com\/wp-content\/uploads\/2020\/01\/imagepdoduit-easy.png",64,85,false]},"uagb_author_info":{"display_name":"","author_link":"https:\/\/srokacompany.com\/es\/blog\/author\/"},"uagb_comment_info":0,"uagb_excerpt":"Con el Stand up Paddle hinchable 10', 10'6, 11'6 &amp; 12'6 Easy packs, podr\u00e1 descubrir el placer de los hinchables SUP sin quebraderos de cabeza.","jetpack_sharing_enabled":true,"_links":{"self":[{"href":"https:\/\/srokacompany.com\/es\/wp-json\/wp\/v2\/product\/341562","targetHints":{"allow":["GET"]}}],"collection":[{"href":"https:\/\/srokacompany.com\/es\/wp-json\/wp\/v2\/product"}],"about":[{"href":"https:\/\/srokacompany.com\/es\/wp-json\/wp\/v2\/types\/product"}],"wp:featuredmedia":[{"embeddable":true,"href":"https:\/\/srokacompany.com\/es\/wp-json\/wp\/v2\/media\/341564"}],"wp:attachment":[{"href":"https:\/\/srokacompany.com\/es\/wp-json\/wp\/v2\/media?parent=341562"}],"wp:term":[{"taxonomy":"product_brand","embeddable":true,"href":"https:\/\/srokacompany.com\/es\/wp-json\/wp\/v2\/product_brand?post=341562"},{"taxonomy":"product_cat","embeddable":true,"href":"https:\/\/srokacompany.com\/es\/wp-json\/wp\/v2\/product_cat?post=341562"},{"taxonomy":"product_tag","embeddable":true,"href":"https:\/\/srokacompany.com\/es\/wp-json\/wp\/v2\/product_tag?post=341562"}],"curies":[{"name":"wp","href":"https:\/\/api.w.org\/{rel}","templated":true}]}}