{"id":341601,"date":"2020-01-24T11:12:30","date_gmt":"2020-01-24T11:12:30","guid":{"rendered":"https:\/\/srokacompany.com\/produit\/wing-sroka-v3\/"},"modified":"2025-07-15T12:41:29","modified_gmt":"2025-07-15T10:41:29","slug":"wing-sroka-v3","status":"publish","type":"product","link":"https:\/\/srokacompany.com\/es\/produit\/wing-sroka-v3\/","title":{"rendered":"Wing SROKA V3"},"content":{"rendered":"<hr>\n<h2><span style=\"color: #ff0000;\">Fin de serie. S\u00f3lo queda un 4 m2 <\/span><\/h2>\n<h2>WING SROKA 4m &#8211;<\/h2>\n<p class=\"p1\" style=\"text-align: justify;\">El Wing Sroka V3 combina potencia, comodidad, estabilidad y ligereza. Su spinnaker de baluma ultra tensa le hace despegar inmediatamente. Una vez en el aire, la calidad del perfil, la ligereza del ala, los sables y su rigidez ofrecen una Vmax impresionante con un control emocionante. En el punto de equilibrio perfecto   <span class=\"Apple-converted-space\">  <\/span>Entre el surf, la velocidad y el freestyle, combina caracter\u00edsticas de aspect ratio y dihedral cuidadosamente seleccionadas para el arma definitiva en todas las condiciones. No hay necesidad de almacenar cometas en el garaje, la Sroka V3 es hipervers\u00e1til y rinde en el 90% de las sesiones, desde surf hasta freestyle y freeride. <\/p>\n<p class=\"p1\" style=\"text-align: justify;\">En tierra, su bolsa de transporte con correas para los hombros, las dos v\u00e1lvulas de inflado adem\u00e1s de la bomba, las asas y el peso hacen que sea extremadamente f\u00e1cil de transportar y guardar.<span class=\"Apple-converted-space\"> <\/span><\/p>\n","protected":false},"excerpt":{"rendered":"<h2><span style=\"color: #ff0000;\">Fin de serie. S\u00f3lo queda un 4 m2 <\/span><\/h2>\n<ul class=\"ul1\">\n<li class=\"li1\">Mochila de calidad con correas para los hombros y tirantes el\u00e1sticos para reducir el tama\u00f1o de la bolsa durante los viajes o en el maletero<\/li>\n<li class=\"li1\">Correa<\/li>\n<li class=\"li1\">Boquilla est\u00e1ndar (cometa) compatible con la gran mayor\u00eda de bombas del mercado<\/li>\n<li class=\"li1\">Cometa de reparaci\u00f3n con parches autoadhesivos y kit de una bomba de repuesto<\/li>\n<li class=\"li1\">Doble v\u00e1lvula de inflado\/desinflado + una bomba<\/li>\n<\/ul>\n","protected":false},"featured_media":341603,"template":"","meta":{"_acf_changed":false,"_uag_custom_page_level_css":""},"product_brand":[],"product_cat":[3520,3603,4192,3444],"product_tag":[],"class_list":{"0":"post-341601","1":"product","2":"type-product","3":"status-publish","4":"has-post-thumbnail","6":"product_cat-alas-de-wing-foil","7":"product_cat-promos-es","8":"product_cat-saldo-wing-foil","9":"product_cat-wing-foil-es","10":"product_shipping_class-foil-unidad-completa-o-piezas-alas","12":"first","13":"outofstock","14":"sale","15":"taxable","16":"shipping-taxable","17":"purchasable","18":"product-type-variable","19":"has-default-attributes"},"acf":[],"yoast_head":"<!-- This site is optimized with the Yoast SEO plugin v27.4 - https:\/\/yoast.com\/product\/yoast-seo-wordpress\/ -->\n<title>Wing SROKA V3 - SROKA Company - Wing<\/title>\n<meta name=\"description\" content=\"Wing de la empresa Wing 2021 SROKA: 3m2, 4m2, 5m2 y 6m2. Desarrollada y probada por Bruno Sroka 3x Campe\u00f3n del Mundo de Kitesurf.\" \/>\n<meta name=\"robots\" content=\"noindex, nofollow\" \/>\n<meta property=\"og:locale\" content=\"es_ES\" \/>\n<meta property=\"og:type\" content=\"article\" \/>\n<meta property=\"og:title\" content=\"Wing SROKA V3 - SROKA Company - Wing\" \/>\n<meta property=\"og:description\" content=\"Wing de la empresa Wing 2021 SROKA: 3m2, 4m2, 5m2 y 6m2. Desarrollada y probada por Bruno Sroka 3x Campe\u00f3n del Mundo de Kitesurf.\" \/>\n<meta property=\"og:url\" content=\"https:\/\/srokacompany.com\/es\/produit\/wing-sroka-v3\/\" \/>\n<meta property=\"og:site_name\" content=\"SROKA Company\" \/>\n<meta property=\"article:publisher\" content=\"https:\/\/www.facebook.com\/srokawatersports\/\" \/>\n<meta property=\"article:modified_time\" content=\"2025-07-15T10:41:29+00:00\" \/>\n<meta property=\"og:image\" content=\"https:\/\/srokacompany.com\/wp-content\/uploads\/2022\/07\/Aile-de-wing-Sroka-V3.jpg\" \/>\n\t<meta property=\"og:image:width\" content=\"780\" \/>\n\t<meta property=\"og:image:height\" content=\"1040\" \/>\n\t<meta property=\"og:image:type\" content=\"image\/jpeg\" \/>\n<meta name=\"twitter:label1\" content=\"Tiempo de lectura\" \/>\n\t<meta name=\"twitter:data1\" content=\"1 minuto\" \/>\n<script type=\"application\/ld+json\" class=\"yoast-schema-graph\">{\"@context\":\"https:\\\/\\\/schema.org\",\"@graph\":[{\"@type\":\"WebPage\",\"@id\":\"https:\\\/\\\/srokacompany.com\\\/es\\\/produit\\\/wing-sroka-v3\\\/\",\"url\":\"https:\\\/\\\/srokacompany.com\\\/es\\\/produit\\\/wing-sroka-v3\\\/\",\"name\":\"Wing SROKA V3 - SROKA Company - Wing\",\"isPartOf\":{\"@id\":\"https:\\\/\\\/srokacompany.com\\\/es\\\/#website\"},\"primaryImageOfPage\":{\"@id\":\"https:\\\/\\\/srokacompany.com\\\/es\\\/produit\\\/wing-sroka-v3\\\/#primaryimage\"},\"image\":{\"@id\":\"https:\\\/\\\/srokacompany.com\\\/es\\\/produit\\\/wing-sroka-v3\\\/#primaryimage\"},\"thumbnailUrl\":\"https:\\\/\\\/srokacompany.com\\\/wp-content\\\/uploads\\\/2022\\\/07\\\/Aile-de-wing-Sroka-V3.jpg\",\"datePublished\":\"2020-01-24T11:12:30+00:00\",\"dateModified\":\"2025-07-15T10:41:29+00:00\",\"description\":\"Wing de la empresa Wing 2021 SROKA: 3m2, 4m2, 5m2 y 6m2. Desarrollada y probada por Bruno Sroka 3x Campe\u00f3n del Mundo de Kitesurf.\",\"breadcrumb\":{\"@id\":\"https:\\\/\\\/srokacompany.com\\\/es\\\/produit\\\/wing-sroka-v3\\\/#breadcrumb\"},\"inLanguage\":\"es\",\"potentialAction\":[{\"@type\":\"ReadAction\",\"target\":[\"https:\\\/\\\/srokacompany.com\\\/es\\\/produit\\\/wing-sroka-v3\\\/\"]}]},{\"@type\":\"ImageObject\",\"inLanguage\":\"es\",\"@id\":\"https:\\\/\\\/srokacompany.com\\\/es\\\/produit\\\/wing-sroka-v3\\\/#primaryimage\",\"url\":\"https:\\\/\\\/srokacompany.com\\\/wp-content\\\/uploads\\\/2022\\\/07\\\/Aile-de-wing-Sroka-V3.jpg\",\"contentUrl\":\"https:\\\/\\\/srokacompany.com\\\/wp-content\\\/uploads\\\/2022\\\/07\\\/Aile-de-wing-Sroka-V3.jpg\",\"width\":780,\"height\":1040},{\"@type\":\"BreadcrumbList\",\"@id\":\"https:\\\/\\\/srokacompany.com\\\/es\\\/produit\\\/wing-sroka-v3\\\/#breadcrumb\",\"itemListElement\":[{\"@type\":\"ListItem\",\"position\":1,\"name\":\"Accueil\",\"item\":\"https:\\\/\\\/srokacompany.com\\\/es\\\/\"},{\"@type\":\"ListItem\",\"position\":2,\"name\":\"Tienda\",\"item\":\"https:\\\/\\\/srokacompany.com\\\/tienda\\\/\"},{\"@type\":\"ListItem\",\"position\":3,\"name\":\"Wing SROKA V3\"}]},{\"@type\":\"WebSite\",\"@id\":\"https:\\\/\\\/srokacompany.com\\\/es\\\/#website\",\"url\":\"https:\\\/\\\/srokacompany.com\\\/es\\\/\",\"name\":\"SROKA Company\",\"description\":\"SUP, Kite, Foil, Wing\",\"publisher\":{\"@id\":\"https:\\\/\\\/srokacompany.com\\\/es\\\/#organization\"},\"potentialAction\":[{\"@type\":\"SearchAction\",\"target\":{\"@type\":\"EntryPoint\",\"urlTemplate\":\"https:\\\/\\\/srokacompany.com\\\/es\\\/?s={search_term_string}\"},\"query-input\":{\"@type\":\"PropertyValueSpecification\",\"valueRequired\":true,\"valueName\":\"search_term_string\"}}],\"inLanguage\":\"es\"},{\"@type\":\"Organization\",\"@id\":\"https:\\\/\\\/srokacompany.com\\\/es\\\/#organization\",\"name\":\"SROKACOMPANY\",\"alternateName\":\"SROKA\",\"url\":\"https:\\\/\\\/srokacompany.com\\\/es\\\/\",\"logo\":{\"@type\":\"ImageObject\",\"inLanguage\":\"es\",\"@id\":\"https:\\\/\\\/srokacompany.com\\\/es\\\/#\\\/schema\\\/logo\\\/image\\\/\",\"url\":\"https:\\\/\\\/srokacompany.com\\\/wp-content\\\/uploads\\\/2021\\\/01\\\/logo-sroka-black-transpa.png\",\"contentUrl\":\"https:\\\/\\\/srokacompany.com\\\/wp-content\\\/uploads\\\/2021\\\/01\\\/logo-sroka-black-transpa.png\",\"width\":1201,\"height\":342,\"caption\":\"SROKACOMPANY\"},\"image\":{\"@id\":\"https:\\\/\\\/srokacompany.com\\\/es\\\/#\\\/schema\\\/logo\\\/image\\\/\"},\"sameAs\":[\"https:\\\/\\\/www.facebook.com\\\/srokawatersports\\\/\",\"https:\\\/\\\/www.instagram.com\\\/srokawatersports\\\/\",\"https:\\\/\\\/www.youtube.com\\\/channel\\\/UCVLHHeaPIm-J5bdEUgxqtZA\"]}]}<\/script>\n<!-- \/ Yoast SEO plugin. -->","yoast_head_json":{"title":"Wing SROKA V3 - SROKA Company - Wing","description":"Wing de la empresa Wing 2021 SROKA: 3m2, 4m2, 5m2 y 6m2. Desarrollada y probada por Bruno Sroka 3x Campe\u00f3n del Mundo de Kitesurf.","robots":{"index":"noindex","follow":"nofollow"},"og_locale":"es_ES","og_type":"article","og_title":"Wing SROKA V3 - SROKA Company - Wing","og_description":"Wing de la empresa Wing 2021 SROKA: 3m2, 4m2, 5m2 y 6m2. Desarrollada y probada por Bruno Sroka 3x Campe\u00f3n del Mundo de Kitesurf.","og_url":"https:\/\/srokacompany.com\/es\/produit\/wing-sroka-v3\/","og_site_name":"SROKA Company","article_publisher":"https:\/\/www.facebook.com\/srokawatersports\/","article_modified_time":"2025-07-15T10:41:29+00:00","og_image":[{"width":780,"height":1040,"url":"https:\/\/srokacompany.com\/wp-content\/uploads\/2022\/07\/Aile-de-wing-Sroka-V3.jpg","type":"image\/jpeg"}],"twitter_misc":{"Tiempo de lectura":"1 minuto"},"schema":{"@context":"https:\/\/schema.org","@graph":[{"@type":"WebPage","@id":"https:\/\/srokacompany.com\/es\/produit\/wing-sroka-v3\/","url":"https:\/\/srokacompany.com\/es\/produit\/wing-sroka-v3\/","name":"Wing SROKA V3 - SROKA Company - Wing","isPartOf":{"@id":"https:\/\/srokacompany.com\/es\/#website"},"primaryImageOfPage":{"@id":"https:\/\/srokacompany.com\/es\/produit\/wing-sroka-v3\/#primaryimage"},"image":{"@id":"https:\/\/srokacompany.com\/es\/produit\/wing-sroka-v3\/#primaryimage"},"thumbnailUrl":"https:\/\/srokacompany.com\/wp-content\/uploads\/2022\/07\/Aile-de-wing-Sroka-V3.jpg","datePublished":"2020-01-24T11:12:30+00:00","dateModified":"2025-07-15T10:41:29+00:00","description":"Wing de la empresa Wing 2021 SROKA: 3m2, 4m2, 5m2 y 6m2. Desarrollada y probada por Bruno Sroka 3x Campe\u00f3n del Mundo de Kitesurf.","breadcrumb":{"@id":"https:\/\/srokacompany.com\/es\/produit\/wing-sroka-v3\/#breadcrumb"},"inLanguage":"es","potentialAction":[{"@type":"ReadAction","target":["https:\/\/srokacompany.com\/es\/produit\/wing-sroka-v3\/"]}]},{"@type":"ImageObject","inLanguage":"es","@id":"https:\/\/srokacompany.com\/es\/produit\/wing-sroka-v3\/#primaryimage","url":"https:\/\/srokacompany.com\/wp-content\/uploads\/2022\/07\/Aile-de-wing-Sroka-V3.jpg","contentUrl":"https:\/\/srokacompany.com\/wp-content\/uploads\/2022\/07\/Aile-de-wing-Sroka-V3.jpg","width":780,"height":1040},{"@type":"BreadcrumbList","@id":"https:\/\/srokacompany.com\/es\/produit\/wing-sroka-v3\/#breadcrumb","itemListElement":[{"@type":"ListItem","position":1,"name":"Accueil","item":"https:\/\/srokacompany.com\/es\/"},{"@type":"ListItem","position":2,"name":"Tienda","item":"https:\/\/srokacompany.com\/tienda\/"},{"@type":"ListItem","position":3,"name":"Wing SROKA V3"}]},{"@type":"WebSite","@id":"https:\/\/srokacompany.com\/es\/#website","url":"https:\/\/srokacompany.com\/es\/","name":"SROKA Company","description":"SUP, Kite, Foil, Wing","publisher":{"@id":"https:\/\/srokacompany.com\/es\/#organization"},"potentialAction":[{"@type":"SearchAction","target":{"@type":"EntryPoint","urlTemplate":"https:\/\/srokacompany.com\/es\/?s={search_term_string}"},"query-input":{"@type":"PropertyValueSpecification","valueRequired":true,"valueName":"search_term_string"}}],"inLanguage":"es"},{"@type":"Organization","@id":"https:\/\/srokacompany.com\/es\/#organization","name":"SROKACOMPANY","alternateName":"SROKA","url":"https:\/\/srokacompany.com\/es\/","logo":{"@type":"ImageObject","inLanguage":"es","@id":"https:\/\/srokacompany.com\/es\/#\/schema\/logo\/image\/","url":"https:\/\/srokacompany.com\/wp-content\/uploads\/2021\/01\/logo-sroka-black-transpa.png","contentUrl":"https:\/\/srokacompany.com\/wp-content\/uploads\/2021\/01\/logo-sroka-black-transpa.png","width":1201,"height":342,"caption":"SROKACOMPANY"},"image":{"@id":"https:\/\/srokacompany.com\/es\/#\/schema\/logo\/image\/"},"sameAs":["https:\/\/www.facebook.com\/srokawatersports\/","https:\/\/www.instagram.com\/srokawatersports\/","https:\/\/www.youtube.com\/channel\/UCVLHHeaPIm-J5bdEUgxqtZA"]}]}},"uagb_featured_image_src":{"full":["https:\/\/srokacompany.com\/wp-content\/uploads\/2022\/07\/Aile-de-wing-Sroka-V3.jpg",780,1040,false],"thumbnail":["https:\/\/srokacompany.com\/wp-content\/uploads\/2022\/07\/Aile-de-wing-Sroka-V3-150x150.jpg",150,150,true],"medium":["https:\/\/srokacompany.com\/wp-content\/uploads\/2022\/07\/Aile-de-wing-Sroka-V3-225x300.jpg",225,300,true],"medium_large":["https:\/\/srokacompany.com\/wp-content\/uploads\/2022\/07\/Aile-de-wing-Sroka-V3-768x1024.jpg",768,1024,true],"large":["https:\/\/srokacompany.com\/wp-content\/uploads\/2022\/07\/Aile-de-wing-Sroka-V3-768x1024.jpg",768,1024,true],"1536x1536":["https:\/\/srokacompany.com\/wp-content\/uploads\/2022\/07\/Aile-de-wing-Sroka-V3.jpg",780,1040,false],"2048x2048":["https:\/\/srokacompany.com\/wp-content\/uploads\/2022\/07\/Aile-de-wing-Sroka-V3.jpg",780,1040,false],"woocommerce_thumbnail":["https:\/\/srokacompany.com\/wp-content\/uploads\/2022\/07\/Aile-de-wing-Sroka-V3-600x800.jpg",600,800,true],"woocommerce_single":["https:\/\/srokacompany.com\/wp-content\/uploads\/2022\/07\/Aile-de-wing-Sroka-V3-600x800.jpg",600,800,true],"woocommerce_gallery_thumbnail":["https:\/\/srokacompany.com\/wp-content\/uploads\/2022\/07\/Aile-de-wing-Sroka-V3-100x100.jpg",100,100,true],"dgwt-wcas-product-suggestion":["https:\/\/srokacompany.com\/wp-content\/uploads\/2022\/07\/Aile-de-wing-Sroka-V3-64x85.jpg",64,85,true]},"uagb_author_info":{"display_name":"","author_link":"https:\/\/srokacompany.com\/es\/blog\/author\/"},"uagb_comment_info":0,"uagb_excerpt":"Fin de serie. S\u00f3lo queda un 4 m2 Mochila de calidad con correas para los hombros y tirantes el\u00e1sticos para reducir el tama\u00f1o de la bolsa durante los viajes o en el maletero Correa Boquilla est\u00e1ndar (cometa) compatible con la gran mayor\u00eda de bombas del mercado Cometa de reparaci\u00f3n con parches autoadhesivos y kit de&hellip;","jetpack_sharing_enabled":true,"_links":{"self":[{"href":"https:\/\/srokacompany.com\/es\/wp-json\/wp\/v2\/product\/341601","targetHints":{"allow":["GET"]}}],"collection":[{"href":"https:\/\/srokacompany.com\/es\/wp-json\/wp\/v2\/product"}],"about":[{"href":"https:\/\/srokacompany.com\/es\/wp-json\/wp\/v2\/types\/product"}],"wp:featuredmedia":[{"embeddable":true,"href":"https:\/\/srokacompany.com\/es\/wp-json\/wp\/v2\/media\/341603"}],"wp:attachment":[{"href":"https:\/\/srokacompany.com\/es\/wp-json\/wp\/v2\/media?parent=341601"}],"wp:term":[{"taxonomy":"product_brand","embeddable":true,"href":"https:\/\/srokacompany.com\/es\/wp-json\/wp\/v2\/product_brand?post=341601"},{"taxonomy":"product_cat","embeddable":true,"href":"https:\/\/srokacompany.com\/es\/wp-json\/wp\/v2\/product_cat?post=341601"},{"taxonomy":"product_tag","embeddable":true,"href":"https:\/\/srokacompany.com\/es\/wp-json\/wp\/v2\/product_tag?post=341601"}],"curies":[{"name":"wp","href":"https:\/\/api.w.org\/{rel}","templated":true}]}}