{"id":341919,"date":"2020-11-06T20:29:38","date_gmt":"2020-11-06T20:29:38","guid":{"rendered":"https:\/\/srokacompany.com\/produit\/aleta-retractil-para-stand-up-paddle\/"},"modified":"2026-02-19T16:43:36","modified_gmt":"2026-02-19T14:43:36","slug":"aleta-retractil-para-stand-up-paddle","status":"publish","type":"product","link":"https:\/\/srokacompany.com\/es\/produit\/aleta-retractil-para-stand-up-paddle\/","title":{"rendered":"Aleta retr\u00e1ctil para stand up paddle"},"content":{"rendered":"<hr>\n<h1 class=\"p1\"><strong>Stand up paddle aleta retr\u00e1ctil<\/strong><\/h1>\n<p class=\"p1\">La aleta retr\u00e1ctil le permite remar en todas las aguas poco profundas. Si entra en contacto con el agua, se repliega para evitar roturas. La construcci\u00f3n alemana es muy s\u00f3lida y duradera, lo que hace que tu remo sea f\u00e1cil de manejar. <a href=\"https:\/\/srokacompany.com\/es\/\">SUP<\/a>. Es apto para todos los niveles y programas de agua, pero est\u00e1 especialmente indicado para lagos y aguas poco profundas. Es compatible con todos nuestros modelos SUP. La versi\u00f3n Slide In est\u00e1 dise\u00f1ada para los modelos <a href=\"https:\/\/srokacompany.com\/es\/eshop\/palas-hinchables\/\">Malibu<\/a> y <a href=\"https:\/\/srokacompany.com\/es\/eshop\/palas-hinchables\/\">Easy<\/a>, la US Box para <a href=\"https:\/\/srokacompany.com\/es\/eshop\/palas-hinchables\/\">los Alphas<\/a>.     <\/p>\n<p class=\"p1\">Tiene muchos usos. Gracias a \u00e9l, puedes poner el SUP en tierra sin preocuparte de romper las aletas, subirte a \u00e9l en tierra o apilar los SUP uno encima de otro. Podr\u00e1s pasar por encima de fondos marinos crecidos sin sentirlo. \u00a1Ni siquiera las algas del mar o del lago te frenar\u00e1n!   <\/p>\n<p class=\"p1\">Distribuci\u00f3n exclusiva por SROKA en Francia. Descubre todos nuestros accesorios <a href=\"https:\/\/srokacompany.com\/es\/eshop\/accesorios-de-padel\/\">pinchando aqu\u00ed<\/a> (<a href=\"https:\/\/srokacompany.com\/es\/produit\/bomba-electrica-para-stand-up-paddle-hinchable\/\">electrobomba<\/a>, <a href=\"https:\/\/srokacompany.com\/es\/eshop\/accesorios-de-padel\/\">palas<\/a>, <a href=\"https:\/\/srokacompany.com\/es\/eshop\/palas-hinchables\/\">correa<\/a>&#8230;). \u00a1 <a href=\"https:\/\/sup-passion.com\/aileron-retractable-i-paddle-inntal-finne-us-finbox\/\">Descubre su prueba de SUP Passion aqu\u00ed!<\/a> <\/p>\n","protected":false},"excerpt":{"rendered":"<p>Stand up paddle aleta retr\u00e1ctil La aleta retr\u00e1ctil le permite remar en todas las aguas poco profundas. Si entra en contacto con el agua, se repliega para evitar roturas. La construcci\u00f3n alemana es muy s\u00f3lida y duradera, lo que hace que tu remo sea f\u00e1cil de manejar. SUP. Es apto para todos los niveles y [&hellip;]<\/p>\n","protected":false},"featured_media":341921,"template":"","meta":{"_acf_changed":false,"_uag_custom_page_level_css":""},"product_brand":[],"product_cat":[3597,3598,3612],"product_tag":[],"class_list":{"0":"post-341919","1":"product","2":"type-product","3":"status-publish","4":"has-post-thumbnail","6":"product_cat-accesorios-de-padel","7":"product_cat-aleta-de-pala","8":"product_cat-palas-hinchables","9":"product_shipping_class-alerones-tornillos-y-pernos-completos","11":"first","12":"instock","13":"taxable","14":"shipping-taxable","15":"purchasable","16":"product-type-variable"},"acf":[],"yoast_head":"<!-- This site is optimized with the Yoast SEO plugin v27.4 - https:\/\/yoast.com\/product\/yoast-seo-wordpress\/ -->\n<title>Aleta retr\u00e1ctil para stand up paddle - SROKA Company<\/title>\n<meta name=\"description\" content=\"Stand up paddle aleta retr\u00e1ctil - EE.UU. y deslice en compatible. Ideal para r\u00edos, lagos o aguas poco profundas.\" \/>\n<meta name=\"robots\" content=\"index, follow, max-snippet:-1, max-image-preview:large, max-video-preview:-1\" \/>\n<link rel=\"canonical\" href=\"https:\/\/srokacompany.com\/es\/produit\/aleta-retractil-para-stand-up-paddle\/\" \/>\n<meta property=\"og:locale\" content=\"es_ES\" \/>\n<meta property=\"og:type\" content=\"article\" \/>\n<meta property=\"og:title\" content=\"Aleta retr\u00e1ctil para stand up paddle - SROKA Company\" \/>\n<meta property=\"og:description\" content=\"Stand up paddle aleta retr\u00e1ctil - EE.UU. y deslice en compatible. Ideal para r\u00edos, lagos o aguas poco profundas.\" \/>\n<meta property=\"og:url\" content=\"https:\/\/srokacompany.com\/es\/produit\/aleta-retractil-para-stand-up-paddle\/\" \/>\n<meta property=\"og:site_name\" content=\"SROKA Company\" \/>\n<meta property=\"article:publisher\" content=\"https:\/\/www.facebook.com\/srokawatersports\/\" \/>\n<meta property=\"article:modified_time\" content=\"2026-02-19T14:43:36+00:00\" \/>\n<meta property=\"og:image\" content=\"https:\/\/srokacompany.com\/wp-content\/uploads\/2020\/12\/Ailerons-retractables-Sroka.jpg\" \/>\n\t<meta property=\"og:image:width\" content=\"780\" \/>\n\t<meta property=\"og:image:height\" content=\"1040\" \/>\n\t<meta property=\"og:image:type\" content=\"image\/jpeg\" \/>\n<meta name=\"twitter:label1\" content=\"Tiempo de lectura\" \/>\n\t<meta name=\"twitter:data1\" content=\"1 minuto\" \/>\n<script type=\"application\/ld+json\" class=\"yoast-schema-graph\">{\"@context\":\"https:\\\/\\\/schema.org\",\"@graph\":[{\"@type\":\"WebPage\",\"@id\":\"https:\\\/\\\/srokacompany.com\\\/es\\\/produit\\\/aleta-retractil-para-stand-up-paddle\\\/\",\"url\":\"https:\\\/\\\/srokacompany.com\\\/es\\\/produit\\\/aleta-retractil-para-stand-up-paddle\\\/\",\"name\":\"Aleta retr\u00e1ctil para stand up paddle - SROKA Company\",\"isPartOf\":{\"@id\":\"https:\\\/\\\/srokacompany.com\\\/es\\\/#website\"},\"primaryImageOfPage\":{\"@id\":\"https:\\\/\\\/srokacompany.com\\\/es\\\/produit\\\/aleta-retractil-para-stand-up-paddle\\\/#primaryimage\"},\"image\":{\"@id\":\"https:\\\/\\\/srokacompany.com\\\/es\\\/produit\\\/aleta-retractil-para-stand-up-paddle\\\/#primaryimage\"},\"thumbnailUrl\":\"https:\\\/\\\/srokacompany.com\\\/wp-content\\\/uploads\\\/2020\\\/12\\\/Ailerons-retractables-Sroka.jpg\",\"datePublished\":\"2020-11-06T20:29:38+00:00\",\"dateModified\":\"2026-02-19T14:43:36+00:00\",\"description\":\"Stand up paddle aleta retr\u00e1ctil - EE.UU. y deslice en compatible. Ideal para r\u00edos, lagos o aguas poco profundas.\",\"breadcrumb\":{\"@id\":\"https:\\\/\\\/srokacompany.com\\\/es\\\/produit\\\/aleta-retractil-para-stand-up-paddle\\\/#breadcrumb\"},\"inLanguage\":\"es\",\"potentialAction\":[{\"@type\":\"ReadAction\",\"target\":[\"https:\\\/\\\/srokacompany.com\\\/es\\\/produit\\\/aleta-retractil-para-stand-up-paddle\\\/\"]}]},{\"@type\":\"ImageObject\",\"inLanguage\":\"es\",\"@id\":\"https:\\\/\\\/srokacompany.com\\\/es\\\/produit\\\/aleta-retractil-para-stand-up-paddle\\\/#primaryimage\",\"url\":\"https:\\\/\\\/srokacompany.com\\\/wp-content\\\/uploads\\\/2020\\\/12\\\/Ailerons-retractables-Sroka.jpg\",\"contentUrl\":\"https:\\\/\\\/srokacompany.com\\\/wp-content\\\/uploads\\\/2020\\\/12\\\/Ailerons-retractables-Sroka.jpg\",\"width\":780,\"height\":1040,\"caption\":\"Aleta del r\u00edo Sroka\"},{\"@type\":\"BreadcrumbList\",\"@id\":\"https:\\\/\\\/srokacompany.com\\\/es\\\/produit\\\/aleta-retractil-para-stand-up-paddle\\\/#breadcrumb\",\"itemListElement\":[{\"@type\":\"ListItem\",\"position\":1,\"name\":\"Accueil\",\"item\":\"https:\\\/\\\/srokacompany.com\\\/es\\\/\"},{\"@type\":\"ListItem\",\"position\":2,\"name\":\"Tienda\",\"item\":\"https:\\\/\\\/srokacompany.com\\\/tienda\\\/\"},{\"@type\":\"ListItem\",\"position\":3,\"name\":\"Aleta retr\u00e1ctil para stand up paddle\"}]},{\"@type\":\"WebSite\",\"@id\":\"https:\\\/\\\/srokacompany.com\\\/es\\\/#website\",\"url\":\"https:\\\/\\\/srokacompany.com\\\/es\\\/\",\"name\":\"SROKA Company\",\"description\":\"SUP, Kite, Foil, Wing\",\"publisher\":{\"@id\":\"https:\\\/\\\/srokacompany.com\\\/es\\\/#organization\"},\"potentialAction\":[{\"@type\":\"SearchAction\",\"target\":{\"@type\":\"EntryPoint\",\"urlTemplate\":\"https:\\\/\\\/srokacompany.com\\\/es\\\/?s={search_term_string}\"},\"query-input\":{\"@type\":\"PropertyValueSpecification\",\"valueRequired\":true,\"valueName\":\"search_term_string\"}}],\"inLanguage\":\"es\"},{\"@type\":\"Organization\",\"@id\":\"https:\\\/\\\/srokacompany.com\\\/es\\\/#organization\",\"name\":\"SROKACOMPANY\",\"alternateName\":\"SROKA\",\"url\":\"https:\\\/\\\/srokacompany.com\\\/es\\\/\",\"logo\":{\"@type\":\"ImageObject\",\"inLanguage\":\"es\",\"@id\":\"https:\\\/\\\/srokacompany.com\\\/es\\\/#\\\/schema\\\/logo\\\/image\\\/\",\"url\":\"https:\\\/\\\/srokacompany.com\\\/wp-content\\\/uploads\\\/2021\\\/01\\\/logo-sroka-black-transpa.png\",\"contentUrl\":\"https:\\\/\\\/srokacompany.com\\\/wp-content\\\/uploads\\\/2021\\\/01\\\/logo-sroka-black-transpa.png\",\"width\":1201,\"height\":342,\"caption\":\"SROKACOMPANY\"},\"image\":{\"@id\":\"https:\\\/\\\/srokacompany.com\\\/es\\\/#\\\/schema\\\/logo\\\/image\\\/\"},\"sameAs\":[\"https:\\\/\\\/www.facebook.com\\\/srokawatersports\\\/\",\"https:\\\/\\\/www.instagram.com\\\/srokawatersports\\\/\",\"https:\\\/\\\/www.youtube.com\\\/channel\\\/UCVLHHeaPIm-J5bdEUgxqtZA\"]}]}<\/script>\n<!-- \/ Yoast SEO plugin. -->","yoast_head_json":{"title":"Aleta retr\u00e1ctil para stand up paddle - SROKA Company","description":"Stand up paddle aleta retr\u00e1ctil - EE.UU. y deslice en compatible. Ideal para r\u00edos, lagos o aguas poco profundas.","robots":{"index":"index","follow":"follow","max-snippet":"max-snippet:-1","max-image-preview":"max-image-preview:large","max-video-preview":"max-video-preview:-1"},"canonical":"https:\/\/srokacompany.com\/es\/produit\/aleta-retractil-para-stand-up-paddle\/","og_locale":"es_ES","og_type":"article","og_title":"Aleta retr\u00e1ctil para stand up paddle - SROKA Company","og_description":"Stand up paddle aleta retr\u00e1ctil - EE.UU. y deslice en compatible. Ideal para r\u00edos, lagos o aguas poco profundas.","og_url":"https:\/\/srokacompany.com\/es\/produit\/aleta-retractil-para-stand-up-paddle\/","og_site_name":"SROKA Company","article_publisher":"https:\/\/www.facebook.com\/srokawatersports\/","article_modified_time":"2026-02-19T14:43:36+00:00","og_image":[{"width":780,"height":1040,"url":"https:\/\/srokacompany.com\/wp-content\/uploads\/2020\/12\/Ailerons-retractables-Sroka.jpg","type":"image\/jpeg"}],"twitter_misc":{"Tiempo de lectura":"1 minuto"},"schema":{"@context":"https:\/\/schema.org","@graph":[{"@type":"WebPage","@id":"https:\/\/srokacompany.com\/es\/produit\/aleta-retractil-para-stand-up-paddle\/","url":"https:\/\/srokacompany.com\/es\/produit\/aleta-retractil-para-stand-up-paddle\/","name":"Aleta retr\u00e1ctil para stand up paddle - SROKA Company","isPartOf":{"@id":"https:\/\/srokacompany.com\/es\/#website"},"primaryImageOfPage":{"@id":"https:\/\/srokacompany.com\/es\/produit\/aleta-retractil-para-stand-up-paddle\/#primaryimage"},"image":{"@id":"https:\/\/srokacompany.com\/es\/produit\/aleta-retractil-para-stand-up-paddle\/#primaryimage"},"thumbnailUrl":"https:\/\/srokacompany.com\/wp-content\/uploads\/2020\/12\/Ailerons-retractables-Sroka.jpg","datePublished":"2020-11-06T20:29:38+00:00","dateModified":"2026-02-19T14:43:36+00:00","description":"Stand up paddle aleta retr\u00e1ctil - EE.UU. y deslice en compatible. Ideal para r\u00edos, lagos o aguas poco profundas.","breadcrumb":{"@id":"https:\/\/srokacompany.com\/es\/produit\/aleta-retractil-para-stand-up-paddle\/#breadcrumb"},"inLanguage":"es","potentialAction":[{"@type":"ReadAction","target":["https:\/\/srokacompany.com\/es\/produit\/aleta-retractil-para-stand-up-paddle\/"]}]},{"@type":"ImageObject","inLanguage":"es","@id":"https:\/\/srokacompany.com\/es\/produit\/aleta-retractil-para-stand-up-paddle\/#primaryimage","url":"https:\/\/srokacompany.com\/wp-content\/uploads\/2020\/12\/Ailerons-retractables-Sroka.jpg","contentUrl":"https:\/\/srokacompany.com\/wp-content\/uploads\/2020\/12\/Ailerons-retractables-Sroka.jpg","width":780,"height":1040,"caption":"Aleta del r\u00edo Sroka"},{"@type":"BreadcrumbList","@id":"https:\/\/srokacompany.com\/es\/produit\/aleta-retractil-para-stand-up-paddle\/#breadcrumb","itemListElement":[{"@type":"ListItem","position":1,"name":"Accueil","item":"https:\/\/srokacompany.com\/es\/"},{"@type":"ListItem","position":2,"name":"Tienda","item":"https:\/\/srokacompany.com\/tienda\/"},{"@type":"ListItem","position":3,"name":"Aleta retr\u00e1ctil para stand up paddle"}]},{"@type":"WebSite","@id":"https:\/\/srokacompany.com\/es\/#website","url":"https:\/\/srokacompany.com\/es\/","name":"SROKA Company","description":"SUP, Kite, Foil, Wing","publisher":{"@id":"https:\/\/srokacompany.com\/es\/#organization"},"potentialAction":[{"@type":"SearchAction","target":{"@type":"EntryPoint","urlTemplate":"https:\/\/srokacompany.com\/es\/?s={search_term_string}"},"query-input":{"@type":"PropertyValueSpecification","valueRequired":true,"valueName":"search_term_string"}}],"inLanguage":"es"},{"@type":"Organization","@id":"https:\/\/srokacompany.com\/es\/#organization","name":"SROKACOMPANY","alternateName":"SROKA","url":"https:\/\/srokacompany.com\/es\/","logo":{"@type":"ImageObject","inLanguage":"es","@id":"https:\/\/srokacompany.com\/es\/#\/schema\/logo\/image\/","url":"https:\/\/srokacompany.com\/wp-content\/uploads\/2021\/01\/logo-sroka-black-transpa.png","contentUrl":"https:\/\/srokacompany.com\/wp-content\/uploads\/2021\/01\/logo-sroka-black-transpa.png","width":1201,"height":342,"caption":"SROKACOMPANY"},"image":{"@id":"https:\/\/srokacompany.com\/es\/#\/schema\/logo\/image\/"},"sameAs":["https:\/\/www.facebook.com\/srokawatersports\/","https:\/\/www.instagram.com\/srokawatersports\/","https:\/\/www.youtube.com\/channel\/UCVLHHeaPIm-J5bdEUgxqtZA"]}]}},"uagb_featured_image_src":{"full":["https:\/\/srokacompany.com\/wp-content\/uploads\/2020\/12\/Ailerons-retractables-Sroka.jpg",780,1040,false],"thumbnail":["https:\/\/srokacompany.com\/wp-content\/uploads\/2020\/12\/Ailerons-retractables-Sroka-150x150.jpg",150,150,true],"medium":["https:\/\/srokacompany.com\/wp-content\/uploads\/2020\/12\/Ailerons-retractables-Sroka-225x300.jpg",225,300,true],"medium_large":["https:\/\/srokacompany.com\/wp-content\/uploads\/2020\/12\/Ailerons-retractables-Sroka-768x1024.jpg",768,1024,true],"large":["https:\/\/srokacompany.com\/wp-content\/uploads\/2020\/12\/Ailerons-retractables-Sroka-768x1024.jpg",768,1024,true],"1536x1536":["https:\/\/srokacompany.com\/wp-content\/uploads\/2020\/12\/Ailerons-retractables-Sroka.jpg",780,1040,false],"2048x2048":["https:\/\/srokacompany.com\/wp-content\/uploads\/2020\/12\/Ailerons-retractables-Sroka.jpg",780,1040,false],"woocommerce_thumbnail":["https:\/\/srokacompany.com\/wp-content\/uploads\/2020\/12\/Ailerons-retractables-Sroka-600x800.jpg",600,800,true],"woocommerce_single":["https:\/\/srokacompany.com\/wp-content\/uploads\/2020\/12\/Ailerons-retractables-Sroka-600x800.jpg",600,800,true],"woocommerce_gallery_thumbnail":["https:\/\/srokacompany.com\/wp-content\/uploads\/2020\/12\/Ailerons-retractables-Sroka-100x100.jpg",100,100,true],"dgwt-wcas-product-suggestion":["https:\/\/srokacompany.com\/wp-content\/uploads\/2020\/12\/Ailerons-retractables-Sroka.jpg",64,85,false]},"uagb_author_info":{"display_name":"Tristan Dumard","author_link":"https:\/\/srokacompany.com\/es\/blog\/author\/"},"uagb_comment_info":0,"uagb_excerpt":"Stand up paddle aleta retr\u00e1ctil La aleta retr\u00e1ctil le permite remar en todas las aguas poco profundas. Si entra en contacto con el agua, se repliega para evitar roturas. La construcci\u00f3n alemana es muy s\u00f3lida y duradera, lo que hace que tu remo sea f\u00e1cil de manejar. SUP. Es apto para todos los niveles y&hellip;","jetpack_sharing_enabled":true,"_links":{"self":[{"href":"https:\/\/srokacompany.com\/es\/wp-json\/wp\/v2\/product\/341919","targetHints":{"allow":["GET"]}}],"collection":[{"href":"https:\/\/srokacompany.com\/es\/wp-json\/wp\/v2\/product"}],"about":[{"href":"https:\/\/srokacompany.com\/es\/wp-json\/wp\/v2\/types\/product"}],"wp:featuredmedia":[{"embeddable":true,"href":"https:\/\/srokacompany.com\/es\/wp-json\/wp\/v2\/media\/341921"}],"wp:attachment":[{"href":"https:\/\/srokacompany.com\/es\/wp-json\/wp\/v2\/media?parent=341919"}],"wp:term":[{"taxonomy":"product_brand","embeddable":true,"href":"https:\/\/srokacompany.com\/es\/wp-json\/wp\/v2\/product_brand?post=341919"},{"taxonomy":"product_cat","embeddable":true,"href":"https:\/\/srokacompany.com\/es\/wp-json\/wp\/v2\/product_cat?post=341919"},{"taxonomy":"product_tag","embeddable":true,"href":"https:\/\/srokacompany.com\/es\/wp-json\/wp\/v2\/product_tag?post=341919"}],"curies":[{"name":"wp","href":"https:\/\/api.w.org\/{rel}","templated":true}]}}