{"id":342051,"date":"2021-01-13T11:00:26","date_gmt":"2021-01-13T11:00:26","guid":{"rendered":"https:\/\/srokacompany.com\/produit\/bomba-de-doble-accion-sup-inflable\/"},"modified":"2025-11-21T18:08:58","modified_gmt":"2025-11-21T16:08:58","slug":"bomba-de-doble-accion-sup-inflable","status":"publish","type":"product","link":"https:\/\/srokacompany.com\/es\/produit\/bomba-de-doble-accion-sup-inflable\/","title":{"rendered":"Bomba de remo hinchable"},"content":{"rendered":"<hr>\n<h1>Bomba de doble acci\u00f3n para SUP Sroka: comodidad y eficacia<\/h1>\n<p>La <strong>bomba inflable de doble acci\u00f3n para Stand up paddle Sroka<\/strong> infla tu SUP de forma eficiente para un despegue r\u00e1pido y c\u00f3modo gracias a su alta presi\u00f3n.<\/p>\n<ul>\n<li>Compatible con todos nuestros Stand up paddle<\/li>\n<li>Dispone de:<br \/>\n&#8211; una boquilla adaptada<br \/>\n&#8211; un man\u00f3metro de PSI y bar<br \/>\n&#8211; una c\u00f3moda empu\u00f1adura<\/li>\n<li>Tambi\u00e9n le permite cambiar de un modo de doble acci\u00f3n a uno de acci\u00f3n simple con facilidad.<\/li>\n<li>Su peque\u00f1o tama\u00f1o permitir\u00e1 que se olvide en un ba\u00fal o mochila durante tus viajes o aventuras en familia.<\/li>\n<\/ul>\n<p>Se puede utilizar para inflar <a href=\"https:\/\/srokacompany.com\/es\/eshop\/junta-de-sup\/\">todos los Stand up paddle de Sroka<\/a> (Malibu, <a href=\"https:\/\/srokacompany.com\/es\/produit\/pala-hinchable-para-mujer-girly-fusion\/\">Paddle femme Girly<\/a>, Alpha, Easy).<\/p>\n","protected":false},"excerpt":{"rendered":"<p>Bomba de doble acci\u00f3n para SUP Sroka: comodidad y eficacia La bomba inflable de doble acci\u00f3n para Stand up paddle Sroka infla tu SUP de forma eficiente para un despegue r\u00e1pido y c\u00f3modo gracias a su alta presi\u00f3n. Compatible con todos nuestros Stand up paddle Dispone de: &#8211; una boquilla adaptada &#8211; un man\u00f3metro de [&hellip;]<\/p>\n","protected":false},"featured_media":342053,"template":"","meta":{"_acf_changed":false,"_uag_custom_page_level_css":""},"product_brand":[],"product_cat":[3597,3647,3648,4260],"product_tag":[],"class_list":{"0":"post-342051","1":"product","2":"type-product","3":"status-publish","4":"has-post-thumbnail","6":"product_cat-accesorios-de-padel","7":"product_cat-buenos-planes","8":"product_cat-paleta-usada","9":"product_cat-viernes-negro","11":"first","12":"instock","13":"sale","14":"taxable","15":"shipping-taxable","16":"purchasable","17":"product-type-simple"},"acf":[],"yoast_head":"<!-- This site is optimized with the Yoast SEO plugin v27.4 - https:\/\/yoast.com\/product\/yoast-seo-wordpress\/ -->\n<title>Bomba de remo hinchable - SROKA Company<\/title>\n<meta name=\"description\" content=\"La bomba de SUP inflable de Sroka Company proporciona un inflado c\u00f3modo y eficiente para un lanzamiento r\u00e1pido. En stock.\" \/>\n<meta name=\"robots\" content=\"index, follow, max-snippet:-1, max-image-preview:large, max-video-preview:-1\" \/>\n<link rel=\"canonical\" href=\"https:\/\/srokacompany.com\/es\/produit\/bomba-de-doble-accion-sup-inflable\/\" \/>\n<meta property=\"og:locale\" content=\"es_ES\" \/>\n<meta property=\"og:type\" content=\"article\" \/>\n<meta property=\"og:title\" content=\"Bomba de remo hinchable - SROKA Company\" \/>\n<meta property=\"og:description\" content=\"La bomba de SUP inflable de Sroka Company proporciona un inflado c\u00f3modo y eficiente para un lanzamiento r\u00e1pido. En stock.\" \/>\n<meta property=\"og:url\" content=\"https:\/\/srokacompany.com\/es\/produit\/bomba-de-doble-accion-sup-inflable\/\" \/>\n<meta property=\"og:site_name\" content=\"SROKA Company\" \/>\n<meta property=\"article:publisher\" content=\"https:\/\/www.facebook.com\/srokawatersports\/\" \/>\n<meta property=\"article:modified_time\" content=\"2025-11-21T16:08:58+00:00\" \/>\n<meta property=\"og:image\" content=\"https:\/\/srokacompany.com\/wp-content\/uploads\/2021\/01\/Pompe-double-flux-Soka-Company.jpg\" \/>\n\t<meta property=\"og:image:width\" content=\"1560\" \/>\n\t<meta property=\"og:image:height\" content=\"2080\" \/>\n\t<meta property=\"og:image:type\" content=\"image\/jpeg\" \/>\n<meta name=\"twitter:label1\" content=\"Tiempo de lectura\" \/>\n\t<meta name=\"twitter:data1\" content=\"1 minuto\" \/>\n<script type=\"application\/ld+json\" class=\"yoast-schema-graph\">{\"@context\":\"https:\\\/\\\/schema.org\",\"@graph\":[{\"@type\":\"WebPage\",\"@id\":\"https:\\\/\\\/srokacompany.com\\\/es\\\/produit\\\/bomba-de-doble-accion-sup-inflable\\\/\",\"url\":\"https:\\\/\\\/srokacompany.com\\\/es\\\/produit\\\/bomba-de-doble-accion-sup-inflable\\\/\",\"name\":\"Bomba de remo hinchable - SROKA Company\",\"isPartOf\":{\"@id\":\"https:\\\/\\\/srokacompany.com\\\/es\\\/#website\"},\"primaryImageOfPage\":{\"@id\":\"https:\\\/\\\/srokacompany.com\\\/es\\\/produit\\\/bomba-de-doble-accion-sup-inflable\\\/#primaryimage\"},\"image\":{\"@id\":\"https:\\\/\\\/srokacompany.com\\\/es\\\/produit\\\/bomba-de-doble-accion-sup-inflable\\\/#primaryimage\"},\"thumbnailUrl\":\"https:\\\/\\\/srokacompany.com\\\/wp-content\\\/uploads\\\/2021\\\/01\\\/Pompe-double-flux-Soka-Company.jpg\",\"datePublished\":\"2021-01-13T11:00:26+00:00\",\"dateModified\":\"2025-11-21T16:08:58+00:00\",\"description\":\"La bomba de SUP inflable de Sroka Company proporciona un inflado c\u00f3modo y eficiente para un lanzamiento r\u00e1pido. En stock.\",\"breadcrumb\":{\"@id\":\"https:\\\/\\\/srokacompany.com\\\/es\\\/produit\\\/bomba-de-doble-accion-sup-inflable\\\/#breadcrumb\"},\"inLanguage\":\"es\",\"potentialAction\":[{\"@type\":\"ReadAction\",\"target\":[\"https:\\\/\\\/srokacompany.com\\\/es\\\/produit\\\/bomba-de-doble-accion-sup-inflable\\\/\"]}]},{\"@type\":\"ImageObject\",\"inLanguage\":\"es\",\"@id\":\"https:\\\/\\\/srokacompany.com\\\/es\\\/produit\\\/bomba-de-doble-accion-sup-inflable\\\/#primaryimage\",\"url\":\"https:\\\/\\\/srokacompany.com\\\/wp-content\\\/uploads\\\/2021\\\/01\\\/Pompe-double-flux-Soka-Company.jpg\",\"contentUrl\":\"https:\\\/\\\/srokacompany.com\\\/wp-content\\\/uploads\\\/2021\\\/01\\\/Pompe-double-flux-Soka-Company.jpg\",\"width\":1560,\"height\":2080,\"caption\":\"pomple double action Sroka Company c\u00f3mo inflar una paleta\"},{\"@type\":\"BreadcrumbList\",\"@id\":\"https:\\\/\\\/srokacompany.com\\\/es\\\/produit\\\/bomba-de-doble-accion-sup-inflable\\\/#breadcrumb\",\"itemListElement\":[{\"@type\":\"ListItem\",\"position\":1,\"name\":\"Accueil\",\"item\":\"https:\\\/\\\/srokacompany.com\\\/es\\\/\"},{\"@type\":\"ListItem\",\"position\":2,\"name\":\"Tienda\",\"item\":\"https:\\\/\\\/srokacompany.com\\\/tienda\\\/\"},{\"@type\":\"ListItem\",\"position\":3,\"name\":\"Bomba de remo hinchable\"}]},{\"@type\":\"WebSite\",\"@id\":\"https:\\\/\\\/srokacompany.com\\\/es\\\/#website\",\"url\":\"https:\\\/\\\/srokacompany.com\\\/es\\\/\",\"name\":\"SROKA Company\",\"description\":\"SUP, Kite, Foil, Wing\",\"publisher\":{\"@id\":\"https:\\\/\\\/srokacompany.com\\\/es\\\/#organization\"},\"potentialAction\":[{\"@type\":\"SearchAction\",\"target\":{\"@type\":\"EntryPoint\",\"urlTemplate\":\"https:\\\/\\\/srokacompany.com\\\/es\\\/?s={search_term_string}\"},\"query-input\":{\"@type\":\"PropertyValueSpecification\",\"valueRequired\":true,\"valueName\":\"search_term_string\"}}],\"inLanguage\":\"es\"},{\"@type\":\"Organization\",\"@id\":\"https:\\\/\\\/srokacompany.com\\\/es\\\/#organization\",\"name\":\"SROKACOMPANY\",\"alternateName\":\"SROKA\",\"url\":\"https:\\\/\\\/srokacompany.com\\\/es\\\/\",\"logo\":{\"@type\":\"ImageObject\",\"inLanguage\":\"es\",\"@id\":\"https:\\\/\\\/srokacompany.com\\\/es\\\/#\\\/schema\\\/logo\\\/image\\\/\",\"url\":\"https:\\\/\\\/srokacompany.com\\\/wp-content\\\/uploads\\\/2021\\\/01\\\/logo-sroka-black-transpa.png\",\"contentUrl\":\"https:\\\/\\\/srokacompany.com\\\/wp-content\\\/uploads\\\/2021\\\/01\\\/logo-sroka-black-transpa.png\",\"width\":1201,\"height\":342,\"caption\":\"SROKACOMPANY\"},\"image\":{\"@id\":\"https:\\\/\\\/srokacompany.com\\\/es\\\/#\\\/schema\\\/logo\\\/image\\\/\"},\"sameAs\":[\"https:\\\/\\\/www.facebook.com\\\/srokawatersports\\\/\",\"https:\\\/\\\/www.instagram.com\\\/srokawatersports\\\/\",\"https:\\\/\\\/www.youtube.com\\\/channel\\\/UCVLHHeaPIm-J5bdEUgxqtZA\"]}]}<\/script>\n<!-- \/ Yoast SEO plugin. -->","yoast_head_json":{"title":"Bomba de remo hinchable - SROKA Company","description":"La bomba de SUP inflable de Sroka Company proporciona un inflado c\u00f3modo y eficiente para un lanzamiento r\u00e1pido. En stock.","robots":{"index":"index","follow":"follow","max-snippet":"max-snippet:-1","max-image-preview":"max-image-preview:large","max-video-preview":"max-video-preview:-1"},"canonical":"https:\/\/srokacompany.com\/es\/produit\/bomba-de-doble-accion-sup-inflable\/","og_locale":"es_ES","og_type":"article","og_title":"Bomba de remo hinchable - SROKA Company","og_description":"La bomba de SUP inflable de Sroka Company proporciona un inflado c\u00f3modo y eficiente para un lanzamiento r\u00e1pido. En stock.","og_url":"https:\/\/srokacompany.com\/es\/produit\/bomba-de-doble-accion-sup-inflable\/","og_site_name":"SROKA Company","article_publisher":"https:\/\/www.facebook.com\/srokawatersports\/","article_modified_time":"2025-11-21T16:08:58+00:00","og_image":[{"width":1560,"height":2080,"url":"https:\/\/srokacompany.com\/wp-content\/uploads\/2021\/01\/Pompe-double-flux-Soka-Company.jpg","type":"image\/jpeg"}],"twitter_misc":{"Tiempo de lectura":"1 minuto"},"schema":{"@context":"https:\/\/schema.org","@graph":[{"@type":"WebPage","@id":"https:\/\/srokacompany.com\/es\/produit\/bomba-de-doble-accion-sup-inflable\/","url":"https:\/\/srokacompany.com\/es\/produit\/bomba-de-doble-accion-sup-inflable\/","name":"Bomba de remo hinchable - SROKA Company","isPartOf":{"@id":"https:\/\/srokacompany.com\/es\/#website"},"primaryImageOfPage":{"@id":"https:\/\/srokacompany.com\/es\/produit\/bomba-de-doble-accion-sup-inflable\/#primaryimage"},"image":{"@id":"https:\/\/srokacompany.com\/es\/produit\/bomba-de-doble-accion-sup-inflable\/#primaryimage"},"thumbnailUrl":"https:\/\/srokacompany.com\/wp-content\/uploads\/2021\/01\/Pompe-double-flux-Soka-Company.jpg","datePublished":"2021-01-13T11:00:26+00:00","dateModified":"2025-11-21T16:08:58+00:00","description":"La bomba de SUP inflable de Sroka Company proporciona un inflado c\u00f3modo y eficiente para un lanzamiento r\u00e1pido. En stock.","breadcrumb":{"@id":"https:\/\/srokacompany.com\/es\/produit\/bomba-de-doble-accion-sup-inflable\/#breadcrumb"},"inLanguage":"es","potentialAction":[{"@type":"ReadAction","target":["https:\/\/srokacompany.com\/es\/produit\/bomba-de-doble-accion-sup-inflable\/"]}]},{"@type":"ImageObject","inLanguage":"es","@id":"https:\/\/srokacompany.com\/es\/produit\/bomba-de-doble-accion-sup-inflable\/#primaryimage","url":"https:\/\/srokacompany.com\/wp-content\/uploads\/2021\/01\/Pompe-double-flux-Soka-Company.jpg","contentUrl":"https:\/\/srokacompany.com\/wp-content\/uploads\/2021\/01\/Pompe-double-flux-Soka-Company.jpg","width":1560,"height":2080,"caption":"pomple double action Sroka Company c\u00f3mo inflar una paleta"},{"@type":"BreadcrumbList","@id":"https:\/\/srokacompany.com\/es\/produit\/bomba-de-doble-accion-sup-inflable\/#breadcrumb","itemListElement":[{"@type":"ListItem","position":1,"name":"Accueil","item":"https:\/\/srokacompany.com\/es\/"},{"@type":"ListItem","position":2,"name":"Tienda","item":"https:\/\/srokacompany.com\/tienda\/"},{"@type":"ListItem","position":3,"name":"Bomba de remo hinchable"}]},{"@type":"WebSite","@id":"https:\/\/srokacompany.com\/es\/#website","url":"https:\/\/srokacompany.com\/es\/","name":"SROKA Company","description":"SUP, Kite, Foil, Wing","publisher":{"@id":"https:\/\/srokacompany.com\/es\/#organization"},"potentialAction":[{"@type":"SearchAction","target":{"@type":"EntryPoint","urlTemplate":"https:\/\/srokacompany.com\/es\/?s={search_term_string}"},"query-input":{"@type":"PropertyValueSpecification","valueRequired":true,"valueName":"search_term_string"}}],"inLanguage":"es"},{"@type":"Organization","@id":"https:\/\/srokacompany.com\/es\/#organization","name":"SROKACOMPANY","alternateName":"SROKA","url":"https:\/\/srokacompany.com\/es\/","logo":{"@type":"ImageObject","inLanguage":"es","@id":"https:\/\/srokacompany.com\/es\/#\/schema\/logo\/image\/","url":"https:\/\/srokacompany.com\/wp-content\/uploads\/2021\/01\/logo-sroka-black-transpa.png","contentUrl":"https:\/\/srokacompany.com\/wp-content\/uploads\/2021\/01\/logo-sroka-black-transpa.png","width":1201,"height":342,"caption":"SROKACOMPANY"},"image":{"@id":"https:\/\/srokacompany.com\/es\/#\/schema\/logo\/image\/"},"sameAs":["https:\/\/www.facebook.com\/srokawatersports\/","https:\/\/www.instagram.com\/srokawatersports\/","https:\/\/www.youtube.com\/channel\/UCVLHHeaPIm-J5bdEUgxqtZA"]}]}},"uagb_featured_image_src":{"full":["https:\/\/srokacompany.com\/wp-content\/uploads\/2021\/01\/Pompe-double-flux-Soka-Company.jpg",1560,2080,false],"thumbnail":["https:\/\/srokacompany.com\/wp-content\/uploads\/2021\/01\/Pompe-double-flux-Soka-Company-150x150.jpg",150,150,true],"medium":["https:\/\/srokacompany.com\/wp-content\/uploads\/2021\/01\/Pompe-double-flux-Soka-Company-225x300.jpg",225,300,true],"medium_large":["https:\/\/srokacompany.com\/wp-content\/uploads\/2021\/01\/Pompe-double-flux-Soka-Company-768x1024.jpg",768,1024,true],"large":["https:\/\/srokacompany.com\/wp-content\/uploads\/2021\/01\/Pompe-double-flux-Soka-Company-768x1024.jpg",768,1024,true],"1536x1536":["https:\/\/srokacompany.com\/wp-content\/uploads\/2021\/01\/Pompe-double-flux-Soka-Company-1152x1536.jpg",1152,1536,true],"2048x2048":["https:\/\/srokacompany.com\/wp-content\/uploads\/2021\/01\/Pompe-double-flux-Soka-Company-1536x2048.jpg",1536,2048,true],"woocommerce_thumbnail":["https:\/\/srokacompany.com\/wp-content\/uploads\/2021\/01\/Pompe-double-flux-Soka-Company-600x800.jpg",600,800,true],"woocommerce_single":["https:\/\/srokacompany.com\/wp-content\/uploads\/2021\/01\/Pompe-double-flux-Soka-Company-600x800.jpg",600,800,true],"woocommerce_gallery_thumbnail":["https:\/\/srokacompany.com\/wp-content\/uploads\/2021\/01\/Pompe-double-flux-Soka-Company-100x100.jpg",100,100,true],"dgwt-wcas-product-suggestion":["https:\/\/srokacompany.com\/wp-content\/uploads\/2021\/01\/Pompe-double-flux-Soka-Company.jpg",64,85,false]},"uagb_author_info":{"display_name":"Tristan Dumard","author_link":"https:\/\/srokacompany.com\/es\/blog\/author\/"},"uagb_comment_info":0,"uagb_excerpt":"Bomba de doble acci\u00f3n para SUP Sroka: comodidad y eficacia La bomba inflable de doble acci\u00f3n para Stand up paddle Sroka infla tu SUP de forma eficiente para un despegue r\u00e1pido y c\u00f3modo gracias a su alta presi\u00f3n. Compatible con todos nuestros Stand up paddle Dispone de: &#8211; una boquilla adaptada &#8211; un man\u00f3metro de&hellip;","jetpack_sharing_enabled":true,"_links":{"self":[{"href":"https:\/\/srokacompany.com\/es\/wp-json\/wp\/v2\/product\/342051","targetHints":{"allow":["GET"]}}],"collection":[{"href":"https:\/\/srokacompany.com\/es\/wp-json\/wp\/v2\/product"}],"about":[{"href":"https:\/\/srokacompany.com\/es\/wp-json\/wp\/v2\/types\/product"}],"wp:featuredmedia":[{"embeddable":true,"href":"https:\/\/srokacompany.com\/es\/wp-json\/wp\/v2\/media\/342053"}],"wp:attachment":[{"href":"https:\/\/srokacompany.com\/es\/wp-json\/wp\/v2\/media?parent=342051"}],"wp:term":[{"taxonomy":"product_brand","embeddable":true,"href":"https:\/\/srokacompany.com\/es\/wp-json\/wp\/v2\/product_brand?post=342051"},{"taxonomy":"product_cat","embeddable":true,"href":"https:\/\/srokacompany.com\/es\/wp-json\/wp\/v2\/product_cat?post=342051"},{"taxonomy":"product_tag","embeddable":true,"href":"https:\/\/srokacompany.com\/es\/wp-json\/wp\/v2\/product_tag?post=342051"}],"curies":[{"name":"wp","href":"https:\/\/api.w.org\/{rel}","templated":true}]}}