{"id":342102,"date":"2020-12-03T18:32:08","date_gmt":"2020-12-03T18:32:08","guid":{"rendered":"https:\/\/srokacompany.com\/produit\/s-foil-aspecto-alto-1190\/"},"modified":"2025-11-25T10:43:57","modified_gmt":"2025-11-25T08:43:57","slug":"s-foil-aspecto-alto-1190","status":"publish","type":"product","link":"https:\/\/srokacompany.com\/es\/produit\/s-foil-aspecto-alto-1190\/","title":{"rendered":"S-Foil Aspecto alto 1190"},"content":{"rendered":"<hr>\n<h1 style=\"text-align: justify;\">Descubra la S-Foil High Aspect<\/h1>\n<p style=\"text-align: justify;\">Con su ala High Aspect (1190 L o 1190 S), la S-Foil ofrece un bombeo sin esfuerzo y unas sensaciones de planeo m\u00e1gicas. Esta gama complementa la gama S-Foil Classic, que ofrece alas delanteras complementarias para superar los l\u00edmites de tu vuelo. <\/p>\n<ul>\n<li style=\"text-align: justify;\">El ala HA 1190 S (Speed) est\u00e1 hecha para Wingfoil. Ofrece una magn\u00edfica sensaci\u00f3n de velocidad adem\u00e1s de un pumipng super eficiente. Esta vela es una de las m\u00e1s r\u00e1pidas de nuestra gama, junto con la 1250 Classic y la 950 Speed. Gracias a su perfil, relaci\u00f3n de aspecto y envergadura, ofrece una excelente estabilidad en l\u00ednea recta, as\u00ed como picos de velocidad suaves, f\u00e1ciles y totalmente controlados. Tambi\u00e9n har\u00e1 maravillas en Kite Foil y Wind Foil.    <\/li>\n<li style=\"text-align: justify;\">La cometa H 1190 L (Lift) est\u00e1 destinada a los amantes del Surf Foil, SUP foil, Wake Foil. La HA 1190 L (Lift) est\u00e1 claramente orientada al Surf Foil con un perfil m\u00e1s portante pero m\u00e1s lenta que la HA 1190 S. Su elevaci\u00f3n entre un 15 y un 20% mayor te da m\u00e1s elevaci\u00f3n y m\u00e1s potencia.  Esto te permitir\u00e1 optimizar tu bombeo para volver a conectar las olas sin parar.<\/li>\n<\/ul>\n<p style=\"text-align: justify;\">Descubre todas las novedades de la S-Foil y los detalles de la gama High Aspect. Tambi\u00e9n le ayudaremos a elegir el ala delantera que mejor se adapte a su estilo de vuelo en esta ficha de producto. Se suministra con su funda de transporte y su torniller\u00eda completa.  <\/p>\n<p>Tambi\u00e9n est\u00e1 la <a href=\"https:\/\/srokacompany.com\/produit\/new-s-foil-high-aspect-950-speed\/\">950HA Speed<\/a> para los amantes de la velocidad pura y la <a href=\"https:\/\/srokacompany.com\/es\/produit\/s-foil-elevador-high-aspect-1350\/\">1350 HA Lift<\/a> para los que quieren deslizarse sin parar.<\/p>\n<p>&nbsp;<\/p>\n<blockquote class=\"wp-embedded-content\" data-secret=\"X2SoJ4FTXU\"><p><a href=\"https:\/\/srokacompany.com\/es\/especificaciones-tecnicas-de-las-alas-y-tablas-de-foil-sroka\/\">Caract\u00e9ristiques techniques des ailes et planches de foil Sroka<\/a><\/p><\/blockquote>\n<p><iframe loading=\"lazy\" class=\"wp-embedded-content\" sandbox=\"allow-scripts\" security=\"restricted\" style=\"position: absolute; visibility: hidden;\" title=\"\u00abCaract\u00e9ristiques techniques des ailes et planches de foil Sroka\u00bb \u2014 SROKA Company\" src=\"https:\/\/srokacompany.com\/es\/especificaciones-tecnicas-de-las-alas-y-tablas-de-foil-sroka\/embed\/#?secret=sRQTnBliw4#?secret=X2SoJ4FTXU\" data-secret=\"X2SoJ4FTXU\" width=\"500\" height=\"282\" frameborder=\"0\" marginwidth=\"0\" marginheight=\"0\" scrolling=\"no\"><\/iframe><\/p>\n","protected":false},"excerpt":{"rendered":"<p>S &#8211; Foil HA 1190: Un foil deslizante, r\u00e1pido y ultraf\u00e1cil. Foil plug and play. <\/p>\n","protected":false},"featured_media":342114,"template":"","meta":{"_acf_changed":false,"_uag_custom_page_level_css":""},"product_brand":[],"product_cat":[3486,3480,3539,3444],"product_tag":[3429,3427],"class_list":{"0":"post-342102","1":"product","2":"type-product","3":"status-publish","4":"has-post-thumbnail","6":"product_cat-ala-de-laminas-foil","7":"product_cat-foil-es","8":"product_cat-todas-nuestras-laminas-de-alto-aspecto","9":"product_cat-wing-foil-es","10":"product_tag-avanzado","11":"product_tag-ingenioso","12":"product_shipping_class-foil-unidad-completa-o-piezas-alas","14":"first","15":"instock","16":"taxable","17":"shipping-taxable","18":"purchasable","19":"product-type-variable","20":"has-default-attributes"},"acf":[],"yoast_head":"<!-- This site is optimized with the Yoast SEO plugin v27.4 - https:\/\/yoast.com\/product\/yoast-seo-wordpress\/ -->\n<title>S-Foil High Aspect 1190 Velocidad y elevaci\u00f3n - SROKA Company<\/title>\n<meta name=\"description\" content=\"El nuevo S-Foil High Aspect 1190 Speed and Lift de la empresa Sroka con su aleta ofrece lo mejor de ambos mundos: rendimiento y precio.\" \/>\n<meta name=\"robots\" content=\"index, follow, max-snippet:-1, max-image-preview:large, max-video-preview:-1\" \/>\n<link rel=\"canonical\" href=\"https:\/\/srokacompany.com\/es\/produit\/s-foil-aspecto-alto-1190\/\" \/>\n<meta property=\"og:locale\" content=\"es_ES\" \/>\n<meta property=\"og:type\" content=\"article\" \/>\n<meta property=\"og:title\" content=\"S-Foil High Aspect 1190 Velocidad y elevaci\u00f3n - SROKA Company\" \/>\n<meta property=\"og:description\" content=\"El nuevo S-Foil High Aspect 1190 Speed and Lift de la empresa Sroka con su aleta ofrece lo mejor de ambos mundos: rendimiento y precio.\" \/>\n<meta property=\"og:url\" content=\"https:\/\/srokacompany.com\/es\/produit\/s-foil-aspecto-alto-1190\/\" \/>\n<meta property=\"og:site_name\" content=\"SROKA Company\" \/>\n<meta property=\"article:publisher\" content=\"https:\/\/www.facebook.com\/srokawatersports\/\" \/>\n<meta property=\"article:modified_time\" content=\"2025-11-25T08:43:57+00:00\" \/>\n<meta property=\"og:image\" content=\"https:\/\/srokacompany.com\/wp-content\/uploads\/2020\/12\/7.jpg\" \/>\n\t<meta property=\"og:image:width\" content=\"740\" \/>\n\t<meta property=\"og:image:height\" content=\"1080\" \/>\n\t<meta property=\"og:image:type\" content=\"image\/jpeg\" \/>\n<meta name=\"twitter:label1\" content=\"Tiempo de lectura\" \/>\n\t<meta name=\"twitter:data1\" content=\"1 minuto\" \/>\n<script type=\"application\/ld+json\" class=\"yoast-schema-graph\">{\"@context\":\"https:\\\/\\\/schema.org\",\"@graph\":[{\"@type\":\"WebPage\",\"@id\":\"https:\\\/\\\/srokacompany.com\\\/es\\\/produit\\\/s-foil-aspecto-alto-1190\\\/\",\"url\":\"https:\\\/\\\/srokacompany.com\\\/es\\\/produit\\\/s-foil-aspecto-alto-1190\\\/\",\"name\":\"S-Foil High Aspect 1190 Velocidad y elevaci\u00f3n - SROKA Company\",\"isPartOf\":{\"@id\":\"https:\\\/\\\/srokacompany.com\\\/es\\\/#website\"},\"primaryImageOfPage\":{\"@id\":\"https:\\\/\\\/srokacompany.com\\\/es\\\/produit\\\/s-foil-aspecto-alto-1190\\\/#primaryimage\"},\"image\":{\"@id\":\"https:\\\/\\\/srokacompany.com\\\/es\\\/produit\\\/s-foil-aspecto-alto-1190\\\/#primaryimage\"},\"thumbnailUrl\":\"https:\\\/\\\/srokacompany.com\\\/wp-content\\\/uploads\\\/2020\\\/12\\\/7.jpg\",\"datePublished\":\"2020-12-03T18:32:08+00:00\",\"dateModified\":\"2025-11-25T08:43:57+00:00\",\"description\":\"El nuevo S-Foil High Aspect 1190 Speed and Lift de la empresa Sroka con su aleta ofrece lo mejor de ambos mundos: rendimiento y precio.\",\"breadcrumb\":{\"@id\":\"https:\\\/\\\/srokacompany.com\\\/es\\\/produit\\\/s-foil-aspecto-alto-1190\\\/#breadcrumb\"},\"inLanguage\":\"es\",\"potentialAction\":[{\"@type\":\"ReadAction\",\"target\":[\"https:\\\/\\\/srokacompany.com\\\/es\\\/produit\\\/s-foil-aspecto-alto-1190\\\/\"]}]},{\"@type\":\"ImageObject\",\"inLanguage\":\"es\",\"@id\":\"https:\\\/\\\/srokacompany.com\\\/es\\\/produit\\\/s-foil-aspecto-alto-1190\\\/#primaryimage\",\"url\":\"https:\\\/\\\/srokacompany.com\\\/wp-content\\\/uploads\\\/2020\\\/12\\\/7.jpg\",\"contentUrl\":\"https:\\\/\\\/srokacompany.com\\\/wp-content\\\/uploads\\\/2020\\\/12\\\/7.jpg\",\"width\":740,\"height\":1080},{\"@type\":\"BreadcrumbList\",\"@id\":\"https:\\\/\\\/srokacompany.com\\\/es\\\/produit\\\/s-foil-aspecto-alto-1190\\\/#breadcrumb\",\"itemListElement\":[{\"@type\":\"ListItem\",\"position\":1,\"name\":\"Accueil\",\"item\":\"https:\\\/\\\/srokacompany.com\\\/es\\\/\"},{\"@type\":\"ListItem\",\"position\":2,\"name\":\"Tienda\",\"item\":\"https:\\\/\\\/srokacompany.com\\\/tienda\\\/\"},{\"@type\":\"ListItem\",\"position\":3,\"name\":\"S-Foil Aspecto alto 1190\"}]},{\"@type\":\"WebSite\",\"@id\":\"https:\\\/\\\/srokacompany.com\\\/es\\\/#website\",\"url\":\"https:\\\/\\\/srokacompany.com\\\/es\\\/\",\"name\":\"SROKA Company\",\"description\":\"SUP, Kite, Foil, Wing\",\"publisher\":{\"@id\":\"https:\\\/\\\/srokacompany.com\\\/es\\\/#organization\"},\"potentialAction\":[{\"@type\":\"SearchAction\",\"target\":{\"@type\":\"EntryPoint\",\"urlTemplate\":\"https:\\\/\\\/srokacompany.com\\\/es\\\/?s={search_term_string}\"},\"query-input\":{\"@type\":\"PropertyValueSpecification\",\"valueRequired\":true,\"valueName\":\"search_term_string\"}}],\"inLanguage\":\"es\"},{\"@type\":\"Organization\",\"@id\":\"https:\\\/\\\/srokacompany.com\\\/es\\\/#organization\",\"name\":\"SROKACOMPANY\",\"alternateName\":\"SROKA\",\"url\":\"https:\\\/\\\/srokacompany.com\\\/es\\\/\",\"logo\":{\"@type\":\"ImageObject\",\"inLanguage\":\"es\",\"@id\":\"https:\\\/\\\/srokacompany.com\\\/es\\\/#\\\/schema\\\/logo\\\/image\\\/\",\"url\":\"https:\\\/\\\/srokacompany.com\\\/wp-content\\\/uploads\\\/2021\\\/01\\\/logo-sroka-black-transpa.png\",\"contentUrl\":\"https:\\\/\\\/srokacompany.com\\\/wp-content\\\/uploads\\\/2021\\\/01\\\/logo-sroka-black-transpa.png\",\"width\":1201,\"height\":342,\"caption\":\"SROKACOMPANY\"},\"image\":{\"@id\":\"https:\\\/\\\/srokacompany.com\\\/es\\\/#\\\/schema\\\/logo\\\/image\\\/\"},\"sameAs\":[\"https:\\\/\\\/www.facebook.com\\\/srokawatersports\\\/\",\"https:\\\/\\\/www.instagram.com\\\/srokawatersports\\\/\",\"https:\\\/\\\/www.youtube.com\\\/channel\\\/UCVLHHeaPIm-J5bdEUgxqtZA\"]}]}<\/script>\n<!-- \/ Yoast SEO plugin. -->","yoast_head_json":{"title":"S-Foil High Aspect 1190 Velocidad y elevaci\u00f3n - SROKA Company","description":"El nuevo S-Foil High Aspect 1190 Speed and Lift de la empresa Sroka con su aleta ofrece lo mejor de ambos mundos: rendimiento y precio.","robots":{"index":"index","follow":"follow","max-snippet":"max-snippet:-1","max-image-preview":"max-image-preview:large","max-video-preview":"max-video-preview:-1"},"canonical":"https:\/\/srokacompany.com\/es\/produit\/s-foil-aspecto-alto-1190\/","og_locale":"es_ES","og_type":"article","og_title":"S-Foil High Aspect 1190 Velocidad y elevaci\u00f3n - SROKA Company","og_description":"El nuevo S-Foil High Aspect 1190 Speed and Lift de la empresa Sroka con su aleta ofrece lo mejor de ambos mundos: rendimiento y precio.","og_url":"https:\/\/srokacompany.com\/es\/produit\/s-foil-aspecto-alto-1190\/","og_site_name":"SROKA Company","article_publisher":"https:\/\/www.facebook.com\/srokawatersports\/","article_modified_time":"2025-11-25T08:43:57+00:00","og_image":[{"width":740,"height":1080,"url":"https:\/\/srokacompany.com\/wp-content\/uploads\/2020\/12\/7.jpg","type":"image\/jpeg"}],"twitter_misc":{"Tiempo de lectura":"1 minuto"},"schema":{"@context":"https:\/\/schema.org","@graph":[{"@type":"WebPage","@id":"https:\/\/srokacompany.com\/es\/produit\/s-foil-aspecto-alto-1190\/","url":"https:\/\/srokacompany.com\/es\/produit\/s-foil-aspecto-alto-1190\/","name":"S-Foil High Aspect 1190 Velocidad y elevaci\u00f3n - SROKA Company","isPartOf":{"@id":"https:\/\/srokacompany.com\/es\/#website"},"primaryImageOfPage":{"@id":"https:\/\/srokacompany.com\/es\/produit\/s-foil-aspecto-alto-1190\/#primaryimage"},"image":{"@id":"https:\/\/srokacompany.com\/es\/produit\/s-foil-aspecto-alto-1190\/#primaryimage"},"thumbnailUrl":"https:\/\/srokacompany.com\/wp-content\/uploads\/2020\/12\/7.jpg","datePublished":"2020-12-03T18:32:08+00:00","dateModified":"2025-11-25T08:43:57+00:00","description":"El nuevo S-Foil High Aspect 1190 Speed and Lift de la empresa Sroka con su aleta ofrece lo mejor de ambos mundos: rendimiento y precio.","breadcrumb":{"@id":"https:\/\/srokacompany.com\/es\/produit\/s-foil-aspecto-alto-1190\/#breadcrumb"},"inLanguage":"es","potentialAction":[{"@type":"ReadAction","target":["https:\/\/srokacompany.com\/es\/produit\/s-foil-aspecto-alto-1190\/"]}]},{"@type":"ImageObject","inLanguage":"es","@id":"https:\/\/srokacompany.com\/es\/produit\/s-foil-aspecto-alto-1190\/#primaryimage","url":"https:\/\/srokacompany.com\/wp-content\/uploads\/2020\/12\/7.jpg","contentUrl":"https:\/\/srokacompany.com\/wp-content\/uploads\/2020\/12\/7.jpg","width":740,"height":1080},{"@type":"BreadcrumbList","@id":"https:\/\/srokacompany.com\/es\/produit\/s-foil-aspecto-alto-1190\/#breadcrumb","itemListElement":[{"@type":"ListItem","position":1,"name":"Accueil","item":"https:\/\/srokacompany.com\/es\/"},{"@type":"ListItem","position":2,"name":"Tienda","item":"https:\/\/srokacompany.com\/tienda\/"},{"@type":"ListItem","position":3,"name":"S-Foil Aspecto alto 1190"}]},{"@type":"WebSite","@id":"https:\/\/srokacompany.com\/es\/#website","url":"https:\/\/srokacompany.com\/es\/","name":"SROKA Company","description":"SUP, Kite, Foil, Wing","publisher":{"@id":"https:\/\/srokacompany.com\/es\/#organization"},"potentialAction":[{"@type":"SearchAction","target":{"@type":"EntryPoint","urlTemplate":"https:\/\/srokacompany.com\/es\/?s={search_term_string}"},"query-input":{"@type":"PropertyValueSpecification","valueRequired":true,"valueName":"search_term_string"}}],"inLanguage":"es"},{"@type":"Organization","@id":"https:\/\/srokacompany.com\/es\/#organization","name":"SROKACOMPANY","alternateName":"SROKA","url":"https:\/\/srokacompany.com\/es\/","logo":{"@type":"ImageObject","inLanguage":"es","@id":"https:\/\/srokacompany.com\/es\/#\/schema\/logo\/image\/","url":"https:\/\/srokacompany.com\/wp-content\/uploads\/2021\/01\/logo-sroka-black-transpa.png","contentUrl":"https:\/\/srokacompany.com\/wp-content\/uploads\/2021\/01\/logo-sroka-black-transpa.png","width":1201,"height":342,"caption":"SROKACOMPANY"},"image":{"@id":"https:\/\/srokacompany.com\/es\/#\/schema\/logo\/image\/"},"sameAs":["https:\/\/www.facebook.com\/srokawatersports\/","https:\/\/www.instagram.com\/srokawatersports\/","https:\/\/www.youtube.com\/channel\/UCVLHHeaPIm-J5bdEUgxqtZA"]}]}},"uagb_featured_image_src":{"full":["https:\/\/srokacompany.com\/wp-content\/uploads\/2020\/12\/7.jpg",740,1080,false],"thumbnail":["https:\/\/srokacompany.com\/wp-content\/uploads\/2020\/12\/7-150x150.jpg",150,150,true],"medium":["https:\/\/srokacompany.com\/wp-content\/uploads\/2020\/12\/7-206x300.jpg",206,300,true],"medium_large":["https:\/\/srokacompany.com\/wp-content\/uploads\/2020\/12\/7.jpg",740,1080,false],"large":["https:\/\/srokacompany.com\/wp-content\/uploads\/2020\/12\/7-702x1024.jpg",702,1024,true],"1536x1536":["https:\/\/srokacompany.com\/wp-content\/uploads\/2020\/12\/7.jpg",740,1080,false],"2048x2048":["https:\/\/srokacompany.com\/wp-content\/uploads\/2020\/12\/7.jpg",740,1080,false],"woocommerce_thumbnail":["https:\/\/srokacompany.com\/wp-content\/uploads\/2020\/12\/7-600x876.jpg",600,876,true],"woocommerce_single":["https:\/\/srokacompany.com\/wp-content\/uploads\/2020\/12\/7-600x876.jpg",600,876,true],"woocommerce_gallery_thumbnail":["https:\/\/srokacompany.com\/wp-content\/uploads\/2020\/12\/7-100x100.jpg",100,100,true],"dgwt-wcas-product-suggestion":["https:\/\/srokacompany.com\/wp-content\/uploads\/2020\/12\/7-64x93.jpg",64,93,true]},"uagb_author_info":{"display_name":"Tristan Dumard","author_link":"https:\/\/srokacompany.com\/es\/blog\/author\/"},"uagb_comment_info":0,"uagb_excerpt":"S - Foil HA 1190: Un foil deslizante, r\u00e1pido y ultraf\u00e1cil. Foil plug and play.","jetpack_sharing_enabled":true,"_links":{"self":[{"href":"https:\/\/srokacompany.com\/es\/wp-json\/wp\/v2\/product\/342102","targetHints":{"allow":["GET"]}}],"collection":[{"href":"https:\/\/srokacompany.com\/es\/wp-json\/wp\/v2\/product"}],"about":[{"href":"https:\/\/srokacompany.com\/es\/wp-json\/wp\/v2\/types\/product"}],"wp:featuredmedia":[{"embeddable":true,"href":"https:\/\/srokacompany.com\/es\/wp-json\/wp\/v2\/media\/342114"}],"wp:attachment":[{"href":"https:\/\/srokacompany.com\/es\/wp-json\/wp\/v2\/media?parent=342102"}],"wp:term":[{"taxonomy":"product_brand","embeddable":true,"href":"https:\/\/srokacompany.com\/es\/wp-json\/wp\/v2\/product_brand?post=342102"},{"taxonomy":"product_cat","embeddable":true,"href":"https:\/\/srokacompany.com\/es\/wp-json\/wp\/v2\/product_cat?post=342102"},{"taxonomy":"product_tag","embeddable":true,"href":"https:\/\/srokacompany.com\/es\/wp-json\/wp\/v2\/product_tag?post=342102"}],"curies":[{"name":"wp","href":"https:\/\/api.w.org\/{rel}","templated":true}]}}