{"id":342729,"date":"2022-04-05T08:39:40","date_gmt":"2022-04-05T08:39:40","guid":{"rendered":"https:\/\/srokacompany.com\/produit\/tablas-sky-rider-48-y-52\/"},"modified":"2025-12-09T16:03:23","modified_gmt":"2025-12-09T14:03:23","slug":"tablas-sky-rider-48-y-52","status":"publish","type":"product","link":"https:\/\/srokacompany.com\/es\/produit\/tablas-sky-rider-48-y-52\/","title":{"rendered":"Tablas Sky Rider 4&#8217;8 y 5&#8217;2"},"content":{"rendered":"<hr>\n<h2>Tabla de Wing foil Sky Rider 4&#8217;8 y 5&#8217;2<\/h2>\n<p>Hemos desarrollado esta gama de peque\u00f1as tablas de foiling para que sigas progresando y mejorando. Hasta ahora, hemos estado ofreciendo <a href=\"https:\/\/srokacompany.com\/es\/eshop\/tablas-wing-foil-mejor-precio\/\">tablas de l\u00e1mina de ala<\/a> con un volumen de m\u00e1s de 90 L. Pero con el nivel general de riders progresando, cumplimos tus expectativas con tablas m\u00e1s cortas, perfectas para saltar, para ir m\u00e1s r\u00e1pido, para tener m\u00e1s maniobrabilidad en las olas o en el estilo libre.  Las Sky Rider 4&#8217;8 y 5&#8217;2 fueron creadas con esto en mente.<\/p>\n<p>Nuestro producto ha sido dise\u00f1ado para durar. Hemos descubierto que, con demasiada frecuencia, las tablas sufren fragilidad, roturas, delaminaci\u00f3n y hundimiento de las cubiertas cuando los riders exigen un m\u00ednimo de rendimiento a su tabla foil. Por eso nos hemos mantenido fieles a nuestra filosof\u00eda: crear productos duraderos y de alto rendimiento, eliminando al mismo tiempo el 99,9% del servicio posventa. No queremos que tu tabla se rompa despu\u00e9s de 15 sesiones o unos pocos saltos.   <\/p>\n<p>La vela Sky Rider de 4&#8217;8 o 5&#8217;2 es perfecta para freestyle, race u olas. Con una buena anchura, la estabilidad es imprescindible, especialmente en la salida. Estas tablas s\u00faper vers\u00e1tiles est\u00e1n dise\u00f1adas para que los riders intermedios y experimentados lleven su riding al siguiente nivel.  <\/p>\n<p>&nbsp;<\/p>\n","protected":false},"excerpt":{"rendered":"<p>Tabla de Wing foil Sky Rider 4&#8217;8 y 5&#8217;2 Hemos desarrollado esta gama de peque\u00f1as tablas de foiling para que sigas progresando y mejorando. Hasta ahora, hemos estado ofreciendo tablas de l\u00e1mina de ala con un volumen de m\u00e1s de 90 L. Pero con el nivel general de riders progresando, cumplimos tus expectativas con tablas [&hellip;]<\/p>\n","protected":false},"featured_media":342731,"template":"","meta":{"_acf_changed":false,"_uag_custom_page_level_css":""},"product_brand":[],"product_cat":[3523,3444],"product_tag":[3427],"class_list":{"0":"post-342729","1":"product","2":"type-product","3":"status-publish","4":"has-post-thumbnail","6":"product_cat-tablas-wing-foil-mejor-precio","7":"product_cat-wing-foil-es","8":"product_tag-ingenioso","9":"product_shipping_class-unidad-de-tablero-duro","11":"first","12":"outofstock","13":"sale","14":"taxable","15":"shipping-taxable","16":"purchasable","17":"product-type-variable","18":"has-default-attributes"},"acf":[],"yoast_head":"<!-- This site is optimized with the Yoast SEO plugin v27.4 - https:\/\/yoast.com\/product\/yoast-seo-wordpress\/ -->\n<title>Tablas Sky Rider 4&#039;8 y 5&#039;2 - SROKA Company<\/title>\n<meta name=\"description\" content=\"Tablas de alto rendimiento Full sandwich PVC wing foil, para un rendimiento incre\u00edble en race y freestyle, al mejor precio.\" \/>\n<meta name=\"robots\" content=\"index, follow, max-snippet:-1, max-image-preview:large, max-video-preview:-1\" \/>\n<link rel=\"canonical\" href=\"https:\/\/srokacompany.com\/es\/produit\/tablas-sky-rider-48-y-52\/\" \/>\n<meta property=\"og:locale\" content=\"es_ES\" \/>\n<meta property=\"og:type\" content=\"article\" \/>\n<meta property=\"og:title\" content=\"Tablas Sky Rider 4&#039;8 y 5&#039;2 - SROKA Company\" \/>\n<meta property=\"og:description\" content=\"Tablas de alto rendimiento Full sandwich PVC wing foil, para un rendimiento incre\u00edble en race y freestyle, al mejor precio.\" \/>\n<meta property=\"og:url\" content=\"https:\/\/srokacompany.com\/es\/produit\/tablas-sky-rider-48-y-52\/\" \/>\n<meta property=\"og:site_name\" content=\"SROKA Company\" \/>\n<meta property=\"article:publisher\" content=\"https:\/\/www.facebook.com\/srokawatersports\/\" \/>\n<meta property=\"article:modified_time\" content=\"2025-12-09T14:03:23+00:00\" \/>\n<meta property=\"og:image\" content=\"https:\/\/srokacompany.com\/wp-content\/uploads\/2022\/04\/Photo-produit-48-et-52.png\" \/>\n\t<meta property=\"og:image:width\" content=\"740\" \/>\n\t<meta property=\"og:image:height\" content=\"1080\" \/>\n\t<meta property=\"og:image:type\" content=\"image\/png\" \/>\n<meta name=\"twitter:label1\" content=\"Tiempo de lectura\" \/>\n\t<meta name=\"twitter:data1\" content=\"1 minuto\" \/>\n<script type=\"application\/ld+json\" class=\"yoast-schema-graph\">{\"@context\":\"https:\\\/\\\/schema.org\",\"@graph\":[{\"@type\":\"WebPage\",\"@id\":\"https:\\\/\\\/srokacompany.com\\\/es\\\/produit\\\/tablas-sky-rider-48-y-52\\\/\",\"url\":\"https:\\\/\\\/srokacompany.com\\\/es\\\/produit\\\/tablas-sky-rider-48-y-52\\\/\",\"name\":\"Tablas Sky Rider 4'8 y 5'2 - SROKA Company\",\"isPartOf\":{\"@id\":\"https:\\\/\\\/srokacompany.com\\\/es\\\/#website\"},\"primaryImageOfPage\":{\"@id\":\"https:\\\/\\\/srokacompany.com\\\/es\\\/produit\\\/tablas-sky-rider-48-y-52\\\/#primaryimage\"},\"image\":{\"@id\":\"https:\\\/\\\/srokacompany.com\\\/es\\\/produit\\\/tablas-sky-rider-48-y-52\\\/#primaryimage\"},\"thumbnailUrl\":\"https:\\\/\\\/srokacompany.com\\\/wp-content\\\/uploads\\\/2022\\\/04\\\/Photo-produit-48-et-52.png\",\"datePublished\":\"2022-04-05T08:39:40+00:00\",\"dateModified\":\"2025-12-09T14:03:23+00:00\",\"description\":\"Tablas de alto rendimiento Full sandwich PVC wing foil, para un rendimiento incre\u00edble en race y freestyle, al mejor precio.\",\"breadcrumb\":{\"@id\":\"https:\\\/\\\/srokacompany.com\\\/es\\\/produit\\\/tablas-sky-rider-48-y-52\\\/#breadcrumb\"},\"inLanguage\":\"es\",\"potentialAction\":[{\"@type\":\"ReadAction\",\"target\":[\"https:\\\/\\\/srokacompany.com\\\/es\\\/produit\\\/tablas-sky-rider-48-y-52\\\/\"]}]},{\"@type\":\"ImageObject\",\"inLanguage\":\"es\",\"@id\":\"https:\\\/\\\/srokacompany.com\\\/es\\\/produit\\\/tablas-sky-rider-48-y-52\\\/#primaryimage\",\"url\":\"https:\\\/\\\/srokacompany.com\\\/wp-content\\\/uploads\\\/2022\\\/04\\\/Photo-produit-48-et-52.png\",\"contentUrl\":\"https:\\\/\\\/srokacompany.com\\\/wp-content\\\/uploads\\\/2022\\\/04\\\/Photo-produit-48-et-52.png\",\"width\":740,\"height\":1080,\"caption\":\"Tabla sroka Sky rider 4'8 y 5'2\"},{\"@type\":\"BreadcrumbList\",\"@id\":\"https:\\\/\\\/srokacompany.com\\\/es\\\/produit\\\/tablas-sky-rider-48-y-52\\\/#breadcrumb\",\"itemListElement\":[{\"@type\":\"ListItem\",\"position\":1,\"name\":\"Accueil\",\"item\":\"https:\\\/\\\/srokacompany.com\\\/es\\\/\"},{\"@type\":\"ListItem\",\"position\":2,\"name\":\"Tienda\",\"item\":\"https:\\\/\\\/srokacompany.com\\\/tienda\\\/\"},{\"@type\":\"ListItem\",\"position\":3,\"name\":\"Tablas Sky Rider 4&rsquo;8 y 5&rsquo;2\"}]},{\"@type\":\"WebSite\",\"@id\":\"https:\\\/\\\/srokacompany.com\\\/es\\\/#website\",\"url\":\"https:\\\/\\\/srokacompany.com\\\/es\\\/\",\"name\":\"SROKA Company\",\"description\":\"SUP, Kite, Foil, Wing\",\"publisher\":{\"@id\":\"https:\\\/\\\/srokacompany.com\\\/es\\\/#organization\"},\"potentialAction\":[{\"@type\":\"SearchAction\",\"target\":{\"@type\":\"EntryPoint\",\"urlTemplate\":\"https:\\\/\\\/srokacompany.com\\\/es\\\/?s={search_term_string}\"},\"query-input\":{\"@type\":\"PropertyValueSpecification\",\"valueRequired\":true,\"valueName\":\"search_term_string\"}}],\"inLanguage\":\"es\"},{\"@type\":\"Organization\",\"@id\":\"https:\\\/\\\/srokacompany.com\\\/es\\\/#organization\",\"name\":\"SROKACOMPANY\",\"alternateName\":\"SROKA\",\"url\":\"https:\\\/\\\/srokacompany.com\\\/es\\\/\",\"logo\":{\"@type\":\"ImageObject\",\"inLanguage\":\"es\",\"@id\":\"https:\\\/\\\/srokacompany.com\\\/es\\\/#\\\/schema\\\/logo\\\/image\\\/\",\"url\":\"https:\\\/\\\/srokacompany.com\\\/wp-content\\\/uploads\\\/2021\\\/01\\\/logo-sroka-black-transpa.png\",\"contentUrl\":\"https:\\\/\\\/srokacompany.com\\\/wp-content\\\/uploads\\\/2021\\\/01\\\/logo-sroka-black-transpa.png\",\"width\":1201,\"height\":342,\"caption\":\"SROKACOMPANY\"},\"image\":{\"@id\":\"https:\\\/\\\/srokacompany.com\\\/es\\\/#\\\/schema\\\/logo\\\/image\\\/\"},\"sameAs\":[\"https:\\\/\\\/www.facebook.com\\\/srokawatersports\\\/\",\"https:\\\/\\\/www.instagram.com\\\/srokawatersports\\\/\",\"https:\\\/\\\/www.youtube.com\\\/channel\\\/UCVLHHeaPIm-J5bdEUgxqtZA\"]}]}<\/script>\n<!-- \/ Yoast SEO plugin. -->","yoast_head_json":{"title":"Tablas Sky Rider 4'8 y 5'2 - SROKA Company","description":"Tablas de alto rendimiento Full sandwich PVC wing foil, para un rendimiento incre\u00edble en race y freestyle, al mejor precio.","robots":{"index":"index","follow":"follow","max-snippet":"max-snippet:-1","max-image-preview":"max-image-preview:large","max-video-preview":"max-video-preview:-1"},"canonical":"https:\/\/srokacompany.com\/es\/produit\/tablas-sky-rider-48-y-52\/","og_locale":"es_ES","og_type":"article","og_title":"Tablas Sky Rider 4'8 y 5'2 - SROKA Company","og_description":"Tablas de alto rendimiento Full sandwich PVC wing foil, para un rendimiento incre\u00edble en race y freestyle, al mejor precio.","og_url":"https:\/\/srokacompany.com\/es\/produit\/tablas-sky-rider-48-y-52\/","og_site_name":"SROKA Company","article_publisher":"https:\/\/www.facebook.com\/srokawatersports\/","article_modified_time":"2025-12-09T14:03:23+00:00","og_image":[{"width":740,"height":1080,"url":"https:\/\/srokacompany.com\/wp-content\/uploads\/2022\/04\/Photo-produit-48-et-52.png","type":"image\/png"}],"twitter_misc":{"Tiempo de lectura":"1 minuto"},"schema":{"@context":"https:\/\/schema.org","@graph":[{"@type":"WebPage","@id":"https:\/\/srokacompany.com\/es\/produit\/tablas-sky-rider-48-y-52\/","url":"https:\/\/srokacompany.com\/es\/produit\/tablas-sky-rider-48-y-52\/","name":"Tablas Sky Rider 4'8 y 5'2 - SROKA Company","isPartOf":{"@id":"https:\/\/srokacompany.com\/es\/#website"},"primaryImageOfPage":{"@id":"https:\/\/srokacompany.com\/es\/produit\/tablas-sky-rider-48-y-52\/#primaryimage"},"image":{"@id":"https:\/\/srokacompany.com\/es\/produit\/tablas-sky-rider-48-y-52\/#primaryimage"},"thumbnailUrl":"https:\/\/srokacompany.com\/wp-content\/uploads\/2022\/04\/Photo-produit-48-et-52.png","datePublished":"2022-04-05T08:39:40+00:00","dateModified":"2025-12-09T14:03:23+00:00","description":"Tablas de alto rendimiento Full sandwich PVC wing foil, para un rendimiento incre\u00edble en race y freestyle, al mejor precio.","breadcrumb":{"@id":"https:\/\/srokacompany.com\/es\/produit\/tablas-sky-rider-48-y-52\/#breadcrumb"},"inLanguage":"es","potentialAction":[{"@type":"ReadAction","target":["https:\/\/srokacompany.com\/es\/produit\/tablas-sky-rider-48-y-52\/"]}]},{"@type":"ImageObject","inLanguage":"es","@id":"https:\/\/srokacompany.com\/es\/produit\/tablas-sky-rider-48-y-52\/#primaryimage","url":"https:\/\/srokacompany.com\/wp-content\/uploads\/2022\/04\/Photo-produit-48-et-52.png","contentUrl":"https:\/\/srokacompany.com\/wp-content\/uploads\/2022\/04\/Photo-produit-48-et-52.png","width":740,"height":1080,"caption":"Tabla sroka Sky rider 4'8 y 5'2"},{"@type":"BreadcrumbList","@id":"https:\/\/srokacompany.com\/es\/produit\/tablas-sky-rider-48-y-52\/#breadcrumb","itemListElement":[{"@type":"ListItem","position":1,"name":"Accueil","item":"https:\/\/srokacompany.com\/es\/"},{"@type":"ListItem","position":2,"name":"Tienda","item":"https:\/\/srokacompany.com\/tienda\/"},{"@type":"ListItem","position":3,"name":"Tablas Sky Rider 4&rsquo;8 y 5&rsquo;2"}]},{"@type":"WebSite","@id":"https:\/\/srokacompany.com\/es\/#website","url":"https:\/\/srokacompany.com\/es\/","name":"SROKA Company","description":"SUP, Kite, Foil, Wing","publisher":{"@id":"https:\/\/srokacompany.com\/es\/#organization"},"potentialAction":[{"@type":"SearchAction","target":{"@type":"EntryPoint","urlTemplate":"https:\/\/srokacompany.com\/es\/?s={search_term_string}"},"query-input":{"@type":"PropertyValueSpecification","valueRequired":true,"valueName":"search_term_string"}}],"inLanguage":"es"},{"@type":"Organization","@id":"https:\/\/srokacompany.com\/es\/#organization","name":"SROKACOMPANY","alternateName":"SROKA","url":"https:\/\/srokacompany.com\/es\/","logo":{"@type":"ImageObject","inLanguage":"es","@id":"https:\/\/srokacompany.com\/es\/#\/schema\/logo\/image\/","url":"https:\/\/srokacompany.com\/wp-content\/uploads\/2021\/01\/logo-sroka-black-transpa.png","contentUrl":"https:\/\/srokacompany.com\/wp-content\/uploads\/2021\/01\/logo-sroka-black-transpa.png","width":1201,"height":342,"caption":"SROKACOMPANY"},"image":{"@id":"https:\/\/srokacompany.com\/es\/#\/schema\/logo\/image\/"},"sameAs":["https:\/\/www.facebook.com\/srokawatersports\/","https:\/\/www.instagram.com\/srokawatersports\/","https:\/\/www.youtube.com\/channel\/UCVLHHeaPIm-J5bdEUgxqtZA"]}]}},"uagb_featured_image_src":{"full":["https:\/\/srokacompany.com\/wp-content\/uploads\/2022\/04\/Photo-produit-48-et-52.png",740,1080,false],"thumbnail":["https:\/\/srokacompany.com\/wp-content\/uploads\/2022\/04\/Photo-produit-48-et-52-150x150.png",150,150,true],"medium":["https:\/\/srokacompany.com\/wp-content\/uploads\/2022\/04\/Photo-produit-48-et-52-206x300.png",206,300,true],"medium_large":["https:\/\/srokacompany.com\/wp-content\/uploads\/2022\/04\/Photo-produit-48-et-52.png",740,1080,false],"large":["https:\/\/srokacompany.com\/wp-content\/uploads\/2022\/04\/Photo-produit-48-et-52-702x1024.png",702,1024,true],"1536x1536":["https:\/\/srokacompany.com\/wp-content\/uploads\/2022\/04\/Photo-produit-48-et-52.png",740,1080,false],"2048x2048":["https:\/\/srokacompany.com\/wp-content\/uploads\/2022\/04\/Photo-produit-48-et-52.png",740,1080,false],"woocommerce_thumbnail":["https:\/\/srokacompany.com\/wp-content\/uploads\/2022\/04\/Photo-produit-48-et-52-600x876.png",600,876,true],"woocommerce_single":["https:\/\/srokacompany.com\/wp-content\/uploads\/2022\/04\/Photo-produit-48-et-52-600x876.png",600,876,true],"woocommerce_gallery_thumbnail":["https:\/\/srokacompany.com\/wp-content\/uploads\/2022\/04\/Photo-produit-48-et-52-100x100.png",100,100,true],"dgwt-wcas-product-suggestion":["https:\/\/srokacompany.com\/wp-content\/uploads\/2022\/04\/Photo-produit-48-et-52.png",64,93,false]},"uagb_author_info":{"display_name":"Emmanuel DIJOUX","author_link":"https:\/\/srokacompany.com\/es\/blog\/author\/"},"uagb_comment_info":0,"uagb_excerpt":"Tabla de Wing foil Sky Rider 4&#8217;8 y 5&#8217;2 Hemos desarrollado esta gama de peque\u00f1as tablas de foiling para que sigas progresando y mejorando. Hasta ahora, hemos estado ofreciendo tablas de l\u00e1mina de ala con un volumen de m\u00e1s de 90 L. Pero con el nivel general de riders progresando, cumplimos tus expectativas con tablas&hellip;","jetpack_sharing_enabled":true,"_links":{"self":[{"href":"https:\/\/srokacompany.com\/es\/wp-json\/wp\/v2\/product\/342729","targetHints":{"allow":["GET"]}}],"collection":[{"href":"https:\/\/srokacompany.com\/es\/wp-json\/wp\/v2\/product"}],"about":[{"href":"https:\/\/srokacompany.com\/es\/wp-json\/wp\/v2\/types\/product"}],"wp:featuredmedia":[{"embeddable":true,"href":"https:\/\/srokacompany.com\/es\/wp-json\/wp\/v2\/media\/342731"}],"wp:attachment":[{"href":"https:\/\/srokacompany.com\/es\/wp-json\/wp\/v2\/media?parent=342729"}],"wp:term":[{"taxonomy":"product_brand","embeddable":true,"href":"https:\/\/srokacompany.com\/es\/wp-json\/wp\/v2\/product_brand?post=342729"},{"taxonomy":"product_cat","embeddable":true,"href":"https:\/\/srokacompany.com\/es\/wp-json\/wp\/v2\/product_cat?post=342729"},{"taxonomy":"product_tag","embeddable":true,"href":"https:\/\/srokacompany.com\/es\/wp-json\/wp\/v2\/product_tag?post=342729"}],"curies":[{"name":"wp","href":"https:\/\/api.w.org\/{rel}","templated":true}]}}