{"id":342874,"date":"2022-05-25T07:26:40","date_gmt":"2022-05-25T07:26:40","guid":{"rendered":"https:\/\/srokacompany.com\/produit\/s-foil-alto-aspecto-950-velocidad\/"},"modified":"2025-11-25T10:42:22","modified_gmt":"2025-11-25T08:42:22","slug":"s-foil-alto-aspecto-950-velocidad","status":"publish","type":"product","link":"https:\/\/srokacompany.com\/es\/produit\/s-foil-alto-aspecto-950-velocidad\/","title":{"rendered":"S-Foil Alto aspecto 950 Velocidad"},"content":{"rendered":"<hr>\n<h2>La S-Foil Alto Aspecto 950<\/h2>\n<p class=\"p1\">\u00a1Supera tus l\u00edmites con el rango de velocidad! Este modelo Foil Hight aspect 950 Speed, con su peque\u00f1o estabilizador 240, le proporcionar\u00e1 incre\u00edbles sensaciones de velocidad y planeo, as\u00ed como un bombeo ultraeficiente. Desde el nivel intermedio hasta el profesional, este combo ser\u00e1 la mejor manera de divertirse en condiciones de viento y olas medias a fuertes.<\/p>\n<p class=\"p1\">Nuestras aletas delanteras High Aspect presentan perfiles con un enorme potencial de velocidad que siguen siendo accesibles. Tanto si pilotas en foil como si surfeas en foil, recompensan al piloto con una aceleraci\u00f3n y una velocidad punta estimulantes con la m\u00e1xima precisi\u00f3n en las curvas. <\/p>\n<p class=\"p1\">Para los que desean alerones delanteros High Aspect m\u00e1s tolerantes y accesibles, pero que sigan ofreciendo buenas prestaciones: la <a href=\"https:\/\/srokacompany.com\/es\/produit\/s-foil-aspecto-alto-1190\/\">gama Lift<\/a>.<\/p>\n<p class=\"p1\">Todas las <a href=\"https:\/\/srokacompany.com\/es\/produit\/aletas-delanteras-s-foil-classic\/\">aletas delanteras<\/a> son intercambiables en su S-Foil.<\/p>\n<p class=\"p1\">Ideal para ala foil, cometa foil, viento foil y surf foil.<\/p>\n<p><strong>La S-Foil con la aleta HA 950 cm\u00b2<\/strong> Speed <strong>se vende con su nuevo estabilizador adaptado: 240 cm\u00b2<\/strong><br \/>\nAleta delantera HA950 Speed aqu\u00ed.<\/p>\n","protected":false},"excerpt":{"rendered":"<p>Descubre el <b>nuevo Foil HA 950 Speed SROKA<\/b>: el foil dise\u00f1ado para una <b>velocidad explosiva<\/b> y <b>un Glide m\u00e1ximo<\/b> en <b>Wing foil<\/b> y <b>Surf foil<\/b>. Su perfil High Aspect ofrece <b>una aceleraci\u00f3n fulgurante<\/b> y un <b>manejo quir\u00fargico<\/b> para riders expertos. Alcanza el rendimiento puro con SROKA.  <\/p>\n","protected":false},"featured_media":342876,"template":"","meta":{"_acf_changed":false,"_uag_custom_page_level_css":""},"product_brand":[],"product_cat":[3486,3480,3485,3539,3444],"product_tag":[3429,3450,3427],"class_list":{"0":"post-342874","1":"product","2":"type-product","3":"status-publish","4":"has-post-thumbnail","6":"product_cat-ala-de-laminas-foil","7":"product_cat-foil-es","8":"product_cat-todas-las-laminas-de-aluminio","9":"product_cat-todas-nuestras-laminas-de-alto-aspecto","10":"product_cat-wing-foil-es","11":"product_tag-avanzado","12":"product_tag-experto","13":"product_tag-ingenioso","14":"product_shipping_class-foil-unidad-completa-o-piezas-alas","16":"first","17":"instock","18":"taxable","19":"shipping-taxable","20":"purchasable","21":"product-type-variable","22":"has-default-attributes"},"acf":[],"yoast_head":"<!-- This site is optimized with the Yoast SEO plugin v27.4 - https:\/\/yoast.com\/product\/yoast-seo-wordpress\/ -->\n<title>S-Foil Alto aspecto 950 Velocidad - SROKA Company<\/title>\n<meta name=\"description\" content=\"La S-Foil Hight Aspect 950 S le proporcionar\u00e1 el m\u00e1ximo confort y rendimiento. Ideal para ciclistas avanzados que buscan rendimiento.\" \/>\n<meta name=\"robots\" content=\"index, follow, max-snippet:-1, max-image-preview:large, max-video-preview:-1\" \/>\n<link rel=\"canonical\" href=\"https:\/\/srokacompany.com\/es\/produit\/s-foil-alto-aspecto-950-velocidad\/\" \/>\n<meta property=\"og:locale\" content=\"es_ES\" \/>\n<meta property=\"og:type\" content=\"article\" \/>\n<meta property=\"og:title\" content=\"S-Foil Alto aspecto 950 Velocidad - SROKA Company\" \/>\n<meta property=\"og:description\" content=\"La S-Foil Hight Aspect 950 S le proporcionar\u00e1 el m\u00e1ximo confort y rendimiento. Ideal para ciclistas avanzados que buscan rendimiento.\" \/>\n<meta property=\"og:url\" content=\"https:\/\/srokacompany.com\/es\/produit\/s-foil-alto-aspecto-950-velocidad\/\" \/>\n<meta property=\"og:site_name\" content=\"SROKA Company\" \/>\n<meta property=\"article:publisher\" content=\"https:\/\/www.facebook.com\/srokawatersports\/\" \/>\n<meta property=\"article:modified_time\" content=\"2025-11-25T08:42:22+00:00\" \/>\n<meta property=\"og:image\" content=\"https:\/\/srokacompany.com\/wp-content\/uploads\/2022\/05\/Photo-produit-planche-foils-et-packs-8.png\" \/>\n\t<meta property=\"og:image:width\" content=\"740\" \/>\n\t<meta property=\"og:image:height\" content=\"1080\" \/>\n\t<meta property=\"og:image:type\" content=\"image\/png\" \/>\n<meta name=\"twitter:label1\" content=\"Tiempo de lectura\" \/>\n\t<meta name=\"twitter:data1\" content=\"1 minuto\" \/>\n<script type=\"application\/ld+json\" class=\"yoast-schema-graph\">{\"@context\":\"https:\\\/\\\/schema.org\",\"@graph\":[{\"@type\":\"WebPage\",\"@id\":\"https:\\\/\\\/srokacompany.com\\\/es\\\/produit\\\/s-foil-alto-aspecto-950-velocidad\\\/\",\"url\":\"https:\\\/\\\/srokacompany.com\\\/es\\\/produit\\\/s-foil-alto-aspecto-950-velocidad\\\/\",\"name\":\"S-Foil Alto aspecto 950 Velocidad - SROKA Company\",\"isPartOf\":{\"@id\":\"https:\\\/\\\/srokacompany.com\\\/es\\\/#website\"},\"primaryImageOfPage\":{\"@id\":\"https:\\\/\\\/srokacompany.com\\\/es\\\/produit\\\/s-foil-alto-aspecto-950-velocidad\\\/#primaryimage\"},\"image\":{\"@id\":\"https:\\\/\\\/srokacompany.com\\\/es\\\/produit\\\/s-foil-alto-aspecto-950-velocidad\\\/#primaryimage\"},\"thumbnailUrl\":\"https:\\\/\\\/srokacompany.com\\\/wp-content\\\/uploads\\\/2022\\\/05\\\/Photo-produit-planche-foils-et-packs-8.png\",\"datePublished\":\"2022-05-25T07:26:40+00:00\",\"dateModified\":\"2025-11-25T08:42:22+00:00\",\"description\":\"La S-Foil Hight Aspect 950 S le proporcionar\u00e1 el m\u00e1ximo confort y rendimiento. Ideal para ciclistas avanzados que buscan rendimiento.\",\"breadcrumb\":{\"@id\":\"https:\\\/\\\/srokacompany.com\\\/es\\\/produit\\\/s-foil-alto-aspecto-950-velocidad\\\/#breadcrumb\"},\"inLanguage\":\"es\",\"potentialAction\":[{\"@type\":\"ReadAction\",\"target\":[\"https:\\\/\\\/srokacompany.com\\\/es\\\/produit\\\/s-foil-alto-aspecto-950-velocidad\\\/\"]}]},{\"@type\":\"ImageObject\",\"inLanguage\":\"es\",\"@id\":\"https:\\\/\\\/srokacompany.com\\\/es\\\/produit\\\/s-foil-alto-aspecto-950-velocidad\\\/#primaryimage\",\"url\":\"https:\\\/\\\/srokacompany.com\\\/wp-content\\\/uploads\\\/2022\\\/05\\\/Photo-produit-planche-foils-et-packs-8.png\",\"contentUrl\":\"https:\\\/\\\/srokacompany.com\\\/wp-content\\\/uploads\\\/2022\\\/05\\\/Photo-produit-planche-foils-et-packs-8.png\",\"width\":740,\"height\":1080,\"caption\":\"950 velocidad s foil\"},{\"@type\":\"BreadcrumbList\",\"@id\":\"https:\\\/\\\/srokacompany.com\\\/es\\\/produit\\\/s-foil-alto-aspecto-950-velocidad\\\/#breadcrumb\",\"itemListElement\":[{\"@type\":\"ListItem\",\"position\":1,\"name\":\"Accueil\",\"item\":\"https:\\\/\\\/srokacompany.com\\\/es\\\/\"},{\"@type\":\"ListItem\",\"position\":2,\"name\":\"Tienda\",\"item\":\"https:\\\/\\\/srokacompany.com\\\/tienda\\\/\"},{\"@type\":\"ListItem\",\"position\":3,\"name\":\"S-Foil Alto aspecto 950 Velocidad\"}]},{\"@type\":\"WebSite\",\"@id\":\"https:\\\/\\\/srokacompany.com\\\/es\\\/#website\",\"url\":\"https:\\\/\\\/srokacompany.com\\\/es\\\/\",\"name\":\"SROKA Company\",\"description\":\"SUP, Kite, Foil, Wing\",\"publisher\":{\"@id\":\"https:\\\/\\\/srokacompany.com\\\/es\\\/#organization\"},\"potentialAction\":[{\"@type\":\"SearchAction\",\"target\":{\"@type\":\"EntryPoint\",\"urlTemplate\":\"https:\\\/\\\/srokacompany.com\\\/es\\\/?s={search_term_string}\"},\"query-input\":{\"@type\":\"PropertyValueSpecification\",\"valueRequired\":true,\"valueName\":\"search_term_string\"}}],\"inLanguage\":\"es\"},{\"@type\":\"Organization\",\"@id\":\"https:\\\/\\\/srokacompany.com\\\/es\\\/#organization\",\"name\":\"SROKACOMPANY\",\"alternateName\":\"SROKA\",\"url\":\"https:\\\/\\\/srokacompany.com\\\/es\\\/\",\"logo\":{\"@type\":\"ImageObject\",\"inLanguage\":\"es\",\"@id\":\"https:\\\/\\\/srokacompany.com\\\/es\\\/#\\\/schema\\\/logo\\\/image\\\/\",\"url\":\"https:\\\/\\\/srokacompany.com\\\/wp-content\\\/uploads\\\/2021\\\/01\\\/logo-sroka-black-transpa.png\",\"contentUrl\":\"https:\\\/\\\/srokacompany.com\\\/wp-content\\\/uploads\\\/2021\\\/01\\\/logo-sroka-black-transpa.png\",\"width\":1201,\"height\":342,\"caption\":\"SROKACOMPANY\"},\"image\":{\"@id\":\"https:\\\/\\\/srokacompany.com\\\/es\\\/#\\\/schema\\\/logo\\\/image\\\/\"},\"sameAs\":[\"https:\\\/\\\/www.facebook.com\\\/srokawatersports\\\/\",\"https:\\\/\\\/www.instagram.com\\\/srokawatersports\\\/\",\"https:\\\/\\\/www.youtube.com\\\/channel\\\/UCVLHHeaPIm-J5bdEUgxqtZA\"]}]}<\/script>\n<!-- \/ Yoast SEO plugin. -->","yoast_head_json":{"title":"S-Foil Alto aspecto 950 Velocidad - SROKA Company","description":"La S-Foil Hight Aspect 950 S le proporcionar\u00e1 el m\u00e1ximo confort y rendimiento. Ideal para ciclistas avanzados que buscan rendimiento.","robots":{"index":"index","follow":"follow","max-snippet":"max-snippet:-1","max-image-preview":"max-image-preview:large","max-video-preview":"max-video-preview:-1"},"canonical":"https:\/\/srokacompany.com\/es\/produit\/s-foil-alto-aspecto-950-velocidad\/","og_locale":"es_ES","og_type":"article","og_title":"S-Foil Alto aspecto 950 Velocidad - SROKA Company","og_description":"La S-Foil Hight Aspect 950 S le proporcionar\u00e1 el m\u00e1ximo confort y rendimiento. Ideal para ciclistas avanzados que buscan rendimiento.","og_url":"https:\/\/srokacompany.com\/es\/produit\/s-foil-alto-aspecto-950-velocidad\/","og_site_name":"SROKA Company","article_publisher":"https:\/\/www.facebook.com\/srokawatersports\/","article_modified_time":"2025-11-25T08:42:22+00:00","og_image":[{"width":740,"height":1080,"url":"https:\/\/srokacompany.com\/wp-content\/uploads\/2022\/05\/Photo-produit-planche-foils-et-packs-8.png","type":"image\/png"}],"twitter_misc":{"Tiempo de lectura":"1 minuto"},"schema":{"@context":"https:\/\/schema.org","@graph":[{"@type":"WebPage","@id":"https:\/\/srokacompany.com\/es\/produit\/s-foil-alto-aspecto-950-velocidad\/","url":"https:\/\/srokacompany.com\/es\/produit\/s-foil-alto-aspecto-950-velocidad\/","name":"S-Foil Alto aspecto 950 Velocidad - SROKA Company","isPartOf":{"@id":"https:\/\/srokacompany.com\/es\/#website"},"primaryImageOfPage":{"@id":"https:\/\/srokacompany.com\/es\/produit\/s-foil-alto-aspecto-950-velocidad\/#primaryimage"},"image":{"@id":"https:\/\/srokacompany.com\/es\/produit\/s-foil-alto-aspecto-950-velocidad\/#primaryimage"},"thumbnailUrl":"https:\/\/srokacompany.com\/wp-content\/uploads\/2022\/05\/Photo-produit-planche-foils-et-packs-8.png","datePublished":"2022-05-25T07:26:40+00:00","dateModified":"2025-11-25T08:42:22+00:00","description":"La S-Foil Hight Aspect 950 S le proporcionar\u00e1 el m\u00e1ximo confort y rendimiento. Ideal para ciclistas avanzados que buscan rendimiento.","breadcrumb":{"@id":"https:\/\/srokacompany.com\/es\/produit\/s-foil-alto-aspecto-950-velocidad\/#breadcrumb"},"inLanguage":"es","potentialAction":[{"@type":"ReadAction","target":["https:\/\/srokacompany.com\/es\/produit\/s-foil-alto-aspecto-950-velocidad\/"]}]},{"@type":"ImageObject","inLanguage":"es","@id":"https:\/\/srokacompany.com\/es\/produit\/s-foil-alto-aspecto-950-velocidad\/#primaryimage","url":"https:\/\/srokacompany.com\/wp-content\/uploads\/2022\/05\/Photo-produit-planche-foils-et-packs-8.png","contentUrl":"https:\/\/srokacompany.com\/wp-content\/uploads\/2022\/05\/Photo-produit-planche-foils-et-packs-8.png","width":740,"height":1080,"caption":"950 velocidad s foil"},{"@type":"BreadcrumbList","@id":"https:\/\/srokacompany.com\/es\/produit\/s-foil-alto-aspecto-950-velocidad\/#breadcrumb","itemListElement":[{"@type":"ListItem","position":1,"name":"Accueil","item":"https:\/\/srokacompany.com\/es\/"},{"@type":"ListItem","position":2,"name":"Tienda","item":"https:\/\/srokacompany.com\/tienda\/"},{"@type":"ListItem","position":3,"name":"S-Foil Alto aspecto 950 Velocidad"}]},{"@type":"WebSite","@id":"https:\/\/srokacompany.com\/es\/#website","url":"https:\/\/srokacompany.com\/es\/","name":"SROKA Company","description":"SUP, Kite, Foil, Wing","publisher":{"@id":"https:\/\/srokacompany.com\/es\/#organization"},"potentialAction":[{"@type":"SearchAction","target":{"@type":"EntryPoint","urlTemplate":"https:\/\/srokacompany.com\/es\/?s={search_term_string}"},"query-input":{"@type":"PropertyValueSpecification","valueRequired":true,"valueName":"search_term_string"}}],"inLanguage":"es"},{"@type":"Organization","@id":"https:\/\/srokacompany.com\/es\/#organization","name":"SROKACOMPANY","alternateName":"SROKA","url":"https:\/\/srokacompany.com\/es\/","logo":{"@type":"ImageObject","inLanguage":"es","@id":"https:\/\/srokacompany.com\/es\/#\/schema\/logo\/image\/","url":"https:\/\/srokacompany.com\/wp-content\/uploads\/2021\/01\/logo-sroka-black-transpa.png","contentUrl":"https:\/\/srokacompany.com\/wp-content\/uploads\/2021\/01\/logo-sroka-black-transpa.png","width":1201,"height":342,"caption":"SROKACOMPANY"},"image":{"@id":"https:\/\/srokacompany.com\/es\/#\/schema\/logo\/image\/"},"sameAs":["https:\/\/www.facebook.com\/srokawatersports\/","https:\/\/www.instagram.com\/srokawatersports\/","https:\/\/www.youtube.com\/channel\/UCVLHHeaPIm-J5bdEUgxqtZA"]}]}},"uagb_featured_image_src":{"full":["https:\/\/srokacompany.com\/wp-content\/uploads\/2022\/05\/Photo-produit-planche-foils-et-packs-8.png",740,1080,false],"thumbnail":["https:\/\/srokacompany.com\/wp-content\/uploads\/2022\/05\/Photo-produit-planche-foils-et-packs-8-150x150.png",150,150,true],"medium":["https:\/\/srokacompany.com\/wp-content\/uploads\/2022\/05\/Photo-produit-planche-foils-et-packs-8-206x300.png",206,300,true],"medium_large":["https:\/\/srokacompany.com\/wp-content\/uploads\/2022\/05\/Photo-produit-planche-foils-et-packs-8.png",740,1080,false],"large":["https:\/\/srokacompany.com\/wp-content\/uploads\/2022\/05\/Photo-produit-planche-foils-et-packs-8-702x1024.png",702,1024,true],"1536x1536":["https:\/\/srokacompany.com\/wp-content\/uploads\/2022\/05\/Photo-produit-planche-foils-et-packs-8.png",740,1080,false],"2048x2048":["https:\/\/srokacompany.com\/wp-content\/uploads\/2022\/05\/Photo-produit-planche-foils-et-packs-8.png",740,1080,false],"woocommerce_thumbnail":["https:\/\/srokacompany.com\/wp-content\/uploads\/2022\/05\/Photo-produit-planche-foils-et-packs-8-600x876.png",600,876,true],"woocommerce_single":["https:\/\/srokacompany.com\/wp-content\/uploads\/2022\/05\/Photo-produit-planche-foils-et-packs-8-600x876.png",600,876,true],"woocommerce_gallery_thumbnail":["https:\/\/srokacompany.com\/wp-content\/uploads\/2022\/05\/Photo-produit-planche-foils-et-packs-8-100x100.png",100,100,true],"dgwt-wcas-product-suggestion":["https:\/\/srokacompany.com\/wp-content\/uploads\/2022\/05\/Photo-produit-planche-foils-et-packs-8.png",64,93,false]},"uagb_author_info":{"display_name":"Emmanuel DIJOUX","author_link":"https:\/\/srokacompany.com\/es\/blog\/author\/"},"uagb_comment_info":0,"uagb_excerpt":"Descubre el nuevo Foil HA 950 Speed SROKA: el foil dise\u00f1ado para una velocidad explosiva y un Glide m\u00e1ximo en Wing foil y Surf foil. Su perfil High Aspect ofrece una aceleraci\u00f3n fulgurante y un manejo quir\u00fargico para riders expertos. Alcanza el rendimiento puro con SROKA.","jetpack_sharing_enabled":true,"_links":{"self":[{"href":"https:\/\/srokacompany.com\/es\/wp-json\/wp\/v2\/product\/342874","targetHints":{"allow":["GET"]}}],"collection":[{"href":"https:\/\/srokacompany.com\/es\/wp-json\/wp\/v2\/product"}],"about":[{"href":"https:\/\/srokacompany.com\/es\/wp-json\/wp\/v2\/types\/product"}],"wp:featuredmedia":[{"embeddable":true,"href":"https:\/\/srokacompany.com\/es\/wp-json\/wp\/v2\/media\/342876"}],"wp:attachment":[{"href":"https:\/\/srokacompany.com\/es\/wp-json\/wp\/v2\/media?parent=342874"}],"wp:term":[{"taxonomy":"product_brand","embeddable":true,"href":"https:\/\/srokacompany.com\/es\/wp-json\/wp\/v2\/product_brand?post=342874"},{"taxonomy":"product_cat","embeddable":true,"href":"https:\/\/srokacompany.com\/es\/wp-json\/wp\/v2\/product_cat?post=342874"},{"taxonomy":"product_tag","embeddable":true,"href":"https:\/\/srokacompany.com\/es\/wp-json\/wp\/v2\/product_tag?post=342874"}],"curies":[{"name":"wp","href":"https:\/\/api.w.org\/{rel}","templated":true}]}}