{"id":342950,"date":"2022-07-02T18:07:24","date_gmt":"2022-07-02T16:07:24","guid":{"rendered":"https:\/\/srokacompany.com\/produit\/tabla-de-alas-hinchables-foil-sroka-v2\/"},"modified":"2025-11-21T18:08:42","modified_gmt":"2025-11-21T16:08:42","slug":"tabla-de-alas-hinchables-foil-sroka-v2","status":"publish","type":"product","link":"https:\/\/srokacompany.com\/es\/produit\/tabla-de-alas-hinchables-foil-sroka-v2\/","title":{"rendered":"Tabla de alas hinchables foil Sroka V2"},"content":{"rendered":"<hr>\n<h2>Tabla hinchable foil Sroka V2<\/h2>\n<p class=\"p1\">Llega la tabla hinchable Sroka V2 de foil, con numerosas novedades. En t\u00e9rminos de rendimiento, la hinchable Sroka V2 ofrece un manejo incre\u00edblemente preciso gracias a las inserciones de correas para los pies en la parte delantera y trasera de la tabla y a la rigidez del conjunto, perfeccionada por la placa de carbono del casco. Los riders sin strapless pueden aprovechar las almohadillas acanaladas y el kick pad para expresarse plenamente en el surf.  <span class=\"Apple-converted-space\"> <\/span><\/p>\n<p class=\"p1\">Toda la gama est\u00e1 ahora disponible en grosor de 5&#8243;. La sensaci\u00f3n en el agua es m\u00e1s parecida que nunca a la de una tabla dura, con una recuperaci\u00f3n magn\u00edficamente agradable al tocar tierra y un despegue inmediato. <span class=\"Apple-converted-space\"> <\/span><\/p>\n<p class=\"p1\">Fabricado con un material de PVC \u00fanico en el mercado, ofrece una resistencia mec\u00e1nica y una rigidez inigualables.<span class=\"Apple-converted-space\"> <\/span><\/p>\n<p class=\"p4\">Extremadamente pr\u00e1ctica, es la tabla de viaje definitiva con todos sus accesorios, incluida una bolsa de transporte con ruedas para que puedas llevarte un pack de alas completo de viaje.<span class=\"Apple-converted-space\"> <\/span><\/p>\n<p class=\"p5\">La placa se suministra con :<\/p>\n<ul class=\"ul1\">\n<li class=\"li6\">Una gran bolsa de almacenamiento capaz de contener su foil, tabla, ala y accesorios. Perfecta para viajar gracias a sus ruedas y m\u00faltiples compartimentos de almacenamiento. <\/li>\n<li class=\"li6\">Una bomba de doble acci\u00f3n<\/li>\n<li class=\"li6\">Kit de reparaci\u00f3n<\/li>\n<li class=\"li6\">Asa de neopreno<\/li>\n<\/ul>\n","protected":false},"excerpt":{"rendered":"<p>Tabla hinchable foil Sroka V2 Llega la tabla hinchable Sroka V2 de foil, con numerosas novedades. En t\u00e9rminos de rendimiento, la hinchable Sroka V2 ofrece un manejo incre\u00edblemente preciso gracias a las inserciones de correas para los pies en la parte delantera y trasera de la tabla y a la rigidez del conjunto, perfeccionada por [&hellip;]<\/p>\n","protected":false},"featured_media":342963,"template":"","meta":{"_acf_changed":false,"_uag_custom_page_level_css":""},"product_brand":[],"product_cat":[3603,4192,3523,4260,3444],"product_tag":[3427,3426],"class_list":{"0":"post-342950","1":"product","2":"type-product","3":"status-publish","4":"has-post-thumbnail","6":"product_cat-promos-es","7":"product_cat-saldo-wing-foil","8":"product_cat-tablas-wing-foil-mejor-precio","9":"product_cat-viernes-negro","10":"product_cat-wing-foil-es","11":"product_tag-ingenioso","12":"product_tag-principiante","13":"product_shipping_class-sup-unidad","15":"first","16":"instock","17":"sale","18":"taxable","19":"shipping-taxable","20":"purchasable","21":"product-type-variable","22":"has-default-attributes"},"acf":[],"yoast_head":"<!-- This site is optimized with the Yoast SEO plugin v27.4 - https:\/\/yoast.com\/product\/yoast-seo-wordpress\/ -->\n<title>Tabla de alas hinchables foil Sroka V2 - SROKA Company<\/title>\n<meta name=\"description\" content=\"Tablas hinchables Sroka V2, tablas de alto rendimiento con inserciones para los pies, perfectas para viajar.\" \/>\n<meta name=\"robots\" content=\"index, follow, max-snippet:-1, max-image-preview:large, max-video-preview:-1\" \/>\n<link rel=\"canonical\" href=\"https:\/\/srokacompany.com\/es\/produit\/tabla-de-alas-hinchables-foil-sroka-v2\/\" \/>\n<meta property=\"og:locale\" content=\"es_ES\" \/>\n<meta property=\"og:type\" content=\"article\" \/>\n<meta property=\"og:title\" content=\"Tabla de alas hinchables foil Sroka V2 - SROKA Company\" \/>\n<meta property=\"og:description\" content=\"Tablas hinchables Sroka V2, tablas de alto rendimiento con inserciones para los pies, perfectas para viajar.\" \/>\n<meta property=\"og:url\" content=\"https:\/\/srokacompany.com\/es\/produit\/tabla-de-alas-hinchables-foil-sroka-v2\/\" \/>\n<meta property=\"og:site_name\" content=\"SROKA Company\" \/>\n<meta property=\"article:publisher\" content=\"https:\/\/www.facebook.com\/srokawatersports\/\" \/>\n<meta property=\"article:modified_time\" content=\"2025-11-21T16:08:42+00:00\" \/>\n<meta property=\"og:image\" content=\"https:\/\/srokacompany.com\/wp-content\/uploads\/2021\/03\/Photo-produit-planches-gonflable-2022.png\" \/>\n\t<meta property=\"og:image:width\" content=\"740\" \/>\n\t<meta property=\"og:image:height\" content=\"1080\" \/>\n\t<meta property=\"og:image:type\" content=\"image\/png\" \/>\n<meta name=\"twitter:label1\" content=\"Tiempo de lectura\" \/>\n\t<meta name=\"twitter:data1\" content=\"1 minuto\" \/>\n<script type=\"application\/ld+json\" class=\"yoast-schema-graph\">{\"@context\":\"https:\\\/\\\/schema.org\",\"@graph\":[{\"@type\":\"WebPage\",\"@id\":\"https:\\\/\\\/srokacompany.com\\\/es\\\/produit\\\/tabla-de-alas-hinchables-foil-sroka-v2\\\/\",\"url\":\"https:\\\/\\\/srokacompany.com\\\/es\\\/produit\\\/tabla-de-alas-hinchables-foil-sroka-v2\\\/\",\"name\":\"Tabla de alas hinchables foil Sroka V2 - SROKA Company\",\"isPartOf\":{\"@id\":\"https:\\\/\\\/srokacompany.com\\\/es\\\/#website\"},\"primaryImageOfPage\":{\"@id\":\"https:\\\/\\\/srokacompany.com\\\/es\\\/produit\\\/tabla-de-alas-hinchables-foil-sroka-v2\\\/#primaryimage\"},\"image\":{\"@id\":\"https:\\\/\\\/srokacompany.com\\\/es\\\/produit\\\/tabla-de-alas-hinchables-foil-sroka-v2\\\/#primaryimage\"},\"thumbnailUrl\":\"https:\\\/\\\/srokacompany.com\\\/wp-content\\\/uploads\\\/2021\\\/03\\\/Photo-produit-planches-gonflable-2022.png\",\"datePublished\":\"2022-07-02T16:07:24+00:00\",\"dateModified\":\"2025-11-21T16:08:42+00:00\",\"description\":\"Tablas hinchables Sroka V2, tablas de alto rendimiento con inserciones para los pies, perfectas para viajar.\",\"breadcrumb\":{\"@id\":\"https:\\\/\\\/srokacompany.com\\\/es\\\/produit\\\/tabla-de-alas-hinchables-foil-sroka-v2\\\/#breadcrumb\"},\"inLanguage\":\"es\",\"potentialAction\":[{\"@type\":\"ReadAction\",\"target\":[\"https:\\\/\\\/srokacompany.com\\\/es\\\/produit\\\/tabla-de-alas-hinchables-foil-sroka-v2\\\/\"]}]},{\"@type\":\"ImageObject\",\"inLanguage\":\"es\",\"@id\":\"https:\\\/\\\/srokacompany.com\\\/es\\\/produit\\\/tabla-de-alas-hinchables-foil-sroka-v2\\\/#primaryimage\",\"url\":\"https:\\\/\\\/srokacompany.com\\\/wp-content\\\/uploads\\\/2021\\\/03\\\/Photo-produit-planches-gonflable-2022.png\",\"contentUrl\":\"https:\\\/\\\/srokacompany.com\\\/wp-content\\\/uploads\\\/2021\\\/03\\\/Photo-produit-planches-gonflable-2022.png\",\"width\":740,\"height\":1080},{\"@type\":\"BreadcrumbList\",\"@id\":\"https:\\\/\\\/srokacompany.com\\\/es\\\/produit\\\/tabla-de-alas-hinchables-foil-sroka-v2\\\/#breadcrumb\",\"itemListElement\":[{\"@type\":\"ListItem\",\"position\":1,\"name\":\"Accueil\",\"item\":\"https:\\\/\\\/srokacompany.com\\\/es\\\/\"},{\"@type\":\"ListItem\",\"position\":2,\"name\":\"Tienda\",\"item\":\"https:\\\/\\\/srokacompany.com\\\/tienda\\\/\"},{\"@type\":\"ListItem\",\"position\":3,\"name\":\"Tabla de alas hinchables foil Sroka V2\"}]},{\"@type\":\"WebSite\",\"@id\":\"https:\\\/\\\/srokacompany.com\\\/es\\\/#website\",\"url\":\"https:\\\/\\\/srokacompany.com\\\/es\\\/\",\"name\":\"SROKA Company\",\"description\":\"SUP, Kite, Foil, Wing\",\"publisher\":{\"@id\":\"https:\\\/\\\/srokacompany.com\\\/es\\\/#organization\"},\"potentialAction\":[{\"@type\":\"SearchAction\",\"target\":{\"@type\":\"EntryPoint\",\"urlTemplate\":\"https:\\\/\\\/srokacompany.com\\\/es\\\/?s={search_term_string}\"},\"query-input\":{\"@type\":\"PropertyValueSpecification\",\"valueRequired\":true,\"valueName\":\"search_term_string\"}}],\"inLanguage\":\"es\"},{\"@type\":\"Organization\",\"@id\":\"https:\\\/\\\/srokacompany.com\\\/es\\\/#organization\",\"name\":\"SROKACOMPANY\",\"alternateName\":\"SROKA\",\"url\":\"https:\\\/\\\/srokacompany.com\\\/es\\\/\",\"logo\":{\"@type\":\"ImageObject\",\"inLanguage\":\"es\",\"@id\":\"https:\\\/\\\/srokacompany.com\\\/es\\\/#\\\/schema\\\/logo\\\/image\\\/\",\"url\":\"https:\\\/\\\/srokacompany.com\\\/wp-content\\\/uploads\\\/2021\\\/01\\\/logo-sroka-black-transpa.png\",\"contentUrl\":\"https:\\\/\\\/srokacompany.com\\\/wp-content\\\/uploads\\\/2021\\\/01\\\/logo-sroka-black-transpa.png\",\"width\":1201,\"height\":342,\"caption\":\"SROKACOMPANY\"},\"image\":{\"@id\":\"https:\\\/\\\/srokacompany.com\\\/es\\\/#\\\/schema\\\/logo\\\/image\\\/\"},\"sameAs\":[\"https:\\\/\\\/www.facebook.com\\\/srokawatersports\\\/\",\"https:\\\/\\\/www.instagram.com\\\/srokawatersports\\\/\",\"https:\\\/\\\/www.youtube.com\\\/channel\\\/UCVLHHeaPIm-J5bdEUgxqtZA\"]}]}<\/script>\n<!-- \/ Yoast SEO plugin. -->","yoast_head_json":{"title":"Tabla de alas hinchables foil Sroka V2 - SROKA Company","description":"Tablas hinchables Sroka V2, tablas de alto rendimiento con inserciones para los pies, perfectas para viajar.","robots":{"index":"index","follow":"follow","max-snippet":"max-snippet:-1","max-image-preview":"max-image-preview:large","max-video-preview":"max-video-preview:-1"},"canonical":"https:\/\/srokacompany.com\/es\/produit\/tabla-de-alas-hinchables-foil-sroka-v2\/","og_locale":"es_ES","og_type":"article","og_title":"Tabla de alas hinchables foil Sroka V2 - SROKA Company","og_description":"Tablas hinchables Sroka V2, tablas de alto rendimiento con inserciones para los pies, perfectas para viajar.","og_url":"https:\/\/srokacompany.com\/es\/produit\/tabla-de-alas-hinchables-foil-sroka-v2\/","og_site_name":"SROKA Company","article_publisher":"https:\/\/www.facebook.com\/srokawatersports\/","article_modified_time":"2025-11-21T16:08:42+00:00","og_image":[{"width":740,"height":1080,"url":"https:\/\/srokacompany.com\/wp-content\/uploads\/2021\/03\/Photo-produit-planches-gonflable-2022.png","type":"image\/png"}],"twitter_misc":{"Tiempo de lectura":"1 minuto"},"schema":{"@context":"https:\/\/schema.org","@graph":[{"@type":"WebPage","@id":"https:\/\/srokacompany.com\/es\/produit\/tabla-de-alas-hinchables-foil-sroka-v2\/","url":"https:\/\/srokacompany.com\/es\/produit\/tabla-de-alas-hinchables-foil-sroka-v2\/","name":"Tabla de alas hinchables foil Sroka V2 - SROKA Company","isPartOf":{"@id":"https:\/\/srokacompany.com\/es\/#website"},"primaryImageOfPage":{"@id":"https:\/\/srokacompany.com\/es\/produit\/tabla-de-alas-hinchables-foil-sroka-v2\/#primaryimage"},"image":{"@id":"https:\/\/srokacompany.com\/es\/produit\/tabla-de-alas-hinchables-foil-sroka-v2\/#primaryimage"},"thumbnailUrl":"https:\/\/srokacompany.com\/wp-content\/uploads\/2021\/03\/Photo-produit-planches-gonflable-2022.png","datePublished":"2022-07-02T16:07:24+00:00","dateModified":"2025-11-21T16:08:42+00:00","description":"Tablas hinchables Sroka V2, tablas de alto rendimiento con inserciones para los pies, perfectas para viajar.","breadcrumb":{"@id":"https:\/\/srokacompany.com\/es\/produit\/tabla-de-alas-hinchables-foil-sroka-v2\/#breadcrumb"},"inLanguage":"es","potentialAction":[{"@type":"ReadAction","target":["https:\/\/srokacompany.com\/es\/produit\/tabla-de-alas-hinchables-foil-sroka-v2\/"]}]},{"@type":"ImageObject","inLanguage":"es","@id":"https:\/\/srokacompany.com\/es\/produit\/tabla-de-alas-hinchables-foil-sroka-v2\/#primaryimage","url":"https:\/\/srokacompany.com\/wp-content\/uploads\/2021\/03\/Photo-produit-planches-gonflable-2022.png","contentUrl":"https:\/\/srokacompany.com\/wp-content\/uploads\/2021\/03\/Photo-produit-planches-gonflable-2022.png","width":740,"height":1080},{"@type":"BreadcrumbList","@id":"https:\/\/srokacompany.com\/es\/produit\/tabla-de-alas-hinchables-foil-sroka-v2\/#breadcrumb","itemListElement":[{"@type":"ListItem","position":1,"name":"Accueil","item":"https:\/\/srokacompany.com\/es\/"},{"@type":"ListItem","position":2,"name":"Tienda","item":"https:\/\/srokacompany.com\/tienda\/"},{"@type":"ListItem","position":3,"name":"Tabla de alas hinchables foil Sroka V2"}]},{"@type":"WebSite","@id":"https:\/\/srokacompany.com\/es\/#website","url":"https:\/\/srokacompany.com\/es\/","name":"SROKA Company","description":"SUP, Kite, Foil, Wing","publisher":{"@id":"https:\/\/srokacompany.com\/es\/#organization"},"potentialAction":[{"@type":"SearchAction","target":{"@type":"EntryPoint","urlTemplate":"https:\/\/srokacompany.com\/es\/?s={search_term_string}"},"query-input":{"@type":"PropertyValueSpecification","valueRequired":true,"valueName":"search_term_string"}}],"inLanguage":"es"},{"@type":"Organization","@id":"https:\/\/srokacompany.com\/es\/#organization","name":"SROKACOMPANY","alternateName":"SROKA","url":"https:\/\/srokacompany.com\/es\/","logo":{"@type":"ImageObject","inLanguage":"es","@id":"https:\/\/srokacompany.com\/es\/#\/schema\/logo\/image\/","url":"https:\/\/srokacompany.com\/wp-content\/uploads\/2021\/01\/logo-sroka-black-transpa.png","contentUrl":"https:\/\/srokacompany.com\/wp-content\/uploads\/2021\/01\/logo-sroka-black-transpa.png","width":1201,"height":342,"caption":"SROKACOMPANY"},"image":{"@id":"https:\/\/srokacompany.com\/es\/#\/schema\/logo\/image\/"},"sameAs":["https:\/\/www.facebook.com\/srokawatersports\/","https:\/\/www.instagram.com\/srokawatersports\/","https:\/\/www.youtube.com\/channel\/UCVLHHeaPIm-J5bdEUgxqtZA"]}]}},"uagb_featured_image_src":{"full":["https:\/\/srokacompany.com\/wp-content\/uploads\/2021\/03\/Photo-produit-planches-gonflable-2022.png",740,1080,false],"thumbnail":["https:\/\/srokacompany.com\/wp-content\/uploads\/2021\/03\/Photo-produit-planches-gonflable-2022-150x150.png",150,150,true],"medium":["https:\/\/srokacompany.com\/wp-content\/uploads\/2021\/03\/Photo-produit-planches-gonflable-2022-206x300.png",206,300,true],"medium_large":["https:\/\/srokacompany.com\/wp-content\/uploads\/2021\/03\/Photo-produit-planches-gonflable-2022.png",740,1080,false],"large":["https:\/\/srokacompany.com\/wp-content\/uploads\/2021\/03\/Photo-produit-planches-gonflable-2022-702x1024.png",702,1024,true],"1536x1536":["https:\/\/srokacompany.com\/wp-content\/uploads\/2021\/03\/Photo-produit-planches-gonflable-2022.png",740,1080,false],"2048x2048":["https:\/\/srokacompany.com\/wp-content\/uploads\/2021\/03\/Photo-produit-planches-gonflable-2022.png",740,1080,false],"woocommerce_thumbnail":["https:\/\/srokacompany.com\/wp-content\/uploads\/2021\/03\/Photo-produit-planches-gonflable-2022-600x876.png",600,876,true],"woocommerce_single":["https:\/\/srokacompany.com\/wp-content\/uploads\/2021\/03\/Photo-produit-planches-gonflable-2022-600x876.png",600,876,true],"woocommerce_gallery_thumbnail":["https:\/\/srokacompany.com\/wp-content\/uploads\/2021\/03\/Photo-produit-planches-gonflable-2022-100x100.png",100,100,true],"dgwt-wcas-product-suggestion":["https:\/\/srokacompany.com\/wp-content\/uploads\/2021\/03\/Photo-produit-planches-gonflable-2022.png",64,93,false]},"uagb_author_info":{"display_name":"Tristan Dumard","author_link":"https:\/\/srokacompany.com\/es\/blog\/author\/"},"uagb_comment_info":0,"uagb_excerpt":"Tabla hinchable foil Sroka V2 Llega la tabla hinchable Sroka V2 de foil, con numerosas novedades. En t\u00e9rminos de rendimiento, la hinchable Sroka V2 ofrece un manejo incre\u00edblemente preciso gracias a las inserciones de correas para los pies en la parte delantera y trasera de la tabla y a la rigidez del conjunto, perfeccionada por&hellip;","jetpack_sharing_enabled":true,"_links":{"self":[{"href":"https:\/\/srokacompany.com\/es\/wp-json\/wp\/v2\/product\/342950","targetHints":{"allow":["GET"]}}],"collection":[{"href":"https:\/\/srokacompany.com\/es\/wp-json\/wp\/v2\/product"}],"about":[{"href":"https:\/\/srokacompany.com\/es\/wp-json\/wp\/v2\/types\/product"}],"wp:featuredmedia":[{"embeddable":true,"href":"https:\/\/srokacompany.com\/es\/wp-json\/wp\/v2\/media\/342963"}],"wp:attachment":[{"href":"https:\/\/srokacompany.com\/es\/wp-json\/wp\/v2\/media?parent=342950"}],"wp:term":[{"taxonomy":"product_brand","embeddable":true,"href":"https:\/\/srokacompany.com\/es\/wp-json\/wp\/v2\/product_brand?post=342950"},{"taxonomy":"product_cat","embeddable":true,"href":"https:\/\/srokacompany.com\/es\/wp-json\/wp\/v2\/product_cat?post=342950"},{"taxonomy":"product_tag","embeddable":true,"href":"https:\/\/srokacompany.com\/es\/wp-json\/wp\/v2\/product_tag?post=342950"}],"curies":[{"name":"wp","href":"https:\/\/api.w.org\/{rel}","templated":true}]}}