{"id":343065,"date":"2022-06-29T08:36:54","date_gmt":"2022-06-29T08:36:54","guid":{"rendered":"https:\/\/srokacompany.com\/produit\/bomba-manual-para-ala\/"},"modified":"2025-11-21T18:08:50","modified_gmt":"2025-11-21T16:08:50","slug":"bomba-manual-para-ala","status":"publish","type":"product","link":"https:\/\/srokacompany.com\/es\/produit\/bomba-manual-para-ala\/","title":{"rendered":"Bomba manual para ala"},"content":{"rendered":"<hr>\n<h2>Bomba manual para Wing<\/h2>\n<p style=\"text-align: justify;\">La bomba manual Sroka para Wing se puede utilizar para inflar todas las alas con una boquilla compatible, incluidas todas las versiones de <a href=\"https:\/\/srokacompany.com\/es\/eshop\/alas-de-wing-foil\/\">Sroka Wings<\/a>. Utiliza una puntera est\u00e1ndar, compatible con cometas de kitesurf. Construido con materiales de calidad, es el accesorio imprescindible para todas tus sesiones. Se suministra con dos puntas adicionales para que sea compatible con el m\u00e1ximo n\u00famero de v\u00e1lvulas diferentes.<\/p>\n<p>Su doble flujo y su generoso volumen te permitir\u00e1n inflar tu equipo r\u00e1pidamente y sacar el m\u00e1ximo partido a tus sesiones. El inflador tiene un leash con un gancho para asegurar tu ala mientras se infla. <\/p>\n<p>Su preciso man\u00f3metro de baja presi\u00f3n -a partir de 3 PSI- garantiza que nunca infle demasiado su ala.<\/p>\n","protected":false},"excerpt":{"rendered":"<p>La <b>Bomba Manual Wing foil de SROKA<\/b> es el accesorio esencial para inflar tu Wing de forma r\u00e1pida y sin esfuerzo. Dise\u00f1ada con un sistema de <b>doble acci\u00f3n<\/b> para un m\u00e1ximo ahorro de tiempo (infla tanto hacia arriba como hacia abajo), est\u00e1 equipada con un <b>man\u00f3metro integrado<\/b> para garantizar una presi\u00f3n \u00f3ptima y segura. Su robustez y su adaptador universal la hacen compatible con todas las cometas <b>Wing foil<\/b>, garantizando un despegue r\u00e1pido y sin preocupaciones.  <\/p>\n","protected":false},"featured_media":343071,"template":"","meta":{"_acf_changed":false,"_uag_custom_page_level_css":""},"product_brand":[],"product_cat":[3461,4260],"product_tag":[],"class_list":{"0":"post-343065","1":"product","2":"type-product","3":"status-publish","4":"has-post-thumbnail","6":"product_cat-accesorios-wing-foil","7":"product_cat-viernes-negro","8":"product_shipping_class-pequenos-envios","10":"first","11":"instock","12":"sale","13":"taxable","14":"shipping-taxable","15":"purchasable","16":"product-type-simple"},"acf":[],"yoast_head":"<!-- This site is optimized with the Yoast SEO plugin v27.4 - https:\/\/yoast.com\/product\/yoast-seo-wordpress\/ -->\n<title>Bomba manual Wing Foil | Sroka Company<\/title>\n<meta name=\"description\" content=\"La bomba manual de doble acci\u00f3n Sroka infla el ala con rapidez y precisi\u00f3n. Se suministra con un dispositivo de seguridad para el ala.\" \/>\n<meta name=\"robots\" content=\"index, follow, max-snippet:-1, max-image-preview:large, max-video-preview:-1\" \/>\n<link rel=\"canonical\" href=\"https:\/\/srokacompany.com\/es\/produit\/bomba-manual-para-ala\/\" \/>\n<meta property=\"og:locale\" content=\"es_ES\" \/>\n<meta property=\"og:type\" content=\"article\" \/>\n<meta property=\"og:title\" content=\"Bomba manual Wing Foil | Sroka Company\" \/>\n<meta property=\"og:description\" content=\"La bomba manual de doble acci\u00f3n Sroka infla el ala con rapidez y precisi\u00f3n. Se suministra con un dispositivo de seguridad para el ala.\" \/>\n<meta property=\"og:url\" content=\"https:\/\/srokacompany.com\/es\/produit\/bomba-manual-para-ala\/\" \/>\n<meta property=\"og:site_name\" content=\"SROKA Company\" \/>\n<meta property=\"article:publisher\" content=\"https:\/\/www.facebook.com\/srokawatersports\/\" \/>\n<meta property=\"article:modified_time\" content=\"2025-11-21T16:08:50+00:00\" \/>\n<meta property=\"og:image\" content=\"https:\/\/srokacompany.com\/wp-content\/uploads\/2022\/06\/Pompe-manuelle-wing-foil-et-kitesurf-Sroka.jpg\" \/>\n\t<meta property=\"og:image:width\" content=\"780\" \/>\n\t<meta property=\"og:image:height\" content=\"1040\" \/>\n\t<meta property=\"og:image:type\" content=\"image\/jpeg\" \/>\n<meta name=\"twitter:label1\" content=\"Tiempo de lectura\" \/>\n\t<meta name=\"twitter:data1\" content=\"1 minuto\" \/>\n<script type=\"application\/ld+json\" class=\"yoast-schema-graph\">{\"@context\":\"https:\\\/\\\/schema.org\",\"@graph\":[{\"@type\":\"WebPage\",\"@id\":\"https:\\\/\\\/srokacompany.com\\\/es\\\/produit\\\/bomba-manual-para-ala\\\/\",\"url\":\"https:\\\/\\\/srokacompany.com\\\/es\\\/produit\\\/bomba-manual-para-ala\\\/\",\"name\":\"Bomba manual Wing Foil | Sroka Company\",\"isPartOf\":{\"@id\":\"https:\\\/\\\/srokacompany.com\\\/es\\\/#website\"},\"primaryImageOfPage\":{\"@id\":\"https:\\\/\\\/srokacompany.com\\\/es\\\/produit\\\/bomba-manual-para-ala\\\/#primaryimage\"},\"image\":{\"@id\":\"https:\\\/\\\/srokacompany.com\\\/es\\\/produit\\\/bomba-manual-para-ala\\\/#primaryimage\"},\"thumbnailUrl\":\"https:\\\/\\\/srokacompany.com\\\/wp-content\\\/uploads\\\/2022\\\/06\\\/Pompe-manuelle-wing-foil-et-kitesurf-Sroka.jpg\",\"datePublished\":\"2022-06-29T08:36:54+00:00\",\"dateModified\":\"2025-11-21T16:08:50+00:00\",\"description\":\"La bomba manual de doble acci\u00f3n Sroka infla el ala con rapidez y precisi\u00f3n. Se suministra con un dispositivo de seguridad para el ala.\",\"breadcrumb\":{\"@id\":\"https:\\\/\\\/srokacompany.com\\\/es\\\/produit\\\/bomba-manual-para-ala\\\/#breadcrumb\"},\"inLanguage\":\"es\",\"potentialAction\":[{\"@type\":\"ReadAction\",\"target\":[\"https:\\\/\\\/srokacompany.com\\\/es\\\/produit\\\/bomba-manual-para-ala\\\/\"]}]},{\"@type\":\"ImageObject\",\"inLanguage\":\"es\",\"@id\":\"https:\\\/\\\/srokacompany.com\\\/es\\\/produit\\\/bomba-manual-para-ala\\\/#primaryimage\",\"url\":\"https:\\\/\\\/srokacompany.com\\\/wp-content\\\/uploads\\\/2022\\\/06\\\/Pompe-manuelle-wing-foil-et-kitesurf-Sroka.jpg\",\"contentUrl\":\"https:\\\/\\\/srokacompany.com\\\/wp-content\\\/uploads\\\/2022\\\/06\\\/Pompe-manuelle-wing-foil-et-kitesurf-Sroka.jpg\",\"width\":780,\"height\":1040,\"caption\":\"Bomba universal de doble acci\u00f3n Sroka para wingfoil y kitesurf\"},{\"@type\":\"BreadcrumbList\",\"@id\":\"https:\\\/\\\/srokacompany.com\\\/es\\\/produit\\\/bomba-manual-para-ala\\\/#breadcrumb\",\"itemListElement\":[{\"@type\":\"ListItem\",\"position\":1,\"name\":\"Accueil\",\"item\":\"https:\\\/\\\/srokacompany.com\\\/es\\\/\"},{\"@type\":\"ListItem\",\"position\":2,\"name\":\"Tienda\",\"item\":\"https:\\\/\\\/srokacompany.com\\\/tienda\\\/\"},{\"@type\":\"ListItem\",\"position\":3,\"name\":\"Bomba manual para ala\"}]},{\"@type\":\"WebSite\",\"@id\":\"https:\\\/\\\/srokacompany.com\\\/es\\\/#website\",\"url\":\"https:\\\/\\\/srokacompany.com\\\/es\\\/\",\"name\":\"SROKA Company\",\"description\":\"SUP, Kite, Foil, Wing\",\"publisher\":{\"@id\":\"https:\\\/\\\/srokacompany.com\\\/es\\\/#organization\"},\"potentialAction\":[{\"@type\":\"SearchAction\",\"target\":{\"@type\":\"EntryPoint\",\"urlTemplate\":\"https:\\\/\\\/srokacompany.com\\\/es\\\/?s={search_term_string}\"},\"query-input\":{\"@type\":\"PropertyValueSpecification\",\"valueRequired\":true,\"valueName\":\"search_term_string\"}}],\"inLanguage\":\"es\"},{\"@type\":\"Organization\",\"@id\":\"https:\\\/\\\/srokacompany.com\\\/es\\\/#organization\",\"name\":\"SROKACOMPANY\",\"alternateName\":\"SROKA\",\"url\":\"https:\\\/\\\/srokacompany.com\\\/es\\\/\",\"logo\":{\"@type\":\"ImageObject\",\"inLanguage\":\"es\",\"@id\":\"https:\\\/\\\/srokacompany.com\\\/es\\\/#\\\/schema\\\/logo\\\/image\\\/\",\"url\":\"https:\\\/\\\/srokacompany.com\\\/wp-content\\\/uploads\\\/2021\\\/01\\\/logo-sroka-black-transpa.png\",\"contentUrl\":\"https:\\\/\\\/srokacompany.com\\\/wp-content\\\/uploads\\\/2021\\\/01\\\/logo-sroka-black-transpa.png\",\"width\":1201,\"height\":342,\"caption\":\"SROKACOMPANY\"},\"image\":{\"@id\":\"https:\\\/\\\/srokacompany.com\\\/es\\\/#\\\/schema\\\/logo\\\/image\\\/\"},\"sameAs\":[\"https:\\\/\\\/www.facebook.com\\\/srokawatersports\\\/\",\"https:\\\/\\\/www.instagram.com\\\/srokawatersports\\\/\",\"https:\\\/\\\/www.youtube.com\\\/channel\\\/UCVLHHeaPIm-J5bdEUgxqtZA\"]}]}<\/script>\n<!-- \/ Yoast SEO plugin. -->","yoast_head_json":{"title":"Bomba manual Wing Foil | Sroka Company","description":"La bomba manual de doble acci\u00f3n Sroka infla el ala con rapidez y precisi\u00f3n. Se suministra con un dispositivo de seguridad para el ala.","robots":{"index":"index","follow":"follow","max-snippet":"max-snippet:-1","max-image-preview":"max-image-preview:large","max-video-preview":"max-video-preview:-1"},"canonical":"https:\/\/srokacompany.com\/es\/produit\/bomba-manual-para-ala\/","og_locale":"es_ES","og_type":"article","og_title":"Bomba manual Wing Foil | Sroka Company","og_description":"La bomba manual de doble acci\u00f3n Sroka infla el ala con rapidez y precisi\u00f3n. Se suministra con un dispositivo de seguridad para el ala.","og_url":"https:\/\/srokacompany.com\/es\/produit\/bomba-manual-para-ala\/","og_site_name":"SROKA Company","article_publisher":"https:\/\/www.facebook.com\/srokawatersports\/","article_modified_time":"2025-11-21T16:08:50+00:00","og_image":[{"width":780,"height":1040,"url":"https:\/\/srokacompany.com\/wp-content\/uploads\/2022\/06\/Pompe-manuelle-wing-foil-et-kitesurf-Sroka.jpg","type":"image\/jpeg"}],"twitter_misc":{"Tiempo de lectura":"1 minuto"},"schema":{"@context":"https:\/\/schema.org","@graph":[{"@type":"WebPage","@id":"https:\/\/srokacompany.com\/es\/produit\/bomba-manual-para-ala\/","url":"https:\/\/srokacompany.com\/es\/produit\/bomba-manual-para-ala\/","name":"Bomba manual Wing Foil | Sroka Company","isPartOf":{"@id":"https:\/\/srokacompany.com\/es\/#website"},"primaryImageOfPage":{"@id":"https:\/\/srokacompany.com\/es\/produit\/bomba-manual-para-ala\/#primaryimage"},"image":{"@id":"https:\/\/srokacompany.com\/es\/produit\/bomba-manual-para-ala\/#primaryimage"},"thumbnailUrl":"https:\/\/srokacompany.com\/wp-content\/uploads\/2022\/06\/Pompe-manuelle-wing-foil-et-kitesurf-Sroka.jpg","datePublished":"2022-06-29T08:36:54+00:00","dateModified":"2025-11-21T16:08:50+00:00","description":"La bomba manual de doble acci\u00f3n Sroka infla el ala con rapidez y precisi\u00f3n. Se suministra con un dispositivo de seguridad para el ala.","breadcrumb":{"@id":"https:\/\/srokacompany.com\/es\/produit\/bomba-manual-para-ala\/#breadcrumb"},"inLanguage":"es","potentialAction":[{"@type":"ReadAction","target":["https:\/\/srokacompany.com\/es\/produit\/bomba-manual-para-ala\/"]}]},{"@type":"ImageObject","inLanguage":"es","@id":"https:\/\/srokacompany.com\/es\/produit\/bomba-manual-para-ala\/#primaryimage","url":"https:\/\/srokacompany.com\/wp-content\/uploads\/2022\/06\/Pompe-manuelle-wing-foil-et-kitesurf-Sroka.jpg","contentUrl":"https:\/\/srokacompany.com\/wp-content\/uploads\/2022\/06\/Pompe-manuelle-wing-foil-et-kitesurf-Sroka.jpg","width":780,"height":1040,"caption":"Bomba universal de doble acci\u00f3n Sroka para wingfoil y kitesurf"},{"@type":"BreadcrumbList","@id":"https:\/\/srokacompany.com\/es\/produit\/bomba-manual-para-ala\/#breadcrumb","itemListElement":[{"@type":"ListItem","position":1,"name":"Accueil","item":"https:\/\/srokacompany.com\/es\/"},{"@type":"ListItem","position":2,"name":"Tienda","item":"https:\/\/srokacompany.com\/tienda\/"},{"@type":"ListItem","position":3,"name":"Bomba manual para ala"}]},{"@type":"WebSite","@id":"https:\/\/srokacompany.com\/es\/#website","url":"https:\/\/srokacompany.com\/es\/","name":"SROKA Company","description":"SUP, Kite, Foil, Wing","publisher":{"@id":"https:\/\/srokacompany.com\/es\/#organization"},"potentialAction":[{"@type":"SearchAction","target":{"@type":"EntryPoint","urlTemplate":"https:\/\/srokacompany.com\/es\/?s={search_term_string}"},"query-input":{"@type":"PropertyValueSpecification","valueRequired":true,"valueName":"search_term_string"}}],"inLanguage":"es"},{"@type":"Organization","@id":"https:\/\/srokacompany.com\/es\/#organization","name":"SROKACOMPANY","alternateName":"SROKA","url":"https:\/\/srokacompany.com\/es\/","logo":{"@type":"ImageObject","inLanguage":"es","@id":"https:\/\/srokacompany.com\/es\/#\/schema\/logo\/image\/","url":"https:\/\/srokacompany.com\/wp-content\/uploads\/2021\/01\/logo-sroka-black-transpa.png","contentUrl":"https:\/\/srokacompany.com\/wp-content\/uploads\/2021\/01\/logo-sroka-black-transpa.png","width":1201,"height":342,"caption":"SROKACOMPANY"},"image":{"@id":"https:\/\/srokacompany.com\/es\/#\/schema\/logo\/image\/"},"sameAs":["https:\/\/www.facebook.com\/srokawatersports\/","https:\/\/www.instagram.com\/srokawatersports\/","https:\/\/www.youtube.com\/channel\/UCVLHHeaPIm-J5bdEUgxqtZA"]}]}},"uagb_featured_image_src":{"full":["https:\/\/srokacompany.com\/wp-content\/uploads\/2022\/06\/Pompe-manuelle-wing-foil-et-kitesurf-Sroka.jpg",780,1040,false],"thumbnail":["https:\/\/srokacompany.com\/wp-content\/uploads\/2022\/06\/Pompe-manuelle-wing-foil-et-kitesurf-Sroka-150x150.jpg",150,150,true],"medium":["https:\/\/srokacompany.com\/wp-content\/uploads\/2022\/06\/Pompe-manuelle-wing-foil-et-kitesurf-Sroka-225x300.jpg",225,300,true],"medium_large":["https:\/\/srokacompany.com\/wp-content\/uploads\/2022\/06\/Pompe-manuelle-wing-foil-et-kitesurf-Sroka-768x1024.jpg",768,1024,true],"large":["https:\/\/srokacompany.com\/wp-content\/uploads\/2022\/06\/Pompe-manuelle-wing-foil-et-kitesurf-Sroka-768x1024.jpg",768,1024,true],"1536x1536":["https:\/\/srokacompany.com\/wp-content\/uploads\/2022\/06\/Pompe-manuelle-wing-foil-et-kitesurf-Sroka.jpg",780,1040,false],"2048x2048":["https:\/\/srokacompany.com\/wp-content\/uploads\/2022\/06\/Pompe-manuelle-wing-foil-et-kitesurf-Sroka.jpg",780,1040,false],"woocommerce_thumbnail":["https:\/\/srokacompany.com\/wp-content\/uploads\/2022\/06\/Pompe-manuelle-wing-foil-et-kitesurf-Sroka-600x800.jpg",600,800,true],"woocommerce_single":["https:\/\/srokacompany.com\/wp-content\/uploads\/2022\/06\/Pompe-manuelle-wing-foil-et-kitesurf-Sroka-600x800.jpg",600,800,true],"woocommerce_gallery_thumbnail":["https:\/\/srokacompany.com\/wp-content\/uploads\/2022\/06\/Pompe-manuelle-wing-foil-et-kitesurf-Sroka-100x100.jpg",100,100,true],"dgwt-wcas-product-suggestion":["https:\/\/srokacompany.com\/wp-content\/uploads\/2022\/06\/Pompe-manuelle-wing-foil-et-kitesurf-Sroka-64x85.jpg",64,85,true]},"uagb_author_info":{"display_name":"Tristan Dumard","author_link":"https:\/\/srokacompany.com\/es\/blog\/author\/"},"uagb_comment_info":0,"uagb_excerpt":"La Bomba Manual Wing foil de SROKA es el accesorio esencial para inflar tu Wing de forma r\u00e1pida y sin esfuerzo. Dise\u00f1ada con un sistema de doble acci\u00f3n para un m\u00e1ximo ahorro de tiempo (infla tanto hacia arriba como hacia abajo), est\u00e1 equipada con un man\u00f3metro integrado para garantizar una presi\u00f3n \u00f3ptima y segura. Su&hellip;","jetpack_sharing_enabled":true,"_links":{"self":[{"href":"https:\/\/srokacompany.com\/es\/wp-json\/wp\/v2\/product\/343065","targetHints":{"allow":["GET"]}}],"collection":[{"href":"https:\/\/srokacompany.com\/es\/wp-json\/wp\/v2\/product"}],"about":[{"href":"https:\/\/srokacompany.com\/es\/wp-json\/wp\/v2\/types\/product"}],"wp:featuredmedia":[{"embeddable":true,"href":"https:\/\/srokacompany.com\/es\/wp-json\/wp\/v2\/media\/343071"}],"wp:attachment":[{"href":"https:\/\/srokacompany.com\/es\/wp-json\/wp\/v2\/media?parent=343065"}],"wp:term":[{"taxonomy":"product_brand","embeddable":true,"href":"https:\/\/srokacompany.com\/es\/wp-json\/wp\/v2\/product_brand?post=343065"},{"taxonomy":"product_cat","embeddable":true,"href":"https:\/\/srokacompany.com\/es\/wp-json\/wp\/v2\/product_cat?post=343065"},{"taxonomy":"product_tag","embeddable":true,"href":"https:\/\/srokacompany.com\/es\/wp-json\/wp\/v2\/product_tag?post=343065"}],"curies":[{"name":"wp","href":"https:\/\/api.w.org\/{rel}","templated":true}]}}