{"id":343203,"date":"2022-07-19T09:32:10","date_gmt":"2022-07-19T09:32:10","guid":{"rendered":"https:\/\/srokacompany.com\/produit\/tabla-de-alas-hinchables-foil-sroka-v1-fin-de-serie\/"},"modified":"2026-04-10T08:33:27","modified_gmt":"2026-04-10T06:33:27","slug":"tabla-de-alas-hinchables-foil-sroka-v1-fin-de-serie","status":"publish","type":"product","link":"https:\/\/srokacompany.com\/es\/produit\/tabla-de-alas-hinchables-foil-sroka-v1-fin-de-serie\/","title":{"rendered":"Tabla de alas hinchables foil Sroka V1 ( Fin de serie)"},"content":{"rendered":"<hr>\n<h1>Tabla hinchable Foil Sroka Air 5&#8217;3 &#8211; 6&#8242;<\/h1>\n<p style=\"text-align: justify;\">El <a href=\"https:\/\/srokacompany.com\/es\/blog\/como-virar-hacer-una-virada-en-wingfoil\/\">Wing Foil <\/a>te hace so\u00f1ar por la libertad que te da. Gracias a las tablas hinchables Sroka, las preocupaciones por el transporte son un recuerdo lejano y todos los lugares se vuelven accesibles. Con nuestra larga experiencia en <a href=\"https:\/\/srokacompany.com\/es\/eshop\/palas-hinchables\/\">tablas hinchables de SUP<\/a> y l\u00e1minas de alta calidad, era un paso natural para nosotros desarrollar la Sroka Air. Ya sea la calidad de la estructura hinchable, la placa de carbono o nuestras opciones de dise\u00f1o, todo est\u00e1 hecho para ofrecerle un producto de alto rendimiento.   <\/p>\n<p class=\"p1\" style=\"text-align: justify;\">Estable y accesible, el 6&#8217;4 har\u00e1 despegar a los navegantes m\u00e1s grandes en todo tipo de aguas, incluso con vientos muy flojos. M\u00e1s de 85 kg o con vientos flojos. De principiante a intermedio.  <\/p>\n<p class=\"p1\" style=\"text-align: justify;\">Si quiere empezar con facilidad y progresar r\u00e1pidamente, la Air 6&#8242; es ideal para usted. De 70 a 85 kg, de principiante a avanzado. <\/p>\n<p style=\"text-align: justify;\">\u00bfQuieres una sola tabla para llevarla a todas partes, sean cuales sean las condiciones? Entonces la Air 5&#8217;3 es para ti. Compacta y de alto rendimiento, es una excelente manera de <a href=\"https:\/\/srokacompany.com\/es\/blog\/wingfoil-como-hacer-un-waterstart-exitoso\/\">superar tus l\u00edmites sin necesidad de un waterstart<\/a>. Para principiantes de menos de 70 kg, o de nivel intermedio a experto.   <\/p>\n<p>Todos los tableros tienen insertos de correa para instalaci\u00f3n en forma de V (s\u00f3lo en la parte delantera).<\/p>\n<blockquote class=\"wp-embedded-content\" data-secret=\"a8ha0zspk1\"><p><a href=\"https:\/\/srokacompany.com\/es\/especificaciones-tecnicas-de-las-alas-y-tablas-de-foil-sroka\/\">Caract\u00e9ristiques techniques des ailes et planches de foil Sroka<\/a><\/p><\/blockquote>\n<p><iframe loading=\"lazy\" class=\"wp-embedded-content\" sandbox=\"allow-scripts\" security=\"restricted\" style=\"position: absolute; visibility: hidden;\" title=\"\u00abCaract\u00e9ristiques techniques des ailes et planches de foil Sroka\u00bb \u2014 SROKA Company\" src=\"https:\/\/srokacompany.com\/es\/especificaciones-tecnicas-de-las-alas-y-tablas-de-foil-sroka\/embed\/#?secret=R7yEsfpUnR#?secret=a8ha0zspk1\" data-secret=\"a8ha0zspk1\" width=\"500\" height=\"282\" frameborder=\"0\" marginwidth=\"0\" marginheight=\"0\" scrolling=\"no\"><\/iframe><\/p>\n","protected":false},"excerpt":{"rendered":"<p>Tabla hinchable Foil Sroka Air 5&#8217;3 &#8211; 6&#8242; El Wing Foil te hace so\u00f1ar por la libertad que te da. Gracias a las tablas hinchables Sroka, las preocupaciones por el transporte son un recuerdo lejano y todos los lugares se vuelven accesibles. Con nuestra larga experiencia en tablas hinchables de SUP y l\u00e1minas de alta [&hellip;]<\/p>\n","protected":false},"featured_media":343204,"template":"","meta":{"_acf_changed":false,"_uag_custom_page_level_css":""},"product_brand":[],"product_cat":[3603,4192,3523,3444],"product_tag":[3426],"class_list":{"0":"post-343203","1":"product","2":"type-product","3":"status-publish","4":"has-post-thumbnail","6":"product_cat-promos-es","7":"product_cat-saldo-wing-foil","8":"product_cat-tablas-wing-foil-mejor-precio","9":"product_cat-wing-foil-es","10":"product_tag-principiante","11":"product_shipping_class-sup-unidad","13":"first","14":"instock","15":"sale","16":"taxable","17":"shipping-taxable","18":"purchasable","19":"product-type-variable"},"acf":[],"yoast_head":"<!-- This site is optimized with the Yoast SEO plugin v27.4 - https:\/\/yoast.com\/product\/yoast-seo-wordpress\/ -->\n<title>Tabla Wing Foil Hinchable - Gama de aire - SROKA Company<\/title>\n<meta name=\"description\" content=\"La tabla hinchable Sroka foil disponible en 5&#039;3, 6&#039; y 6&#039;4. La mejor relaci\u00f3n calidad-precio, f\u00e1cil de llevar, duradera y de alto rendimiento.\" \/>\n<meta name=\"robots\" content=\"index, follow, max-snippet:-1, max-image-preview:large, max-video-preview:-1\" \/>\n<link rel=\"canonical\" href=\"https:\/\/srokacompany.com\/es\/produit\/tabla-de-alas-hinchables-foil-sroka-v1-fin-de-serie\/\" \/>\n<meta property=\"og:locale\" content=\"es_ES\" \/>\n<meta property=\"og:type\" content=\"article\" \/>\n<meta property=\"og:title\" content=\"Tabla Wing Foil Hinchable - Gama de aire - SROKA Company\" \/>\n<meta property=\"og:description\" content=\"La tabla hinchable Sroka foil disponible en 5&#039;3, 6&#039; y 6&#039;4. La mejor relaci\u00f3n calidad-precio, f\u00e1cil de llevar, duradera y de alto rendimiento.\" \/>\n<meta property=\"og:url\" content=\"https:\/\/srokacompany.com\/es\/produit\/tabla-de-alas-hinchables-foil-sroka-v1-fin-de-serie\/\" \/>\n<meta property=\"og:site_name\" content=\"SROKA Company\" \/>\n<meta property=\"article:publisher\" content=\"https:\/\/www.facebook.com\/srokawatersports\/\" \/>\n<meta property=\"article:modified_time\" content=\"2026-04-10T06:33:27+00:00\" \/>\n<meta property=\"og:image\" content=\"https:\/\/srokacompany.com\/wp-content\/uploads\/2022\/07\/Photo-produit-planches-gonflable-2021.png\" \/>\n\t<meta property=\"og:image:width\" content=\"740\" \/>\n\t<meta property=\"og:image:height\" content=\"1080\" \/>\n\t<meta property=\"og:image:type\" content=\"image\/png\" \/>\n<meta name=\"twitter:label1\" content=\"Tiempo de lectura\" \/>\n\t<meta name=\"twitter:data1\" content=\"1 minuto\" \/>\n<script type=\"application\/ld+json\" class=\"yoast-schema-graph\">{\"@context\":\"https:\\\/\\\/schema.org\",\"@graph\":[{\"@type\":\"WebPage\",\"@id\":\"https:\\\/\\\/srokacompany.com\\\/es\\\/produit\\\/tabla-de-alas-hinchables-foil-sroka-v1-fin-de-serie\\\/\",\"url\":\"https:\\\/\\\/srokacompany.com\\\/es\\\/produit\\\/tabla-de-alas-hinchables-foil-sroka-v1-fin-de-serie\\\/\",\"name\":\"Tabla Wing Foil Hinchable - Gama de aire - SROKA Company\",\"isPartOf\":{\"@id\":\"https:\\\/\\\/srokacompany.com\\\/es\\\/#website\"},\"primaryImageOfPage\":{\"@id\":\"https:\\\/\\\/srokacompany.com\\\/es\\\/produit\\\/tabla-de-alas-hinchables-foil-sroka-v1-fin-de-serie\\\/#primaryimage\"},\"image\":{\"@id\":\"https:\\\/\\\/srokacompany.com\\\/es\\\/produit\\\/tabla-de-alas-hinchables-foil-sroka-v1-fin-de-serie\\\/#primaryimage\"},\"thumbnailUrl\":\"https:\\\/\\\/srokacompany.com\\\/wp-content\\\/uploads\\\/2022\\\/07\\\/Photo-produit-planches-gonflable-2021.png\",\"datePublished\":\"2022-07-19T09:32:10+00:00\",\"dateModified\":\"2026-04-10T06:33:27+00:00\",\"description\":\"La tabla hinchable Sroka foil disponible en 5'3, 6' y 6'4. La mejor relaci\u00f3n calidad-precio, f\u00e1cil de llevar, duradera y de alto rendimiento.\",\"breadcrumb\":{\"@id\":\"https:\\\/\\\/srokacompany.com\\\/es\\\/produit\\\/tabla-de-alas-hinchables-foil-sroka-v1-fin-de-serie\\\/#breadcrumb\"},\"inLanguage\":\"es\",\"potentialAction\":[{\"@type\":\"ReadAction\",\"target\":[\"https:\\\/\\\/srokacompany.com\\\/es\\\/produit\\\/tabla-de-alas-hinchables-foil-sroka-v1-fin-de-serie\\\/\"]}]},{\"@type\":\"ImageObject\",\"inLanguage\":\"es\",\"@id\":\"https:\\\/\\\/srokacompany.com\\\/es\\\/produit\\\/tabla-de-alas-hinchables-foil-sroka-v1-fin-de-serie\\\/#primaryimage\",\"url\":\"https:\\\/\\\/srokacompany.com\\\/wp-content\\\/uploads\\\/2022\\\/07\\\/Photo-produit-planches-gonflable-2021.png\",\"contentUrl\":\"https:\\\/\\\/srokacompany.com\\\/wp-content\\\/uploads\\\/2022\\\/07\\\/Photo-produit-planches-gonflable-2021.png\",\"width\":740,\"height\":1080,\"caption\":\"Planche wing foil gonflable\"},{\"@type\":\"BreadcrumbList\",\"@id\":\"https:\\\/\\\/srokacompany.com\\\/es\\\/produit\\\/tabla-de-alas-hinchables-foil-sroka-v1-fin-de-serie\\\/#breadcrumb\",\"itemListElement\":[{\"@type\":\"ListItem\",\"position\":1,\"name\":\"Accueil\",\"item\":\"https:\\\/\\\/srokacompany.com\\\/es\\\/\"},{\"@type\":\"ListItem\",\"position\":2,\"name\":\"Tienda\",\"item\":\"https:\\\/\\\/srokacompany.com\\\/tienda\\\/\"},{\"@type\":\"ListItem\",\"position\":3,\"name\":\"Tabla de alas hinchables foil Sroka V1 ( Fin de serie)\"}]},{\"@type\":\"WebSite\",\"@id\":\"https:\\\/\\\/srokacompany.com\\\/es\\\/#website\",\"url\":\"https:\\\/\\\/srokacompany.com\\\/es\\\/\",\"name\":\"SROKA Company\",\"description\":\"SUP, Kite, Foil, Wing\",\"publisher\":{\"@id\":\"https:\\\/\\\/srokacompany.com\\\/es\\\/#organization\"},\"potentialAction\":[{\"@type\":\"SearchAction\",\"target\":{\"@type\":\"EntryPoint\",\"urlTemplate\":\"https:\\\/\\\/srokacompany.com\\\/es\\\/?s={search_term_string}\"},\"query-input\":{\"@type\":\"PropertyValueSpecification\",\"valueRequired\":true,\"valueName\":\"search_term_string\"}}],\"inLanguage\":\"es\"},{\"@type\":\"Organization\",\"@id\":\"https:\\\/\\\/srokacompany.com\\\/es\\\/#organization\",\"name\":\"SROKACOMPANY\",\"alternateName\":\"SROKA\",\"url\":\"https:\\\/\\\/srokacompany.com\\\/es\\\/\",\"logo\":{\"@type\":\"ImageObject\",\"inLanguage\":\"es\",\"@id\":\"https:\\\/\\\/srokacompany.com\\\/es\\\/#\\\/schema\\\/logo\\\/image\\\/\",\"url\":\"https:\\\/\\\/srokacompany.com\\\/wp-content\\\/uploads\\\/2021\\\/01\\\/logo-sroka-black-transpa.png\",\"contentUrl\":\"https:\\\/\\\/srokacompany.com\\\/wp-content\\\/uploads\\\/2021\\\/01\\\/logo-sroka-black-transpa.png\",\"width\":1201,\"height\":342,\"caption\":\"SROKACOMPANY\"},\"image\":{\"@id\":\"https:\\\/\\\/srokacompany.com\\\/es\\\/#\\\/schema\\\/logo\\\/image\\\/\"},\"sameAs\":[\"https:\\\/\\\/www.facebook.com\\\/srokawatersports\\\/\",\"https:\\\/\\\/www.instagram.com\\\/srokawatersports\\\/\",\"https:\\\/\\\/www.youtube.com\\\/channel\\\/UCVLHHeaPIm-J5bdEUgxqtZA\"]}]}<\/script>\n<!-- \/ Yoast SEO plugin. -->","yoast_head_json":{"title":"Tabla Wing Foil Hinchable - Gama de aire - SROKA Company","description":"La tabla hinchable Sroka foil disponible en 5'3, 6' y 6'4. La mejor relaci\u00f3n calidad-precio, f\u00e1cil de llevar, duradera y de alto rendimiento.","robots":{"index":"index","follow":"follow","max-snippet":"max-snippet:-1","max-image-preview":"max-image-preview:large","max-video-preview":"max-video-preview:-1"},"canonical":"https:\/\/srokacompany.com\/es\/produit\/tabla-de-alas-hinchables-foil-sroka-v1-fin-de-serie\/","og_locale":"es_ES","og_type":"article","og_title":"Tabla Wing Foil Hinchable - Gama de aire - SROKA Company","og_description":"La tabla hinchable Sroka foil disponible en 5'3, 6' y 6'4. La mejor relaci\u00f3n calidad-precio, f\u00e1cil de llevar, duradera y de alto rendimiento.","og_url":"https:\/\/srokacompany.com\/es\/produit\/tabla-de-alas-hinchables-foil-sroka-v1-fin-de-serie\/","og_site_name":"SROKA Company","article_publisher":"https:\/\/www.facebook.com\/srokawatersports\/","article_modified_time":"2026-04-10T06:33:27+00:00","og_image":[{"width":740,"height":1080,"url":"https:\/\/srokacompany.com\/wp-content\/uploads\/2022\/07\/Photo-produit-planches-gonflable-2021.png","type":"image\/png"}],"twitter_misc":{"Tiempo de lectura":"1 minuto"},"schema":{"@context":"https:\/\/schema.org","@graph":[{"@type":"WebPage","@id":"https:\/\/srokacompany.com\/es\/produit\/tabla-de-alas-hinchables-foil-sroka-v1-fin-de-serie\/","url":"https:\/\/srokacompany.com\/es\/produit\/tabla-de-alas-hinchables-foil-sroka-v1-fin-de-serie\/","name":"Tabla Wing Foil Hinchable - Gama de aire - SROKA Company","isPartOf":{"@id":"https:\/\/srokacompany.com\/es\/#website"},"primaryImageOfPage":{"@id":"https:\/\/srokacompany.com\/es\/produit\/tabla-de-alas-hinchables-foil-sroka-v1-fin-de-serie\/#primaryimage"},"image":{"@id":"https:\/\/srokacompany.com\/es\/produit\/tabla-de-alas-hinchables-foil-sroka-v1-fin-de-serie\/#primaryimage"},"thumbnailUrl":"https:\/\/srokacompany.com\/wp-content\/uploads\/2022\/07\/Photo-produit-planches-gonflable-2021.png","datePublished":"2022-07-19T09:32:10+00:00","dateModified":"2026-04-10T06:33:27+00:00","description":"La tabla hinchable Sroka foil disponible en 5'3, 6' y 6'4. La mejor relaci\u00f3n calidad-precio, f\u00e1cil de llevar, duradera y de alto rendimiento.","breadcrumb":{"@id":"https:\/\/srokacompany.com\/es\/produit\/tabla-de-alas-hinchables-foil-sroka-v1-fin-de-serie\/#breadcrumb"},"inLanguage":"es","potentialAction":[{"@type":"ReadAction","target":["https:\/\/srokacompany.com\/es\/produit\/tabla-de-alas-hinchables-foil-sroka-v1-fin-de-serie\/"]}]},{"@type":"ImageObject","inLanguage":"es","@id":"https:\/\/srokacompany.com\/es\/produit\/tabla-de-alas-hinchables-foil-sroka-v1-fin-de-serie\/#primaryimage","url":"https:\/\/srokacompany.com\/wp-content\/uploads\/2022\/07\/Photo-produit-planches-gonflable-2021.png","contentUrl":"https:\/\/srokacompany.com\/wp-content\/uploads\/2022\/07\/Photo-produit-planches-gonflable-2021.png","width":740,"height":1080,"caption":"Planche wing foil gonflable"},{"@type":"BreadcrumbList","@id":"https:\/\/srokacompany.com\/es\/produit\/tabla-de-alas-hinchables-foil-sroka-v1-fin-de-serie\/#breadcrumb","itemListElement":[{"@type":"ListItem","position":1,"name":"Accueil","item":"https:\/\/srokacompany.com\/es\/"},{"@type":"ListItem","position":2,"name":"Tienda","item":"https:\/\/srokacompany.com\/tienda\/"},{"@type":"ListItem","position":3,"name":"Tabla de alas hinchables foil Sroka V1 ( Fin de serie)"}]},{"@type":"WebSite","@id":"https:\/\/srokacompany.com\/es\/#website","url":"https:\/\/srokacompany.com\/es\/","name":"SROKA Company","description":"SUP, Kite, Foil, Wing","publisher":{"@id":"https:\/\/srokacompany.com\/es\/#organization"},"potentialAction":[{"@type":"SearchAction","target":{"@type":"EntryPoint","urlTemplate":"https:\/\/srokacompany.com\/es\/?s={search_term_string}"},"query-input":{"@type":"PropertyValueSpecification","valueRequired":true,"valueName":"search_term_string"}}],"inLanguage":"es"},{"@type":"Organization","@id":"https:\/\/srokacompany.com\/es\/#organization","name":"SROKACOMPANY","alternateName":"SROKA","url":"https:\/\/srokacompany.com\/es\/","logo":{"@type":"ImageObject","inLanguage":"es","@id":"https:\/\/srokacompany.com\/es\/#\/schema\/logo\/image\/","url":"https:\/\/srokacompany.com\/wp-content\/uploads\/2021\/01\/logo-sroka-black-transpa.png","contentUrl":"https:\/\/srokacompany.com\/wp-content\/uploads\/2021\/01\/logo-sroka-black-transpa.png","width":1201,"height":342,"caption":"SROKACOMPANY"},"image":{"@id":"https:\/\/srokacompany.com\/es\/#\/schema\/logo\/image\/"},"sameAs":["https:\/\/www.facebook.com\/srokawatersports\/","https:\/\/www.instagram.com\/srokawatersports\/","https:\/\/www.youtube.com\/channel\/UCVLHHeaPIm-J5bdEUgxqtZA"]}]}},"uagb_featured_image_src":{"full":["https:\/\/srokacompany.com\/wp-content\/uploads\/2022\/07\/Photo-produit-planches-gonflable-2021.png",740,1080,false],"thumbnail":["https:\/\/srokacompany.com\/wp-content\/uploads\/2022\/07\/Photo-produit-planches-gonflable-2021-150x150.png",150,150,true],"medium":["https:\/\/srokacompany.com\/wp-content\/uploads\/2022\/07\/Photo-produit-planches-gonflable-2021-206x300.png",206,300,true],"medium_large":["https:\/\/srokacompany.com\/wp-content\/uploads\/2022\/07\/Photo-produit-planches-gonflable-2021.png",740,1080,false],"large":["https:\/\/srokacompany.com\/wp-content\/uploads\/2022\/07\/Photo-produit-planches-gonflable-2021-702x1024.png",702,1024,true],"1536x1536":["https:\/\/srokacompany.com\/wp-content\/uploads\/2022\/07\/Photo-produit-planches-gonflable-2021.png",740,1080,false],"2048x2048":["https:\/\/srokacompany.com\/wp-content\/uploads\/2022\/07\/Photo-produit-planches-gonflable-2021.png",740,1080,false],"woocommerce_thumbnail":["https:\/\/srokacompany.com\/wp-content\/uploads\/2022\/07\/Photo-produit-planches-gonflable-2021-600x876.png",600,876,true],"woocommerce_single":["https:\/\/srokacompany.com\/wp-content\/uploads\/2022\/07\/Photo-produit-planches-gonflable-2021-600x876.png",600,876,true],"woocommerce_gallery_thumbnail":["https:\/\/srokacompany.com\/wp-content\/uploads\/2022\/07\/Photo-produit-planches-gonflable-2021-100x100.png",100,100,true],"dgwt-wcas-product-suggestion":["https:\/\/srokacompany.com\/wp-content\/uploads\/2022\/07\/Photo-produit-planches-gonflable-2021.png",64,93,false]},"uagb_author_info":{"display_name":"Tristan Dumard","author_link":"https:\/\/srokacompany.com\/es\/blog\/author\/"},"uagb_comment_info":0,"uagb_excerpt":"Tabla hinchable Foil Sroka Air 5&#8217;3 &#8211; 6&#8242; El Wing Foil te hace so\u00f1ar por la libertad que te da. Gracias a las tablas hinchables Sroka, las preocupaciones por el transporte son un recuerdo lejano y todos los lugares se vuelven accesibles. Con nuestra larga experiencia en tablas hinchables de SUP y l\u00e1minas de alta&hellip;","jetpack_sharing_enabled":true,"_links":{"self":[{"href":"https:\/\/srokacompany.com\/es\/wp-json\/wp\/v2\/product\/343203","targetHints":{"allow":["GET"]}}],"collection":[{"href":"https:\/\/srokacompany.com\/es\/wp-json\/wp\/v2\/product"}],"about":[{"href":"https:\/\/srokacompany.com\/es\/wp-json\/wp\/v2\/types\/product"}],"wp:featuredmedia":[{"embeddable":true,"href":"https:\/\/srokacompany.com\/es\/wp-json\/wp\/v2\/media\/343204"}],"wp:attachment":[{"href":"https:\/\/srokacompany.com\/es\/wp-json\/wp\/v2\/media?parent=343203"}],"wp:term":[{"taxonomy":"product_brand","embeddable":true,"href":"https:\/\/srokacompany.com\/es\/wp-json\/wp\/v2\/product_brand?post=343203"},{"taxonomy":"product_cat","embeddable":true,"href":"https:\/\/srokacompany.com\/es\/wp-json\/wp\/v2\/product_cat?post=343203"},{"taxonomy":"product_tag","embeddable":true,"href":"https:\/\/srokacompany.com\/es\/wp-json\/wp\/v2\/product_tag?post=343203"}],"curies":[{"name":"wp","href":"https:\/\/api.w.org\/{rel}","templated":true}]}}