{"id":343215,"date":"2022-11-03T16:07:42","date_gmt":"2022-11-03T16:07:42","guid":{"rendered":"https:\/\/srokacompany.com\/produit\/s-foil-elevador-high-aspect-1350\/"},"modified":"2025-11-25T10:32:25","modified_gmt":"2025-11-25T08:32:25","slug":"s-foil-elevador-high-aspect-1350","status":"publish","type":"product","link":"https:\/\/srokacompany.com\/es\/produit\/s-foil-elevador-high-aspect-1350\/","title":{"rendered":"S-Foil Elevador High Aspect 1350"},"content":{"rendered":"<hr>\n<h2>S-Foil Elevador HA 1350<\/h2>\n<p>La cometa High Aspect 1350 Lift front de foil te permitir\u00e1 deslizarte sin fin a favor del viento y reconectar peque\u00f1os trenes de swell con <strong>una facilidad<\/strong> desconcertante en surf foil, en wake foil o wingfoil en todas las condiciones. Esta cometa te har\u00e1 <strong>redescubrir tus spots de siempre<\/strong>. Podr\u00e1s jugar en tramos de agua picada que antes eran inaccesibles.  <\/p>\n<p>Muy f\u00e1cil de despegar, la HA 1350 L nunca baja una vez que est\u00e1 en el aire. Un simple bombeo, un tren de marejada inconsistente o una peque\u00f1a r\u00e1faga de viento es todo lo que necesitas para <strong>prolongar indefinidamente el placer de planear<\/strong>. Todo se ha hecho para ofrecerte un planeo m\u00e1gico e infinito, con el m\u00ednimo esfuerzo.  <\/p>\n<p>La HA 1350 Lift tambi\u00e9n es <strong>ideal para navegar por lagos<\/strong>, donde vuela magn\u00edficamente por las llanuras durante mucho tiempo. Podr\u00e1s aprovechar la m\u00e1s m\u00ednima brisa u ola para despegar y planear sin esfuerzo. <\/p>\n<p>El ala delantera HA 1350 es <strong>compatible con todos los fuselajes de la gama S-Foil y con todos los estabilizadores. <\/strong>El foil se suministra completo con tornillos y un estuche de transporte\/protecci\u00f3n hecho a medida.<\/p>\n<p><a href=\"https:\/\/srokacompany.com\/es\/produit\/guardabarros-delantero-s-foil-high-aspect-1350-lift\/\">S\u00f3lo el aler\u00f3n delantero est\u00e1 disponible aqu\u00ed por 499,90 euros.<\/a><\/p>\n","protected":false},"excerpt":{"rendered":"<p>El Foil S en 1350 arranca muy pronto, planea durante mucho tiempo y es f\u00e1cil de bombear. Ideal para navegar con facilidad en lagos o con vientos ligeros irregulares. <\/p>\n","protected":false},"featured_media":343216,"template":"","meta":{"_acf_changed":false,"_uag_custom_page_level_css":""},"product_brand":[],"product_cat":[3486,3643,3480,3481,3469,3485,3539,3444],"product_tag":[3429,3450,3427],"class_list":{"0":"post-343215","1":"product","2":"type-product","3":"status-publish","4":"has-post-thumbnail","6":"product_cat-ala-de-laminas-foil","7":"product_cat-arranque-en-muelle-y-bombeo","8":"product_cat-foil-es","9":"product_cat-laminas-de-surf-foil","10":"product_cat-surf-foil-es","11":"product_cat-todas-las-laminas-de-aluminio","12":"product_cat-todas-nuestras-laminas-de-alto-aspecto","13":"product_cat-wing-foil-es","14":"product_tag-avanzado","15":"product_tag-experto","16":"product_tag-ingenioso","17":"product_shipping_class-foil-unidad-completa-o-piezas-alas","19":"first","20":"instock","21":"taxable","22":"shipping-taxable","23":"purchasable","24":"product-type-variable"},"acf":[],"yoast_head":"<!-- This site is optimized with the Yoast SEO plugin v27.4 - https:\/\/yoast.com\/product\/yoast-seo-wordpress\/ -->\n<title>S-Foil Elevador High Aspect 1350 - SROKA Company<\/title>\n<meta name=\"description\" content=\"Foil SROKA High Aspect 1350 Lift : ala delantera de 110 cm, relaci\u00f3n de aspecto 9, ideal para vientos flojos, olas peque\u00f1as, atraques y bombeo.\" \/>\n<meta name=\"robots\" content=\"index, follow, max-snippet:-1, max-image-preview:large, max-video-preview:-1\" \/>\n<link rel=\"canonical\" href=\"https:\/\/srokacompany.com\/es\/produit\/s-foil-elevador-high-aspect-1350\/\" \/>\n<meta property=\"og:locale\" content=\"es_ES\" \/>\n<meta property=\"og:type\" content=\"article\" \/>\n<meta property=\"og:title\" content=\"S-Foil Elevador High Aspect 1350 - SROKA Company\" \/>\n<meta property=\"og:description\" content=\"Foil SROKA High Aspect 1350 Lift : ala delantera de 110 cm, relaci\u00f3n de aspecto 9, ideal para vientos flojos, olas peque\u00f1as, atraques y bombeo.\" \/>\n<meta property=\"og:url\" content=\"https:\/\/srokacompany.com\/es\/produit\/s-foil-elevador-high-aspect-1350\/\" \/>\n<meta property=\"og:site_name\" content=\"SROKA Company\" \/>\n<meta property=\"article:publisher\" content=\"https:\/\/www.facebook.com\/srokawatersports\/\" \/>\n<meta property=\"article:modified_time\" content=\"2025-11-25T08:32:25+00:00\" \/>\n<meta property=\"og:image\" content=\"https:\/\/srokacompany.com\/wp-content\/uploads\/2022\/08\/1350-photo-produit-pour-site.png\" \/>\n\t<meta property=\"og:image:width\" content=\"740\" \/>\n\t<meta property=\"og:image:height\" content=\"1080\" \/>\n\t<meta property=\"og:image:type\" content=\"image\/png\" \/>\n<meta name=\"twitter:label1\" content=\"Tiempo de lectura\" \/>\n\t<meta name=\"twitter:data1\" content=\"1 minuto\" \/>\n<script type=\"application\/ld+json\" class=\"yoast-schema-graph\">{\"@context\":\"https:\\\/\\\/schema.org\",\"@graph\":[{\"@type\":\"WebPage\",\"@id\":\"https:\\\/\\\/srokacompany.com\\\/es\\\/produit\\\/s-foil-elevador-high-aspect-1350\\\/\",\"url\":\"https:\\\/\\\/srokacompany.com\\\/es\\\/produit\\\/s-foil-elevador-high-aspect-1350\\\/\",\"name\":\"S-Foil Elevador High Aspect 1350 - SROKA Company\",\"isPartOf\":{\"@id\":\"https:\\\/\\\/srokacompany.com\\\/es\\\/#website\"},\"primaryImageOfPage\":{\"@id\":\"https:\\\/\\\/srokacompany.com\\\/es\\\/produit\\\/s-foil-elevador-high-aspect-1350\\\/#primaryimage\"},\"image\":{\"@id\":\"https:\\\/\\\/srokacompany.com\\\/es\\\/produit\\\/s-foil-elevador-high-aspect-1350\\\/#primaryimage\"},\"thumbnailUrl\":\"https:\\\/\\\/srokacompany.com\\\/wp-content\\\/uploads\\\/2022\\\/08\\\/1350-photo-produit-pour-site.png\",\"datePublished\":\"2022-11-03T16:07:42+00:00\",\"dateModified\":\"2025-11-25T08:32:25+00:00\",\"description\":\"Foil SROKA High Aspect 1350 Lift : ala delantera de 110 cm, relaci\u00f3n de aspecto 9, ideal para vientos flojos, olas peque\u00f1as, atraques y bombeo.\",\"breadcrumb\":{\"@id\":\"https:\\\/\\\/srokacompany.com\\\/es\\\/produit\\\/s-foil-elevador-high-aspect-1350\\\/#breadcrumb\"},\"inLanguage\":\"es\",\"potentialAction\":[{\"@type\":\"ReadAction\",\"target\":[\"https:\\\/\\\/srokacompany.com\\\/es\\\/produit\\\/s-foil-elevador-high-aspect-1350\\\/\"]}]},{\"@type\":\"ImageObject\",\"inLanguage\":\"es\",\"@id\":\"https:\\\/\\\/srokacompany.com\\\/es\\\/produit\\\/s-foil-elevador-high-aspect-1350\\\/#primaryimage\",\"url\":\"https:\\\/\\\/srokacompany.com\\\/wp-content\\\/uploads\\\/2022\\\/08\\\/1350-photo-produit-pour-site.png\",\"contentUrl\":\"https:\\\/\\\/srokacompany.com\\\/wp-content\\\/uploads\\\/2022\\\/08\\\/1350-photo-produit-pour-site.png\",\"width\":740,\"height\":1080},{\"@type\":\"BreadcrumbList\",\"@id\":\"https:\\\/\\\/srokacompany.com\\\/es\\\/produit\\\/s-foil-elevador-high-aspect-1350\\\/#breadcrumb\",\"itemListElement\":[{\"@type\":\"ListItem\",\"position\":1,\"name\":\"Accueil\",\"item\":\"https:\\\/\\\/srokacompany.com\\\/es\\\/\"},{\"@type\":\"ListItem\",\"position\":2,\"name\":\"Tienda\",\"item\":\"https:\\\/\\\/srokacompany.com\\\/tienda\\\/\"},{\"@type\":\"ListItem\",\"position\":3,\"name\":\"S-Foil Elevador High Aspect 1350\"}]},{\"@type\":\"WebSite\",\"@id\":\"https:\\\/\\\/srokacompany.com\\\/es\\\/#website\",\"url\":\"https:\\\/\\\/srokacompany.com\\\/es\\\/\",\"name\":\"SROKA Company\",\"description\":\"SUP, Kite, Foil, Wing\",\"publisher\":{\"@id\":\"https:\\\/\\\/srokacompany.com\\\/es\\\/#organization\"},\"potentialAction\":[{\"@type\":\"SearchAction\",\"target\":{\"@type\":\"EntryPoint\",\"urlTemplate\":\"https:\\\/\\\/srokacompany.com\\\/es\\\/?s={search_term_string}\"},\"query-input\":{\"@type\":\"PropertyValueSpecification\",\"valueRequired\":true,\"valueName\":\"search_term_string\"}}],\"inLanguage\":\"es\"},{\"@type\":\"Organization\",\"@id\":\"https:\\\/\\\/srokacompany.com\\\/es\\\/#organization\",\"name\":\"SROKACOMPANY\",\"alternateName\":\"SROKA\",\"url\":\"https:\\\/\\\/srokacompany.com\\\/es\\\/\",\"logo\":{\"@type\":\"ImageObject\",\"inLanguage\":\"es\",\"@id\":\"https:\\\/\\\/srokacompany.com\\\/es\\\/#\\\/schema\\\/logo\\\/image\\\/\",\"url\":\"https:\\\/\\\/srokacompany.com\\\/wp-content\\\/uploads\\\/2021\\\/01\\\/logo-sroka-black-transpa.png\",\"contentUrl\":\"https:\\\/\\\/srokacompany.com\\\/wp-content\\\/uploads\\\/2021\\\/01\\\/logo-sroka-black-transpa.png\",\"width\":1201,\"height\":342,\"caption\":\"SROKACOMPANY\"},\"image\":{\"@id\":\"https:\\\/\\\/srokacompany.com\\\/es\\\/#\\\/schema\\\/logo\\\/image\\\/\"},\"sameAs\":[\"https:\\\/\\\/www.facebook.com\\\/srokawatersports\\\/\",\"https:\\\/\\\/www.instagram.com\\\/srokawatersports\\\/\",\"https:\\\/\\\/www.youtube.com\\\/channel\\\/UCVLHHeaPIm-J5bdEUgxqtZA\"]}]}<\/script>\n<!-- \/ Yoast SEO plugin. -->","yoast_head_json":{"title":"S-Foil Elevador High Aspect 1350 - SROKA Company","description":"Foil SROKA High Aspect 1350 Lift : ala delantera de 110 cm, relaci\u00f3n de aspecto 9, ideal para vientos flojos, olas peque\u00f1as, atraques y bombeo.","robots":{"index":"index","follow":"follow","max-snippet":"max-snippet:-1","max-image-preview":"max-image-preview:large","max-video-preview":"max-video-preview:-1"},"canonical":"https:\/\/srokacompany.com\/es\/produit\/s-foil-elevador-high-aspect-1350\/","og_locale":"es_ES","og_type":"article","og_title":"S-Foil Elevador High Aspect 1350 - SROKA Company","og_description":"Foil SROKA High Aspect 1350 Lift : ala delantera de 110 cm, relaci\u00f3n de aspecto 9, ideal para vientos flojos, olas peque\u00f1as, atraques y bombeo.","og_url":"https:\/\/srokacompany.com\/es\/produit\/s-foil-elevador-high-aspect-1350\/","og_site_name":"SROKA Company","article_publisher":"https:\/\/www.facebook.com\/srokawatersports\/","article_modified_time":"2025-11-25T08:32:25+00:00","og_image":[{"width":740,"height":1080,"url":"https:\/\/srokacompany.com\/wp-content\/uploads\/2022\/08\/1350-photo-produit-pour-site.png","type":"image\/png"}],"twitter_misc":{"Tiempo de lectura":"1 minuto"},"schema":{"@context":"https:\/\/schema.org","@graph":[{"@type":"WebPage","@id":"https:\/\/srokacompany.com\/es\/produit\/s-foil-elevador-high-aspect-1350\/","url":"https:\/\/srokacompany.com\/es\/produit\/s-foil-elevador-high-aspect-1350\/","name":"S-Foil Elevador High Aspect 1350 - SROKA Company","isPartOf":{"@id":"https:\/\/srokacompany.com\/es\/#website"},"primaryImageOfPage":{"@id":"https:\/\/srokacompany.com\/es\/produit\/s-foil-elevador-high-aspect-1350\/#primaryimage"},"image":{"@id":"https:\/\/srokacompany.com\/es\/produit\/s-foil-elevador-high-aspect-1350\/#primaryimage"},"thumbnailUrl":"https:\/\/srokacompany.com\/wp-content\/uploads\/2022\/08\/1350-photo-produit-pour-site.png","datePublished":"2022-11-03T16:07:42+00:00","dateModified":"2025-11-25T08:32:25+00:00","description":"Foil SROKA High Aspect 1350 Lift : ala delantera de 110 cm, relaci\u00f3n de aspecto 9, ideal para vientos flojos, olas peque\u00f1as, atraques y bombeo.","breadcrumb":{"@id":"https:\/\/srokacompany.com\/es\/produit\/s-foil-elevador-high-aspect-1350\/#breadcrumb"},"inLanguage":"es","potentialAction":[{"@type":"ReadAction","target":["https:\/\/srokacompany.com\/es\/produit\/s-foil-elevador-high-aspect-1350\/"]}]},{"@type":"ImageObject","inLanguage":"es","@id":"https:\/\/srokacompany.com\/es\/produit\/s-foil-elevador-high-aspect-1350\/#primaryimage","url":"https:\/\/srokacompany.com\/wp-content\/uploads\/2022\/08\/1350-photo-produit-pour-site.png","contentUrl":"https:\/\/srokacompany.com\/wp-content\/uploads\/2022\/08\/1350-photo-produit-pour-site.png","width":740,"height":1080},{"@type":"BreadcrumbList","@id":"https:\/\/srokacompany.com\/es\/produit\/s-foil-elevador-high-aspect-1350\/#breadcrumb","itemListElement":[{"@type":"ListItem","position":1,"name":"Accueil","item":"https:\/\/srokacompany.com\/es\/"},{"@type":"ListItem","position":2,"name":"Tienda","item":"https:\/\/srokacompany.com\/tienda\/"},{"@type":"ListItem","position":3,"name":"S-Foil Elevador High Aspect 1350"}]},{"@type":"WebSite","@id":"https:\/\/srokacompany.com\/es\/#website","url":"https:\/\/srokacompany.com\/es\/","name":"SROKA Company","description":"SUP, Kite, Foil, Wing","publisher":{"@id":"https:\/\/srokacompany.com\/es\/#organization"},"potentialAction":[{"@type":"SearchAction","target":{"@type":"EntryPoint","urlTemplate":"https:\/\/srokacompany.com\/es\/?s={search_term_string}"},"query-input":{"@type":"PropertyValueSpecification","valueRequired":true,"valueName":"search_term_string"}}],"inLanguage":"es"},{"@type":"Organization","@id":"https:\/\/srokacompany.com\/es\/#organization","name":"SROKACOMPANY","alternateName":"SROKA","url":"https:\/\/srokacompany.com\/es\/","logo":{"@type":"ImageObject","inLanguage":"es","@id":"https:\/\/srokacompany.com\/es\/#\/schema\/logo\/image\/","url":"https:\/\/srokacompany.com\/wp-content\/uploads\/2021\/01\/logo-sroka-black-transpa.png","contentUrl":"https:\/\/srokacompany.com\/wp-content\/uploads\/2021\/01\/logo-sroka-black-transpa.png","width":1201,"height":342,"caption":"SROKACOMPANY"},"image":{"@id":"https:\/\/srokacompany.com\/es\/#\/schema\/logo\/image\/"},"sameAs":["https:\/\/www.facebook.com\/srokawatersports\/","https:\/\/www.instagram.com\/srokawatersports\/","https:\/\/www.youtube.com\/channel\/UCVLHHeaPIm-J5bdEUgxqtZA"]}]}},"uagb_featured_image_src":{"full":["https:\/\/srokacompany.com\/wp-content\/uploads\/2022\/08\/1350-photo-produit-pour-site.png",740,1080,false],"thumbnail":["https:\/\/srokacompany.com\/wp-content\/uploads\/2022\/08\/1350-photo-produit-pour-site-150x150.png",150,150,true],"medium":["https:\/\/srokacompany.com\/wp-content\/uploads\/2022\/08\/1350-photo-produit-pour-site-206x300.png",206,300,true],"medium_large":["https:\/\/srokacompany.com\/wp-content\/uploads\/2022\/08\/1350-photo-produit-pour-site.png",740,1080,false],"large":["https:\/\/srokacompany.com\/wp-content\/uploads\/2022\/08\/1350-photo-produit-pour-site-702x1024.png",702,1024,true],"1536x1536":["https:\/\/srokacompany.com\/wp-content\/uploads\/2022\/08\/1350-photo-produit-pour-site.png",740,1080,false],"2048x2048":["https:\/\/srokacompany.com\/wp-content\/uploads\/2022\/08\/1350-photo-produit-pour-site.png",740,1080,false],"woocommerce_thumbnail":["https:\/\/srokacompany.com\/wp-content\/uploads\/2022\/08\/1350-photo-produit-pour-site-600x876.png",600,876,true],"woocommerce_single":["https:\/\/srokacompany.com\/wp-content\/uploads\/2022\/08\/1350-photo-produit-pour-site-600x876.png",600,876,true],"woocommerce_gallery_thumbnail":["https:\/\/srokacompany.com\/wp-content\/uploads\/2022\/08\/1350-photo-produit-pour-site-100x100.png",100,100,true],"dgwt-wcas-product-suggestion":["https:\/\/srokacompany.com\/wp-content\/uploads\/2022\/08\/1350-photo-produit-pour-site.png",64,93,false]},"uagb_author_info":{"display_name":"Emmanuel DIJOUX","author_link":"https:\/\/srokacompany.com\/es\/blog\/author\/"},"uagb_comment_info":0,"uagb_excerpt":"El Foil S en 1350 arranca muy pronto, planea durante mucho tiempo y es f\u00e1cil de bombear. Ideal para navegar con facilidad en lagos o con vientos ligeros irregulares.","jetpack_sharing_enabled":true,"_links":{"self":[{"href":"https:\/\/srokacompany.com\/es\/wp-json\/wp\/v2\/product\/343215","targetHints":{"allow":["GET"]}}],"collection":[{"href":"https:\/\/srokacompany.com\/es\/wp-json\/wp\/v2\/product"}],"about":[{"href":"https:\/\/srokacompany.com\/es\/wp-json\/wp\/v2\/types\/product"}],"wp:featuredmedia":[{"embeddable":true,"href":"https:\/\/srokacompany.com\/es\/wp-json\/wp\/v2\/media\/343216"}],"wp:attachment":[{"href":"https:\/\/srokacompany.com\/es\/wp-json\/wp\/v2\/media?parent=343215"}],"wp:term":[{"taxonomy":"product_brand","embeddable":true,"href":"https:\/\/srokacompany.com\/es\/wp-json\/wp\/v2\/product_brand?post=343215"},{"taxonomy":"product_cat","embeddable":true,"href":"https:\/\/srokacompany.com\/es\/wp-json\/wp\/v2\/product_cat?post=343215"},{"taxonomy":"product_tag","embeddable":true,"href":"https:\/\/srokacompany.com\/es\/wp-json\/wp\/v2\/product_tag?post=343215"}],"curies":[{"name":"wp","href":"https:\/\/api.w.org\/{rel}","templated":true}]}}