{"id":343307,"date":"2023-02-14T08:32:12","date_gmt":"2023-02-14T08:32:12","guid":{"rendered":"https:\/\/srokacompany.com\/produit\/pack-wing-foil-sky-rider-s-foil-classic-wing-v4\/"},"modified":"2025-10-31T19:12:36","modified_gmt":"2025-10-31T17:12:36","slug":"pack-wing-foil-sky-rider-s-foil-classic-wing-v4","status":"publish","type":"product","link":"https:\/\/srokacompany.com\/es\/produit\/pack-wing-foil-sky-rider-s-foil-classic-wing-v4\/","title":{"rendered":"Pack wing foil Rigide Sky Rider + S-Foil Classique + Wing V4"},"content":{"rendered":"<hr>\n<h3 class=\"p1\"><b><i>\u00abEl pack ideal Wing Foil para progresar infinitamente sin tener que cambiar de equipo cada 3 meses \u00ab<\/i><\/b><\/h3>\n<p class=\"p1\">Este pack incluye una <b>tabla r\u00edgida Sky Rider V2 de nueva generaci\u00f3n<\/b>, una <b>S-foil Classic<\/b> y una <b>Wing V4<\/b>, que ofrecen una excelente relaci\u00f3n calidad-precio y rendimiento.<\/p>\n<p class=\"p1\">Los Sky Riders de nueva generaci\u00f3n se han vuelto a\u00fan m\u00e1s<span class=\"Apple-converted-space\">  <\/span>m\u00e1s manejable y compacta. Mantenemos la misma <b>forma de ultra-poly (estilo tomo)<\/b> para que puedas <b>progresar<\/b> sin estar limitado por el tama\u00f1o de la tabla. Estas nuevas formas son m\u00e1s cortas y compactas para el mismo volumen, lo que les confiere m\u00e1s maniobrabilidad y control sin comprometer la facilidad de uso. Para garantizar que nuestras <b>tablas <\/b>sean <b>duraderas y <\/b>resistentes, utilizamos <b>una construcci\u00f3n en s\u00e1ndwich de PVC con refuerzos de fibra de carbono<\/b>.   <\/p>\n<p class=\"p1\">La Wing V4 le proporcionar\u00e1 el m\u00e1ximo rendimiento, estabilidad y versatilidad. Ya no necesitar\u00e1s acumular alas en tu carcaj. Con dos tallas, cubrir\u00e1s el 90% de las condiciones de viento. <\/p>\n","protected":false},"excerpt":{"rendered":"<p>Pack completo Wing foil r\u00edgido. Sky rider 6&#8217;0 \/ 5&#8217;7 \/ 5&#8217;4 ; Sfoil 1500 a 2000 Y Wing V4 de 3,4 a 6 m Ideal para progresar r\u00e1pidamente, evolucionando con el tiempo. <\/p>\n","protected":false},"featured_media":343316,"template":"","meta":{"_acf_changed":false,"_uag_custom_page_level_css":""},"product_brand":[],"product_cat":[3670,3444],"product_tag":[3427,3426],"class_list":{"0":"post-343307","1":"product","2":"type-product","3":"status-publish","4":"has-post-thumbnail","6":"product_cat-pack-wing-foil-tu-kit-completo-para-sensaciones-inolvidables","7":"product_cat-wing-foil-es","8":"product_tag-ingenioso","9":"product_tag-principiante","10":"product_shipping_class-pack-wing-complet-dure-es","12":"first","13":"instock","14":"taxable","15":"shipping-taxable","16":"purchasable","17":"product-type-woosb"},"acf":[],"yoast_head":"<!-- This site is optimized with the Yoast SEO plugin v27.2 - https:\/\/yoast.com\/product\/yoast-seo-wordpress\/ -->\n<title>Pack wing foil r\u00edgido Sroka: tabla Sky Rider, Sfoil, Wing V4<\/title>\n<meta name=\"description\" content=\"Pack wing foil Sroka Rigid: la combinaci\u00f3n ganadora para mejorar tus habilidades con el wing foil. Equipos potentes, vers\u00e1tiles y duraderos. Echa un vistazo a los detalles aqu\u00ed.\" \/>\n<meta name=\"robots\" content=\"index, follow, max-snippet:-1, max-image-preview:large, max-video-preview:-1\" \/>\n<link rel=\"canonical\" href=\"https:\/\/srokacompany.com\/es\/produit\/pack-wing-foil-sky-rider-s-foil-classic-wing-v4\/\" \/>\n<meta property=\"og:locale\" content=\"es_ES\" \/>\n<meta property=\"og:type\" content=\"article\" \/>\n<meta property=\"og:title\" content=\"Pack wing foil r\u00edgido Sroka: tabla Sky Rider, Sfoil, Wing V4\" \/>\n<meta property=\"og:description\" content=\"Pack wing foil Sroka Rigid: la combinaci\u00f3n ganadora para mejorar tus habilidades con el wing foil. Equipos potentes, vers\u00e1tiles y duraderos. Echa un vistazo a los detalles aqu\u00ed.\" \/>\n<meta property=\"og:url\" content=\"https:\/\/srokacompany.com\/es\/produit\/pack-wing-foil-sky-rider-s-foil-classic-wing-v4\/\" \/>\n<meta property=\"og:site_name\" content=\"SROKA Company\" \/>\n<meta property=\"article:publisher\" content=\"https:\/\/www.facebook.com\/srokawatersports\/\" \/>\n<meta property=\"article:modified_time\" content=\"2025-10-31T17:12:36+00:00\" \/>\n<meta property=\"og:image\" content=\"https:\/\/srokacompany.com\/wp-content\/uploads\/2023\/02\/Pack-wing-foil-SROKA.jpg\" \/>\n\t<meta property=\"og:image:width\" content=\"1080\" \/>\n\t<meta property=\"og:image:height\" content=\"1080\" \/>\n\t<meta property=\"og:image:type\" content=\"image\/jpeg\" \/>\n<meta name=\"twitter:label1\" content=\"Tiempo de lectura\" \/>\n\t<meta name=\"twitter:data1\" content=\"1 minuto\" \/>\n<script type=\"application\/ld+json\" class=\"yoast-schema-graph\">{\"@context\":\"https:\/\/schema.org\",\"@graph\":[{\"@type\":\"WebPage\",\"@id\":\"https:\/\/srokacompany.com\/es\/produit\/pack-wing-foil-sky-rider-s-foil-classic-wing-v4\/\",\"url\":\"https:\/\/srokacompany.com\/es\/produit\/pack-wing-foil-sky-rider-s-foil-classic-wing-v4\/\",\"name\":\"Pack wing foil r\u00edgido Sroka: tabla Sky Rider, Sfoil, Wing V4\",\"isPartOf\":{\"@id\":\"https:\/\/srokacompany.com\/es\/#website\"},\"primaryImageOfPage\":{\"@id\":\"https:\/\/srokacompany.com\/es\/produit\/pack-wing-foil-sky-rider-s-foil-classic-wing-v4\/#primaryimage\"},\"image\":{\"@id\":\"https:\/\/srokacompany.com\/es\/produit\/pack-wing-foil-sky-rider-s-foil-classic-wing-v4\/#primaryimage\"},\"thumbnailUrl\":\"https:\/\/srokacompany.com\/wp-content\/uploads\/2023\/02\/Pack-wing-foil-SROKA.jpg\",\"datePublished\":\"2023-02-14T08:32:12+00:00\",\"dateModified\":\"2025-10-31T17:12:36+00:00\",\"description\":\"Pack wing foil Sroka Rigid: la combinaci\u00f3n ganadora para mejorar tus habilidades con el wing foil. Equipos potentes, vers\u00e1tiles y duraderos. Echa un vistazo a los detalles aqu\u00ed.\",\"breadcrumb\":{\"@id\":\"https:\/\/srokacompany.com\/es\/produit\/pack-wing-foil-sky-rider-s-foil-classic-wing-v4\/#breadcrumb\"},\"inLanguage\":\"es\",\"potentialAction\":[{\"@type\":\"ReadAction\",\"target\":[\"https:\/\/srokacompany.com\/es\/produit\/pack-wing-foil-sky-rider-s-foil-classic-wing-v4\/\"]}]},{\"@type\":\"ImageObject\",\"inLanguage\":\"es\",\"@id\":\"https:\/\/srokacompany.com\/es\/produit\/pack-wing-foil-sky-rider-s-foil-classic-wing-v4\/#primaryimage\",\"url\":\"https:\/\/srokacompany.com\/wp-content\/uploads\/2023\/02\/Pack-wing-foil-SROKA.jpg\",\"contentUrl\":\"https:\/\/srokacompany.com\/wp-content\/uploads\/2023\/02\/Pack-wing-foil-SROKA.jpg\",\"width\":1080,\"height\":1080,\"caption\":\"Pack wing foil ideal para principiantes\"},{\"@type\":\"BreadcrumbList\",\"@id\":\"https:\/\/srokacompany.com\/es\/produit\/pack-wing-foil-sky-rider-s-foil-classic-wing-v4\/#breadcrumb\",\"itemListElement\":[{\"@type\":\"ListItem\",\"position\":1,\"name\":\"Accueil\",\"item\":\"https:\/\/srokacompany.com\/es\/\"},{\"@type\":\"ListItem\",\"position\":2,\"name\":\"Tienda\",\"item\":\"https:\/\/srokacompany.com\/tienda\/\"},{\"@type\":\"ListItem\",\"position\":3,\"name\":\"Pack wing foil Rigide Sky Rider + S-Foil Classique + Wing V4\"}]},{\"@type\":\"WebSite\",\"@id\":\"https:\/\/srokacompany.com\/es\/#website\",\"url\":\"https:\/\/srokacompany.com\/es\/\",\"name\":\"SROKA Company\",\"description\":\"SUP, Kite, Foil, Wing\",\"publisher\":{\"@id\":\"https:\/\/srokacompany.com\/es\/#organization\"},\"potentialAction\":[{\"@type\":\"SearchAction\",\"target\":{\"@type\":\"EntryPoint\",\"urlTemplate\":\"https:\/\/srokacompany.com\/es\/?s={search_term_string}\"},\"query-input\":{\"@type\":\"PropertyValueSpecification\",\"valueRequired\":true,\"valueName\":\"search_term_string\"}}],\"inLanguage\":\"es\"},{\"@type\":\"Organization\",\"@id\":\"https:\/\/srokacompany.com\/es\/#organization\",\"name\":\"SROKACOMPANY\",\"alternateName\":\"SROKA\",\"url\":\"https:\/\/srokacompany.com\/es\/\",\"logo\":{\"@type\":\"ImageObject\",\"inLanguage\":\"es\",\"@id\":\"https:\/\/srokacompany.com\/es\/#\/schema\/logo\/image\/\",\"url\":\"https:\/\/srokacompany.com\/wp-content\/uploads\/2021\/01\/logo-sroka-black-transpa.png\",\"contentUrl\":\"https:\/\/srokacompany.com\/wp-content\/uploads\/2021\/01\/logo-sroka-black-transpa.png\",\"width\":1201,\"height\":342,\"caption\":\"SROKACOMPANY\"},\"image\":{\"@id\":\"https:\/\/srokacompany.com\/es\/#\/schema\/logo\/image\/\"},\"sameAs\":[\"https:\/\/www.facebook.com\/srokawatersports\/\",\"https:\/\/www.instagram.com\/srokawatersports\/\",\"https:\/\/www.youtube.com\/channel\/UCVLHHeaPIm-J5bdEUgxqtZA\"]}]}<\/script>\n<!-- \/ Yoast SEO plugin. -->","yoast_head_json":{"title":"Pack wing foil r\u00edgido Sroka: tabla Sky Rider, Sfoil, Wing V4","description":"Pack wing foil Sroka Rigid: la combinaci\u00f3n ganadora para mejorar tus habilidades con el wing foil. Equipos potentes, vers\u00e1tiles y duraderos. Echa un vistazo a los detalles aqu\u00ed.","robots":{"index":"index","follow":"follow","max-snippet":"max-snippet:-1","max-image-preview":"max-image-preview:large","max-video-preview":"max-video-preview:-1"},"canonical":"https:\/\/srokacompany.com\/es\/produit\/pack-wing-foil-sky-rider-s-foil-classic-wing-v4\/","og_locale":"es_ES","og_type":"article","og_title":"Pack wing foil r\u00edgido Sroka: tabla Sky Rider, Sfoil, Wing V4","og_description":"Pack wing foil Sroka Rigid: la combinaci\u00f3n ganadora para mejorar tus habilidades con el wing foil. Equipos potentes, vers\u00e1tiles y duraderos. Echa un vistazo a los detalles aqu\u00ed.","og_url":"https:\/\/srokacompany.com\/es\/produit\/pack-wing-foil-sky-rider-s-foil-classic-wing-v4\/","og_site_name":"SROKA Company","article_publisher":"https:\/\/www.facebook.com\/srokawatersports\/","article_modified_time":"2025-10-31T17:12:36+00:00","og_image":[{"width":1080,"height":1080,"url":"https:\/\/srokacompany.com\/wp-content\/uploads\/2023\/02\/Pack-wing-foil-SROKA.jpg","type":"image\/jpeg"}],"twitter_misc":{"Tiempo de lectura":"1 minuto"},"schema":{"@context":"https:\/\/schema.org","@graph":[{"@type":"WebPage","@id":"https:\/\/srokacompany.com\/es\/produit\/pack-wing-foil-sky-rider-s-foil-classic-wing-v4\/","url":"https:\/\/srokacompany.com\/es\/produit\/pack-wing-foil-sky-rider-s-foil-classic-wing-v4\/","name":"Pack wing foil r\u00edgido Sroka: tabla Sky Rider, Sfoil, Wing V4","isPartOf":{"@id":"https:\/\/srokacompany.com\/es\/#website"},"primaryImageOfPage":{"@id":"https:\/\/srokacompany.com\/es\/produit\/pack-wing-foil-sky-rider-s-foil-classic-wing-v4\/#primaryimage"},"image":{"@id":"https:\/\/srokacompany.com\/es\/produit\/pack-wing-foil-sky-rider-s-foil-classic-wing-v4\/#primaryimage"},"thumbnailUrl":"https:\/\/srokacompany.com\/wp-content\/uploads\/2023\/02\/Pack-wing-foil-SROKA.jpg","datePublished":"2023-02-14T08:32:12+00:00","dateModified":"2025-10-31T17:12:36+00:00","description":"Pack wing foil Sroka Rigid: la combinaci\u00f3n ganadora para mejorar tus habilidades con el wing foil. Equipos potentes, vers\u00e1tiles y duraderos. Echa un vistazo a los detalles aqu\u00ed.","breadcrumb":{"@id":"https:\/\/srokacompany.com\/es\/produit\/pack-wing-foil-sky-rider-s-foil-classic-wing-v4\/#breadcrumb"},"inLanguage":"es","potentialAction":[{"@type":"ReadAction","target":["https:\/\/srokacompany.com\/es\/produit\/pack-wing-foil-sky-rider-s-foil-classic-wing-v4\/"]}]},{"@type":"ImageObject","inLanguage":"es","@id":"https:\/\/srokacompany.com\/es\/produit\/pack-wing-foil-sky-rider-s-foil-classic-wing-v4\/#primaryimage","url":"https:\/\/srokacompany.com\/wp-content\/uploads\/2023\/02\/Pack-wing-foil-SROKA.jpg","contentUrl":"https:\/\/srokacompany.com\/wp-content\/uploads\/2023\/02\/Pack-wing-foil-SROKA.jpg","width":1080,"height":1080,"caption":"Pack wing foil ideal para principiantes"},{"@type":"BreadcrumbList","@id":"https:\/\/srokacompany.com\/es\/produit\/pack-wing-foil-sky-rider-s-foil-classic-wing-v4\/#breadcrumb","itemListElement":[{"@type":"ListItem","position":1,"name":"Accueil","item":"https:\/\/srokacompany.com\/es\/"},{"@type":"ListItem","position":2,"name":"Tienda","item":"https:\/\/srokacompany.com\/tienda\/"},{"@type":"ListItem","position":3,"name":"Pack wing foil Rigide Sky Rider + S-Foil Classique + Wing V4"}]},{"@type":"WebSite","@id":"https:\/\/srokacompany.com\/es\/#website","url":"https:\/\/srokacompany.com\/es\/","name":"SROKA Company","description":"SUP, Kite, Foil, Wing","publisher":{"@id":"https:\/\/srokacompany.com\/es\/#organization"},"potentialAction":[{"@type":"SearchAction","target":{"@type":"EntryPoint","urlTemplate":"https:\/\/srokacompany.com\/es\/?s={search_term_string}"},"query-input":{"@type":"PropertyValueSpecification","valueRequired":true,"valueName":"search_term_string"}}],"inLanguage":"es"},{"@type":"Organization","@id":"https:\/\/srokacompany.com\/es\/#organization","name":"SROKACOMPANY","alternateName":"SROKA","url":"https:\/\/srokacompany.com\/es\/","logo":{"@type":"ImageObject","inLanguage":"es","@id":"https:\/\/srokacompany.com\/es\/#\/schema\/logo\/image\/","url":"https:\/\/srokacompany.com\/wp-content\/uploads\/2021\/01\/logo-sroka-black-transpa.png","contentUrl":"https:\/\/srokacompany.com\/wp-content\/uploads\/2021\/01\/logo-sroka-black-transpa.png","width":1201,"height":342,"caption":"SROKACOMPANY"},"image":{"@id":"https:\/\/srokacompany.com\/es\/#\/schema\/logo\/image\/"},"sameAs":["https:\/\/www.facebook.com\/srokawatersports\/","https:\/\/www.instagram.com\/srokawatersports\/","https:\/\/www.youtube.com\/channel\/UCVLHHeaPIm-J5bdEUgxqtZA"]}]}},"uagb_featured_image_src":{"full":["https:\/\/srokacompany.com\/wp-content\/uploads\/2023\/02\/Pack-wing-foil-SROKA.jpg",1080,1080,false],"thumbnail":["https:\/\/srokacompany.com\/wp-content\/uploads\/2023\/02\/Pack-wing-foil-SROKA-150x150.jpg",150,150,true],"medium":["https:\/\/srokacompany.com\/wp-content\/uploads\/2023\/02\/Pack-wing-foil-SROKA-300x300.jpg",300,300,true],"medium_large":["https:\/\/srokacompany.com\/wp-content\/uploads\/2023\/02\/Pack-wing-foil-SROKA-768x768.jpg",768,768,true],"large":["https:\/\/srokacompany.com\/wp-content\/uploads\/2023\/02\/Pack-wing-foil-SROKA-1024x1024.jpg",1024,1024,true],"1536x1536":["https:\/\/srokacompany.com\/wp-content\/uploads\/2023\/02\/Pack-wing-foil-SROKA.jpg",1080,1080,false],"2048x2048":["https:\/\/srokacompany.com\/wp-content\/uploads\/2023\/02\/Pack-wing-foil-SROKA.jpg",1080,1080,false],"woocommerce_thumbnail":["https:\/\/srokacompany.com\/wp-content\/uploads\/2023\/02\/Pack-wing-foil-SROKA-600x600.jpg",600,600,true],"woocommerce_single":["https:\/\/srokacompany.com\/wp-content\/uploads\/2023\/02\/Pack-wing-foil-SROKA-600x600.jpg",600,600,true],"woocommerce_gallery_thumbnail":["https:\/\/srokacompany.com\/wp-content\/uploads\/2023\/02\/Pack-wing-foil-SROKA-100x100.jpg",100,100,true],"dgwt-wcas-product-suggestion":["https:\/\/srokacompany.com\/wp-content\/uploads\/2023\/02\/Pack-wing-foil-SROKA.jpg",64,64,false]},"uagb_author_info":{"display_name":"Emmanuel DIJOUX","author_link":"https:\/\/srokacompany.com\/es\/blog\/author\/"},"uagb_comment_info":0,"uagb_excerpt":"Pack completo Wing foil r\u00edgido. Sky rider 6'0 \/ 5'7 \/ 5'4 ; Sfoil 1500 a 2000 Y Wing V4 de 3,4 a 6 m Ideal para progresar r\u00e1pidamente, evolucionando con el tiempo.","jetpack_sharing_enabled":true,"_links":{"self":[{"href":"https:\/\/srokacompany.com\/es\/wp-json\/wp\/v2\/product\/343307","targetHints":{"allow":["GET"]}}],"collection":[{"href":"https:\/\/srokacompany.com\/es\/wp-json\/wp\/v2\/product"}],"about":[{"href":"https:\/\/srokacompany.com\/es\/wp-json\/wp\/v2\/types\/product"}],"wp:featuredmedia":[{"embeddable":true,"href":"https:\/\/srokacompany.com\/es\/wp-json\/wp\/v2\/media\/343316"}],"wp:attachment":[{"href":"https:\/\/srokacompany.com\/es\/wp-json\/wp\/v2\/media?parent=343307"}],"wp:term":[{"taxonomy":"product_brand","embeddable":true,"href":"https:\/\/srokacompany.com\/es\/wp-json\/wp\/v2\/product_brand?post=343307"},{"taxonomy":"product_cat","embeddable":true,"href":"https:\/\/srokacompany.com\/es\/wp-json\/wp\/v2\/product_cat?post=343307"},{"taxonomy":"product_tag","embeddable":true,"href":"https:\/\/srokacompany.com\/es\/wp-json\/wp\/v2\/product_tag?post=343307"}],"curies":[{"name":"wp","href":"https:\/\/api.w.org\/{rel}","templated":true}]}}