{"id":343458,"date":"2023-02-21T14:58:38","date_gmt":"2023-02-21T14:58:38","guid":{"rendered":"https:\/\/srokacompany.com\/produit\/nuevo-pala-de-carbono-60-2-o-3-partes-desmontables-alpha\/"},"modified":"2025-11-21T18:08:23","modified_gmt":"2025-11-21T16:08:23","slug":"nuevo-pala-de-carbono-60-2-o-3-partes-desmontables-alpha","status":"publish","type":"product","link":"https:\/\/srokacompany.com\/es\/produit\/nuevo-pala-de-carbono-60-2-o-3-partes-desmontables-alpha\/","title":{"rendered":"Nuevo: Pala de carbono 60% &#8211; 2 o 3 partes desmontables &#8211; Alpha"},"content":{"rendered":"<hr>\n<p>\u00bfEst\u00e1s buscando un <a href=\"https:\/\/srokacompany.com\/es\/eshop\/tabla-de-paddle-surf\/\">remo de stand up paddle de<\/a> alta calidad para mejorar tu experiencia en el agua? \u00a1Tenemos la soluci\u00f3n perfecta para ti! Nuestro nuevo remo de carbono 60% es la opci\u00f3n ideal para los remeros experimentados que buscan un <strong>remo c\u00f3modo y de alto rendimiento.<\/strong><\/p>\n<ul>\n<li><strong>Rema m\u00e1s r\u00e1pido y m\u00e1s f\u00e1cil<\/strong> gracias al hueco optimizado de la pala y a la reducci\u00f3n de la superficie de la pala<\/li>\n<li><strong>Reme durante m\u00e1s tiempo sin fatiga excesiva<\/strong> gracias al mango m\u00e1s fino (mejor agarre)<\/li>\n<li>Se adapta a todas las tallas (longitud ajustable de 1 m 75 a 2 m 15)<\/li>\n<li>Mango m\u00e1s fino para una menor resistencia en el agua y una mayor comodidad<\/li>\n<li>Ligero: peso = <strong>630 g <\/strong>para el de 2 piezas <strong>y 660 g <\/strong>para el de 3 piezas<\/li>\n<li>Duradero en el tiempo: construido con <strong>fibra de carbono reforzada<\/strong> de muy alta calidad<\/li>\n<li>Desmontaje r\u00e1pido y sencillo con un sistema de asa antigiro<\/li>\n<\/ul>\n<p>&nbsp;<\/p>\n","protected":false},"excerpt":{"rendered":"<p>\u00bfEst\u00e1s buscando un <a href=\"https:\/\/srokacompany.com\/es\/eshop\/tabla-de-paddle-surf\/\">remo de stand up paddle de<\/a> alta calidad para mejorar tu experiencia en el agua? \u00a1Tenemos la soluci\u00f3n perfecta para ti!<\/p>\n","protected":false},"featured_media":343464,"template":"","meta":{"_acf_changed":false,"_uag_custom_page_level_css":""},"product_brand":[],"product_cat":[3597,3674,4260],"product_tag":[],"class_list":{"0":"post-343458","1":"product","2":"type-product","3":"status-publish","4":"has-post-thumbnail","6":"product_cat-accesorios-de-padel","7":"product_cat-tabla-de-paddle-surf","8":"product_cat-viernes-negro","9":"product_shipping_class-palas-de-1-y-2-piezas","11":"first","12":"instock","13":"taxable","14":"shipping-taxable","15":"purchasable","16":"product-type-variable"},"acf":[],"yoast_head":"<!-- This site is optimized with the Yoast SEO plugin v27.4 - https:\/\/yoast.com\/product\/yoast-seo-wordpress\/ -->\n<title>Pala de carbono - SROKA Company<\/title>\n<meta name=\"description\" content=\"\u00bfBusca un remo de carbono de alta calidad para mejorar su experiencia en el agua? \u00a1Tenemos la soluci\u00f3n perfecta para ti!\" \/>\n<meta name=\"robots\" content=\"index, follow, max-snippet:-1, max-image-preview:large, max-video-preview:-1\" \/>\n<link rel=\"canonical\" href=\"https:\/\/srokacompany.com\/es\/produit\/nuevo-pala-de-carbono-60-2-o-3-partes-desmontables-alpha\/\" \/>\n<meta property=\"og:locale\" content=\"es_ES\" \/>\n<meta property=\"og:type\" content=\"article\" \/>\n<meta property=\"og:title\" content=\"Pala de carbono - SROKA Company\" \/>\n<meta property=\"og:description\" content=\"\u00bfBusca un remo de carbono de alta calidad para mejorar su experiencia en el agua? \u00a1Tenemos la soluci\u00f3n perfecta para ti!\" \/>\n<meta property=\"og:url\" content=\"https:\/\/srokacompany.com\/es\/produit\/nuevo-pala-de-carbono-60-2-o-3-partes-desmontables-alpha\/\" \/>\n<meta property=\"og:site_name\" content=\"SROKA Company\" \/>\n<meta property=\"article:publisher\" content=\"https:\/\/www.facebook.com\/srokawatersports\/\" \/>\n<meta property=\"article:modified_time\" content=\"2025-11-21T16:08:23+00:00\" \/>\n<meta property=\"og:image\" content=\"https:\/\/srokacompany.com\/wp-content\/uploads\/2023\/02\/Pagaie-80-carbone-1.png\" \/>\n\t<meta property=\"og:image:width\" content=\"740\" \/>\n\t<meta property=\"og:image:height\" content=\"1080\" \/>\n\t<meta property=\"og:image:type\" content=\"image\/png\" \/>\n<meta name=\"twitter:label1\" content=\"Tiempo de lectura\" \/>\n\t<meta name=\"twitter:data1\" content=\"1 minuto\" \/>\n<script type=\"application\/ld+json\" class=\"yoast-schema-graph\">{\"@context\":\"https:\\\/\\\/schema.org\",\"@graph\":[{\"@type\":\"WebPage\",\"@id\":\"https:\\\/\\\/srokacompany.com\\\/es\\\/produit\\\/nuevo-pala-de-carbono-60-2-o-3-partes-desmontables-alpha\\\/\",\"url\":\"https:\\\/\\\/srokacompany.com\\\/es\\\/produit\\\/nuevo-pala-de-carbono-60-2-o-3-partes-desmontables-alpha\\\/\",\"name\":\"Pala de carbono - SROKA Company\",\"isPartOf\":{\"@id\":\"https:\\\/\\\/srokacompany.com\\\/es\\\/#website\"},\"primaryImageOfPage\":{\"@id\":\"https:\\\/\\\/srokacompany.com\\\/es\\\/produit\\\/nuevo-pala-de-carbono-60-2-o-3-partes-desmontables-alpha\\\/#primaryimage\"},\"image\":{\"@id\":\"https:\\\/\\\/srokacompany.com\\\/es\\\/produit\\\/nuevo-pala-de-carbono-60-2-o-3-partes-desmontables-alpha\\\/#primaryimage\"},\"thumbnailUrl\":\"https:\\\/\\\/srokacompany.com\\\/wp-content\\\/uploads\\\/2023\\\/02\\\/Pagaie-80-carbone-1.png\",\"datePublished\":\"2023-02-21T14:58:38+00:00\",\"dateModified\":\"2025-11-21T16:08:23+00:00\",\"description\":\"\u00bfBusca un remo de carbono de alta calidad para mejorar su experiencia en el agua? \u00a1Tenemos la soluci\u00f3n perfecta para ti!\",\"breadcrumb\":{\"@id\":\"https:\\\/\\\/srokacompany.com\\\/es\\\/produit\\\/nuevo-pala-de-carbono-60-2-o-3-partes-desmontables-alpha\\\/#breadcrumb\"},\"inLanguage\":\"es\",\"potentialAction\":[{\"@type\":\"ReadAction\",\"target\":[\"https:\\\/\\\/srokacompany.com\\\/es\\\/produit\\\/nuevo-pala-de-carbono-60-2-o-3-partes-desmontables-alpha\\\/\"]}]},{\"@type\":\"ImageObject\",\"inLanguage\":\"es\",\"@id\":\"https:\\\/\\\/srokacompany.com\\\/es\\\/produit\\\/nuevo-pala-de-carbono-60-2-o-3-partes-desmontables-alpha\\\/#primaryimage\",\"url\":\"https:\\\/\\\/srokacompany.com\\\/wp-content\\\/uploads\\\/2023\\\/02\\\/Pagaie-80-carbone-1.png\",\"contentUrl\":\"https:\\\/\\\/srokacompany.com\\\/wp-content\\\/uploads\\\/2023\\\/02\\\/Pagaie-80-carbone-1.png\",\"width\":740,\"height\":1080,\"caption\":\"Pala:pala de carbono frente a pala de aluminio\"},{\"@type\":\"BreadcrumbList\",\"@id\":\"https:\\\/\\\/srokacompany.com\\\/es\\\/produit\\\/nuevo-pala-de-carbono-60-2-o-3-partes-desmontables-alpha\\\/#breadcrumb\",\"itemListElement\":[{\"@type\":\"ListItem\",\"position\":1,\"name\":\"Accueil\",\"item\":\"https:\\\/\\\/srokacompany.com\\\/es\\\/\"},{\"@type\":\"ListItem\",\"position\":2,\"name\":\"Tienda\",\"item\":\"https:\\\/\\\/srokacompany.com\\\/tienda\\\/\"},{\"@type\":\"ListItem\",\"position\":3,\"name\":\"Nuevo: Pala de carbono 60% &#8211; 2 o 3 partes desmontables &#8211; Alpha\"}]},{\"@type\":\"WebSite\",\"@id\":\"https:\\\/\\\/srokacompany.com\\\/es\\\/#website\",\"url\":\"https:\\\/\\\/srokacompany.com\\\/es\\\/\",\"name\":\"SROKA Company\",\"description\":\"SUP, Kite, Foil, Wing\",\"publisher\":{\"@id\":\"https:\\\/\\\/srokacompany.com\\\/es\\\/#organization\"},\"potentialAction\":[{\"@type\":\"SearchAction\",\"target\":{\"@type\":\"EntryPoint\",\"urlTemplate\":\"https:\\\/\\\/srokacompany.com\\\/es\\\/?s={search_term_string}\"},\"query-input\":{\"@type\":\"PropertyValueSpecification\",\"valueRequired\":true,\"valueName\":\"search_term_string\"}}],\"inLanguage\":\"es\"},{\"@type\":\"Organization\",\"@id\":\"https:\\\/\\\/srokacompany.com\\\/es\\\/#organization\",\"name\":\"SROKACOMPANY\",\"alternateName\":\"SROKA\",\"url\":\"https:\\\/\\\/srokacompany.com\\\/es\\\/\",\"logo\":{\"@type\":\"ImageObject\",\"inLanguage\":\"es\",\"@id\":\"https:\\\/\\\/srokacompany.com\\\/es\\\/#\\\/schema\\\/logo\\\/image\\\/\",\"url\":\"https:\\\/\\\/srokacompany.com\\\/wp-content\\\/uploads\\\/2021\\\/01\\\/logo-sroka-black-transpa.png\",\"contentUrl\":\"https:\\\/\\\/srokacompany.com\\\/wp-content\\\/uploads\\\/2021\\\/01\\\/logo-sroka-black-transpa.png\",\"width\":1201,\"height\":342,\"caption\":\"SROKACOMPANY\"},\"image\":{\"@id\":\"https:\\\/\\\/srokacompany.com\\\/es\\\/#\\\/schema\\\/logo\\\/image\\\/\"},\"sameAs\":[\"https:\\\/\\\/www.facebook.com\\\/srokawatersports\\\/\",\"https:\\\/\\\/www.instagram.com\\\/srokawatersports\\\/\",\"https:\\\/\\\/www.youtube.com\\\/channel\\\/UCVLHHeaPIm-J5bdEUgxqtZA\"]}]}<\/script>\n<!-- \/ Yoast SEO plugin. -->","yoast_head_json":{"title":"Pala de carbono - SROKA Company","description":"\u00bfBusca un remo de carbono de alta calidad para mejorar su experiencia en el agua? \u00a1Tenemos la soluci\u00f3n perfecta para ti!","robots":{"index":"index","follow":"follow","max-snippet":"max-snippet:-1","max-image-preview":"max-image-preview:large","max-video-preview":"max-video-preview:-1"},"canonical":"https:\/\/srokacompany.com\/es\/produit\/nuevo-pala-de-carbono-60-2-o-3-partes-desmontables-alpha\/","og_locale":"es_ES","og_type":"article","og_title":"Pala de carbono - SROKA Company","og_description":"\u00bfBusca un remo de carbono de alta calidad para mejorar su experiencia en el agua? \u00a1Tenemos la soluci\u00f3n perfecta para ti!","og_url":"https:\/\/srokacompany.com\/es\/produit\/nuevo-pala-de-carbono-60-2-o-3-partes-desmontables-alpha\/","og_site_name":"SROKA Company","article_publisher":"https:\/\/www.facebook.com\/srokawatersports\/","article_modified_time":"2025-11-21T16:08:23+00:00","og_image":[{"width":740,"height":1080,"url":"https:\/\/srokacompany.com\/wp-content\/uploads\/2023\/02\/Pagaie-80-carbone-1.png","type":"image\/png"}],"twitter_misc":{"Tiempo de lectura":"1 minuto"},"schema":{"@context":"https:\/\/schema.org","@graph":[{"@type":"WebPage","@id":"https:\/\/srokacompany.com\/es\/produit\/nuevo-pala-de-carbono-60-2-o-3-partes-desmontables-alpha\/","url":"https:\/\/srokacompany.com\/es\/produit\/nuevo-pala-de-carbono-60-2-o-3-partes-desmontables-alpha\/","name":"Pala de carbono - SROKA Company","isPartOf":{"@id":"https:\/\/srokacompany.com\/es\/#website"},"primaryImageOfPage":{"@id":"https:\/\/srokacompany.com\/es\/produit\/nuevo-pala-de-carbono-60-2-o-3-partes-desmontables-alpha\/#primaryimage"},"image":{"@id":"https:\/\/srokacompany.com\/es\/produit\/nuevo-pala-de-carbono-60-2-o-3-partes-desmontables-alpha\/#primaryimage"},"thumbnailUrl":"https:\/\/srokacompany.com\/wp-content\/uploads\/2023\/02\/Pagaie-80-carbone-1.png","datePublished":"2023-02-21T14:58:38+00:00","dateModified":"2025-11-21T16:08:23+00:00","description":"\u00bfBusca un remo de carbono de alta calidad para mejorar su experiencia en el agua? \u00a1Tenemos la soluci\u00f3n perfecta para ti!","breadcrumb":{"@id":"https:\/\/srokacompany.com\/es\/produit\/nuevo-pala-de-carbono-60-2-o-3-partes-desmontables-alpha\/#breadcrumb"},"inLanguage":"es","potentialAction":[{"@type":"ReadAction","target":["https:\/\/srokacompany.com\/es\/produit\/nuevo-pala-de-carbono-60-2-o-3-partes-desmontables-alpha\/"]}]},{"@type":"ImageObject","inLanguage":"es","@id":"https:\/\/srokacompany.com\/es\/produit\/nuevo-pala-de-carbono-60-2-o-3-partes-desmontables-alpha\/#primaryimage","url":"https:\/\/srokacompany.com\/wp-content\/uploads\/2023\/02\/Pagaie-80-carbone-1.png","contentUrl":"https:\/\/srokacompany.com\/wp-content\/uploads\/2023\/02\/Pagaie-80-carbone-1.png","width":740,"height":1080,"caption":"Pala:pala de carbono frente a pala de aluminio"},{"@type":"BreadcrumbList","@id":"https:\/\/srokacompany.com\/es\/produit\/nuevo-pala-de-carbono-60-2-o-3-partes-desmontables-alpha\/#breadcrumb","itemListElement":[{"@type":"ListItem","position":1,"name":"Accueil","item":"https:\/\/srokacompany.com\/es\/"},{"@type":"ListItem","position":2,"name":"Tienda","item":"https:\/\/srokacompany.com\/tienda\/"},{"@type":"ListItem","position":3,"name":"Nuevo: Pala de carbono 60% &#8211; 2 o 3 partes desmontables &#8211; Alpha"}]},{"@type":"WebSite","@id":"https:\/\/srokacompany.com\/es\/#website","url":"https:\/\/srokacompany.com\/es\/","name":"SROKA Company","description":"SUP, Kite, Foil, Wing","publisher":{"@id":"https:\/\/srokacompany.com\/es\/#organization"},"potentialAction":[{"@type":"SearchAction","target":{"@type":"EntryPoint","urlTemplate":"https:\/\/srokacompany.com\/es\/?s={search_term_string}"},"query-input":{"@type":"PropertyValueSpecification","valueRequired":true,"valueName":"search_term_string"}}],"inLanguage":"es"},{"@type":"Organization","@id":"https:\/\/srokacompany.com\/es\/#organization","name":"SROKACOMPANY","alternateName":"SROKA","url":"https:\/\/srokacompany.com\/es\/","logo":{"@type":"ImageObject","inLanguage":"es","@id":"https:\/\/srokacompany.com\/es\/#\/schema\/logo\/image\/","url":"https:\/\/srokacompany.com\/wp-content\/uploads\/2021\/01\/logo-sroka-black-transpa.png","contentUrl":"https:\/\/srokacompany.com\/wp-content\/uploads\/2021\/01\/logo-sroka-black-transpa.png","width":1201,"height":342,"caption":"SROKACOMPANY"},"image":{"@id":"https:\/\/srokacompany.com\/es\/#\/schema\/logo\/image\/"},"sameAs":["https:\/\/www.facebook.com\/srokawatersports\/","https:\/\/www.instagram.com\/srokawatersports\/","https:\/\/www.youtube.com\/channel\/UCVLHHeaPIm-J5bdEUgxqtZA"]}]}},"uagb_featured_image_src":{"full":["https:\/\/srokacompany.com\/wp-content\/uploads\/2023\/02\/Pagaie-80-carbone-1.png",740,1080,false],"thumbnail":["https:\/\/srokacompany.com\/wp-content\/uploads\/2023\/02\/Pagaie-80-carbone-1-150x150.png",150,150,true],"medium":["https:\/\/srokacompany.com\/wp-content\/uploads\/2023\/02\/Pagaie-80-carbone-1-206x300.png",206,300,true],"medium_large":["https:\/\/srokacompany.com\/wp-content\/uploads\/2023\/02\/Pagaie-80-carbone-1.png",740,1080,false],"large":["https:\/\/srokacompany.com\/wp-content\/uploads\/2023\/02\/Pagaie-80-carbone-1-702x1024.png",702,1024,true],"1536x1536":["https:\/\/srokacompany.com\/wp-content\/uploads\/2023\/02\/Pagaie-80-carbone-1.png",740,1080,false],"2048x2048":["https:\/\/srokacompany.com\/wp-content\/uploads\/2023\/02\/Pagaie-80-carbone-1.png",740,1080,false],"woocommerce_thumbnail":["https:\/\/srokacompany.com\/wp-content\/uploads\/2023\/02\/Pagaie-80-carbone-1-600x876.png",600,876,true],"woocommerce_single":["https:\/\/srokacompany.com\/wp-content\/uploads\/2023\/02\/Pagaie-80-carbone-1-600x876.png",600,876,true],"woocommerce_gallery_thumbnail":["https:\/\/srokacompany.com\/wp-content\/uploads\/2023\/02\/Pagaie-80-carbone-1-100x100.png",100,100,true],"dgwt-wcas-product-suggestion":["https:\/\/srokacompany.com\/wp-content\/uploads\/2023\/02\/Pagaie-80-carbone-1.png",64,93,false]},"uagb_author_info":{"display_name":"Emmanuel DIJOUX","author_link":"https:\/\/srokacompany.com\/es\/blog\/author\/"},"uagb_comment_info":0,"uagb_excerpt":"\u00bfEst\u00e1s buscando un remo de stand up paddle de alta calidad para mejorar tu experiencia en el agua? \u00a1Tenemos la soluci\u00f3n perfecta para ti!","jetpack_sharing_enabled":true,"_links":{"self":[{"href":"https:\/\/srokacompany.com\/es\/wp-json\/wp\/v2\/product\/343458","targetHints":{"allow":["GET"]}}],"collection":[{"href":"https:\/\/srokacompany.com\/es\/wp-json\/wp\/v2\/product"}],"about":[{"href":"https:\/\/srokacompany.com\/es\/wp-json\/wp\/v2\/types\/product"}],"wp:featuredmedia":[{"embeddable":true,"href":"https:\/\/srokacompany.com\/es\/wp-json\/wp\/v2\/media\/343464"}],"wp:attachment":[{"href":"https:\/\/srokacompany.com\/es\/wp-json\/wp\/v2\/media?parent=343458"}],"wp:term":[{"taxonomy":"product_brand","embeddable":true,"href":"https:\/\/srokacompany.com\/es\/wp-json\/wp\/v2\/product_brand?post=343458"},{"taxonomy":"product_cat","embeddable":true,"href":"https:\/\/srokacompany.com\/es\/wp-json\/wp\/v2\/product_cat?post=343458"},{"taxonomy":"product_tag","embeddable":true,"href":"https:\/\/srokacompany.com\/es\/wp-json\/wp\/v2\/product_tag?post=343458"}],"curies":[{"name":"wp","href":"https:\/\/api.w.org\/{rel}","templated":true}]}}