{"id":343459,"date":"2023-04-17T14:11:30","date_gmt":"2023-04-17T14:11:30","guid":{"rendered":"https:\/\/srokacompany.com\/produit\/s-foil-control-950\/"},"modified":"2025-11-25T10:30:47","modified_gmt":"2025-11-25T08:30:47","slug":"s-foil-control-950","status":"publish","type":"product","link":"https:\/\/srokacompany.com\/es\/produit\/s-foil-control-950\/","title":{"rendered":"S-foil Control 950"},"content":{"rendered":"<hr>\n<h2>El 950 Control: Freeride y wing surfing foil en su m\u00e1xima expresi\u00f3n<\/h2>\n<p>Con la Foil 950 Control, la experiencia freeride con alas foil adquiere una nueva dimensi\u00f3n. Desl\u00edzate con una facilidad inigualable y controla tus giros con absoluta precisi\u00f3n. Dise\u00f1ada para una maniobrabilidad, fluidez y precisi\u00f3n excepcionales.  <\/p>\n<p>La Foil 950 Control es tu compa\u00f1era todoterreno para explorar las alegr\u00edas del ala freeride foil. Su alargamiento medio ofrece una curva fluida y una velocidad \u00f3ptima, tanto en aguas abiertas como en olas. Su perfil proporciona sustentaci\u00f3n desde bajas velocidades, facilitando despegues progresivos y r\u00e1pidos. Gracias a su dise\u00f1o curvado, conservas un control \u00f3ptimo en los giros y evitas el desequilibrio.   <\/p>\n<p>El suave murmullo del agua al acercarse le da una sutil advertencia, evitando que se detenga.<\/p>\n<p><a href=\"https:\/\/srokacompany.com\/es\/blog\/nuevo-s-foil-950-velocidad-de-alto-aspecto\/\">Esta nueva aleta Foil 950<\/a> te proporciona una estabilidad \u00f3ptima en olas porque no <strong>se cala<\/strong>, <strong>no se ventila <\/strong>y se ha optimizado para <strong>eliminar<\/strong> esa <strong>sensaci\u00f3n de que el Foil quiere salirse del agua<\/strong> a alta velocidad. El Foil se mantiene sumergido y no te desequilibra. \u00a1Para que disfrutes al m\u00e1ximo de tu sesi\u00f3n de wingfoil!<\/p>\n<p><a href=\"https:\/\/srokacompany.com\/es\/produit\/aleron-delantero-de-foil-950-control\/\">Ailette sola aqu\u00ed.<\/a><\/p>\n","protected":false},"excerpt":{"rendered":"<p>Con la Foil 950 Control, la experiencia freeride con alas foil adquiere una nueva dimensi\u00f3n. Desl\u00edzate con una facilidad inigualable y controla tus giros con absoluta precisi\u00f3n. Dise\u00f1ada para una maniobrabilidad, fluidez y precisi\u00f3n excepcionales.  <\/p>\n","protected":false},"featured_media":343460,"template":"","meta":{"_acf_changed":false,"_uag_custom_page_level_css":""},"product_brand":[],"product_cat":[3486,3481,3485,3673],"product_tag":[3429,3427,3426],"class_list":{"0":"post-343459","1":"product","2":"type-product","3":"status-publish","4":"has-post-thumbnail","6":"product_cat-ala-de-laminas-foil","7":"product_cat-laminas-de-surf-foil","8":"product_cat-todas-las-laminas-de-aluminio","9":"product_cat-todas-nuestras-laminas-control","10":"product_tag-avanzado","11":"product_tag-ingenioso","12":"product_tag-principiante","14":"first","15":"instock","16":"sale","17":"taxable","18":"shipping-taxable","19":"purchasable","20":"product-type-variable","21":"has-default-attributes"},"acf":[],"yoast_head":"<!-- This site is optimized with the Yoast SEO plugin v27.4 - https:\/\/yoast.com\/product\/yoast-seo-wordpress\/ -->\n<title>950 Control : La magia del wing surf | SROKA Company<\/title>\n<meta name=\"description\" content=\"Descubre la &quot;950 Control&quot;, una aleta m\u00e1gica de foil para freeride y wing surfing. Precisi\u00f3n, fluidez y el m\u00e1ximo control. Supera tus l\u00edmites.\" \/>\n<meta name=\"robots\" content=\"index, follow, max-snippet:-1, max-image-preview:large, max-video-preview:-1\" \/>\n<link rel=\"canonical\" href=\"https:\/\/srokacompany.com\/es\/produit\/s-foil-control-950\/\" \/>\n<meta property=\"og:locale\" content=\"es_ES\" \/>\n<meta property=\"og:type\" content=\"article\" \/>\n<meta property=\"og:title\" content=\"950 Control : La magia del wing surf | SROKA Company\" \/>\n<meta property=\"og:description\" content=\"Descubre la &quot;950 Control&quot;, una aleta m\u00e1gica de foil para freeride y wing surfing. Precisi\u00f3n, fluidez y el m\u00e1ximo control. Supera tus l\u00edmites.\" \/>\n<meta property=\"og:url\" content=\"https:\/\/srokacompany.com\/es\/produit\/s-foil-control-950\/\" \/>\n<meta property=\"og:site_name\" content=\"SROKA Company\" \/>\n<meta property=\"article:publisher\" content=\"https:\/\/www.facebook.com\/srokawatersports\/\" \/>\n<meta property=\"article:modified_time\" content=\"2025-11-25T08:30:47+00:00\" \/>\n<meta property=\"og:image\" content=\"https:\/\/srokacompany.com\/wp-content\/uploads\/2023\/04\/950-control-4.png\" \/>\n\t<meta property=\"og:image:width\" content=\"740\" \/>\n\t<meta property=\"og:image:height\" content=\"1080\" \/>\n\t<meta property=\"og:image:type\" content=\"image\/png\" \/>\n<meta name=\"twitter:label1\" content=\"Tiempo de lectura\" \/>\n\t<meta name=\"twitter:data1\" content=\"1 minuto\" \/>\n<script type=\"application\/ld+json\" class=\"yoast-schema-graph\">{\"@context\":\"https:\\\/\\\/schema.org\",\"@graph\":[{\"@type\":\"WebPage\",\"@id\":\"https:\\\/\\\/srokacompany.com\\\/es\\\/produit\\\/s-foil-control-950\\\/\",\"url\":\"https:\\\/\\\/srokacompany.com\\\/es\\\/produit\\\/s-foil-control-950\\\/\",\"name\":\"950 Control : La magia del wing surf | SROKA Company\",\"isPartOf\":{\"@id\":\"https:\\\/\\\/srokacompany.com\\\/es\\\/#website\"},\"primaryImageOfPage\":{\"@id\":\"https:\\\/\\\/srokacompany.com\\\/es\\\/produit\\\/s-foil-control-950\\\/#primaryimage\"},\"image\":{\"@id\":\"https:\\\/\\\/srokacompany.com\\\/es\\\/produit\\\/s-foil-control-950\\\/#primaryimage\"},\"thumbnailUrl\":\"https:\\\/\\\/srokacompany.com\\\/wp-content\\\/uploads\\\/2023\\\/04\\\/950-control-4.png\",\"datePublished\":\"2023-04-17T14:11:30+00:00\",\"dateModified\":\"2025-11-25T08:30:47+00:00\",\"description\":\"Descubre la \\\"950 Control\\\", una aleta m\u00e1gica de foil para freeride y wing surfing. Precisi\u00f3n, fluidez y el m\u00e1ximo control. Supera tus l\u00edmites.\",\"breadcrumb\":{\"@id\":\"https:\\\/\\\/srokacompany.com\\\/es\\\/produit\\\/s-foil-control-950\\\/#breadcrumb\"},\"inLanguage\":\"es\",\"potentialAction\":[{\"@type\":\"ReadAction\",\"target\":[\"https:\\\/\\\/srokacompany.com\\\/es\\\/produit\\\/s-foil-control-950\\\/\"]}]},{\"@type\":\"ImageObject\",\"inLanguage\":\"es\",\"@id\":\"https:\\\/\\\/srokacompany.com\\\/es\\\/produit\\\/s-foil-control-950\\\/#primaryimage\",\"url\":\"https:\\\/\\\/srokacompany.com\\\/wp-content\\\/uploads\\\/2023\\\/04\\\/950-control-4.png\",\"contentUrl\":\"https:\\\/\\\/srokacompany.com\\\/wp-content\\\/uploads\\\/2023\\\/04\\\/950-control-4.png\",\"width\":740,\"height\":1080,\"caption\":\"S foil sroka 950 control\"},{\"@type\":\"BreadcrumbList\",\"@id\":\"https:\\\/\\\/srokacompany.com\\\/es\\\/produit\\\/s-foil-control-950\\\/#breadcrumb\",\"itemListElement\":[{\"@type\":\"ListItem\",\"position\":1,\"name\":\"Accueil\",\"item\":\"https:\\\/\\\/srokacompany.com\\\/es\\\/\"},{\"@type\":\"ListItem\",\"position\":2,\"name\":\"Tienda\",\"item\":\"https:\\\/\\\/srokacompany.com\\\/tienda\\\/\"},{\"@type\":\"ListItem\",\"position\":3,\"name\":\"S-foil Control 950\"}]},{\"@type\":\"WebSite\",\"@id\":\"https:\\\/\\\/srokacompany.com\\\/es\\\/#website\",\"url\":\"https:\\\/\\\/srokacompany.com\\\/es\\\/\",\"name\":\"SROKA Company\",\"description\":\"SUP, Kite, Foil, Wing\",\"publisher\":{\"@id\":\"https:\\\/\\\/srokacompany.com\\\/es\\\/#organization\"},\"potentialAction\":[{\"@type\":\"SearchAction\",\"target\":{\"@type\":\"EntryPoint\",\"urlTemplate\":\"https:\\\/\\\/srokacompany.com\\\/es\\\/?s={search_term_string}\"},\"query-input\":{\"@type\":\"PropertyValueSpecification\",\"valueRequired\":true,\"valueName\":\"search_term_string\"}}],\"inLanguage\":\"es\"},{\"@type\":\"Organization\",\"@id\":\"https:\\\/\\\/srokacompany.com\\\/es\\\/#organization\",\"name\":\"SROKACOMPANY\",\"alternateName\":\"SROKA\",\"url\":\"https:\\\/\\\/srokacompany.com\\\/es\\\/\",\"logo\":{\"@type\":\"ImageObject\",\"inLanguage\":\"es\",\"@id\":\"https:\\\/\\\/srokacompany.com\\\/es\\\/#\\\/schema\\\/logo\\\/image\\\/\",\"url\":\"https:\\\/\\\/srokacompany.com\\\/wp-content\\\/uploads\\\/2021\\\/01\\\/logo-sroka-black-transpa.png\",\"contentUrl\":\"https:\\\/\\\/srokacompany.com\\\/wp-content\\\/uploads\\\/2021\\\/01\\\/logo-sroka-black-transpa.png\",\"width\":1201,\"height\":342,\"caption\":\"SROKACOMPANY\"},\"image\":{\"@id\":\"https:\\\/\\\/srokacompany.com\\\/es\\\/#\\\/schema\\\/logo\\\/image\\\/\"},\"sameAs\":[\"https:\\\/\\\/www.facebook.com\\\/srokawatersports\\\/\",\"https:\\\/\\\/www.instagram.com\\\/srokawatersports\\\/\",\"https:\\\/\\\/www.youtube.com\\\/channel\\\/UCVLHHeaPIm-J5bdEUgxqtZA\"]}]}<\/script>\n<!-- \/ Yoast SEO plugin. -->","yoast_head_json":{"title":"950 Control : La magia del wing surf | SROKA Company","description":"Descubre la \"950 Control\", una aleta m\u00e1gica de foil para freeride y wing surfing. Precisi\u00f3n, fluidez y el m\u00e1ximo control. Supera tus l\u00edmites.","robots":{"index":"index","follow":"follow","max-snippet":"max-snippet:-1","max-image-preview":"max-image-preview:large","max-video-preview":"max-video-preview:-1"},"canonical":"https:\/\/srokacompany.com\/es\/produit\/s-foil-control-950\/","og_locale":"es_ES","og_type":"article","og_title":"950 Control : La magia del wing surf | SROKA Company","og_description":"Descubre la \"950 Control\", una aleta m\u00e1gica de foil para freeride y wing surfing. Precisi\u00f3n, fluidez y el m\u00e1ximo control. Supera tus l\u00edmites.","og_url":"https:\/\/srokacompany.com\/es\/produit\/s-foil-control-950\/","og_site_name":"SROKA Company","article_publisher":"https:\/\/www.facebook.com\/srokawatersports\/","article_modified_time":"2025-11-25T08:30:47+00:00","og_image":[{"width":740,"height":1080,"url":"https:\/\/srokacompany.com\/wp-content\/uploads\/2023\/04\/950-control-4.png","type":"image\/png"}],"twitter_misc":{"Tiempo de lectura":"1 minuto"},"schema":{"@context":"https:\/\/schema.org","@graph":[{"@type":"WebPage","@id":"https:\/\/srokacompany.com\/es\/produit\/s-foil-control-950\/","url":"https:\/\/srokacompany.com\/es\/produit\/s-foil-control-950\/","name":"950 Control : La magia del wing surf | SROKA Company","isPartOf":{"@id":"https:\/\/srokacompany.com\/es\/#website"},"primaryImageOfPage":{"@id":"https:\/\/srokacompany.com\/es\/produit\/s-foil-control-950\/#primaryimage"},"image":{"@id":"https:\/\/srokacompany.com\/es\/produit\/s-foil-control-950\/#primaryimage"},"thumbnailUrl":"https:\/\/srokacompany.com\/wp-content\/uploads\/2023\/04\/950-control-4.png","datePublished":"2023-04-17T14:11:30+00:00","dateModified":"2025-11-25T08:30:47+00:00","description":"Descubre la \"950 Control\", una aleta m\u00e1gica de foil para freeride y wing surfing. Precisi\u00f3n, fluidez y el m\u00e1ximo control. Supera tus l\u00edmites.","breadcrumb":{"@id":"https:\/\/srokacompany.com\/es\/produit\/s-foil-control-950\/#breadcrumb"},"inLanguage":"es","potentialAction":[{"@type":"ReadAction","target":["https:\/\/srokacompany.com\/es\/produit\/s-foil-control-950\/"]}]},{"@type":"ImageObject","inLanguage":"es","@id":"https:\/\/srokacompany.com\/es\/produit\/s-foil-control-950\/#primaryimage","url":"https:\/\/srokacompany.com\/wp-content\/uploads\/2023\/04\/950-control-4.png","contentUrl":"https:\/\/srokacompany.com\/wp-content\/uploads\/2023\/04\/950-control-4.png","width":740,"height":1080,"caption":"S foil sroka 950 control"},{"@type":"BreadcrumbList","@id":"https:\/\/srokacompany.com\/es\/produit\/s-foil-control-950\/#breadcrumb","itemListElement":[{"@type":"ListItem","position":1,"name":"Accueil","item":"https:\/\/srokacompany.com\/es\/"},{"@type":"ListItem","position":2,"name":"Tienda","item":"https:\/\/srokacompany.com\/tienda\/"},{"@type":"ListItem","position":3,"name":"S-foil Control 950"}]},{"@type":"WebSite","@id":"https:\/\/srokacompany.com\/es\/#website","url":"https:\/\/srokacompany.com\/es\/","name":"SROKA Company","description":"SUP, Kite, Foil, Wing","publisher":{"@id":"https:\/\/srokacompany.com\/es\/#organization"},"potentialAction":[{"@type":"SearchAction","target":{"@type":"EntryPoint","urlTemplate":"https:\/\/srokacompany.com\/es\/?s={search_term_string}"},"query-input":{"@type":"PropertyValueSpecification","valueRequired":true,"valueName":"search_term_string"}}],"inLanguage":"es"},{"@type":"Organization","@id":"https:\/\/srokacompany.com\/es\/#organization","name":"SROKACOMPANY","alternateName":"SROKA","url":"https:\/\/srokacompany.com\/es\/","logo":{"@type":"ImageObject","inLanguage":"es","@id":"https:\/\/srokacompany.com\/es\/#\/schema\/logo\/image\/","url":"https:\/\/srokacompany.com\/wp-content\/uploads\/2021\/01\/logo-sroka-black-transpa.png","contentUrl":"https:\/\/srokacompany.com\/wp-content\/uploads\/2021\/01\/logo-sroka-black-transpa.png","width":1201,"height":342,"caption":"SROKACOMPANY"},"image":{"@id":"https:\/\/srokacompany.com\/es\/#\/schema\/logo\/image\/"},"sameAs":["https:\/\/www.facebook.com\/srokawatersports\/","https:\/\/www.instagram.com\/srokawatersports\/","https:\/\/www.youtube.com\/channel\/UCVLHHeaPIm-J5bdEUgxqtZA"]}]}},"uagb_featured_image_src":{"full":["https:\/\/srokacompany.com\/wp-content\/uploads\/2023\/04\/950-control-4.png",740,1080,false],"thumbnail":["https:\/\/srokacompany.com\/wp-content\/uploads\/2023\/04\/950-control-4-150x150.png",150,150,true],"medium":["https:\/\/srokacompany.com\/wp-content\/uploads\/2023\/04\/950-control-4-206x300.png",206,300,true],"medium_large":["https:\/\/srokacompany.com\/wp-content\/uploads\/2023\/04\/950-control-4.png",740,1080,false],"large":["https:\/\/srokacompany.com\/wp-content\/uploads\/2023\/04\/950-control-4-702x1024.png",702,1024,true],"1536x1536":["https:\/\/srokacompany.com\/wp-content\/uploads\/2023\/04\/950-control-4.png",740,1080,false],"2048x2048":["https:\/\/srokacompany.com\/wp-content\/uploads\/2023\/04\/950-control-4.png",740,1080,false],"woocommerce_thumbnail":["https:\/\/srokacompany.com\/wp-content\/uploads\/2023\/04\/950-control-4-600x876.png",600,876,true],"woocommerce_single":["https:\/\/srokacompany.com\/wp-content\/uploads\/2023\/04\/950-control-4-600x876.png",600,876,true],"woocommerce_gallery_thumbnail":["https:\/\/srokacompany.com\/wp-content\/uploads\/2023\/04\/950-control-4-100x100.png",100,100,true],"dgwt-wcas-product-suggestion":["https:\/\/srokacompany.com\/wp-content\/uploads\/2023\/04\/950-control-4.png",64,93,false]},"uagb_author_info":{"display_name":"Emmanuel DIJOUX","author_link":"https:\/\/srokacompany.com\/es\/blog\/author\/"},"uagb_comment_info":0,"uagb_excerpt":"Con la Foil 950 Control, la experiencia freeride con alas foil adquiere una nueva dimensi\u00f3n. Desl\u00edzate con una facilidad inigualable y controla tus giros con absoluta precisi\u00f3n. Dise\u00f1ada para una maniobrabilidad, fluidez y precisi\u00f3n excepcionales.","jetpack_sharing_enabled":true,"_links":{"self":[{"href":"https:\/\/srokacompany.com\/es\/wp-json\/wp\/v2\/product\/343459","targetHints":{"allow":["GET"]}}],"collection":[{"href":"https:\/\/srokacompany.com\/es\/wp-json\/wp\/v2\/product"}],"about":[{"href":"https:\/\/srokacompany.com\/es\/wp-json\/wp\/v2\/types\/product"}],"wp:featuredmedia":[{"embeddable":true,"href":"https:\/\/srokacompany.com\/es\/wp-json\/wp\/v2\/media\/343460"}],"wp:attachment":[{"href":"https:\/\/srokacompany.com\/es\/wp-json\/wp\/v2\/media?parent=343459"}],"wp:term":[{"taxonomy":"product_brand","embeddable":true,"href":"https:\/\/srokacompany.com\/es\/wp-json\/wp\/v2\/product_brand?post=343459"},{"taxonomy":"product_cat","embeddable":true,"href":"https:\/\/srokacompany.com\/es\/wp-json\/wp\/v2\/product_cat?post=343459"},{"taxonomy":"product_tag","embeddable":true,"href":"https:\/\/srokacompany.com\/es\/wp-json\/wp\/v2\/product_tag?post=343459"}],"curies":[{"name":"wp","href":"https:\/\/api.w.org\/{rel}","templated":true}]}}