{"id":343625,"date":"2023-05-10T08:23:37","date_gmt":"2023-05-10T08:23:37","guid":{"rendered":"https:\/\/srokacompany.com\/produit\/s-foil-control-1250\/"},"modified":"2025-11-25T10:29:41","modified_gmt":"2025-11-25T08:29:41","slug":"s-foil-control-1250","status":"publish","type":"product","link":"https:\/\/srokacompany.com\/es\/produit\/s-foil-control-1250\/","title":{"rendered":"S-foil Control 1250"},"content":{"rendered":"<hr>\n<h2>\u00bfC\u00f3mo transformar\u00e1 el Front Wing 1250 Control tu experiencia wingfoil en freeride y en las olas?<\/h2>\n<p>La 1250 Control es tan vers\u00e1til para el ala freeride foil como en las olas. Su alargamiento medio te permite tomar giros fluidos y cabalgar las olas sin quedarte atr\u00e1s. Su perfil optimiza la sustentaci\u00f3n a baja velocidad, para que puedas despegar r\u00e1pida y progresivamente.  <\/p>\n<p>La forma curvada de la aleta te ayuda a mantener las puntas en el agua durante los giros y evitar ca\u00eddas. Adem\u00e1s, la aleta hace ruido en el agua cuando roza la superficie, avis\u00e1ndote antes de que pierdas el control. <\/p>\n<p>La S-foil es la foil que tambi\u00e9n transformar\u00e1 tu pilotaje wingfoil en las olas. El foil ha sido dise\u00f1ado para satisfacer las necesidades y deseos de los riders que quieren pas\u00e1rselo en grande en las olas, ya sea winging foil, surfing foil o surfing en el agua. wake foilElimina el soporte, la resistencia y las imperfecciones de precisi\u00f3n de otros foils del mercado. <\/p>\n<p>&nbsp;<\/p>\n","protected":false},"excerpt":{"rendered":"<hr>\n<hr>\n<p>La 1250 Control es tan vers\u00e1til para freeride wing foil como para wave riding.<\/p>\n","protected":false},"featured_media":343626,"template":"","meta":{"_acf_changed":false,"_uag_custom_page_level_css":""},"product_brand":[],"product_cat":[3486,3481,3485,3673],"product_tag":[3429,3427,3426],"class_list":{"0":"post-343625","1":"product","2":"type-product","3":"status-publish","4":"has-post-thumbnail","6":"product_cat-ala-de-laminas-foil","7":"product_cat-laminas-de-surf-foil","8":"product_cat-todas-las-laminas-de-aluminio","9":"product_cat-todas-nuestras-laminas-control","10":"product_tag-avanzado","11":"product_tag-ingenioso","12":"product_tag-principiante","13":"product_shipping_class-foil-unidad-completa-o-piezas-alas","15":"first","16":"instock","17":"taxable","18":"shipping-taxable","19":"purchasable","20":"product-type-variable","21":"has-default-attributes"},"acf":[],"yoast_head":"<!-- This site is optimized with the Yoast SEO plugin v27.4 - https:\/\/yoast.com\/product\/yoast-seo-wordpress\/ -->\n<title>S-Foil 1250 Control | Empresa SROKA<\/title>\n<meta name=\"description\" content=\"La S-foil 1250 Control es una foil adecuada para freeride y ala foil. Te ofrece velocidad, fluidez y control en las curvas.\" \/>\n<meta name=\"robots\" content=\"index, follow, max-snippet:-1, max-image-preview:large, max-video-preview:-1\" \/>\n<link rel=\"canonical\" href=\"https:\/\/srokacompany.com\/es\/produit\/s-foil-control-1250\/\" \/>\n<meta property=\"og:locale\" content=\"es_ES\" \/>\n<meta property=\"og:type\" content=\"article\" \/>\n<meta property=\"og:title\" content=\"S-Foil 1250 Control | Empresa SROKA\" \/>\n<meta property=\"og:description\" content=\"La S-foil 1250 Control es una foil adecuada para freeride y ala foil. Te ofrece velocidad, fluidez y control en las curvas.\" \/>\n<meta property=\"og:url\" content=\"https:\/\/srokacompany.com\/es\/produit\/s-foil-control-1250\/\" \/>\n<meta property=\"og:site_name\" content=\"SROKA Company\" \/>\n<meta property=\"article:publisher\" content=\"https:\/\/www.facebook.com\/srokawatersports\/\" \/>\n<meta property=\"article:modified_time\" content=\"2025-11-25T08:29:41+00:00\" \/>\n<meta property=\"og:image\" content=\"https:\/\/srokacompany.com\/wp-content\/uploads\/2023\/05\/1250-control.png\" \/>\n\t<meta property=\"og:image:width\" content=\"740\" \/>\n\t<meta property=\"og:image:height\" content=\"1080\" \/>\n\t<meta property=\"og:image:type\" content=\"image\/png\" \/>\n<meta name=\"twitter:label1\" content=\"Tiempo de lectura\" \/>\n\t<meta name=\"twitter:data1\" content=\"1 minuto\" \/>\n<script type=\"application\/ld+json\" class=\"yoast-schema-graph\">{\"@context\":\"https:\\\/\\\/schema.org\",\"@graph\":[{\"@type\":\"WebPage\",\"@id\":\"https:\\\/\\\/srokacompany.com\\\/es\\\/produit\\\/s-foil-control-1250\\\/\",\"url\":\"https:\\\/\\\/srokacompany.com\\\/es\\\/produit\\\/s-foil-control-1250\\\/\",\"name\":\"S-Foil 1250 Control | Empresa SROKA\",\"isPartOf\":{\"@id\":\"https:\\\/\\\/srokacompany.com\\\/es\\\/#website\"},\"primaryImageOfPage\":{\"@id\":\"https:\\\/\\\/srokacompany.com\\\/es\\\/produit\\\/s-foil-control-1250\\\/#primaryimage\"},\"image\":{\"@id\":\"https:\\\/\\\/srokacompany.com\\\/es\\\/produit\\\/s-foil-control-1250\\\/#primaryimage\"},\"thumbnailUrl\":\"https:\\\/\\\/srokacompany.com\\\/wp-content\\\/uploads\\\/2023\\\/05\\\/1250-control.png\",\"datePublished\":\"2023-05-10T08:23:37+00:00\",\"dateModified\":\"2025-11-25T08:29:41+00:00\",\"description\":\"La S-foil 1250 Control es una foil adecuada para freeride y ala foil. Te ofrece velocidad, fluidez y control en las curvas.\",\"breadcrumb\":{\"@id\":\"https:\\\/\\\/srokacompany.com\\\/es\\\/produit\\\/s-foil-control-1250\\\/#breadcrumb\"},\"inLanguage\":\"es\",\"potentialAction\":[{\"@type\":\"ReadAction\",\"target\":[\"https:\\\/\\\/srokacompany.com\\\/es\\\/produit\\\/s-foil-control-1250\\\/\"]}]},{\"@type\":\"ImageObject\",\"inLanguage\":\"es\",\"@id\":\"https:\\\/\\\/srokacompany.com\\\/es\\\/produit\\\/s-foil-control-1250\\\/#primaryimage\",\"url\":\"https:\\\/\\\/srokacompany.com\\\/wp-content\\\/uploads\\\/2023\\\/05\\\/1250-control.png\",\"contentUrl\":\"https:\\\/\\\/srokacompany.com\\\/wp-content\\\/uploads\\\/2023\\\/05\\\/1250-control.png\",\"width\":740,\"height\":1080,\"caption\":\"1250 control sroka\"},{\"@type\":\"BreadcrumbList\",\"@id\":\"https:\\\/\\\/srokacompany.com\\\/es\\\/produit\\\/s-foil-control-1250\\\/#breadcrumb\",\"itemListElement\":[{\"@type\":\"ListItem\",\"position\":1,\"name\":\"Accueil\",\"item\":\"https:\\\/\\\/srokacompany.com\\\/es\\\/\"},{\"@type\":\"ListItem\",\"position\":2,\"name\":\"Tienda\",\"item\":\"https:\\\/\\\/srokacompany.com\\\/tienda\\\/\"},{\"@type\":\"ListItem\",\"position\":3,\"name\":\"S-foil Control 1250\"}]},{\"@type\":\"WebSite\",\"@id\":\"https:\\\/\\\/srokacompany.com\\\/es\\\/#website\",\"url\":\"https:\\\/\\\/srokacompany.com\\\/es\\\/\",\"name\":\"SROKA Company\",\"description\":\"SUP, Kite, Foil, Wing\",\"publisher\":{\"@id\":\"https:\\\/\\\/srokacompany.com\\\/es\\\/#organization\"},\"potentialAction\":[{\"@type\":\"SearchAction\",\"target\":{\"@type\":\"EntryPoint\",\"urlTemplate\":\"https:\\\/\\\/srokacompany.com\\\/es\\\/?s={search_term_string}\"},\"query-input\":{\"@type\":\"PropertyValueSpecification\",\"valueRequired\":true,\"valueName\":\"search_term_string\"}}],\"inLanguage\":\"es\"},{\"@type\":\"Organization\",\"@id\":\"https:\\\/\\\/srokacompany.com\\\/es\\\/#organization\",\"name\":\"SROKACOMPANY\",\"alternateName\":\"SROKA\",\"url\":\"https:\\\/\\\/srokacompany.com\\\/es\\\/\",\"logo\":{\"@type\":\"ImageObject\",\"inLanguage\":\"es\",\"@id\":\"https:\\\/\\\/srokacompany.com\\\/es\\\/#\\\/schema\\\/logo\\\/image\\\/\",\"url\":\"https:\\\/\\\/srokacompany.com\\\/wp-content\\\/uploads\\\/2021\\\/01\\\/logo-sroka-black-transpa.png\",\"contentUrl\":\"https:\\\/\\\/srokacompany.com\\\/wp-content\\\/uploads\\\/2021\\\/01\\\/logo-sroka-black-transpa.png\",\"width\":1201,\"height\":342,\"caption\":\"SROKACOMPANY\"},\"image\":{\"@id\":\"https:\\\/\\\/srokacompany.com\\\/es\\\/#\\\/schema\\\/logo\\\/image\\\/\"},\"sameAs\":[\"https:\\\/\\\/www.facebook.com\\\/srokawatersports\\\/\",\"https:\\\/\\\/www.instagram.com\\\/srokawatersports\\\/\",\"https:\\\/\\\/www.youtube.com\\\/channel\\\/UCVLHHeaPIm-J5bdEUgxqtZA\"]}]}<\/script>\n<!-- \/ Yoast SEO plugin. -->","yoast_head_json":{"title":"S-Foil 1250 Control | Empresa SROKA","description":"La S-foil 1250 Control es una foil adecuada para freeride y ala foil. Te ofrece velocidad, fluidez y control en las curvas.","robots":{"index":"index","follow":"follow","max-snippet":"max-snippet:-1","max-image-preview":"max-image-preview:large","max-video-preview":"max-video-preview:-1"},"canonical":"https:\/\/srokacompany.com\/es\/produit\/s-foil-control-1250\/","og_locale":"es_ES","og_type":"article","og_title":"S-Foil 1250 Control | Empresa SROKA","og_description":"La S-foil 1250 Control es una foil adecuada para freeride y ala foil. Te ofrece velocidad, fluidez y control en las curvas.","og_url":"https:\/\/srokacompany.com\/es\/produit\/s-foil-control-1250\/","og_site_name":"SROKA Company","article_publisher":"https:\/\/www.facebook.com\/srokawatersports\/","article_modified_time":"2025-11-25T08:29:41+00:00","og_image":[{"width":740,"height":1080,"url":"https:\/\/srokacompany.com\/wp-content\/uploads\/2023\/05\/1250-control.png","type":"image\/png"}],"twitter_misc":{"Tiempo de lectura":"1 minuto"},"schema":{"@context":"https:\/\/schema.org","@graph":[{"@type":"WebPage","@id":"https:\/\/srokacompany.com\/es\/produit\/s-foil-control-1250\/","url":"https:\/\/srokacompany.com\/es\/produit\/s-foil-control-1250\/","name":"S-Foil 1250 Control | Empresa SROKA","isPartOf":{"@id":"https:\/\/srokacompany.com\/es\/#website"},"primaryImageOfPage":{"@id":"https:\/\/srokacompany.com\/es\/produit\/s-foil-control-1250\/#primaryimage"},"image":{"@id":"https:\/\/srokacompany.com\/es\/produit\/s-foil-control-1250\/#primaryimage"},"thumbnailUrl":"https:\/\/srokacompany.com\/wp-content\/uploads\/2023\/05\/1250-control.png","datePublished":"2023-05-10T08:23:37+00:00","dateModified":"2025-11-25T08:29:41+00:00","description":"La S-foil 1250 Control es una foil adecuada para freeride y ala foil. Te ofrece velocidad, fluidez y control en las curvas.","breadcrumb":{"@id":"https:\/\/srokacompany.com\/es\/produit\/s-foil-control-1250\/#breadcrumb"},"inLanguage":"es","potentialAction":[{"@type":"ReadAction","target":["https:\/\/srokacompany.com\/es\/produit\/s-foil-control-1250\/"]}]},{"@type":"ImageObject","inLanguage":"es","@id":"https:\/\/srokacompany.com\/es\/produit\/s-foil-control-1250\/#primaryimage","url":"https:\/\/srokacompany.com\/wp-content\/uploads\/2023\/05\/1250-control.png","contentUrl":"https:\/\/srokacompany.com\/wp-content\/uploads\/2023\/05\/1250-control.png","width":740,"height":1080,"caption":"1250 control sroka"},{"@type":"BreadcrumbList","@id":"https:\/\/srokacompany.com\/es\/produit\/s-foil-control-1250\/#breadcrumb","itemListElement":[{"@type":"ListItem","position":1,"name":"Accueil","item":"https:\/\/srokacompany.com\/es\/"},{"@type":"ListItem","position":2,"name":"Tienda","item":"https:\/\/srokacompany.com\/tienda\/"},{"@type":"ListItem","position":3,"name":"S-foil Control 1250"}]},{"@type":"WebSite","@id":"https:\/\/srokacompany.com\/es\/#website","url":"https:\/\/srokacompany.com\/es\/","name":"SROKA Company","description":"SUP, Kite, Foil, Wing","publisher":{"@id":"https:\/\/srokacompany.com\/es\/#organization"},"potentialAction":[{"@type":"SearchAction","target":{"@type":"EntryPoint","urlTemplate":"https:\/\/srokacompany.com\/es\/?s={search_term_string}"},"query-input":{"@type":"PropertyValueSpecification","valueRequired":true,"valueName":"search_term_string"}}],"inLanguage":"es"},{"@type":"Organization","@id":"https:\/\/srokacompany.com\/es\/#organization","name":"SROKACOMPANY","alternateName":"SROKA","url":"https:\/\/srokacompany.com\/es\/","logo":{"@type":"ImageObject","inLanguage":"es","@id":"https:\/\/srokacompany.com\/es\/#\/schema\/logo\/image\/","url":"https:\/\/srokacompany.com\/wp-content\/uploads\/2021\/01\/logo-sroka-black-transpa.png","contentUrl":"https:\/\/srokacompany.com\/wp-content\/uploads\/2021\/01\/logo-sroka-black-transpa.png","width":1201,"height":342,"caption":"SROKACOMPANY"},"image":{"@id":"https:\/\/srokacompany.com\/es\/#\/schema\/logo\/image\/"},"sameAs":["https:\/\/www.facebook.com\/srokawatersports\/","https:\/\/www.instagram.com\/srokawatersports\/","https:\/\/www.youtube.com\/channel\/UCVLHHeaPIm-J5bdEUgxqtZA"]}]}},"uagb_featured_image_src":{"full":["https:\/\/srokacompany.com\/wp-content\/uploads\/2023\/05\/1250-control.png",740,1080,false],"thumbnail":["https:\/\/srokacompany.com\/wp-content\/uploads\/2023\/05\/1250-control-150x150.png",150,150,true],"medium":["https:\/\/srokacompany.com\/wp-content\/uploads\/2023\/05\/1250-control-206x300.png",206,300,true],"medium_large":["https:\/\/srokacompany.com\/wp-content\/uploads\/2023\/05\/1250-control.png",740,1080,false],"large":["https:\/\/srokacompany.com\/wp-content\/uploads\/2023\/05\/1250-control-702x1024.png",702,1024,true],"1536x1536":["https:\/\/srokacompany.com\/wp-content\/uploads\/2023\/05\/1250-control.png",740,1080,false],"2048x2048":["https:\/\/srokacompany.com\/wp-content\/uploads\/2023\/05\/1250-control.png",740,1080,false],"woocommerce_thumbnail":["https:\/\/srokacompany.com\/wp-content\/uploads\/2023\/05\/1250-control-600x876.png",600,876,true],"woocommerce_single":["https:\/\/srokacompany.com\/wp-content\/uploads\/2023\/05\/1250-control-600x876.png",600,876,true],"woocommerce_gallery_thumbnail":["https:\/\/srokacompany.com\/wp-content\/uploads\/2023\/05\/1250-control-100x100.png",100,100,true],"dgwt-wcas-product-suggestion":["https:\/\/srokacompany.com\/wp-content\/uploads\/2023\/05\/1250-control.png",64,93,false]},"uagb_author_info":{"display_name":"Emmanuel DIJOUX","author_link":"https:\/\/srokacompany.com\/es\/blog\/author\/"},"uagb_comment_info":0,"uagb_excerpt":"La 1250 Control es tan vers\u00e1til para freeride wing foil como para wave riding.","jetpack_sharing_enabled":true,"_links":{"self":[{"href":"https:\/\/srokacompany.com\/es\/wp-json\/wp\/v2\/product\/343625","targetHints":{"allow":["GET"]}}],"collection":[{"href":"https:\/\/srokacompany.com\/es\/wp-json\/wp\/v2\/product"}],"about":[{"href":"https:\/\/srokacompany.com\/es\/wp-json\/wp\/v2\/types\/product"}],"wp:featuredmedia":[{"embeddable":true,"href":"https:\/\/srokacompany.com\/es\/wp-json\/wp\/v2\/media\/343626"}],"wp:attachment":[{"href":"https:\/\/srokacompany.com\/es\/wp-json\/wp\/v2\/media?parent=343625"}],"wp:term":[{"taxonomy":"product_brand","embeddable":true,"href":"https:\/\/srokacompany.com\/es\/wp-json\/wp\/v2\/product_brand?post=343625"},{"taxonomy":"product_cat","embeddable":true,"href":"https:\/\/srokacompany.com\/es\/wp-json\/wp\/v2\/product_cat?post=343625"},{"taxonomy":"product_tag","embeddable":true,"href":"https:\/\/srokacompany.com\/es\/wp-json\/wp\/v2\/product_tag?post=343625"}],"curies":[{"name":"wp","href":"https:\/\/api.w.org\/{rel}","templated":true}]}}