{"id":343707,"date":"2023-06-01T13:52:44","date_gmt":"2023-06-01T13:52:44","guid":{"rendered":"https:\/\/srokacompany.com\/produit\/pack-wing-foil-hinchable-sroka-air-v2-ocasion\/"},"modified":"2025-10-31T19:11:53","modified_gmt":"2025-10-31T17:11:53","slug":"pack-wing-foil-hinchable-sroka-air-v2-ocasion","status":"publish","type":"product","link":"https:\/\/srokacompany.com\/es\/produit\/pack-wing-foil-hinchable-sroka-air-v2-ocasion\/","title":{"rendered":"Pack Wing Foil Hinchable Sroka Air V2 &#8211; OCASI\u00d3N"},"content":{"rendered":"<hr>\n<ul>\n<li>Equipos de segunda mano<\/li>\n<li>Casi en perfecto estado<\/li>\n<li>Servido en 2 d\u00edas de prueba<\/li>\n<li>Sin ara\u00f1azos, abolladuras ni reparaciones<\/li>\n<\/ul>\n<h2>Pack Wing Foil Hinchable Sroka &#8211; <a href=\"https:\/\/srokacompany.com\/es\/produit\/tabla-de-alas-hinchables-foil-sroka-v2\/\">Hinchable Aire 5&#8217;3, 6&#8217;o 6&#8217;4<\/a> &#8211; <a href=\"https:\/\/srokacompany.com\/es\/eshop\/alas-de-wing-foil\/\">Wing en 5m<\/a> &#8211; <a href=\"https:\/\/srokacompany.com\/es\/produit\/s-foil-classic-sroka\/\">S-Foil 1750<\/a>.<\/h2>\n<p>Entrega en un plazo de 1 a 3 d\u00edas laborables en Francia continental si el producto est\u00e1 en stock.<\/p>\n<p>Tanto si eres un principiante como un profesional del <a href=\"https:\/\/srokacompany.com\/es\/blog\/como-virar-hacer-una-virada-en-wingfoil\/\">wingfoil<\/a>, buscas un equipo de alto rendimiento, duradero y escalable. Para aquellos que necesitan espacio y viajar sin preocuparse por ello, hemos combinado todas las cualidades de una mochila de wingfoil de alta gama con su deseo de libertad. Hemos hecho todo lo posible para ofrecerte una tabla capaz de ofrecerte un m\u00e1ximo de sensaciones. Gracias a su <strong>placa de carbono<\/strong> cubierta con una capa protectora de PVC de primera calidad, el Sroka Air no tiene rival en su rigidez.<\/p>\n<p class=\"p1\" style=\"text-align: justify;\">Ofrecemos varios tama\u00f1os de tabla para adaptarse a su tama\u00f1o y habilidad en estos paquetes. Cuentan con un estuche est\u00e1ndar estadounidense de doble ra\u00edl. <\/p>\n<p class=\"p3\">Si tiene dudas <a href=\"https:\/\/srokacompany.com\/es\/blog\/pack-wing-foil-sroka-nuestro-consejo\/\">sobre qu\u00e9 Pack Wing Foil elegir<\/a>, lea nuestro art\u00edculo<a href=\"https:\/\/srokacompany.com\/es\/blog\/pack-wing-foil-sroka-nuestro-consejo\/\"> \u00abC\u00f3mo elegir su pack wingfoil<\/a> \u00bb para ayudarle a tomar la decisi\u00f3n correcta.<\/p>\n<p><a href=\"https:\/\/srokacompany.com\/es\/produit\/pack-wing-foil-hinchable-sroka-air-v1\/\">El pack wingfoil hinchable est\u00e1 disponible con la tabla hinchable v1 y la vela v2 a <strong>1499 euros<\/strong>.  <\/a><\/p>\n<blockquote class=\"wp-embedded-content\" data-secret=\"s3eqGKUcbU\"><p><a href=\"https:\/\/srokacompany.com\/es\/especificaciones-tecnicas-de-las-alas-y-tablas-de-foil-sroka\/\">Caract\u00e9ristiques techniques des ailes et planches de foil Sroka<\/a><\/p><\/blockquote>\n<p><iframe loading=\"lazy\" class=\"wp-embedded-content\" sandbox=\"allow-scripts\" security=\"restricted\" style=\"position: absolute; visibility: hidden;\" title=\"\u00abCaract\u00e9ristiques techniques des ailes et planches de foil Sroka\u00bb \u2014 SROKA Company\" src=\"https:\/\/srokacompany.com\/es\/especificaciones-tecnicas-de-las-alas-y-tablas-de-foil-sroka\/embed\/#?secret=7LhYPUEcgs#?secret=s3eqGKUcbU\" data-secret=\"s3eqGKUcbU\" width=\"500\" height=\"282\" frameborder=\"0\" marginwidth=\"0\" marginheight=\"0\" scrolling=\"no\"><\/iframe><\/p>\n","protected":false},"excerpt":{"rendered":"<p>Equipos de segunda mano Casi en perfecto estado Servido en 2 d\u00edas de prueba Sin ara\u00f1azos, abolladuras ni reparaciones Pack Wing Foil Hinchable Sroka &#8211; Hinchable Aire 5&#8217;3, 6&#8217;o 6&#8217;4 &#8211; Wing en 5m &#8211; S-Foil 1750. Entrega en un plazo de 1 a 3 d\u00edas laborables en Francia continental si el producto est\u00e1 en [&hellip;]<\/p>\n","protected":false},"featured_media":343713,"template":"","meta":{"_acf_changed":false,"_uag_custom_page_level_css":""},"product_brand":[],"product_cat":[3647,3692,3694],"product_tag":[],"class_list":{"0":"post-343707","1":"product","2":"type-product","3":"status-publish","4":"has-post-thumbnail","6":"product_cat-buenos-planes","7":"product_cat-equipos-de-segunda-mano","8":"product_cat-wing-foil-oportunidad","9":"product_shipping_class-pack-completo-de-alas-hinchables","11":"first","12":"instock","13":"taxable","14":"shipping-taxable","15":"purchasable","16":"product-type-variable"},"acf":[],"yoast_head":"<!-- This site is optimized with the Yoast SEO plugin v27.4 - https:\/\/yoast.com\/product\/yoast-seo-wordpress\/ -->\n<title>Pack Wing Foil Hinchable Sroka Air V2 - OCASI\u00d3N - SROKA Company<\/title>\n<meta name=\"description\" content=\"Descubra la versi\u00f3n V2 del pack Wing Foil Sroka, completo con tabla hinchable Air de 6&#039;4 o 6&#039;, S-Foil 1750 y Wing 5m con la mejor relaci\u00f3n calidad-precio.\" \/>\n<meta name=\"robots\" content=\"index, follow, max-snippet:-1, max-image-preview:large, max-video-preview:-1\" \/>\n<link rel=\"canonical\" href=\"https:\/\/srokacompany.com\/es\/produit\/pack-wing-foil-hinchable-sroka-air-v2-ocasion\/\" \/>\n<meta property=\"og:locale\" content=\"es_ES\" \/>\n<meta property=\"og:type\" content=\"article\" \/>\n<meta property=\"og:title\" content=\"Pack Wing Foil Hinchable Sroka Air V2 - OCASI\u00d3N - SROKA Company\" \/>\n<meta property=\"og:description\" content=\"Descubra la versi\u00f3n V2 del pack Wing Foil Sroka, completo con tabla hinchable Air de 6&#039;4 o 6&#039;, S-Foil 1750 y Wing 5m con la mejor relaci\u00f3n calidad-precio.\" \/>\n<meta property=\"og:url\" content=\"https:\/\/srokacompany.com\/es\/produit\/pack-wing-foil-hinchable-sroka-air-v2-ocasion\/\" \/>\n<meta property=\"og:site_name\" content=\"SROKA Company\" \/>\n<meta property=\"article:publisher\" content=\"https:\/\/www.facebook.com\/srokawatersports\/\" \/>\n<meta property=\"article:modified_time\" content=\"2025-10-31T17:11:53+00:00\" \/>\n<meta property=\"og:image\" content=\"https:\/\/srokacompany.com\/wp-content\/uploads\/2023\/06\/IMG_0045-scaled-1.jpg\" \/>\n\t<meta property=\"og:image:width\" content=\"1536\" \/>\n\t<meta property=\"og:image:height\" content=\"2048\" \/>\n\t<meta property=\"og:image:type\" content=\"image\/jpeg\" \/>\n<meta name=\"twitter:label1\" content=\"Tiempo de lectura\" \/>\n\t<meta name=\"twitter:data1\" content=\"1 minuto\" \/>\n<script type=\"application\/ld+json\" class=\"yoast-schema-graph\">{\"@context\":\"https:\\\/\\\/schema.org\",\"@graph\":[{\"@type\":\"WebPage\",\"@id\":\"https:\\\/\\\/srokacompany.com\\\/es\\\/produit\\\/pack-wing-foil-hinchable-sroka-air-v2-ocasion\\\/\",\"url\":\"https:\\\/\\\/srokacompany.com\\\/es\\\/produit\\\/pack-wing-foil-hinchable-sroka-air-v2-ocasion\\\/\",\"name\":\"Pack Wing Foil Hinchable Sroka Air V2 - OCASI\u00d3N - SROKA Company\",\"isPartOf\":{\"@id\":\"https:\\\/\\\/srokacompany.com\\\/es\\\/#website\"},\"primaryImageOfPage\":{\"@id\":\"https:\\\/\\\/srokacompany.com\\\/es\\\/produit\\\/pack-wing-foil-hinchable-sroka-air-v2-ocasion\\\/#primaryimage\"},\"image\":{\"@id\":\"https:\\\/\\\/srokacompany.com\\\/es\\\/produit\\\/pack-wing-foil-hinchable-sroka-air-v2-ocasion\\\/#primaryimage\"},\"thumbnailUrl\":\"https:\\\/\\\/srokacompany.com\\\/wp-content\\\/uploads\\\/2023\\\/06\\\/IMG_0045-scaled-1.jpg\",\"datePublished\":\"2023-06-01T13:52:44+00:00\",\"dateModified\":\"2025-10-31T17:11:53+00:00\",\"description\":\"Descubra la versi\u00f3n V2 del pack Wing Foil Sroka, completo con tabla hinchable Air de 6'4 o 6', S-Foil 1750 y Wing 5m con la mejor relaci\u00f3n calidad-precio.\",\"breadcrumb\":{\"@id\":\"https:\\\/\\\/srokacompany.com\\\/es\\\/produit\\\/pack-wing-foil-hinchable-sroka-air-v2-ocasion\\\/#breadcrumb\"},\"inLanguage\":\"es\",\"potentialAction\":[{\"@type\":\"ReadAction\",\"target\":[\"https:\\\/\\\/srokacompany.com\\\/es\\\/produit\\\/pack-wing-foil-hinchable-sroka-air-v2-ocasion\\\/\"]}]},{\"@type\":\"ImageObject\",\"inLanguage\":\"es\",\"@id\":\"https:\\\/\\\/srokacompany.com\\\/es\\\/produit\\\/pack-wing-foil-hinchable-sroka-air-v2-ocasion\\\/#primaryimage\",\"url\":\"https:\\\/\\\/srokacompany.com\\\/wp-content\\\/uploads\\\/2023\\\/06\\\/IMG_0045-scaled-1.jpg\",\"contentUrl\":\"https:\\\/\\\/srokacompany.com\\\/wp-content\\\/uploads\\\/2023\\\/06\\\/IMG_0045-scaled-1.jpg\",\"width\":1536,\"height\":2048},{\"@type\":\"BreadcrumbList\",\"@id\":\"https:\\\/\\\/srokacompany.com\\\/es\\\/produit\\\/pack-wing-foil-hinchable-sroka-air-v2-ocasion\\\/#breadcrumb\",\"itemListElement\":[{\"@type\":\"ListItem\",\"position\":1,\"name\":\"Accueil\",\"item\":\"https:\\\/\\\/srokacompany.com\\\/es\\\/\"},{\"@type\":\"ListItem\",\"position\":2,\"name\":\"Tienda\",\"item\":\"https:\\\/\\\/srokacompany.com\\\/tienda\\\/\"},{\"@type\":\"ListItem\",\"position\":3,\"name\":\"Pack Wing Foil Hinchable Sroka Air V2 &#8211; OCASI\u00d3N\"}]},{\"@type\":\"WebSite\",\"@id\":\"https:\\\/\\\/srokacompany.com\\\/es\\\/#website\",\"url\":\"https:\\\/\\\/srokacompany.com\\\/es\\\/\",\"name\":\"SROKA Company\",\"description\":\"SUP, Kite, Foil, Wing\",\"publisher\":{\"@id\":\"https:\\\/\\\/srokacompany.com\\\/es\\\/#organization\"},\"potentialAction\":[{\"@type\":\"SearchAction\",\"target\":{\"@type\":\"EntryPoint\",\"urlTemplate\":\"https:\\\/\\\/srokacompany.com\\\/es\\\/?s={search_term_string}\"},\"query-input\":{\"@type\":\"PropertyValueSpecification\",\"valueRequired\":true,\"valueName\":\"search_term_string\"}}],\"inLanguage\":\"es\"},{\"@type\":\"Organization\",\"@id\":\"https:\\\/\\\/srokacompany.com\\\/es\\\/#organization\",\"name\":\"SROKACOMPANY\",\"alternateName\":\"SROKA\",\"url\":\"https:\\\/\\\/srokacompany.com\\\/es\\\/\",\"logo\":{\"@type\":\"ImageObject\",\"inLanguage\":\"es\",\"@id\":\"https:\\\/\\\/srokacompany.com\\\/es\\\/#\\\/schema\\\/logo\\\/image\\\/\",\"url\":\"https:\\\/\\\/srokacompany.com\\\/wp-content\\\/uploads\\\/2021\\\/01\\\/logo-sroka-black-transpa.png\",\"contentUrl\":\"https:\\\/\\\/srokacompany.com\\\/wp-content\\\/uploads\\\/2021\\\/01\\\/logo-sroka-black-transpa.png\",\"width\":1201,\"height\":342,\"caption\":\"SROKACOMPANY\"},\"image\":{\"@id\":\"https:\\\/\\\/srokacompany.com\\\/es\\\/#\\\/schema\\\/logo\\\/image\\\/\"},\"sameAs\":[\"https:\\\/\\\/www.facebook.com\\\/srokawatersports\\\/\",\"https:\\\/\\\/www.instagram.com\\\/srokawatersports\\\/\",\"https:\\\/\\\/www.youtube.com\\\/channel\\\/UCVLHHeaPIm-J5bdEUgxqtZA\"]}]}<\/script>\n<!-- \/ Yoast SEO plugin. -->","yoast_head_json":{"title":"Pack Wing Foil Hinchable Sroka Air V2 - OCASI\u00d3N - SROKA Company","description":"Descubra la versi\u00f3n V2 del pack Wing Foil Sroka, completo con tabla hinchable Air de 6'4 o 6', S-Foil 1750 y Wing 5m con la mejor relaci\u00f3n calidad-precio.","robots":{"index":"index","follow":"follow","max-snippet":"max-snippet:-1","max-image-preview":"max-image-preview:large","max-video-preview":"max-video-preview:-1"},"canonical":"https:\/\/srokacompany.com\/es\/produit\/pack-wing-foil-hinchable-sroka-air-v2-ocasion\/","og_locale":"es_ES","og_type":"article","og_title":"Pack Wing Foil Hinchable Sroka Air V2 - OCASI\u00d3N - SROKA Company","og_description":"Descubra la versi\u00f3n V2 del pack Wing Foil Sroka, completo con tabla hinchable Air de 6'4 o 6', S-Foil 1750 y Wing 5m con la mejor relaci\u00f3n calidad-precio.","og_url":"https:\/\/srokacompany.com\/es\/produit\/pack-wing-foil-hinchable-sroka-air-v2-ocasion\/","og_site_name":"SROKA Company","article_publisher":"https:\/\/www.facebook.com\/srokawatersports\/","article_modified_time":"2025-10-31T17:11:53+00:00","og_image":[{"width":1536,"height":2048,"url":"https:\/\/srokacompany.com\/wp-content\/uploads\/2023\/06\/IMG_0045-scaled-1.jpg","type":"image\/jpeg"}],"twitter_misc":{"Tiempo de lectura":"1 minuto"},"schema":{"@context":"https:\/\/schema.org","@graph":[{"@type":"WebPage","@id":"https:\/\/srokacompany.com\/es\/produit\/pack-wing-foil-hinchable-sroka-air-v2-ocasion\/","url":"https:\/\/srokacompany.com\/es\/produit\/pack-wing-foil-hinchable-sroka-air-v2-ocasion\/","name":"Pack Wing Foil Hinchable Sroka Air V2 - OCASI\u00d3N - SROKA Company","isPartOf":{"@id":"https:\/\/srokacompany.com\/es\/#website"},"primaryImageOfPage":{"@id":"https:\/\/srokacompany.com\/es\/produit\/pack-wing-foil-hinchable-sroka-air-v2-ocasion\/#primaryimage"},"image":{"@id":"https:\/\/srokacompany.com\/es\/produit\/pack-wing-foil-hinchable-sroka-air-v2-ocasion\/#primaryimage"},"thumbnailUrl":"https:\/\/srokacompany.com\/wp-content\/uploads\/2023\/06\/IMG_0045-scaled-1.jpg","datePublished":"2023-06-01T13:52:44+00:00","dateModified":"2025-10-31T17:11:53+00:00","description":"Descubra la versi\u00f3n V2 del pack Wing Foil Sroka, completo con tabla hinchable Air de 6'4 o 6', S-Foil 1750 y Wing 5m con la mejor relaci\u00f3n calidad-precio.","breadcrumb":{"@id":"https:\/\/srokacompany.com\/es\/produit\/pack-wing-foil-hinchable-sroka-air-v2-ocasion\/#breadcrumb"},"inLanguage":"es","potentialAction":[{"@type":"ReadAction","target":["https:\/\/srokacompany.com\/es\/produit\/pack-wing-foil-hinchable-sroka-air-v2-ocasion\/"]}]},{"@type":"ImageObject","inLanguage":"es","@id":"https:\/\/srokacompany.com\/es\/produit\/pack-wing-foil-hinchable-sroka-air-v2-ocasion\/#primaryimage","url":"https:\/\/srokacompany.com\/wp-content\/uploads\/2023\/06\/IMG_0045-scaled-1.jpg","contentUrl":"https:\/\/srokacompany.com\/wp-content\/uploads\/2023\/06\/IMG_0045-scaled-1.jpg","width":1536,"height":2048},{"@type":"BreadcrumbList","@id":"https:\/\/srokacompany.com\/es\/produit\/pack-wing-foil-hinchable-sroka-air-v2-ocasion\/#breadcrumb","itemListElement":[{"@type":"ListItem","position":1,"name":"Accueil","item":"https:\/\/srokacompany.com\/es\/"},{"@type":"ListItem","position":2,"name":"Tienda","item":"https:\/\/srokacompany.com\/tienda\/"},{"@type":"ListItem","position":3,"name":"Pack Wing Foil Hinchable Sroka Air V2 &#8211; OCASI\u00d3N"}]},{"@type":"WebSite","@id":"https:\/\/srokacompany.com\/es\/#website","url":"https:\/\/srokacompany.com\/es\/","name":"SROKA Company","description":"SUP, Kite, Foil, Wing","publisher":{"@id":"https:\/\/srokacompany.com\/es\/#organization"},"potentialAction":[{"@type":"SearchAction","target":{"@type":"EntryPoint","urlTemplate":"https:\/\/srokacompany.com\/es\/?s={search_term_string}"},"query-input":{"@type":"PropertyValueSpecification","valueRequired":true,"valueName":"search_term_string"}}],"inLanguage":"es"},{"@type":"Organization","@id":"https:\/\/srokacompany.com\/es\/#organization","name":"SROKACOMPANY","alternateName":"SROKA","url":"https:\/\/srokacompany.com\/es\/","logo":{"@type":"ImageObject","inLanguage":"es","@id":"https:\/\/srokacompany.com\/es\/#\/schema\/logo\/image\/","url":"https:\/\/srokacompany.com\/wp-content\/uploads\/2021\/01\/logo-sroka-black-transpa.png","contentUrl":"https:\/\/srokacompany.com\/wp-content\/uploads\/2021\/01\/logo-sroka-black-transpa.png","width":1201,"height":342,"caption":"SROKACOMPANY"},"image":{"@id":"https:\/\/srokacompany.com\/es\/#\/schema\/logo\/image\/"},"sameAs":["https:\/\/www.facebook.com\/srokawatersports\/","https:\/\/www.instagram.com\/srokawatersports\/","https:\/\/www.youtube.com\/channel\/UCVLHHeaPIm-J5bdEUgxqtZA"]}]}},"uagb_featured_image_src":{"full":["https:\/\/srokacompany.com\/wp-content\/uploads\/2023\/06\/IMG_0045-scaled-1.jpg",1536,2048,false],"thumbnail":["https:\/\/srokacompany.com\/wp-content\/uploads\/2023\/06\/IMG_0045-scaled-1-150x150.jpg",150,150,true],"medium":["https:\/\/srokacompany.com\/wp-content\/uploads\/2023\/06\/IMG_0045-scaled-1-225x300.jpg",225,300,true],"medium_large":["https:\/\/srokacompany.com\/wp-content\/uploads\/2023\/06\/IMG_0045-scaled-1-768x1024.jpg",768,1024,true],"large":["https:\/\/srokacompany.com\/wp-content\/uploads\/2023\/06\/IMG_0045-scaled-1-768x1024.jpg",768,1024,true],"1536x1536":["https:\/\/srokacompany.com\/wp-content\/uploads\/2023\/06\/IMG_0045-scaled-1-1152x1536.jpg",1152,1536,true],"2048x2048":["https:\/\/srokacompany.com\/wp-content\/uploads\/2023\/06\/IMG_0045-scaled-1.jpg",1536,2048,false],"woocommerce_thumbnail":["https:\/\/srokacompany.com\/wp-content\/uploads\/2023\/06\/IMG_0045-scaled-1-600x800.jpg",600,800,true],"woocommerce_single":["https:\/\/srokacompany.com\/wp-content\/uploads\/2023\/06\/IMG_0045-scaled-1-600x800.jpg",600,800,true],"woocommerce_gallery_thumbnail":["https:\/\/srokacompany.com\/wp-content\/uploads\/2023\/06\/IMG_0045-scaled-1-100x100.jpg",100,100,true],"dgwt-wcas-product-suggestion":["https:\/\/srokacompany.com\/wp-content\/uploads\/2023\/06\/IMG_0045-scaled-1.jpg",64,85,false]},"uagb_author_info":{"display_name":"Emmanuel DIJOUX","author_link":"https:\/\/srokacompany.com\/es\/blog\/author\/"},"uagb_comment_info":0,"uagb_excerpt":"Equipos de segunda mano Casi en perfecto estado Servido en 2 d\u00edas de prueba Sin ara\u00f1azos, abolladuras ni reparaciones Pack Wing Foil Hinchable Sroka &#8211; Hinchable Aire 5&#8217;3, 6&#8217;o 6&#8217;4 &#8211; Wing en 5m &#8211; S-Foil 1750. Entrega en un plazo de 1 a 3 d\u00edas laborables en Francia continental si el producto est\u00e1 en&hellip;","jetpack_sharing_enabled":true,"_links":{"self":[{"href":"https:\/\/srokacompany.com\/es\/wp-json\/wp\/v2\/product\/343707","targetHints":{"allow":["GET"]}}],"collection":[{"href":"https:\/\/srokacompany.com\/es\/wp-json\/wp\/v2\/product"}],"about":[{"href":"https:\/\/srokacompany.com\/es\/wp-json\/wp\/v2\/types\/product"}],"wp:featuredmedia":[{"embeddable":true,"href":"https:\/\/srokacompany.com\/es\/wp-json\/wp\/v2\/media\/343713"}],"wp:attachment":[{"href":"https:\/\/srokacompany.com\/es\/wp-json\/wp\/v2\/media?parent=343707"}],"wp:term":[{"taxonomy":"product_brand","embeddable":true,"href":"https:\/\/srokacompany.com\/es\/wp-json\/wp\/v2\/product_brand?post=343707"},{"taxonomy":"product_cat","embeddable":true,"href":"https:\/\/srokacompany.com\/es\/wp-json\/wp\/v2\/product_cat?post=343707"},{"taxonomy":"product_tag","embeddable":true,"href":"https:\/\/srokacompany.com\/es\/wp-json\/wp\/v2\/product_tag?post=343707"}],"curies":[{"name":"wp","href":"https:\/\/api.w.org\/{rel}","templated":true}]}}