{"id":343788,"date":"2023-07-04T12:26:42","date_gmt":"2023-07-04T10:26:42","guid":{"rendered":"https:\/\/srokacompany.com\/produit\/05-1-15-calce-de-inclinacion\/"},"modified":"2025-06-26T18:02:17","modified_gmt":"2025-06-26T16:02:17","slug":"05-1-15-calce-de-inclinacion","status":"publish","type":"product","link":"https:\/\/srokacompany.com\/es\/produit\/05-1-15-calce-de-inclinacion\/","title":{"rendered":"0,5\u00b0 &#8211; 1\u00b0 &#8211; 1,5\u00b0 calce de inclinaci\u00f3n"},"content":{"rendered":"<hr>\n<div class=\"message\">\n<div class=\"content\" tabindex=\"0\" aria-hidden=\"true\">\n<div class=\"ac-container ac-adaptiveCard\">\n<div class=\"ac-textBlock\">\n<h2>Optimice su foil con los calzos de rastrillo SROKA: \u00a1gane en estabilidad, control y elevaci\u00f3n!<\/h2>\n<\/div>\n<\/div>\n<\/div>\n<\/div>\n<p>Compraste una tabla diferente a una SROKA y la posici\u00f3n de los dos rieles de EE. UU. no es la misma que en nuestras tablas. Esto puede dar lugar a una sensaci\u00f3n de plancha que desliza la nariz hacia abajo o hacia arriba. Para remediarlo, puede calzar su foil al nivel del plato giratorio utilizando una cu\u00f1a de rastrillo.<\/p>\n<p>Los tacos de rake SROKA son la soluci\u00f3n ideal para optimizar tu foil y disfrutar al m\u00e1ximo de tu sesi\u00f3n. Estos accesorios le permiten cambiar el \u00e1ngulo de incidencia del foil en la placa de montaje, lo que le brinda un control total sobre su navegaci\u00f3n, especialmente cuando se est\u00e1 cosiendo un foil.  Las cu\u00f1as de rastrillo SROKA son compatibles con todos los rieles de EE. UU. en el mercado y est\u00e1n disponibles en tres grosores: 0,5\u00b0, 1\u00b0 y 1,5\u00b0. Son f\u00e1ciles de instalar y cambiar a tu gusto.<\/p>\n<p>Si utilizas una tabla de otra marca, puede que sientas que la tabla se hunde o se levanta. <a class=\"tooltip-target\" data-citationid=\"d4c1d18f-81ec-c619-c56a-6799ce798624-2-group\">Si la tabla se hunde demasiado, puedes utilizar un <\/a><a class=\"tooltip-target\" data-citationid=\"d4c1d18f-81ec-c619-c56a-6799ce798624-2-group\">\u00e1ngulo negativo (<\/a><a class=\"tooltip-target\" data-citationid=\"d4c1d18f-81ec-c619-c56a-6799ce798624-2-group\">lado grueso<\/a>en la parte delantera)<a class=\"tooltip-target\" data-citationid=\"d4c1d18f-81ec-c619-c56a-6799ce798624-2-group\"> y, a la inversa, si la tabla se levanta demasiado (nariz hacia arriba), puedes utilizar un \u00e1ngulo <\/a>positivo (lado grueso de la cu\u00f1a en la parte trasera de tu cubierta)<a class=\"tooltip-target\" data-citationid=\"d4c1d18f-81ec-c619-c56a-6799ce798624-2-group\">.<\/a><\/p>\n<p>Las calas son reversibles: 0,5 grados pueden convertirse en -0,5. Las calas se pueden acumular. <\/p>\n<p>Para solucionar sus problemas con foil empujando demasiado fuerte el pie delantero o trasero, encuentre aqu\u00ed nuestras<a href=\"https:\/\/srokacompany.com\/es\/produit\/calzos-de-ajuste-s-foil-sroka-g10\/\"> cu\u00f1as de ajuste del estabilizador<\/a>.<\/p>\n<p><strong>Entrega gratuita.<\/strong><\/p>\n","protected":false},"excerpt":{"rendered":"<p>Optimice su foil con los calzos de rastrillo SROKA: \u00a1gane en estabilidad, control y elevaci\u00f3n! Compraste una tabla diferente a una SROKA y la posici\u00f3n de los dos rieles de EE. UU. no es la misma que en nuestras tablas. Esto puede dar lugar a una sensaci\u00f3n de plancha que desliza la nariz hacia abajo [&hellip;]<\/p>\n","protected":false},"featured_media":343790,"template":"","meta":{"_acf_changed":false,"_uag_custom_page_level_css":""},"product_brand":[],"product_cat":[3483],"product_tag":[],"class_list":{"0":"post-343788","1":"product","2":"type-product","3":"status-publish","4":"has-post-thumbnail","6":"product_cat-gama-downwind-uha","7":"product_shipping_class-alerones-tornillos-y-pernos-completos","9":"first","10":"instock","11":"taxable","12":"shipping-taxable","13":"purchasable","14":"product-type-variable"},"acf":[],"yoast_head":"<!-- This site is optimized with the Yoast SEO plugin v27.4 - https:\/\/yoast.com\/product\/yoast-seo-wordpress\/ -->\n<title>0,5\u00b0 - 1\u00b0 - 1,5\u00b0 calce de inclinaci\u00f3n - SROKA Company<\/title>\n<meta name=\"description\" content=\"Optimiza el trimado de tu tabla con las calas de rastrillo SROKA: elimina la sensaci\u00f3n de hundimiento o levantamiento de la tabla. Entrega gratuita.\" \/>\n<meta name=\"robots\" content=\"index, follow, max-snippet:-1, max-image-preview:large, max-video-preview:-1\" \/>\n<link rel=\"canonical\" href=\"https:\/\/srokacompany.com\/es\/produit\/05-1-15-calce-de-inclinacion\/\" \/>\n<meta property=\"og:locale\" content=\"es_ES\" \/>\n<meta property=\"og:type\" content=\"article\" \/>\n<meta property=\"og:title\" content=\"0,5\u00b0 - 1\u00b0 - 1,5\u00b0 calce de inclinaci\u00f3n - SROKA Company\" \/>\n<meta property=\"og:description\" content=\"Optimiza el trimado de tu tabla con las calas de rastrillo SROKA: elimina la sensaci\u00f3n de hundimiento o levantamiento de la tabla. Entrega gratuita.\" \/>\n<meta property=\"og:url\" content=\"https:\/\/srokacompany.com\/es\/produit\/05-1-15-calce-de-inclinacion\/\" \/>\n<meta property=\"og:site_name\" content=\"SROKA Company\" \/>\n<meta property=\"article:publisher\" content=\"https:\/\/www.facebook.com\/srokawatersports\/\" \/>\n<meta property=\"article:modified_time\" content=\"2025-06-26T16:02:17+00:00\" \/>\n<meta property=\"og:image\" content=\"https:\/\/srokacompany.com\/wp-content\/uploads\/2023\/07\/cale-rake-foil.png\" \/>\n\t<meta property=\"og:image:width\" content=\"740\" \/>\n\t<meta property=\"og:image:height\" content=\"1080\" \/>\n\t<meta property=\"og:image:type\" content=\"image\/png\" \/>\n<meta name=\"twitter:label1\" content=\"Tiempo de lectura\" \/>\n\t<meta name=\"twitter:data1\" content=\"1 minuto\" \/>\n<script type=\"application\/ld+json\" class=\"yoast-schema-graph\">{\"@context\":\"https:\\\/\\\/schema.org\",\"@graph\":[{\"@type\":\"WebPage\",\"@id\":\"https:\\\/\\\/srokacompany.com\\\/es\\\/produit\\\/05-1-15-calce-de-inclinacion\\\/\",\"url\":\"https:\\\/\\\/srokacompany.com\\\/es\\\/produit\\\/05-1-15-calce-de-inclinacion\\\/\",\"name\":\"0,5\u00b0 - 1\u00b0 - 1,5\u00b0 calce de inclinaci\u00f3n - SROKA Company\",\"isPartOf\":{\"@id\":\"https:\\\/\\\/srokacompany.com\\\/es\\\/#website\"},\"primaryImageOfPage\":{\"@id\":\"https:\\\/\\\/srokacompany.com\\\/es\\\/produit\\\/05-1-15-calce-de-inclinacion\\\/#primaryimage\"},\"image\":{\"@id\":\"https:\\\/\\\/srokacompany.com\\\/es\\\/produit\\\/05-1-15-calce-de-inclinacion\\\/#primaryimage\"},\"thumbnailUrl\":\"https:\\\/\\\/srokacompany.com\\\/wp-content\\\/uploads\\\/2023\\\/07\\\/cale-rake-foil.png\",\"datePublished\":\"2023-07-04T10:26:42+00:00\",\"dateModified\":\"2025-06-26T16:02:17+00:00\",\"description\":\"Optimiza el trimado de tu tabla con las calas de rastrillo SROKA: elimina la sensaci\u00f3n de hundimiento o levantamiento de la tabla. Entrega gratuita.\",\"breadcrumb\":{\"@id\":\"https:\\\/\\\/srokacompany.com\\\/es\\\/produit\\\/05-1-15-calce-de-inclinacion\\\/#breadcrumb\"},\"inLanguage\":\"es\",\"potentialAction\":[{\"@type\":\"ReadAction\",\"target\":[\"https:\\\/\\\/srokacompany.com\\\/es\\\/produit\\\/05-1-15-calce-de-inclinacion\\\/\"]}]},{\"@type\":\"ImageObject\",\"inLanguage\":\"es\",\"@id\":\"https:\\\/\\\/srokacompany.com\\\/es\\\/produit\\\/05-1-15-calce-de-inclinacion\\\/#primaryimage\",\"url\":\"https:\\\/\\\/srokacompany.com\\\/wp-content\\\/uploads\\\/2023\\\/07\\\/cale-rake-foil.png\",\"contentUrl\":\"https:\\\/\\\/srokacompany.com\\\/wp-content\\\/uploads\\\/2023\\\/07\\\/cale-rake-foil.png\",\"width\":740,\"height\":1080,\"caption\":\"cu\u00f1a de rastrillo para foil sroka\"},{\"@type\":\"BreadcrumbList\",\"@id\":\"https:\\\/\\\/srokacompany.com\\\/es\\\/produit\\\/05-1-15-calce-de-inclinacion\\\/#breadcrumb\",\"itemListElement\":[{\"@type\":\"ListItem\",\"position\":1,\"name\":\"Accueil\",\"item\":\"https:\\\/\\\/srokacompany.com\\\/es\\\/\"},{\"@type\":\"ListItem\",\"position\":2,\"name\":\"Tienda\",\"item\":\"https:\\\/\\\/srokacompany.com\\\/tienda\\\/\"},{\"@type\":\"ListItem\",\"position\":3,\"name\":\"0,5\u00b0 &#8211; 1\u00b0 &#8211; 1,5\u00b0 calce de inclinaci\u00f3n\"}]},{\"@type\":\"WebSite\",\"@id\":\"https:\\\/\\\/srokacompany.com\\\/es\\\/#website\",\"url\":\"https:\\\/\\\/srokacompany.com\\\/es\\\/\",\"name\":\"SROKA Company\",\"description\":\"SUP, Kite, Foil, Wing\",\"publisher\":{\"@id\":\"https:\\\/\\\/srokacompany.com\\\/es\\\/#organization\"},\"potentialAction\":[{\"@type\":\"SearchAction\",\"target\":{\"@type\":\"EntryPoint\",\"urlTemplate\":\"https:\\\/\\\/srokacompany.com\\\/es\\\/?s={search_term_string}\"},\"query-input\":{\"@type\":\"PropertyValueSpecification\",\"valueRequired\":true,\"valueName\":\"search_term_string\"}}],\"inLanguage\":\"es\"},{\"@type\":\"Organization\",\"@id\":\"https:\\\/\\\/srokacompany.com\\\/es\\\/#organization\",\"name\":\"SROKACOMPANY\",\"alternateName\":\"SROKA\",\"url\":\"https:\\\/\\\/srokacompany.com\\\/es\\\/\",\"logo\":{\"@type\":\"ImageObject\",\"inLanguage\":\"es\",\"@id\":\"https:\\\/\\\/srokacompany.com\\\/es\\\/#\\\/schema\\\/logo\\\/image\\\/\",\"url\":\"https:\\\/\\\/srokacompany.com\\\/wp-content\\\/uploads\\\/2021\\\/01\\\/logo-sroka-black-transpa.png\",\"contentUrl\":\"https:\\\/\\\/srokacompany.com\\\/wp-content\\\/uploads\\\/2021\\\/01\\\/logo-sroka-black-transpa.png\",\"width\":1201,\"height\":342,\"caption\":\"SROKACOMPANY\"},\"image\":{\"@id\":\"https:\\\/\\\/srokacompany.com\\\/es\\\/#\\\/schema\\\/logo\\\/image\\\/\"},\"sameAs\":[\"https:\\\/\\\/www.facebook.com\\\/srokawatersports\\\/\",\"https:\\\/\\\/www.instagram.com\\\/srokawatersports\\\/\",\"https:\\\/\\\/www.youtube.com\\\/channel\\\/UCVLHHeaPIm-J5bdEUgxqtZA\"]}]}<\/script>\n<!-- \/ Yoast SEO plugin. -->","yoast_head_json":{"title":"0,5\u00b0 - 1\u00b0 - 1,5\u00b0 calce de inclinaci\u00f3n - SROKA Company","description":"Optimiza el trimado de tu tabla con las calas de rastrillo SROKA: elimina la sensaci\u00f3n de hundimiento o levantamiento de la tabla. Entrega gratuita.","robots":{"index":"index","follow":"follow","max-snippet":"max-snippet:-1","max-image-preview":"max-image-preview:large","max-video-preview":"max-video-preview:-1"},"canonical":"https:\/\/srokacompany.com\/es\/produit\/05-1-15-calce-de-inclinacion\/","og_locale":"es_ES","og_type":"article","og_title":"0,5\u00b0 - 1\u00b0 - 1,5\u00b0 calce de inclinaci\u00f3n - SROKA Company","og_description":"Optimiza el trimado de tu tabla con las calas de rastrillo SROKA: elimina la sensaci\u00f3n de hundimiento o levantamiento de la tabla. Entrega gratuita.","og_url":"https:\/\/srokacompany.com\/es\/produit\/05-1-15-calce-de-inclinacion\/","og_site_name":"SROKA Company","article_publisher":"https:\/\/www.facebook.com\/srokawatersports\/","article_modified_time":"2025-06-26T16:02:17+00:00","og_image":[{"width":740,"height":1080,"url":"https:\/\/srokacompany.com\/wp-content\/uploads\/2023\/07\/cale-rake-foil.png","type":"image\/png"}],"twitter_misc":{"Tiempo de lectura":"1 minuto"},"schema":{"@context":"https:\/\/schema.org","@graph":[{"@type":"WebPage","@id":"https:\/\/srokacompany.com\/es\/produit\/05-1-15-calce-de-inclinacion\/","url":"https:\/\/srokacompany.com\/es\/produit\/05-1-15-calce-de-inclinacion\/","name":"0,5\u00b0 - 1\u00b0 - 1,5\u00b0 calce de inclinaci\u00f3n - SROKA Company","isPartOf":{"@id":"https:\/\/srokacompany.com\/es\/#website"},"primaryImageOfPage":{"@id":"https:\/\/srokacompany.com\/es\/produit\/05-1-15-calce-de-inclinacion\/#primaryimage"},"image":{"@id":"https:\/\/srokacompany.com\/es\/produit\/05-1-15-calce-de-inclinacion\/#primaryimage"},"thumbnailUrl":"https:\/\/srokacompany.com\/wp-content\/uploads\/2023\/07\/cale-rake-foil.png","datePublished":"2023-07-04T10:26:42+00:00","dateModified":"2025-06-26T16:02:17+00:00","description":"Optimiza el trimado de tu tabla con las calas de rastrillo SROKA: elimina la sensaci\u00f3n de hundimiento o levantamiento de la tabla. Entrega gratuita.","breadcrumb":{"@id":"https:\/\/srokacompany.com\/es\/produit\/05-1-15-calce-de-inclinacion\/#breadcrumb"},"inLanguage":"es","potentialAction":[{"@type":"ReadAction","target":["https:\/\/srokacompany.com\/es\/produit\/05-1-15-calce-de-inclinacion\/"]}]},{"@type":"ImageObject","inLanguage":"es","@id":"https:\/\/srokacompany.com\/es\/produit\/05-1-15-calce-de-inclinacion\/#primaryimage","url":"https:\/\/srokacompany.com\/wp-content\/uploads\/2023\/07\/cale-rake-foil.png","contentUrl":"https:\/\/srokacompany.com\/wp-content\/uploads\/2023\/07\/cale-rake-foil.png","width":740,"height":1080,"caption":"cu\u00f1a de rastrillo para foil sroka"},{"@type":"BreadcrumbList","@id":"https:\/\/srokacompany.com\/es\/produit\/05-1-15-calce-de-inclinacion\/#breadcrumb","itemListElement":[{"@type":"ListItem","position":1,"name":"Accueil","item":"https:\/\/srokacompany.com\/es\/"},{"@type":"ListItem","position":2,"name":"Tienda","item":"https:\/\/srokacompany.com\/tienda\/"},{"@type":"ListItem","position":3,"name":"0,5\u00b0 &#8211; 1\u00b0 &#8211; 1,5\u00b0 calce de inclinaci\u00f3n"}]},{"@type":"WebSite","@id":"https:\/\/srokacompany.com\/es\/#website","url":"https:\/\/srokacompany.com\/es\/","name":"SROKA Company","description":"SUP, Kite, Foil, Wing","publisher":{"@id":"https:\/\/srokacompany.com\/es\/#organization"},"potentialAction":[{"@type":"SearchAction","target":{"@type":"EntryPoint","urlTemplate":"https:\/\/srokacompany.com\/es\/?s={search_term_string}"},"query-input":{"@type":"PropertyValueSpecification","valueRequired":true,"valueName":"search_term_string"}}],"inLanguage":"es"},{"@type":"Organization","@id":"https:\/\/srokacompany.com\/es\/#organization","name":"SROKACOMPANY","alternateName":"SROKA","url":"https:\/\/srokacompany.com\/es\/","logo":{"@type":"ImageObject","inLanguage":"es","@id":"https:\/\/srokacompany.com\/es\/#\/schema\/logo\/image\/","url":"https:\/\/srokacompany.com\/wp-content\/uploads\/2021\/01\/logo-sroka-black-transpa.png","contentUrl":"https:\/\/srokacompany.com\/wp-content\/uploads\/2021\/01\/logo-sroka-black-transpa.png","width":1201,"height":342,"caption":"SROKACOMPANY"},"image":{"@id":"https:\/\/srokacompany.com\/es\/#\/schema\/logo\/image\/"},"sameAs":["https:\/\/www.facebook.com\/srokawatersports\/","https:\/\/www.instagram.com\/srokawatersports\/","https:\/\/www.youtube.com\/channel\/UCVLHHeaPIm-J5bdEUgxqtZA"]}]}},"uagb_featured_image_src":{"full":["https:\/\/srokacompany.com\/wp-content\/uploads\/2023\/07\/cale-rake-foil.png",740,1080,false],"thumbnail":["https:\/\/srokacompany.com\/wp-content\/uploads\/2023\/07\/cale-rake-foil-150x150.png",150,150,true],"medium":["https:\/\/srokacompany.com\/wp-content\/uploads\/2023\/07\/cale-rake-foil-206x300.png",206,300,true],"medium_large":["https:\/\/srokacompany.com\/wp-content\/uploads\/2023\/07\/cale-rake-foil.png",740,1080,false],"large":["https:\/\/srokacompany.com\/wp-content\/uploads\/2023\/07\/cale-rake-foil-702x1024.png",702,1024,true],"1536x1536":["https:\/\/srokacompany.com\/wp-content\/uploads\/2023\/07\/cale-rake-foil.png",740,1080,false],"2048x2048":["https:\/\/srokacompany.com\/wp-content\/uploads\/2023\/07\/cale-rake-foil.png",740,1080,false],"woocommerce_thumbnail":["https:\/\/srokacompany.com\/wp-content\/uploads\/2023\/07\/cale-rake-foil-600x876.png",600,876,true],"woocommerce_single":["https:\/\/srokacompany.com\/wp-content\/uploads\/2023\/07\/cale-rake-foil-600x876.png",600,876,true],"woocommerce_gallery_thumbnail":["https:\/\/srokacompany.com\/wp-content\/uploads\/2023\/07\/cale-rake-foil-100x100.png",100,100,true],"dgwt-wcas-product-suggestion":["https:\/\/srokacompany.com\/wp-content\/uploads\/2023\/07\/cale-rake-foil.png",64,93,false]},"uagb_author_info":{"display_name":"Emmanuel DIJOUX","author_link":"https:\/\/srokacompany.com\/es\/blog\/author\/"},"uagb_comment_info":0,"uagb_excerpt":"Optimice su foil con los calzos de rastrillo SROKA: \u00a1gane en estabilidad, control y elevaci\u00f3n! Compraste una tabla diferente a una SROKA y la posici\u00f3n de los dos rieles de EE. UU. no es la misma que en nuestras tablas. Esto puede dar lugar a una sensaci\u00f3n de plancha que desliza la nariz hacia abajo&hellip;","jetpack_sharing_enabled":true,"_links":{"self":[{"href":"https:\/\/srokacompany.com\/es\/wp-json\/wp\/v2\/product\/343788","targetHints":{"allow":["GET"]}}],"collection":[{"href":"https:\/\/srokacompany.com\/es\/wp-json\/wp\/v2\/product"}],"about":[{"href":"https:\/\/srokacompany.com\/es\/wp-json\/wp\/v2\/types\/product"}],"wp:featuredmedia":[{"embeddable":true,"href":"https:\/\/srokacompany.com\/es\/wp-json\/wp\/v2\/media\/343790"}],"wp:attachment":[{"href":"https:\/\/srokacompany.com\/es\/wp-json\/wp\/v2\/media?parent=343788"}],"wp:term":[{"taxonomy":"product_brand","embeddable":true,"href":"https:\/\/srokacompany.com\/es\/wp-json\/wp\/v2\/product_brand?post=343788"},{"taxonomy":"product_cat","embeddable":true,"href":"https:\/\/srokacompany.com\/es\/wp-json\/wp\/v2\/product_cat?post=343788"},{"taxonomy":"product_tag","embeddable":true,"href":"https:\/\/srokacompany.com\/es\/wp-json\/wp\/v2\/product_tag?post=343788"}],"curies":[{"name":"wp","href":"https:\/\/api.w.org\/{rel}","templated":true}]}}