{"id":343815,"date":"2023-06-08T15:07:21","date_gmt":"2023-06-08T15:07:21","guid":{"rendered":"https:\/\/srokacompany.com\/produit\/easy-116-segunda-mano\/"},"modified":"2025-10-31T19:11:45","modified_gmt":"2025-10-31T17:11:45","slug":"easy-116-segunda-mano","status":"publish","type":"product","link":"https:\/\/srokacompany.com\/es\/produit\/easy-116-segunda-mano\/","title":{"rendered":"Easy 11&#8217;6 &#8211; Segunda mano"},"content":{"rendered":"<hr \/>\n<h2><strong>F\u00c1CIL DESLIZAMIENTO, DIVERSI\u00d3N INMEDIATA &#8211; Usado &#8211; nunca ha estado en el agua &#8211; expo modelo \/ foto &#8211; <a href=\"https:\/\/srokacompany.com\/es\/produit\/paleta-hinchable-easy\/\">Descripci\u00f3n completa aqu\u00ed<\/a><\/strong><\/h2>\n<p>Con el <a href=\"https:\/\/srokacompany.com\/es\/eshop\/palas-hinchables\/\">Stand up Paddle hinchable<\/a> 10&#8242;, 10&#8217;6, 11&#8217;6 &amp; 12&#8217;6 Easy packs, podr\u00e1 descubrir el placer de los hinchables SUP sin quebraderos de cabeza.<\/p>\n<p>La <strong>Easy 10&#8217;6<\/strong> es ideal para surfistas de tama\u00f1o medio que se inician en SUP, ya sea solos o en familia. Su contorno c\u00f3modo y su ligero rocker la hacen f\u00e1cil de manejar y te permiten surfear olas peque\u00f1as con facilidad. Su shape y rocker la hacen f\u00e1cil de manejar, por lo que podr\u00e1s surfear olas peque\u00f1as con facilidad.<\/p>\n<p>Su hermano peque\u00f1o, el <strong>Easy 10&#8242;<\/strong>, comparte la misma forma, pero es m\u00e1s estrecho, m\u00e1s fino y m\u00e1s corto. Es ideal para pilotos m\u00e1s peque\u00f1os (&lt;85-90 kg), ni\u00f1os y adolescentes.<\/p>\n<p>Los <strong>packs 11&#8217;6 y 12&#8217;6<\/strong> satisfar\u00e1n las necesidades de todos aquellos que disfrutan de los paseos y las excursiones deportivas, al tiempo que combinan equilibrio, deslizamiento y comodidad. Los principiantes y los ciclistas m\u00e1s corpulentos se beneficiar\u00e1n de la estabilidad y la relaci\u00f3n deslizamiento\/manejo de la 11&#8217;6, mientras que los ciclistas m\u00e1s pesados o experimentados disfrutar\u00e1n del deslizamiento mejorado de la 12&#8217;6.<\/p>\n<p>Las tablas est\u00e1n construidas con PVC de la m\u00e1s alta calidad utilizado en embarcaciones semirr\u00edgidas profesionales, lo que contribuye a aumentar su rigidez y longevidad. Para perfeccionar estas caracter\u00edsticas, se ha a\u00f1adido una segunda capa de PVC a los ra\u00edles (proa y popa) adem\u00e1s del morro.<\/p>\n<p>Los packs Easy son para aquellos que quieren <a href=\"https:\/\/srokacompany.com\/es\/blog\/nuestros-consejos-para-aprender-stand-up-paddle-surf\/\">aprender Stand Up Paddle<\/a> sin renunciar a la calidad ni al dise\u00f1o.<\/p>\n<p>Si a\u00fan no est\u00e1s seguro de cu\u00e1l es la tabla de paddle m\u00e1s adecuada para ti, te damos algunos consejos sobre <a href=\"https:\/\/srokacompany.com\/es\/blog\/como-elegir-tu-stand-up-paddle-inflado\/\">c\u00f3mo elegir tu stand-up paddle<\/a>.<\/p>\n","protected":false},"excerpt":{"rendered":"<p>Pack completo Easy 11&#8217;6<\/p>\n","protected":false},"featured_media":343820,"template":"","meta":{"_acf_changed":false,"_uag_custom_page_level_css":""},"product_brand":[],"product_cat":[3647,3692,3648],"product_tag":[],"class_list":{"0":"post-343815","1":"product","2":"type-product","3":"status-publish","4":"has-post-thumbnail","6":"product_cat-buenos-planes","7":"product_cat-equipos-de-segunda-mano","8":"product_cat-paleta-usada","9":"product_shipping_class-sup-unidad","11":"first","12":"outofstock","13":"taxable","14":"shipping-taxable","15":"purchasable","16":"product-type-simple"},"acf":[],"yoast_head":"<!-- This site is optimized with the Yoast SEO plugin v27.4 - https:\/\/yoast.com\/product\/yoast-seo-wordpress\/ -->\n<title>Easy 11&#039;6 - Segunda mano - SROKA Company<\/title>\n<meta name=\"description\" content=\"Pala hinchable Easy 11&#039;6 de segunda mano: estable, ligera y f\u00e1cil de transportar. Ideal para principiantes o para traves\u00edas, a un precio reducido con accesorios incluidos.\" \/>\n<meta name=\"robots\" content=\"index, follow, max-snippet:-1, max-image-preview:large, max-video-preview:-1\" \/>\n<link rel=\"canonical\" href=\"https:\/\/srokacompany.com\/es\/produit\/easy-116-segunda-mano\/\" \/>\n<meta property=\"og:locale\" content=\"es_ES\" \/>\n<meta property=\"og:type\" content=\"article\" \/>\n<meta property=\"og:title\" content=\"Easy 11&#039;6 - Segunda mano - SROKA Company\" \/>\n<meta property=\"og:description\" content=\"Pala hinchable Easy 11&#039;6 de segunda mano: estable, ligera y f\u00e1cil de transportar. Ideal para principiantes o para traves\u00edas, a un precio reducido con accesorios incluidos.\" \/>\n<meta property=\"og:url\" content=\"https:\/\/srokacompany.com\/es\/produit\/easy-116-segunda-mano\/\" \/>\n<meta property=\"og:site_name\" content=\"SROKA Company\" \/>\n<meta property=\"article:publisher\" content=\"https:\/\/www.facebook.com\/srokawatersports\/\" \/>\n<meta property=\"article:modified_time\" content=\"2025-10-31T17:11:45+00:00\" \/>\n<meta property=\"og:image\" content=\"https:\/\/srokacompany.com\/wp-content\/uploads\/2023\/06\/easy-116-occasionIMG_20230608_143601-scaled-1.jpg\" \/>\n\t<meta property=\"og:image:width\" content=\"1536\" \/>\n\t<meta property=\"og:image:height\" content=\"2048\" \/>\n\t<meta property=\"og:image:type\" content=\"image\/jpeg\" \/>\n<meta name=\"twitter:label1\" content=\"Tiempo de lectura\" \/>\n\t<meta name=\"twitter:data1\" content=\"2 minutos\" \/>\n<script type=\"application\/ld+json\" class=\"yoast-schema-graph\">{\"@context\":\"https:\\\/\\\/schema.org\",\"@graph\":[{\"@type\":\"WebPage\",\"@id\":\"https:\\\/\\\/srokacompany.com\\\/es\\\/produit\\\/easy-116-segunda-mano\\\/\",\"url\":\"https:\\\/\\\/srokacompany.com\\\/es\\\/produit\\\/easy-116-segunda-mano\\\/\",\"name\":\"Easy 11'6 - Segunda mano - SROKA Company\",\"isPartOf\":{\"@id\":\"https:\\\/\\\/srokacompany.com\\\/es\\\/#website\"},\"primaryImageOfPage\":{\"@id\":\"https:\\\/\\\/srokacompany.com\\\/es\\\/produit\\\/easy-116-segunda-mano\\\/#primaryimage\"},\"image\":{\"@id\":\"https:\\\/\\\/srokacompany.com\\\/es\\\/produit\\\/easy-116-segunda-mano\\\/#primaryimage\"},\"thumbnailUrl\":\"https:\\\/\\\/srokacompany.com\\\/wp-content\\\/uploads\\\/2023\\\/06\\\/easy-116-occasionIMG_20230608_143601-scaled-1.jpg\",\"datePublished\":\"2023-06-08T15:07:21+00:00\",\"dateModified\":\"2025-10-31T17:11:45+00:00\",\"description\":\"Pala hinchable Easy 11'6 de segunda mano: estable, ligera y f\u00e1cil de transportar. Ideal para principiantes o para traves\u00edas, a un precio reducido con accesorios incluidos.\",\"breadcrumb\":{\"@id\":\"https:\\\/\\\/srokacompany.com\\\/es\\\/produit\\\/easy-116-segunda-mano\\\/#breadcrumb\"},\"inLanguage\":\"es\",\"potentialAction\":[{\"@type\":\"ReadAction\",\"target\":[\"https:\\\/\\\/srokacompany.com\\\/es\\\/produit\\\/easy-116-segunda-mano\\\/\"]}]},{\"@type\":\"ImageObject\",\"inLanguage\":\"es\",\"@id\":\"https:\\\/\\\/srokacompany.com\\\/es\\\/produit\\\/easy-116-segunda-mano\\\/#primaryimage\",\"url\":\"https:\\\/\\\/srokacompany.com\\\/wp-content\\\/uploads\\\/2023\\\/06\\\/easy-116-occasionIMG_20230608_143601-scaled-1.jpg\",\"contentUrl\":\"https:\\\/\\\/srokacompany.com\\\/wp-content\\\/uploads\\\/2023\\\/06\\\/easy-116-occasionIMG_20230608_143601-scaled-1.jpg\",\"width\":1536,\"height\":2048},{\"@type\":\"BreadcrumbList\",\"@id\":\"https:\\\/\\\/srokacompany.com\\\/es\\\/produit\\\/easy-116-segunda-mano\\\/#breadcrumb\",\"itemListElement\":[{\"@type\":\"ListItem\",\"position\":1,\"name\":\"Accueil\",\"item\":\"https:\\\/\\\/srokacompany.com\\\/es\\\/\"},{\"@type\":\"ListItem\",\"position\":2,\"name\":\"Tienda\",\"item\":\"https:\\\/\\\/srokacompany.com\\\/tienda\\\/\"},{\"@type\":\"ListItem\",\"position\":3,\"name\":\"Easy 11&rsquo;6 &#8211; Segunda mano\"}]},{\"@type\":\"WebSite\",\"@id\":\"https:\\\/\\\/srokacompany.com\\\/es\\\/#website\",\"url\":\"https:\\\/\\\/srokacompany.com\\\/es\\\/\",\"name\":\"SROKA Company\",\"description\":\"SUP, Kite, Foil, Wing\",\"publisher\":{\"@id\":\"https:\\\/\\\/srokacompany.com\\\/es\\\/#organization\"},\"potentialAction\":[{\"@type\":\"SearchAction\",\"target\":{\"@type\":\"EntryPoint\",\"urlTemplate\":\"https:\\\/\\\/srokacompany.com\\\/es\\\/?s={search_term_string}\"},\"query-input\":{\"@type\":\"PropertyValueSpecification\",\"valueRequired\":true,\"valueName\":\"search_term_string\"}}],\"inLanguage\":\"es\"},{\"@type\":\"Organization\",\"@id\":\"https:\\\/\\\/srokacompany.com\\\/es\\\/#organization\",\"name\":\"SROKACOMPANY\",\"alternateName\":\"SROKA\",\"url\":\"https:\\\/\\\/srokacompany.com\\\/es\\\/\",\"logo\":{\"@type\":\"ImageObject\",\"inLanguage\":\"es\",\"@id\":\"https:\\\/\\\/srokacompany.com\\\/es\\\/#\\\/schema\\\/logo\\\/image\\\/\",\"url\":\"https:\\\/\\\/srokacompany.com\\\/wp-content\\\/uploads\\\/2021\\\/01\\\/logo-sroka-black-transpa.png\",\"contentUrl\":\"https:\\\/\\\/srokacompany.com\\\/wp-content\\\/uploads\\\/2021\\\/01\\\/logo-sroka-black-transpa.png\",\"width\":1201,\"height\":342,\"caption\":\"SROKACOMPANY\"},\"image\":{\"@id\":\"https:\\\/\\\/srokacompany.com\\\/es\\\/#\\\/schema\\\/logo\\\/image\\\/\"},\"sameAs\":[\"https:\\\/\\\/www.facebook.com\\\/srokawatersports\\\/\",\"https:\\\/\\\/www.instagram.com\\\/srokawatersports\\\/\",\"https:\\\/\\\/www.youtube.com\\\/channel\\\/UCVLHHeaPIm-J5bdEUgxqtZA\"]}]}<\/script>\n<!-- \/ Yoast SEO plugin. -->","yoast_head_json":{"title":"Easy 11'6 - Segunda mano - SROKA Company","description":"Pala hinchable Easy 11'6 de segunda mano: estable, ligera y f\u00e1cil de transportar. Ideal para principiantes o para traves\u00edas, a un precio reducido con accesorios incluidos.","robots":{"index":"index","follow":"follow","max-snippet":"max-snippet:-1","max-image-preview":"max-image-preview:large","max-video-preview":"max-video-preview:-1"},"canonical":"https:\/\/srokacompany.com\/es\/produit\/easy-116-segunda-mano\/","og_locale":"es_ES","og_type":"article","og_title":"Easy 11'6 - Segunda mano - SROKA Company","og_description":"Pala hinchable Easy 11'6 de segunda mano: estable, ligera y f\u00e1cil de transportar. Ideal para principiantes o para traves\u00edas, a un precio reducido con accesorios incluidos.","og_url":"https:\/\/srokacompany.com\/es\/produit\/easy-116-segunda-mano\/","og_site_name":"SROKA Company","article_publisher":"https:\/\/www.facebook.com\/srokawatersports\/","article_modified_time":"2025-10-31T17:11:45+00:00","og_image":[{"width":1536,"height":2048,"url":"https:\/\/srokacompany.com\/wp-content\/uploads\/2023\/06\/easy-116-occasionIMG_20230608_143601-scaled-1.jpg","type":"image\/jpeg"}],"twitter_misc":{"Tiempo de lectura":"2 minutos"},"schema":{"@context":"https:\/\/schema.org","@graph":[{"@type":"WebPage","@id":"https:\/\/srokacompany.com\/es\/produit\/easy-116-segunda-mano\/","url":"https:\/\/srokacompany.com\/es\/produit\/easy-116-segunda-mano\/","name":"Easy 11'6 - Segunda mano - SROKA Company","isPartOf":{"@id":"https:\/\/srokacompany.com\/es\/#website"},"primaryImageOfPage":{"@id":"https:\/\/srokacompany.com\/es\/produit\/easy-116-segunda-mano\/#primaryimage"},"image":{"@id":"https:\/\/srokacompany.com\/es\/produit\/easy-116-segunda-mano\/#primaryimage"},"thumbnailUrl":"https:\/\/srokacompany.com\/wp-content\/uploads\/2023\/06\/easy-116-occasionIMG_20230608_143601-scaled-1.jpg","datePublished":"2023-06-08T15:07:21+00:00","dateModified":"2025-10-31T17:11:45+00:00","description":"Pala hinchable Easy 11'6 de segunda mano: estable, ligera y f\u00e1cil de transportar. Ideal para principiantes o para traves\u00edas, a un precio reducido con accesorios incluidos.","breadcrumb":{"@id":"https:\/\/srokacompany.com\/es\/produit\/easy-116-segunda-mano\/#breadcrumb"},"inLanguage":"es","potentialAction":[{"@type":"ReadAction","target":["https:\/\/srokacompany.com\/es\/produit\/easy-116-segunda-mano\/"]}]},{"@type":"ImageObject","inLanguage":"es","@id":"https:\/\/srokacompany.com\/es\/produit\/easy-116-segunda-mano\/#primaryimage","url":"https:\/\/srokacompany.com\/wp-content\/uploads\/2023\/06\/easy-116-occasionIMG_20230608_143601-scaled-1.jpg","contentUrl":"https:\/\/srokacompany.com\/wp-content\/uploads\/2023\/06\/easy-116-occasionIMG_20230608_143601-scaled-1.jpg","width":1536,"height":2048},{"@type":"BreadcrumbList","@id":"https:\/\/srokacompany.com\/es\/produit\/easy-116-segunda-mano\/#breadcrumb","itemListElement":[{"@type":"ListItem","position":1,"name":"Accueil","item":"https:\/\/srokacompany.com\/es\/"},{"@type":"ListItem","position":2,"name":"Tienda","item":"https:\/\/srokacompany.com\/tienda\/"},{"@type":"ListItem","position":3,"name":"Easy 11&rsquo;6 &#8211; Segunda mano"}]},{"@type":"WebSite","@id":"https:\/\/srokacompany.com\/es\/#website","url":"https:\/\/srokacompany.com\/es\/","name":"SROKA Company","description":"SUP, Kite, Foil, Wing","publisher":{"@id":"https:\/\/srokacompany.com\/es\/#organization"},"potentialAction":[{"@type":"SearchAction","target":{"@type":"EntryPoint","urlTemplate":"https:\/\/srokacompany.com\/es\/?s={search_term_string}"},"query-input":{"@type":"PropertyValueSpecification","valueRequired":true,"valueName":"search_term_string"}}],"inLanguage":"es"},{"@type":"Organization","@id":"https:\/\/srokacompany.com\/es\/#organization","name":"SROKACOMPANY","alternateName":"SROKA","url":"https:\/\/srokacompany.com\/es\/","logo":{"@type":"ImageObject","inLanguage":"es","@id":"https:\/\/srokacompany.com\/es\/#\/schema\/logo\/image\/","url":"https:\/\/srokacompany.com\/wp-content\/uploads\/2021\/01\/logo-sroka-black-transpa.png","contentUrl":"https:\/\/srokacompany.com\/wp-content\/uploads\/2021\/01\/logo-sroka-black-transpa.png","width":1201,"height":342,"caption":"SROKACOMPANY"},"image":{"@id":"https:\/\/srokacompany.com\/es\/#\/schema\/logo\/image\/"},"sameAs":["https:\/\/www.facebook.com\/srokawatersports\/","https:\/\/www.instagram.com\/srokawatersports\/","https:\/\/www.youtube.com\/channel\/UCVLHHeaPIm-J5bdEUgxqtZA"]}]}},"uagb_featured_image_src":{"full":["https:\/\/srokacompany.com\/wp-content\/uploads\/2023\/06\/easy-116-occasionIMG_20230608_143601-scaled-1.jpg",1536,2048,false],"thumbnail":["https:\/\/srokacompany.com\/wp-content\/uploads\/2023\/06\/easy-116-occasionIMG_20230608_143601-scaled-1-150x150.jpg",150,150,true],"medium":["https:\/\/srokacompany.com\/wp-content\/uploads\/2023\/06\/easy-116-occasionIMG_20230608_143601-scaled-1-225x300.jpg",225,300,true],"medium_large":["https:\/\/srokacompany.com\/wp-content\/uploads\/2023\/06\/easy-116-occasionIMG_20230608_143601-scaled-1-768x1024.jpg",768,1024,true],"large":["https:\/\/srokacompany.com\/wp-content\/uploads\/2023\/06\/easy-116-occasionIMG_20230608_143601-scaled-1-768x1024.jpg",768,1024,true],"1536x1536":["https:\/\/srokacompany.com\/wp-content\/uploads\/2023\/06\/easy-116-occasionIMG_20230608_143601-scaled-1-1152x1536.jpg",1152,1536,true],"2048x2048":["https:\/\/srokacompany.com\/wp-content\/uploads\/2023\/06\/easy-116-occasionIMG_20230608_143601-scaled-1.jpg",1536,2048,false],"woocommerce_thumbnail":["https:\/\/srokacompany.com\/wp-content\/uploads\/2023\/06\/easy-116-occasionIMG_20230608_143601-scaled-1-600x800.jpg",600,800,true],"woocommerce_single":["https:\/\/srokacompany.com\/wp-content\/uploads\/2023\/06\/easy-116-occasionIMG_20230608_143601-scaled-1-600x800.jpg",600,800,true],"woocommerce_gallery_thumbnail":["https:\/\/srokacompany.com\/wp-content\/uploads\/2023\/06\/easy-116-occasionIMG_20230608_143601-scaled-1-100x100.jpg",100,100,true],"dgwt-wcas-product-suggestion":["https:\/\/srokacompany.com\/wp-content\/uploads\/2023\/06\/easy-116-occasionIMG_20230608_143601-scaled-1.jpg",64,85,false]},"uagb_author_info":{"display_name":"Emmanuel DIJOUX","author_link":"https:\/\/srokacompany.com\/es\/blog\/author\/"},"uagb_comment_info":0,"uagb_excerpt":"Pack completo Easy 11'6","jetpack_sharing_enabled":true,"_links":{"self":[{"href":"https:\/\/srokacompany.com\/es\/wp-json\/wp\/v2\/product\/343815","targetHints":{"allow":["GET"]}}],"collection":[{"href":"https:\/\/srokacompany.com\/es\/wp-json\/wp\/v2\/product"}],"about":[{"href":"https:\/\/srokacompany.com\/es\/wp-json\/wp\/v2\/types\/product"}],"wp:featuredmedia":[{"embeddable":true,"href":"https:\/\/srokacompany.com\/es\/wp-json\/wp\/v2\/media\/343820"}],"wp:attachment":[{"href":"https:\/\/srokacompany.com\/es\/wp-json\/wp\/v2\/media?parent=343815"}],"wp:term":[{"taxonomy":"product_brand","embeddable":true,"href":"https:\/\/srokacompany.com\/es\/wp-json\/wp\/v2\/product_brand?post=343815"},{"taxonomy":"product_cat","embeddable":true,"href":"https:\/\/srokacompany.com\/es\/wp-json\/wp\/v2\/product_cat?post=343815"},{"taxonomy":"product_tag","embeddable":true,"href":"https:\/\/srokacompany.com\/es\/wp-json\/wp\/v2\/product_tag?post=343815"}],"curies":[{"name":"wp","href":"https:\/\/api.w.org\/{rel}","templated":true}]}}