{"id":343828,"date":"2023-07-18T10:01:33","date_gmt":"2023-07-18T10:01:33","guid":{"rendered":"https:\/\/srokacompany.com\/produit\/aleron-delantero-de-foil-950-control\/"},"modified":"2025-11-25T11:06:02","modified_gmt":"2025-11-25T09:06:02","slug":"aleron-delantero-de-foil-950-control","status":"publish","type":"product","link":"https:\/\/srokacompany.com\/es\/produit\/aleron-delantero-de-foil-950-control\/","title":{"rendered":"950 Control- Aleta delantera Foil Freeride"},"content":{"rendered":"<p>La cometa frontal <b>950 Control<\/b> es el equilibrio perfecto entre <b>sustentaci\u00f3n, estabilidad y maniobrabilidad<\/b> dentro de la gama Control de SROKA. Est\u00e1 dise\u00f1ada para riders que buscan una cometa <b>vers\u00e1til y f\u00e1cil de manejar<\/b> que pueda dominar el freeride en un amplio rango de condiciones de viento. <\/p>\n<h3>Despegue r\u00e1pido y control intuitivo<\/h3>\n<p>El  <b>950 Control<\/b> es un ala <b> plug-and-play<\/b> dise\u00f1ada para la simplicidad, con un enfoque en el rendimiento accesible: <\/p>\n<ul>\n<li><b>Despegue f\u00e1cil:<\/b> su superficie y perfil optimizados le permiten despegar a partir de <b>13 nudos<\/b> para un tama\u00f1o medio, lo que le garantiza volar incluso con vientos flojos.<\/li>\n<li><b>Estabilidad a toda prueba:<\/b> Ofrece <b>un control absoluto<\/b> y una gran estabilidad en todas las condiciones, incluidos vientos fuertes y mar picado.<\/li>\n<li><b>Tallado preciso:<\/b> Dise\u00f1ado para deslizarse suavemente, permite <b>tallar curvas con precisi\u00f3n<\/b> y enlazar maniobras (trasluchadas, giros) con notable facilidad.<\/li>\n<\/ul>\n<h3>Programa objetivo<\/h3>\n<p>El  <b>950 Control<\/b> es la aleta perfecta para :<\/p>\n<ul>\n<li><b>Wingfoil Freeride:<\/b> Ofrece una experiencia de conducci\u00f3n sencilla, fluida y de alto rendimiento, apta para todos los niveles.<\/li>\n<li><b>Surf foil<\/b>: Permite giros m\u00e1s radicales que las alas de alta relaci\u00f3n de aspecto, ideal para surfear olas <b>reactivas<\/b>.<\/li>\n<li><b>Kitefoil &amp; SUP Foil:<\/b> Una opci\u00f3n vers\u00e1til y f\u00e1cil de usar para estas disciplinas, que ofrece una excelente sustentaci\u00f3n.<\/li>\n<\/ul>\n<p>Es una elecci\u00f3n ideal para pilotos <b>de talla media<\/b> que desean un ala de alto rendimiento, pero sin el tecnicismo extremo de un perfil \u00abSpeed\u00bb.<\/p>\n","protected":false},"excerpt":{"rendered":"<p><b>Ala delantera 950 Control:<\/b> El ala Foil <b>todoterreno<\/b> para <b>despegues f\u00e1ciles<\/b> y <b>freeride estable<\/b>. Garantiza <b>un planeo y un control excepcionales<\/b> en todas las condiciones, con despegue a partir de <b>13 nudos<\/b>. Es ideal para pilotos de ala <b>media<\/b> y aficionados al carving sencillo y de alto rendimiento.  <\/p>\n","protected":false},"featured_media":343834,"template":"","meta":{"_acf_changed":false,"_uag_custom_page_level_css":""},"product_brand":[],"product_cat":[3446,3425,3603,4192,3424,4260],"product_tag":[3427,3426],"class_list":{"0":"post-343828","1":"product","2":"type-product","3":"status-publish","4":"has-post-thumbnail","6":"product_cat-ailette-surf-foil-es","7":"product_cat-aletas-foil","8":"product_cat-promos-es","9":"product_cat-saldo-wing-foil","10":"product_cat-todas-nuestras-palas-de-control","11":"product_cat-viernes-negro","12":"product_tag-ingenioso","13":"product_tag-principiante","14":"product_shipping_class-foil-unidad-completa-o-piezas-alas","16":"first","17":"instock","18":"sale","19":"taxable","20":"shipping-taxable","21":"purchasable","22":"product-type-simple"},"acf":[],"yoast_head":"<!-- This site is optimized with the Yoast SEO plugin v27.4 - https:\/\/yoast.com\/product\/yoast-seo-wordpress\/ -->\n<title>Guardabarros delantero Sroka 950 Control | SROKA Company<\/title>\n<meta name=\"description\" content=\"Toma el control al 100% de tu foil con el ala delantera Sroka 950 Control, un ala vers\u00e1til y de alto rendimiento para freeride y wingfoil surfing.\" \/>\n<meta name=\"robots\" content=\"index, follow, max-snippet:-1, max-image-preview:large, max-video-preview:-1\" \/>\n<link rel=\"canonical\" href=\"https:\/\/srokacompany.com\/es\/produit\/aleron-delantero-de-foil-950-control\/\" \/>\n<meta property=\"og:locale\" content=\"es_ES\" \/>\n<meta property=\"og:type\" content=\"article\" \/>\n<meta property=\"og:title\" content=\"Guardabarros delantero Sroka 950 Control | SROKA Company\" \/>\n<meta property=\"og:description\" content=\"Toma el control al 100% de tu foil con el ala delantera Sroka 950 Control, un ala vers\u00e1til y de alto rendimiento para freeride y wingfoil surfing.\" \/>\n<meta property=\"og:url\" content=\"https:\/\/srokacompany.com\/es\/produit\/aleron-delantero-de-foil-950-control\/\" \/>\n<meta property=\"og:site_name\" content=\"SROKA Company\" \/>\n<meta property=\"article:publisher\" content=\"https:\/\/www.facebook.com\/srokawatersports\/\" \/>\n<meta property=\"article:modified_time\" content=\"2025-11-25T09:06:02+00:00\" \/>\n<meta property=\"og:image\" content=\"https:\/\/srokacompany.com\/wp-content\/uploads\/2023\/07\/950-front-control.jpg\" \/>\n\t<meta property=\"og:image:width\" content=\"1480\" \/>\n\t<meta property=\"og:image:height\" content=\"2160\" \/>\n\t<meta property=\"og:image:type\" content=\"image\/jpeg\" \/>\n<meta name=\"twitter:label1\" content=\"Tiempo de lectura\" \/>\n\t<meta name=\"twitter:data1\" content=\"1 minuto\" \/>\n<script type=\"application\/ld+json\" class=\"yoast-schema-graph\">{\"@context\":\"https:\\\/\\\/schema.org\",\"@graph\":[{\"@type\":\"WebPage\",\"@id\":\"https:\\\/\\\/srokacompany.com\\\/es\\\/produit\\\/aleron-delantero-de-foil-950-control\\\/\",\"url\":\"https:\\\/\\\/srokacompany.com\\\/es\\\/produit\\\/aleron-delantero-de-foil-950-control\\\/\",\"name\":\"Guardabarros delantero Sroka 950 Control | SROKA Company\",\"isPartOf\":{\"@id\":\"https:\\\/\\\/srokacompany.com\\\/es\\\/#website\"},\"primaryImageOfPage\":{\"@id\":\"https:\\\/\\\/srokacompany.com\\\/es\\\/produit\\\/aleron-delantero-de-foil-950-control\\\/#primaryimage\"},\"image\":{\"@id\":\"https:\\\/\\\/srokacompany.com\\\/es\\\/produit\\\/aleron-delantero-de-foil-950-control\\\/#primaryimage\"},\"thumbnailUrl\":\"https:\\\/\\\/srokacompany.com\\\/wp-content\\\/uploads\\\/2023\\\/07\\\/950-front-control.jpg\",\"datePublished\":\"2023-07-18T10:01:33+00:00\",\"dateModified\":\"2025-11-25T09:06:02+00:00\",\"description\":\"Toma el control al 100% de tu foil con el ala delantera Sroka 950 Control, un ala vers\u00e1til y de alto rendimiento para freeride y wingfoil surfing.\",\"breadcrumb\":{\"@id\":\"https:\\\/\\\/srokacompany.com\\\/es\\\/produit\\\/aleron-delantero-de-foil-950-control\\\/#breadcrumb\"},\"inLanguage\":\"es\",\"potentialAction\":[{\"@type\":\"ReadAction\",\"target\":[\"https:\\\/\\\/srokacompany.com\\\/es\\\/produit\\\/aleron-delantero-de-foil-950-control\\\/\"]}]},{\"@type\":\"ImageObject\",\"inLanguage\":\"es\",\"@id\":\"https:\\\/\\\/srokacompany.com\\\/es\\\/produit\\\/aleron-delantero-de-foil-950-control\\\/#primaryimage\",\"url\":\"https:\\\/\\\/srokacompany.com\\\/wp-content\\\/uploads\\\/2023\\\/07\\\/950-front-control.jpg\",\"contentUrl\":\"https:\\\/\\\/srokacompany.com\\\/wp-content\\\/uploads\\\/2023\\\/07\\\/950-front-control.jpg\",\"width\":1480,\"height\":2160},{\"@type\":\"BreadcrumbList\",\"@id\":\"https:\\\/\\\/srokacompany.com\\\/es\\\/produit\\\/aleron-delantero-de-foil-950-control\\\/#breadcrumb\",\"itemListElement\":[{\"@type\":\"ListItem\",\"position\":1,\"name\":\"Accueil\",\"item\":\"https:\\\/\\\/srokacompany.com\\\/es\\\/\"},{\"@type\":\"ListItem\",\"position\":2,\"name\":\"Tienda\",\"item\":\"https:\\\/\\\/srokacompany.com\\\/tienda\\\/\"},{\"@type\":\"ListItem\",\"position\":3,\"name\":\"950 Control- Aleta delantera Foil Freeride\"}]},{\"@type\":\"WebSite\",\"@id\":\"https:\\\/\\\/srokacompany.com\\\/es\\\/#website\",\"url\":\"https:\\\/\\\/srokacompany.com\\\/es\\\/\",\"name\":\"SROKA Company\",\"description\":\"SUP, Kite, Foil, Wing\",\"publisher\":{\"@id\":\"https:\\\/\\\/srokacompany.com\\\/es\\\/#organization\"},\"potentialAction\":[{\"@type\":\"SearchAction\",\"target\":{\"@type\":\"EntryPoint\",\"urlTemplate\":\"https:\\\/\\\/srokacompany.com\\\/es\\\/?s={search_term_string}\"},\"query-input\":{\"@type\":\"PropertyValueSpecification\",\"valueRequired\":true,\"valueName\":\"search_term_string\"}}],\"inLanguage\":\"es\"},{\"@type\":\"Organization\",\"@id\":\"https:\\\/\\\/srokacompany.com\\\/es\\\/#organization\",\"name\":\"SROKACOMPANY\",\"alternateName\":\"SROKA\",\"url\":\"https:\\\/\\\/srokacompany.com\\\/es\\\/\",\"logo\":{\"@type\":\"ImageObject\",\"inLanguage\":\"es\",\"@id\":\"https:\\\/\\\/srokacompany.com\\\/es\\\/#\\\/schema\\\/logo\\\/image\\\/\",\"url\":\"https:\\\/\\\/srokacompany.com\\\/wp-content\\\/uploads\\\/2021\\\/01\\\/logo-sroka-black-transpa.png\",\"contentUrl\":\"https:\\\/\\\/srokacompany.com\\\/wp-content\\\/uploads\\\/2021\\\/01\\\/logo-sroka-black-transpa.png\",\"width\":1201,\"height\":342,\"caption\":\"SROKACOMPANY\"},\"image\":{\"@id\":\"https:\\\/\\\/srokacompany.com\\\/es\\\/#\\\/schema\\\/logo\\\/image\\\/\"},\"sameAs\":[\"https:\\\/\\\/www.facebook.com\\\/srokawatersports\\\/\",\"https:\\\/\\\/www.instagram.com\\\/srokawatersports\\\/\",\"https:\\\/\\\/www.youtube.com\\\/channel\\\/UCVLHHeaPIm-J5bdEUgxqtZA\"]}]}<\/script>\n<!-- \/ Yoast SEO plugin. -->","yoast_head_json":{"title":"Guardabarros delantero Sroka 950 Control | SROKA Company","description":"Toma el control al 100% de tu foil con el ala delantera Sroka 950 Control, un ala vers\u00e1til y de alto rendimiento para freeride y wingfoil surfing.","robots":{"index":"index","follow":"follow","max-snippet":"max-snippet:-1","max-image-preview":"max-image-preview:large","max-video-preview":"max-video-preview:-1"},"canonical":"https:\/\/srokacompany.com\/es\/produit\/aleron-delantero-de-foil-950-control\/","og_locale":"es_ES","og_type":"article","og_title":"Guardabarros delantero Sroka 950 Control | SROKA Company","og_description":"Toma el control al 100% de tu foil con el ala delantera Sroka 950 Control, un ala vers\u00e1til y de alto rendimiento para freeride y wingfoil surfing.","og_url":"https:\/\/srokacompany.com\/es\/produit\/aleron-delantero-de-foil-950-control\/","og_site_name":"SROKA Company","article_publisher":"https:\/\/www.facebook.com\/srokawatersports\/","article_modified_time":"2025-11-25T09:06:02+00:00","og_image":[{"width":1480,"height":2160,"url":"https:\/\/srokacompany.com\/wp-content\/uploads\/2023\/07\/950-front-control.jpg","type":"image\/jpeg"}],"twitter_misc":{"Tiempo de lectura":"1 minuto"},"schema":{"@context":"https:\/\/schema.org","@graph":[{"@type":"WebPage","@id":"https:\/\/srokacompany.com\/es\/produit\/aleron-delantero-de-foil-950-control\/","url":"https:\/\/srokacompany.com\/es\/produit\/aleron-delantero-de-foil-950-control\/","name":"Guardabarros delantero Sroka 950 Control | SROKA Company","isPartOf":{"@id":"https:\/\/srokacompany.com\/es\/#website"},"primaryImageOfPage":{"@id":"https:\/\/srokacompany.com\/es\/produit\/aleron-delantero-de-foil-950-control\/#primaryimage"},"image":{"@id":"https:\/\/srokacompany.com\/es\/produit\/aleron-delantero-de-foil-950-control\/#primaryimage"},"thumbnailUrl":"https:\/\/srokacompany.com\/wp-content\/uploads\/2023\/07\/950-front-control.jpg","datePublished":"2023-07-18T10:01:33+00:00","dateModified":"2025-11-25T09:06:02+00:00","description":"Toma el control al 100% de tu foil con el ala delantera Sroka 950 Control, un ala vers\u00e1til y de alto rendimiento para freeride y wingfoil surfing.","breadcrumb":{"@id":"https:\/\/srokacompany.com\/es\/produit\/aleron-delantero-de-foil-950-control\/#breadcrumb"},"inLanguage":"es","potentialAction":[{"@type":"ReadAction","target":["https:\/\/srokacompany.com\/es\/produit\/aleron-delantero-de-foil-950-control\/"]}]},{"@type":"ImageObject","inLanguage":"es","@id":"https:\/\/srokacompany.com\/es\/produit\/aleron-delantero-de-foil-950-control\/#primaryimage","url":"https:\/\/srokacompany.com\/wp-content\/uploads\/2023\/07\/950-front-control.jpg","contentUrl":"https:\/\/srokacompany.com\/wp-content\/uploads\/2023\/07\/950-front-control.jpg","width":1480,"height":2160},{"@type":"BreadcrumbList","@id":"https:\/\/srokacompany.com\/es\/produit\/aleron-delantero-de-foil-950-control\/#breadcrumb","itemListElement":[{"@type":"ListItem","position":1,"name":"Accueil","item":"https:\/\/srokacompany.com\/es\/"},{"@type":"ListItem","position":2,"name":"Tienda","item":"https:\/\/srokacompany.com\/tienda\/"},{"@type":"ListItem","position":3,"name":"950 Control- Aleta delantera Foil Freeride"}]},{"@type":"WebSite","@id":"https:\/\/srokacompany.com\/es\/#website","url":"https:\/\/srokacompany.com\/es\/","name":"SROKA Company","description":"SUP, Kite, Foil, Wing","publisher":{"@id":"https:\/\/srokacompany.com\/es\/#organization"},"potentialAction":[{"@type":"SearchAction","target":{"@type":"EntryPoint","urlTemplate":"https:\/\/srokacompany.com\/es\/?s={search_term_string}"},"query-input":{"@type":"PropertyValueSpecification","valueRequired":true,"valueName":"search_term_string"}}],"inLanguage":"es"},{"@type":"Organization","@id":"https:\/\/srokacompany.com\/es\/#organization","name":"SROKACOMPANY","alternateName":"SROKA","url":"https:\/\/srokacompany.com\/es\/","logo":{"@type":"ImageObject","inLanguage":"es","@id":"https:\/\/srokacompany.com\/es\/#\/schema\/logo\/image\/","url":"https:\/\/srokacompany.com\/wp-content\/uploads\/2021\/01\/logo-sroka-black-transpa.png","contentUrl":"https:\/\/srokacompany.com\/wp-content\/uploads\/2021\/01\/logo-sroka-black-transpa.png","width":1201,"height":342,"caption":"SROKACOMPANY"},"image":{"@id":"https:\/\/srokacompany.com\/es\/#\/schema\/logo\/image\/"},"sameAs":["https:\/\/www.facebook.com\/srokawatersports\/","https:\/\/www.instagram.com\/srokawatersports\/","https:\/\/www.youtube.com\/channel\/UCVLHHeaPIm-J5bdEUgxqtZA"]}]}},"uagb_featured_image_src":{"full":["https:\/\/srokacompany.com\/wp-content\/uploads\/2023\/07\/950-front-control.jpg",1480,2160,false],"thumbnail":["https:\/\/srokacompany.com\/wp-content\/uploads\/2023\/07\/950-front-control-150x150.jpg",150,150,true],"medium":["https:\/\/srokacompany.com\/wp-content\/uploads\/2023\/07\/950-front-control-206x300.jpg",206,300,true],"medium_large":["https:\/\/srokacompany.com\/wp-content\/uploads\/2023\/07\/950-front-control-768x1121.jpg",768,1121,true],"large":["https:\/\/srokacompany.com\/wp-content\/uploads\/2023\/07\/950-front-control-702x1024.jpg",702,1024,true],"1536x1536":["https:\/\/srokacompany.com\/wp-content\/uploads\/2023\/07\/950-front-control-1052x1536.jpg",1052,1536,true],"2048x2048":["https:\/\/srokacompany.com\/wp-content\/uploads\/2023\/07\/950-front-control-1403x2048.jpg",1403,2048,true],"woocommerce_thumbnail":["https:\/\/srokacompany.com\/wp-content\/uploads\/2023\/07\/950-front-control-600x876.jpg",600,876,true],"woocommerce_single":["https:\/\/srokacompany.com\/wp-content\/uploads\/2023\/07\/950-front-control-600x876.jpg",600,876,true],"woocommerce_gallery_thumbnail":["https:\/\/srokacompany.com\/wp-content\/uploads\/2023\/07\/950-front-control-100x100.jpg",100,100,true],"dgwt-wcas-product-suggestion":["https:\/\/srokacompany.com\/wp-content\/uploads\/2023\/07\/950-front-control.jpg",64,93,false]},"uagb_author_info":{"display_name":"Emmanuel DIJOUX","author_link":"https:\/\/srokacompany.com\/es\/blog\/author\/"},"uagb_comment_info":0,"uagb_excerpt":"Ala delantera 950 Control: El ala Foil todoterreno para despegues f\u00e1ciles y freeride estable. Garantiza un planeo y un control excepcionales en todas las condiciones, con despegue a partir de 13 nudos. Es ideal para pilotos de ala media y aficionados al carving sencillo y de alto rendimiento.","jetpack_sharing_enabled":true,"_links":{"self":[{"href":"https:\/\/srokacompany.com\/es\/wp-json\/wp\/v2\/product\/343828","targetHints":{"allow":["GET"]}}],"collection":[{"href":"https:\/\/srokacompany.com\/es\/wp-json\/wp\/v2\/product"}],"about":[{"href":"https:\/\/srokacompany.com\/es\/wp-json\/wp\/v2\/types\/product"}],"wp:featuredmedia":[{"embeddable":true,"href":"https:\/\/srokacompany.com\/es\/wp-json\/wp\/v2\/media\/343834"}],"wp:attachment":[{"href":"https:\/\/srokacompany.com\/es\/wp-json\/wp\/v2\/media?parent=343828"}],"wp:term":[{"taxonomy":"product_brand","embeddable":true,"href":"https:\/\/srokacompany.com\/es\/wp-json\/wp\/v2\/product_brand?post=343828"},{"taxonomy":"product_cat","embeddable":true,"href":"https:\/\/srokacompany.com\/es\/wp-json\/wp\/v2\/product_cat?post=343828"},{"taxonomy":"product_tag","embeddable":true,"href":"https:\/\/srokacompany.com\/es\/wp-json\/wp\/v2\/product_tag?post=343828"}],"curies":[{"name":"wp","href":"https:\/\/api.w.org\/{rel}","templated":true}]}}