{"id":343838,"date":"2023-07-24T14:18:17","date_gmt":"2023-07-24T14:18:17","guid":{"rendered":"https:\/\/srokacompany.com\/produit\/aleron-delantero-high-aspect-670-s-ha\/"},"modified":"2025-11-25T11:04:55","modified_gmt":"2025-11-25T09:04:55","slug":"aleron-delantero-high-aspect-670-s-ha","status":"publish","type":"product","link":"https:\/\/srokacompany.com\/es\/produit\/aleron-delantero-high-aspect-670-s-ha\/","title":{"rendered":"Aler\u00f3n delantero High Aspect 670 S HA"},"content":{"rendered":"<hr>\n<h4>El compromiso ideal: rendimiento sin esfuerzo<\/h4>\n<p>Si buscas combinar una alta velocidad punta con un despegue sin esfuerzo, el<b>aler\u00f3n delantero High Aspect 670 S HA<\/b> es la herramienta para ti. Se ha dise\u00f1ado como la configuraci\u00f3n ideal para ir r\u00e1pido, ofreciendo un compromiso inigualable entre <b>rendimiento extremo<\/b> y <b>facilidad de uso<\/b>. <\/p>\n<p>Gracias a su perfil optimizado, puedes conseguir volar con una velocidad horizontal m\u00ednima. Para un piloto medio, estar\u00e1s en el aire con el Wingfoil a partir de <b>13 nudos<\/b>, lo que demuestra su excelente potencia a baja altura. <\/p>\n<p>&nbsp;<\/p>\n<h4>M\u00e1xima velocidad y versatilidad<\/h4>\n<p>Una vez en el aire, el<b>ala delantera High Aspect 670 S HA<\/b> te impulsa a velocidades impresionantes, <b>cercanas a los 30 nudos<\/b>.<\/p>\n<ul>\n<li><b>Velocidad y competici\u00f3n:<\/b> Su perfil delgado y su construcci\u00f3n <b>100% en carbono HM<\/b> garantizan una resistencia m\u00ednima, lo que te da ventaja en el agua, ya sea en una competici\u00f3n de <b>Kitefoil<\/b> o durante sesiones extremas <b>de Tow-in<\/b>.<\/li>\n<li><b>Manejo en<\/b> <b>Freestyle<\/b><b>:<\/b> A pesar de su orientaci\u00f3n a la velocidad, el ala conserva una gran maniobrabilidad y una fuerte aceleraci\u00f3n, lo que es esencial para propulsar tus saltos y trucos en <b>Wingfoil Freestyle<\/b>.<\/li>\n<\/ul>\n<p>El<b>aler\u00f3n delantero High Aspect 670 S HA<\/b> te da el control y la confianza para superar tus l\u00edmites en el agua, sin comprometer nunca la diversi\u00f3n de un despegue temprano.<\/p>\n","protected":false},"excerpt":{"rendered":"<p><b>Vela SROKA HA 670 S:<\/b> El mejor compromiso entre <b>velocidad y accesibilidad<\/b>. Alcanza los <b>30 nudos<\/b> en <b>Kitefoil<\/b> y <b>Wingfoil<\/b> gracias a su perfil Race. Despegue ultra f\u00e1cil (a partir de 13 nudos) y m\u00e1xima estabilidad, ideal tambi\u00e9n para <b>Tow-in<\/b> y <strong>Freestyle<\/strong>.  <\/p>\n","protected":false},"featured_media":343839,"template":"","meta":{"_acf_changed":false,"_uag_custom_page_level_css":""},"product_brand":[],"product_cat":[3425,3470],"product_tag":[3429,3450,3427],"class_list":{"0":"post-343838","1":"product","2":"type-product","3":"status-publish","4":"has-post-thumbnail","6":"product_cat-aletas-foil","7":"product_cat-todas-nuestras-cuchillas-de-alto-aspecto","8":"product_tag-avanzado","9":"product_tag-experto","10":"product_tag-ingenioso","11":"product_shipping_class-foil-unidad-completa-o-piezas-alas","13":"first","14":"instock","15":"taxable","16":"shipping-taxable","17":"purchasable","18":"product-type-simple"},"acf":[],"yoast_head":"<!-- This site is optimized with the Yoast SEO plugin v27.4 - https:\/\/yoast.com\/product\/yoast-seo-wordpress\/ -->\n<title>Aler\u00f3n delantero High Aspect 670 S HA - SROKA Company<\/title>\n<meta name=\"description\" content=\"Descubre la velocidad y la potencia del aler\u00f3n delantero High Aspect 670 S HA. Un ala f\u00e1cil pero muy r\u00e1pida. \u00a1Supera a todos los dem\u00e1s a toda velocidad!\" \/>\n<meta name=\"robots\" content=\"index, follow, max-snippet:-1, max-image-preview:large, max-video-preview:-1\" \/>\n<link rel=\"canonical\" href=\"https:\/\/srokacompany.com\/es\/produit\/aleron-delantero-high-aspect-670-s-ha\/\" \/>\n<meta property=\"og:locale\" content=\"es_ES\" \/>\n<meta property=\"og:type\" content=\"article\" \/>\n<meta property=\"og:title\" content=\"Aler\u00f3n delantero High Aspect 670 S HA - SROKA Company\" \/>\n<meta property=\"og:description\" content=\"Descubre la velocidad y la potencia del aler\u00f3n delantero High Aspect 670 S HA. Un ala f\u00e1cil pero muy r\u00e1pida. \u00a1Supera a todos los dem\u00e1s a toda velocidad!\" \/>\n<meta property=\"og:url\" content=\"https:\/\/srokacompany.com\/es\/produit\/aleron-delantero-high-aspect-670-s-ha\/\" \/>\n<meta property=\"og:site_name\" content=\"SROKA Company\" \/>\n<meta property=\"article:publisher\" content=\"https:\/\/www.facebook.com\/srokawatersports\/\" \/>\n<meta property=\"article:modified_time\" content=\"2025-11-25T09:04:55+00:00\" \/>\n<meta property=\"og:image\" content=\"https:\/\/srokacompany.com\/wp-content\/uploads\/2023\/07\/670-HA.jpg\" \/>\n\t<meta property=\"og:image:width\" content=\"1200\" \/>\n\t<meta property=\"og:image:height\" content=\"912\" \/>\n\t<meta property=\"og:image:type\" content=\"image\/jpeg\" \/>\n<meta name=\"twitter:label1\" content=\"Tiempo de lectura\" \/>\n\t<meta name=\"twitter:data1\" content=\"1 minuto\" \/>\n<script type=\"application\/ld+json\" class=\"yoast-schema-graph\">{\"@context\":\"https:\\\/\\\/schema.org\",\"@graph\":[{\"@type\":\"WebPage\",\"@id\":\"https:\\\/\\\/srokacompany.com\\\/es\\\/produit\\\/aleron-delantero-high-aspect-670-s-ha\\\/\",\"url\":\"https:\\\/\\\/srokacompany.com\\\/es\\\/produit\\\/aleron-delantero-high-aspect-670-s-ha\\\/\",\"name\":\"Aler\u00f3n delantero High Aspect 670 S HA - SROKA Company\",\"isPartOf\":{\"@id\":\"https:\\\/\\\/srokacompany.com\\\/es\\\/#website\"},\"primaryImageOfPage\":{\"@id\":\"https:\\\/\\\/srokacompany.com\\\/es\\\/produit\\\/aleron-delantero-high-aspect-670-s-ha\\\/#primaryimage\"},\"image\":{\"@id\":\"https:\\\/\\\/srokacompany.com\\\/es\\\/produit\\\/aleron-delantero-high-aspect-670-s-ha\\\/#primaryimage\"},\"thumbnailUrl\":\"https:\\\/\\\/srokacompany.com\\\/wp-content\\\/uploads\\\/2023\\\/07\\\/670-HA.jpg\",\"datePublished\":\"2023-07-24T14:18:17+00:00\",\"dateModified\":\"2025-11-25T09:04:55+00:00\",\"description\":\"Descubre la velocidad y la potencia del aler\u00f3n delantero High Aspect 670 S HA. Un ala f\u00e1cil pero muy r\u00e1pida. \u00a1Supera a todos los dem\u00e1s a toda velocidad!\",\"breadcrumb\":{\"@id\":\"https:\\\/\\\/srokacompany.com\\\/es\\\/produit\\\/aleron-delantero-high-aspect-670-s-ha\\\/#breadcrumb\"},\"inLanguage\":\"es\",\"potentialAction\":[{\"@type\":\"ReadAction\",\"target\":[\"https:\\\/\\\/srokacompany.com\\\/es\\\/produit\\\/aleron-delantero-high-aspect-670-s-ha\\\/\"]}]},{\"@type\":\"ImageObject\",\"inLanguage\":\"es\",\"@id\":\"https:\\\/\\\/srokacompany.com\\\/es\\\/produit\\\/aleron-delantero-high-aspect-670-s-ha\\\/#primaryimage\",\"url\":\"https:\\\/\\\/srokacompany.com\\\/wp-content\\\/uploads\\\/2023\\\/07\\\/670-HA.jpg\",\"contentUrl\":\"https:\\\/\\\/srokacompany.com\\\/wp-content\\\/uploads\\\/2023\\\/07\\\/670-HA.jpg\",\"width\":1200,\"height\":912},{\"@type\":\"BreadcrumbList\",\"@id\":\"https:\\\/\\\/srokacompany.com\\\/es\\\/produit\\\/aleron-delantero-high-aspect-670-s-ha\\\/#breadcrumb\",\"itemListElement\":[{\"@type\":\"ListItem\",\"position\":1,\"name\":\"Accueil\",\"item\":\"https:\\\/\\\/srokacompany.com\\\/es\\\/\"},{\"@type\":\"ListItem\",\"position\":2,\"name\":\"Tienda\",\"item\":\"https:\\\/\\\/srokacompany.com\\\/tienda\\\/\"},{\"@type\":\"ListItem\",\"position\":3,\"name\":\"Aler\u00f3n delantero High Aspect 670 S HA\"}]},{\"@type\":\"WebSite\",\"@id\":\"https:\\\/\\\/srokacompany.com\\\/es\\\/#website\",\"url\":\"https:\\\/\\\/srokacompany.com\\\/es\\\/\",\"name\":\"SROKA Company\",\"description\":\"SUP, Kite, Foil, Wing\",\"publisher\":{\"@id\":\"https:\\\/\\\/srokacompany.com\\\/es\\\/#organization\"},\"potentialAction\":[{\"@type\":\"SearchAction\",\"target\":{\"@type\":\"EntryPoint\",\"urlTemplate\":\"https:\\\/\\\/srokacompany.com\\\/es\\\/?s={search_term_string}\"},\"query-input\":{\"@type\":\"PropertyValueSpecification\",\"valueRequired\":true,\"valueName\":\"search_term_string\"}}],\"inLanguage\":\"es\"},{\"@type\":\"Organization\",\"@id\":\"https:\\\/\\\/srokacompany.com\\\/es\\\/#organization\",\"name\":\"SROKACOMPANY\",\"alternateName\":\"SROKA\",\"url\":\"https:\\\/\\\/srokacompany.com\\\/es\\\/\",\"logo\":{\"@type\":\"ImageObject\",\"inLanguage\":\"es\",\"@id\":\"https:\\\/\\\/srokacompany.com\\\/es\\\/#\\\/schema\\\/logo\\\/image\\\/\",\"url\":\"https:\\\/\\\/srokacompany.com\\\/wp-content\\\/uploads\\\/2021\\\/01\\\/logo-sroka-black-transpa.png\",\"contentUrl\":\"https:\\\/\\\/srokacompany.com\\\/wp-content\\\/uploads\\\/2021\\\/01\\\/logo-sroka-black-transpa.png\",\"width\":1201,\"height\":342,\"caption\":\"SROKACOMPANY\"},\"image\":{\"@id\":\"https:\\\/\\\/srokacompany.com\\\/es\\\/#\\\/schema\\\/logo\\\/image\\\/\"},\"sameAs\":[\"https:\\\/\\\/www.facebook.com\\\/srokawatersports\\\/\",\"https:\\\/\\\/www.instagram.com\\\/srokawatersports\\\/\",\"https:\\\/\\\/www.youtube.com\\\/channel\\\/UCVLHHeaPIm-J5bdEUgxqtZA\"]}]}<\/script>\n<!-- \/ Yoast SEO plugin. -->","yoast_head_json":{"title":"Aler\u00f3n delantero High Aspect 670 S HA - SROKA Company","description":"Descubre la velocidad y la potencia del aler\u00f3n delantero High Aspect 670 S HA. Un ala f\u00e1cil pero muy r\u00e1pida. \u00a1Supera a todos los dem\u00e1s a toda velocidad!","robots":{"index":"index","follow":"follow","max-snippet":"max-snippet:-1","max-image-preview":"max-image-preview:large","max-video-preview":"max-video-preview:-1"},"canonical":"https:\/\/srokacompany.com\/es\/produit\/aleron-delantero-high-aspect-670-s-ha\/","og_locale":"es_ES","og_type":"article","og_title":"Aler\u00f3n delantero High Aspect 670 S HA - SROKA Company","og_description":"Descubre la velocidad y la potencia del aler\u00f3n delantero High Aspect 670 S HA. Un ala f\u00e1cil pero muy r\u00e1pida. \u00a1Supera a todos los dem\u00e1s a toda velocidad!","og_url":"https:\/\/srokacompany.com\/es\/produit\/aleron-delantero-high-aspect-670-s-ha\/","og_site_name":"SROKA Company","article_publisher":"https:\/\/www.facebook.com\/srokawatersports\/","article_modified_time":"2025-11-25T09:04:55+00:00","og_image":[{"width":1200,"height":912,"url":"https:\/\/srokacompany.com\/wp-content\/uploads\/2023\/07\/670-HA.jpg","type":"image\/jpeg"}],"twitter_misc":{"Tiempo de lectura":"1 minuto"},"schema":{"@context":"https:\/\/schema.org","@graph":[{"@type":"WebPage","@id":"https:\/\/srokacompany.com\/es\/produit\/aleron-delantero-high-aspect-670-s-ha\/","url":"https:\/\/srokacompany.com\/es\/produit\/aleron-delantero-high-aspect-670-s-ha\/","name":"Aler\u00f3n delantero High Aspect 670 S HA - SROKA Company","isPartOf":{"@id":"https:\/\/srokacompany.com\/es\/#website"},"primaryImageOfPage":{"@id":"https:\/\/srokacompany.com\/es\/produit\/aleron-delantero-high-aspect-670-s-ha\/#primaryimage"},"image":{"@id":"https:\/\/srokacompany.com\/es\/produit\/aleron-delantero-high-aspect-670-s-ha\/#primaryimage"},"thumbnailUrl":"https:\/\/srokacompany.com\/wp-content\/uploads\/2023\/07\/670-HA.jpg","datePublished":"2023-07-24T14:18:17+00:00","dateModified":"2025-11-25T09:04:55+00:00","description":"Descubre la velocidad y la potencia del aler\u00f3n delantero High Aspect 670 S HA. Un ala f\u00e1cil pero muy r\u00e1pida. \u00a1Supera a todos los dem\u00e1s a toda velocidad!","breadcrumb":{"@id":"https:\/\/srokacompany.com\/es\/produit\/aleron-delantero-high-aspect-670-s-ha\/#breadcrumb"},"inLanguage":"es","potentialAction":[{"@type":"ReadAction","target":["https:\/\/srokacompany.com\/es\/produit\/aleron-delantero-high-aspect-670-s-ha\/"]}]},{"@type":"ImageObject","inLanguage":"es","@id":"https:\/\/srokacompany.com\/es\/produit\/aleron-delantero-high-aspect-670-s-ha\/#primaryimage","url":"https:\/\/srokacompany.com\/wp-content\/uploads\/2023\/07\/670-HA.jpg","contentUrl":"https:\/\/srokacompany.com\/wp-content\/uploads\/2023\/07\/670-HA.jpg","width":1200,"height":912},{"@type":"BreadcrumbList","@id":"https:\/\/srokacompany.com\/es\/produit\/aleron-delantero-high-aspect-670-s-ha\/#breadcrumb","itemListElement":[{"@type":"ListItem","position":1,"name":"Accueil","item":"https:\/\/srokacompany.com\/es\/"},{"@type":"ListItem","position":2,"name":"Tienda","item":"https:\/\/srokacompany.com\/tienda\/"},{"@type":"ListItem","position":3,"name":"Aler\u00f3n delantero High Aspect 670 S HA"}]},{"@type":"WebSite","@id":"https:\/\/srokacompany.com\/es\/#website","url":"https:\/\/srokacompany.com\/es\/","name":"SROKA Company","description":"SUP, Kite, Foil, Wing","publisher":{"@id":"https:\/\/srokacompany.com\/es\/#organization"},"potentialAction":[{"@type":"SearchAction","target":{"@type":"EntryPoint","urlTemplate":"https:\/\/srokacompany.com\/es\/?s={search_term_string}"},"query-input":{"@type":"PropertyValueSpecification","valueRequired":true,"valueName":"search_term_string"}}],"inLanguage":"es"},{"@type":"Organization","@id":"https:\/\/srokacompany.com\/es\/#organization","name":"SROKACOMPANY","alternateName":"SROKA","url":"https:\/\/srokacompany.com\/es\/","logo":{"@type":"ImageObject","inLanguage":"es","@id":"https:\/\/srokacompany.com\/es\/#\/schema\/logo\/image\/","url":"https:\/\/srokacompany.com\/wp-content\/uploads\/2021\/01\/logo-sroka-black-transpa.png","contentUrl":"https:\/\/srokacompany.com\/wp-content\/uploads\/2021\/01\/logo-sroka-black-transpa.png","width":1201,"height":342,"caption":"SROKACOMPANY"},"image":{"@id":"https:\/\/srokacompany.com\/es\/#\/schema\/logo\/image\/"},"sameAs":["https:\/\/www.facebook.com\/srokawatersports\/","https:\/\/www.instagram.com\/srokawatersports\/","https:\/\/www.youtube.com\/channel\/UCVLHHeaPIm-J5bdEUgxqtZA"]}]}},"uagb_featured_image_src":{"full":["https:\/\/srokacompany.com\/wp-content\/uploads\/2023\/07\/670-HA.jpg",1200,912,false],"thumbnail":["https:\/\/srokacompany.com\/wp-content\/uploads\/2023\/07\/670-HA-150x150.jpg",150,150,true],"medium":["https:\/\/srokacompany.com\/wp-content\/uploads\/2023\/07\/670-HA-300x228.jpg",300,228,true],"medium_large":["https:\/\/srokacompany.com\/wp-content\/uploads\/2023\/07\/670-HA-768x584.jpg",768,584,true],"large":["https:\/\/srokacompany.com\/wp-content\/uploads\/2023\/07\/670-HA-1024x778.jpg",1024,778,true],"1536x1536":["https:\/\/srokacompany.com\/wp-content\/uploads\/2023\/07\/670-HA.jpg",1200,912,false],"2048x2048":["https:\/\/srokacompany.com\/wp-content\/uploads\/2023\/07\/670-HA.jpg",1200,912,false],"woocommerce_thumbnail":["https:\/\/srokacompany.com\/wp-content\/uploads\/2023\/07\/670-HA-600x456.jpg",600,456,true],"woocommerce_single":["https:\/\/srokacompany.com\/wp-content\/uploads\/2023\/07\/670-HA-600x456.jpg",600,456,true],"woocommerce_gallery_thumbnail":["https:\/\/srokacompany.com\/wp-content\/uploads\/2023\/07\/670-HA-100x100.jpg",100,100,true],"dgwt-wcas-product-suggestion":["https:\/\/srokacompany.com\/wp-content\/uploads\/2023\/07\/670-HA.jpg",64,49,false]},"uagb_author_info":{"display_name":"Emmanuel DIJOUX","author_link":"https:\/\/srokacompany.com\/es\/blog\/author\/"},"uagb_comment_info":0,"uagb_excerpt":"Vela SROKA HA 670 S: El mejor compromiso entre velocidad y accesibilidad. Alcanza los 30 nudos en Kitefoil y Wingfoil gracias a su perfil Race. Despegue ultra f\u00e1cil (a partir de 13 nudos) y m\u00e1xima estabilidad, ideal tambi\u00e9n para Tow-in y Freestyle.","jetpack_sharing_enabled":true,"_links":{"self":[{"href":"https:\/\/srokacompany.com\/es\/wp-json\/wp\/v2\/product\/343838","targetHints":{"allow":["GET"]}}],"collection":[{"href":"https:\/\/srokacompany.com\/es\/wp-json\/wp\/v2\/product"}],"about":[{"href":"https:\/\/srokacompany.com\/es\/wp-json\/wp\/v2\/types\/product"}],"wp:featuredmedia":[{"embeddable":true,"href":"https:\/\/srokacompany.com\/es\/wp-json\/wp\/v2\/media\/343839"}],"wp:attachment":[{"href":"https:\/\/srokacompany.com\/es\/wp-json\/wp\/v2\/media?parent=343838"}],"wp:term":[{"taxonomy":"product_brand","embeddable":true,"href":"https:\/\/srokacompany.com\/es\/wp-json\/wp\/v2\/product_brand?post=343838"},{"taxonomy":"product_cat","embeddable":true,"href":"https:\/\/srokacompany.com\/es\/wp-json\/wp\/v2\/product_cat?post=343838"},{"taxonomy":"product_tag","embeddable":true,"href":"https:\/\/srokacompany.com\/es\/wp-json\/wp\/v2\/product_tag?post=343838"}],"curies":[{"name":"wp","href":"https:\/\/api.w.org\/{rel}","templated":true}]}}