{"id":343856,"date":"2023-07-18T12:53:17","date_gmt":"2023-07-18T12:53:17","guid":{"rendered":"https:\/\/srokacompany.com\/produit\/aleron-delantero-de-foil-1250-control\/"},"modified":"2025-11-25T11:05:35","modified_gmt":"2025-11-25T09:05:35","slug":"aleron-delantero-de-foil-1250-control","status":"publish","type":"product","link":"https:\/\/srokacompany.com\/es\/produit\/aleron-delantero-de-foil-1250-control\/","title":{"rendered":"Foil 1250 Control- Aleta delantera Freeride"},"content":{"rendered":"<p><strong>El Foil 1250 Control <\/strong>es el foil m\u00e1s generoso de la gama SROKA Control. Es el siguiente paso l\u00f3gico tras el 1750 Classic, ya que ofrece m\u00e1s planeo y rendimiento al tiempo que conserva el car\u00e1cter <b>\u00abplug and play\u00bb<\/b> y el <b>m\u00e1ximo control<\/b> de la gama. <\/p>\n<h3>El maestro de los vientos ligeros y los ca\u00f1ones grandes<\/h3>\n<p>El ala delantera Foil 1250 Control es un verdadero <b>todoterreno<\/b> dise\u00f1ado para maximizar su tiempo en el agua, tanto si el viento es flojo como fuerte: <\/p>\n<ul>\n<li><b>Elevaci\u00f3n y despegue f\u00e1ciles:<\/b> Su gran superficie garantiza <b>la m\u00e1xima sustentaci\u00f3n<\/b> y un <b>despegue r\u00e1pido y suave<\/b> a partir de <b>13 nudos<\/b> para un peso medio (80 kg). Es la herramienta perfecta para los navegantes <b>m\u00e1s grandes<\/b> o para aquellos con condiciones de viento m\u00ednimas. <\/li>\n<li><b>M\u00e1xima estabilidad:<\/b> Ofrece <b>una estabilidad longitudinal excepcional<\/b> y <b>un control absoluto<\/b>, aumentando su confianza y simplificando la navegaci\u00f3n entre 12 y 30 nudos.<\/li>\n<li><b>F\u00e1cil de esculpir:<\/b> A pesar de su tama\u00f1o, <b>esculpe las curvas con facilidad<\/b> y precisi\u00f3n, haciendo que las maniobras <b>de Wing Surfing<\/b> y los cambios de direcci\u00f3n sean sorprendentemente fluidos.<\/li>\n<\/ul>\n<p>&nbsp;<\/p>\n<h3>Programa objetivo<\/h3>\n<p>&nbsp;<\/p>\n<p>El aler\u00f3n delantero Foil 1250 Control est\u00e1 recomendado para :<\/p>\n<ul>\n<li><b>Wingfoil Freeride:<\/b> Ofrece una experiencia de conducci\u00f3n sencilla, fluida y de alto rendimiento en una amplia gama de condiciones, ideal para quienes prefieren el placer y la comodidad.<\/li>\n<li><b>SUP Foil:<\/b> Excelente para remar con facilidad y un excelente carving<\/li>\n<li><b>Surf foil<\/b>: Una forma sencilla de iniciarse, que ofrece buenas sensaciones sin el esfuerzo de bombear.<\/li>\n<\/ul>\n<p>&nbsp;<\/p>\n<h3><\/h3>\n","protected":false},"excerpt":{"rendered":"<p><b>Ala delantera 1250 Control:<\/b> El ala <b>\u00abtodo terreno\u00bb<\/b> para pilotos de <b>peso medio a alto<\/b> o para <b>vientos<\/b> flojos. Ofrece <b>una gran sustentaci\u00f3n<\/b> y un <b>despegue precoz<\/b> (a partir de 13 nudos), garantiza <b>una estabilidad<\/b> s\u00f3lida como una roca y un <b>manejo fluido<\/b> para un freeride sencillo y de alto rendimiento. <\/p>\n","protected":false},"featured_media":343858,"template":"","meta":{"_acf_changed":false,"_uag_custom_page_level_css":""},"product_brand":[],"product_cat":[3446,3425,3483,3424],"product_tag":[3427,3426],"class_list":{"0":"post-343856","1":"product","2":"type-product","3":"status-publish","4":"has-post-thumbnail","6":"product_cat-ailette-surf-foil-es","7":"product_cat-aletas-foil","8":"product_cat-gama-downwind-uha","9":"product_cat-todas-nuestras-palas-de-control","10":"product_tag-ingenioso","11":"product_tag-principiante","12":"product_shipping_class-foil-unidad-completa-o-piezas-alas","14":"first","15":"instock","16":"sale","17":"taxable","18":"shipping-taxable","19":"purchasable","20":"product-type-simple"},"acf":[],"yoast_head":"<!-- This site is optimized with the Yoast SEO plugin v27.4 - https:\/\/yoast.com\/product\/yoast-seo-wordpress\/ -->\n<title>Foil 1250 Control- Aleta delantera Freeride | SROKA Company<\/title>\n<meta name=\"description\" content=\"El 1250 Control foil es un foil vers\u00e1til para freeride y Wing foil. Ofrece facilidad, fluidez y control en los giros.\" \/>\n<meta name=\"robots\" content=\"index, follow, max-snippet:-1, max-image-preview:large, max-video-preview:-1\" \/>\n<link rel=\"canonical\" href=\"https:\/\/srokacompany.com\/es\/produit\/aleron-delantero-de-foil-1250-control\/\" \/>\n<meta property=\"og:locale\" content=\"es_ES\" \/>\n<meta property=\"og:type\" content=\"article\" \/>\n<meta property=\"og:title\" content=\"Foil 1250 Control- Aleta delantera Freeride | SROKA Company\" \/>\n<meta property=\"og:description\" content=\"El 1250 Control foil es un foil vers\u00e1til para freeride y Wing foil. Ofrece facilidad, fluidez y control en los giros.\" \/>\n<meta property=\"og:url\" content=\"https:\/\/srokacompany.com\/es\/produit\/aleron-delantero-de-foil-1250-control\/\" \/>\n<meta property=\"og:site_name\" content=\"SROKA Company\" \/>\n<meta property=\"article:publisher\" content=\"https:\/\/www.facebook.com\/srokawatersports\/\" \/>\n<meta property=\"article:modified_time\" content=\"2025-11-25T09:05:35+00:00\" \/>\n<meta property=\"og:image\" content=\"https:\/\/srokacompany.com\/wp-content\/uploads\/2023\/07\/1250-front-control-sroka.jpg\" \/>\n\t<meta property=\"og:image:width\" content=\"1480\" \/>\n\t<meta property=\"og:image:height\" content=\"2160\" \/>\n\t<meta property=\"og:image:type\" content=\"image\/jpeg\" \/>\n<meta name=\"twitter:label1\" content=\"Tiempo de lectura\" \/>\n\t<meta name=\"twitter:data1\" content=\"1 minuto\" \/>\n<script type=\"application\/ld+json\" class=\"yoast-schema-graph\">{\"@context\":\"https:\\\/\\\/schema.org\",\"@graph\":[{\"@type\":\"WebPage\",\"@id\":\"https:\\\/\\\/srokacompany.com\\\/es\\\/produit\\\/aleron-delantero-de-foil-1250-control\\\/\",\"url\":\"https:\\\/\\\/srokacompany.com\\\/es\\\/produit\\\/aleron-delantero-de-foil-1250-control\\\/\",\"name\":\"Foil 1250 Control- Aleta delantera Freeride | SROKA Company\",\"isPartOf\":{\"@id\":\"https:\\\/\\\/srokacompany.com\\\/es\\\/#website\"},\"primaryImageOfPage\":{\"@id\":\"https:\\\/\\\/srokacompany.com\\\/es\\\/produit\\\/aleron-delantero-de-foil-1250-control\\\/#primaryimage\"},\"image\":{\"@id\":\"https:\\\/\\\/srokacompany.com\\\/es\\\/produit\\\/aleron-delantero-de-foil-1250-control\\\/#primaryimage\"},\"thumbnailUrl\":\"https:\\\/\\\/srokacompany.com\\\/wp-content\\\/uploads\\\/2023\\\/07\\\/1250-front-control-sroka.jpg\",\"datePublished\":\"2023-07-18T12:53:17+00:00\",\"dateModified\":\"2025-11-25T09:05:35+00:00\",\"description\":\"El 1250 Control foil es un foil vers\u00e1til para freeride y Wing foil. Ofrece facilidad, fluidez y control en los giros.\",\"breadcrumb\":{\"@id\":\"https:\\\/\\\/srokacompany.com\\\/es\\\/produit\\\/aleron-delantero-de-foil-1250-control\\\/#breadcrumb\"},\"inLanguage\":\"es\",\"potentialAction\":[{\"@type\":\"ReadAction\",\"target\":[\"https:\\\/\\\/srokacompany.com\\\/es\\\/produit\\\/aleron-delantero-de-foil-1250-control\\\/\"]}]},{\"@type\":\"ImageObject\",\"inLanguage\":\"es\",\"@id\":\"https:\\\/\\\/srokacompany.com\\\/es\\\/produit\\\/aleron-delantero-de-foil-1250-control\\\/#primaryimage\",\"url\":\"https:\\\/\\\/srokacompany.com\\\/wp-content\\\/uploads\\\/2023\\\/07\\\/1250-front-control-sroka.jpg\",\"contentUrl\":\"https:\\\/\\\/srokacompany.com\\\/wp-content\\\/uploads\\\/2023\\\/07\\\/1250-front-control-sroka.jpg\",\"width\":1480,\"height\":2160},{\"@type\":\"BreadcrumbList\",\"@id\":\"https:\\\/\\\/srokacompany.com\\\/es\\\/produit\\\/aleron-delantero-de-foil-1250-control\\\/#breadcrumb\",\"itemListElement\":[{\"@type\":\"ListItem\",\"position\":1,\"name\":\"Accueil\",\"item\":\"https:\\\/\\\/srokacompany.com\\\/es\\\/\"},{\"@type\":\"ListItem\",\"position\":2,\"name\":\"Tienda\",\"item\":\"https:\\\/\\\/srokacompany.com\\\/tienda\\\/\"},{\"@type\":\"ListItem\",\"position\":3,\"name\":\"Foil 1250 Control- Aleta delantera Freeride\"}]},{\"@type\":\"WebSite\",\"@id\":\"https:\\\/\\\/srokacompany.com\\\/es\\\/#website\",\"url\":\"https:\\\/\\\/srokacompany.com\\\/es\\\/\",\"name\":\"SROKA Company\",\"description\":\"SUP, Kite, Foil, Wing\",\"publisher\":{\"@id\":\"https:\\\/\\\/srokacompany.com\\\/es\\\/#organization\"},\"potentialAction\":[{\"@type\":\"SearchAction\",\"target\":{\"@type\":\"EntryPoint\",\"urlTemplate\":\"https:\\\/\\\/srokacompany.com\\\/es\\\/?s={search_term_string}\"},\"query-input\":{\"@type\":\"PropertyValueSpecification\",\"valueRequired\":true,\"valueName\":\"search_term_string\"}}],\"inLanguage\":\"es\"},{\"@type\":\"Organization\",\"@id\":\"https:\\\/\\\/srokacompany.com\\\/es\\\/#organization\",\"name\":\"SROKACOMPANY\",\"alternateName\":\"SROKA\",\"url\":\"https:\\\/\\\/srokacompany.com\\\/es\\\/\",\"logo\":{\"@type\":\"ImageObject\",\"inLanguage\":\"es\",\"@id\":\"https:\\\/\\\/srokacompany.com\\\/es\\\/#\\\/schema\\\/logo\\\/image\\\/\",\"url\":\"https:\\\/\\\/srokacompany.com\\\/wp-content\\\/uploads\\\/2021\\\/01\\\/logo-sroka-black-transpa.png\",\"contentUrl\":\"https:\\\/\\\/srokacompany.com\\\/wp-content\\\/uploads\\\/2021\\\/01\\\/logo-sroka-black-transpa.png\",\"width\":1201,\"height\":342,\"caption\":\"SROKACOMPANY\"},\"image\":{\"@id\":\"https:\\\/\\\/srokacompany.com\\\/es\\\/#\\\/schema\\\/logo\\\/image\\\/\"},\"sameAs\":[\"https:\\\/\\\/www.facebook.com\\\/srokawatersports\\\/\",\"https:\\\/\\\/www.instagram.com\\\/srokawatersports\\\/\",\"https:\\\/\\\/www.youtube.com\\\/channel\\\/UCVLHHeaPIm-J5bdEUgxqtZA\"]}]}<\/script>\n<!-- \/ Yoast SEO plugin. -->","yoast_head_json":{"title":"Foil 1250 Control- Aleta delantera Freeride | SROKA Company","description":"El 1250 Control foil es un foil vers\u00e1til para freeride y Wing foil. Ofrece facilidad, fluidez y control en los giros.","robots":{"index":"index","follow":"follow","max-snippet":"max-snippet:-1","max-image-preview":"max-image-preview:large","max-video-preview":"max-video-preview:-1"},"canonical":"https:\/\/srokacompany.com\/es\/produit\/aleron-delantero-de-foil-1250-control\/","og_locale":"es_ES","og_type":"article","og_title":"Foil 1250 Control- Aleta delantera Freeride | SROKA Company","og_description":"El 1250 Control foil es un foil vers\u00e1til para freeride y Wing foil. Ofrece facilidad, fluidez y control en los giros.","og_url":"https:\/\/srokacompany.com\/es\/produit\/aleron-delantero-de-foil-1250-control\/","og_site_name":"SROKA Company","article_publisher":"https:\/\/www.facebook.com\/srokawatersports\/","article_modified_time":"2025-11-25T09:05:35+00:00","og_image":[{"width":1480,"height":2160,"url":"https:\/\/srokacompany.com\/wp-content\/uploads\/2023\/07\/1250-front-control-sroka.jpg","type":"image\/jpeg"}],"twitter_misc":{"Tiempo de lectura":"1 minuto"},"schema":{"@context":"https:\/\/schema.org","@graph":[{"@type":"WebPage","@id":"https:\/\/srokacompany.com\/es\/produit\/aleron-delantero-de-foil-1250-control\/","url":"https:\/\/srokacompany.com\/es\/produit\/aleron-delantero-de-foil-1250-control\/","name":"Foil 1250 Control- Aleta delantera Freeride | SROKA Company","isPartOf":{"@id":"https:\/\/srokacompany.com\/es\/#website"},"primaryImageOfPage":{"@id":"https:\/\/srokacompany.com\/es\/produit\/aleron-delantero-de-foil-1250-control\/#primaryimage"},"image":{"@id":"https:\/\/srokacompany.com\/es\/produit\/aleron-delantero-de-foil-1250-control\/#primaryimage"},"thumbnailUrl":"https:\/\/srokacompany.com\/wp-content\/uploads\/2023\/07\/1250-front-control-sroka.jpg","datePublished":"2023-07-18T12:53:17+00:00","dateModified":"2025-11-25T09:05:35+00:00","description":"El 1250 Control foil es un foil vers\u00e1til para freeride y Wing foil. Ofrece facilidad, fluidez y control en los giros.","breadcrumb":{"@id":"https:\/\/srokacompany.com\/es\/produit\/aleron-delantero-de-foil-1250-control\/#breadcrumb"},"inLanguage":"es","potentialAction":[{"@type":"ReadAction","target":["https:\/\/srokacompany.com\/es\/produit\/aleron-delantero-de-foil-1250-control\/"]}]},{"@type":"ImageObject","inLanguage":"es","@id":"https:\/\/srokacompany.com\/es\/produit\/aleron-delantero-de-foil-1250-control\/#primaryimage","url":"https:\/\/srokacompany.com\/wp-content\/uploads\/2023\/07\/1250-front-control-sroka.jpg","contentUrl":"https:\/\/srokacompany.com\/wp-content\/uploads\/2023\/07\/1250-front-control-sroka.jpg","width":1480,"height":2160},{"@type":"BreadcrumbList","@id":"https:\/\/srokacompany.com\/es\/produit\/aleron-delantero-de-foil-1250-control\/#breadcrumb","itemListElement":[{"@type":"ListItem","position":1,"name":"Accueil","item":"https:\/\/srokacompany.com\/es\/"},{"@type":"ListItem","position":2,"name":"Tienda","item":"https:\/\/srokacompany.com\/tienda\/"},{"@type":"ListItem","position":3,"name":"Foil 1250 Control- Aleta delantera Freeride"}]},{"@type":"WebSite","@id":"https:\/\/srokacompany.com\/es\/#website","url":"https:\/\/srokacompany.com\/es\/","name":"SROKA Company","description":"SUP, Kite, Foil, Wing","publisher":{"@id":"https:\/\/srokacompany.com\/es\/#organization"},"potentialAction":[{"@type":"SearchAction","target":{"@type":"EntryPoint","urlTemplate":"https:\/\/srokacompany.com\/es\/?s={search_term_string}"},"query-input":{"@type":"PropertyValueSpecification","valueRequired":true,"valueName":"search_term_string"}}],"inLanguage":"es"},{"@type":"Organization","@id":"https:\/\/srokacompany.com\/es\/#organization","name":"SROKACOMPANY","alternateName":"SROKA","url":"https:\/\/srokacompany.com\/es\/","logo":{"@type":"ImageObject","inLanguage":"es","@id":"https:\/\/srokacompany.com\/es\/#\/schema\/logo\/image\/","url":"https:\/\/srokacompany.com\/wp-content\/uploads\/2021\/01\/logo-sroka-black-transpa.png","contentUrl":"https:\/\/srokacompany.com\/wp-content\/uploads\/2021\/01\/logo-sroka-black-transpa.png","width":1201,"height":342,"caption":"SROKACOMPANY"},"image":{"@id":"https:\/\/srokacompany.com\/es\/#\/schema\/logo\/image\/"},"sameAs":["https:\/\/www.facebook.com\/srokawatersports\/","https:\/\/www.instagram.com\/srokawatersports\/","https:\/\/www.youtube.com\/channel\/UCVLHHeaPIm-J5bdEUgxqtZA"]}]}},"uagb_featured_image_src":{"full":["https:\/\/srokacompany.com\/wp-content\/uploads\/2023\/07\/1250-front-control-sroka.jpg",1480,2160,false],"thumbnail":["https:\/\/srokacompany.com\/wp-content\/uploads\/2023\/07\/1250-front-control-sroka-150x150.jpg",150,150,true],"medium":["https:\/\/srokacompany.com\/wp-content\/uploads\/2023\/07\/1250-front-control-sroka-206x300.jpg",206,300,true],"medium_large":["https:\/\/srokacompany.com\/wp-content\/uploads\/2023\/07\/1250-front-control-sroka-768x1121.jpg",768,1121,true],"large":["https:\/\/srokacompany.com\/wp-content\/uploads\/2023\/07\/1250-front-control-sroka-702x1024.jpg",702,1024,true],"1536x1536":["https:\/\/srokacompany.com\/wp-content\/uploads\/2023\/07\/1250-front-control-sroka-1052x1536.jpg",1052,1536,true],"2048x2048":["https:\/\/srokacompany.com\/wp-content\/uploads\/2023\/07\/1250-front-control-sroka-1403x2048.jpg",1403,2048,true],"woocommerce_thumbnail":["https:\/\/srokacompany.com\/wp-content\/uploads\/2023\/07\/1250-front-control-sroka-600x876.jpg",600,876,true],"woocommerce_single":["https:\/\/srokacompany.com\/wp-content\/uploads\/2023\/07\/1250-front-control-sroka-600x876.jpg",600,876,true],"woocommerce_gallery_thumbnail":["https:\/\/srokacompany.com\/wp-content\/uploads\/2023\/07\/1250-front-control-sroka-100x100.jpg",100,100,true],"dgwt-wcas-product-suggestion":["https:\/\/srokacompany.com\/wp-content\/uploads\/2023\/07\/1250-front-control-sroka.jpg",64,93,false]},"uagb_author_info":{"display_name":"Emmanuel DIJOUX","author_link":"https:\/\/srokacompany.com\/es\/blog\/author\/"},"uagb_comment_info":0,"uagb_excerpt":"Ala delantera 1250 Control: El ala \"todo terreno\" para pilotos de peso medio a alto o para vientos flojos. Ofrece una gran sustentaci\u00f3n y un despegue precoz (a partir de 13 nudos), garantiza una estabilidad s\u00f3lida como una roca y un manejo fluido para un freeride sencillo y de alto rendimiento.","jetpack_sharing_enabled":true,"_links":{"self":[{"href":"https:\/\/srokacompany.com\/es\/wp-json\/wp\/v2\/product\/343856","targetHints":{"allow":["GET"]}}],"collection":[{"href":"https:\/\/srokacompany.com\/es\/wp-json\/wp\/v2\/product"}],"about":[{"href":"https:\/\/srokacompany.com\/es\/wp-json\/wp\/v2\/types\/product"}],"wp:featuredmedia":[{"embeddable":true,"href":"https:\/\/srokacompany.com\/es\/wp-json\/wp\/v2\/media\/343858"}],"wp:attachment":[{"href":"https:\/\/srokacompany.com\/es\/wp-json\/wp\/v2\/media?parent=343856"}],"wp:term":[{"taxonomy":"product_brand","embeddable":true,"href":"https:\/\/srokacompany.com\/es\/wp-json\/wp\/v2\/product_brand?post=343856"},{"taxonomy":"product_cat","embeddable":true,"href":"https:\/\/srokacompany.com\/es\/wp-json\/wp\/v2\/product_cat?post=343856"},{"taxonomy":"product_tag","embeddable":true,"href":"https:\/\/srokacompany.com\/es\/wp-json\/wp\/v2\/product_tag?post=343856"}],"curies":[{"name":"wp","href":"https:\/\/api.w.org\/{rel}","templated":true}]}}