{"id":343862,"date":"2023-07-25T09:32:13","date_gmt":"2023-07-25T09:32:13","guid":{"rendered":"https:\/\/srokacompany.com\/produit\/guardabarros-delantero-s-foil-high-aspect-1190-waves\/"},"modified":"2025-12-01T13:13:41","modified_gmt":"2025-12-01T11:13:41","slug":"guardabarros-delantero-s-foil-high-aspect-1190-waves","status":"publish","type":"product","link":"https:\/\/srokacompany.com\/es\/produit\/guardabarros-delantero-s-foil-high-aspect-1190-waves\/","title":{"rendered":"Guardabarros delantero S-foil High Aspect 1190 Waves"},"content":{"rendered":"<hr>\n<h2>Gesti\u00f3n flexible: un nuevo proceso para optimizar el rendimiento del bombeo.<\/h2>\n<p>Gracias a exhaustivas pruebas y a meses de investigaci\u00f3n y desarrollo, hemos aplicado diferentes m\u00e9todos, incluyendo una rigurosa elecci\u00f3n de materiales, una organizaci\u00f3n estrat\u00e9gica de las capas de carbono, una distribuci\u00f3n espec\u00edfica de los refuerzos y un dise\u00f1o preciso del perfil para gestionar la flexi\u00f3n del aler\u00f3n delantero, lo que ha dado como resultado un perfil id\u00e9ntico al de la 1190 Speed, pero con algo m\u00e1s de flexibilidad para mejorar el rendimiento de bombeo.<\/p>\n<p>Es el equilibrio perfecto para aprovechar al m\u00e1ximo las olas peque\u00f1as y medianas, a la vez que conservas tu resistencia entre olas y mantienes tu velocidad alta cuando bombeas.<\/p>\n<p><em>3x M8 16mm fuselaje \/ guardabarros delantero tornillos de montaje suministrados.  <\/em><\/p>\n<p><a href=\"https:\/\/srokacompany.com\/es\/produit\/s-foil-alto-aspecto-1190-onda\/\">Foil aqu\u00ed.  <\/a><\/p>\n","protected":false},"excerpt":{"rendered":"<p>Gesti\u00f3n flexible: un nuevo proceso para optimizar el rendimiento del bombeo. Gracias a exhaustivas pruebas y a meses de investigaci\u00f3n y desarrollo, hemos aplicado diferentes m\u00e9todos, incluyendo una rigurosa elecci\u00f3n de materiales, una organizaci\u00f3n estrat\u00e9gica de las capas de carbono, una distribuci\u00f3n espec\u00edfica de los refuerzos y un dise\u00f1o preciso del perfil para gestionar la [&hellip;]<\/p>\n","protected":false},"featured_media":343864,"template":"","meta":{"_acf_changed":false,"_uag_custom_page_level_css":""},"product_brand":[],"product_cat":[3446,3425,3469,3470],"product_tag":[3429,3450,3427],"class_list":{"0":"post-343862","1":"product","2":"type-product","3":"status-publish","4":"has-post-thumbnail","6":"product_cat-ailette-surf-foil-es","7":"product_cat-aletas-foil","8":"product_cat-surf-foil-es","9":"product_cat-todas-nuestras-cuchillas-de-alto-aspecto","10":"product_tag-avanzado","11":"product_tag-experto","12":"product_tag-ingenioso","13":"product_shipping_class-foil-unidad-completa-o-piezas-alas","15":"first","16":"instock","17":"taxable","18":"shipping-taxable","19":"purchasable","20":"product-type-simple"},"acf":[],"yoast_head":"<!-- This site is optimized with the Yoast SEO plugin v27.4 - https:\/\/yoast.com\/product\/yoast-seo-wordpress\/ -->\n<title>Guardabarros delantero S-foil High Aspect 1190 Waves - SROKA Company<\/title>\n<meta name=\"description\" content=\"Aleta delantera 1190 Wave: una flexi\u00f3n controlada que aumenta el rendimiento de bombeo. Perfecta para olas peque\u00f1as y medianas.\" \/>\n<meta name=\"robots\" content=\"index, follow, max-snippet:-1, max-image-preview:large, max-video-preview:-1\" \/>\n<link rel=\"canonical\" href=\"https:\/\/srokacompany.com\/es\/produit\/guardabarros-delantero-s-foil-high-aspect-1190-waves\/\" \/>\n<meta property=\"og:locale\" content=\"es_ES\" \/>\n<meta property=\"og:type\" content=\"article\" \/>\n<meta property=\"og:title\" content=\"Guardabarros delantero S-foil High Aspect 1190 Waves - SROKA Company\" \/>\n<meta property=\"og:description\" content=\"Aleta delantera 1190 Wave: una flexi\u00f3n controlada que aumenta el rendimiento de bombeo. Perfecta para olas peque\u00f1as y medianas.\" \/>\n<meta property=\"og:url\" content=\"https:\/\/srokacompany.com\/es\/produit\/guardabarros-delantero-s-foil-high-aspect-1190-waves\/\" \/>\n<meta property=\"og:site_name\" content=\"SROKA Company\" \/>\n<meta property=\"article:publisher\" content=\"https:\/\/www.facebook.com\/srokawatersports\/\" \/>\n<meta property=\"article:modified_time\" content=\"2025-12-01T11:13:41+00:00\" \/>\n<meta property=\"og:image\" content=\"https:\/\/srokacompany.com\/wp-content\/uploads\/2023\/07\/Aile-avant-1190-waves-1-1.png\" \/>\n\t<meta property=\"og:image:width\" content=\"740\" \/>\n\t<meta property=\"og:image:height\" content=\"1080\" \/>\n\t<meta property=\"og:image:type\" content=\"image\/png\" \/>\n<meta name=\"twitter:label1\" content=\"Tiempo de lectura\" \/>\n\t<meta name=\"twitter:data1\" content=\"1 minuto\" \/>\n<script type=\"application\/ld+json\" class=\"yoast-schema-graph\">{\"@context\":\"https:\\\/\\\/schema.org\",\"@graph\":[{\"@type\":\"WebPage\",\"@id\":\"https:\\\/\\\/srokacompany.com\\\/es\\\/produit\\\/guardabarros-delantero-s-foil-high-aspect-1190-waves\\\/\",\"url\":\"https:\\\/\\\/srokacompany.com\\\/es\\\/produit\\\/guardabarros-delantero-s-foil-high-aspect-1190-waves\\\/\",\"name\":\"Guardabarros delantero S-foil High Aspect 1190 Waves - SROKA Company\",\"isPartOf\":{\"@id\":\"https:\\\/\\\/srokacompany.com\\\/es\\\/#website\"},\"primaryImageOfPage\":{\"@id\":\"https:\\\/\\\/srokacompany.com\\\/es\\\/produit\\\/guardabarros-delantero-s-foil-high-aspect-1190-waves\\\/#primaryimage\"},\"image\":{\"@id\":\"https:\\\/\\\/srokacompany.com\\\/es\\\/produit\\\/guardabarros-delantero-s-foil-high-aspect-1190-waves\\\/#primaryimage\"},\"thumbnailUrl\":\"https:\\\/\\\/srokacompany.com\\\/wp-content\\\/uploads\\\/2023\\\/07\\\/Aile-avant-1190-waves-1-1.png\",\"datePublished\":\"2023-07-25T09:32:13+00:00\",\"dateModified\":\"2025-12-01T11:13:41+00:00\",\"description\":\"Aleta delantera 1190 Wave: una flexi\u00f3n controlada que aumenta el rendimiento de bombeo. Perfecta para olas peque\u00f1as y medianas.\",\"breadcrumb\":{\"@id\":\"https:\\\/\\\/srokacompany.com\\\/es\\\/produit\\\/guardabarros-delantero-s-foil-high-aspect-1190-waves\\\/#breadcrumb\"},\"inLanguage\":\"es\",\"potentialAction\":[{\"@type\":\"ReadAction\",\"target\":[\"https:\\\/\\\/srokacompany.com\\\/es\\\/produit\\\/guardabarros-delantero-s-foil-high-aspect-1190-waves\\\/\"]}]},{\"@type\":\"ImageObject\",\"inLanguage\":\"es\",\"@id\":\"https:\\\/\\\/srokacompany.com\\\/es\\\/produit\\\/guardabarros-delantero-s-foil-high-aspect-1190-waves\\\/#primaryimage\",\"url\":\"https:\\\/\\\/srokacompany.com\\\/wp-content\\\/uploads\\\/2023\\\/07\\\/Aile-avant-1190-waves-1-1.png\",\"contentUrl\":\"https:\\\/\\\/srokacompany.com\\\/wp-content\\\/uploads\\\/2023\\\/07\\\/Aile-avant-1190-waves-1-1.png\",\"width\":740,\"height\":1080,\"caption\":\"foto producto Aleta delantera 1190 olas (1)\"},{\"@type\":\"BreadcrumbList\",\"@id\":\"https:\\\/\\\/srokacompany.com\\\/es\\\/produit\\\/guardabarros-delantero-s-foil-high-aspect-1190-waves\\\/#breadcrumb\",\"itemListElement\":[{\"@type\":\"ListItem\",\"position\":1,\"name\":\"Accueil\",\"item\":\"https:\\\/\\\/srokacompany.com\\\/es\\\/\"},{\"@type\":\"ListItem\",\"position\":2,\"name\":\"Tienda\",\"item\":\"https:\\\/\\\/srokacompany.com\\\/tienda\\\/\"},{\"@type\":\"ListItem\",\"position\":3,\"name\":\"Guardabarros delantero S-foil High Aspect 1190 Waves\"}]},{\"@type\":\"WebSite\",\"@id\":\"https:\\\/\\\/srokacompany.com\\\/es\\\/#website\",\"url\":\"https:\\\/\\\/srokacompany.com\\\/es\\\/\",\"name\":\"SROKA Company\",\"description\":\"SUP, Kite, Foil, Wing\",\"publisher\":{\"@id\":\"https:\\\/\\\/srokacompany.com\\\/es\\\/#organization\"},\"potentialAction\":[{\"@type\":\"SearchAction\",\"target\":{\"@type\":\"EntryPoint\",\"urlTemplate\":\"https:\\\/\\\/srokacompany.com\\\/es\\\/?s={search_term_string}\"},\"query-input\":{\"@type\":\"PropertyValueSpecification\",\"valueRequired\":true,\"valueName\":\"search_term_string\"}}],\"inLanguage\":\"es\"},{\"@type\":\"Organization\",\"@id\":\"https:\\\/\\\/srokacompany.com\\\/es\\\/#organization\",\"name\":\"SROKACOMPANY\",\"alternateName\":\"SROKA\",\"url\":\"https:\\\/\\\/srokacompany.com\\\/es\\\/\",\"logo\":{\"@type\":\"ImageObject\",\"inLanguage\":\"es\",\"@id\":\"https:\\\/\\\/srokacompany.com\\\/es\\\/#\\\/schema\\\/logo\\\/image\\\/\",\"url\":\"https:\\\/\\\/srokacompany.com\\\/wp-content\\\/uploads\\\/2021\\\/01\\\/logo-sroka-black-transpa.png\",\"contentUrl\":\"https:\\\/\\\/srokacompany.com\\\/wp-content\\\/uploads\\\/2021\\\/01\\\/logo-sroka-black-transpa.png\",\"width\":1201,\"height\":342,\"caption\":\"SROKACOMPANY\"},\"image\":{\"@id\":\"https:\\\/\\\/srokacompany.com\\\/es\\\/#\\\/schema\\\/logo\\\/image\\\/\"},\"sameAs\":[\"https:\\\/\\\/www.facebook.com\\\/srokawatersports\\\/\",\"https:\\\/\\\/www.instagram.com\\\/srokawatersports\\\/\",\"https:\\\/\\\/www.youtube.com\\\/channel\\\/UCVLHHeaPIm-J5bdEUgxqtZA\"]}]}<\/script>\n<!-- \/ Yoast SEO plugin. -->","yoast_head_json":{"title":"Guardabarros delantero S-foil High Aspect 1190 Waves - SROKA Company","description":"Aleta delantera 1190 Wave: una flexi\u00f3n controlada que aumenta el rendimiento de bombeo. Perfecta para olas peque\u00f1as y medianas.","robots":{"index":"index","follow":"follow","max-snippet":"max-snippet:-1","max-image-preview":"max-image-preview:large","max-video-preview":"max-video-preview:-1"},"canonical":"https:\/\/srokacompany.com\/es\/produit\/guardabarros-delantero-s-foil-high-aspect-1190-waves\/","og_locale":"es_ES","og_type":"article","og_title":"Guardabarros delantero S-foil High Aspect 1190 Waves - SROKA Company","og_description":"Aleta delantera 1190 Wave: una flexi\u00f3n controlada que aumenta el rendimiento de bombeo. Perfecta para olas peque\u00f1as y medianas.","og_url":"https:\/\/srokacompany.com\/es\/produit\/guardabarros-delantero-s-foil-high-aspect-1190-waves\/","og_site_name":"SROKA Company","article_publisher":"https:\/\/www.facebook.com\/srokawatersports\/","article_modified_time":"2025-12-01T11:13:41+00:00","og_image":[{"width":740,"height":1080,"url":"https:\/\/srokacompany.com\/wp-content\/uploads\/2023\/07\/Aile-avant-1190-waves-1-1.png","type":"image\/png"}],"twitter_misc":{"Tiempo de lectura":"1 minuto"},"schema":{"@context":"https:\/\/schema.org","@graph":[{"@type":"WebPage","@id":"https:\/\/srokacompany.com\/es\/produit\/guardabarros-delantero-s-foil-high-aspect-1190-waves\/","url":"https:\/\/srokacompany.com\/es\/produit\/guardabarros-delantero-s-foil-high-aspect-1190-waves\/","name":"Guardabarros delantero S-foil High Aspect 1190 Waves - SROKA Company","isPartOf":{"@id":"https:\/\/srokacompany.com\/es\/#website"},"primaryImageOfPage":{"@id":"https:\/\/srokacompany.com\/es\/produit\/guardabarros-delantero-s-foil-high-aspect-1190-waves\/#primaryimage"},"image":{"@id":"https:\/\/srokacompany.com\/es\/produit\/guardabarros-delantero-s-foil-high-aspect-1190-waves\/#primaryimage"},"thumbnailUrl":"https:\/\/srokacompany.com\/wp-content\/uploads\/2023\/07\/Aile-avant-1190-waves-1-1.png","datePublished":"2023-07-25T09:32:13+00:00","dateModified":"2025-12-01T11:13:41+00:00","description":"Aleta delantera 1190 Wave: una flexi\u00f3n controlada que aumenta el rendimiento de bombeo. Perfecta para olas peque\u00f1as y medianas.","breadcrumb":{"@id":"https:\/\/srokacompany.com\/es\/produit\/guardabarros-delantero-s-foil-high-aspect-1190-waves\/#breadcrumb"},"inLanguage":"es","potentialAction":[{"@type":"ReadAction","target":["https:\/\/srokacompany.com\/es\/produit\/guardabarros-delantero-s-foil-high-aspect-1190-waves\/"]}]},{"@type":"ImageObject","inLanguage":"es","@id":"https:\/\/srokacompany.com\/es\/produit\/guardabarros-delantero-s-foil-high-aspect-1190-waves\/#primaryimage","url":"https:\/\/srokacompany.com\/wp-content\/uploads\/2023\/07\/Aile-avant-1190-waves-1-1.png","contentUrl":"https:\/\/srokacompany.com\/wp-content\/uploads\/2023\/07\/Aile-avant-1190-waves-1-1.png","width":740,"height":1080,"caption":"foto producto Aleta delantera 1190 olas (1)"},{"@type":"BreadcrumbList","@id":"https:\/\/srokacompany.com\/es\/produit\/guardabarros-delantero-s-foil-high-aspect-1190-waves\/#breadcrumb","itemListElement":[{"@type":"ListItem","position":1,"name":"Accueil","item":"https:\/\/srokacompany.com\/es\/"},{"@type":"ListItem","position":2,"name":"Tienda","item":"https:\/\/srokacompany.com\/tienda\/"},{"@type":"ListItem","position":3,"name":"Guardabarros delantero S-foil High Aspect 1190 Waves"}]},{"@type":"WebSite","@id":"https:\/\/srokacompany.com\/es\/#website","url":"https:\/\/srokacompany.com\/es\/","name":"SROKA Company","description":"SUP, Kite, Foil, Wing","publisher":{"@id":"https:\/\/srokacompany.com\/es\/#organization"},"potentialAction":[{"@type":"SearchAction","target":{"@type":"EntryPoint","urlTemplate":"https:\/\/srokacompany.com\/es\/?s={search_term_string}"},"query-input":{"@type":"PropertyValueSpecification","valueRequired":true,"valueName":"search_term_string"}}],"inLanguage":"es"},{"@type":"Organization","@id":"https:\/\/srokacompany.com\/es\/#organization","name":"SROKACOMPANY","alternateName":"SROKA","url":"https:\/\/srokacompany.com\/es\/","logo":{"@type":"ImageObject","inLanguage":"es","@id":"https:\/\/srokacompany.com\/es\/#\/schema\/logo\/image\/","url":"https:\/\/srokacompany.com\/wp-content\/uploads\/2021\/01\/logo-sroka-black-transpa.png","contentUrl":"https:\/\/srokacompany.com\/wp-content\/uploads\/2021\/01\/logo-sroka-black-transpa.png","width":1201,"height":342,"caption":"SROKACOMPANY"},"image":{"@id":"https:\/\/srokacompany.com\/es\/#\/schema\/logo\/image\/"},"sameAs":["https:\/\/www.facebook.com\/srokawatersports\/","https:\/\/www.instagram.com\/srokawatersports\/","https:\/\/www.youtube.com\/channel\/UCVLHHeaPIm-J5bdEUgxqtZA"]}]}},"uagb_featured_image_src":{"full":["https:\/\/srokacompany.com\/wp-content\/uploads\/2023\/07\/Aile-avant-1190-waves-1-1.png",740,1080,false],"thumbnail":["https:\/\/srokacompany.com\/wp-content\/uploads\/2023\/07\/Aile-avant-1190-waves-1-1-150x150.png",150,150,true],"medium":["https:\/\/srokacompany.com\/wp-content\/uploads\/2023\/07\/Aile-avant-1190-waves-1-1-206x300.png",206,300,true],"medium_large":["https:\/\/srokacompany.com\/wp-content\/uploads\/2023\/07\/Aile-avant-1190-waves-1-1.png",740,1080,false],"large":["https:\/\/srokacompany.com\/wp-content\/uploads\/2023\/07\/Aile-avant-1190-waves-1-1-702x1024.png",702,1024,true],"1536x1536":["https:\/\/srokacompany.com\/wp-content\/uploads\/2023\/07\/Aile-avant-1190-waves-1-1.png",740,1080,false],"2048x2048":["https:\/\/srokacompany.com\/wp-content\/uploads\/2023\/07\/Aile-avant-1190-waves-1-1.png",740,1080,false],"woocommerce_thumbnail":["https:\/\/srokacompany.com\/wp-content\/uploads\/2023\/07\/Aile-avant-1190-waves-1-1-600x876.png",600,876,true],"woocommerce_single":["https:\/\/srokacompany.com\/wp-content\/uploads\/2023\/07\/Aile-avant-1190-waves-1-1-600x876.png",600,876,true],"woocommerce_gallery_thumbnail":["https:\/\/srokacompany.com\/wp-content\/uploads\/2023\/07\/Aile-avant-1190-waves-1-1-100x100.png",100,100,true],"dgwt-wcas-product-suggestion":["https:\/\/srokacompany.com\/wp-content\/uploads\/2023\/07\/Aile-avant-1190-waves-1-1.png",64,93,false]},"uagb_author_info":{"display_name":"Emmanuel DIJOUX","author_link":"https:\/\/srokacompany.com\/es\/blog\/author\/"},"uagb_comment_info":0,"uagb_excerpt":"Gesti\u00f3n flexible: un nuevo proceso para optimizar el rendimiento del bombeo. Gracias a exhaustivas pruebas y a meses de investigaci\u00f3n y desarrollo, hemos aplicado diferentes m\u00e9todos, incluyendo una rigurosa elecci\u00f3n de materiales, una organizaci\u00f3n estrat\u00e9gica de las capas de carbono, una distribuci\u00f3n espec\u00edfica de los refuerzos y un dise\u00f1o preciso del perfil para gestionar la&hellip;","jetpack_sharing_enabled":true,"_links":{"self":[{"href":"https:\/\/srokacompany.com\/es\/wp-json\/wp\/v2\/product\/343862","targetHints":{"allow":["GET"]}}],"collection":[{"href":"https:\/\/srokacompany.com\/es\/wp-json\/wp\/v2\/product"}],"about":[{"href":"https:\/\/srokacompany.com\/es\/wp-json\/wp\/v2\/types\/product"}],"wp:featuredmedia":[{"embeddable":true,"href":"https:\/\/srokacompany.com\/es\/wp-json\/wp\/v2\/media\/343864"}],"wp:attachment":[{"href":"https:\/\/srokacompany.com\/es\/wp-json\/wp\/v2\/media?parent=343862"}],"wp:term":[{"taxonomy":"product_brand","embeddable":true,"href":"https:\/\/srokacompany.com\/es\/wp-json\/wp\/v2\/product_brand?post=343862"},{"taxonomy":"product_cat","embeddable":true,"href":"https:\/\/srokacompany.com\/es\/wp-json\/wp\/v2\/product_cat?post=343862"},{"taxonomy":"product_tag","embeddable":true,"href":"https:\/\/srokacompany.com\/es\/wp-json\/wp\/v2\/product_tag?post=343862"}],"curies":[{"name":"wp","href":"https:\/\/api.w.org\/{rel}","templated":true}]}}