{"id":343895,"date":"2023-07-27T08:55:00","date_gmt":"2023-07-27T08:55:00","guid":{"rendered":"https:\/\/srokacompany.com\/produit\/aleron-delantero-high-aspect-810-s-ha\/"},"modified":"2025-11-25T11:04:38","modified_gmt":"2025-11-25T09:04:38","slug":"aleron-delantero-high-aspect-810-s-ha","status":"publish","type":"product","link":"https:\/\/srokacompany.com\/es\/produit\/aleron-delantero-high-aspect-810-s-ha\/","title":{"rendered":"Aler\u00f3n delantero High Aspect 810 S HA"},"content":{"rendered":"<hr>\n<div class=\"message\">\n<div class=\"content\" tabindex=\"0\">\n<div class=\"ac-container ac-adaptiveCard\">\n<div class=\"ac-textBlock\">\n<h2>El \u00fanico ala que necesita<\/h2>\n<p>El<b>aler\u00f3n delantero High Aspect 810 S HA<\/b> ha sido dise\u00f1ado para ser la soluci\u00f3n integral para los pilotos que no quieren hacer concesiones, pero buscan un aler\u00f3n que cubra multitud de pr\u00e1cticas. Olv\u00eddate de tener que elegir: esta ala hace que <b>el rendimiento sea accesible y divertido<\/b>, tanto si eres principiante como experto. <\/p>\n<ul>\n<li><b>Despegue f\u00e1cil y r\u00e1pido:<\/b> A diferencia de las velas de competici\u00f3n puras, la <b>810 S HA<\/b> ofrece un despegue muy f\u00e1cil gracias a su sustentaci\u00f3n progresiva. Te permite estar en el aire antes, abriendo un mayor rango de uso, incluso cuando el viento amaina. <\/li>\n<li><b>Velocidad y estabilidad:<\/b> Disfruta de <b>una gran velocidad<\/b> y un excelente <i>Glide<\/i> para Freeride o Race. Su compacidad y perfil garantizan una <b>estabilidad<\/b> impecable a altas velocidades, proporcion\u00e1ndote el control que necesitas para superar tus l\u00edmites con confianza. <\/li>\n<\/ul>\n<p>&nbsp;<\/p>\n<h2>El coraz\u00f3n de la polivalencia<\/h2>\n<p>El  <b>810 S HA<\/b> exchttps:\/\/youtu.be\/7S8WT4bqUk8?si=EfX_YFdPAXG5Qo1bhttps:\/\/youtu.be\/7S8WT4bqUk8?si=EfX_YFdPAXG5Qo1belle en todas las facetas del Foil:<\/p>\n<ul>\n<li><b>Wingfoil (Freestyle\/Race)<\/b>: Ofrece tanto la potencia para lanzar trucos en <b>Freestyle<\/b> como la estabilidad para enlazar trayectorias en <b>Race<\/b>.<\/li>\n<li><b>Kitefoil<\/b>: Su tranquilizadora estabilidad lo hace ideal para el Kitefoil, permiti\u00e9ndole navegar a toda velocidad sin excesivo tecnicismo.<\/li>\n<li><b>Olas \/ Surf foil<\/b>: Su maniobrabilidad y control te permiten <b>carvear<\/b> con facilidad en olas grandes, lo que hace que <b>el Surf foil<\/b> sea m\u00e1s intuitivo y divertido.<\/li>\n<\/ul>\n<p>Fabricado <b>con carbono preimpregnado<\/b>, el<b>aler\u00f3n delantero High Aspect 810 S HA<\/b> es la inversi\u00f3n inteligente para progresar de forma constante manteniendo el rendimiento que le permitir\u00e1 superar a todos los dem\u00e1s en el agua.<\/p>\n<\/div>\n<\/div>\n<\/div>\n<\/div>\n","protected":false},"excerpt":{"rendered":"<p><b>Aler\u00f3n delantero High Aspect 810 S HA:<\/b> El <b> 4&#215;4<\/b> del rendimiento. Un equilibrio perfecto entre <b>alta velocidad<\/b> y <b>estabilidad accesible<\/b>. Despegue ultrarr\u00e1pido, ideal para <b>Wingfoil<\/b>, <b>Kitefoil<\/b>, <b>Freestyle<\/b>, para pilotos de nivel principiante a experto que quieren un ala que lo haga todo.  <\/p>\n","protected":false},"featured_media":343904,"template":"","meta":{"_acf_changed":false,"_uag_custom_page_level_css":""},"product_brand":[],"product_cat":[3425,3470],"product_tag":[3429,3450,3427],"class_list":{"0":"post-343895","1":"product","2":"type-product","3":"status-publish","4":"has-post-thumbnail","6":"product_cat-aletas-foil","7":"product_cat-todas-nuestras-cuchillas-de-alto-aspecto","8":"product_tag-avanzado","9":"product_tag-experto","10":"product_tag-ingenioso","11":"product_shipping_class-foil-unidad-completa-o-piezas-alas","13":"first","14":"instock","15":"taxable","16":"shipping-taxable","17":"purchasable","18":"product-type-simple"},"acf":[],"yoast_head":"<!-- This site is optimized with the Yoast SEO plugin v27.4 - https:\/\/yoast.com\/product\/yoast-seo-wordpress\/ -->\n<title>Aler\u00f3n delantero High Aspect 810 S HA - SROKA Company<\/title>\n<meta name=\"description\" content=\"El aler\u00f3n delantero High Aspect 810 S HA est\u00e1 dise\u00f1ado para cualquiera que quiera ir r\u00e1pido con un control absoluto en todas las condiciones.\" \/>\n<meta name=\"robots\" content=\"index, follow, max-snippet:-1, max-image-preview:large, max-video-preview:-1\" \/>\n<link rel=\"canonical\" href=\"https:\/\/srokacompany.com\/es\/produit\/aleron-delantero-high-aspect-810-s-ha\/\" \/>\n<meta property=\"og:locale\" content=\"es_ES\" \/>\n<meta property=\"og:type\" content=\"article\" \/>\n<meta property=\"og:title\" content=\"Aler\u00f3n delantero High Aspect 810 S HA - SROKA Company\" \/>\n<meta property=\"og:description\" content=\"El aler\u00f3n delantero High Aspect 810 S HA est\u00e1 dise\u00f1ado para cualquiera que quiera ir r\u00e1pido con un control absoluto en todas las condiciones.\" \/>\n<meta property=\"og:url\" content=\"https:\/\/srokacompany.com\/es\/produit\/aleron-delantero-high-aspect-810-s-ha\/\" \/>\n<meta property=\"og:site_name\" content=\"SROKA Company\" \/>\n<meta property=\"article:publisher\" content=\"https:\/\/www.facebook.com\/srokawatersports\/\" \/>\n<meta property=\"article:modified_time\" content=\"2025-11-25T09:04:38+00:00\" \/>\n<meta property=\"og:image\" content=\"https:\/\/srokacompany.com\/wp-content\/uploads\/2023\/07\/810.895-2-1-scaled.jpg\" \/>\n\t<meta property=\"og:image:width\" content=\"2560\" \/>\n\t<meta property=\"og:image:height\" content=\"1920\" \/>\n\t<meta property=\"og:image:type\" content=\"image\/jpeg\" \/>\n<meta name=\"twitter:label1\" content=\"Tiempo de lectura\" \/>\n\t<meta name=\"twitter:data1\" content=\"1 minuto\" \/>\n<script type=\"application\/ld+json\" class=\"yoast-schema-graph\">{\"@context\":\"https:\\\/\\\/schema.org\",\"@graph\":[{\"@type\":\"WebPage\",\"@id\":\"https:\\\/\\\/srokacompany.com\\\/es\\\/produit\\\/aleron-delantero-high-aspect-810-s-ha\\\/\",\"url\":\"https:\\\/\\\/srokacompany.com\\\/es\\\/produit\\\/aleron-delantero-high-aspect-810-s-ha\\\/\",\"name\":\"Aler\u00f3n delantero High Aspect 810 S HA - SROKA Company\",\"isPartOf\":{\"@id\":\"https:\\\/\\\/srokacompany.com\\\/es\\\/#website\"},\"primaryImageOfPage\":{\"@id\":\"https:\\\/\\\/srokacompany.com\\\/es\\\/produit\\\/aleron-delantero-high-aspect-810-s-ha\\\/#primaryimage\"},\"image\":{\"@id\":\"https:\\\/\\\/srokacompany.com\\\/es\\\/produit\\\/aleron-delantero-high-aspect-810-s-ha\\\/#primaryimage\"},\"thumbnailUrl\":\"https:\\\/\\\/srokacompany.com\\\/wp-content\\\/uploads\\\/2023\\\/07\\\/810.895-2-1-scaled.jpg\",\"datePublished\":\"2023-07-27T08:55:00+00:00\",\"dateModified\":\"2025-11-25T09:04:38+00:00\",\"description\":\"El aler\u00f3n delantero High Aspect 810 S HA est\u00e1 dise\u00f1ado para cualquiera que quiera ir r\u00e1pido con un control absoluto en todas las condiciones.\",\"breadcrumb\":{\"@id\":\"https:\\\/\\\/srokacompany.com\\\/es\\\/produit\\\/aleron-delantero-high-aspect-810-s-ha\\\/#breadcrumb\"},\"inLanguage\":\"es\",\"potentialAction\":[{\"@type\":\"ReadAction\",\"target\":[\"https:\\\/\\\/srokacompany.com\\\/es\\\/produit\\\/aleron-delantero-high-aspect-810-s-ha\\\/\"]}]},{\"@type\":\"ImageObject\",\"inLanguage\":\"es\",\"@id\":\"https:\\\/\\\/srokacompany.com\\\/es\\\/produit\\\/aleron-delantero-high-aspect-810-s-ha\\\/#primaryimage\",\"url\":\"https:\\\/\\\/srokacompany.com\\\/wp-content\\\/uploads\\\/2023\\\/07\\\/810.895-2-1-scaled.jpg\",\"contentUrl\":\"https:\\\/\\\/srokacompany.com\\\/wp-content\\\/uploads\\\/2023\\\/07\\\/810.895-2-1-scaled.jpg\",\"width\":2560,\"height\":1920},{\"@type\":\"BreadcrumbList\",\"@id\":\"https:\\\/\\\/srokacompany.com\\\/es\\\/produit\\\/aleron-delantero-high-aspect-810-s-ha\\\/#breadcrumb\",\"itemListElement\":[{\"@type\":\"ListItem\",\"position\":1,\"name\":\"Accueil\",\"item\":\"https:\\\/\\\/srokacompany.com\\\/es\\\/\"},{\"@type\":\"ListItem\",\"position\":2,\"name\":\"Tienda\",\"item\":\"https:\\\/\\\/srokacompany.com\\\/tienda\\\/\"},{\"@type\":\"ListItem\",\"position\":3,\"name\":\"Aler\u00f3n delantero High Aspect 810 S HA\"}]},{\"@type\":\"WebSite\",\"@id\":\"https:\\\/\\\/srokacompany.com\\\/es\\\/#website\",\"url\":\"https:\\\/\\\/srokacompany.com\\\/es\\\/\",\"name\":\"SROKA Company\",\"description\":\"SUP, Kite, Foil, Wing\",\"publisher\":{\"@id\":\"https:\\\/\\\/srokacompany.com\\\/es\\\/#organization\"},\"potentialAction\":[{\"@type\":\"SearchAction\",\"target\":{\"@type\":\"EntryPoint\",\"urlTemplate\":\"https:\\\/\\\/srokacompany.com\\\/es\\\/?s={search_term_string}\"},\"query-input\":{\"@type\":\"PropertyValueSpecification\",\"valueRequired\":true,\"valueName\":\"search_term_string\"}}],\"inLanguage\":\"es\"},{\"@type\":\"Organization\",\"@id\":\"https:\\\/\\\/srokacompany.com\\\/es\\\/#organization\",\"name\":\"SROKACOMPANY\",\"alternateName\":\"SROKA\",\"url\":\"https:\\\/\\\/srokacompany.com\\\/es\\\/\",\"logo\":{\"@type\":\"ImageObject\",\"inLanguage\":\"es\",\"@id\":\"https:\\\/\\\/srokacompany.com\\\/es\\\/#\\\/schema\\\/logo\\\/image\\\/\",\"url\":\"https:\\\/\\\/srokacompany.com\\\/wp-content\\\/uploads\\\/2021\\\/01\\\/logo-sroka-black-transpa.png\",\"contentUrl\":\"https:\\\/\\\/srokacompany.com\\\/wp-content\\\/uploads\\\/2021\\\/01\\\/logo-sroka-black-transpa.png\",\"width\":1201,\"height\":342,\"caption\":\"SROKACOMPANY\"},\"image\":{\"@id\":\"https:\\\/\\\/srokacompany.com\\\/es\\\/#\\\/schema\\\/logo\\\/image\\\/\"},\"sameAs\":[\"https:\\\/\\\/www.facebook.com\\\/srokawatersports\\\/\",\"https:\\\/\\\/www.instagram.com\\\/srokawatersports\\\/\",\"https:\\\/\\\/www.youtube.com\\\/channel\\\/UCVLHHeaPIm-J5bdEUgxqtZA\"]}]}<\/script>\n<!-- \/ Yoast SEO plugin. -->","yoast_head_json":{"title":"Aler\u00f3n delantero High Aspect 810 S HA - SROKA Company","description":"El aler\u00f3n delantero High Aspect 810 S HA est\u00e1 dise\u00f1ado para cualquiera que quiera ir r\u00e1pido con un control absoluto en todas las condiciones.","robots":{"index":"index","follow":"follow","max-snippet":"max-snippet:-1","max-image-preview":"max-image-preview:large","max-video-preview":"max-video-preview:-1"},"canonical":"https:\/\/srokacompany.com\/es\/produit\/aleron-delantero-high-aspect-810-s-ha\/","og_locale":"es_ES","og_type":"article","og_title":"Aler\u00f3n delantero High Aspect 810 S HA - SROKA Company","og_description":"El aler\u00f3n delantero High Aspect 810 S HA est\u00e1 dise\u00f1ado para cualquiera que quiera ir r\u00e1pido con un control absoluto en todas las condiciones.","og_url":"https:\/\/srokacompany.com\/es\/produit\/aleron-delantero-high-aspect-810-s-ha\/","og_site_name":"SROKA Company","article_publisher":"https:\/\/www.facebook.com\/srokawatersports\/","article_modified_time":"2025-11-25T09:04:38+00:00","og_image":[{"width":2560,"height":1920,"url":"https:\/\/srokacompany.com\/wp-content\/uploads\/2023\/07\/810.895-2-1-scaled.jpg","type":"image\/jpeg"}],"twitter_misc":{"Tiempo de lectura":"1 minuto"},"schema":{"@context":"https:\/\/schema.org","@graph":[{"@type":"WebPage","@id":"https:\/\/srokacompany.com\/es\/produit\/aleron-delantero-high-aspect-810-s-ha\/","url":"https:\/\/srokacompany.com\/es\/produit\/aleron-delantero-high-aspect-810-s-ha\/","name":"Aler\u00f3n delantero High Aspect 810 S HA - SROKA Company","isPartOf":{"@id":"https:\/\/srokacompany.com\/es\/#website"},"primaryImageOfPage":{"@id":"https:\/\/srokacompany.com\/es\/produit\/aleron-delantero-high-aspect-810-s-ha\/#primaryimage"},"image":{"@id":"https:\/\/srokacompany.com\/es\/produit\/aleron-delantero-high-aspect-810-s-ha\/#primaryimage"},"thumbnailUrl":"https:\/\/srokacompany.com\/wp-content\/uploads\/2023\/07\/810.895-2-1-scaled.jpg","datePublished":"2023-07-27T08:55:00+00:00","dateModified":"2025-11-25T09:04:38+00:00","description":"El aler\u00f3n delantero High Aspect 810 S HA est\u00e1 dise\u00f1ado para cualquiera que quiera ir r\u00e1pido con un control absoluto en todas las condiciones.","breadcrumb":{"@id":"https:\/\/srokacompany.com\/es\/produit\/aleron-delantero-high-aspect-810-s-ha\/#breadcrumb"},"inLanguage":"es","potentialAction":[{"@type":"ReadAction","target":["https:\/\/srokacompany.com\/es\/produit\/aleron-delantero-high-aspect-810-s-ha\/"]}]},{"@type":"ImageObject","inLanguage":"es","@id":"https:\/\/srokacompany.com\/es\/produit\/aleron-delantero-high-aspect-810-s-ha\/#primaryimage","url":"https:\/\/srokacompany.com\/wp-content\/uploads\/2023\/07\/810.895-2-1-scaled.jpg","contentUrl":"https:\/\/srokacompany.com\/wp-content\/uploads\/2023\/07\/810.895-2-1-scaled.jpg","width":2560,"height":1920},{"@type":"BreadcrumbList","@id":"https:\/\/srokacompany.com\/es\/produit\/aleron-delantero-high-aspect-810-s-ha\/#breadcrumb","itemListElement":[{"@type":"ListItem","position":1,"name":"Accueil","item":"https:\/\/srokacompany.com\/es\/"},{"@type":"ListItem","position":2,"name":"Tienda","item":"https:\/\/srokacompany.com\/tienda\/"},{"@type":"ListItem","position":3,"name":"Aler\u00f3n delantero High Aspect 810 S HA"}]},{"@type":"WebSite","@id":"https:\/\/srokacompany.com\/es\/#website","url":"https:\/\/srokacompany.com\/es\/","name":"SROKA Company","description":"SUP, Kite, Foil, Wing","publisher":{"@id":"https:\/\/srokacompany.com\/es\/#organization"},"potentialAction":[{"@type":"SearchAction","target":{"@type":"EntryPoint","urlTemplate":"https:\/\/srokacompany.com\/es\/?s={search_term_string}"},"query-input":{"@type":"PropertyValueSpecification","valueRequired":true,"valueName":"search_term_string"}}],"inLanguage":"es"},{"@type":"Organization","@id":"https:\/\/srokacompany.com\/es\/#organization","name":"SROKACOMPANY","alternateName":"SROKA","url":"https:\/\/srokacompany.com\/es\/","logo":{"@type":"ImageObject","inLanguage":"es","@id":"https:\/\/srokacompany.com\/es\/#\/schema\/logo\/image\/","url":"https:\/\/srokacompany.com\/wp-content\/uploads\/2021\/01\/logo-sroka-black-transpa.png","contentUrl":"https:\/\/srokacompany.com\/wp-content\/uploads\/2021\/01\/logo-sroka-black-transpa.png","width":1201,"height":342,"caption":"SROKACOMPANY"},"image":{"@id":"https:\/\/srokacompany.com\/es\/#\/schema\/logo\/image\/"},"sameAs":["https:\/\/www.facebook.com\/srokawatersports\/","https:\/\/www.instagram.com\/srokawatersports\/","https:\/\/www.youtube.com\/channel\/UCVLHHeaPIm-J5bdEUgxqtZA"]}]}},"uagb_featured_image_src":{"full":["https:\/\/srokacompany.com\/wp-content\/uploads\/2023\/07\/810.895-2-1-scaled.jpg",2560,1920,false],"thumbnail":["https:\/\/srokacompany.com\/wp-content\/uploads\/2023\/07\/810.895-2-1-150x150.jpg",150,150,true],"medium":["https:\/\/srokacompany.com\/wp-content\/uploads\/2023\/07\/810.895-2-1-300x225.jpg",300,225,true],"medium_large":["https:\/\/srokacompany.com\/wp-content\/uploads\/2023\/07\/810.895-2-1-768x576.jpg",768,576,true],"large":["https:\/\/srokacompany.com\/wp-content\/uploads\/2023\/07\/810.895-2-1-1024x768.jpg",1024,768,true],"1536x1536":["https:\/\/srokacompany.com\/wp-content\/uploads\/2023\/07\/810.895-2-1-1536x1152.jpg",1536,1152,true],"2048x2048":["https:\/\/srokacompany.com\/wp-content\/uploads\/2023\/07\/810.895-2-1-2048x1536.jpg",2048,1536,true],"woocommerce_thumbnail":["https:\/\/srokacompany.com\/wp-content\/uploads\/2023\/07\/810.895-2-1-600x450.jpg",600,450,true],"woocommerce_single":["https:\/\/srokacompany.com\/wp-content\/uploads\/2023\/07\/810.895-2-1-600x450.jpg",600,450,true],"woocommerce_gallery_thumbnail":["https:\/\/srokacompany.com\/wp-content\/uploads\/2023\/07\/810.895-2-1-100x100.jpg",100,100,true],"dgwt-wcas-product-suggestion":["https:\/\/srokacompany.com\/wp-content\/uploads\/2023\/07\/810.895-2-1-scaled.jpg",64,48,false]},"uagb_author_info":{"display_name":"Emmanuel DIJOUX","author_link":"https:\/\/srokacompany.com\/es\/blog\/author\/"},"uagb_comment_info":0,"uagb_excerpt":"Aler\u00f3n delantero High Aspect 810 S HA: El 4x4 del rendimiento. Un equilibrio perfecto entre alta velocidad y estabilidad accesible. Despegue ultrarr\u00e1pido, ideal para Wingfoil, Kitefoil, Freestyle, para pilotos de nivel principiante a experto que quieren un ala que lo haga todo.","jetpack_sharing_enabled":true,"_links":{"self":[{"href":"https:\/\/srokacompany.com\/es\/wp-json\/wp\/v2\/product\/343895","targetHints":{"allow":["GET"]}}],"collection":[{"href":"https:\/\/srokacompany.com\/es\/wp-json\/wp\/v2\/product"}],"about":[{"href":"https:\/\/srokacompany.com\/es\/wp-json\/wp\/v2\/types\/product"}],"wp:featuredmedia":[{"embeddable":true,"href":"https:\/\/srokacompany.com\/es\/wp-json\/wp\/v2\/media\/343904"}],"wp:attachment":[{"href":"https:\/\/srokacompany.com\/es\/wp-json\/wp\/v2\/media?parent=343895"}],"wp:term":[{"taxonomy":"product_brand","embeddable":true,"href":"https:\/\/srokacompany.com\/es\/wp-json\/wp\/v2\/product_brand?post=343895"},{"taxonomy":"product_cat","embeddable":true,"href":"https:\/\/srokacompany.com\/es\/wp-json\/wp\/v2\/product_cat?post=343895"},{"taxonomy":"product_tag","embeddable":true,"href":"https:\/\/srokacompany.com\/es\/wp-json\/wp\/v2\/product_tag?post=343895"}],"curies":[{"name":"wp","href":"https:\/\/api.w.org\/{rel}","templated":true}]}}