{"id":343938,"date":"2023-09-05T14:11:43","date_gmt":"2023-09-05T14:11:43","guid":{"rendered":"https:\/\/srokacompany.com\/produit\/mastil-solo-carbono-16-mm-85-cm-fuselaje\/"},"modified":"2026-02-02T17:39:35","modified_gmt":"2026-02-02T15:39:35","slug":"mastil-solo-carbono-16-mm-85-cm-fuselaje","status":"publish","type":"product","link":"https:\/\/srokacompany.com\/es\/produit\/mastil-solo-carbono-16-mm-85-cm-fuselaje\/","title":{"rendered":"HM 85 Wing foil M\u00e1stil de carbono (16 mm) + Fuselaje"},"content":{"rendered":"<p data-path-to-node=\"9\">El m\u00e1stil de<b data-path-to-node=\"9\" data-index-in-node=\"3\">carbono HM 85 Wing foil Solo 16 mm<\/b> no es s\u00f3lo un accesorio, es una revoluci\u00f3n para tu foil. Dise\u00f1ado para ciclistas exigentes, combina la ligereza del carbono con una excepcional rigidez torsional.<\/p>\n<p data-path-to-node=\"9\">El <b data-path-to-node=\"10\" data-index-in-node=\"4\">m\u00e1stil de carbono Solo HM de 16 mm (85 cm)<\/b> con fuselaje integrado redefine los est\u00e1ndares del vuelo sin motor. Gracias al uso de <b data-path-to-node=\"10\" data-index-in-node=\"123\">carbono de alto m\u00f3dulo (HM M40J)<\/b>, este m\u00e1stil de carbono ofrece una rigidez sin precedentes y un 30% menos de resistencia que los modelos de aluminio. Tanto si te gusta el Wing foil como el Surf foil, el m\u00e1stil de carbono Solo HM garantiza una transmisi\u00f3n directa de la energ\u00eda para un control absoluto en todas las condiciones\u00bfPor qu\u00e9 elegir el m\u00e1stil de carbono Wing foil Solo 85 cm HM de Sroka?<\/p>\n<h3 data-path-to-node=\"10\">Tecnolog\u00eda de carbono de alto m\u00f3dulo M40J<\/h3>\n<p data-path-to-node=\"11\">A diferencia de los m\u00e1stiles est\u00e1ndar, utilizamos <b data-path-to-node=\"11\" data-index-in-node=\"49\">140 capas de carbono con un 62% de M40J de alto m\u00f3dulo<\/b>. Esta tecnolog\u00eda permite reducir el perfil a s\u00f3lo <b data-path-to-node=\"11\" data-index-in-node=\"147\">16 mm de grosor<\/b> sin sacrificar la resistencia. \u00bfEl resultado? Penetraci\u00f3n \u00f3ptima en el agua y reducci\u00f3n dr\u00e1stica de la resistencia aerodin\u00e1mica para aumentar la velocidad m\u00e1xima.<\/p>\n<h3 data-path-to-node=\"12\">Fuselaje de aluminio para una m\u00e1xima estabilidad<\/h3>\n<p data-path-to-node=\"13\">Este pack incluye un <b data-path-to-node=\"13\" data-index-in-node=\"18\">fuselaje de aluminio aeron\u00e1utico 6061-T6<\/b> mecanizado por CNC. Esta alianza carbono\/aluminio garantiza :<\/p>\n<ul data-path-to-node=\"14\">\n<li>\n<p data-path-to-node=\"14,0,0\">Una conexi\u00f3n ultrarr\u00edgida entre el m\u00e1stil y el fuselaje.<\/p>\n<\/li>\n<li>\n<p data-path-to-node=\"14,1,0\">Mayor durabilidad contra la corrosi\u00f3n.<\/p>\n<\/li>\n<li>\n<p data-path-to-node=\"14,2,0\">Versatilidad total con la gama de alas Sroka (S-Line, High Aspect).<\/p>\n<\/li>\n<\/ul>\n<p><strong>Fuselaje de carbono disponible.<\/strong><\/p>\n<h3 data-path-to-node=\"15\">Versatilidad: Wing foil, Surf y Kite<\/h3>\n<p data-path-to-node=\"16\">Con una longitud de <b data-path-to-node=\"16\" data-index-in-node=\"21\">85 cm<\/b>, este m\u00e1stil es el tama\u00f1o \u00abRicitos de Oro\u00bb ideal: lo suficientemente largo para evitar golpearse contra las olas en Wing foil, y lo suficientemente maniobrable para Surf foil o Kite foil. Transmite tu peso directamente, convirtiendo cada movimiento en pura aceleraci\u00f3n.<\/p>\n<hr>\n","protected":false},"excerpt":{"rendered":"<p data-path-to-node=\"4,0\">El <strong>m\u00e1stil de<\/strong><b data-path-to-node=\"10,0\" data-index-in-node=\"4\">carbono HM 85 Wing foil<\/b> Solo Sroka (16 mm) est\u00e1 dise\u00f1ado para riders exigentes y es la referencia para los que buscan la m\u00e1xima rigidez y planeo. Este <strong>bast\u00f3n de<\/strong><b data-path-to-node=\"10,0\" data-index-in-node=\"91\">carbono Wing foil HM 85<\/b> ofrece una rigidez a la torsi\u00f3n excepcional gracias a su fibra de alto m\u00f3dulo, garantizando una transmisi\u00f3n directa de su empuje.<\/p>\n","protected":false},"featured_media":343939,"template":"","meta":{"_acf_changed":false,"_uag_custom_page_level_css":""},"product_brand":[],"product_cat":[3486,3698,3673,3539,3482,3444],"product_tag":[3429,3450,3427],"class_list":{"0":"post-343938","1":"product","2":"type-product","3":"status-publish","4":"has-post-thumbnail","6":"product_cat-ala-de-laminas-foil","7":"product_cat-todas-las-laminas-de-carbono","8":"product_cat-todas-nuestras-laminas-control","9":"product_cat-todas-nuestras-laminas-de-alto-aspecto","10":"product_cat-todos-nuestros-sup-foil-foils-a-favor-del-viento","11":"product_cat-wing-foil-es","12":"product_tag-avanzado","13":"product_tag-experto","14":"product_tag-ingenioso","15":"product_shipping_class-foil-unidad-completa-o-piezas-alas","17":"first","18":"instock","19":"taxable","20":"shipping-taxable","21":"purchasable","22":"product-type-variable","23":"has-default-attributes"},"acf":[],"yoast_head":"<!-- This site is optimized with the Yoast SEO plugin v27.4 - https:\/\/yoast.com\/product\/yoast-seo-wordpress\/ -->\n<title>HM 85 Wing foil M\u00e1stil de carbono (16 mm) + Fuselaje - SROKA Company<\/title>\n<meta name=\"description\" content=\"Descubra el HM 85 Wing foil l Solo Carbon Mast (16 mm). 30% menos de resistencia aerodin\u00e1mica, rigidez HM M40J y fuselaje de aluminio incluido. Rendimiento y planeo de Sroka.\" \/>\n<meta name=\"robots\" content=\"index, follow, max-snippet:-1, max-image-preview:large, max-video-preview:-1\" \/>\n<link rel=\"canonical\" href=\"https:\/\/srokacompany.com\/es\/produit\/mastil-solo-carbono-16-mm-85-cm-fuselaje\/\" \/>\n<meta property=\"og:locale\" content=\"es_ES\" \/>\n<meta property=\"og:type\" content=\"article\" \/>\n<meta property=\"og:title\" content=\"HM 85 Wing foil M\u00e1stil de carbono (16 mm) + Fuselaje - SROKA Company\" \/>\n<meta property=\"og:description\" content=\"Descubra el HM 85 Wing foil l Solo Carbon Mast (16 mm). 30% menos de resistencia aerodin\u00e1mica, rigidez HM M40J y fuselaje de aluminio incluido. Rendimiento y planeo de Sroka.\" \/>\n<meta property=\"og:url\" content=\"https:\/\/srokacompany.com\/es\/produit\/mastil-solo-carbono-16-mm-85-cm-fuselaje\/\" \/>\n<meta property=\"og:site_name\" content=\"SROKA Company\" \/>\n<meta property=\"article:publisher\" content=\"https:\/\/www.facebook.com\/srokawatersports\/\" \/>\n<meta property=\"article:modified_time\" content=\"2026-02-02T15:39:35+00:00\" \/>\n<meta property=\"og:image\" content=\"https:\/\/srokacompany.com\/wp-content\/uploads\/2023\/09\/mat-fuselage-16mm-fond-transparent_.png\" \/>\n\t<meta property=\"og:image:width\" content=\"2048\" \/>\n\t<meta property=\"og:image:height\" content=\"2730\" \/>\n\t<meta property=\"og:image:type\" content=\"image\/png\" \/>\n<meta name=\"twitter:label1\" content=\"Tiempo de lectura\" \/>\n\t<meta name=\"twitter:data1\" content=\"2 minutos\" \/>\n<script type=\"application\/ld+json\" class=\"yoast-schema-graph\">{\"@context\":\"https:\\\/\\\/schema.org\",\"@graph\":[{\"@type\":\"WebPage\",\"@id\":\"https:\\\/\\\/srokacompany.com\\\/es\\\/produit\\\/mastil-solo-carbono-16-mm-85-cm-fuselaje\\\/\",\"url\":\"https:\\\/\\\/srokacompany.com\\\/es\\\/produit\\\/mastil-solo-carbono-16-mm-85-cm-fuselaje\\\/\",\"name\":\"HM 85 Wing foil M\u00e1stil de carbono (16 mm) + Fuselaje - SROKA Company\",\"isPartOf\":{\"@id\":\"https:\\\/\\\/srokacompany.com\\\/es\\\/#website\"},\"primaryImageOfPage\":{\"@id\":\"https:\\\/\\\/srokacompany.com\\\/es\\\/produit\\\/mastil-solo-carbono-16-mm-85-cm-fuselaje\\\/#primaryimage\"},\"image\":{\"@id\":\"https:\\\/\\\/srokacompany.com\\\/es\\\/produit\\\/mastil-solo-carbono-16-mm-85-cm-fuselaje\\\/#primaryimage\"},\"thumbnailUrl\":\"https:\\\/\\\/srokacompany.com\\\/wp-content\\\/uploads\\\/2023\\\/09\\\/mat-fuselage-16mm-fond-transparent_.png\",\"datePublished\":\"2023-09-05T14:11:43+00:00\",\"dateModified\":\"2026-02-02T15:39:35+00:00\",\"description\":\"Descubra el HM 85 Wing foil l Solo Carbon Mast (16 mm). 30% menos de resistencia aerodin\u00e1mica, rigidez HM M40J y fuselaje de aluminio incluido. Rendimiento y planeo de Sroka.\",\"breadcrumb\":{\"@id\":\"https:\\\/\\\/srokacompany.com\\\/es\\\/produit\\\/mastil-solo-carbono-16-mm-85-cm-fuselaje\\\/#breadcrumb\"},\"inLanguage\":\"es\",\"potentialAction\":[{\"@type\":\"ReadAction\",\"target\":[\"https:\\\/\\\/srokacompany.com\\\/es\\\/produit\\\/mastil-solo-carbono-16-mm-85-cm-fuselaje\\\/\"]}]},{\"@type\":\"ImageObject\",\"inLanguage\":\"es\",\"@id\":\"https:\\\/\\\/srokacompany.com\\\/es\\\/produit\\\/mastil-solo-carbono-16-mm-85-cm-fuselaje\\\/#primaryimage\",\"url\":\"https:\\\/\\\/srokacompany.com\\\/wp-content\\\/uploads\\\/2023\\\/09\\\/mat-fuselage-16mm-fond-transparent_.png\",\"contentUrl\":\"https:\\\/\\\/srokacompany.com\\\/wp-content\\\/uploads\\\/2023\\\/09\\\/mat-fuselage-16mm-fond-transparent_.png\",\"width\":2048,\"height\":2730},{\"@type\":\"BreadcrumbList\",\"@id\":\"https:\\\/\\\/srokacompany.com\\\/es\\\/produit\\\/mastil-solo-carbono-16-mm-85-cm-fuselaje\\\/#breadcrumb\",\"itemListElement\":[{\"@type\":\"ListItem\",\"position\":1,\"name\":\"Accueil\",\"item\":\"https:\\\/\\\/srokacompany.com\\\/es\\\/\"},{\"@type\":\"ListItem\",\"position\":2,\"name\":\"Tienda\",\"item\":\"https:\\\/\\\/srokacompany.com\\\/tienda\\\/\"},{\"@type\":\"ListItem\",\"position\":3,\"name\":\"HM 85 Wing foil M\u00e1stil de carbono (16 mm) + Fuselaje\"}]},{\"@type\":\"WebSite\",\"@id\":\"https:\\\/\\\/srokacompany.com\\\/es\\\/#website\",\"url\":\"https:\\\/\\\/srokacompany.com\\\/es\\\/\",\"name\":\"SROKA Company\",\"description\":\"SUP, Kite, Foil, Wing\",\"publisher\":{\"@id\":\"https:\\\/\\\/srokacompany.com\\\/es\\\/#organization\"},\"potentialAction\":[{\"@type\":\"SearchAction\",\"target\":{\"@type\":\"EntryPoint\",\"urlTemplate\":\"https:\\\/\\\/srokacompany.com\\\/es\\\/?s={search_term_string}\"},\"query-input\":{\"@type\":\"PropertyValueSpecification\",\"valueRequired\":true,\"valueName\":\"search_term_string\"}}],\"inLanguage\":\"es\"},{\"@type\":\"Organization\",\"@id\":\"https:\\\/\\\/srokacompany.com\\\/es\\\/#organization\",\"name\":\"SROKACOMPANY\",\"alternateName\":\"SROKA\",\"url\":\"https:\\\/\\\/srokacompany.com\\\/es\\\/\",\"logo\":{\"@type\":\"ImageObject\",\"inLanguage\":\"es\",\"@id\":\"https:\\\/\\\/srokacompany.com\\\/es\\\/#\\\/schema\\\/logo\\\/image\\\/\",\"url\":\"https:\\\/\\\/srokacompany.com\\\/wp-content\\\/uploads\\\/2021\\\/01\\\/logo-sroka-black-transpa.png\",\"contentUrl\":\"https:\\\/\\\/srokacompany.com\\\/wp-content\\\/uploads\\\/2021\\\/01\\\/logo-sroka-black-transpa.png\",\"width\":1201,\"height\":342,\"caption\":\"SROKACOMPANY\"},\"image\":{\"@id\":\"https:\\\/\\\/srokacompany.com\\\/es\\\/#\\\/schema\\\/logo\\\/image\\\/\"},\"sameAs\":[\"https:\\\/\\\/www.facebook.com\\\/srokawatersports\\\/\",\"https:\\\/\\\/www.instagram.com\\\/srokawatersports\\\/\",\"https:\\\/\\\/www.youtube.com\\\/channel\\\/UCVLHHeaPIm-J5bdEUgxqtZA\"]}]}<\/script>\n<!-- \/ Yoast SEO plugin. -->","yoast_head_json":{"title":"HM 85 Wing foil M\u00e1stil de carbono (16 mm) + Fuselaje - SROKA Company","description":"Descubra el HM 85 Wing foil l Solo Carbon Mast (16 mm). 30% menos de resistencia aerodin\u00e1mica, rigidez HM M40J y fuselaje de aluminio incluido. Rendimiento y planeo de Sroka.","robots":{"index":"index","follow":"follow","max-snippet":"max-snippet:-1","max-image-preview":"max-image-preview:large","max-video-preview":"max-video-preview:-1"},"canonical":"https:\/\/srokacompany.com\/es\/produit\/mastil-solo-carbono-16-mm-85-cm-fuselaje\/","og_locale":"es_ES","og_type":"article","og_title":"HM 85 Wing foil M\u00e1stil de carbono (16 mm) + Fuselaje - SROKA Company","og_description":"Descubra el HM 85 Wing foil l Solo Carbon Mast (16 mm). 30% menos de resistencia aerodin\u00e1mica, rigidez HM M40J y fuselaje de aluminio incluido. Rendimiento y planeo de Sroka.","og_url":"https:\/\/srokacompany.com\/es\/produit\/mastil-solo-carbono-16-mm-85-cm-fuselaje\/","og_site_name":"SROKA Company","article_publisher":"https:\/\/www.facebook.com\/srokawatersports\/","article_modified_time":"2026-02-02T15:39:35+00:00","og_image":[{"width":2048,"height":2730,"url":"https:\/\/srokacompany.com\/wp-content\/uploads\/2023\/09\/mat-fuselage-16mm-fond-transparent_.png","type":"image\/png"}],"twitter_misc":{"Tiempo de lectura":"2 minutos"},"schema":{"@context":"https:\/\/schema.org","@graph":[{"@type":"WebPage","@id":"https:\/\/srokacompany.com\/es\/produit\/mastil-solo-carbono-16-mm-85-cm-fuselaje\/","url":"https:\/\/srokacompany.com\/es\/produit\/mastil-solo-carbono-16-mm-85-cm-fuselaje\/","name":"HM 85 Wing foil M\u00e1stil de carbono (16 mm) + Fuselaje - SROKA Company","isPartOf":{"@id":"https:\/\/srokacompany.com\/es\/#website"},"primaryImageOfPage":{"@id":"https:\/\/srokacompany.com\/es\/produit\/mastil-solo-carbono-16-mm-85-cm-fuselaje\/#primaryimage"},"image":{"@id":"https:\/\/srokacompany.com\/es\/produit\/mastil-solo-carbono-16-mm-85-cm-fuselaje\/#primaryimage"},"thumbnailUrl":"https:\/\/srokacompany.com\/wp-content\/uploads\/2023\/09\/mat-fuselage-16mm-fond-transparent_.png","datePublished":"2023-09-05T14:11:43+00:00","dateModified":"2026-02-02T15:39:35+00:00","description":"Descubra el HM 85 Wing foil l Solo Carbon Mast (16 mm). 30% menos de resistencia aerodin\u00e1mica, rigidez HM M40J y fuselaje de aluminio incluido. Rendimiento y planeo de Sroka.","breadcrumb":{"@id":"https:\/\/srokacompany.com\/es\/produit\/mastil-solo-carbono-16-mm-85-cm-fuselaje\/#breadcrumb"},"inLanguage":"es","potentialAction":[{"@type":"ReadAction","target":["https:\/\/srokacompany.com\/es\/produit\/mastil-solo-carbono-16-mm-85-cm-fuselaje\/"]}]},{"@type":"ImageObject","inLanguage":"es","@id":"https:\/\/srokacompany.com\/es\/produit\/mastil-solo-carbono-16-mm-85-cm-fuselaje\/#primaryimage","url":"https:\/\/srokacompany.com\/wp-content\/uploads\/2023\/09\/mat-fuselage-16mm-fond-transparent_.png","contentUrl":"https:\/\/srokacompany.com\/wp-content\/uploads\/2023\/09\/mat-fuselage-16mm-fond-transparent_.png","width":2048,"height":2730},{"@type":"BreadcrumbList","@id":"https:\/\/srokacompany.com\/es\/produit\/mastil-solo-carbono-16-mm-85-cm-fuselaje\/#breadcrumb","itemListElement":[{"@type":"ListItem","position":1,"name":"Accueil","item":"https:\/\/srokacompany.com\/es\/"},{"@type":"ListItem","position":2,"name":"Tienda","item":"https:\/\/srokacompany.com\/tienda\/"},{"@type":"ListItem","position":3,"name":"HM 85 Wing foil M\u00e1stil de carbono (16 mm) + Fuselaje"}]},{"@type":"WebSite","@id":"https:\/\/srokacompany.com\/es\/#website","url":"https:\/\/srokacompany.com\/es\/","name":"SROKA Company","description":"SUP, Kite, Foil, Wing","publisher":{"@id":"https:\/\/srokacompany.com\/es\/#organization"},"potentialAction":[{"@type":"SearchAction","target":{"@type":"EntryPoint","urlTemplate":"https:\/\/srokacompany.com\/es\/?s={search_term_string}"},"query-input":{"@type":"PropertyValueSpecification","valueRequired":true,"valueName":"search_term_string"}}],"inLanguage":"es"},{"@type":"Organization","@id":"https:\/\/srokacompany.com\/es\/#organization","name":"SROKACOMPANY","alternateName":"SROKA","url":"https:\/\/srokacompany.com\/es\/","logo":{"@type":"ImageObject","inLanguage":"es","@id":"https:\/\/srokacompany.com\/es\/#\/schema\/logo\/image\/","url":"https:\/\/srokacompany.com\/wp-content\/uploads\/2021\/01\/logo-sroka-black-transpa.png","contentUrl":"https:\/\/srokacompany.com\/wp-content\/uploads\/2021\/01\/logo-sroka-black-transpa.png","width":1201,"height":342,"caption":"SROKACOMPANY"},"image":{"@id":"https:\/\/srokacompany.com\/es\/#\/schema\/logo\/image\/"},"sameAs":["https:\/\/www.facebook.com\/srokawatersports\/","https:\/\/www.instagram.com\/srokawatersports\/","https:\/\/www.youtube.com\/channel\/UCVLHHeaPIm-J5bdEUgxqtZA"]}]}},"uagb_featured_image_src":{"full":["https:\/\/srokacompany.com\/wp-content\/uploads\/2023\/09\/mat-fuselage-16mm-fond-transparent_.png",2048,2730,false],"thumbnail":["https:\/\/srokacompany.com\/wp-content\/uploads\/2023\/09\/mat-fuselage-16mm-fond-transparent_-150x150.png",150,150,true],"medium":["https:\/\/srokacompany.com\/wp-content\/uploads\/2023\/09\/mat-fuselage-16mm-fond-transparent_-225x300.png",225,300,true],"medium_large":["https:\/\/srokacompany.com\/wp-content\/uploads\/2023\/09\/mat-fuselage-16mm-fond-transparent_-768x1024.png",768,1024,true],"large":["https:\/\/srokacompany.com\/wp-content\/uploads\/2023\/09\/mat-fuselage-16mm-fond-transparent_-768x1024.png",768,1024,true],"1536x1536":["https:\/\/srokacompany.com\/wp-content\/uploads\/2023\/09\/mat-fuselage-16mm-fond-transparent_-1152x1536.png",1152,1536,true],"2048x2048":["https:\/\/srokacompany.com\/wp-content\/uploads\/2023\/09\/mat-fuselage-16mm-fond-transparent_-1536x2048.png",1536,2048,true],"woocommerce_thumbnail":["https:\/\/srokacompany.com\/wp-content\/uploads\/2023\/09\/mat-fuselage-16mm-fond-transparent_-600x800.png",600,800,true],"woocommerce_single":["https:\/\/srokacompany.com\/wp-content\/uploads\/2023\/09\/mat-fuselage-16mm-fond-transparent_-600x800.png",600,800,true],"woocommerce_gallery_thumbnail":["https:\/\/srokacompany.com\/wp-content\/uploads\/2023\/09\/mat-fuselage-16mm-fond-transparent_-100x100.png",100,100,true],"dgwt-wcas-product-suggestion":["https:\/\/srokacompany.com\/wp-content\/uploads\/2023\/09\/mat-fuselage-16mm-fond-transparent_.png",64,85,false]},"uagb_author_info":{"display_name":"Emmanuel DIJOUX","author_link":"https:\/\/srokacompany.com\/es\/blog\/author\/"},"uagb_comment_info":0,"uagb_excerpt":"El m\u00e1stil decarbono HM 85 Wing foil Solo Sroka (16 mm) est\u00e1 dise\u00f1ado para riders exigentes y es la referencia para los que buscan la m\u00e1xima rigidez y planeo. Este bast\u00f3n decarbono Wing foil HM 85 ofrece una rigidez a la torsi\u00f3n excepcional gracias a su fibra de alto m\u00f3dulo, garantizando una transmisi\u00f3n directa de&hellip;","jetpack_sharing_enabled":true,"_links":{"self":[{"href":"https:\/\/srokacompany.com\/es\/wp-json\/wp\/v2\/product\/343938","targetHints":{"allow":["GET"]}}],"collection":[{"href":"https:\/\/srokacompany.com\/es\/wp-json\/wp\/v2\/product"}],"about":[{"href":"https:\/\/srokacompany.com\/es\/wp-json\/wp\/v2\/types\/product"}],"wp:featuredmedia":[{"embeddable":true,"href":"https:\/\/srokacompany.com\/es\/wp-json\/wp\/v2\/media\/343939"}],"wp:attachment":[{"href":"https:\/\/srokacompany.com\/es\/wp-json\/wp\/v2\/media?parent=343938"}],"wp:term":[{"taxonomy":"product_brand","embeddable":true,"href":"https:\/\/srokacompany.com\/es\/wp-json\/wp\/v2\/product_brand?post=343938"},{"taxonomy":"product_cat","embeddable":true,"href":"https:\/\/srokacompany.com\/es\/wp-json\/wp\/v2\/product_cat?post=343938"},{"taxonomy":"product_tag","embeddable":true,"href":"https:\/\/srokacompany.com\/es\/wp-json\/wp\/v2\/product_tag?post=343938"}],"curies":[{"name":"wp","href":"https:\/\/api.w.org\/{rel}","templated":true}]}}